{"id":4121,"date":"2020-01-17T15:53:16","date_gmt":"2020-01-17T15:53:16","guid":{"rendered":"https:\/\/akurats.com\/oborudovanie\/starpsiena\/"},"modified":"2021-10-12T14:14:47","modified_gmt":"2021-10-12T14:14:47","slug":"%d0%bf%d0%b5%d1%80%d0%b5%d0%b3%d0%be%d1%80%d0%be%d0%b4%d0%baa","status":"publish","type":"page","link":"https:\/\/akurats.com\/ru\/oborudovanie\/%d0%bf%d0%b5%d1%80%d0%b5%d0%b3%d0%be%d1%80%d0%be%d0%b4%d0%baa\/","title":{"rendered":"\u041f\u0435\u0440\u0435\u0433\u043e\u0440\u043e\u0434\u043aa"},"content":{"rendered":"<div id=\"pl-4121\"  class=\"panel-layout\" ><div id=\"pg-4121-0\"  class=\"panel-grid panel-no-style\" ><div id=\"pgc-4121-0-0\"  class=\"panel-grid-cell\" ><div id=\"panel-4121-0-0-0\" class=\"so-panel widget widget_black-studio-tinymce widget_black_studio_tinymce panel-first-child panel-last-child\" data-index=\"0\" ><div class=\"textwidget\"><p><a href=\"https:\/\/akurats.com\/wp-content\/uploads\/2020\/01\/starpsiena_akurats.jpg\"><img class=\"aligncenter size-thumbnail wp-image-4100\" src=\"https:\/\/akurats.com\/wp-content\/uploads\/2020\/01\/starpsiena_akurats-300x200.jpg\" alt=\"starpsiena_akurats\" width=\"300\" height=\"200\" \/><\/a><\/p>\n<\/div><\/div><\/div><div id=\"pgc-4121-0-1\"  class=\"panel-grid-cell\" ><div id=\"panel-4121-0-1-0\" class=\"so-panel widget widget_black-studio-tinymce widget_black_studio_tinymce panel-first-child panel-last-child\" data-index=\"1\" ><div class=\"textwidget\"><p><a href=\"https:\/\/akurats.com\/wp-content\/uploads\/2020\/01\/starpsiena.jpg\"><img class=\"aligncenter size-thumbnail wp-image-4109\" src=\"https:\/\/akurats.com\/wp-content\/uploads\/2020\/01\/starpsiena-300x200.jpg\" alt=\"starpsiena\" width=\"300\" height=\"200\" \/><\/a><\/p>\n<\/div><\/div><\/div><div id=\"pgc-4121-0-2\"  class=\"panel-grid-cell panel-grid-cell-empty panel-grid-cell-mobile-last\" ><\/div><div id=\"pgc-4121-0-3\"  class=\"panel-grid-cell panel-grid-cell-empty\" ><\/div><\/div><div id=\"pg-4121-1\"  class=\"panel-grid panel-no-style\" ><div id=\"pgc-4121-1-0\"  class=\"panel-grid-cell\" ><div id=\"panel-4121-1-0-0\" class=\"so-panel widget widget_sow-editor panel-first-child panel-last-child\" data-index=\"2\" ><div\n\t\t\t\n\t\t\tclass=\"so-widget-sow-editor so-widget-sow-editor-base\"\n\t\t\t\n\t\t>\n<div class=\"siteorigin-widget-tinymce textwidget\">\n\t<h3>Specifik\u0101cija:<\/h3>\n<ul>\n<li>1 posma platums no 1.55m l\u012bdz 2.45m<\/li>\n<li>1 posma augstums no 2.17m l\u012bdz 4m.<\/li>\n<\/ul>\n<p><strong>Pieejami 4 posmi.<\/strong><\/p>\n<p class=\"p1\"><span class=\"s1\"><a class=\"order-ru btn btn-primary\"><i class=\"fa fa-book pr-5\"><\/i>\u0417\u0410\u041f\u041e\u041b\u041d\u0418\u0422\u042c \u0417\u0410\u042f\u0412\u041a\u0423<\/a><\/span><\/p>\n<\/div>\n<\/div><\/div><\/div><\/div><\/div>","protected":false},"excerpt":{"rendered":"<p>Specifik\u0101cija: 1 posma platums no 1.55m l\u012bdz 2.45m 1 posma augstums no 2.17m l\u012bdz 4m. Pieejami 4 posmi. \u0417\u0410\u041f\u041e\u041b\u041d\u0418\u0422\u042c \u0417\u0410\u042f\u0412\u041a\u0423<\/p>\n","protected":false},"author":3,"featured_media":4104,"parent":2155,"menu_order":0,"comment_status":"closed","ping_status":"closed","template":"","meta":[],"acf":[],"yoast_head":"<!-- This site is optimized with the Yoast SEO plugin v19.9 - https:\/\/yoast.com\/wordpress\/plugins\/seo\/ -->\n<title>\u041f\u0435\u0440\u0435\u0433\u043e\u0440\u043e\u0434\u043a\u0438<\/title>\n<meta name=\"description\" content=\"nomai pieejamas 4 starpsienas platums no 1.55 m l\u012bdz 2.45 m platum\u0101 un no 2.17 m l\u012bdz 4 m augstum\u0101\" \/>\n<meta name=\"robots\" content=\"index, follow, max-snippet:-1, max-image-preview:large, max-video-preview:-1\" \/>\n<link rel=\"canonical\" href=\"https:\/\/akurats.com\/ru\/oborudovanie\/\u043f\u0435\u0440\u0435\u0433\u043e\u0440\u043e\u0434\u043aa\/\" \/>\n<script type=\"application\/ld+json\" class=\"yoast-schema-graph\">{\"@context\":\"https:\/\/schema.org\",\"@graph\":[{\"@type\":\"WebPage\",\"@id\":\"https:\/\/akurats.com\/ru\/oborudovanie\/%d0%bf%d0%b5%d1%80%d0%b5%d0%b3%d0%be%d1%80%d0%be%d0%b4%d0%baa\/\",\"url\":\"https:\/\/akurats.com\/ru\/oborudovanie\/%d0%bf%d0%b5%d1%80%d0%b5%d0%b3%d0%be%d1%80%d0%be%d0%b4%d0%baa\/\",\"name\":\"\u041f\u0435\u0440\u0435\u0433\u043e\u0440\u043e\u0434\u043a\u0438\",\"isPartOf\":{\"@id\":\"https:\/\/akurats.com\/en\/#website\"},\"datePublished\":\"2020-01-17T15:53:16+00:00\",\"dateModified\":\"2021-10-12T14:14:47+00:00\",\"description\":\"nomai pieejamas 4 starpsienas platums no 1.55 m l\u012bdz 2.45 m platum\u0101 un no 2.17 m l\u012bdz 4 m augstum\u0101\",\"breadcrumb\":{\"@id\":\"https:\/\/akurats.com\/ru\/oborudovanie\/%d0%bf%d0%b5%d1%80%d0%b5%d0%b3%d0%be%d1%80%d0%be%d0%b4%d0%baa\/#breadcrumb\"},\"inLanguage\":\"ru-RU\",\"potentialAction\":[{\"@type\":\"ReadAction\",\"target\":[\"https:\/\/akurats.com\/ru\/oborudovanie\/%d0%bf%d0%b5%d1%80%d0%b5%d0%b3%d0%be%d1%80%d0%be%d0%b4%d0%baa\/\"]}]},{\"@type\":\"BreadcrumbList\",\"@id\":\"https:\/\/akurats.com\/ru\/oborudovanie\/%d0%bf%d0%b5%d1%80%d0%b5%d0%b3%d0%be%d1%80%d0%be%d0%b4%d0%baa\/#breadcrumb\",\"itemListElement\":[{\"@type\":\"ListItem\",\"position\":1,\"name\":\"Home\",\"item\":\"https:\/\/akurats.com\/ru\/\"},{\"@type\":\"ListItem\",\"position\":2,\"name\":\"\u041e\u0431\u043e\u0440\u0443\u0434\u043e\u0432\u0430\u043d\u0438\u0435\",\"item\":\"https:\/\/akurats.com\/ru\/oborudovanie\/\"},{\"@type\":\"ListItem\",\"position\":3,\"name\":\"\u041f\u0435\u0440\u0435\u0433\u043e\u0440\u043e\u0434\u043aa\"}]},{\"@type\":\"WebSite\",\"@id\":\"https:\/\/akurats.com\/en\/#website\",\"url\":\"https:\/\/akurats.com\/en\/\",\"name\":\"Akur\u0101ts\",\"description\":\"\u0441\u0435\u0440\u0432\u0438\u0441 \u043e\u0431\u043e\u0440\u0443\u0434\u043e\u0432\u0430\u043d\u0438\u044f \u0434\u043b\u044f \u043c\u0435\u0440\u043e\u043f\u0440\u0438\u044f\u0442\u0438\u0439\",\"publisher\":{\"@id\":\"https:\/\/akurats.com\/en\/#organization\"},\"alternateName\":\"Event equipment service\",\"potentialAction\":[{\"@type\":\"SearchAction\",\"target\":{\"@type\":\"EntryPoint\",\"urlTemplate\":\"https:\/\/akurats.com\/en\/?s={search_term_string}\"},\"query-input\":\"required name=search_term_string\"}],\"inLanguage\":\"ru-RU\"},{\"@type\":\"Organization\",\"@id\":\"https:\/\/akurats.com\/en\/#organization\",\"name\":\"Akur\u0101ts\",\"alternateName\":\"Event equipment service\",\"url\":\"https:\/\/akurats.com\/en\/\",\"logo\":{\"@type\":\"ImageObject\",\"inLanguage\":\"ru-RU\",\"@id\":\"https:\/\/akurats.com\/en\/#\/schema\/logo\/image\/\",\"url\":\"https:\/\/akurats.com\/wp-content\/uploads\/2015\/06\/A_logo.png\",\"contentUrl\":\"https:\/\/akurats.com\/wp-content\/uploads\/2015\/06\/A_logo.png\",\"width\":77,\"height\":70,\"caption\":\"Akur\u0101ts\"},\"image\":{\"@id\":\"https:\/\/akurats.com\/en\/#\/schema\/logo\/image\/\"},\"sameAs\":[\"https:\/\/www.facebook.com\/AkuratsSIA\"]}]}<\/script>\n<!-- \/ Yoast SEO plugin. -->","yoast_head_json":{"title":"\u041f\u0435\u0440\u0435\u0433\u043e\u0440\u043e\u0434\u043a\u0438","description":"nomai pieejamas 4 starpsienas platums no 1.55 m l\u012bdz 2.45 m platum\u0101 un no 2.17 m l\u012bdz 4 m augstum\u0101","robots":{"index":"index","follow":"follow","max-snippet":"max-snippet:-1","max-image-preview":"max-image-preview:large","max-video-preview":"max-video-preview:-1"},"canonical":"https:\/\/akurats.com\/ru\/oborudovanie\/\u043f\u0435\u0440\u0435\u0433\u043e\u0440\u043e\u0434\u043aa\/","schema":{"@context":"https:\/\/schema.org","@graph":[{"@type":"WebPage","@id":"https:\/\/akurats.com\/ru\/oborudovanie\/%d0%bf%d0%b5%d1%80%d0%b5%d0%b3%d0%be%d1%80%d0%be%d0%b4%d0%baa\/","url":"https:\/\/akurats.com\/ru\/oborudovanie\/%d0%bf%d0%b5%d1%80%d0%b5%d0%b3%d0%be%d1%80%d0%be%d0%b4%d0%baa\/","name":"\u041f\u0435\u0440\u0435\u0433\u043e\u0440\u043e\u0434\u043a\u0438","isPartOf":{"@id":"https:\/\/akurats.com\/en\/#website"},"datePublished":"2020-01-17T15:53:16+00:00","dateModified":"2021-10-12T14:14:47+00:00","description":"nomai pieejamas 4 starpsienas platums no 1.55 m l\u012bdz 2.45 m platum\u0101 un no 2.17 m l\u012bdz 4 m augstum\u0101","breadcrumb":{"@id":"https:\/\/akurats.com\/ru\/oborudovanie\/%d0%bf%d0%b5%d1%80%d0%b5%d0%b3%d0%be%d1%80%d0%be%d0%b4%d0%baa\/#breadcrumb"},"inLanguage":"ru-RU","potentialAction":[{"@type":"ReadAction","target":["https:\/\/akurats.com\/ru\/oborudovanie\/%d0%bf%d0%b5%d1%80%d0%b5%d0%b3%d0%be%d1%80%d0%be%d0%b4%d0%baa\/"]}]},{"@type":"BreadcrumbList","@id":"https:\/\/akurats.com\/ru\/oborudovanie\/%d0%bf%d0%b5%d1%80%d0%b5%d0%b3%d0%be%d1%80%d0%be%d0%b4%d0%baa\/#breadcrumb","itemListElement":[{"@type":"ListItem","position":1,"name":"Home","item":"https:\/\/akurats.com\/ru\/"},{"@type":"ListItem","position":2,"name":"\u041e\u0431\u043e\u0440\u0443\u0434\u043e\u0432\u0430\u043d\u0438\u0435","item":"https:\/\/akurats.com\/ru\/oborudovanie\/"},{"@type":"ListItem","position":3,"name":"\u041f\u0435\u0440\u0435\u0433\u043e\u0440\u043e\u0434\u043aa"}]},{"@type":"WebSite","@id":"https:\/\/akurats.com\/en\/#website","url":"https:\/\/akurats.com\/en\/","name":"Akur\u0101ts","description":"\u0441\u0435\u0440\u0432\u0438\u0441 \u043e\u0431\u043e\u0440\u0443\u0434\u043e\u0432\u0430\u043d\u0438\u044f \u0434\u043b\u044f \u043c\u0435\u0440\u043e\u043f\u0440\u0438\u044f\u0442\u0438\u0439","publisher":{"@id":"https:\/\/akurats.com\/en\/#organization"},"alternateName":"Event equipment service","potentialAction":[{"@type":"SearchAction","target":{"@type":"EntryPoint","urlTemplate":"https:\/\/akurats.com\/en\/?s={search_term_string}"},"query-input":"required name=search_term_string"}],"inLanguage":"ru-RU"},{"@type":"Organization","@id":"https:\/\/akurats.com\/en\/#organization","name":"Akur\u0101ts","alternateName":"Event equipment service","url":"https:\/\/akurats.com\/en\/","logo":{"@type":"ImageObject","inLanguage":"ru-RU","@id":"https:\/\/akurats.com\/en\/#\/schema\/logo\/image\/","url":"https:\/\/akurats.com\/wp-content\/uploads\/2015\/06\/A_logo.png","contentUrl":"https:\/\/akurats.com\/wp-content\/uploads\/2015\/06\/A_logo.png","width":77,"height":70,"caption":"Akur\u0101ts"},"image":{"@id":"https:\/\/akurats.com\/en\/#\/schema\/logo\/image\/"},"sameAs":["https:\/\/www.facebook.com\/AkuratsSIA"]}]}},"_links":{"self":[{"href":"https:\/\/akurats.com\/ru\/wp-json\/wp\/v2\/pages\/4121"}],"collection":[{"href":"https:\/\/akurats.com\/ru\/wp-json\/wp\/v2\/pages"}],"about":[{"href":"https:\/\/akurats.com\/ru\/wp-json\/wp\/v2\/types\/page"}],"author":[{"embeddable":true,"href":"https:\/\/akurats.com\/ru\/wp-json\/wp\/v2\/users\/3"}],"replies":[{"embeddable":true,"href":"https:\/\/akurats.com\/ru\/wp-json\/wp\/v2\/comments?post=4121"}],"version-history":[{"count":3,"href":"https:\/\/akurats.com\/ru\/wp-json\/wp\/v2\/pages\/4121\/revisions"}],"predecessor-version":[{"id":4392,"href":"https:\/\/akurats.com\/ru\/wp-json\/wp\/v2\/pages\/4121\/revisions\/4392"}],"up":[{"embeddable":true,"href":"https:\/\/akurats.com\/ru\/wp-json\/wp\/v2\/pages\/2155"}],"wp:featuredmedia":[{"embeddable":true,"href":"https:\/\/akurats.com\/ru\/wp-json\/wp\/v2\/media\/4104"}],"wp:attachment":[{"href":"https:\/\/akurats.com\/ru\/wp-json\/wp\/v2\/media?parent=4121"}],"curies":[{"name":"wp","href":"https:\/\/api.w.org\/{rel}","templated":true}]}}