{"id":4019,"date":"2020-01-17T13:17:50","date_gmt":"2020-01-17T13:17:50","guid":{"rendered":"https:\/\/akurats.com\/oborudovanie\/led-gaismas-bumbas\/"},"modified":"2021-10-12T14:10:40","modified_gmt":"2021-10-12T14:10:40","slug":"led-%d1%88%d0%b0%d1%80%d1%8b","status":"publish","type":"page","link":"https:\/\/akurats.com\/ru\/oborudovanie\/led-%d1%88%d0%b0%d1%80%d1%8b\/","title":{"rendered":"LED \u0448\u0430\u0440\u044b"},"content":{"rendered":"<div id=\"pl-4019\"  class=\"panel-layout\" ><div id=\"pg-4019-0\"  class=\"panel-grid panel-no-style\" ><div id=\"pgc-4019-0-0\"  class=\"panel-grid-cell\" ><div id=\"panel-4019-0-0-0\" class=\"so-panel widget widget_black-studio-tinymce widget_black_studio_tinymce panel-first-child\" data-index=\"0\" ><div class=\"textwidget\"><p><a href=\"https:\/\/akurats.com\/wp-content\/uploads\/2020\/01\/Led_bumbas.png\"><img class=\"aligncenter size-full wp-image-4003\" src=\"https:\/\/akurats.com\/wp-content\/uploads\/2020\/01\/Led_bumbas.png\" alt=\"led gaismas bumbas\" width=\"1129\" height=\"217\" \/><\/a><\/p>\n<\/div><\/div><div id=\"panel-4019-0-0-1\" class=\"so-panel widget widget_sow-editor panel-last-child\" data-index=\"1\" ><div\n\t\t\t\n\t\t\tclass=\"so-widget-sow-editor so-widget-sow-editor-base\"\n\t\t\t\n\t\t>\n<div class=\"siteorigin-widget-tinymce textwidget\">\n\t<p>Pied\u0101v\u0101jam\u00a0\u00a0iznom\u0101t LED gaismas bumbas 20 cm un 40 cm diametr\u0101, kas lieliski noder k\u0101 papildus gaismas risin\u0101jums, organiz\u0113jot un noform\u0113jot pas\u0101kumus vasaras nakt\u012bs,\u00a0bet jo \u012bpa\u0161i, iest\u0101joties\u00a0gada tum\u0161\u0101kajam periodam.<\/p>\n<p>LED gaismas bumbas pal\u012bdz\u0113s rad\u012bt \u012bpa\u0161u atmosf\u0113ru un noska\u0146u jebkuram pas\u0101kumam - vai tas notiktu smalk\u0101 viesn\u012bcas vestibil\u0101, pamest\u0101 fabrikas \u0113k\u0101 vai \u0101ra vid\u0113.<\/p>\n<p>LED gaismas bumbas b\u016bs or\u0123in\u0101ls gaismas risin\u0101jums pas\u0101kuma norises viet\u0101 \u012bpa\u0161i d\u0113\u013c\u00a016 kr\u0101su to\u0146iem, ko iesp\u0113jams piem\u0113rot tie\u0161i\u00a0konkr\u0113t\u0101 pas\u0101kuma tematikai un noska\u0146ai.\u00a0Maigas, bl\u0101vas kr\u0101su parejas rad\u012bs nomierino\u0161u atmosf\u0113ru, savuk\u0101rt izv\u0113loties intens\u012bv\u0101ku un dinamisk\u0101ku apgaismes re\u017e\u012bma funkciju ball\u012btes noska\u0146a b\u016bs garant\u0113ta!<\/p>\n<h3><strong>LED gaismas bumbu specifik\u0101cija: <\/strong><\/h3>\n<ul>\n<li>Bezvadu<\/li>\n<li>P\u0113c uzl\u0101des darbojas 8-9 stundas<\/li>\n<li>16 kr\u0101su mai\u0146as funkcijas<\/li>\n<li>Vienas nemain\u012bgas kr\u0101sas izv\u0113le<\/li>\n<li>LED bumbu diametri 20cm un 40cm<\/li>\n<\/ul>\n<p style=\"text-align: center;\"><a class=\"order-ru btn btn-primary\"><i class=\"fa fa-book pr-5\"><\/i>\u0417\u0410\u041f\u041e\u041b\u041d\u0418\u0422\u042c \u0417\u0410\u042f\u0412\u041a\u0423<\/a><\/p>\n<\/div>\n<\/div><\/div><\/div><\/div><div id=\"pg-4019-1\"  class=\"panel-grid panel-no-style\" ><div id=\"pgc-4019-1-0\"  class=\"panel-grid-cell\" ><div id=\"panel-4019-1-0-0\" class=\"so-panel widget widget_black-studio-tinymce widget_black_studio_tinymce panel-first-child panel-last-child\" data-index=\"2\" ><div class=\"textwidget\"><p><a href=\"https:\/\/akurats.com\/wp-content\/uploads\/2020\/01\/led_bara_lete_1.jpg\"><img src=\"https:\/\/akurats.com\/wp-content\/uploads\/2020\/01\/led_bara_lete_1.jpg\" alt=\"led b\u0101ra letes noma\" width=\"2016\" height=\"1512\" class=\"aligncenter size-full wp-image-3916\" \/><\/a><\/p>\n<\/div><\/div><\/div><div id=\"pgc-4019-1-1\"  class=\"panel-grid-cell\" ><div id=\"panel-4019-1-1-0\" class=\"so-panel widget widget_black-studio-tinymce widget_black_studio_tinymce panel-first-child panel-last-child\" data-index=\"3\" ><div class=\"textwidget\"><p><a href=\"https:\/\/akurats.com\/wp-content\/uploads\/2020\/01\/led_bara_lete_sarkana.jpg\"><img src=\"https:\/\/akurats.com\/wp-content\/uploads\/2020\/01\/led_bara_lete_sarkana.jpg\" alt=\"led_bara_lete_sarkana\" width=\"2016\" height=\"1512\" class=\"aligncenter size-full wp-image-3931\" \/><\/a><\/p>\n<\/div><\/div><\/div><div id=\"pgc-4019-1-2\"  class=\"panel-grid-cell\" ><div id=\"panel-4019-1-2-0\" class=\"so-panel widget widget_black-studio-tinymce widget_black_studio_tinymce panel-first-child panel-last-child\" data-index=\"4\" ><div class=\"textwidget\"><p><a href=\"https:\/\/akurats.com\/wp-content\/uploads\/2020\/01\/led_bara_lete_akurats.jpg\"><img class=\"aligncenter size-full wp-image-3921\" src=\"https:\/\/akurats.com\/wp-content\/uploads\/2020\/01\/led_bara_lete_akurats.jpg\" alt=\"led_bara_lete_akurats\" width=\"2016\" height=\"1512\" \/><\/a><\/p>\n<\/div><\/div><\/div><div id=\"pgc-4019-1-3\"  class=\"panel-grid-cell\" ><div id=\"panel-4019-1-3-0\" class=\"so-panel widget widget_black-studio-tinymce widget_black_studio_tinymce panel-first-child panel-last-child\" data-index=\"5\" ><div class=\"textwidget\"><p><a href=\"https:\/\/akurats.com\/wp-content\/uploads\/2020\/01\/led_bara_lete_zalja_noma.jpg\"><img src=\"https:\/\/akurats.com\/wp-content\/uploads\/2020\/01\/led_bara_lete_zalja_noma.jpg\" alt=\"led_bara_lete_zalja_noma\" width=\"2016\" height=\"1512\" class=\"aligncenter size-full wp-image-3936\" \/><\/a><\/p>\n<\/div><\/div><\/div><\/div><\/div>","protected":false},"excerpt":{"rendered":"<p>Pied\u0101v\u0101jam\u00a0\u00a0iznom\u0101t LED gaismas bumbas 20 cm un 40 cm diametr\u0101, kas lieliski noder k\u0101 papildus gaismas risin\u0101jums, organiz\u0113jot un noform\u0113jot pas\u0101kumus vasaras nakt\u012bs,\u00a0bet jo \u012bpa\u0161i, iest\u0101joties\u00a0gada tum\u0161\u0101kajam periodam. LED gaismas bumbas pal\u012bdz\u0113s rad\u012bt \u012bpa\u0161u atmosf\u0113ru un noska\u0146u jebkuram pas\u0101kumam &#8212; vai tas notiktu smalk\u0101 viesn\u012bcas vestibil\u0101, pamest\u0101 fabrikas \u0113k\u0101 vai \u0101ra vid\u0113. LED gaismas bumbas &hellip;<\/p>\n","protected":false},"author":3,"featured_media":3996,"parent":2155,"menu_order":0,"comment_status":"closed","ping_status":"closed","template":"","meta":[],"acf":[],"yoast_head":"<!-- This site is optimized with the Yoast SEO plugin v19.9 - https:\/\/yoast.com\/wordpress\/plugins\/seo\/ -->\n<title>LED \u0448\u0430\u0440\u044b \u0434\u0438\u0430\u043c\u0435\u0442\u0440\u043e\u043c 20 \u0438 40 \u0441\u043c<\/title>\n<meta name=\"description\" content=\"\u0421\u0432\u0435\u0442\u043e\u0434\u0438\u043e\u0434\u043d\u044b\u0435 \u0448\u0430\u0440\u0438\u043a\u0438 \u0434\u0438\u0430\u043c\u0435\u0442\u0440\u043e\u043c 20 \u0438 40 \u0441\u043c \u0434\u043b\u044f \u0441\u043e\u0437\u0434\u0430\u043d\u0438\u044f \u043e\u0441\u043e\u0431\u043e\u0433\u043e \u043d\u0430\u0441\u0442\u0440\u043e\u0435\u043d\u0438\u044f \u043d\u0430 \u043c\u0435\u0440\u043e\u043f\u0440\u0438\u044f\u0442\u0438\u044f\u0445. \u0424\u0430\u0440\u044b \u043c\u043e\u0436\u043d\u043e \u043e\u0442\u0440\u0435\u0433\u0443\u043b\u0438\u0440\u043e\u0432\u0430\u0442\u044c \u0432 16 \u0446\u0432\u0435\u0442\u0430\u0445.\" \/>\n<meta name=\"robots\" content=\"index, follow, max-snippet:-1, max-image-preview:large, max-video-preview:-1\" \/>\n<link rel=\"canonical\" href=\"https:\/\/akurats.com\/ru\/oborudovanie\/led-\u0448\u0430\u0440\u044b\/\" \/>\n<meta name=\"twitter:label1\" content=\"\u041f\u0440\u0438\u043c\u0435\u0440\u043d\u043e\u0435 \u0432\u0440\u0435\u043c\u044f \u0434\u043b\u044f \u0447\u0442\u0435\u043d\u0438\u044f\" \/>\n\t<meta name=\"twitter:data1\" content=\"1 \u043c\u0438\u043d\u0443\u0442\u0430\" \/>\n<script type=\"application\/ld+json\" class=\"yoast-schema-graph\">{\"@context\":\"https:\/\/schema.org\",\"@graph\":[{\"@type\":\"WebPage\",\"@id\":\"https:\/\/akurats.com\/ru\/oborudovanie\/led-%d1%88%d0%b0%d1%80%d1%8b\/\",\"url\":\"https:\/\/akurats.com\/ru\/oborudovanie\/led-%d1%88%d0%b0%d1%80%d1%8b\/\",\"name\":\"LED \u0448\u0430\u0440\u044b \u0434\u0438\u0430\u043c\u0435\u0442\u0440\u043e\u043c 20 \u0438 40 \u0441\u043c\",\"isPartOf\":{\"@id\":\"https:\/\/akurats.com\/en\/#website\"},\"datePublished\":\"2020-01-17T13:17:50+00:00\",\"dateModified\":\"2021-10-12T14:10:40+00:00\",\"description\":\"\u0421\u0432\u0435\u0442\u043e\u0434\u0438\u043e\u0434\u043d\u044b\u0435 \u0448\u0430\u0440\u0438\u043a\u0438 \u0434\u0438\u0430\u043c\u0435\u0442\u0440\u043e\u043c 20 \u0438 40 \u0441\u043c \u0434\u043b\u044f \u0441\u043e\u0437\u0434\u0430\u043d\u0438\u044f \u043e\u0441\u043e\u0431\u043e\u0433\u043e \u043d\u0430\u0441\u0442\u0440\u043e\u0435\u043d\u0438\u044f \u043d\u0430 \u043c\u0435\u0440\u043e\u043f\u0440\u0438\u044f\u0442\u0438\u044f\u0445. \u0424\u0430\u0440\u044b \u043c\u043e\u0436\u043d\u043e \u043e\u0442\u0440\u0435\u0433\u0443\u043b\u0438\u0440\u043e\u0432\u0430\u0442\u044c \u0432 16 \u0446\u0432\u0435\u0442\u0430\u0445.\",\"breadcrumb\":{\"@id\":\"https:\/\/akurats.com\/ru\/oborudovanie\/led-%d1%88%d0%b0%d1%80%d1%8b\/#breadcrumb\"},\"inLanguage\":\"ru-RU\",\"potentialAction\":[{\"@type\":\"ReadAction\",\"target\":[\"https:\/\/akurats.com\/ru\/oborudovanie\/led-%d1%88%d0%b0%d1%80%d1%8b\/\"]}]},{\"@type\":\"BreadcrumbList\",\"@id\":\"https:\/\/akurats.com\/ru\/oborudovanie\/led-%d1%88%d0%b0%d1%80%d1%8b\/#breadcrumb\",\"itemListElement\":[{\"@type\":\"ListItem\",\"position\":1,\"name\":\"Home\",\"item\":\"https:\/\/akurats.com\/ru\/\"},{\"@type\":\"ListItem\",\"position\":2,\"name\":\"\u041e\u0431\u043e\u0440\u0443\u0434\u043e\u0432\u0430\u043d\u0438\u0435\",\"item\":\"https:\/\/akurats.com\/ru\/oborudovanie\/\"},{\"@type\":\"ListItem\",\"position\":3,\"name\":\"LED \u0448\u0430\u0440\u044b\"}]},{\"@type\":\"WebSite\",\"@id\":\"https:\/\/akurats.com\/en\/#website\",\"url\":\"https:\/\/akurats.com\/en\/\",\"name\":\"Akur\u0101ts\",\"description\":\"\u0441\u0435\u0440\u0432\u0438\u0441 \u043e\u0431\u043e\u0440\u0443\u0434\u043e\u0432\u0430\u043d\u0438\u044f \u0434\u043b\u044f \u043c\u0435\u0440\u043e\u043f\u0440\u0438\u044f\u0442\u0438\u0439\",\"publisher\":{\"@id\":\"https:\/\/akurats.com\/en\/#organization\"},\"alternateName\":\"Event equipment service\",\"potentialAction\":[{\"@type\":\"SearchAction\",\"target\":{\"@type\":\"EntryPoint\",\"urlTemplate\":\"https:\/\/akurats.com\/en\/?s={search_term_string}\"},\"query-input\":\"required name=search_term_string\"}],\"inLanguage\":\"ru-RU\"},{\"@type\":\"Organization\",\"@id\":\"https:\/\/akurats.com\/en\/#organization\",\"name\":\"Akur\u0101ts\",\"alternateName\":\"Event equipment service\",\"url\":\"https:\/\/akurats.com\/en\/\",\"logo\":{\"@type\":\"ImageObject\",\"inLanguage\":\"ru-RU\",\"@id\":\"https:\/\/akurats.com\/en\/#\/schema\/logo\/image\/\",\"url\":\"https:\/\/akurats.com\/wp-content\/uploads\/2015\/06\/A_logo.png\",\"contentUrl\":\"https:\/\/akurats.com\/wp-content\/uploads\/2015\/06\/A_logo.png\",\"width\":77,\"height\":70,\"caption\":\"Akur\u0101ts\"},\"image\":{\"@id\":\"https:\/\/akurats.com\/en\/#\/schema\/logo\/image\/\"},\"sameAs\":[\"https:\/\/www.facebook.com\/AkuratsSIA\"]}]}<\/script>\n<!-- \/ Yoast SEO plugin. -->","yoast_head_json":{"title":"LED \u0448\u0430\u0440\u044b \u0434\u0438\u0430\u043c\u0435\u0442\u0440\u043e\u043c 20 \u0438 40 \u0441\u043c","description":"\u0421\u0432\u0435\u0442\u043e\u0434\u0438\u043e\u0434\u043d\u044b\u0435 \u0448\u0430\u0440\u0438\u043a\u0438 \u0434\u0438\u0430\u043c\u0435\u0442\u0440\u043e\u043c 20 \u0438 40 \u0441\u043c \u0434\u043b\u044f \u0441\u043e\u0437\u0434\u0430\u043d\u0438\u044f \u043e\u0441\u043e\u0431\u043e\u0433\u043e \u043d\u0430\u0441\u0442\u0440\u043e\u0435\u043d\u0438\u044f \u043d\u0430 \u043c\u0435\u0440\u043e\u043f\u0440\u0438\u044f\u0442\u0438\u044f\u0445. \u0424\u0430\u0440\u044b \u043c\u043e\u0436\u043d\u043e \u043e\u0442\u0440\u0435\u0433\u0443\u043b\u0438\u0440\u043e\u0432\u0430\u0442\u044c \u0432 16 \u0446\u0432\u0435\u0442\u0430\u0445.","robots":{"index":"index","follow":"follow","max-snippet":"max-snippet:-1","max-image-preview":"max-image-preview:large","max-video-preview":"max-video-preview:-1"},"canonical":"https:\/\/akurats.com\/ru\/oborudovanie\/led-\u0448\u0430\u0440\u044b\/","twitter_misc":{"\u041f\u0440\u0438\u043c\u0435\u0440\u043d\u043e\u0435 \u0432\u0440\u0435\u043c\u044f \u0434\u043b\u044f \u0447\u0442\u0435\u043d\u0438\u044f":"1 \u043c\u0438\u043d\u0443\u0442\u0430"},"schema":{"@context":"https:\/\/schema.org","@graph":[{"@type":"WebPage","@id":"https:\/\/akurats.com\/ru\/oborudovanie\/led-%d1%88%d0%b0%d1%80%d1%8b\/","url":"https:\/\/akurats.com\/ru\/oborudovanie\/led-%d1%88%d0%b0%d1%80%d1%8b\/","name":"LED \u0448\u0430\u0440\u044b \u0434\u0438\u0430\u043c\u0435\u0442\u0440\u043e\u043c 20 \u0438 40 \u0441\u043c","isPartOf":{"@id":"https:\/\/akurats.com\/en\/#website"},"datePublished":"2020-01-17T13:17:50+00:00","dateModified":"2021-10-12T14:10:40+00:00","description":"\u0421\u0432\u0435\u0442\u043e\u0434\u0438\u043e\u0434\u043d\u044b\u0435 \u0448\u0430\u0440\u0438\u043a\u0438 \u0434\u0438\u0430\u043c\u0435\u0442\u0440\u043e\u043c 20 \u0438 40 \u0441\u043c \u0434\u043b\u044f \u0441\u043e\u0437\u0434\u0430\u043d\u0438\u044f \u043e\u0441\u043e\u0431\u043e\u0433\u043e \u043d\u0430\u0441\u0442\u0440\u043e\u0435\u043d\u0438\u044f \u043d\u0430 \u043c\u0435\u0440\u043e\u043f\u0440\u0438\u044f\u0442\u0438\u044f\u0445. \u0424\u0430\u0440\u044b \u043c\u043e\u0436\u043d\u043e \u043e\u0442\u0440\u0435\u0433\u0443\u043b\u0438\u0440\u043e\u0432\u0430\u0442\u044c \u0432 16 \u0446\u0432\u0435\u0442\u0430\u0445.","breadcrumb":{"@id":"https:\/\/akurats.com\/ru\/oborudovanie\/led-%d1%88%d0%b0%d1%80%d1%8b\/#breadcrumb"},"inLanguage":"ru-RU","potentialAction":[{"@type":"ReadAction","target":["https:\/\/akurats.com\/ru\/oborudovanie\/led-%d1%88%d0%b0%d1%80%d1%8b\/"]}]},{"@type":"BreadcrumbList","@id":"https:\/\/akurats.com\/ru\/oborudovanie\/led-%d1%88%d0%b0%d1%80%d1%8b\/#breadcrumb","itemListElement":[{"@type":"ListItem","position":1,"name":"Home","item":"https:\/\/akurats.com\/ru\/"},{"@type":"ListItem","position":2,"name":"\u041e\u0431\u043e\u0440\u0443\u0434\u043e\u0432\u0430\u043d\u0438\u0435","item":"https:\/\/akurats.com\/ru\/oborudovanie\/"},{"@type":"ListItem","position":3,"name":"LED \u0448\u0430\u0440\u044b"}]},{"@type":"WebSite","@id":"https:\/\/akurats.com\/en\/#website","url":"https:\/\/akurats.com\/en\/","name":"Akur\u0101ts","description":"\u0441\u0435\u0440\u0432\u0438\u0441 \u043e\u0431\u043e\u0440\u0443\u0434\u043e\u0432\u0430\u043d\u0438\u044f \u0434\u043b\u044f \u043c\u0435\u0440\u043e\u043f\u0440\u0438\u044f\u0442\u0438\u0439","publisher":{"@id":"https:\/\/akurats.com\/en\/#organization"},"alternateName":"Event equipment service","potentialAction":[{"@type":"SearchAction","target":{"@type":"EntryPoint","urlTemplate":"https:\/\/akurats.com\/en\/?s={search_term_string}"},"query-input":"required name=search_term_string"}],"inLanguage":"ru-RU"},{"@type":"Organization","@id":"https:\/\/akurats.com\/en\/#organization","name":"Akur\u0101ts","alternateName":"Event equipment service","url":"https:\/\/akurats.com\/en\/","logo":{"@type":"ImageObject","inLanguage":"ru-RU","@id":"https:\/\/akurats.com\/en\/#\/schema\/logo\/image\/","url":"https:\/\/akurats.com\/wp-content\/uploads\/2015\/06\/A_logo.png","contentUrl":"https:\/\/akurats.com\/wp-content\/uploads\/2015\/06\/A_logo.png","width":77,"height":70,"caption":"Akur\u0101ts"},"image":{"@id":"https:\/\/akurats.com\/en\/#\/schema\/logo\/image\/"},"sameAs":["https:\/\/www.facebook.com\/AkuratsSIA"]}]}},"_links":{"self":[{"href":"https:\/\/akurats.com\/ru\/wp-json\/wp\/v2\/pages\/4019"}],"collection":[{"href":"https:\/\/akurats.com\/ru\/wp-json\/wp\/v2\/pages"}],"about":[{"href":"https:\/\/akurats.com\/ru\/wp-json\/wp\/v2\/types\/page"}],"author":[{"embeddable":true,"href":"https:\/\/akurats.com\/ru\/wp-json\/wp\/v2\/users\/3"}],"replies":[{"embeddable":true,"href":"https:\/\/akurats.com\/ru\/wp-json\/wp\/v2\/comments?post=4019"}],"version-history":[{"count":3,"href":"https:\/\/akurats.com\/ru\/wp-json\/wp\/v2\/pages\/4019\/revisions"}],"predecessor-version":[{"id":4379,"href":"https:\/\/akurats.com\/ru\/wp-json\/wp\/v2\/pages\/4019\/revisions\/4379"}],"up":[{"embeddable":true,"href":"https:\/\/akurats.com\/ru\/wp-json\/wp\/v2\/pages\/2155"}],"wp:featuredmedia":[{"embeddable":true,"href":"https:\/\/akurats.com\/ru\/wp-json\/wp\/v2\/media\/3996"}],"wp:attachment":[{"href":"https:\/\/akurats.com\/ru\/wp-json\/wp\/v2\/media?parent=4019"}],"curies":[{"name":"wp","href":"https:\/\/api.w.org\/{rel}","templated":true}]}}