{"id":3962,"date":"2020-01-17T11:50:25","date_gmt":"2020-01-17T11:50:25","guid":{"rendered":"https:\/\/akurats.com\/?page_id=3962\/"},"modified":"2025-05-29T21:20:58","modified_gmt":"2025-05-29T21:20:58","slug":"barnaya-stojka-2","status":"publish","type":"page","link":"https:\/\/akurats.com\/ru\/oborudovanie\/barnaya-stojka-2\/","title":{"rendered":"LED \u0411\u0430\u0440\u043d\u0430\u044f \u0441\u0442\u043e\u0439\u043a\u0430"},"content":{"rendered":"<div id=\"pl-3962\"  class=\"panel-layout\" ><div id=\"pg-3962-0\"  class=\"panel-grid panel-no-style\" ><div id=\"pgc-3962-0-0\"  class=\"panel-grid-cell\" ><div id=\"panel-3962-0-0-0\" class=\"so-panel widget widget_black-studio-tinymce widget_black_studio_tinymce panel-first-child panel-last-child\" data-index=\"0\" ><div class=\"textwidget\"><p><a href=\"https:\/\/akurats.com\/wp-content\/uploads\/2020\/01\/led_bara_lete_1.jpg\"><img src=\"https:\/\/akurats.com\/wp-content\/uploads\/2020\/01\/led_bara_lete_1-300x200.jpg\" alt=\"led_bara_lete_1\" width=\"300\" height=\"200\" class=\"aligncenter size-thumbnail wp-image-3920\" \/><\/a><\/p>\n<\/div><\/div><\/div><div id=\"pgc-3962-0-1\"  class=\"panel-grid-cell\" ><div id=\"panel-3962-0-1-0\" class=\"so-panel widget widget_black-studio-tinymce widget_black_studio_tinymce panel-first-child panel-last-child\" data-index=\"1\" ><div class=\"textwidget\"><p><a href=\"https:\/\/akurats.com\/wp-content\/uploads\/2020\/01\/led_bara_lete_akurats.jpg\"><img class=\"aligncenter size-thumbnail wp-image-3925\" src=\"https:\/\/akurats.com\/wp-content\/uploads\/2020\/01\/led_bara_lete_akurats-300x200.jpg\" alt=\"led_bara_lete_akurats\" width=\"300\" height=\"200\" \/><\/a><\/p>\n<\/div><\/div><\/div><div id=\"pgc-3962-0-2\"  class=\"panel-grid-cell\" ><div id=\"panel-3962-0-2-0\" class=\"so-panel widget widget_black-studio-tinymce widget_black_studio_tinymce panel-first-child panel-last-child\" data-index=\"2\" ><div class=\"textwidget\"><p><a href=\"https:\/\/akurats.com\/wp-content\/uploads\/2020\/01\/led_bara_lete_sarkana.jpg\"><img class=\"aligncenter size-thumbnail wp-image-3935\" src=\"https:\/\/akurats.com\/wp-content\/uploads\/2020\/01\/led_bara_lete_sarkana-300x200.jpg\" alt=\"led_bara_lete_sarkana\" width=\"300\" height=\"200\" \/><\/a><\/p>\n<\/div><\/div><\/div><div id=\"pgc-3962-0-3\"  class=\"panel-grid-cell\" ><div id=\"panel-3962-0-3-0\" class=\"so-panel widget widget_black-studio-tinymce widget_black_studio_tinymce panel-first-child panel-last-child\" data-index=\"3\" ><div class=\"textwidget\"><p><a href=\"https:\/\/akurats.com\/wp-content\/uploads\/2020\/01\/led_bara_lete_zalja_noma.jpg\"><img class=\"aligncenter size-thumbnail wp-image-3940\" src=\"https:\/\/akurats.com\/wp-content\/uploads\/2020\/01\/led_bara_lete_zalja_noma-300x200.jpg\" alt=\"led_bara_lete_zalja_noma\" width=\"300\" height=\"200\" \/><\/a><\/p>\n<\/div><\/div><\/div><\/div><div id=\"pg-3962-1\"  class=\"panel-grid panel-no-style\" ><div id=\"pgc-3962-1-0\"  class=\"panel-grid-cell\" ><div id=\"panel-3962-1-0-0\" class=\"so-panel widget widget_black-studio-tinymce widget_black_studio_tinymce panel-first-child panel-last-child\" data-index=\"4\" ><div class=\"textwidget\"><p><a href=\"https:\/\/akurats.com\/wp-content\/uploads\/2020\/01\/led_gaismas_bumbas_noma.jpg\"><img src=\"https:\/\/akurats.com\/wp-content\/uploads\/2020\/01\/led_gaismas_bumbas_noma-300x200.jpg\" alt=\"led_gaismas_bumbas_noma\" width=\"300\" height=\"200\" class=\"aligncenter size-thumbnail wp-image-3950\" \/><\/a><\/p>\n<\/div><\/div><\/div><div id=\"pgc-3962-1-1\"  class=\"panel-grid-cell\" ><div id=\"panel-3962-1-1-0\" class=\"so-panel widget widget_black-studio-tinymce widget_black_studio_tinymce panel-first-child panel-last-child\" data-index=\"5\" ><div class=\"textwidget\"><p><a href=\"https:\/\/akurats.com\/wp-content\/uploads\/2020\/01\/led_bara_lete.jpg\"><img src=\"https:\/\/akurats.com\/wp-content\/uploads\/2020\/01\/led_bara_lete-300x200.jpg\" alt=\"led_bara_lete\" width=\"300\" height=\"200\" class=\"aligncenter size-thumbnail wp-image-3945\" \/><\/a><\/p>\n<\/div><\/div><\/div><div id=\"pgc-3962-1-2\"  class=\"panel-grid-cell panel-grid-cell-mobile-last\" ><div id=\"panel-3962-1-2-0\" class=\"so-panel widget widget_black-studio-tinymce widget_black_studio_tinymce panel-first-child panel-last-child\" data-index=\"6\" ><div class=\"textwidget\"><p><a href=\"https:\/\/akurats.com\/wp-content\/uploads\/2020\/01\/led_bara_lete_noma_akurats.jpg\"><img class=\"aligncenter size-thumbnail wp-image-3930\" src=\"https:\/\/akurats.com\/wp-content\/uploads\/2020\/01\/led_bara_lete_noma_akurats-300x200.jpg\" alt=\"led_bara_lete_noma_akurats\" width=\"300\" height=\"200\" \/><\/a><\/p>\n<\/div><\/div><\/div><div id=\"pgc-3962-1-3\"  class=\"panel-grid-cell panel-grid-cell-empty\" ><\/div><\/div><div id=\"pg-3962-2\"  class=\"panel-grid panel-no-style\" ><div id=\"pgc-3962-2-0\"  class=\"panel-grid-cell\" ><div id=\"panel-3962-2-0-0\" class=\"so-panel widget widget_sow-editor panel-first-child panel-last-child\" data-index=\"7\" ><div\n\t\t\t\n\t\t\tclass=\"so-widget-sow-editor so-widget-sow-editor-base\"\n\t\t\t\n\t\t>\n<div class=\"siteorigin-widget-tinymce textwidget\">\n\t<p>Nodro\u0161iniet pas\u0101kuma norises vietu ar ori\u0123in\u0101lu un m\u016bsdien\u012bgu gaismas risin\u0101jumu.<br \/>\nLED b\u0101ra lete ar 16 kr\u0101su to\u0146iem\u00a0piem\u0113rojama tie\u0161i j\u016bsu pas\u0101kuma specifikai - izv\u0113lieties maigu, bl\u0101vu da\u017e\u0101du kr\u0101su p\u0101reju, lai rad\u012btu nomierino\u0161u atmosf\u0113ru vai zib\u0161\u0146u funkciju ball\u012btes re\u017e\u012bmam!<\/p>\n<p>Kad s\u0101kas gada\u00a0tum\u0161ais laiks, pas\u0101kumiem bie\u017ei vien nepiecie\u0161ami da\u017e\u0101di papildus gaismas risin\u0101jumi, \u012bpa\u0161i, ja tiek organiz\u0113ti k\u0101di sv\u0113tki vai liel\u0101ki pas\u0101kumi.<\/p>\n<p>Uz\u0146\u0113mums \"Akur\u0101ts\" pied\u0101v\u0101 iznom\u0101t led b\u0101ras letes <strong>pamata modu\u013cus<\/strong> un <strong>st\u016bra modu\u013cus:<\/strong><br \/>\n- pamata modu\u013ca izm\u0113rs 0.9m x 0.75m x H 1.1m;<br \/>\n- st\u016bra modu\u013ca izm\u0113rs 0.8m x 0.8m x H 1.1m.<\/p>\n<p>Daudzfunkcion\u0101l\u0101 un m\u016bsdien\u012bg\u0101 b\u0101ra lete pal\u012bdz\u0113s rad\u012bt \u012bpa\u0161u atmosf\u0113ru un noska\u0146u jebkuram pas\u0101kumam, neatkar\u012bgi vai tas notiek smalk\u0101 viesn\u012bcas vestibil\u0101, pamest\u0101 fabrikas \u0113k\u0101 vai \u0101ra vid\u0113.<\/p>\n<p>B\u0101ra letes noma ir lielisks risin\u0101jums, ja invent\u0101rs nepiecie\u0161ams tikai uz \u012bpa\u0161a pas\u0101kuma laiku.<br \/>\nIzv\u0113lieties pamata moduli ar st\u016bra moduli vai divus pamata modu\u013cus vienu otram blakus.<\/p>\n<p>Izgaismotais un kr\u0101sainais b\u0101rs b\u016bs lieliska pulc\u0113\u0161an\u0101s vieta, kas noteikti iepriecin\u0101s viesus.<\/p>\n<p><strong>Specifik\u0101cija:<\/strong><\/p>\n<ul>\n<li>Bezvadu<\/li>\n<li>16 kr\u0101su mai\u0146as funkcijas<\/li>\n<li>Vienas nemain\u012bgas kr\u0101sas izv\u0113le<\/li>\n<li>P\u0113c uzl\u0101des darbojas 7 stundas<\/li>\n<li>Pamata un st\u016bra modulim zem galda ir praktisks plaukts pude\u013cu un cita apr\u012bkojuma tur\u0113\u0161anai<\/li>\n<li>pamata modu\u013ca izm\u0113rs 0.9m x 0.75m x H 1.1m<\/li>\n<li>st\u016bra modu\u013ca izm\u0113rs 0.8m x 0.8m x H 1.1m<\/li>\n<\/ul>\n<p style=\"text-align: center;\"><a class=\"order-ru btn btn-primary\"><i class=\"fa fa-book pr-5\"><\/i>\u0417\u0410\u041f\u041e\u041b\u041d\u0418\u0422\u042c \u0417\u0410\u042f\u0412\u041a\u0423<\/a><\/p>\n<\/div>\n<\/div><\/div><\/div><\/div><\/div>","protected":false},"excerpt":{"rendered":"<p>Nodro\u0161iniet pas\u0101kuma norises vietu ar ori\u0123in\u0101lu un m\u016bsdien\u012bgu gaismas risin\u0101jumu. LED b\u0101ra lete ar 16 kr\u0101su to\u0146iem\u00a0piem\u0113rojama tie\u0161i j\u016bsu pas\u0101kuma specifikai &#8212; izv\u0113lieties maigu, bl\u0101vu da\u017e\u0101du kr\u0101su p\u0101reju, lai rad\u012btu nomierino\u0161u atmosf\u0113ru vai zib\u0161\u0146u funkciju ball\u012btes re\u017e\u012bmam! Kad s\u0101kas gada\u00a0tum\u0161ais laiks, pas\u0101kumiem bie\u017ei vien nepiecie\u0161ami da\u017e\u0101di papildus gaismas risin\u0101jumi, \u012bpa\u0161i, ja tiek organiz\u0113ti k\u0101di sv\u0113tki &hellip;<\/p>\n","protected":false},"author":3,"featured_media":3920,"parent":2155,"menu_order":0,"comment_status":"closed","ping_status":"closed","template":"","meta":[],"acf":[],"yoast_head":"<!-- This site is optimized with the Yoast SEO plugin v19.9 - https:\/\/yoast.com\/wordpress\/plugins\/seo\/ -->\n<title>LED \u0411\u0430\u0440\u043d\u0430\u044f \u0441\u0442\u043e\u0439\u043a\u0430<\/title>\n<meta name=\"description\" content=\"LED \u0411\u0430\u0440\u043d\u0430\u044f \u0441\u0442\u043e\u0439\u043a\u0430 c 16 \u0444\u0443\u043d\u043a\u0446\u0438\u0439 \u0438\u0437\u043c\u0435\u043d\u0435\u043d\u0438\u044f \u0446\u0432\u0435\u0442\u0430\" \/>\n<meta name=\"robots\" content=\"index, follow, max-snippet:-1, max-image-preview:large, max-video-preview:-1\" \/>\n<link rel=\"canonical\" href=\"https:\/\/akurats.com\/ru\/oborudovanie\/barnaya-stojka-2\/\" \/>\n<meta name=\"twitter:label1\" content=\"\u041f\u0440\u0438\u043c\u0435\u0440\u043d\u043e\u0435 \u0432\u0440\u0435\u043c\u044f \u0434\u043b\u044f \u0447\u0442\u0435\u043d\u0438\u044f\" \/>\n\t<meta name=\"twitter:data1\" content=\"3 \u043c\u0438\u043d\u0443\u0442\u044b\" \/>\n<script type=\"application\/ld+json\" class=\"yoast-schema-graph\">{\"@context\":\"https:\/\/schema.org\",\"@graph\":[{\"@type\":\"WebPage\",\"@id\":\"https:\/\/akurats.com\/ru\/oborudovanie\/barnaya-stojka-2\/\",\"url\":\"https:\/\/akurats.com\/ru\/oborudovanie\/barnaya-stojka-2\/\",\"name\":\"LED \u0411\u0430\u0440\u043d\u0430\u044f \u0441\u0442\u043e\u0439\u043a\u0430\",\"isPartOf\":{\"@id\":\"https:\/\/akurats.com\/en\/#website\"},\"datePublished\":\"2020-01-17T11:50:25+00:00\",\"dateModified\":\"2025-05-29T21:20:58+00:00\",\"description\":\"LED \u0411\u0430\u0440\u043d\u0430\u044f \u0441\u0442\u043e\u0439\u043a\u0430 c 16 \u0444\u0443\u043d\u043a\u0446\u0438\u0439 \u0438\u0437\u043c\u0435\u043d\u0435\u043d\u0438\u044f \u0446\u0432\u0435\u0442\u0430\",\"breadcrumb\":{\"@id\":\"https:\/\/akurats.com\/ru\/oborudovanie\/barnaya-stojka-2\/#breadcrumb\"},\"inLanguage\":\"ru-RU\",\"potentialAction\":[{\"@type\":\"ReadAction\",\"target\":[\"https:\/\/akurats.com\/ru\/oborudovanie\/barnaya-stojka-2\/\"]}]},{\"@type\":\"BreadcrumbList\",\"@id\":\"https:\/\/akurats.com\/ru\/oborudovanie\/barnaya-stojka-2\/#breadcrumb\",\"itemListElement\":[{\"@type\":\"ListItem\",\"position\":1,\"name\":\"Home\",\"item\":\"https:\/\/akurats.com\/ru\/\"},{\"@type\":\"ListItem\",\"position\":2,\"name\":\"\u041e\u0431\u043e\u0440\u0443\u0434\u043e\u0432\u0430\u043d\u0438\u0435\",\"item\":\"https:\/\/akurats.com\/ru\/oborudovanie\/\"},{\"@type\":\"ListItem\",\"position\":3,\"name\":\"LED \u0411\u0430\u0440\u043d\u0430\u044f \u0441\u0442\u043e\u0439\u043a\u0430\"}]},{\"@type\":\"WebSite\",\"@id\":\"https:\/\/akurats.com\/en\/#website\",\"url\":\"https:\/\/akurats.com\/en\/\",\"name\":\"Akur\u0101ts\",\"description\":\"\u0441\u0435\u0440\u0432\u0438\u0441 \u043e\u0431\u043e\u0440\u0443\u0434\u043e\u0432\u0430\u043d\u0438\u044f \u0434\u043b\u044f \u043c\u0435\u0440\u043e\u043f\u0440\u0438\u044f\u0442\u0438\u0439\",\"publisher\":{\"@id\":\"https:\/\/akurats.com\/en\/#organization\"},\"alternateName\":\"Event equipment service\",\"potentialAction\":[{\"@type\":\"SearchAction\",\"target\":{\"@type\":\"EntryPoint\",\"urlTemplate\":\"https:\/\/akurats.com\/en\/?s={search_term_string}\"},\"query-input\":\"required name=search_term_string\"}],\"inLanguage\":\"ru-RU\"},{\"@type\":\"Organization\",\"@id\":\"https:\/\/akurats.com\/en\/#organization\",\"name\":\"Akur\u0101ts\",\"alternateName\":\"Event equipment service\",\"url\":\"https:\/\/akurats.com\/en\/\",\"logo\":{\"@type\":\"ImageObject\",\"inLanguage\":\"ru-RU\",\"@id\":\"https:\/\/akurats.com\/en\/#\/schema\/logo\/image\/\",\"url\":\"https:\/\/akurats.com\/wp-content\/uploads\/2015\/06\/A_logo.png\",\"contentUrl\":\"https:\/\/akurats.com\/wp-content\/uploads\/2015\/06\/A_logo.png\",\"width\":77,\"height\":70,\"caption\":\"Akur\u0101ts\"},\"image\":{\"@id\":\"https:\/\/akurats.com\/en\/#\/schema\/logo\/image\/\"},\"sameAs\":[\"https:\/\/www.facebook.com\/AkuratsSIA\"]}]}<\/script>\n<!-- \/ Yoast SEO plugin. -->","yoast_head_json":{"title":"LED \u0411\u0430\u0440\u043d\u0430\u044f \u0441\u0442\u043e\u0439\u043a\u0430","description":"LED \u0411\u0430\u0440\u043d\u0430\u044f \u0441\u0442\u043e\u0439\u043a\u0430 c 16 \u0444\u0443\u043d\u043a\u0446\u0438\u0439 \u0438\u0437\u043c\u0435\u043d\u0435\u043d\u0438\u044f \u0446\u0432\u0435\u0442\u0430","robots":{"index":"index","follow":"follow","max-snippet":"max-snippet:-1","max-image-preview":"max-image-preview:large","max-video-preview":"max-video-preview:-1"},"canonical":"https:\/\/akurats.com\/ru\/oborudovanie\/barnaya-stojka-2\/","twitter_misc":{"\u041f\u0440\u0438\u043c\u0435\u0440\u043d\u043e\u0435 \u0432\u0440\u0435\u043c\u044f \u0434\u043b\u044f \u0447\u0442\u0435\u043d\u0438\u044f":"3 \u043c\u0438\u043d\u0443\u0442\u044b"},"schema":{"@context":"https:\/\/schema.org","@graph":[{"@type":"WebPage","@id":"https:\/\/akurats.com\/ru\/oborudovanie\/barnaya-stojka-2\/","url":"https:\/\/akurats.com\/ru\/oborudovanie\/barnaya-stojka-2\/","name":"LED \u0411\u0430\u0440\u043d\u0430\u044f \u0441\u0442\u043e\u0439\u043a\u0430","isPartOf":{"@id":"https:\/\/akurats.com\/en\/#website"},"datePublished":"2020-01-17T11:50:25+00:00","dateModified":"2025-05-29T21:20:58+00:00","description":"LED \u0411\u0430\u0440\u043d\u0430\u044f \u0441\u0442\u043e\u0439\u043a\u0430 c 16 \u0444\u0443\u043d\u043a\u0446\u0438\u0439 \u0438\u0437\u043c\u0435\u043d\u0435\u043d\u0438\u044f \u0446\u0432\u0435\u0442\u0430","breadcrumb":{"@id":"https:\/\/akurats.com\/ru\/oborudovanie\/barnaya-stojka-2\/#breadcrumb"},"inLanguage":"ru-RU","potentialAction":[{"@type":"ReadAction","target":["https:\/\/akurats.com\/ru\/oborudovanie\/barnaya-stojka-2\/"]}]},{"@type":"BreadcrumbList","@id":"https:\/\/akurats.com\/ru\/oborudovanie\/barnaya-stojka-2\/#breadcrumb","itemListElement":[{"@type":"ListItem","position":1,"name":"Home","item":"https:\/\/akurats.com\/ru\/"},{"@type":"ListItem","position":2,"name":"\u041e\u0431\u043e\u0440\u0443\u0434\u043e\u0432\u0430\u043d\u0438\u0435","item":"https:\/\/akurats.com\/ru\/oborudovanie\/"},{"@type":"ListItem","position":3,"name":"LED \u0411\u0430\u0440\u043d\u0430\u044f \u0441\u0442\u043e\u0439\u043a\u0430"}]},{"@type":"WebSite","@id":"https:\/\/akurats.com\/en\/#website","url":"https:\/\/akurats.com\/en\/","name":"Akur\u0101ts","description":"\u0441\u0435\u0440\u0432\u0438\u0441 \u043e\u0431\u043e\u0440\u0443\u0434\u043e\u0432\u0430\u043d\u0438\u044f \u0434\u043b\u044f \u043c\u0435\u0440\u043e\u043f\u0440\u0438\u044f\u0442\u0438\u0439","publisher":{"@id":"https:\/\/akurats.com\/en\/#organization"},"alternateName":"Event equipment service","potentialAction":[{"@type":"SearchAction","target":{"@type":"EntryPoint","urlTemplate":"https:\/\/akurats.com\/en\/?s={search_term_string}"},"query-input":"required name=search_term_string"}],"inLanguage":"ru-RU"},{"@type":"Organization","@id":"https:\/\/akurats.com\/en\/#organization","name":"Akur\u0101ts","alternateName":"Event equipment service","url":"https:\/\/akurats.com\/en\/","logo":{"@type":"ImageObject","inLanguage":"ru-RU","@id":"https:\/\/akurats.com\/en\/#\/schema\/logo\/image\/","url":"https:\/\/akurats.com\/wp-content\/uploads\/2015\/06\/A_logo.png","contentUrl":"https:\/\/akurats.com\/wp-content\/uploads\/2015\/06\/A_logo.png","width":77,"height":70,"caption":"Akur\u0101ts"},"image":{"@id":"https:\/\/akurats.com\/en\/#\/schema\/logo\/image\/"},"sameAs":["https:\/\/www.facebook.com\/AkuratsSIA"]}]}},"_links":{"self":[{"href":"https:\/\/akurats.com\/ru\/wp-json\/wp\/v2\/pages\/3962"}],"collection":[{"href":"https:\/\/akurats.com\/ru\/wp-json\/wp\/v2\/pages"}],"about":[{"href":"https:\/\/akurats.com\/ru\/wp-json\/wp\/v2\/types\/page"}],"author":[{"embeddable":true,"href":"https:\/\/akurats.com\/ru\/wp-json\/wp\/v2\/users\/3"}],"replies":[{"embeddable":true,"href":"https:\/\/akurats.com\/ru\/wp-json\/wp\/v2\/comments?post=3962"}],"version-history":[{"count":16,"href":"https:\/\/akurats.com\/ru\/wp-json\/wp\/v2\/pages\/3962\/revisions"}],"predecessor-version":[{"id":24832,"href":"https:\/\/akurats.com\/ru\/wp-json\/wp\/v2\/pages\/3962\/revisions\/24832"}],"up":[{"embeddable":true,"href":"https:\/\/akurats.com\/ru\/wp-json\/wp\/v2\/pages\/2155"}],"wp:featuredmedia":[{"embeddable":true,"href":"https:\/\/akurats.com\/ru\/wp-json\/wp\/v2\/media\/3920"}],"wp:attachment":[{"href":"https:\/\/akurats.com\/ru\/wp-json\/wp\/v2\/media?parent=3962"}],"curies":[{"name":"wp","href":"https:\/\/api.w.org\/{rel}","templated":true}]}}