{"id":3166,"date":"2015-07-21T12:48:40","date_gmt":"2015-07-21T12:48:40","guid":{"rendered":"https:\/\/akurats.com\/oborudovanie\/telsu-3d-vizualizacijas\/"},"modified":"2025-06-28T19:13:36","modified_gmt":"2025-06-28T19:13:36","slug":"3d-vizualizacziya-palatok","status":"publish","type":"page","link":"https:\/\/akurats.com\/ru\/oborudovanie\/3d-vizualizacziya-palatok\/","title":{"rendered":"3D-\u0432\u0438\u0437\u0443\u0430\u043b\u0438\u0437\u0430\u0446\u0438\u044f \u043f\u0430\u043b\u0430\u0442\u043e\u043a"},"content":{"rendered":"<div id=\"pl-3166\"  class=\"panel-layout\" ><div id=\"pg-3166-0\"  class=\"panel-grid panel-no-style\" ><div id=\"pgc-3166-0-0\"  class=\"panel-grid-cell\" ><div id=\"panel-3166-0-0-0\" class=\"so-panel widget widget_black-studio-tinymce widget_black_studio_tinymce panel-first-child\" data-index=\"0\" ><div class=\"textwidget\"><p><a href=\"https:\/\/akurats.com\/wp-content\/uploads\/2015\/07\/telts-3d-vizualizacija.png\"><img src=\"https:\/\/akurats.com\/wp-content\/uploads\/2015\/07\/telts-3d-vizualizacija-300x200.png\" alt=\"telts-3d-vizualizacija\" width=\"300\" height=\"200\" class=\"aligncenter size-thumbnail wp-image-1571\" \/><\/a><\/p>\n<\/div><\/div><div id=\"panel-3166-0-0-1\" class=\"so-panel widget widget_black-studio-tinymce widget_black_studio_tinymce panel-last-child\" data-index=\"1\" ><div class=\"textwidget\"><p><a href=\"https:\/\/akurats.com\/wp-content\/uploads\/2015\/07\/telts-3d-vizualizacija-2.png\"><img class=\"aligncenter size-thumbnail wp-image-1576\" src=\"https:\/\/akurats.com\/wp-content\/uploads\/2015\/07\/telts-3d-vizualizacija-2-300x200.png\" alt=\"telts-3d-vizualizacija-2\" width=\"300\" height=\"200\" \/><\/a><\/p>\n<\/div><\/div><\/div><div id=\"pgc-3166-0-1\"  class=\"panel-grid-cell\" ><div id=\"panel-3166-0-1-0\" class=\"so-panel widget widget_black-studio-tinymce widget_black_studio_tinymce panel-first-child panel-last-child\" data-index=\"2\" ><div class=\"textwidget\"><p>Lai nodro\u0161in\u0101tu augstas kvalit\u0101tes servisu, saviem klientiem Akur\u0101ts jaunaj\u0101 sezon\u0101 pied\u0101v\u0101 objektu 3D vizualiz\u0101cijas. Vizualiz\u0101cija ir neat\u0146emama pas\u0101kuma pl\u0101no\u0161anas da\u013ca. Pas\u016btot tel\u0161u vizualiz\u0101ciju, iesp\u0113jams izpl\u0101not tel\u0161u izvietojumu teritorij\u0101 un invent\u0101ra izvietojumu telt\u012bs. Vizualiz\u0101cija \u013cauj klientam ieraudz\u012bt norises vietu pirms pas\u0101kuma, kad v\u0113l ir iesp\u0113jams main\u012bt tel\u0161u un pas\u0101kumu invent\u0101ra izvietojumu. Pas\u0101kuma vietu iesp\u0113jams apskat\u012bt no vis\u0101m pus\u0113m, da\u017e\u0101d\u0101s objektu kombin\u0101cij\u0101s un ar\u012b no putna lidojuma. Vizualiz\u0101cija \u013cauj klientam savlaic\u012bgi izv\u0113l\u0113ties lab\u0101ko tel\u0161u kombin\u0101ciju savam pas\u0101kumam un nepiecie\u0161am\u0101s telts opcijas \u2013 kuras sienas b\u016bs caursp\u012bd\u012bgas, kur\u0101 viet\u0101 atrad\u012bsies stiprin\u0101juma troses, kur b\u016bs ieeja telt\u012b un daudz citu. Lai pas\u016bt\u012btu teltis un to vizualiz\u0101cijas, l\u016bdzam sazin\u0101ties ar mums pa t\u0101lruni +37167394933 vai e-pastu: akurats@akurats.lv.<\/p>\n<p style=\"text-align: center;\"><a class=\"order-ru btn btn-primary\"><i class=\"fa fa-book pr-5\"><\/i>\u0417\u0410\u041f\u041e\u041b\u041d\u0418\u0422\u042c \u0417\u0410\u042f\u0412\u041a\u0423<\/a><\/p>\n<\/div><\/div><\/div><\/div><\/div>","protected":false},"excerpt":{"rendered":"<p>Lai nodro\u0161in\u0101tu augstas kvalit\u0101tes servisu, saviem klientiem Akur\u0101ts jaunaj\u0101 sezon\u0101 pied\u0101v\u0101 objektu 3D vizualiz\u0101cijas. Vizualiz\u0101cija ir neat\u0146emama pas\u0101kuma pl\u0101no\u0161anas da\u013ca. Pas\u016btot tel\u0161u vizualiz\u0101ciju, iesp\u0113jams izpl\u0101not tel\u0161u izvietojumu teritorij\u0101 un invent\u0101ra izvietojumu telt\u012bs. Vizualiz\u0101cija \u013cauj klientam ieraudz\u012bt norises vietu pirms pas\u0101kuma, kad v\u0113l ir iesp\u0113jams main\u012bt tel\u0161u un pas\u0101kumu invent\u0101ra izvietojumu. Pas\u0101kuma vietu iesp\u0113jams apskat\u012bt no &hellip;<\/p>\n","protected":false},"author":1,"featured_media":1573,"parent":2155,"menu_order":0,"comment_status":"closed","ping_status":"closed","template":"","meta":[],"acf":[],"yoast_head":"<!-- This site is optimized with the Yoast SEO plugin v19.9 - https:\/\/yoast.com\/wordpress\/plugins\/seo\/ -->\n<title>3D-\u0432\u0438\u0437\u0443\u0430\u043b\u0438\u0437\u0430\u0446\u0438\u044f \u043f\u0430\u043b\u0430\u0442\u043e\u043a - Akurats<\/title>\n<meta name=\"description\" content=\"3D-\u0432\u0438\u0437\u0443\u0430\u043b\u0438\u0437\u0430\u0446\u0438\u044f \u0448\u0430\u0442\u0440\u043e\u0432 \u0434\u043b\u044f \u043f\u043b\u0430\u043d\u0438\u0440\u043e\u0432\u0430\u043d\u0438\u044f \u0432\u0430\u0448\u0435\u0433\u043e \u043c\u0435\u0440\u043e\u043f\u0440\u0438\u044f\u0442\u0438\u044f. \u0423\u0434\u043e\u0431\u043d\u044b\u0439 \u043f\u043e\u0434\u0431\u043e\u0440 \u0440\u0430\u0437\u043c\u0435\u0440\u043e\u0432 \u0438 \u043a\u043e\u043d\u0444\u0438\u0433\u0443\u0440\u0430\u0446\u0438\u0439.\" \/>\n<meta name=\"robots\" content=\"index, follow, max-snippet:-1, max-image-preview:large, max-video-preview:-1\" \/>\n<link rel=\"canonical\" href=\"https:\/\/akurats.com\/ru\/oborudovanie\/3d-vizualizacziya-palatok\/\" \/>\n<meta name=\"twitter:label1\" content=\"\u041f\u0440\u0438\u043c\u0435\u0440\u043d\u043e\u0435 \u0432\u0440\u0435\u043c\u044f \u0434\u043b\u044f \u0447\u0442\u0435\u043d\u0438\u044f\" \/>\n\t<meta name=\"twitter:data1\" content=\"2 \u043c\u0438\u043d\u0443\u0442\u044b\" \/>\n<script type=\"application\/ld+json\" class=\"yoast-schema-graph\">{\"@context\":\"https:\/\/schema.org\",\"@graph\":[{\"@type\":\"WebPage\",\"@id\":\"https:\/\/akurats.com\/ru\/oborudovanie\/3d-vizualizacziya-palatok\/\",\"url\":\"https:\/\/akurats.com\/ru\/oborudovanie\/3d-vizualizacziya-palatok\/\",\"name\":\"3D-\u0432\u0438\u0437\u0443\u0430\u043b\u0438\u0437\u0430\u0446\u0438\u044f \u043f\u0430\u043b\u0430\u0442\u043e\u043a - Akurats\",\"isPartOf\":{\"@id\":\"https:\/\/akurats.com\/en\/#website\"},\"datePublished\":\"2015-07-21T12:48:40+00:00\",\"dateModified\":\"2025-06-28T19:13:36+00:00\",\"description\":\"3D-\u0432\u0438\u0437\u0443\u0430\u043b\u0438\u0437\u0430\u0446\u0438\u044f \u0448\u0430\u0442\u0440\u043e\u0432 \u0434\u043b\u044f \u043f\u043b\u0430\u043d\u0438\u0440\u043e\u0432\u0430\u043d\u0438\u044f \u0432\u0430\u0448\u0435\u0433\u043e \u043c\u0435\u0440\u043e\u043f\u0440\u0438\u044f\u0442\u0438\u044f. \u0423\u0434\u043e\u0431\u043d\u044b\u0439 \u043f\u043e\u0434\u0431\u043e\u0440 \u0440\u0430\u0437\u043c\u0435\u0440\u043e\u0432 \u0438 \u043a\u043e\u043d\u0444\u0438\u0433\u0443\u0440\u0430\u0446\u0438\u0439.\",\"breadcrumb\":{\"@id\":\"https:\/\/akurats.com\/ru\/oborudovanie\/3d-vizualizacziya-palatok\/#breadcrumb\"},\"inLanguage\":\"ru-RU\",\"potentialAction\":[{\"@type\":\"ReadAction\",\"target\":[\"https:\/\/akurats.com\/ru\/oborudovanie\/3d-vizualizacziya-palatok\/\"]}]},{\"@type\":\"BreadcrumbList\",\"@id\":\"https:\/\/akurats.com\/ru\/oborudovanie\/3d-vizualizacziya-palatok\/#breadcrumb\",\"itemListElement\":[{\"@type\":\"ListItem\",\"position\":1,\"name\":\"Home\",\"item\":\"https:\/\/akurats.com\/ru\/\"},{\"@type\":\"ListItem\",\"position\":2,\"name\":\"\u041e\u0431\u043e\u0440\u0443\u0434\u043e\u0432\u0430\u043d\u0438\u0435\",\"item\":\"https:\/\/akurats.com\/ru\/oborudovanie\/\"},{\"@type\":\"ListItem\",\"position\":3,\"name\":\"3D-\u0432\u0438\u0437\u0443\u0430\u043b\u0438\u0437\u0430\u0446\u0438\u044f \u043f\u0430\u043b\u0430\u0442\u043e\u043a\"}]},{\"@type\":\"WebSite\",\"@id\":\"https:\/\/akurats.com\/en\/#website\",\"url\":\"https:\/\/akurats.com\/en\/\",\"name\":\"Akur\u0101ts\",\"description\":\"\u0441\u0435\u0440\u0432\u0438\u0441 \u043e\u0431\u043e\u0440\u0443\u0434\u043e\u0432\u0430\u043d\u0438\u044f \u0434\u043b\u044f \u043c\u0435\u0440\u043e\u043f\u0440\u0438\u044f\u0442\u0438\u0439\",\"publisher\":{\"@id\":\"https:\/\/akurats.com\/en\/#organization\"},\"alternateName\":\"Event equipment service\",\"potentialAction\":[{\"@type\":\"SearchAction\",\"target\":{\"@type\":\"EntryPoint\",\"urlTemplate\":\"https:\/\/akurats.com\/en\/?s={search_term_string}\"},\"query-input\":\"required name=search_term_string\"}],\"inLanguage\":\"ru-RU\"},{\"@type\":\"Organization\",\"@id\":\"https:\/\/akurats.com\/en\/#organization\",\"name\":\"Akur\u0101ts\",\"alternateName\":\"Event equipment service\",\"url\":\"https:\/\/akurats.com\/en\/\",\"logo\":{\"@type\":\"ImageObject\",\"inLanguage\":\"ru-RU\",\"@id\":\"https:\/\/akurats.com\/en\/#\/schema\/logo\/image\/\",\"url\":\"https:\/\/akurats.com\/wp-content\/uploads\/2015\/06\/A_logo.png\",\"contentUrl\":\"https:\/\/akurats.com\/wp-content\/uploads\/2015\/06\/A_logo.png\",\"width\":77,\"height\":70,\"caption\":\"Akur\u0101ts\"},\"image\":{\"@id\":\"https:\/\/akurats.com\/en\/#\/schema\/logo\/image\/\"},\"sameAs\":[\"https:\/\/www.facebook.com\/AkuratsSIA\"]}]}<\/script>\n<!-- \/ Yoast SEO plugin. -->","yoast_head_json":{"title":"3D-\u0432\u0438\u0437\u0443\u0430\u043b\u0438\u0437\u0430\u0446\u0438\u044f \u043f\u0430\u043b\u0430\u0442\u043e\u043a - Akurats","description":"3D-\u0432\u0438\u0437\u0443\u0430\u043b\u0438\u0437\u0430\u0446\u0438\u044f \u0448\u0430\u0442\u0440\u043e\u0432 \u0434\u043b\u044f \u043f\u043b\u0430\u043d\u0438\u0440\u043e\u0432\u0430\u043d\u0438\u044f \u0432\u0430\u0448\u0435\u0433\u043e \u043c\u0435\u0440\u043e\u043f\u0440\u0438\u044f\u0442\u0438\u044f. \u0423\u0434\u043e\u0431\u043d\u044b\u0439 \u043f\u043e\u0434\u0431\u043e\u0440 \u0440\u0430\u0437\u043c\u0435\u0440\u043e\u0432 \u0438 \u043a\u043e\u043d\u0444\u0438\u0433\u0443\u0440\u0430\u0446\u0438\u0439.","robots":{"index":"index","follow":"follow","max-snippet":"max-snippet:-1","max-image-preview":"max-image-preview:large","max-video-preview":"max-video-preview:-1"},"canonical":"https:\/\/akurats.com\/ru\/oborudovanie\/3d-vizualizacziya-palatok\/","twitter_misc":{"\u041f\u0440\u0438\u043c\u0435\u0440\u043d\u043e\u0435 \u0432\u0440\u0435\u043c\u044f \u0434\u043b\u044f \u0447\u0442\u0435\u043d\u0438\u044f":"2 \u043c\u0438\u043d\u0443\u0442\u044b"},"schema":{"@context":"https:\/\/schema.org","@graph":[{"@type":"WebPage","@id":"https:\/\/akurats.com\/ru\/oborudovanie\/3d-vizualizacziya-palatok\/","url":"https:\/\/akurats.com\/ru\/oborudovanie\/3d-vizualizacziya-palatok\/","name":"3D-\u0432\u0438\u0437\u0443\u0430\u043b\u0438\u0437\u0430\u0446\u0438\u044f \u043f\u0430\u043b\u0430\u0442\u043e\u043a - Akurats","isPartOf":{"@id":"https:\/\/akurats.com\/en\/#website"},"datePublished":"2015-07-21T12:48:40+00:00","dateModified":"2025-06-28T19:13:36+00:00","description":"3D-\u0432\u0438\u0437\u0443\u0430\u043b\u0438\u0437\u0430\u0446\u0438\u044f \u0448\u0430\u0442\u0440\u043e\u0432 \u0434\u043b\u044f \u043f\u043b\u0430\u043d\u0438\u0440\u043e\u0432\u0430\u043d\u0438\u044f \u0432\u0430\u0448\u0435\u0433\u043e \u043c\u0435\u0440\u043e\u043f\u0440\u0438\u044f\u0442\u0438\u044f. \u0423\u0434\u043e\u0431\u043d\u044b\u0439 \u043f\u043e\u0434\u0431\u043e\u0440 \u0440\u0430\u0437\u043c\u0435\u0440\u043e\u0432 \u0438 \u043a\u043e\u043d\u0444\u0438\u0433\u0443\u0440\u0430\u0446\u0438\u0439.","breadcrumb":{"@id":"https:\/\/akurats.com\/ru\/oborudovanie\/3d-vizualizacziya-palatok\/#breadcrumb"},"inLanguage":"ru-RU","potentialAction":[{"@type":"ReadAction","target":["https:\/\/akurats.com\/ru\/oborudovanie\/3d-vizualizacziya-palatok\/"]}]},{"@type":"BreadcrumbList","@id":"https:\/\/akurats.com\/ru\/oborudovanie\/3d-vizualizacziya-palatok\/#breadcrumb","itemListElement":[{"@type":"ListItem","position":1,"name":"Home","item":"https:\/\/akurats.com\/ru\/"},{"@type":"ListItem","position":2,"name":"\u041e\u0431\u043e\u0440\u0443\u0434\u043e\u0432\u0430\u043d\u0438\u0435","item":"https:\/\/akurats.com\/ru\/oborudovanie\/"},{"@type":"ListItem","position":3,"name":"3D-\u0432\u0438\u0437\u0443\u0430\u043b\u0438\u0437\u0430\u0446\u0438\u044f \u043f\u0430\u043b\u0430\u0442\u043e\u043a"}]},{"@type":"WebSite","@id":"https:\/\/akurats.com\/en\/#website","url":"https:\/\/akurats.com\/en\/","name":"Akur\u0101ts","description":"\u0441\u0435\u0440\u0432\u0438\u0441 \u043e\u0431\u043e\u0440\u0443\u0434\u043e\u0432\u0430\u043d\u0438\u044f \u0434\u043b\u044f \u043c\u0435\u0440\u043e\u043f\u0440\u0438\u044f\u0442\u0438\u0439","publisher":{"@id":"https:\/\/akurats.com\/en\/#organization"},"alternateName":"Event equipment service","potentialAction":[{"@type":"SearchAction","target":{"@type":"EntryPoint","urlTemplate":"https:\/\/akurats.com\/en\/?s={search_term_string}"},"query-input":"required name=search_term_string"}],"inLanguage":"ru-RU"},{"@type":"Organization","@id":"https:\/\/akurats.com\/en\/#organization","name":"Akur\u0101ts","alternateName":"Event equipment service","url":"https:\/\/akurats.com\/en\/","logo":{"@type":"ImageObject","inLanguage":"ru-RU","@id":"https:\/\/akurats.com\/en\/#\/schema\/logo\/image\/","url":"https:\/\/akurats.com\/wp-content\/uploads\/2015\/06\/A_logo.png","contentUrl":"https:\/\/akurats.com\/wp-content\/uploads\/2015\/06\/A_logo.png","width":77,"height":70,"caption":"Akur\u0101ts"},"image":{"@id":"https:\/\/akurats.com\/en\/#\/schema\/logo\/image\/"},"sameAs":["https:\/\/www.facebook.com\/AkuratsSIA"]}]}},"_links":{"self":[{"href":"https:\/\/akurats.com\/ru\/wp-json\/wp\/v2\/pages\/3166"}],"collection":[{"href":"https:\/\/akurats.com\/ru\/wp-json\/wp\/v2\/pages"}],"about":[{"href":"https:\/\/akurats.com\/ru\/wp-json\/wp\/v2\/types\/page"}],"author":[{"embeddable":true,"href":"https:\/\/akurats.com\/ru\/wp-json\/wp\/v2\/users\/1"}],"replies":[{"embeddable":true,"href":"https:\/\/akurats.com\/ru\/wp-json\/wp\/v2\/comments?post=3166"}],"version-history":[{"count":4,"href":"https:\/\/akurats.com\/ru\/wp-json\/wp\/v2\/pages\/3166\/revisions"}],"predecessor-version":[{"id":4388,"href":"https:\/\/akurats.com\/ru\/wp-json\/wp\/v2\/pages\/3166\/revisions\/4388"}],"up":[{"embeddable":true,"href":"https:\/\/akurats.com\/ru\/wp-json\/wp\/v2\/pages\/2155"}],"wp:featuredmedia":[{"embeddable":true,"href":"https:\/\/akurats.com\/ru\/wp-json\/wp\/v2\/media\/1573"}],"wp:attachment":[{"href":"https:\/\/akurats.com\/ru\/wp-json\/wp\/v2\/media?parent=3166"}],"curies":[{"name":"wp","href":"https:\/\/api.w.org\/{rel}","templated":true}]}}