{"id":3151,"date":"2015-07-21T12:25:45","date_gmt":"2015-07-21T12:25:45","guid":{"rendered":"https:\/\/akurats.com\/oborudovanie\/tribine-oratora-pults\/"},"modified":"2025-06-28T19:22:38","modified_gmt":"2025-06-28T19:22:38","slug":"konsol-oratora-tribuna","status":"publish","type":"page","link":"https:\/\/akurats.com\/ru\/oborudovanie\/konsol-oratora-tribuna\/","title":{"rendered":"\u041a\u043e\u043d\u0441\u043e\u043b\u044c \u043e\u0440\u0430\u0442\u043e\u0440\u0430 \/ \u0442\u0440\u0438\u0431\u0443\u043da"},"content":{"rendered":"<div id=\"pl-3151\"  class=\"panel-layout\" ><div id=\"pg-3151-0\"  class=\"panel-grid panel-no-style\" ><div id=\"pgc-3151-0-0\"  class=\"panel-grid-cell\" ><div id=\"panel-3151-0-0-0\" class=\"so-panel widget widget_black-studio-tinymce widget_black_studio_tinymce panel-first-child panel-last-child\" data-index=\"0\" ><div class=\"textwidget\"><p><a href=\"https:\/\/akurats.com\/wp-content\/uploads\/2015\/07\/tribine-1.jpg\"><img src=\"https:\/\/akurats.com\/wp-content\/uploads\/2015\/07\/tribine-1-300x200.jpg\" alt=\"tribine-1\" width=\"300\" height=\"200\" class=\"aligncenter size-thumbnail wp-image-1520\" \/><\/a><\/p>\n<\/div><\/div><\/div><div id=\"pgc-3151-0-1\"  class=\"panel-grid-cell\" ><div id=\"panel-3151-0-1-0\" class=\"so-panel widget widget_black-studio-tinymce widget_black_studio_tinymce panel-first-child panel-last-child\" data-index=\"1\" ><div class=\"textwidget\"><p><a href=\"https:\/\/akurats.com\/wp-content\/uploads\/2015\/07\/tribine-2.jpg\"><img src=\"https:\/\/akurats.com\/wp-content\/uploads\/2015\/07\/tribine-2-300x200.jpg\" alt=\"tribine-2\" width=\"300\" height=\"200\" class=\"aligncenter size-thumbnail wp-image-1525\" \/><\/a><\/p>\n<\/div><\/div><\/div><div id=\"pgc-3151-0-2\"  class=\"panel-grid-cell\" ><div id=\"panel-3151-0-2-0\" class=\"so-panel widget widget_black-studio-tinymce widget_black_studio_tinymce panel-first-child panel-last-child\" data-index=\"2\" ><div class=\"textwidget\"><table class=\"table\">\n<thead>\n<tr class=\"active\">\n<th colspan=\"2\"><center>Trib\u012bnes tehniskie parametri<\/center><\/th>\n<\/tr>\n<\/thead>\n<tbody>\n<tr>\n<td>Materi\u0101ls<\/td>\n<td>lakots b\u0113rza sapl\u0101ksnis<\/td>\n<\/tr>\n<tr>\n<td>Platums<\/td>\n<td>70cm<\/td>\n<\/tr>\n<tr>\n<td>Augstums<\/td>\n<td>120cm<\/td>\n<\/tr>\n<tr>\n<td>Dzi\u013cums<\/td>\n<td>60cm<\/td>\n<\/tr>\n<tr>\n<td colspan=\"2\">Uz priek\u0161\u0113j\u0101s plaknes iesp\u0113jams izvietot rekl\u0101mu.<\/td>\n<\/tr>\n<\/tbody>\n<\/table>\n<p style=\"text-align: center;\"><a class=\"order-ru btn btn-primary\"><i class=\"fa fa-book pr-5\"><\/i>\u0417\u0410\u041f\u041e\u041b\u041d\u0418\u0422\u042c \u0417\u0410\u042f\u0412\u041a\u0423<\/a><\/p>\n<\/div><\/div><\/div><\/div><\/div>","protected":false},"excerpt":{"rendered":"<p>Trib\u012bnes tehniskie parametri Materi\u0101ls lakots b\u0113rza sapl\u0101ksnis Platums 70cm Augstums 120cm Dzi\u013cums 60cm Uz priek\u0161\u0113j\u0101s plaknes iesp\u0113jams izvietot rekl\u0101mu. \u0417\u0410\u041f\u041e\u041b\u041d\u0418\u0422\u042c \u0417\u0410\u042f\u0412\u041a\u0423<\/p>\n","protected":false},"author":1,"featured_media":1527,"parent":2155,"menu_order":0,"comment_status":"closed","ping_status":"closed","template":"","meta":[],"acf":[],"yoast_head":"<!-- This site is optimized with the Yoast SEO plugin v19.9 - https:\/\/yoast.com\/wordpress\/plugins\/seo\/ -->\n<title>\u0422\u0440\u0438\u0431\u0443\u043d\u0430 \/ \u041f\u043e\u0434\u0438\u0443\u043c \u0434\u043b\u044f \u043e\u0440\u0430\u0442\u043e\u0440\u0430 | Akurats.lv<\/title>\n<meta name=\"description\" content=\"\u0422\u0440\u0438\u0431\u0443\u043d\u0430 \u0438 \u043f\u043e\u0434\u0438\u0443\u043c \u0434\u043b\u044f \u043e\u0440\u0430\u0442\u043e\u0440\u0430 \u0432 \u0430\u0440\u0435\u043d\u0434\u0443. \u0418\u0434\u0435\u0430\u043b\u044c\u043d\u043e \u0434\u043b\u044f \u043f\u0440\u0435\u0437\u0435\u043d\u0442\u0430\u0446\u0438\u0439, \u043a\u043e\u043d\u0444\u0435\u0440\u0435\u043d\u0446\u0438\u0439 \u0438 \u0432\u044b\u0441\u0442\u0443\u043f\u043b\u0435\u043d\u0438\u0439.\" \/>\n<meta name=\"robots\" content=\"index, follow, max-snippet:-1, max-image-preview:large, max-video-preview:-1\" \/>\n<link rel=\"canonical\" href=\"https:\/\/akurats.com\/ru\/oborudovanie\/konsol-oratora-tribuna\/\" \/>\n<meta name=\"twitter:label1\" content=\"\u041f\u0440\u0438\u043c\u0435\u0440\u043d\u043e\u0435 \u0432\u0440\u0435\u043c\u044f \u0434\u043b\u044f \u0447\u0442\u0435\u043d\u0438\u044f\" \/>\n\t<meta name=\"twitter:data1\" content=\"1 \u043c\u0438\u043d\u0443\u0442\u0430\" \/>\n<script type=\"application\/ld+json\" class=\"yoast-schema-graph\">{\"@context\":\"https:\/\/schema.org\",\"@graph\":[{\"@type\":\"WebPage\",\"@id\":\"https:\/\/akurats.com\/ru\/oborudovanie\/konsol-oratora-tribuna\/\",\"url\":\"https:\/\/akurats.com\/ru\/oborudovanie\/konsol-oratora-tribuna\/\",\"name\":\"\u0422\u0440\u0438\u0431\u0443\u043d\u0430 \/ \u041f\u043e\u0434\u0438\u0443\u043c \u0434\u043b\u044f \u043e\u0440\u0430\u0442\u043e\u0440\u0430 | Akurats.lv\",\"isPartOf\":{\"@id\":\"https:\/\/akurats.com\/en\/#website\"},\"datePublished\":\"2015-07-21T12:25:45+00:00\",\"dateModified\":\"2025-06-28T19:22:38+00:00\",\"description\":\"\u0422\u0440\u0438\u0431\u0443\u043d\u0430 \u0438 \u043f\u043e\u0434\u0438\u0443\u043c \u0434\u043b\u044f \u043e\u0440\u0430\u0442\u043e\u0440\u0430 \u0432 \u0430\u0440\u0435\u043d\u0434\u0443. \u0418\u0434\u0435\u0430\u043b\u044c\u043d\u043e \u0434\u043b\u044f \u043f\u0440\u0435\u0437\u0435\u043d\u0442\u0430\u0446\u0438\u0439, \u043a\u043e\u043d\u0444\u0435\u0440\u0435\u043d\u0446\u0438\u0439 \u0438 \u0432\u044b\u0441\u0442\u0443\u043f\u043b\u0435\u043d\u0438\u0439.\",\"breadcrumb\":{\"@id\":\"https:\/\/akurats.com\/ru\/oborudovanie\/konsol-oratora-tribuna\/#breadcrumb\"},\"inLanguage\":\"ru-RU\",\"potentialAction\":[{\"@type\":\"ReadAction\",\"target\":[\"https:\/\/akurats.com\/ru\/oborudovanie\/konsol-oratora-tribuna\/\"]}]},{\"@type\":\"BreadcrumbList\",\"@id\":\"https:\/\/akurats.com\/ru\/oborudovanie\/konsol-oratora-tribuna\/#breadcrumb\",\"itemListElement\":[{\"@type\":\"ListItem\",\"position\":1,\"name\":\"Home\",\"item\":\"https:\/\/akurats.com\/ru\/\"},{\"@type\":\"ListItem\",\"position\":2,\"name\":\"\u041e\u0431\u043e\u0440\u0443\u0434\u043e\u0432\u0430\u043d\u0438\u0435\",\"item\":\"https:\/\/akurats.com\/ru\/oborudovanie\/\"},{\"@type\":\"ListItem\",\"position\":3,\"name\":\"\u041a\u043e\u043d\u0441\u043e\u043b\u044c \u043e\u0440\u0430\u0442\u043e\u0440\u0430 \/ \u0442\u0440\u0438\u0431\u0443\u043da\"}]},{\"@type\":\"WebSite\",\"@id\":\"https:\/\/akurats.com\/en\/#website\",\"url\":\"https:\/\/akurats.com\/en\/\",\"name\":\"Akur\u0101ts\",\"description\":\"\u0441\u0435\u0440\u0432\u0438\u0441 \u043e\u0431\u043e\u0440\u0443\u0434\u043e\u0432\u0430\u043d\u0438\u044f \u0434\u043b\u044f \u043c\u0435\u0440\u043e\u043f\u0440\u0438\u044f\u0442\u0438\u0439\",\"publisher\":{\"@id\":\"https:\/\/akurats.com\/en\/#organization\"},\"alternateName\":\"Event equipment service\",\"potentialAction\":[{\"@type\":\"SearchAction\",\"target\":{\"@type\":\"EntryPoint\",\"urlTemplate\":\"https:\/\/akurats.com\/en\/?s={search_term_string}\"},\"query-input\":\"required name=search_term_string\"}],\"inLanguage\":\"ru-RU\"},{\"@type\":\"Organization\",\"@id\":\"https:\/\/akurats.com\/en\/#organization\",\"name\":\"Akur\u0101ts\",\"alternateName\":\"Event equipment service\",\"url\":\"https:\/\/akurats.com\/en\/\",\"logo\":{\"@type\":\"ImageObject\",\"inLanguage\":\"ru-RU\",\"@id\":\"https:\/\/akurats.com\/en\/#\/schema\/logo\/image\/\",\"url\":\"https:\/\/akurats.com\/wp-content\/uploads\/2015\/06\/A_logo.png\",\"contentUrl\":\"https:\/\/akurats.com\/wp-content\/uploads\/2015\/06\/A_logo.png\",\"width\":77,\"height\":70,\"caption\":\"Akur\u0101ts\"},\"image\":{\"@id\":\"https:\/\/akurats.com\/en\/#\/schema\/logo\/image\/\"},\"sameAs\":[\"https:\/\/www.facebook.com\/AkuratsSIA\"]}]}<\/script>\n<!-- \/ Yoast SEO plugin. -->","yoast_head_json":{"title":"\u0422\u0440\u0438\u0431\u0443\u043d\u0430 \/ \u041f\u043e\u0434\u0438\u0443\u043c \u0434\u043b\u044f \u043e\u0440\u0430\u0442\u043e\u0440\u0430 | Akurats.lv","description":"\u0422\u0440\u0438\u0431\u0443\u043d\u0430 \u0438 \u043f\u043e\u0434\u0438\u0443\u043c \u0434\u043b\u044f \u043e\u0440\u0430\u0442\u043e\u0440\u0430 \u0432 \u0430\u0440\u0435\u043d\u0434\u0443. \u0418\u0434\u0435\u0430\u043b\u044c\u043d\u043e \u0434\u043b\u044f \u043f\u0440\u0435\u0437\u0435\u043d\u0442\u0430\u0446\u0438\u0439, \u043a\u043e\u043d\u0444\u0435\u0440\u0435\u043d\u0446\u0438\u0439 \u0438 \u0432\u044b\u0441\u0442\u0443\u043f\u043b\u0435\u043d\u0438\u0439.","robots":{"index":"index","follow":"follow","max-snippet":"max-snippet:-1","max-image-preview":"max-image-preview:large","max-video-preview":"max-video-preview:-1"},"canonical":"https:\/\/akurats.com\/ru\/oborudovanie\/konsol-oratora-tribuna\/","twitter_misc":{"\u041f\u0440\u0438\u043c\u0435\u0440\u043d\u043e\u0435 \u0432\u0440\u0435\u043c\u044f \u0434\u043b\u044f \u0447\u0442\u0435\u043d\u0438\u044f":"1 \u043c\u0438\u043d\u0443\u0442\u0430"},"schema":{"@context":"https:\/\/schema.org","@graph":[{"@type":"WebPage","@id":"https:\/\/akurats.com\/ru\/oborudovanie\/konsol-oratora-tribuna\/","url":"https:\/\/akurats.com\/ru\/oborudovanie\/konsol-oratora-tribuna\/","name":"\u0422\u0440\u0438\u0431\u0443\u043d\u0430 \/ \u041f\u043e\u0434\u0438\u0443\u043c \u0434\u043b\u044f \u043e\u0440\u0430\u0442\u043e\u0440\u0430 | Akurats.lv","isPartOf":{"@id":"https:\/\/akurats.com\/en\/#website"},"datePublished":"2015-07-21T12:25:45+00:00","dateModified":"2025-06-28T19:22:38+00:00","description":"\u0422\u0440\u0438\u0431\u0443\u043d\u0430 \u0438 \u043f\u043e\u0434\u0438\u0443\u043c \u0434\u043b\u044f \u043e\u0440\u0430\u0442\u043e\u0440\u0430 \u0432 \u0430\u0440\u0435\u043d\u0434\u0443. \u0418\u0434\u0435\u0430\u043b\u044c\u043d\u043e \u0434\u043b\u044f \u043f\u0440\u0435\u0437\u0435\u043d\u0442\u0430\u0446\u0438\u0439, \u043a\u043e\u043d\u0444\u0435\u0440\u0435\u043d\u0446\u0438\u0439 \u0438 \u0432\u044b\u0441\u0442\u0443\u043f\u043b\u0435\u043d\u0438\u0439.","breadcrumb":{"@id":"https:\/\/akurats.com\/ru\/oborudovanie\/konsol-oratora-tribuna\/#breadcrumb"},"inLanguage":"ru-RU","potentialAction":[{"@type":"ReadAction","target":["https:\/\/akurats.com\/ru\/oborudovanie\/konsol-oratora-tribuna\/"]}]},{"@type":"BreadcrumbList","@id":"https:\/\/akurats.com\/ru\/oborudovanie\/konsol-oratora-tribuna\/#breadcrumb","itemListElement":[{"@type":"ListItem","position":1,"name":"Home","item":"https:\/\/akurats.com\/ru\/"},{"@type":"ListItem","position":2,"name":"\u041e\u0431\u043e\u0440\u0443\u0434\u043e\u0432\u0430\u043d\u0438\u0435","item":"https:\/\/akurats.com\/ru\/oborudovanie\/"},{"@type":"ListItem","position":3,"name":"\u041a\u043e\u043d\u0441\u043e\u043b\u044c \u043e\u0440\u0430\u0442\u043e\u0440\u0430 \/ \u0442\u0440\u0438\u0431\u0443\u043da"}]},{"@type":"WebSite","@id":"https:\/\/akurats.com\/en\/#website","url":"https:\/\/akurats.com\/en\/","name":"Akur\u0101ts","description":"\u0441\u0435\u0440\u0432\u0438\u0441 \u043e\u0431\u043e\u0440\u0443\u0434\u043e\u0432\u0430\u043d\u0438\u044f \u0434\u043b\u044f \u043c\u0435\u0440\u043e\u043f\u0440\u0438\u044f\u0442\u0438\u0439","publisher":{"@id":"https:\/\/akurats.com\/en\/#organization"},"alternateName":"Event equipment service","potentialAction":[{"@type":"SearchAction","target":{"@type":"EntryPoint","urlTemplate":"https:\/\/akurats.com\/en\/?s={search_term_string}"},"query-input":"required name=search_term_string"}],"inLanguage":"ru-RU"},{"@type":"Organization","@id":"https:\/\/akurats.com\/en\/#organization","name":"Akur\u0101ts","alternateName":"Event equipment service","url":"https:\/\/akurats.com\/en\/","logo":{"@type":"ImageObject","inLanguage":"ru-RU","@id":"https:\/\/akurats.com\/en\/#\/schema\/logo\/image\/","url":"https:\/\/akurats.com\/wp-content\/uploads\/2015\/06\/A_logo.png","contentUrl":"https:\/\/akurats.com\/wp-content\/uploads\/2015\/06\/A_logo.png","width":77,"height":70,"caption":"Akur\u0101ts"},"image":{"@id":"https:\/\/akurats.com\/en\/#\/schema\/logo\/image\/"},"sameAs":["https:\/\/www.facebook.com\/AkuratsSIA"]}]}},"_links":{"self":[{"href":"https:\/\/akurats.com\/ru\/wp-json\/wp\/v2\/pages\/3151"}],"collection":[{"href":"https:\/\/akurats.com\/ru\/wp-json\/wp\/v2\/pages"}],"about":[{"href":"https:\/\/akurats.com\/ru\/wp-json\/wp\/v2\/types\/page"}],"author":[{"embeddable":true,"href":"https:\/\/akurats.com\/ru\/wp-json\/wp\/v2\/users\/1"}],"replies":[{"embeddable":true,"href":"https:\/\/akurats.com\/ru\/wp-json\/wp\/v2\/comments?post=3151"}],"version-history":[{"count":6,"href":"https:\/\/akurats.com\/ru\/wp-json\/wp\/v2\/pages\/3151\/revisions"}],"predecessor-version":[{"id":28929,"href":"https:\/\/akurats.com\/ru\/wp-json\/wp\/v2\/pages\/3151\/revisions\/28929"}],"up":[{"embeddable":true,"href":"https:\/\/akurats.com\/ru\/wp-json\/wp\/v2\/pages\/2155"}],"wp:featuredmedia":[{"embeddable":true,"href":"https:\/\/akurats.com\/ru\/wp-json\/wp\/v2\/media\/1527"}],"wp:attachment":[{"href":"https:\/\/akurats.com\/ru\/wp-json\/wp\/v2\/media?parent=3151"}],"curies":[{"name":"wp","href":"https:\/\/api.w.org\/{rel}","templated":true}]}}