{"id":3150,"date":"2015-07-14T15:20:00","date_gmt":"2015-07-14T15:20:00","guid":{"rendered":"https:\/\/akurats.com\/oborudovanie\/stavgaldu-noma\/"},"modified":"2025-06-28T19:20:41","modified_gmt":"2025-06-28T19:20:41","slug":"vysokie-stoly","status":"publish","type":"page","link":"https:\/\/akurats.com\/ru\/oborudovanie\/vysokie-stoly\/","title":{"rendered":"\u0432\u044b\u0441\u043e\u043a\u0438\u0435 \u0441\u0442\u043e\u043b\u044b"},"content":{"rendered":"<div id=\"pl-3150\"  class=\"panel-layout\" ><div id=\"pg-3150-0\"  class=\"panel-grid panel-no-style\" ><div id=\"pgc-3150-0-0\"  class=\"panel-grid-cell\" ><div id=\"panel-3150-0-0-0\" class=\"so-panel widget widget_black-studio-tinymce widget_black_studio_tinymce panel-first-child\" data-index=\"0\" ><div class=\"textwidget\"><p><a href=\"https:\/\/akurats.com\/wp-content\/uploads\/2015\/07\/stavgalds-2.jpg\"><img class=\"aligncenter wp-image-2575 size-thumbnail\" src=\"https:\/\/akurats.com\/wp-content\/uploads\/2015\/07\/stavgalds-2-300x200.jpg\" alt=\"stavgalds-2\" width=\"300\" height=\"200\" \/><\/a><\/p>\n<\/div><\/div><div id=\"panel-3150-0-0-1\" class=\"so-panel widget widget_black-studio-tinymce widget_black_studio_tinymce panel-last-child\" data-index=\"1\" ><div class=\"textwidget\"><p><a href=\"https:\/\/akurats.com\/wp-content\/uploads\/2018\/09\/Untitled.jpg\"><img class=\"aligncenter wp-image-3511 size-thumbnail\" src=\"https:\/\/akurats.com\/wp-content\/uploads\/2018\/09\/Untitled-300x200.jpg\" alt=\"\" width=\"300\" height=\"200\" \/><\/a><\/p>\n<\/div><\/div><\/div><div id=\"pgc-3150-0-1\"  class=\"panel-grid-cell\" ><div id=\"panel-3150-0-1-0\" class=\"so-panel widget widget_black-studio-tinymce widget_black_studio_tinymce panel-first-child\" data-index=\"2\" ><div class=\"textwidget\"><p><a href=\"https:\/\/akurats.com\/wp-content\/uploads\/2018\/09\/galdauts-grafita-balta-cepure.jpg\"><img class=\"aligncenter wp-image-3501 size-thumbnail\" src=\"https:\/\/akurats.com\/wp-content\/uploads\/2018\/09\/galdauts-grafita-balta-cepure-300x200.jpg\" alt=\"\" width=\"300\" height=\"200\" \/><\/a><\/p>\n<\/div><\/div><div id=\"panel-3150-0-1-1\" class=\"so-panel widget widget_black-studio-tinymce widget_black_studio_tinymce panel-last-child\" data-index=\"3\" ><div class=\"textwidget\"><p><a href=\"https:\/\/akurats.com\/wp-content\/uploads\/2015\/07\/stavgalds-3.jpg\"><img class=\"aligncenter wp-image-2580 size-thumbnail\" src=\"https:\/\/akurats.com\/wp-content\/uploads\/2015\/07\/stavgalds-3-300x200.jpg\" alt=\"stavgalds-3\" width=\"300\" height=\"200\" \/><\/a><\/p>\n<\/div><\/div><\/div><div id=\"pgc-3150-0-2\"  class=\"panel-grid-cell\" ><div id=\"panel-3150-0-2-0\" class=\"so-panel widget widget_black-studio-tinymce widget_black_studio_tinymce panel-first-child\" data-index=\"4\" ><div class=\"textwidget\"><p><a href=\"https:\/\/akurats.com\/wp-content\/uploads\/2018\/09\/grafita-galdauts.jpg\"><img class=\"aligncenter wp-image-3687 size-thumbnail\" src=\"https:\/\/akurats.com\/wp-content\/uploads\/2018\/09\/grafita-galdauts-300x200.jpg\" alt=\"Graf\u012bta galdauts\" width=\"300\" height=\"200\" \/><\/a><\/p>\n<\/div><\/div><div id=\"panel-3150-0-2-1\" class=\"so-panel widget widget_black-studio-tinymce widget_black_studio_tinymce panel-last-child\" data-index=\"5\" ><div class=\"textwidget\"><p><a href=\"https:\/\/akurats.com\/wp-content\/uploads\/2015\/07\/stavgaldu_noma_akurats.jpg\"><img src=\"https:\/\/akurats.com\/wp-content\/uploads\/2015\/07\/stavgaldu_noma_akurats-300x200.jpg\" alt=\"stavgaldu_noma_akurats\" width=\"300\" height=\"200\" class=\"aligncenter size-thumbnail wp-image-3883\" \/><\/a><\/p>\n<\/div><\/div><\/div><\/div><div id=\"pg-3150-1\"  class=\"panel-grid panel-no-style\" ><div id=\"pgc-3150-1-0\"  class=\"panel-grid-cell\" ><div id=\"panel-3150-1-0-0\" class=\"so-panel widget widget_black-studio-tinymce widget_black_studio_tinymce panel-first-child panel-last-child\" data-index=\"6\" ><div class=\"textwidget\"><p>Viens no pakalpojumiem, ko Akur\u0101ts pied\u0101v\u0101 pas\u0101kumu organizatoriem ir st\u0101vgaldu noma. M\u0113s pied\u0101v\u0101jam<strong> st\u0101vgaldu pieg\u0101di, uzst\u0101d\u012b\u0161anu un demont\u0101\u017eu<\/strong>, sniedzot jums un j\u016bsu pas\u0101kuma viesiem komfortu un pat\u012bkamu atmosf\u0113ru. M\u016bsu pied\u0101v\u0101tie st\u0101vgaldi ir \u0113rti un to vienk\u0101r\u0161ais un gaum\u012bgais izskats \u013cauj tos piem\u0113rot jebkuram interjeram.<\/p>\n<table class=\"table\">\n<thead>\n<tr class=\"active\">\n<th colspan=\"2\"><center>Tehniskie parametri<\/center><\/th>\n<\/tr>\n<\/thead>\n<tbody>\n<tr>\n<td>Diametrs<\/td>\n<td>0,85m<\/td>\n<\/tr>\n<tr>\n<td>Augstums<\/td>\n<td>1,13m<\/td>\n<\/tr>\n<tr>\n<td>Kr\u0101sa<\/td>\n<td>pel\u0113ka<\/td>\n<\/tr>\n<tr>\n<td>R\u0101mis<\/td>\n<td>tum\u0161i pel\u0113ks saliekams r\u0101mis<\/td>\n<\/tr>\n<\/tbody>\n<\/table>\n<\/div><\/div><\/div><\/div><div id=\"pg-3150-2\"  class=\"panel-grid panel-no-style\" ><div id=\"pgc-3150-2-0\"  class=\"panel-grid-cell\" ><div id=\"panel-3150-2-0-0\" class=\"so-panel widget widget_black-studio-tinymce widget_black_studio_tinymce panel-first-child panel-last-child\" data-index=\"7\" ><div class=\"textwidget\"><p><b>Mont\u0101\u017ea:<\/b><br \/>\nGaldu mont\u0101\u017eu\/demont\u0101\u017ea veic SIA Akur\u0101ts darbinieki.<\/p>\n<p>Akur\u0101ts pied\u0101v\u0101tie st\u0101vgaldi ir 1,13 augsti apa\u013ci galdi, kas paredz\u0113ti dz\u0113rienu, \u0113dienu un da\u017e\u0101du citu lietu atst\u0101\u0161anai un izvieto\u0161anai.<\/p>\n<p>St\u0101vgaldi nav paredz\u0113ti, lai pie tiem s\u0113d\u0113tu, bet gan da\u017e\u0101du lietu novieto\u0161anai un atst\u0101\u0161anai. Tie ir \u013coti piem\u0113roti, banketiem, vies\u012bb\u0101m un pas\u0101kumiem, kur paredz\u0113ts pasniegt dz\u0113rienus un uzkodas, bet nav paredz\u0113ts sv\u0113tku mielasts un tr\u016bkst vietas parastu galdu un kr\u0113slu vai solu izvieto\u0161anai.<\/p>\n<p>M\u016bsu st\u0101vgaldi ir pel\u0113k\u0101 met\u0101la kr\u0101s\u0101. Tie ir saliekami un to r\u0101mis ir izgatavots no met\u0101la. St\u0101vgaldu virsma ir ap\u013ca veida un t\u0101s diametrs ir 85 centimetri.<\/p>\n<p>Papildus st\u0101vgaldu nomai m\u0113s pied\u0101v\u0101jam ar\u012b to pieg\u0101di un uzst\u0101d\u012b\u0161anu. At\u0161\u0137ir\u012bb\u0101 no citiem m\u016bsu pied\u0101v\u0101t\u0101 pas\u0101kumu apr\u012bkojuma elementiem, st\u0101vgaldu uzst\u0101d\u012b\u0161anu nav iesp\u0113jams veikt pa\u0161u sp\u0113kiem.<\/p>\n<p>Par prec\u012bz\u0101m st\u0101vgaldu nomas izmaks\u0101m var iepaz\u012bties, ar m\u016bsu speci\u0101listiem pa t\u0101lruni 26338888 vai e-pastu info@akurats.lv. St\u0101vgaldu nomas cena ir atkar\u012bga no to skaita, pas\u0101kuma ilguma un cietiem faktoriem. Svar\u012bgi st\u0101vgaldu un cita pas\u0101kuma apr\u012bkojuma nomai pieteikties p\u0113c iesp\u0113jas \u0101tr\u0101k, jo piesakoties p\u0113d\u0113j\u0101 br\u012bd\u012b, var izr\u0101d\u012bties, ka laik\u0101, kad notiek j\u016bsu organiz\u0113tais pas\u0101kums, nav pieejams nepiecie\u0161amais st\u0101vgaldu skaits un cits apr\u012bkojums.<\/p>\n<\/div><\/div><\/div><div id=\"pgc-3150-2-1\"  class=\"panel-grid-cell\" ><div id=\"panel-3150-2-1-0\" class=\"so-panel widget widget_black-studio-tinymce widget_black_studio_tinymce panel-first-child panel-last-child\" data-index=\"8\" ><div class=\"textwidget\"><p><img src=\"https:\/\/akurats.com\/wp-content\/uploads\/2015\/07\/stavgaldi.jpg\" alt=\"stavgaldi\" width=\"285\" height=\"448\" class=\"aligncenter size-full wp-image-1146\" \/><\/p>\n<\/div><\/div><\/div><\/div><div id=\"pg-3150-3\"  class=\"panel-grid panel-no-style\" ><div id=\"pgc-3150-3-0\"  class=\"panel-grid-cell\" ><div id=\"panel-3150-3-0-0\" class=\"so-panel widget widget_black-studio-tinymce widget_black_studio_tinymce panel-first-child panel-last-child\" data-index=\"9\" ><div class=\"textwidget\"><p>Akur\u0101ts pied\u0101v\u0101 <b>ne tikai st\u0101vgaldu, bet ar\u012b tel\u0161u, nojumju, galdu, solu, lampu un cita pas\u0101kuma apr\u012bkojuma nomu.<\/b> Lai pas\u016bt\u012btu st\u0101vgaldus un citus m\u016bsu pied\u0101v\u0101t\u0101 apr\u012bkojuma elementus, nepiecie\u0161ams aizpild\u012bt pas\u016bt\u012bjuma anketu m\u016bs m\u0101jas lap\u0101 un vienas darba dienas ar jums sazin\u0101sies m\u016bsu speci\u0101listi, lai preciz\u0113tu pas\u016bt\u012bjuma deta\u013cas.<\/p>\n<p style=\"text-align: center;\">\n<a class=\"order-ru btn btn-primary\"><i class=\"fa fa-book pr-5\"><\/i>\u0417\u0410\u041f\u041e\u041b\u041d\u0418\u0422\u042c \u0417\u0410\u042f\u0412\u041a\u0423<\/a><\/p>\n<\/div><\/div><\/div><\/div><\/div>","protected":false},"excerpt":{"rendered":"<p>Viens no pakalpojumiem, ko Akur\u0101ts pied\u0101v\u0101 pas\u0101kumu organizatoriem ir st\u0101vgaldu noma. M\u0113s pied\u0101v\u0101jam st\u0101vgaldu pieg\u0101di, uzst\u0101d\u012b\u0161anu un demont\u0101\u017eu, sniedzot jums un j\u016bsu pas\u0101kuma viesiem komfortu un pat\u012bkamu atmosf\u0113ru. M\u016bsu pied\u0101v\u0101tie st\u0101vgaldi ir \u0113rti un to vienk\u0101r\u0161ais un gaum\u012bgais izskats \u013cauj tos piem\u0113rot jebkuram interjeram. Tehniskie parametri Diametrs 0,85m Augstums 1,13m Kr\u0101sa pel\u0113ka R\u0101mis tum\u0161i pel\u0113ks &hellip;<\/p>\n","protected":false},"author":1,"featured_media":1989,"parent":2155,"menu_order":0,"comment_status":"closed","ping_status":"closed","template":"","meta":[],"acf":[],"yoast_head":"<!-- This site is optimized with the Yoast SEO plugin v19.9 - https:\/\/yoast.com\/wordpress\/plugins\/seo\/ -->\n<title>\u0432\u044b\u0441\u043e\u043a\u0438\u0435 \u0441\u0442\u043e\u043b\u044b| Akurats<\/title>\n<meta name=\"description\" content=\"\u041f\u043e\u0441\u0442\u0430\u0432\u043a\u0430, \u0443\u0441\u0442\u0430\u043d\u043e\u0432\u043a\u0430 \u0438 \u0434\u0435\u043c\u043e\u043d\u0442\u0430\u0436 \u0441\u0442\u043e\u043b\u043e\u0432, \u043e\u0431\u0435\u0441\u043f\u0435\u0447\u0438\u0432\u0430\u044e\u0449\u0438\u0445 \u043a\u043e\u043c\u0444\u043e\u0440\u0442 \u0438 \u043f\u0440\u0438\u044f\u0442\u043d\u0443\u044e \u0430\u0442\u043c\u043e\u0441\u0444\u0435\u0440\u0443 \u0434\u043b\u044f \u0432\u0430\u0441 \u0438 \u0433\u043e\u0441\u0442\u0435\u0439 \u0432\u0430\u0448\u0435\u0433\u043e \u043c\u0435\u0440\u043e\u043f\u0440\u0438\u044f\u0442\u0438\u044f. \u041f\u043e\u0434\u0440\u043e\u0431\u043d\u0435\u0435 \u043e\u0431 \u0430\u0440\u0435\u043d\u0434\u0435 \u0441\u0442\u043e\u043b\u043e\u0432 \u0434\u043b\u044f \u0444\u0443\u0440\u0448\u0435\u0442\u043e\u0432 \u0437\u0434\u0435\u0441\u044c!\" \/>\n<meta name=\"robots\" content=\"index, follow, max-snippet:-1, max-image-preview:large, max-video-preview:-1\" \/>\n<link rel=\"canonical\" href=\"https:\/\/akurats.com\/ru\/oborudovanie\/vysokie-stoly\/\" \/>\n<meta name=\"twitter:label1\" content=\"\u041f\u0440\u0438\u043c\u0435\u0440\u043d\u043e\u0435 \u0432\u0440\u0435\u043c\u044f \u0434\u043b\u044f \u0447\u0442\u0435\u043d\u0438\u044f\" \/>\n\t<meta name=\"twitter:data1\" content=\"3 \u043c\u0438\u043d\u0443\u0442\u044b\" \/>\n<script type=\"application\/ld+json\" class=\"yoast-schema-graph\">{\"@context\":\"https:\/\/schema.org\",\"@graph\":[{\"@type\":\"WebPage\",\"@id\":\"https:\/\/akurats.com\/ru\/oborudovanie\/vysokie-stoly\/\",\"url\":\"https:\/\/akurats.com\/ru\/oborudovanie\/vysokie-stoly\/\",\"name\":\"\u0432\u044b\u0441\u043e\u043a\u0438\u0435 \u0441\u0442\u043e\u043b\u044b| Akurats\",\"isPartOf\":{\"@id\":\"https:\/\/akurats.com\/en\/#website\"},\"datePublished\":\"2015-07-14T15:20:00+00:00\",\"dateModified\":\"2025-06-28T19:20:41+00:00\",\"description\":\"\u041f\u043e\u0441\u0442\u0430\u0432\u043a\u0430, \u0443\u0441\u0442\u0430\u043d\u043e\u0432\u043a\u0430 \u0438 \u0434\u0435\u043c\u043e\u043d\u0442\u0430\u0436 \u0441\u0442\u043e\u043b\u043e\u0432, \u043e\u0431\u0435\u0441\u043f\u0435\u0447\u0438\u0432\u0430\u044e\u0449\u0438\u0445 \u043a\u043e\u043c\u0444\u043e\u0440\u0442 \u0438 \u043f\u0440\u0438\u044f\u0442\u043d\u0443\u044e \u0430\u0442\u043c\u043e\u0441\u0444\u0435\u0440\u0443 \u0434\u043b\u044f \u0432\u0430\u0441 \u0438 \u0433\u043e\u0441\u0442\u0435\u0439 \u0432\u0430\u0448\u0435\u0433\u043e \u043c\u0435\u0440\u043e\u043f\u0440\u0438\u044f\u0442\u0438\u044f. \u041f\u043e\u0434\u0440\u043e\u0431\u043d\u0435\u0435 \u043e\u0431 \u0430\u0440\u0435\u043d\u0434\u0435 \u0441\u0442\u043e\u043b\u043e\u0432 \u0434\u043b\u044f \u0444\u0443\u0440\u0448\u0435\u0442\u043e\u0432 \u0437\u0434\u0435\u0441\u044c!\",\"breadcrumb\":{\"@id\":\"https:\/\/akurats.com\/ru\/oborudovanie\/vysokie-stoly\/#breadcrumb\"},\"inLanguage\":\"ru-RU\",\"potentialAction\":[{\"@type\":\"ReadAction\",\"target\":[\"https:\/\/akurats.com\/ru\/oborudovanie\/vysokie-stoly\/\"]}]},{\"@type\":\"BreadcrumbList\",\"@id\":\"https:\/\/akurats.com\/ru\/oborudovanie\/vysokie-stoly\/#breadcrumb\",\"itemListElement\":[{\"@type\":\"ListItem\",\"position\":1,\"name\":\"Home\",\"item\":\"https:\/\/akurats.com\/ru\/\"},{\"@type\":\"ListItem\",\"position\":2,\"name\":\"\u041e\u0431\u043e\u0440\u0443\u0434\u043e\u0432\u0430\u043d\u0438\u0435\",\"item\":\"https:\/\/akurats.com\/ru\/oborudovanie\/\"},{\"@type\":\"ListItem\",\"position\":3,\"name\":\"\u0432\u044b\u0441\u043e\u043a\u0438\u0435 \u0441\u0442\u043e\u043b\u044b\"}]},{\"@type\":\"WebSite\",\"@id\":\"https:\/\/akurats.com\/en\/#website\",\"url\":\"https:\/\/akurats.com\/en\/\",\"name\":\"Akur\u0101ts\",\"description\":\"\u0441\u0435\u0440\u0432\u0438\u0441 \u043e\u0431\u043e\u0440\u0443\u0434\u043e\u0432\u0430\u043d\u0438\u044f \u0434\u043b\u044f \u043c\u0435\u0440\u043e\u043f\u0440\u0438\u044f\u0442\u0438\u0439\",\"publisher\":{\"@id\":\"https:\/\/akurats.com\/en\/#organization\"},\"alternateName\":\"Event equipment service\",\"potentialAction\":[{\"@type\":\"SearchAction\",\"target\":{\"@type\":\"EntryPoint\",\"urlTemplate\":\"https:\/\/akurats.com\/en\/?s={search_term_string}\"},\"query-input\":\"required name=search_term_string\"}],\"inLanguage\":\"ru-RU\"},{\"@type\":\"Organization\",\"@id\":\"https:\/\/akurats.com\/en\/#organization\",\"name\":\"Akur\u0101ts\",\"alternateName\":\"Event equipment service\",\"url\":\"https:\/\/akurats.com\/en\/\",\"logo\":{\"@type\":\"ImageObject\",\"inLanguage\":\"ru-RU\",\"@id\":\"https:\/\/akurats.com\/en\/#\/schema\/logo\/image\/\",\"url\":\"https:\/\/akurats.com\/wp-content\/uploads\/2015\/06\/A_logo.png\",\"contentUrl\":\"https:\/\/akurats.com\/wp-content\/uploads\/2015\/06\/A_logo.png\",\"width\":77,\"height\":70,\"caption\":\"Akur\u0101ts\"},\"image\":{\"@id\":\"https:\/\/akurats.com\/en\/#\/schema\/logo\/image\/\"},\"sameAs\":[\"https:\/\/www.facebook.com\/AkuratsSIA\"]}]}<\/script>\n<!-- \/ Yoast SEO plugin. -->","yoast_head_json":{"title":"\u0432\u044b\u0441\u043e\u043a\u0438\u0435 \u0441\u0442\u043e\u043b\u044b| Akurats","description":"\u041f\u043e\u0441\u0442\u0430\u0432\u043a\u0430, \u0443\u0441\u0442\u0430\u043d\u043e\u0432\u043a\u0430 \u0438 \u0434\u0435\u043c\u043e\u043d\u0442\u0430\u0436 \u0441\u0442\u043e\u043b\u043e\u0432, \u043e\u0431\u0435\u0441\u043f\u0435\u0447\u0438\u0432\u0430\u044e\u0449\u0438\u0445 \u043a\u043e\u043c\u0444\u043e\u0440\u0442 \u0438 \u043f\u0440\u0438\u044f\u0442\u043d\u0443\u044e \u0430\u0442\u043c\u043e\u0441\u0444\u0435\u0440\u0443 \u0434\u043b\u044f \u0432\u0430\u0441 \u0438 \u0433\u043e\u0441\u0442\u0435\u0439 \u0432\u0430\u0448\u0435\u0433\u043e \u043c\u0435\u0440\u043e\u043f\u0440\u0438\u044f\u0442\u0438\u044f. \u041f\u043e\u0434\u0440\u043e\u0431\u043d\u0435\u0435 \u043e\u0431 \u0430\u0440\u0435\u043d\u0434\u0435 \u0441\u0442\u043e\u043b\u043e\u0432 \u0434\u043b\u044f \u0444\u0443\u0440\u0448\u0435\u0442\u043e\u0432 \u0437\u0434\u0435\u0441\u044c!","robots":{"index":"index","follow":"follow","max-snippet":"max-snippet:-1","max-image-preview":"max-image-preview:large","max-video-preview":"max-video-preview:-1"},"canonical":"https:\/\/akurats.com\/ru\/oborudovanie\/vysokie-stoly\/","twitter_misc":{"\u041f\u0440\u0438\u043c\u0435\u0440\u043d\u043e\u0435 \u0432\u0440\u0435\u043c\u044f \u0434\u043b\u044f \u0447\u0442\u0435\u043d\u0438\u044f":"3 \u043c\u0438\u043d\u0443\u0442\u044b"},"schema":{"@context":"https:\/\/schema.org","@graph":[{"@type":"WebPage","@id":"https:\/\/akurats.com\/ru\/oborudovanie\/vysokie-stoly\/","url":"https:\/\/akurats.com\/ru\/oborudovanie\/vysokie-stoly\/","name":"\u0432\u044b\u0441\u043e\u043a\u0438\u0435 \u0441\u0442\u043e\u043b\u044b| Akurats","isPartOf":{"@id":"https:\/\/akurats.com\/en\/#website"},"datePublished":"2015-07-14T15:20:00+00:00","dateModified":"2025-06-28T19:20:41+00:00","description":"\u041f\u043e\u0441\u0442\u0430\u0432\u043a\u0430, \u0443\u0441\u0442\u0430\u043d\u043e\u0432\u043a\u0430 \u0438 \u0434\u0435\u043c\u043e\u043d\u0442\u0430\u0436 \u0441\u0442\u043e\u043b\u043e\u0432, \u043e\u0431\u0435\u0441\u043f\u0435\u0447\u0438\u0432\u0430\u044e\u0449\u0438\u0445 \u043a\u043e\u043c\u0444\u043e\u0440\u0442 \u0438 \u043f\u0440\u0438\u044f\u0442\u043d\u0443\u044e \u0430\u0442\u043c\u043e\u0441\u0444\u0435\u0440\u0443 \u0434\u043b\u044f \u0432\u0430\u0441 \u0438 \u0433\u043e\u0441\u0442\u0435\u0439 \u0432\u0430\u0448\u0435\u0433\u043e \u043c\u0435\u0440\u043e\u043f\u0440\u0438\u044f\u0442\u0438\u044f. \u041f\u043e\u0434\u0440\u043e\u0431\u043d\u0435\u0435 \u043e\u0431 \u0430\u0440\u0435\u043d\u0434\u0435 \u0441\u0442\u043e\u043b\u043e\u0432 \u0434\u043b\u044f \u0444\u0443\u0440\u0448\u0435\u0442\u043e\u0432 \u0437\u0434\u0435\u0441\u044c!","breadcrumb":{"@id":"https:\/\/akurats.com\/ru\/oborudovanie\/vysokie-stoly\/#breadcrumb"},"inLanguage":"ru-RU","potentialAction":[{"@type":"ReadAction","target":["https:\/\/akurats.com\/ru\/oborudovanie\/vysokie-stoly\/"]}]},{"@type":"BreadcrumbList","@id":"https:\/\/akurats.com\/ru\/oborudovanie\/vysokie-stoly\/#breadcrumb","itemListElement":[{"@type":"ListItem","position":1,"name":"Home","item":"https:\/\/akurats.com\/ru\/"},{"@type":"ListItem","position":2,"name":"\u041e\u0431\u043e\u0440\u0443\u0434\u043e\u0432\u0430\u043d\u0438\u0435","item":"https:\/\/akurats.com\/ru\/oborudovanie\/"},{"@type":"ListItem","position":3,"name":"\u0432\u044b\u0441\u043e\u043a\u0438\u0435 \u0441\u0442\u043e\u043b\u044b"}]},{"@type":"WebSite","@id":"https:\/\/akurats.com\/en\/#website","url":"https:\/\/akurats.com\/en\/","name":"Akur\u0101ts","description":"\u0441\u0435\u0440\u0432\u0438\u0441 \u043e\u0431\u043e\u0440\u0443\u0434\u043e\u0432\u0430\u043d\u0438\u044f \u0434\u043b\u044f \u043c\u0435\u0440\u043e\u043f\u0440\u0438\u044f\u0442\u0438\u0439","publisher":{"@id":"https:\/\/akurats.com\/en\/#organization"},"alternateName":"Event equipment service","potentialAction":[{"@type":"SearchAction","target":{"@type":"EntryPoint","urlTemplate":"https:\/\/akurats.com\/en\/?s={search_term_string}"},"query-input":"required name=search_term_string"}],"inLanguage":"ru-RU"},{"@type":"Organization","@id":"https:\/\/akurats.com\/en\/#organization","name":"Akur\u0101ts","alternateName":"Event equipment service","url":"https:\/\/akurats.com\/en\/","logo":{"@type":"ImageObject","inLanguage":"ru-RU","@id":"https:\/\/akurats.com\/en\/#\/schema\/logo\/image\/","url":"https:\/\/akurats.com\/wp-content\/uploads\/2015\/06\/A_logo.png","contentUrl":"https:\/\/akurats.com\/wp-content\/uploads\/2015\/06\/A_logo.png","width":77,"height":70,"caption":"Akur\u0101ts"},"image":{"@id":"https:\/\/akurats.com\/en\/#\/schema\/logo\/image\/"},"sameAs":["https:\/\/www.facebook.com\/AkuratsSIA"]}]}},"_links":{"self":[{"href":"https:\/\/akurats.com\/ru\/wp-json\/wp\/v2\/pages\/3150"}],"collection":[{"href":"https:\/\/akurats.com\/ru\/wp-json\/wp\/v2\/pages"}],"about":[{"href":"https:\/\/akurats.com\/ru\/wp-json\/wp\/v2\/types\/page"}],"author":[{"embeddable":true,"href":"https:\/\/akurats.com\/ru\/wp-json\/wp\/v2\/users\/1"}],"replies":[{"embeddable":true,"href":"https:\/\/akurats.com\/ru\/wp-json\/wp\/v2\/comments?post=3150"}],"version-history":[{"count":12,"href":"https:\/\/akurats.com\/ru\/wp-json\/wp\/v2\/pages\/3150\/revisions"}],"predecessor-version":[{"id":28926,"href":"https:\/\/akurats.com\/ru\/wp-json\/wp\/v2\/pages\/3150\/revisions\/28926"}],"up":[{"embeddable":true,"href":"https:\/\/akurats.com\/ru\/wp-json\/wp\/v2\/pages\/2155"}],"wp:featuredmedia":[{"embeddable":true,"href":"https:\/\/akurats.com\/ru\/wp-json\/wp\/v2\/media\/1989"}],"wp:attachment":[{"href":"https:\/\/akurats.com\/ru\/wp-json\/wp\/v2\/media?parent=3150"}],"curies":[{"name":"wp","href":"https:\/\/api.w.org\/{rel}","templated":true}]}}