{"id":3149,"date":"2015-07-21T11:33:13","date_gmt":"2015-07-21T11:33:13","guid":{"rendered":"https:\/\/akurats.com\/oborudovanie\/piepusamie-divani\/"},"modified":"2025-06-28T19:25:14","modified_gmt":"2025-06-28T19:25:14","slug":"naduvnye-divany","status":"publish","type":"page","link":"https:\/\/akurats.com\/ru\/oborudovanie\/naduvnye-divany\/","title":{"rendered":"\u041d\u0430\u0434\u0443\u0432\u043d\u044b\u0435 \u0434\u0438\u0432\u0430\u043d\u044b"},"content":{"rendered":"<div id=\"pl-3149\"  class=\"panel-layout\" ><div id=\"pg-3149-0\"  class=\"panel-grid panel-no-style\" ><div id=\"pgc-3149-0-0\"  class=\"panel-grid-cell\" ><div id=\"panel-3149-0-0-0\" class=\"so-panel widget widget_black-studio-tinymce widget_black_studio_tinymce panel-first-child panel-last-child\" data-index=\"0\" ><div class=\"textwidget\"><p><a href=\"https:\/\/akurats.com\/wp-content\/uploads\/2018\/09\/image1.jpeg\"><img src=\"https:\/\/akurats.com\/wp-content\/uploads\/2018\/09\/image1-300x200.jpeg\" alt=\"piepusamais-divans-2\" width=\"300\" height=\"200\" class=\"aligncenter size-thumbnail wp-image-2612\" \/><\/a><\/p>\n<\/div><\/div><\/div><div id=\"pgc-3149-0-1\"  class=\"panel-grid-cell\" ><div id=\"panel-3149-0-1-0\" class=\"so-panel widget widget_black-studio-tinymce widget_black_studio_tinymce panel-first-child panel-last-child\" data-index=\"1\" ><div class=\"textwidget\"><p><a href=\"https:\/\/akurats.com\/wp-content\/uploads\/2015\/07\/piepusamais-divans-1.jpg\"><img src=\"https:\/\/akurats.com\/wp-content\/uploads\/2015\/07\/piepusamais-divans-1-300x200.jpg\" alt=\"piepusamais-divans-1\" width=\"300\" height=\"200\" class=\"aligncenter size-thumbnail wp-image-2607\" \/><\/a><\/p>\n<\/div><\/div><\/div><div id=\"pgc-3149-0-2\"  class=\"panel-grid-cell\" ><div id=\"panel-3149-0-2-0\" class=\"so-panel widget widget_black-studio-tinymce widget_black_studio_tinymce panel-first-child panel-last-child\" data-index=\"2\" ><div class=\"textwidget\"><p><a href=\"https:\/\/akurats.com\/wp-content\/uploads\/2015\/07\/piepusamais-divans-3.jpg\"><img src=\"https:\/\/akurats.com\/wp-content\/uploads\/2015\/07\/piepusamais-divans-3-300x200.jpg\" alt=\"piepusamais-divans-3\" width=\"300\" height=\"200\" class=\"aligncenter size-thumbnail wp-image-2617\" \/><\/a><\/p>\n<\/div><\/div><\/div><div id=\"pgc-3149-0-3\"  class=\"panel-grid-cell\" ><div id=\"panel-3149-0-3-0\" class=\"so-panel widget widget_black-studio-tinymce widget_black_studio_tinymce panel-first-child panel-last-child\" data-index=\"3\" ><div class=\"textwidget\"><p><a href=\"https:\/\/akurats.com\/wp-content\/uploads\/2015\/07\/piepusamais-divans-4.jpg\"><img src=\"https:\/\/akurats.com\/wp-content\/uploads\/2015\/07\/piepusamais-divans-4-300x200.jpg\" alt=\"piepusamais-divans-4\" width=\"300\" height=\"200\" class=\"aligncenter size-thumbnail wp-image-2622\" \/><\/a><\/p>\n<\/div><\/div><\/div><\/div><div id=\"pg-3149-1\"  class=\"panel-grid panel-no-style\" ><div id=\"pgc-3149-1-0\"  class=\"panel-grid-cell\" ><div id=\"panel-3149-1-0-0\" class=\"so-panel widget widget_black-studio-tinymce widget_black_studio_tinymce panel-first-child panel-last-child\" data-index=\"4\" ><div class=\"textwidget\"><p>D\u012bv\u0101nu mont\u0101\u017eu un demont\u0101\u017eu veic tikai SIA Akur\u0101ts darbinieki. <\/p>\n<p>Pieejami balti un sarkani. Uzp\u016b\u0161amie sofa ir vienviet\u012bgi\u00a0 un divviet\u012bgi. Kr\u0101su un izm\u0113ru daudzveid\u012bbas d\u0113\u013c tie ir rado\u0161i kombin\u0113jami. \u0112rti p\u0101rvietojami, izmantojami gan iek\u0161telp\u0101s, gan \u0101ra pas\u0101kumos. Gaisa d\u012bv\u0101ni, kas vizu\u0101li l\u012bdz\u012bgi \u0101das d\u012bv\u0101niem, ir lieliska alternat\u012bva pas\u0101kuma noform\u0113juma da\u017e\u0101d\u012bbai. Tie izskat\u0101s kr\u0101\u0161\u0146i un svin\u012bgi. Stila zi\u0146\u0101 tie labi ieder\u0113sies jebkuras kr\u0101sas telt\u012b vai nojum\u0113. Visiem uzp\u016bstajiem PVC materi\u0101la d\u012bv\u0101niem komplekt\u0101 pieejami nelieli, viegli galdi\u0146i, balti. Uz tiem j\u016bsu viesi var novietot gl\u0101zi vai uzkodu \u0161\u0137\u012bvi. <span id=\"more-2117\"><\/span><\/p>\n<p>Piep\u016b\u0161amais d\u012bv\u0101ns - pieejamie izm\u0113ri:<\/p>\n<ul>\n<li>Vienviet\u012bgais 120 x 110cm ( s\u0113dvirsmas augstums 42 cm)<\/li>\n<li>Divviet\u012bgais\u00a0\u00a0 180 x 110 cm ( s\u0113dvirsmas augstums 42 cm)<\/li>\n<li>Galda izm\u0113rs 55 x 55 cm ( augstums 45 cm)<\/li>\n<\/ul>\n<p style=\"text-align: center;\"><a class=\"order-ru btn btn-primary\"><i class=\"fa fa-book pr-5\"><\/i>\u0417\u0410\u041f\u041e\u041b\u041d\u0418\u0422\u042c \u0417\u0410\u042f\u0412\u041a\u0423<\/a><\/p>\n<\/div><\/div><\/div><\/div><\/div>","protected":false},"excerpt":{"rendered":"<p>D\u012bv\u0101nu mont\u0101\u017eu un demont\u0101\u017eu veic tikai SIA Akur\u0101ts darbinieki. Pieejami balti un sarkani. Uzp\u016b\u0161amie sofa ir vienviet\u012bgi\u00a0 un divviet\u012bgi. Kr\u0101su un izm\u0113ru daudzveid\u012bbas d\u0113\u013c tie ir rado\u0161i kombin\u0113jami. \u0112rti p\u0101rvietojami, izmantojami gan iek\u0161telp\u0101s, gan \u0101ra pas\u0101kumos. Gaisa d\u012bv\u0101ni, kas vizu\u0101li l\u012bdz\u012bgi \u0101das d\u012bv\u0101niem, ir lieliska alternat\u012bva pas\u0101kuma noform\u0113juma da\u017e\u0101d\u012bbai. Tie izskat\u0101s kr\u0101\u0161\u0146i un svin\u012bgi. Stila &hellip;<\/p>\n","protected":false},"author":1,"featured_media":3567,"parent":2155,"menu_order":0,"comment_status":"closed","ping_status":"closed","template":"","meta":[],"acf":[],"yoast_head":"<!-- This site is optimized with the Yoast SEO plugin v19.9 - https:\/\/yoast.com\/wordpress\/plugins\/seo\/ -->\n<title>\u041d\u0430\u0434\u0443\u0432\u043d\u044b\u0435 \u0434\u0438\u0432\u0430\u043d\u044b | Akurats.lv<\/title>\n<meta name=\"description\" content=\"\u041d\u0430\u0434\u0443\u0432\u043d\u044b\u0435 \u0434\u0438\u0432\u0430\u043d\u044b \u0432 \u0430\u0440\u0435\u043d\u0434\u0443 \u0434\u043b\u044f \u0443\u044e\u0442\u043d\u044b\u0445 \u043b\u0430\u0443\u043d\u0436-\u0437\u043e\u043d \u043d\u0430 \u043c\u0435\u0440\u043e\u043f\u0440\u0438\u044f\u0442\u0438\u044f\u0445. \u041b\u0435\u0433\u043a\u0438\u0435 \u0438 \u0441\u0442\u0438\u043b\u044c\u043d\u044b\u0435.\" \/>\n<meta name=\"robots\" content=\"index, follow, max-snippet:-1, max-image-preview:large, max-video-preview:-1\" \/>\n<link rel=\"canonical\" href=\"https:\/\/akurats.com\/ru\/oborudovanie\/naduvnye-divany\/\" \/>\n<meta name=\"twitter:label1\" content=\"\u041f\u0440\u0438\u043c\u0435\u0440\u043d\u043e\u0435 \u0432\u0440\u0435\u043c\u044f \u0434\u043b\u044f \u0447\u0442\u0435\u043d\u0438\u044f\" \/>\n\t<meta name=\"twitter:data1\" content=\"2 \u043c\u0438\u043d\u0443\u0442\u044b\" \/>\n<script type=\"application\/ld+json\" class=\"yoast-schema-graph\">{\"@context\":\"https:\/\/schema.org\",\"@graph\":[{\"@type\":\"WebPage\",\"@id\":\"https:\/\/akurats.com\/ru\/oborudovanie\/naduvnye-divany\/\",\"url\":\"https:\/\/akurats.com\/ru\/oborudovanie\/naduvnye-divany\/\",\"name\":\"\u041d\u0430\u0434\u0443\u0432\u043d\u044b\u0435 \u0434\u0438\u0432\u0430\u043d\u044b | Akurats.lv\",\"isPartOf\":{\"@id\":\"https:\/\/akurats.com\/en\/#website\"},\"datePublished\":\"2015-07-21T11:33:13+00:00\",\"dateModified\":\"2025-06-28T19:25:14+00:00\",\"description\":\"\u041d\u0430\u0434\u0443\u0432\u043d\u044b\u0435 \u0434\u0438\u0432\u0430\u043d\u044b \u0432 \u0430\u0440\u0435\u043d\u0434\u0443 \u0434\u043b\u044f \u0443\u044e\u0442\u043d\u044b\u0445 \u043b\u0430\u0443\u043d\u0436-\u0437\u043e\u043d \u043d\u0430 \u043c\u0435\u0440\u043e\u043f\u0440\u0438\u044f\u0442\u0438\u044f\u0445. \u041b\u0435\u0433\u043a\u0438\u0435 \u0438 \u0441\u0442\u0438\u043b\u044c\u043d\u044b\u0435.\",\"breadcrumb\":{\"@id\":\"https:\/\/akurats.com\/ru\/oborudovanie\/naduvnye-divany\/#breadcrumb\"},\"inLanguage\":\"ru-RU\",\"potentialAction\":[{\"@type\":\"ReadAction\",\"target\":[\"https:\/\/akurats.com\/ru\/oborudovanie\/naduvnye-divany\/\"]}]},{\"@type\":\"BreadcrumbList\",\"@id\":\"https:\/\/akurats.com\/ru\/oborudovanie\/naduvnye-divany\/#breadcrumb\",\"itemListElement\":[{\"@type\":\"ListItem\",\"position\":1,\"name\":\"Home\",\"item\":\"https:\/\/akurats.com\/ru\/\"},{\"@type\":\"ListItem\",\"position\":2,\"name\":\"\u041e\u0431\u043e\u0440\u0443\u0434\u043e\u0432\u0430\u043d\u0438\u0435\",\"item\":\"https:\/\/akurats.com\/ru\/oborudovanie\/\"},{\"@type\":\"ListItem\",\"position\":3,\"name\":\"\u041d\u0430\u0434\u0443\u0432\u043d\u044b\u0435 \u0434\u0438\u0432\u0430\u043d\u044b\"}]},{\"@type\":\"WebSite\",\"@id\":\"https:\/\/akurats.com\/en\/#website\",\"url\":\"https:\/\/akurats.com\/en\/\",\"name\":\"Akur\u0101ts\",\"description\":\"\u0441\u0435\u0440\u0432\u0438\u0441 \u043e\u0431\u043e\u0440\u0443\u0434\u043e\u0432\u0430\u043d\u0438\u044f \u0434\u043b\u044f \u043c\u0435\u0440\u043e\u043f\u0440\u0438\u044f\u0442\u0438\u0439\",\"publisher\":{\"@id\":\"https:\/\/akurats.com\/en\/#organization\"},\"alternateName\":\"Event equipment service\",\"potentialAction\":[{\"@type\":\"SearchAction\",\"target\":{\"@type\":\"EntryPoint\",\"urlTemplate\":\"https:\/\/akurats.com\/en\/?s={search_term_string}\"},\"query-input\":\"required name=search_term_string\"}],\"inLanguage\":\"ru-RU\"},{\"@type\":\"Organization\",\"@id\":\"https:\/\/akurats.com\/en\/#organization\",\"name\":\"Akur\u0101ts\",\"alternateName\":\"Event equipment service\",\"url\":\"https:\/\/akurats.com\/en\/\",\"logo\":{\"@type\":\"ImageObject\",\"inLanguage\":\"ru-RU\",\"@id\":\"https:\/\/akurats.com\/en\/#\/schema\/logo\/image\/\",\"url\":\"https:\/\/akurats.com\/wp-content\/uploads\/2015\/06\/A_logo.png\",\"contentUrl\":\"https:\/\/akurats.com\/wp-content\/uploads\/2015\/06\/A_logo.png\",\"width\":77,\"height\":70,\"caption\":\"Akur\u0101ts\"},\"image\":{\"@id\":\"https:\/\/akurats.com\/en\/#\/schema\/logo\/image\/\"},\"sameAs\":[\"https:\/\/www.facebook.com\/AkuratsSIA\"]}]}<\/script>\n<!-- \/ Yoast SEO plugin. -->","yoast_head_json":{"title":"\u041d\u0430\u0434\u0443\u0432\u043d\u044b\u0435 \u0434\u0438\u0432\u0430\u043d\u044b | Akurats.lv","description":"\u041d\u0430\u0434\u0443\u0432\u043d\u044b\u0435 \u0434\u0438\u0432\u0430\u043d\u044b \u0432 \u0430\u0440\u0435\u043d\u0434\u0443 \u0434\u043b\u044f \u0443\u044e\u0442\u043d\u044b\u0445 \u043b\u0430\u0443\u043d\u0436-\u0437\u043e\u043d \u043d\u0430 \u043c\u0435\u0440\u043e\u043f\u0440\u0438\u044f\u0442\u0438\u044f\u0445. \u041b\u0435\u0433\u043a\u0438\u0435 \u0438 \u0441\u0442\u0438\u043b\u044c\u043d\u044b\u0435.","robots":{"index":"index","follow":"follow","max-snippet":"max-snippet:-1","max-image-preview":"max-image-preview:large","max-video-preview":"max-video-preview:-1"},"canonical":"https:\/\/akurats.com\/ru\/oborudovanie\/naduvnye-divany\/","twitter_misc":{"\u041f\u0440\u0438\u043c\u0435\u0440\u043d\u043e\u0435 \u0432\u0440\u0435\u043c\u044f \u0434\u043b\u044f \u0447\u0442\u0435\u043d\u0438\u044f":"2 \u043c\u0438\u043d\u0443\u0442\u044b"},"schema":{"@context":"https:\/\/schema.org","@graph":[{"@type":"WebPage","@id":"https:\/\/akurats.com\/ru\/oborudovanie\/naduvnye-divany\/","url":"https:\/\/akurats.com\/ru\/oborudovanie\/naduvnye-divany\/","name":"\u041d\u0430\u0434\u0443\u0432\u043d\u044b\u0435 \u0434\u0438\u0432\u0430\u043d\u044b | Akurats.lv","isPartOf":{"@id":"https:\/\/akurats.com\/en\/#website"},"datePublished":"2015-07-21T11:33:13+00:00","dateModified":"2025-06-28T19:25:14+00:00","description":"\u041d\u0430\u0434\u0443\u0432\u043d\u044b\u0435 \u0434\u0438\u0432\u0430\u043d\u044b \u0432 \u0430\u0440\u0435\u043d\u0434\u0443 \u0434\u043b\u044f \u0443\u044e\u0442\u043d\u044b\u0445 \u043b\u0430\u0443\u043d\u0436-\u0437\u043e\u043d \u043d\u0430 \u043c\u0435\u0440\u043e\u043f\u0440\u0438\u044f\u0442\u0438\u044f\u0445. \u041b\u0435\u0433\u043a\u0438\u0435 \u0438 \u0441\u0442\u0438\u043b\u044c\u043d\u044b\u0435.","breadcrumb":{"@id":"https:\/\/akurats.com\/ru\/oborudovanie\/naduvnye-divany\/#breadcrumb"},"inLanguage":"ru-RU","potentialAction":[{"@type":"ReadAction","target":["https:\/\/akurats.com\/ru\/oborudovanie\/naduvnye-divany\/"]}]},{"@type":"BreadcrumbList","@id":"https:\/\/akurats.com\/ru\/oborudovanie\/naduvnye-divany\/#breadcrumb","itemListElement":[{"@type":"ListItem","position":1,"name":"Home","item":"https:\/\/akurats.com\/ru\/"},{"@type":"ListItem","position":2,"name":"\u041e\u0431\u043e\u0440\u0443\u0434\u043e\u0432\u0430\u043d\u0438\u0435","item":"https:\/\/akurats.com\/ru\/oborudovanie\/"},{"@type":"ListItem","position":3,"name":"\u041d\u0430\u0434\u0443\u0432\u043d\u044b\u0435 \u0434\u0438\u0432\u0430\u043d\u044b"}]},{"@type":"WebSite","@id":"https:\/\/akurats.com\/en\/#website","url":"https:\/\/akurats.com\/en\/","name":"Akur\u0101ts","description":"\u0441\u0435\u0440\u0432\u0438\u0441 \u043e\u0431\u043e\u0440\u0443\u0434\u043e\u0432\u0430\u043d\u0438\u044f \u0434\u043b\u044f \u043c\u0435\u0440\u043e\u043f\u0440\u0438\u044f\u0442\u0438\u0439","publisher":{"@id":"https:\/\/akurats.com\/en\/#organization"},"alternateName":"Event equipment service","potentialAction":[{"@type":"SearchAction","target":{"@type":"EntryPoint","urlTemplate":"https:\/\/akurats.com\/en\/?s={search_term_string}"},"query-input":"required name=search_term_string"}],"inLanguage":"ru-RU"},{"@type":"Organization","@id":"https:\/\/akurats.com\/en\/#organization","name":"Akur\u0101ts","alternateName":"Event equipment service","url":"https:\/\/akurats.com\/en\/","logo":{"@type":"ImageObject","inLanguage":"ru-RU","@id":"https:\/\/akurats.com\/en\/#\/schema\/logo\/image\/","url":"https:\/\/akurats.com\/wp-content\/uploads\/2015\/06\/A_logo.png","contentUrl":"https:\/\/akurats.com\/wp-content\/uploads\/2015\/06\/A_logo.png","width":77,"height":70,"caption":"Akur\u0101ts"},"image":{"@id":"https:\/\/akurats.com\/en\/#\/schema\/logo\/image\/"},"sameAs":["https:\/\/www.facebook.com\/AkuratsSIA"]}]}},"_links":{"self":[{"href":"https:\/\/akurats.com\/ru\/wp-json\/wp\/v2\/pages\/3149"}],"collection":[{"href":"https:\/\/akurats.com\/ru\/wp-json\/wp\/v2\/pages"}],"about":[{"href":"https:\/\/akurats.com\/ru\/wp-json\/wp\/v2\/types\/page"}],"author":[{"embeddable":true,"href":"https:\/\/akurats.com\/ru\/wp-json\/wp\/v2\/users\/1"}],"replies":[{"embeddable":true,"href":"https:\/\/akurats.com\/ru\/wp-json\/wp\/v2\/comments?post=3149"}],"version-history":[{"count":7,"href":"https:\/\/akurats.com\/ru\/wp-json\/wp\/v2\/pages\/3149\/revisions"}],"predecessor-version":[{"id":4358,"href":"https:\/\/akurats.com\/ru\/wp-json\/wp\/v2\/pages\/3149\/revisions\/4358"}],"up":[{"embeddable":true,"href":"https:\/\/akurats.com\/ru\/wp-json\/wp\/v2\/pages\/2155"}],"wp:featuredmedia":[{"embeddable":true,"href":"https:\/\/akurats.com\/ru\/wp-json\/wp\/v2\/media\/3567"}],"wp:attachment":[{"href":"https:\/\/akurats.com\/ru\/wp-json\/wp\/v2\/media?parent=3149"}],"curies":[{"name":"wp","href":"https:\/\/api.w.org\/{rel}","templated":true}]}}