{"id":3148,"date":"2015-07-21T12:20:06","date_gmt":"2015-07-21T12:20:06","guid":{"rendered":"https:\/\/akurats.com\/oborudovanie\/paklaji\/"},"modified":"2025-06-28T19:15:53","modified_gmt":"2025-06-28T19:15:53","slug":"kovrovoe-pokrytie","status":"publish","type":"page","link":"https:\/\/akurats.com\/ru\/oborudovanie\/kovrovoe-pokrytie\/","title":{"rendered":"K\u043e\u0432\u0440\u043e\u0432\u043e\u0435 \u043f\u043e\u043a\u0440\u044b\u0442\u0438\u0435"},"content":{"rendered":"<div id=\"pl-3148\"  class=\"panel-layout\" ><div id=\"pg-3148-0\"  class=\"panel-grid panel-no-style\" ><div id=\"pgc-3148-0-0\"  class=\"panel-grid-cell\" ><div id=\"panel-3148-0-0-0\" class=\"so-panel widget widget_black-studio-tinymce widget_black_studio_tinymce panel-first-child panel-last-child\" data-index=\"0\" ><div class=\"textwidget\"><p><a href=\"https:\/\/akurats.com\/wp-content\/uploads\/2015\/07\/paklaji-1.jpg\"><img src=\"https:\/\/akurats.com\/wp-content\/uploads\/2015\/07\/paklaji-1-300x200.jpg\" alt=\"paklaji-1\" width=\"300\" height=\"200\" class=\"aligncenter size-thumbnail wp-image-1481\" \/><\/a><\/p>\n<\/div><\/div><\/div><div id=\"pgc-3148-0-1\"  class=\"panel-grid-cell\" ><div id=\"panel-3148-0-1-0\" class=\"so-panel widget widget_black-studio-tinymce widget_black_studio_tinymce panel-first-child panel-last-child\" data-index=\"1\" ><div class=\"textwidget\"><p><a href=\"https:\/\/akurats.com\/wp-content\/uploads\/2015\/07\/paklaji-2.jpg\"><img src=\"https:\/\/akurats.com\/wp-content\/uploads\/2015\/07\/paklaji-2-300x200.jpg\" alt=\"paklaji-2\" width=\"300\" height=\"200\" class=\"aligncenter size-thumbnail wp-image-1486\" \/><\/a><\/p>\n<\/div><\/div><\/div><div id=\"pgc-3148-0-2\"  class=\"panel-grid-cell\" ><div id=\"panel-3148-0-2-0\" class=\"so-panel widget widget_black-studio-tinymce widget_black_studio_tinymce panel-first-child panel-last-child\" data-index=\"2\" ><div class=\"textwidget\"><p><a href=\"https:\/\/akurats.com\/wp-content\/uploads\/2015\/07\/paklaji-3.jpg\"><img src=\"https:\/\/akurats.com\/wp-content\/uploads\/2015\/07\/paklaji-3-300x200.jpg\" alt=\"paklaji-3\" width=\"300\" height=\"200\" class=\"aligncenter size-thumbnail wp-image-1491\" \/><\/a><\/p>\n<\/div><\/div><\/div><div id=\"pgc-3148-0-3\"  class=\"panel-grid-cell\" ><div id=\"panel-3148-0-3-0\" class=\"so-panel widget widget_black-studio-tinymce widget_black_studio_tinymce panel-first-child panel-last-child\" data-index=\"3\" ><div class=\"textwidget\"><p><a href=\"https:\/\/akurats.com\/wp-content\/uploads\/2015\/07\/paklaji-4.jpg\"><img src=\"https:\/\/akurats.com\/wp-content\/uploads\/2015\/07\/paklaji-4-300x200.jpg\" alt=\"paklaji-4\" width=\"300\" height=\"200\" class=\"aligncenter size-thumbnail wp-image-1496\" \/><\/a><\/p>\n<\/div><\/div><\/div><\/div><div id=\"pg-3148-1\"  class=\"panel-grid panel-no-style\" ><div id=\"pgc-3148-1-0\"  class=\"panel-grid-cell\" ><div id=\"panel-3148-1-0-0\" class=\"so-panel widget widget_black-studio-tinymce widget_black_studio_tinymce panel-first-child panel-last-child\" data-index=\"4\" ><div class=\"textwidget\"><p>J\u016bsu r\u012bkotajos pas\u0101kumos pied\u0101v\u0101jam iekl\u0101t pakl\u0101jus. Pakl\u0101jus iesp\u0113jams izmantot ne tikai dz\u012bvojam\u0101s telp\u0101s, bet ar\u012b sabiedrisk\u0101s viet\u0101s \u2013 prezent\u0101cij\u0101s, izst\u0101d\u0113s, vies\u012bb\u0101s un da\u017e\u0101dos izklaides pas\u0101kumos.<br \/>\nIzv\u0113loties pareizo pakl\u0101ja kr\u0101su, tas J\u016bs pas\u0101kumam pie\u0161\u0137irs iecer\u0113to noska\u0146u- svin\u012bgumu, lieti\u0161\u0137umu vai romantismu. Izv\u0113lieties Jums piem\u0113roto kr\u0101su!<\/p>\n<p style=\"text-align: center;\"><a class=\"order-ru btn btn-primary\"><i class=\"fa fa-book pr-5\"><\/i>\u0417\u0410\u041f\u041e\u041b\u041d\u0418\u0422\u042c \u0417\u0410\u042f\u0412\u041a\u0423<\/a><\/p>\n<p style=\"text-align: center;\"><a href=\"https:\/\/akurats.com\/wp-content\/uploads\/2015\/07\/paklajs.jpg\"><img class=\"alignnone size-large wp-image-3432\" src=\"https:\/\/akurats.com\/wp-content\/uploads\/2015\/07\/paklajs-1024x731.jpg\" alt=\"paklajs\" width=\"1024\" height=\"731\" \/><\/a><\/p>\n<\/div><\/div><\/div><\/div><\/div>","protected":false},"excerpt":{"rendered":"<p>J\u016bsu r\u012bkotajos pas\u0101kumos pied\u0101v\u0101jam iekl\u0101t pakl\u0101jus. Pakl\u0101jus iesp\u0113jams izmantot ne tikai dz\u012bvojam\u0101s telp\u0101s, bet ar\u012b sabiedrisk\u0101s viet\u0101s \u2013 prezent\u0101cij\u0101s, izst\u0101d\u0113s, vies\u012bb\u0101s un da\u017e\u0101dos izklaides pas\u0101kumos. Izv\u0113loties pareizo pakl\u0101ja kr\u0101su, tas J\u016bs pas\u0101kumam pie\u0161\u0137irs iecer\u0113to noska\u0146u- svin\u012bgumu, lieti\u0161\u0137umu vai romantismu. Izv\u0113lieties Jums piem\u0113roto kr\u0101su! \u0417\u0410\u041f\u041e\u041b\u041d\u0418\u0422\u042c \u0417\u0410\u042f\u0412\u041a\u0423<\/p>\n","protected":false},"author":1,"featured_media":3435,"parent":2155,"menu_order":0,"comment_status":"closed","ping_status":"closed","template":"","meta":[],"acf":[],"yoast_head":"<!-- This site is optimized with the Yoast SEO plugin v19.9 - https:\/\/yoast.com\/wordpress\/plugins\/seo\/ -->\n<title>\u041a\u043e\u0432\u0440\u044b | Akurats<\/title>\n<meta name=\"description\" content=\"\u0418\u0449\u0435\u0442\u0435 \u043a\u043e\u0432\u0440\u044b \u043f\u043e \u0432\u044b\u0433\u043e\u0434\u043d\u044b\u043c \u0446\u0435\u043d\u0430\u043c? \u0422\u043e\u0433\u0434\u0430 \u0432\u044b\u0431\u0438\u0440\u0430\u0439\u0442\u0435 Akur\u0101ts! \u0410\u0440\u0435\u043d\u0434\u0443\u0439\u0442\u0435 \u043a\u043e\u0432\u0440\u044b \u0440\u0430\u0437\u043d\u044b\u0445 \u0440\u0430\u0437\u043c\u0435\u0440\u043e\u0432 \u043f\u043e \u0432\u044b\u0433\u043e\u0434\u043d\u044b\u043c \u0446\u0435\u043d\u0430\u043c. \u041e\u0431\u0440\u0430\u0449\u0430\u0439\u0442\u0435\u0441\u044c \u0441\u044e\u0434\u0430!\" \/>\n<meta name=\"robots\" content=\"index, follow, max-snippet:-1, max-image-preview:large, max-video-preview:-1\" \/>\n<link rel=\"canonical\" href=\"https:\/\/akurats.com\/ru\/oborudovanie\/kovrovoe-pokrytie\/\" \/>\n<meta name=\"twitter:label1\" content=\"\u041f\u0440\u0438\u043c\u0435\u0440\u043d\u043e\u0435 \u0432\u0440\u0435\u043c\u044f \u0434\u043b\u044f \u0447\u0442\u0435\u043d\u0438\u044f\" \/>\n\t<meta name=\"twitter:data1\" content=\"2 \u043c\u0438\u043d\u0443\u0442\u044b\" \/>\n<script type=\"application\/ld+json\" class=\"yoast-schema-graph\">{\"@context\":\"https:\/\/schema.org\",\"@graph\":[{\"@type\":\"WebPage\",\"@id\":\"https:\/\/akurats.com\/ru\/oborudovanie\/kovrovoe-pokrytie\/\",\"url\":\"https:\/\/akurats.com\/ru\/oborudovanie\/kovrovoe-pokrytie\/\",\"name\":\"\u041a\u043e\u0432\u0440\u044b | Akurats\",\"isPartOf\":{\"@id\":\"https:\/\/akurats.com\/en\/#website\"},\"datePublished\":\"2015-07-21T12:20:06+00:00\",\"dateModified\":\"2025-06-28T19:15:53+00:00\",\"description\":\"\u0418\u0449\u0435\u0442\u0435 \u043a\u043e\u0432\u0440\u044b \u043f\u043e \u0432\u044b\u0433\u043e\u0434\u043d\u044b\u043c \u0446\u0435\u043d\u0430\u043c? \u0422\u043e\u0433\u0434\u0430 \u0432\u044b\u0431\u0438\u0440\u0430\u0439\u0442\u0435 Akur\u0101ts! \u0410\u0440\u0435\u043d\u0434\u0443\u0439\u0442\u0435 \u043a\u043e\u0432\u0440\u044b \u0440\u0430\u0437\u043d\u044b\u0445 \u0440\u0430\u0437\u043c\u0435\u0440\u043e\u0432 \u043f\u043e \u0432\u044b\u0433\u043e\u0434\u043d\u044b\u043c \u0446\u0435\u043d\u0430\u043c. \u041e\u0431\u0440\u0430\u0449\u0430\u0439\u0442\u0435\u0441\u044c \u0441\u044e\u0434\u0430!\",\"breadcrumb\":{\"@id\":\"https:\/\/akurats.com\/ru\/oborudovanie\/kovrovoe-pokrytie\/#breadcrumb\"},\"inLanguage\":\"ru-RU\",\"potentialAction\":[{\"@type\":\"ReadAction\",\"target\":[\"https:\/\/akurats.com\/ru\/oborudovanie\/kovrovoe-pokrytie\/\"]}]},{\"@type\":\"BreadcrumbList\",\"@id\":\"https:\/\/akurats.com\/ru\/oborudovanie\/kovrovoe-pokrytie\/#breadcrumb\",\"itemListElement\":[{\"@type\":\"ListItem\",\"position\":1,\"name\":\"Home\",\"item\":\"https:\/\/akurats.com\/ru\/\"},{\"@type\":\"ListItem\",\"position\":2,\"name\":\"\u041e\u0431\u043e\u0440\u0443\u0434\u043e\u0432\u0430\u043d\u0438\u0435\",\"item\":\"https:\/\/akurats.com\/ru\/oborudovanie\/\"},{\"@type\":\"ListItem\",\"position\":3,\"name\":\"K\u043e\u0432\u0440\u043e\u0432\u043e\u0435 \u043f\u043e\u043a\u0440\u044b\u0442\u0438\u0435\"}]},{\"@type\":\"WebSite\",\"@id\":\"https:\/\/akurats.com\/en\/#website\",\"url\":\"https:\/\/akurats.com\/en\/\",\"name\":\"Akur\u0101ts\",\"description\":\"\u0441\u0435\u0440\u0432\u0438\u0441 \u043e\u0431\u043e\u0440\u0443\u0434\u043e\u0432\u0430\u043d\u0438\u044f \u0434\u043b\u044f \u043c\u0435\u0440\u043e\u043f\u0440\u0438\u044f\u0442\u0438\u0439\",\"publisher\":{\"@id\":\"https:\/\/akurats.com\/en\/#organization\"},\"alternateName\":\"Event equipment service\",\"potentialAction\":[{\"@type\":\"SearchAction\",\"target\":{\"@type\":\"EntryPoint\",\"urlTemplate\":\"https:\/\/akurats.com\/en\/?s={search_term_string}\"},\"query-input\":\"required name=search_term_string\"}],\"inLanguage\":\"ru-RU\"},{\"@type\":\"Organization\",\"@id\":\"https:\/\/akurats.com\/en\/#organization\",\"name\":\"Akur\u0101ts\",\"alternateName\":\"Event equipment service\",\"url\":\"https:\/\/akurats.com\/en\/\",\"logo\":{\"@type\":\"ImageObject\",\"inLanguage\":\"ru-RU\",\"@id\":\"https:\/\/akurats.com\/en\/#\/schema\/logo\/image\/\",\"url\":\"https:\/\/akurats.com\/wp-content\/uploads\/2015\/06\/A_logo.png\",\"contentUrl\":\"https:\/\/akurats.com\/wp-content\/uploads\/2015\/06\/A_logo.png\",\"width\":77,\"height\":70,\"caption\":\"Akur\u0101ts\"},\"image\":{\"@id\":\"https:\/\/akurats.com\/en\/#\/schema\/logo\/image\/\"},\"sameAs\":[\"https:\/\/www.facebook.com\/AkuratsSIA\"]}]}<\/script>\n<!-- \/ Yoast SEO plugin. -->","yoast_head_json":{"title":"\u041a\u043e\u0432\u0440\u044b | Akurats","description":"\u0418\u0449\u0435\u0442\u0435 \u043a\u043e\u0432\u0440\u044b \u043f\u043e \u0432\u044b\u0433\u043e\u0434\u043d\u044b\u043c \u0446\u0435\u043d\u0430\u043c? \u0422\u043e\u0433\u0434\u0430 \u0432\u044b\u0431\u0438\u0440\u0430\u0439\u0442\u0435 Akur\u0101ts! \u0410\u0440\u0435\u043d\u0434\u0443\u0439\u0442\u0435 \u043a\u043e\u0432\u0440\u044b \u0440\u0430\u0437\u043d\u044b\u0445 \u0440\u0430\u0437\u043c\u0435\u0440\u043e\u0432 \u043f\u043e \u0432\u044b\u0433\u043e\u0434\u043d\u044b\u043c \u0446\u0435\u043d\u0430\u043c. \u041e\u0431\u0440\u0430\u0449\u0430\u0439\u0442\u0435\u0441\u044c \u0441\u044e\u0434\u0430!","robots":{"index":"index","follow":"follow","max-snippet":"max-snippet:-1","max-image-preview":"max-image-preview:large","max-video-preview":"max-video-preview:-1"},"canonical":"https:\/\/akurats.com\/ru\/oborudovanie\/kovrovoe-pokrytie\/","twitter_misc":{"\u041f\u0440\u0438\u043c\u0435\u0440\u043d\u043e\u0435 \u0432\u0440\u0435\u043c\u044f \u0434\u043b\u044f \u0447\u0442\u0435\u043d\u0438\u044f":"2 \u043c\u0438\u043d\u0443\u0442\u044b"},"schema":{"@context":"https:\/\/schema.org","@graph":[{"@type":"WebPage","@id":"https:\/\/akurats.com\/ru\/oborudovanie\/kovrovoe-pokrytie\/","url":"https:\/\/akurats.com\/ru\/oborudovanie\/kovrovoe-pokrytie\/","name":"\u041a\u043e\u0432\u0440\u044b | Akurats","isPartOf":{"@id":"https:\/\/akurats.com\/en\/#website"},"datePublished":"2015-07-21T12:20:06+00:00","dateModified":"2025-06-28T19:15:53+00:00","description":"\u0418\u0449\u0435\u0442\u0435 \u043a\u043e\u0432\u0440\u044b \u043f\u043e \u0432\u044b\u0433\u043e\u0434\u043d\u044b\u043c \u0446\u0435\u043d\u0430\u043c? \u0422\u043e\u0433\u0434\u0430 \u0432\u044b\u0431\u0438\u0440\u0430\u0439\u0442\u0435 Akur\u0101ts! \u0410\u0440\u0435\u043d\u0434\u0443\u0439\u0442\u0435 \u043a\u043e\u0432\u0440\u044b \u0440\u0430\u0437\u043d\u044b\u0445 \u0440\u0430\u0437\u043c\u0435\u0440\u043e\u0432 \u043f\u043e \u0432\u044b\u0433\u043e\u0434\u043d\u044b\u043c \u0446\u0435\u043d\u0430\u043c. \u041e\u0431\u0440\u0430\u0449\u0430\u0439\u0442\u0435\u0441\u044c \u0441\u044e\u0434\u0430!","breadcrumb":{"@id":"https:\/\/akurats.com\/ru\/oborudovanie\/kovrovoe-pokrytie\/#breadcrumb"},"inLanguage":"ru-RU","potentialAction":[{"@type":"ReadAction","target":["https:\/\/akurats.com\/ru\/oborudovanie\/kovrovoe-pokrytie\/"]}]},{"@type":"BreadcrumbList","@id":"https:\/\/akurats.com\/ru\/oborudovanie\/kovrovoe-pokrytie\/#breadcrumb","itemListElement":[{"@type":"ListItem","position":1,"name":"Home","item":"https:\/\/akurats.com\/ru\/"},{"@type":"ListItem","position":2,"name":"\u041e\u0431\u043e\u0440\u0443\u0434\u043e\u0432\u0430\u043d\u0438\u0435","item":"https:\/\/akurats.com\/ru\/oborudovanie\/"},{"@type":"ListItem","position":3,"name":"K\u043e\u0432\u0440\u043e\u0432\u043e\u0435 \u043f\u043e\u043a\u0440\u044b\u0442\u0438\u0435"}]},{"@type":"WebSite","@id":"https:\/\/akurats.com\/en\/#website","url":"https:\/\/akurats.com\/en\/","name":"Akur\u0101ts","description":"\u0441\u0435\u0440\u0432\u0438\u0441 \u043e\u0431\u043e\u0440\u0443\u0434\u043e\u0432\u0430\u043d\u0438\u044f \u0434\u043b\u044f \u043c\u0435\u0440\u043e\u043f\u0440\u0438\u044f\u0442\u0438\u0439","publisher":{"@id":"https:\/\/akurats.com\/en\/#organization"},"alternateName":"Event equipment service","potentialAction":[{"@type":"SearchAction","target":{"@type":"EntryPoint","urlTemplate":"https:\/\/akurats.com\/en\/?s={search_term_string}"},"query-input":"required name=search_term_string"}],"inLanguage":"ru-RU"},{"@type":"Organization","@id":"https:\/\/akurats.com\/en\/#organization","name":"Akur\u0101ts","alternateName":"Event equipment service","url":"https:\/\/akurats.com\/en\/","logo":{"@type":"ImageObject","inLanguage":"ru-RU","@id":"https:\/\/akurats.com\/en\/#\/schema\/logo\/image\/","url":"https:\/\/akurats.com\/wp-content\/uploads\/2015\/06\/A_logo.png","contentUrl":"https:\/\/akurats.com\/wp-content\/uploads\/2015\/06\/A_logo.png","width":77,"height":70,"caption":"Akur\u0101ts"},"image":{"@id":"https:\/\/akurats.com\/en\/#\/schema\/logo\/image\/"},"sameAs":["https:\/\/www.facebook.com\/AkuratsSIA"]}]}},"_links":{"self":[{"href":"https:\/\/akurats.com\/ru\/wp-json\/wp\/v2\/pages\/3148"}],"collection":[{"href":"https:\/\/akurats.com\/ru\/wp-json\/wp\/v2\/pages"}],"about":[{"href":"https:\/\/akurats.com\/ru\/wp-json\/wp\/v2\/types\/page"}],"author":[{"embeddable":true,"href":"https:\/\/akurats.com\/ru\/wp-json\/wp\/v2\/users\/1"}],"replies":[{"embeddable":true,"href":"https:\/\/akurats.com\/ru\/wp-json\/wp\/v2\/comments?post=3148"}],"version-history":[{"count":5,"href":"https:\/\/akurats.com\/ru\/wp-json\/wp\/v2\/pages\/3148\/revisions"}],"predecessor-version":[{"id":4381,"href":"https:\/\/akurats.com\/ru\/wp-json\/wp\/v2\/pages\/3148\/revisions\/4381"}],"up":[{"embeddable":true,"href":"https:\/\/akurats.com\/ru\/wp-json\/wp\/v2\/pages\/2155"}],"wp:featuredmedia":[{"embeddable":true,"href":"https:\/\/akurats.com\/ru\/wp-json\/wp\/v2\/media\/3435"}],"wp:attachment":[{"href":"https:\/\/akurats.com\/ru\/wp-json\/wp\/v2\/media?parent=3148"}],"curies":[{"name":"wp","href":"https:\/\/api.w.org\/{rel}","templated":true}]}}