{"id":3145,"date":"2015-07-15T06:15:57","date_gmt":"2015-07-15T06:15:57","guid":{"rendered":"https:\/\/akurats.com\/oborudovanie\/kreslu-noma\/"},"modified":"2025-06-28T19:32:08","modified_gmt":"2025-06-28T19:32:08","slug":"stulya-v-arendu","status":"publish","type":"page","link":"https:\/\/akurats.com\/ru\/oborudovanie\/stulya-v-arendu\/","title":{"rendered":"\u0421\u0442\u0443\u043b\u044c\u044f \u0432 \u0430\u0440\u0435\u043d\u0434\u0443"},"content":{"rendered":"<div id=\"pl-3145\"  class=\"panel-layout\" ><div id=\"pg-3145-0\"  class=\"panel-grid panel-no-style\" ><div id=\"pgc-3145-0-0\"  class=\"panel-grid-cell\" ><div id=\"panel-3145-0-0-0\" class=\"so-panel widget widget_black-studio-tinymce widget_black_studio_tinymce panel-first-child panel-last-child\" data-index=\"0\" ><div class=\"textwidget\"><p><a href=\"https:\/\/akurats.com\/wp-content\/uploads\/2015\/07\/kresli.jpg\"><img src=\"https:\/\/akurats.com\/wp-content\/uploads\/2015\/07\/kresli-300x200.jpg\" alt=\"kresli\" width=\"300\" height=\"200\" class=\"aligncenter size-thumbnail wp-image-1238\" \/><\/a><\/p>\n<\/div><\/div><\/div><div id=\"pgc-3145-0-1\"  class=\"panel-grid-cell\" ><div id=\"panel-3145-0-1-0\" class=\"so-panel widget widget_black-studio-tinymce widget_black_studio_tinymce panel-first-child panel-last-child\" data-index=\"1\" ><div class=\"textwidget\"><p><a href=\"https:\/\/akurats.com\/wp-content\/uploads\/2015\/07\/kresli2.jpg\"><img src=\"https:\/\/akurats.com\/wp-content\/uploads\/2015\/07\/kresli2-300x200.jpg\" alt=\"kresli2\" width=\"300\" height=\"200\" class=\"aligncenter size-thumbnail wp-image-1243\" \/><\/a><\/p>\n<\/div><\/div><\/div><div id=\"pgc-3145-0-2\"  class=\"panel-grid-cell\" ><div id=\"panel-3145-0-2-0\" class=\"so-panel widget widget_black-studio-tinymce widget_black_studio_tinymce panel-first-child panel-last-child\" data-index=\"2\" ><div class=\"textwidget\"><p><a href=\"https:\/\/akurats.com\/wp-content\/uploads\/2015\/07\/kresli3.jpg\"><img src=\"https:\/\/akurats.com\/wp-content\/uploads\/2015\/07\/kresli3-300x200.jpg\" alt=\"kresli3\" width=\"300\" height=\"200\" class=\"aligncenter size-thumbnail wp-image-1248\" \/><\/a><\/p>\n<\/div><\/div><\/div><\/div><div id=\"pg-3145-1\"  class=\"panel-grid panel-no-style\" ><div id=\"pgc-3145-1-0\"  class=\"panel-grid-cell\" ><div id=\"panel-3145-1-0-0\" class=\"so-panel widget widget_black-studio-tinymce widget_black_studio_tinymce panel-first-child\" data-index=\"3\" ><div class=\"textwidget\"><table class=\"table\">\n<thead>\n<tr class=\"active\">\n<th colspan=\"2\"><center>Tehniskie parametri<\/center><\/th>\n<\/tr>\n<\/thead>\n<tbody>\n<tr>\n<td>Platums<\/td>\n<td>450mm<\/td>\n<\/tr>\n<tr>\n<td>Garums<\/td>\n<td>800mm<\/td>\n<\/tr>\n<tr>\n<td>Kr\u0101sa<\/td>\n<td>melna<\/td>\n<\/tr>\n<tr>\n<td>R\u0101mis<\/td>\n<td>gai\u0161i pel\u0113ks, met\u0101la<\/td>\n<\/tr>\n<tr>\n<td>Uguns iztur\u012bbas klase<\/td>\n<td>M3<\/td>\n<\/tr>\n<\/tbody>\n<\/table>\n<h3><b>Mont\u0101\u017ea:<\/b><\/h3>\n<p>Kr\u0113slu mont\u0101\u017eu\/demont\u0101\u017eu veic Sia Akur\u0101ts darbinieki.<\/p>\n<p>Viens no pakalpojumiem, ko pied\u0101v\u0101 Akur\u0101ts, ir pas\u0101kumu kr\u0113slu noma. M\u0113s pied\u0101v\u0101jam da\u017e\u0101du veidu kr\u0113slus, kas lieliski ieder\u0113sies ikvien\u0101 pas\u0101kum\u0101, nodro\u0161inot apmekl\u0113t\u0101ju komfortu un \u0113rt\u012bbas. Kr\u0113slu noma ir ar\u012b lielisks veids, k\u0101 ietaup\u012bt gad\u012bjumos, kad nepiecie\u0161ami kr\u0113sli tikai \u012bpa\u0161iem gad\u012bjumiem, jo tie nav j\u0101ieg\u0101d\u0101jas un j\u0101maks\u0101 ir tikai par to laiku, kad kr\u0113sli patie\u0161\u0101m ir nepiecie\u0161ami.<\/p>\n<p>M\u016bsu pied\u0101v\u0101t\u0101 kr\u0113slu noma ir piem\u0113rota ikvienam pas\u0101kumam, kur apmekl\u0113t\u0101jiem nepiecie\u0161ams aps\u0113sties kaut vai uz neilgu laiku \u2013 k\u0101z\u0101m, banketiem, festiv\u0101liem, sporta sp\u0113l\u0113m un citiem. Akur\u0101ts pied\u0101v\u0101jum\u0101 ietilpst tr\u012bs da\u017e\u0101du veidu kr\u0113sli, \u013caujot ikvienam atrast piem\u0113rot\u0101ko risin\u0101jumu.<\/p>\n<h3><b>Viegli p\u0101rvietojami, melni kr\u0113sli<\/b><\/h3>\n<p><a href=\"https:\/\/akurats.com\/wp-content\/uploads\/2015\/07\/kresli3.jpg\"><img src=\"https:\/\/akurats.com\/wp-content\/uploads\/2015\/07\/kresli3-300x200.jpg\" alt=\"kresli3\" width=\"300\" height=\"200\" class=\"alignleft size-thumbnail wp-image-1248\" \/><\/a>Vienk\u0101r\u0161\u0101kais no m\u016bsu kr\u0113slu nomas pied\u0101v\u0101tajiem kr\u0113slu veidiem ir <b>vienk\u0101r\u0161i, melni, vieglu p\u0101rvietojami kr\u0113sli.<\/b> \u0160ie kr\u0113sli ir univers\u0101li, jo to vienk\u0101r\u0161ais izskats ieder\u0113sies ikvien\u0101 pas\u0101kum\u0101.<\/p>\n<ul>\n<li>Kr\u0113sli ir \u0113rti p\u0101rvietojami, un nepiecie\u0161am\u012bbas gad\u012bjum\u0101, tos var \u0113rti novietot telpas mal\u0101s, atbr\u012bvojot vietu da\u017e\u0101d\u0101m aktivit\u0101t\u0113m.<\/li>\n<li>\u0160ie kr\u0113sli ir meln\u0101 kr\u0101s\u0101 ar gai\u0161i pel\u0113ku met\u0101la r\u0101mi.<\/li>\n<li>Kr\u0113slu garums ir 80 centimetri, bet platums \u2013 45 centimetri.<\/li>\n<\/ul>\n<\/div><\/div><div id=\"panel-3145-1-0-1\" class=\"so-panel widget widget_black-studio-tinymce widget_black_studio_tinymce\" data-index=\"4\" ><div class=\"textwidget\"><h3><b>Banketu kr\u0113sli<\/b><\/h3>\n<p><a href=\"https:\/\/akurats.com\/wp-content\/uploads\/2015\/07\/banketu-kresli-2.jpg\"><img src=\"https:\/\/akurats.com\/wp-content\/uploads\/2015\/07\/banketu-kresli-2-300x200.jpg\" alt=\"banketu-kresli-2\" width=\"300\" height=\"200\" class=\"alignleft size-thumbnail wp-image-1277\" \/><\/a>Otrs kr\u0113slu veids, ko pied\u0101v\u0101 Akur\u0101ts kr\u0113slu noma ir <b>banketu kr\u0113sli.<\/b> Tie ir izgatavoti no m\u012bksta materi\u0101la, nodro\u0161inot lielisku komfortu pas\u0101kumos, kur kr\u0113sl\u0101 nepiecie\u0161ams pavad\u012bt ilg\u0101ku laiku. Kr\u0113sli ir meln\u0101 kr\u0101s\u0101 ar gai\u0161i pel\u0113ku met\u0101la r\u0101mi.<\/p>\n<\/div><\/div><div id=\"panel-3145-1-0-2\" class=\"so-panel widget widget_black-studio-tinymce widget_black_studio_tinymce panel-last-child\" data-index=\"5\" ><div class=\"textwidget\"><h3><b>B\u0101ra kr\u0113sli<\/b><\/h3>\n<p><a href=\"https:\/\/akurats.com\/wp-content\/uploads\/2015\/07\/bara-kresli-31.jpg\"><img src=\"https:\/\/akurats.com\/wp-content\/uploads\/2015\/07\/bara-kresli-31-300x200.jpg\" alt=\"bara-kresli-3\" width=\"300\" height=\"200\" class=\"alignleft size-thumbnail wp-image-2819\" \/><\/a>Tre\u0161ais no m\u016bsu kr\u0113slu nomas pied\u0101v\u0101tajiem kr\u0113slu veidiem ir gaum\u012bgie <b>b\u0101ra kr\u0113sli,<\/b> kas lieliski ieder\u0113sies vakara pas\u0101kumos, b\u0101ros un festiv\u0101los. Akur\u0101ts b\u0101ra kr\u0113sli:<\/p>\n<ul>\n<li>ir gandr\u012bz 80 centimetrus augsti, tum\u0161i pel\u0113ki kr\u0113sli ar gai\u0161u met\u0101la r\u0101mi.<\/li>\n<li>Kr\u0113slu diametrs ir 32 centimetri.<\/li>\n<\/ul>\n<p>Kr\u0113slu noma ir lielisks risin\u0101jums gad\u012bjumos, kad kr\u0113sli nepiecie\u0161ami uz sal\u012bdzino\u0161i neilgu laiku. Iznom\u0101t kr\u0113slus uz pas\u0101kuma laiku ir daudz l\u0113t\u0101k nek\u0101 tos ieg\u0101d\u0101ties, turkl\u0101t tas ir \u0113rti un vienk\u0101r\u0161i \u2013 jums atliek tikai sazin\u0101ties ar Akur\u0101ts darbiniekiem un pas\u016bt\u012bt nepiecie\u0161amo kr\u0113slu skaitu. M\u016bsu speci\u0101listi pal\u012bdz\u0113s jums izv\u0113l\u0113ties atbilsto\u0161\u0101ko kr\u0113slu veidu un skaitu.<\/p>\n<p>Turkl\u0101t, lai pas\u0101kumu organiz\u0113\u0161anu padar\u012btu v\u0113l vienk\u0101r\u0161\u0101ku, <b>m\u0113s pied\u0101v\u0101jam ar\u012b kr\u0113slu pieg\u0101di un mont\u0101\u017eu pirms un p\u0113c pas\u0101kuma.<\/b><\/p>\n<p>Kr\u0113slu nomas izmaksas ir atkar\u012bgas no kr\u0113slu veida, skaita un nepiecie\u0161am\u0101 lieto\u0161anas laika.<\/p>\n<p style=\"text-align: center;\"><a class=\"order-ru btn btn-primary\"><i class=\"fa fa-book pr-5\"><\/i>\u0417\u0410\u041f\u041e\u041b\u041d\u0418\u0422\u042c \u0417\u0410\u042f\u0412\u041a\u0423<\/a><\/p>\n<\/div><\/div><\/div><\/div><\/div>","protected":false},"excerpt":{"rendered":"<p>Tehniskie parametri Platums 450mm Garums 800mm Kr\u0101sa melna R\u0101mis gai\u0161i pel\u0113ks, met\u0101la Uguns iztur\u012bbas klase M3 Mont\u0101\u017ea: Kr\u0113slu mont\u0101\u017eu\/demont\u0101\u017eu veic Sia Akur\u0101ts darbinieki. Viens no pakalpojumiem, ko pied\u0101v\u0101 Akur\u0101ts, ir pas\u0101kumu kr\u0113slu noma. M\u0113s pied\u0101v\u0101jam da\u017e\u0101du veidu kr\u0113slus, kas lieliski ieder\u0113sies ikvien\u0101 pas\u0101kum\u0101, nodro\u0161inot apmekl\u0113t\u0101ju komfortu un \u0113rt\u012bbas. Kr\u0113slu noma ir ar\u012b lielisks veids, k\u0101 &hellip;<\/p>\n","protected":false},"author":1,"featured_media":1250,"parent":2155,"menu_order":0,"comment_status":"closed","ping_status":"closed","template":"","meta":[],"acf":[],"yoast_head":"<!-- This site is optimized with the Yoast SEO plugin v19.9 - https:\/\/yoast.com\/wordpress\/plugins\/seo\/ -->\n<title>\u0410\u0440\u0435\u043d\u0434\u0430 \u0441\u0442\u0443\u043b\u044c\u0435\u0432 | Akurats<\/title>\n<meta name=\"description\" content=\"\u0418\u0449\u0435\u0442\u0435, \u0433\u0434\u0435 \u0430\u0440\u0435\u043d\u0434\u043e\u0432\u0430\u0442\u044c \u0441\u0442\u0443\u043b\u044c\u044f? \u0422\u043e\u0433\u0434\u0430 \u0432\u044b\u0431\u0438\u0440\u0430\u0439\u0442\u0435 Akur\u0101ts! \u041d\u0438\u0437\u043a\u0438\u0435 \u0446\u0435\u043d\u044b. \u0425\u043e\u0440\u043e\u0448\u0435\u0435 \u043a\u0430\u0447\u0435\u0441\u0442\u0432\u043e. \u041e\u0442\u043b\u0438\u0447\u043d\u044b\u0439 \u0441\u0435\u0440\u0432\u0438\u0441. \u041d\u0430\u0436\u043c\u0438\u0442\u0435 \u0437\u0434\u0435\u0441\u044c, \u0447\u0442\u043e\u0431\u044b \u0443\u0437\u043d\u0430\u0442\u044c \u0431\u043e\u043b\u044c\u0448\u0435 \u043e\u0431 \u0443\u0441\u043b\u043e\u0432\u0438\u044f\u0445 \u0430\u0440\u0435\u043d\u0434\u044b!\" \/>\n<meta name=\"robots\" content=\"index, follow, max-snippet:-1, max-image-preview:large, max-video-preview:-1\" \/>\n<link rel=\"canonical\" href=\"https:\/\/akurats.com\/ru\/oborudovanie\/stulya-v-arendu\/\" \/>\n<meta name=\"twitter:label1\" content=\"\u041f\u0440\u0438\u043c\u0435\u0440\u043d\u043e\u0435 \u0432\u0440\u0435\u043c\u044f \u0434\u043b\u044f \u0447\u0442\u0435\u043d\u0438\u044f\" \/>\n\t<meta name=\"twitter:data1\" content=\"4 \u043c\u0438\u043d\u0443\u0442\u044b\" \/>\n<script type=\"application\/ld+json\" class=\"yoast-schema-graph\">{\"@context\":\"https:\/\/schema.org\",\"@graph\":[{\"@type\":\"WebPage\",\"@id\":\"https:\/\/akurats.com\/ru\/oborudovanie\/stulya-v-arendu\/\",\"url\":\"https:\/\/akurats.com\/ru\/oborudovanie\/stulya-v-arendu\/\",\"name\":\"\u0410\u0440\u0435\u043d\u0434\u0430 \u0441\u0442\u0443\u043b\u044c\u0435\u0432 | Akurats\",\"isPartOf\":{\"@id\":\"https:\/\/akurats.com\/en\/#website\"},\"datePublished\":\"2015-07-15T06:15:57+00:00\",\"dateModified\":\"2025-06-28T19:32:08+00:00\",\"description\":\"\u0418\u0449\u0435\u0442\u0435, \u0433\u0434\u0435 \u0430\u0440\u0435\u043d\u0434\u043e\u0432\u0430\u0442\u044c \u0441\u0442\u0443\u043b\u044c\u044f? \u0422\u043e\u0433\u0434\u0430 \u0432\u044b\u0431\u0438\u0440\u0430\u0439\u0442\u0435 Akur\u0101ts! \u041d\u0438\u0437\u043a\u0438\u0435 \u0446\u0435\u043d\u044b. \u0425\u043e\u0440\u043e\u0448\u0435\u0435 \u043a\u0430\u0447\u0435\u0441\u0442\u0432\u043e. \u041e\u0442\u043b\u0438\u0447\u043d\u044b\u0439 \u0441\u0435\u0440\u0432\u0438\u0441. \u041d\u0430\u0436\u043c\u0438\u0442\u0435 \u0437\u0434\u0435\u0441\u044c, \u0447\u0442\u043e\u0431\u044b \u0443\u0437\u043d\u0430\u0442\u044c \u0431\u043e\u043b\u044c\u0448\u0435 \u043e\u0431 \u0443\u0441\u043b\u043e\u0432\u0438\u044f\u0445 \u0430\u0440\u0435\u043d\u0434\u044b!\",\"breadcrumb\":{\"@id\":\"https:\/\/akurats.com\/ru\/oborudovanie\/stulya-v-arendu\/#breadcrumb\"},\"inLanguage\":\"ru-RU\",\"potentialAction\":[{\"@type\":\"ReadAction\",\"target\":[\"https:\/\/akurats.com\/ru\/oborudovanie\/stulya-v-arendu\/\"]}]},{\"@type\":\"BreadcrumbList\",\"@id\":\"https:\/\/akurats.com\/ru\/oborudovanie\/stulya-v-arendu\/#breadcrumb\",\"itemListElement\":[{\"@type\":\"ListItem\",\"position\":1,\"name\":\"Home\",\"item\":\"https:\/\/akurats.com\/ru\/\"},{\"@type\":\"ListItem\",\"position\":2,\"name\":\"\u041e\u0431\u043e\u0440\u0443\u0434\u043e\u0432\u0430\u043d\u0438\u0435\",\"item\":\"https:\/\/akurats.com\/ru\/oborudovanie\/\"},{\"@type\":\"ListItem\",\"position\":3,\"name\":\"\u0421\u0442\u0443\u043b\u044c\u044f \u0432 \u0430\u0440\u0435\u043d\u0434\u0443\"}]},{\"@type\":\"WebSite\",\"@id\":\"https:\/\/akurats.com\/en\/#website\",\"url\":\"https:\/\/akurats.com\/en\/\",\"name\":\"Akur\u0101ts\",\"description\":\"\u0441\u0435\u0440\u0432\u0438\u0441 \u043e\u0431\u043e\u0440\u0443\u0434\u043e\u0432\u0430\u043d\u0438\u044f \u0434\u043b\u044f \u043c\u0435\u0440\u043e\u043f\u0440\u0438\u044f\u0442\u0438\u0439\",\"publisher\":{\"@id\":\"https:\/\/akurats.com\/en\/#organization\"},\"alternateName\":\"Event equipment service\",\"potentialAction\":[{\"@type\":\"SearchAction\",\"target\":{\"@type\":\"EntryPoint\",\"urlTemplate\":\"https:\/\/akurats.com\/en\/?s={search_term_string}\"},\"query-input\":\"required name=search_term_string\"}],\"inLanguage\":\"ru-RU\"},{\"@type\":\"Organization\",\"@id\":\"https:\/\/akurats.com\/en\/#organization\",\"name\":\"Akur\u0101ts\",\"alternateName\":\"Event equipment service\",\"url\":\"https:\/\/akurats.com\/en\/\",\"logo\":{\"@type\":\"ImageObject\",\"inLanguage\":\"ru-RU\",\"@id\":\"https:\/\/akurats.com\/en\/#\/schema\/logo\/image\/\",\"url\":\"https:\/\/akurats.com\/wp-content\/uploads\/2015\/06\/A_logo.png\",\"contentUrl\":\"https:\/\/akurats.com\/wp-content\/uploads\/2015\/06\/A_logo.png\",\"width\":77,\"height\":70,\"caption\":\"Akur\u0101ts\"},\"image\":{\"@id\":\"https:\/\/akurats.com\/en\/#\/schema\/logo\/image\/\"},\"sameAs\":[\"https:\/\/www.facebook.com\/AkuratsSIA\"]}]}<\/script>\n<!-- \/ Yoast SEO plugin. -->","yoast_head_json":{"title":"\u0410\u0440\u0435\u043d\u0434\u0430 \u0441\u0442\u0443\u043b\u044c\u0435\u0432 | Akurats","description":"\u0418\u0449\u0435\u0442\u0435, \u0433\u0434\u0435 \u0430\u0440\u0435\u043d\u0434\u043e\u0432\u0430\u0442\u044c \u0441\u0442\u0443\u043b\u044c\u044f? \u0422\u043e\u0433\u0434\u0430 \u0432\u044b\u0431\u0438\u0440\u0430\u0439\u0442\u0435 Akur\u0101ts! \u041d\u0438\u0437\u043a\u0438\u0435 \u0446\u0435\u043d\u044b. \u0425\u043e\u0440\u043e\u0448\u0435\u0435 \u043a\u0430\u0447\u0435\u0441\u0442\u0432\u043e. \u041e\u0442\u043b\u0438\u0447\u043d\u044b\u0439 \u0441\u0435\u0440\u0432\u0438\u0441. \u041d\u0430\u0436\u043c\u0438\u0442\u0435 \u0437\u0434\u0435\u0441\u044c, \u0447\u0442\u043e\u0431\u044b \u0443\u0437\u043d\u0430\u0442\u044c \u0431\u043e\u043b\u044c\u0448\u0435 \u043e\u0431 \u0443\u0441\u043b\u043e\u0432\u0438\u044f\u0445 \u0430\u0440\u0435\u043d\u0434\u044b!","robots":{"index":"index","follow":"follow","max-snippet":"max-snippet:-1","max-image-preview":"max-image-preview:large","max-video-preview":"max-video-preview:-1"},"canonical":"https:\/\/akurats.com\/ru\/oborudovanie\/stulya-v-arendu\/","twitter_misc":{"\u041f\u0440\u0438\u043c\u0435\u0440\u043d\u043e\u0435 \u0432\u0440\u0435\u043c\u044f \u0434\u043b\u044f \u0447\u0442\u0435\u043d\u0438\u044f":"4 \u043c\u0438\u043d\u0443\u0442\u044b"},"schema":{"@context":"https:\/\/schema.org","@graph":[{"@type":"WebPage","@id":"https:\/\/akurats.com\/ru\/oborudovanie\/stulya-v-arendu\/","url":"https:\/\/akurats.com\/ru\/oborudovanie\/stulya-v-arendu\/","name":"\u0410\u0440\u0435\u043d\u0434\u0430 \u0441\u0442\u0443\u043b\u044c\u0435\u0432 | Akurats","isPartOf":{"@id":"https:\/\/akurats.com\/en\/#website"},"datePublished":"2015-07-15T06:15:57+00:00","dateModified":"2025-06-28T19:32:08+00:00","description":"\u0418\u0449\u0435\u0442\u0435, \u0433\u0434\u0435 \u0430\u0440\u0435\u043d\u0434\u043e\u0432\u0430\u0442\u044c \u0441\u0442\u0443\u043b\u044c\u044f? \u0422\u043e\u0433\u0434\u0430 \u0432\u044b\u0431\u0438\u0440\u0430\u0439\u0442\u0435 Akur\u0101ts! \u041d\u0438\u0437\u043a\u0438\u0435 \u0446\u0435\u043d\u044b. \u0425\u043e\u0440\u043e\u0448\u0435\u0435 \u043a\u0430\u0447\u0435\u0441\u0442\u0432\u043e. \u041e\u0442\u043b\u0438\u0447\u043d\u044b\u0439 \u0441\u0435\u0440\u0432\u0438\u0441. \u041d\u0430\u0436\u043c\u0438\u0442\u0435 \u0437\u0434\u0435\u0441\u044c, \u0447\u0442\u043e\u0431\u044b \u0443\u0437\u043d\u0430\u0442\u044c \u0431\u043e\u043b\u044c\u0448\u0435 \u043e\u0431 \u0443\u0441\u043b\u043e\u0432\u0438\u044f\u0445 \u0430\u0440\u0435\u043d\u0434\u044b!","breadcrumb":{"@id":"https:\/\/akurats.com\/ru\/oborudovanie\/stulya-v-arendu\/#breadcrumb"},"inLanguage":"ru-RU","potentialAction":[{"@type":"ReadAction","target":["https:\/\/akurats.com\/ru\/oborudovanie\/stulya-v-arendu\/"]}]},{"@type":"BreadcrumbList","@id":"https:\/\/akurats.com\/ru\/oborudovanie\/stulya-v-arendu\/#breadcrumb","itemListElement":[{"@type":"ListItem","position":1,"name":"Home","item":"https:\/\/akurats.com\/ru\/"},{"@type":"ListItem","position":2,"name":"\u041e\u0431\u043e\u0440\u0443\u0434\u043e\u0432\u0430\u043d\u0438\u0435","item":"https:\/\/akurats.com\/ru\/oborudovanie\/"},{"@type":"ListItem","position":3,"name":"\u0421\u0442\u0443\u043b\u044c\u044f \u0432 \u0430\u0440\u0435\u043d\u0434\u0443"}]},{"@type":"WebSite","@id":"https:\/\/akurats.com\/en\/#website","url":"https:\/\/akurats.com\/en\/","name":"Akur\u0101ts","description":"\u0441\u0435\u0440\u0432\u0438\u0441 \u043e\u0431\u043e\u0440\u0443\u0434\u043e\u0432\u0430\u043d\u0438\u044f \u0434\u043b\u044f \u043c\u0435\u0440\u043e\u043f\u0440\u0438\u044f\u0442\u0438\u0439","publisher":{"@id":"https:\/\/akurats.com\/en\/#organization"},"alternateName":"Event equipment service","potentialAction":[{"@type":"SearchAction","target":{"@type":"EntryPoint","urlTemplate":"https:\/\/akurats.com\/en\/?s={search_term_string}"},"query-input":"required name=search_term_string"}],"inLanguage":"ru-RU"},{"@type":"Organization","@id":"https:\/\/akurats.com\/en\/#organization","name":"Akur\u0101ts","alternateName":"Event equipment service","url":"https:\/\/akurats.com\/en\/","logo":{"@type":"ImageObject","inLanguage":"ru-RU","@id":"https:\/\/akurats.com\/en\/#\/schema\/logo\/image\/","url":"https:\/\/akurats.com\/wp-content\/uploads\/2015\/06\/A_logo.png","contentUrl":"https:\/\/akurats.com\/wp-content\/uploads\/2015\/06\/A_logo.png","width":77,"height":70,"caption":"Akur\u0101ts"},"image":{"@id":"https:\/\/akurats.com\/en\/#\/schema\/logo\/image\/"},"sameAs":["https:\/\/www.facebook.com\/AkuratsSIA"]}]}},"_links":{"self":[{"href":"https:\/\/akurats.com\/ru\/wp-json\/wp\/v2\/pages\/3145"}],"collection":[{"href":"https:\/\/akurats.com\/ru\/wp-json\/wp\/v2\/pages"}],"about":[{"href":"https:\/\/akurats.com\/ru\/wp-json\/wp\/v2\/types\/page"}],"author":[{"embeddable":true,"href":"https:\/\/akurats.com\/ru\/wp-json\/wp\/v2\/users\/1"}],"replies":[{"embeddable":true,"href":"https:\/\/akurats.com\/ru\/wp-json\/wp\/v2\/comments?post=3145"}],"version-history":[{"count":4,"href":"https:\/\/akurats.com\/ru\/wp-json\/wp\/v2\/pages\/3145\/revisions"}],"predecessor-version":[{"id":4347,"href":"https:\/\/akurats.com\/ru\/wp-json\/wp\/v2\/pages\/3145\/revisions\/4347"}],"up":[{"embeddable":true,"href":"https:\/\/akurats.com\/ru\/wp-json\/wp\/v2\/pages\/2155"}],"wp:featuredmedia":[{"embeddable":true,"href":"https:\/\/akurats.com\/ru\/wp-json\/wp\/v2\/media\/1250"}],"wp:attachment":[{"href":"https:\/\/akurats.com\/ru\/wp-json\/wp\/v2\/media?parent=3145"}],"curies":[{"name":"wp","href":"https:\/\/api.w.org\/{rel}","templated":true}]}}