{"id":3143,"date":"2015-07-21T09:50:33","date_gmt":"2015-07-21T09:50:33","guid":{"rendered":"https:\/\/akurats.com\/oborudovanie\/griestu-dienu-dekors\/"},"modified":"2025-06-28T19:28:13","modified_gmt":"2025-06-28T19:28:13","slug":"potolochnyj-nastennyj-dekor","status":"publish","type":"page","link":"https:\/\/akurats.com\/ru\/oborudovanie\/potolochnyj-nastennyj-dekor\/","title":{"rendered":"\u041f\u043e\u0442\u043e\u043b\u043e\u0447\u043d\u044b\u0439 \/ \u043d\u0430\u0441\u0442\u0435\u043d\u043d\u044b\u0439 \u0434\u0435\u043a\u043e\u0440"},"content":{"rendered":"<div id=\"pl-3143\"  class=\"panel-layout\" ><div id=\"pg-3143-0\"  class=\"panel-grid panel-no-style\" ><div id=\"pgc-3143-0-0\"  class=\"panel-grid-cell\" ><div id=\"panel-3143-0-0-0\" class=\"so-panel widget widget_black-studio-tinymce widget_black_studio_tinymce panel-first-child panel-last-child\" data-index=\"0\" ><div class=\"textwidget\"><p><a href=\"https:\/\/akurats.com\/wp-content\/uploads\/2015\/07\/griestu_sienu_dek_big_1.jpg\"><img src=\"https:\/\/akurats.com\/wp-content\/uploads\/2015\/07\/griestu_sienu_dek_big_1-300x200.jpg\" alt=\"griestu_sienu_dek_big_1\" width=\"300\" height=\"200\" class=\"aligncenter size-thumbnail wp-image-1319\" \/><\/a><\/p>\n<\/div><\/div><\/div><div id=\"pgc-3143-0-1\"  class=\"panel-grid-cell\" ><div id=\"panel-3143-0-1-0\" class=\"so-panel widget widget_black-studio-tinymce widget_black_studio_tinymce panel-first-child panel-last-child\" data-index=\"1\" ><div class=\"textwidget\"><p>Griestu\/sienu dekors. Drap\u0113rijas. Iekaramie auduma griesti.<\/p>\n<p>Katrs tiem pie\u0161\u0137ir savu nosaukumu, ta\u010du viens ir skaidrs \u2013 t\u0101 ir elegance un maigums J\u016bsu notikumam!<\/p>\n<p>Materi\u0101ls: Trevira CS \u2013 uguns dro\u0161s.<br \/>\nIzm\u0113rs: Telts 10m x 10m<br \/>\nKr\u0101sa: Balta<\/p>\n<p style=\"text-align: center;\"><a class=\"order-ru btn btn-primary\"><i class=\"fa fa-book pr-5\"><\/i>\u0417\u0410\u041f\u041e\u041b\u041d\u0418\u0422\u042c \u0417\u0410\u042f\u0412\u041a\u0423<\/a><\/p>\n<\/div><\/div><\/div><\/div><\/div>","protected":false},"excerpt":{"rendered":"<p>Griestu\/sienu dekors. Drap\u0113rijas. Iekaramie auduma griesti. Katrs tiem pie\u0161\u0137ir savu nosaukumu, ta\u010du viens ir skaidrs \u2013 t\u0101 ir elegance un maigums J\u016bsu notikumam! Materi\u0101ls: Trevira CS \u2013 uguns dro\u0161s. Izm\u0113rs: Telts 10m x 10m Kr\u0101sa: Balta \u0417\u0410\u041f\u041e\u041b\u041d\u0418\u0422\u042c \u0417\u0410\u042f\u0412\u041a\u0423<\/p>\n","protected":false},"author":1,"featured_media":1984,"parent":2155,"menu_order":0,"comment_status":"closed","ping_status":"closed","template":"","meta":[],"acf":[],"yoast_head":"<!-- This site is optimized with the Yoast SEO plugin v19.9 - https:\/\/yoast.com\/wordpress\/plugins\/seo\/ -->\n<title>\u0410\u0440\u0435\u043d\u0434\u0430 \u043f\u043e\u0442\u043e\u043b\u043e\u0447\u043d\u043e\u0433\u043e\/\u043d\u0430\u0441\u0442\u0435\u043d\u043d\u043e\u0433\u043e \u0434\u0435\u043a\u043e\u0440\u0430 | Akurats<\/title>\n<meta name=\"description\" content=\"\u041f\u043e\u0442\u043e\u043b\u043e\u0447\u043d\u044b\u0439 \u0438 \u043d\u0430\u0441\u0442\u0435\u043d\u043d\u044b\u0439 \u0434\u0435\u043a\u043e\u0440 \u0432 \u0430\u0440\u0435\u043d\u0434\u0443 \u0434\u043b\u044f \u0443\u043a\u0440\u0430\u0448\u0435\u043d\u0438\u044f \u0448\u0430\u0442\u0440\u043e\u0432 \u0438 \u0437\u0430\u043b\u043e\u0432. \u0420\u0430\u0437\u043d\u044b\u0435 \u0432\u0430\u0440\u0438\u0430\u043d\u0442\u044b.\" \/>\n<meta name=\"robots\" content=\"index, follow, max-snippet:-1, max-image-preview:large, max-video-preview:-1\" \/>\n<link rel=\"canonical\" href=\"https:\/\/akurats.com\/ru\/oborudovanie\/potolochnyj-nastennyj-dekor\/\" \/>\n<meta name=\"twitter:label1\" content=\"\u041f\u0440\u0438\u043c\u0435\u0440\u043d\u043e\u0435 \u0432\u0440\u0435\u043c\u044f \u0434\u043b\u044f \u0447\u0442\u0435\u043d\u0438\u044f\" \/>\n\t<meta name=\"twitter:data1\" content=\"1 \u043c\u0438\u043d\u0443\u0442\u0430\" \/>\n<script type=\"application\/ld+json\" class=\"yoast-schema-graph\">{\"@context\":\"https:\/\/schema.org\",\"@graph\":[{\"@type\":\"WebPage\",\"@id\":\"https:\/\/akurats.com\/ru\/oborudovanie\/potolochnyj-nastennyj-dekor\/\",\"url\":\"https:\/\/akurats.com\/ru\/oborudovanie\/potolochnyj-nastennyj-dekor\/\",\"name\":\"\u0410\u0440\u0435\u043d\u0434\u0430 \u043f\u043e\u0442\u043e\u043b\u043e\u0447\u043d\u043e\u0433\u043e\/\u043d\u0430\u0441\u0442\u0435\u043d\u043d\u043e\u0433\u043e \u0434\u0435\u043a\u043e\u0440\u0430 | Akurats\",\"isPartOf\":{\"@id\":\"https:\/\/akurats.com\/en\/#website\"},\"datePublished\":\"2015-07-21T09:50:33+00:00\",\"dateModified\":\"2025-06-28T19:28:13+00:00\",\"description\":\"\u041f\u043e\u0442\u043e\u043b\u043e\u0447\u043d\u044b\u0439 \u0438 \u043d\u0430\u0441\u0442\u0435\u043d\u043d\u044b\u0439 \u0434\u0435\u043a\u043e\u0440 \u0432 \u0430\u0440\u0435\u043d\u0434\u0443 \u0434\u043b\u044f \u0443\u043a\u0440\u0430\u0448\u0435\u043d\u0438\u044f \u0448\u0430\u0442\u0440\u043e\u0432 \u0438 \u0437\u0430\u043b\u043e\u0432. \u0420\u0430\u0437\u043d\u044b\u0435 \u0432\u0430\u0440\u0438\u0430\u043d\u0442\u044b.\",\"breadcrumb\":{\"@id\":\"https:\/\/akurats.com\/ru\/oborudovanie\/potolochnyj-nastennyj-dekor\/#breadcrumb\"},\"inLanguage\":\"ru-RU\",\"potentialAction\":[{\"@type\":\"ReadAction\",\"target\":[\"https:\/\/akurats.com\/ru\/oborudovanie\/potolochnyj-nastennyj-dekor\/\"]}]},{\"@type\":\"BreadcrumbList\",\"@id\":\"https:\/\/akurats.com\/ru\/oborudovanie\/potolochnyj-nastennyj-dekor\/#breadcrumb\",\"itemListElement\":[{\"@type\":\"ListItem\",\"position\":1,\"name\":\"Home\",\"item\":\"https:\/\/akurats.com\/ru\/\"},{\"@type\":\"ListItem\",\"position\":2,\"name\":\"\u041e\u0431\u043e\u0440\u0443\u0434\u043e\u0432\u0430\u043d\u0438\u0435\",\"item\":\"https:\/\/akurats.com\/ru\/oborudovanie\/\"},{\"@type\":\"ListItem\",\"position\":3,\"name\":\"\u041f\u043e\u0442\u043e\u043b\u043e\u0447\u043d\u044b\u0439 \/ \u043d\u0430\u0441\u0442\u0435\u043d\u043d\u044b\u0439 \u0434\u0435\u043a\u043e\u0440\"}]},{\"@type\":\"WebSite\",\"@id\":\"https:\/\/akurats.com\/en\/#website\",\"url\":\"https:\/\/akurats.com\/en\/\",\"name\":\"Akur\u0101ts\",\"description\":\"\u0441\u0435\u0440\u0432\u0438\u0441 \u043e\u0431\u043e\u0440\u0443\u0434\u043e\u0432\u0430\u043d\u0438\u044f \u0434\u043b\u044f \u043c\u0435\u0440\u043e\u043f\u0440\u0438\u044f\u0442\u0438\u0439\",\"publisher\":{\"@id\":\"https:\/\/akurats.com\/en\/#organization\"},\"alternateName\":\"Event equipment service\",\"potentialAction\":[{\"@type\":\"SearchAction\",\"target\":{\"@type\":\"EntryPoint\",\"urlTemplate\":\"https:\/\/akurats.com\/en\/?s={search_term_string}\"},\"query-input\":\"required name=search_term_string\"}],\"inLanguage\":\"ru-RU\"},{\"@type\":\"Organization\",\"@id\":\"https:\/\/akurats.com\/en\/#organization\",\"name\":\"Akur\u0101ts\",\"alternateName\":\"Event equipment service\",\"url\":\"https:\/\/akurats.com\/en\/\",\"logo\":{\"@type\":\"ImageObject\",\"inLanguage\":\"ru-RU\",\"@id\":\"https:\/\/akurats.com\/en\/#\/schema\/logo\/image\/\",\"url\":\"https:\/\/akurats.com\/wp-content\/uploads\/2015\/06\/A_logo.png\",\"contentUrl\":\"https:\/\/akurats.com\/wp-content\/uploads\/2015\/06\/A_logo.png\",\"width\":77,\"height\":70,\"caption\":\"Akur\u0101ts\"},\"image\":{\"@id\":\"https:\/\/akurats.com\/en\/#\/schema\/logo\/image\/\"},\"sameAs\":[\"https:\/\/www.facebook.com\/AkuratsSIA\"]}]}<\/script>\n<!-- \/ Yoast SEO plugin. -->","yoast_head_json":{"title":"\u0410\u0440\u0435\u043d\u0434\u0430 \u043f\u043e\u0442\u043e\u043b\u043e\u0447\u043d\u043e\u0433\u043e\/\u043d\u0430\u0441\u0442\u0435\u043d\u043d\u043e\u0433\u043e \u0434\u0435\u043a\u043e\u0440\u0430 | Akurats","description":"\u041f\u043e\u0442\u043e\u043b\u043e\u0447\u043d\u044b\u0439 \u0438 \u043d\u0430\u0441\u0442\u0435\u043d\u043d\u044b\u0439 \u0434\u0435\u043a\u043e\u0440 \u0432 \u0430\u0440\u0435\u043d\u0434\u0443 \u0434\u043b\u044f \u0443\u043a\u0440\u0430\u0448\u0435\u043d\u0438\u044f \u0448\u0430\u0442\u0440\u043e\u0432 \u0438 \u0437\u0430\u043b\u043e\u0432. \u0420\u0430\u0437\u043d\u044b\u0435 \u0432\u0430\u0440\u0438\u0430\u043d\u0442\u044b.","robots":{"index":"index","follow":"follow","max-snippet":"max-snippet:-1","max-image-preview":"max-image-preview:large","max-video-preview":"max-video-preview:-1"},"canonical":"https:\/\/akurats.com\/ru\/oborudovanie\/potolochnyj-nastennyj-dekor\/","twitter_misc":{"\u041f\u0440\u0438\u043c\u0435\u0440\u043d\u043e\u0435 \u0432\u0440\u0435\u043c\u044f \u0434\u043b\u044f \u0447\u0442\u0435\u043d\u0438\u044f":"1 \u043c\u0438\u043d\u0443\u0442\u0430"},"schema":{"@context":"https:\/\/schema.org","@graph":[{"@type":"WebPage","@id":"https:\/\/akurats.com\/ru\/oborudovanie\/potolochnyj-nastennyj-dekor\/","url":"https:\/\/akurats.com\/ru\/oborudovanie\/potolochnyj-nastennyj-dekor\/","name":"\u0410\u0440\u0435\u043d\u0434\u0430 \u043f\u043e\u0442\u043e\u043b\u043e\u0447\u043d\u043e\u0433\u043e\/\u043d\u0430\u0441\u0442\u0435\u043d\u043d\u043e\u0433\u043e \u0434\u0435\u043a\u043e\u0440\u0430 | Akurats","isPartOf":{"@id":"https:\/\/akurats.com\/en\/#website"},"datePublished":"2015-07-21T09:50:33+00:00","dateModified":"2025-06-28T19:28:13+00:00","description":"\u041f\u043e\u0442\u043e\u043b\u043e\u0447\u043d\u044b\u0439 \u0438 \u043d\u0430\u0441\u0442\u0435\u043d\u043d\u044b\u0439 \u0434\u0435\u043a\u043e\u0440 \u0432 \u0430\u0440\u0435\u043d\u0434\u0443 \u0434\u043b\u044f \u0443\u043a\u0440\u0430\u0448\u0435\u043d\u0438\u044f \u0448\u0430\u0442\u0440\u043e\u0432 \u0438 \u0437\u0430\u043b\u043e\u0432. \u0420\u0430\u0437\u043d\u044b\u0435 \u0432\u0430\u0440\u0438\u0430\u043d\u0442\u044b.","breadcrumb":{"@id":"https:\/\/akurats.com\/ru\/oborudovanie\/potolochnyj-nastennyj-dekor\/#breadcrumb"},"inLanguage":"ru-RU","potentialAction":[{"@type":"ReadAction","target":["https:\/\/akurats.com\/ru\/oborudovanie\/potolochnyj-nastennyj-dekor\/"]}]},{"@type":"BreadcrumbList","@id":"https:\/\/akurats.com\/ru\/oborudovanie\/potolochnyj-nastennyj-dekor\/#breadcrumb","itemListElement":[{"@type":"ListItem","position":1,"name":"Home","item":"https:\/\/akurats.com\/ru\/"},{"@type":"ListItem","position":2,"name":"\u041e\u0431\u043e\u0440\u0443\u0434\u043e\u0432\u0430\u043d\u0438\u0435","item":"https:\/\/akurats.com\/ru\/oborudovanie\/"},{"@type":"ListItem","position":3,"name":"\u041f\u043e\u0442\u043e\u043b\u043e\u0447\u043d\u044b\u0439 \/ \u043d\u0430\u0441\u0442\u0435\u043d\u043d\u044b\u0439 \u0434\u0435\u043a\u043e\u0440"}]},{"@type":"WebSite","@id":"https:\/\/akurats.com\/en\/#website","url":"https:\/\/akurats.com\/en\/","name":"Akur\u0101ts","description":"\u0441\u0435\u0440\u0432\u0438\u0441 \u043e\u0431\u043e\u0440\u0443\u0434\u043e\u0432\u0430\u043d\u0438\u044f \u0434\u043b\u044f \u043c\u0435\u0440\u043e\u043f\u0440\u0438\u044f\u0442\u0438\u0439","publisher":{"@id":"https:\/\/akurats.com\/en\/#organization"},"alternateName":"Event equipment service","potentialAction":[{"@type":"SearchAction","target":{"@type":"EntryPoint","urlTemplate":"https:\/\/akurats.com\/en\/?s={search_term_string}"},"query-input":"required name=search_term_string"}],"inLanguage":"ru-RU"},{"@type":"Organization","@id":"https:\/\/akurats.com\/en\/#organization","name":"Akur\u0101ts","alternateName":"Event equipment service","url":"https:\/\/akurats.com\/en\/","logo":{"@type":"ImageObject","inLanguage":"ru-RU","@id":"https:\/\/akurats.com\/en\/#\/schema\/logo\/image\/","url":"https:\/\/akurats.com\/wp-content\/uploads\/2015\/06\/A_logo.png","contentUrl":"https:\/\/akurats.com\/wp-content\/uploads\/2015\/06\/A_logo.png","width":77,"height":70,"caption":"Akur\u0101ts"},"image":{"@id":"https:\/\/akurats.com\/en\/#\/schema\/logo\/image\/"},"sameAs":["https:\/\/www.facebook.com\/AkuratsSIA"]}]}},"_links":{"self":[{"href":"https:\/\/akurats.com\/ru\/wp-json\/wp\/v2\/pages\/3143"}],"collection":[{"href":"https:\/\/akurats.com\/ru\/wp-json\/wp\/v2\/pages"}],"about":[{"href":"https:\/\/akurats.com\/ru\/wp-json\/wp\/v2\/types\/page"}],"author":[{"embeddable":true,"href":"https:\/\/akurats.com\/ru\/wp-json\/wp\/v2\/users\/1"}],"replies":[{"embeddable":true,"href":"https:\/\/akurats.com\/ru\/wp-json\/wp\/v2\/comments?post=3143"}],"version-history":[{"count":4,"href":"https:\/\/akurats.com\/ru\/wp-json\/wp\/v2\/pages\/3143\/revisions"}],"predecessor-version":[{"id":4382,"href":"https:\/\/akurats.com\/ru\/wp-json\/wp\/v2\/pages\/3143\/revisions\/4382"}],"up":[{"embeddable":true,"href":"https:\/\/akurats.com\/ru\/wp-json\/wp\/v2\/pages\/2155"}],"wp:featuredmedia":[{"embeddable":true,"href":"https:\/\/akurats.com\/ru\/wp-json\/wp\/v2\/media\/1984"}],"wp:attachment":[{"href":"https:\/\/akurats.com\/ru\/wp-json\/wp\/v2\/media?parent=3143"}],"curies":[{"name":"wp","href":"https:\/\/api.w.org\/{rel}","templated":true}]}}