{"id":3133,"date":"2015-07-21T12:55:42","date_gmt":"2015-07-21T12:55:42","guid":{"rendered":"https:\/\/akurats.com\/oborudovanie\/dekorativa-barjera-norobezojosie-stabini\/"},"modified":"2025-06-28T19:21:51","modified_gmt":"2025-06-28T19:21:51","slug":"dekorativnyj-barer-ograzhdayushhie-kol","status":"publish","type":"page","link":"https:\/\/akurats.com\/ru\/oborudovanie\/dekorativnyj-barer-ograzhdayushhie-kol\/","title":{"rendered":"\u0414\u0435\u043a\u043e\u0440\u0430\u0442\u0438\u0432\u043d\u044b\u0439 \u0431\u0430\u0440\u044c\u0435\u0440, \u043e\u0433\u0440\u0430\u0436\u0434\u0430\u044e\u0449\u0438\u0435 \u043a\u043e\u043b\u043e\u043d\u043d\u044b"},"content":{"rendered":"<div id=\"pl-3133\"  class=\"panel-layout\" ><div id=\"pg-3133-0\"  class=\"panel-grid panel-no-style\" ><div id=\"pgc-3133-0-0\"  class=\"panel-grid-cell\" ><div id=\"panel-3133-0-0-0\" class=\"so-panel widget widget_black-studio-tinymce widget_black_studio_tinymce panel-first-child panel-last-child\" data-index=\"0\" ><div class=\"textwidget\"><p><a href=\"https:\/\/akurats.com\/wp-content\/uploads\/2015\/07\/dekorativa-barjera-1.jpg\"><img src=\"https:\/\/akurats.com\/wp-content\/uploads\/2015\/07\/dekorativa-barjera-1-300x200.jpg\" alt=\"dekorativa-barjera-1\" width=\"300\" height=\"200\" class=\"aligncenter size-thumbnail wp-image-1584\" \/><\/a><\/p>\n<\/div><\/div><\/div><div id=\"pgc-3133-0-1\"  class=\"panel-grid-cell\" ><div id=\"panel-3133-0-1-0\" class=\"so-panel widget widget_black-studio-tinymce widget_black_studio_tinymce panel-first-child panel-last-child\" data-index=\"1\" ><div class=\"textwidget\"><p><a href=\"https:\/\/akurats.com\/wp-content\/uploads\/2015\/07\/dekorativa-barjera-2.jpg\"><img src=\"https:\/\/akurats.com\/wp-content\/uploads\/2015\/07\/dekorativa-barjera-2-300x200.jpg\" alt=\"dekorativa-barjera-2\" width=\"300\" height=\"200\" class=\"aligncenter size-thumbnail wp-image-1589\" \/><\/a><\/p>\n<\/div><\/div><\/div><div id=\"pgc-3133-0-2\"  class=\"panel-grid-cell\" ><div id=\"panel-3133-0-2-0\" class=\"so-panel widget widget_black-studio-tinymce widget_black_studio_tinymce panel-first-child panel-last-child\" data-index=\"2\" ><div class=\"textwidget\"><p><a href=\"https:\/\/akurats.com\/wp-content\/uploads\/2015\/07\/dekorativa-barjera-3.jpg\"><img src=\"https:\/\/akurats.com\/wp-content\/uploads\/2015\/07\/dekorativa-barjera-3-300x200.jpg\" alt=\"dekorativa-barjera-3\" width=\"300\" height=\"200\" class=\"aligncenter size-thumbnail wp-image-1594\" \/><\/a><\/p>\n<\/div><\/div><\/div><div id=\"pgc-3133-0-3\"  class=\"panel-grid-cell\" ><div id=\"panel-3133-0-3-0\" class=\"so-panel widget widget_black-studio-tinymce widget_black_studio_tinymce panel-first-child panel-last-child\" data-index=\"3\" ><div class=\"textwidget\"><p><a href=\"https:\/\/akurats.com\/wp-content\/uploads\/2015\/07\/dekorativa-barjera-4.jpg\"><img src=\"https:\/\/akurats.com\/wp-content\/uploads\/2015\/07\/dekorativa-barjera-4-300x200.jpg\" alt=\"dekorativa-barjera-4\" width=\"300\" height=\"200\" class=\"aligncenter size-thumbnail wp-image-1599\" \/><\/a><\/p>\n<\/div><\/div><\/div><\/div><div id=\"pg-3133-1\"  class=\"panel-grid panel-no-style\" ><div id=\"pgc-3133-1-0\"  class=\"panel-grid-cell\" ><div id=\"panel-3133-1-0-0\" class=\"so-panel widget widget_black-studio-tinymce widget_black_studio_tinymce panel-first-child panel-last-child\" data-index=\"4\" ><div class=\"textwidget\"><p>Lai klientiem nodro\u0161in\u0101tu izcila l\u012bme\u0146a pas\u0101kumu servisu, jaunaj\u0101 sezon\u0101 pied\u0101v\u0101jam dekorat\u012bvo barjeru sist\u0113mu. Barjera veidota no 1metru augstiem pul\u0113ta misi\u0146a stabi\u0146iem, kurus savieno tum\u0161i sarkanas, 1,5 metrus garas, p\u012btas virves. Dekorat\u012bvie stabi\u0146i izskat\u0101s grezni un pie\u0161\u0137ir pas\u0101kumam svin\u012bgu noska\u0146u.<\/p>\n<p>Dekorat\u012bvo barjeru izmanto, lai pas\u0101kuma viesiem nor\u0101d\u012btu kust\u012bbas virzienu. \u0160\u0101d\u0101 gad\u012bjum\u0101 barjeras novieto ab\u0101s ejas mal\u0101s. Ar barjeru viesiem var liegt ieeju k\u0101d\u0101 no telp\u0101m, novietojot to priek\u0161\u0101 durv\u012bm. Izvietojot norobe\u017eojo\u0161os stabi\u0146us apk\u0101rt k\u0101dam objektam, var ierobe\u017eot apmekl\u0113t\u0101ju piek\u013cuvi. \u0160\u0101d\u0101 gad\u012bjum\u0101 netiek trauc\u0113ta objekta apskate un tiek piev\u0113rsta uzman\u012bba tam. Apskat\u0101mo objektu iesp\u0113jams novietot uz m\u016bsu pied\u0101v\u0101t\u0101 gaismas galda. Starp stabi\u0146iem iesp\u0113jams iesiet greznu lentu, kuru p\u0101rgriezt objekta atkl\u0101\u0161anas ceremonijas laik\u0101.<\/p>\n<p>Dekorat\u012bvo barjeru, t\u0101pat k\u0101 visu p\u0101r\u0113jo invent\u0101ru iesp\u0113jams pas\u016bt\u012bt zvanot pa t\u0101lruni \u2013 26338888 vai rakstot uz e-pastu:akurats@akurats.lv.<\/p>\n<p style=\"text-align: center;\"><a class=\"order-ru btn btn-primary\"><i class=\"fa fa-book pr-5\"><\/i>\u0417\u0410\u041f\u041e\u041b\u041d\u0418\u0422\u042c \u0417\u0410\u042f\u0412\u041a\u0423<\/a><\/p>\n<\/div><\/div><\/div><\/div><\/div>","protected":false},"excerpt":{"rendered":"<p>Lai klientiem nodro\u0161in\u0101tu izcila l\u012bme\u0146a pas\u0101kumu servisu, jaunaj\u0101 sezon\u0101 pied\u0101v\u0101jam dekorat\u012bvo barjeru sist\u0113mu. Barjera veidota no 1metru augstiem pul\u0113ta misi\u0146a stabi\u0146iem, kurus savieno tum\u0161i sarkanas, 1,5 metrus garas, p\u012btas virves. Dekorat\u012bvie stabi\u0146i izskat\u0101s grezni un pie\u0161\u0137ir pas\u0101kumam svin\u012bgu noska\u0146u. Dekorat\u012bvo barjeru izmanto, lai pas\u0101kuma viesiem nor\u0101d\u012btu kust\u012bbas virzienu. \u0160\u0101d\u0101 gad\u012bjum\u0101 barjeras novieto ab\u0101s ejas mal\u0101s. &hellip;<\/p>\n","protected":false},"author":1,"featured_media":1596,"parent":2155,"menu_order":0,"comment_status":"closed","ping_status":"closed","template":"","meta":[],"acf":[],"yoast_head":"<!-- This site is optimized with the Yoast SEO plugin v19.9 - https:\/\/yoast.com\/wordpress\/plugins\/seo\/ -->\n<title>\u0414\u0435\u043a\u043e\u0440\u0430\u0442\u0438\u0432\u043d\u044b\u0439 \u0431\u0430\u0440\u044c\u0435\u0440, \u0434\u0435\u043c\u0430\u0440\u043a\u0430\u0446\u0438\u043e\u043d\u043d\u044b\u0435 \u0441\u0442\u043e\u043b\u0431\u0438\u043a\u0438 | \u0410\u043a\u0443\u0440\u0430\u0442\u044b<\/title>\n<meta name=\"description\" content=\"\u0414\u043b\u044f \u043e\u0431\u0435\u0441\u043f\u0435\u0447\u0435\u043d\u0438\u044f \u0438\u0441\u043a\u043b\u044e\u0447\u0438\u0442\u0435\u043b\u044c\u043d\u043e\u0433\u043e \u0443\u0440\u043e\u0432\u043d\u044f \u043e\u0431\u0441\u043b\u0443\u0436\u0438\u0432\u0430\u043d\u0438\u044f \u043c\u0435\u0440\u043e\u043f\u0440\u0438\u044f\u0442\u0438\u0439 \u043c\u044b \u043f\u0440\u0435\u0434\u043b\u0430\u0433\u0430\u0435\u043c \u0441\u0438\u0441\u0442\u0435\u043c\u0443 \u0434\u0435\u043a\u043e\u0440\u0430\u0442\u0438\u0432\u043d\u044b\u0445 \u0431\u0430\u0440\u044c\u0435\u0440\u043e\u0432, \u0434\u0435\u043c\u0430\u0440\u043a\u0430\u0446\u0438\u043e\u043d\u043d\u044b\u0445 \u0441\u0442\u043e\u043b\u0431\u043e\u0432. \u041e\u043d\u0438 \u0438\u0437\u0433\u043e\u0442\u0430\u0432\u043b\u0438\u0432\u0430\u044e\u0442\u0441\u044f \u0438\u0437 \u043b\u0430\u0442\u0443\u043d\u043d\u044b\u0445 \u0441\u0442\u043e\u043b\u0431\u0438\u043a\u043e\u0432.\" \/>\n<meta name=\"robots\" content=\"index, follow, max-snippet:-1, max-image-preview:large, max-video-preview:-1\" \/>\n<link rel=\"canonical\" href=\"https:\/\/akurats.com\/ru\/oborudovanie\/dekorativnyj-barer-ograzhdayushhie-kol\/\" \/>\n<meta name=\"twitter:label1\" content=\"\u041f\u0440\u0438\u043c\u0435\u0440\u043d\u043e\u0435 \u0432\u0440\u0435\u043c\u044f \u0434\u043b\u044f \u0447\u0442\u0435\u043d\u0438\u044f\" \/>\n\t<meta name=\"twitter:data1\" content=\"2 \u043c\u0438\u043d\u0443\u0442\u044b\" \/>\n<script type=\"application\/ld+json\" class=\"yoast-schema-graph\">{\"@context\":\"https:\/\/schema.org\",\"@graph\":[{\"@type\":\"WebPage\",\"@id\":\"https:\/\/akurats.com\/ru\/oborudovanie\/dekorativnyj-barer-ograzhdayushhie-kol\/\",\"url\":\"https:\/\/akurats.com\/ru\/oborudovanie\/dekorativnyj-barer-ograzhdayushhie-kol\/\",\"name\":\"\u0414\u0435\u043a\u043e\u0440\u0430\u0442\u0438\u0432\u043d\u044b\u0439 \u0431\u0430\u0440\u044c\u0435\u0440, \u0434\u0435\u043c\u0430\u0440\u043a\u0430\u0446\u0438\u043e\u043d\u043d\u044b\u0435 \u0441\u0442\u043e\u043b\u0431\u0438\u043a\u0438 | \u0410\u043a\u0443\u0440\u0430\u0442\u044b\",\"isPartOf\":{\"@id\":\"https:\/\/akurats.com\/en\/#website\"},\"datePublished\":\"2015-07-21T12:55:42+00:00\",\"dateModified\":\"2025-06-28T19:21:51+00:00\",\"description\":\"\u0414\u043b\u044f \u043e\u0431\u0435\u0441\u043f\u0435\u0447\u0435\u043d\u0438\u044f \u0438\u0441\u043a\u043b\u044e\u0447\u0438\u0442\u0435\u043b\u044c\u043d\u043e\u0433\u043e \u0443\u0440\u043e\u0432\u043d\u044f \u043e\u0431\u0441\u043b\u0443\u0436\u0438\u0432\u0430\u043d\u0438\u044f \u043c\u0435\u0440\u043e\u043f\u0440\u0438\u044f\u0442\u0438\u0439 \u043c\u044b \u043f\u0440\u0435\u0434\u043b\u0430\u0433\u0430\u0435\u043c \u0441\u0438\u0441\u0442\u0435\u043c\u0443 \u0434\u0435\u043a\u043e\u0440\u0430\u0442\u0438\u0432\u043d\u044b\u0445 \u0431\u0430\u0440\u044c\u0435\u0440\u043e\u0432, \u0434\u0435\u043c\u0430\u0440\u043a\u0430\u0446\u0438\u043e\u043d\u043d\u044b\u0445 \u0441\u0442\u043e\u043b\u0431\u043e\u0432. \u041e\u043d\u0438 \u0438\u0437\u0433\u043e\u0442\u0430\u0432\u043b\u0438\u0432\u0430\u044e\u0442\u0441\u044f \u0438\u0437 \u043b\u0430\u0442\u0443\u043d\u043d\u044b\u0445 \u0441\u0442\u043e\u043b\u0431\u0438\u043a\u043e\u0432.\",\"breadcrumb\":{\"@id\":\"https:\/\/akurats.com\/ru\/oborudovanie\/dekorativnyj-barer-ograzhdayushhie-kol\/#breadcrumb\"},\"inLanguage\":\"ru-RU\",\"potentialAction\":[{\"@type\":\"ReadAction\",\"target\":[\"https:\/\/akurats.com\/ru\/oborudovanie\/dekorativnyj-barer-ograzhdayushhie-kol\/\"]}]},{\"@type\":\"BreadcrumbList\",\"@id\":\"https:\/\/akurats.com\/ru\/oborudovanie\/dekorativnyj-barer-ograzhdayushhie-kol\/#breadcrumb\",\"itemListElement\":[{\"@type\":\"ListItem\",\"position\":1,\"name\":\"Home\",\"item\":\"https:\/\/akurats.com\/ru\/\"},{\"@type\":\"ListItem\",\"position\":2,\"name\":\"\u041e\u0431\u043e\u0440\u0443\u0434\u043e\u0432\u0430\u043d\u0438\u0435\",\"item\":\"https:\/\/akurats.com\/ru\/oborudovanie\/\"},{\"@type\":\"ListItem\",\"position\":3,\"name\":\"\u0414\u0435\u043a\u043e\u0440\u0430\u0442\u0438\u0432\u043d\u044b\u0439 \u0431\u0430\u0440\u044c\u0435\u0440, \u043e\u0433\u0440\u0430\u0436\u0434\u0430\u044e\u0449\u0438\u0435 \u043a\u043e\u043b\u043e\u043d\u043d\u044b\"}]},{\"@type\":\"WebSite\",\"@id\":\"https:\/\/akurats.com\/en\/#website\",\"url\":\"https:\/\/akurats.com\/en\/\",\"name\":\"Akur\u0101ts\",\"description\":\"\u0441\u0435\u0440\u0432\u0438\u0441 \u043e\u0431\u043e\u0440\u0443\u0434\u043e\u0432\u0430\u043d\u0438\u044f \u0434\u043b\u044f \u043c\u0435\u0440\u043e\u043f\u0440\u0438\u044f\u0442\u0438\u0439\",\"publisher\":{\"@id\":\"https:\/\/akurats.com\/en\/#organization\"},\"alternateName\":\"Event equipment service\",\"potentialAction\":[{\"@type\":\"SearchAction\",\"target\":{\"@type\":\"EntryPoint\",\"urlTemplate\":\"https:\/\/akurats.com\/en\/?s={search_term_string}\"},\"query-input\":\"required name=search_term_string\"}],\"inLanguage\":\"ru-RU\"},{\"@type\":\"Organization\",\"@id\":\"https:\/\/akurats.com\/en\/#organization\",\"name\":\"Akur\u0101ts\",\"alternateName\":\"Event equipment service\",\"url\":\"https:\/\/akurats.com\/en\/\",\"logo\":{\"@type\":\"ImageObject\",\"inLanguage\":\"ru-RU\",\"@id\":\"https:\/\/akurats.com\/en\/#\/schema\/logo\/image\/\",\"url\":\"https:\/\/akurats.com\/wp-content\/uploads\/2015\/06\/A_logo.png\",\"contentUrl\":\"https:\/\/akurats.com\/wp-content\/uploads\/2015\/06\/A_logo.png\",\"width\":77,\"height\":70,\"caption\":\"Akur\u0101ts\"},\"image\":{\"@id\":\"https:\/\/akurats.com\/en\/#\/schema\/logo\/image\/\"},\"sameAs\":[\"https:\/\/www.facebook.com\/AkuratsSIA\"]}]}<\/script>\n<!-- \/ Yoast SEO plugin. -->","yoast_head_json":{"title":"\u0414\u0435\u043a\u043e\u0440\u0430\u0442\u0438\u0432\u043d\u044b\u0439 \u0431\u0430\u0440\u044c\u0435\u0440, \u0434\u0435\u043c\u0430\u0440\u043a\u0430\u0446\u0438\u043e\u043d\u043d\u044b\u0435 \u0441\u0442\u043e\u043b\u0431\u0438\u043a\u0438 | \u0410\u043a\u0443\u0440\u0430\u0442\u044b","description":"\u0414\u043b\u044f \u043e\u0431\u0435\u0441\u043f\u0435\u0447\u0435\u043d\u0438\u044f \u0438\u0441\u043a\u043b\u044e\u0447\u0438\u0442\u0435\u043b\u044c\u043d\u043e\u0433\u043e \u0443\u0440\u043e\u0432\u043d\u044f \u043e\u0431\u0441\u043b\u0443\u0436\u0438\u0432\u0430\u043d\u0438\u044f \u043c\u0435\u0440\u043e\u043f\u0440\u0438\u044f\u0442\u0438\u0439 \u043c\u044b \u043f\u0440\u0435\u0434\u043b\u0430\u0433\u0430\u0435\u043c \u0441\u0438\u0441\u0442\u0435\u043c\u0443 \u0434\u0435\u043a\u043e\u0440\u0430\u0442\u0438\u0432\u043d\u044b\u0445 \u0431\u0430\u0440\u044c\u0435\u0440\u043e\u0432, \u0434\u0435\u043c\u0430\u0440\u043a\u0430\u0446\u0438\u043e\u043d\u043d\u044b\u0445 \u0441\u0442\u043e\u043b\u0431\u043e\u0432. \u041e\u043d\u0438 \u0438\u0437\u0433\u043e\u0442\u0430\u0432\u043b\u0438\u0432\u0430\u044e\u0442\u0441\u044f \u0438\u0437 \u043b\u0430\u0442\u0443\u043d\u043d\u044b\u0445 \u0441\u0442\u043e\u043b\u0431\u0438\u043a\u043e\u0432.","robots":{"index":"index","follow":"follow","max-snippet":"max-snippet:-1","max-image-preview":"max-image-preview:large","max-video-preview":"max-video-preview:-1"},"canonical":"https:\/\/akurats.com\/ru\/oborudovanie\/dekorativnyj-barer-ograzhdayushhie-kol\/","twitter_misc":{"\u041f\u0440\u0438\u043c\u0435\u0440\u043d\u043e\u0435 \u0432\u0440\u0435\u043c\u044f \u0434\u043b\u044f \u0447\u0442\u0435\u043d\u0438\u044f":"2 \u043c\u0438\u043d\u0443\u0442\u044b"},"schema":{"@context":"https:\/\/schema.org","@graph":[{"@type":"WebPage","@id":"https:\/\/akurats.com\/ru\/oborudovanie\/dekorativnyj-barer-ograzhdayushhie-kol\/","url":"https:\/\/akurats.com\/ru\/oborudovanie\/dekorativnyj-barer-ograzhdayushhie-kol\/","name":"\u0414\u0435\u043a\u043e\u0440\u0430\u0442\u0438\u0432\u043d\u044b\u0439 \u0431\u0430\u0440\u044c\u0435\u0440, \u0434\u0435\u043c\u0430\u0440\u043a\u0430\u0446\u0438\u043e\u043d\u043d\u044b\u0435 \u0441\u0442\u043e\u043b\u0431\u0438\u043a\u0438 | \u0410\u043a\u0443\u0440\u0430\u0442\u044b","isPartOf":{"@id":"https:\/\/akurats.com\/en\/#website"},"datePublished":"2015-07-21T12:55:42+00:00","dateModified":"2025-06-28T19:21:51+00:00","description":"\u0414\u043b\u044f \u043e\u0431\u0435\u0441\u043f\u0435\u0447\u0435\u043d\u0438\u044f \u0438\u0441\u043a\u043b\u044e\u0447\u0438\u0442\u0435\u043b\u044c\u043d\u043e\u0433\u043e \u0443\u0440\u043e\u0432\u043d\u044f \u043e\u0431\u0441\u043b\u0443\u0436\u0438\u0432\u0430\u043d\u0438\u044f \u043c\u0435\u0440\u043e\u043f\u0440\u0438\u044f\u0442\u0438\u0439 \u043c\u044b \u043f\u0440\u0435\u0434\u043b\u0430\u0433\u0430\u0435\u043c \u0441\u0438\u0441\u0442\u0435\u043c\u0443 \u0434\u0435\u043a\u043e\u0440\u0430\u0442\u0438\u0432\u043d\u044b\u0445 \u0431\u0430\u0440\u044c\u0435\u0440\u043e\u0432, \u0434\u0435\u043c\u0430\u0440\u043a\u0430\u0446\u0438\u043e\u043d\u043d\u044b\u0445 \u0441\u0442\u043e\u043b\u0431\u043e\u0432. \u041e\u043d\u0438 \u0438\u0437\u0433\u043e\u0442\u0430\u0432\u043b\u0438\u0432\u0430\u044e\u0442\u0441\u044f \u0438\u0437 \u043b\u0430\u0442\u0443\u043d\u043d\u044b\u0445 \u0441\u0442\u043e\u043b\u0431\u0438\u043a\u043e\u0432.","breadcrumb":{"@id":"https:\/\/akurats.com\/ru\/oborudovanie\/dekorativnyj-barer-ograzhdayushhie-kol\/#breadcrumb"},"inLanguage":"ru-RU","potentialAction":[{"@type":"ReadAction","target":["https:\/\/akurats.com\/ru\/oborudovanie\/dekorativnyj-barer-ograzhdayushhie-kol\/"]}]},{"@type":"BreadcrumbList","@id":"https:\/\/akurats.com\/ru\/oborudovanie\/dekorativnyj-barer-ograzhdayushhie-kol\/#breadcrumb","itemListElement":[{"@type":"ListItem","position":1,"name":"Home","item":"https:\/\/akurats.com\/ru\/"},{"@type":"ListItem","position":2,"name":"\u041e\u0431\u043e\u0440\u0443\u0434\u043e\u0432\u0430\u043d\u0438\u0435","item":"https:\/\/akurats.com\/ru\/oborudovanie\/"},{"@type":"ListItem","position":3,"name":"\u0414\u0435\u043a\u043e\u0440\u0430\u0442\u0438\u0432\u043d\u044b\u0439 \u0431\u0430\u0440\u044c\u0435\u0440, \u043e\u0433\u0440\u0430\u0436\u0434\u0430\u044e\u0449\u0438\u0435 \u043a\u043e\u043b\u043e\u043d\u043d\u044b"}]},{"@type":"WebSite","@id":"https:\/\/akurats.com\/en\/#website","url":"https:\/\/akurats.com\/en\/","name":"Akur\u0101ts","description":"\u0441\u0435\u0440\u0432\u0438\u0441 \u043e\u0431\u043e\u0440\u0443\u0434\u043e\u0432\u0430\u043d\u0438\u044f \u0434\u043b\u044f \u043c\u0435\u0440\u043e\u043f\u0440\u0438\u044f\u0442\u0438\u0439","publisher":{"@id":"https:\/\/akurats.com\/en\/#organization"},"alternateName":"Event equipment service","potentialAction":[{"@type":"SearchAction","target":{"@type":"EntryPoint","urlTemplate":"https:\/\/akurats.com\/en\/?s={search_term_string}"},"query-input":"required name=search_term_string"}],"inLanguage":"ru-RU"},{"@type":"Organization","@id":"https:\/\/akurats.com\/en\/#organization","name":"Akur\u0101ts","alternateName":"Event equipment service","url":"https:\/\/akurats.com\/en\/","logo":{"@type":"ImageObject","inLanguage":"ru-RU","@id":"https:\/\/akurats.com\/en\/#\/schema\/logo\/image\/","url":"https:\/\/akurats.com\/wp-content\/uploads\/2015\/06\/A_logo.png","contentUrl":"https:\/\/akurats.com\/wp-content\/uploads\/2015\/06\/A_logo.png","width":77,"height":70,"caption":"Akur\u0101ts"},"image":{"@id":"https:\/\/akurats.com\/en\/#\/schema\/logo\/image\/"},"sameAs":["https:\/\/www.facebook.com\/AkuratsSIA"]}]}},"_links":{"self":[{"href":"https:\/\/akurats.com\/ru\/wp-json\/wp\/v2\/pages\/3133"}],"collection":[{"href":"https:\/\/akurats.com\/ru\/wp-json\/wp\/v2\/pages"}],"about":[{"href":"https:\/\/akurats.com\/ru\/wp-json\/wp\/v2\/types\/page"}],"author":[{"embeddable":true,"href":"https:\/\/akurats.com\/ru\/wp-json\/wp\/v2\/users\/1"}],"replies":[{"embeddable":true,"href":"https:\/\/akurats.com\/ru\/wp-json\/wp\/v2\/comments?post=3133"}],"version-history":[{"count":5,"href":"https:\/\/akurats.com\/ru\/wp-json\/wp\/v2\/pages\/3133\/revisions"}],"predecessor-version":[{"id":4368,"href":"https:\/\/akurats.com\/ru\/wp-json\/wp\/v2\/pages\/3133\/revisions\/4368"}],"up":[{"embeddable":true,"href":"https:\/\/akurats.com\/ru\/wp-json\/wp\/v2\/pages\/2155"}],"wp:featuredmedia":[{"embeddable":true,"href":"https:\/\/akurats.com\/ru\/wp-json\/wp\/v2\/media\/1596"}],"wp:attachment":[{"href":"https:\/\/akurats.com\/ru\/wp-json\/wp\/v2\/media?parent=3133"}],"curies":[{"name":"wp","href":"https:\/\/api.w.org\/{rel}","templated":true}]}}