{"id":3123,"date":"2015-07-15T08:08:50","date_gmt":"2015-07-15T08:08:50","guid":{"rendered":"https:\/\/akurats.com\/oborudovanie\/banketu-kreslu-noma\/"},"modified":"2025-06-28T19:19:48","modified_gmt":"2025-06-28T19:19:48","slug":"banket-stulya-v-arendu","status":"publish","type":"page","link":"https:\/\/akurats.com\/ru\/oborudovanie\/banket-stulya-v-arendu\/","title":{"rendered":"\u0411\u0430\u043d\u043a\u0435\u0442 \u0441\u0442\u0443\u043b\u044c\u044f \u0432 \u0430\u0440\u0435\u043d\u0434\u0443"},"content":{"rendered":"<div id=\"pl-3123\"  class=\"panel-layout\" ><div id=\"pg-3123-0\"  class=\"panel-grid panel-no-style\" ><div id=\"pgc-3123-0-0\"  class=\"panel-grid-cell\" ><div id=\"panel-3123-0-0-0\" class=\"so-panel widget widget_black-studio-tinymce widget_black_studio_tinymce panel-first-child panel-last-child\" data-index=\"0\" ><div class=\"textwidget\"><p><a href=\"https:\/\/akurats.com\/wp-content\/uploads\/2018\/09\/banketa-kresls.jpg\"><img src=\"https:\/\/akurats.com\/wp-content\/uploads\/2018\/09\/banketa-kresls-300x200.jpg\" alt=\"banketa-kresls\" width=\"300\" height=\"200\" class=\"aligncenter size-thumbnail wp-image-1272\" \/><\/a><\/p>\n<\/div><\/div><\/div><div id=\"pgc-3123-0-1\"  class=\"panel-grid-cell\" ><div id=\"panel-3123-0-1-0\" class=\"so-panel widget widget_black-studio-tinymce widget_black_studio_tinymce panel-first-child panel-last-child\" data-index=\"1\" ><div class=\"textwidget\"><p><a href=\"https:\/\/akurats.com\/wp-content\/uploads\/2015\/07\/banketu-kresli-2.jpg\"><img src=\"https:\/\/akurats.com\/wp-content\/uploads\/2015\/07\/banketu-kresli-2-300x200.jpg\" alt=\"banketu-kresli-2\" width=\"300\" height=\"200\" class=\"aligncenter size-thumbnail wp-image-1277\" \/><\/a><\/p>\n<\/div><\/div><\/div><div id=\"pgc-3123-0-2\"  class=\"panel-grid-cell\" ><div id=\"panel-3123-0-2-0\" class=\"so-panel widget widget_black-studio-tinymce widget_black_studio_tinymce panel-first-child panel-last-child\" data-index=\"2\" ><div class=\"textwidget\"><p><a href=\"https:\/\/akurats.com\/wp-content\/uploads\/2015\/07\/banketu-kresli-3.jpg\"><img src=\"https:\/\/akurats.com\/wp-content\/uploads\/2015\/07\/banketu-kresli-3-300x200.jpg\" alt=\"banketu-kresli-3\" width=\"300\" height=\"200\" class=\"aligncenter size-thumbnail wp-image-1282\" \/><\/a><\/p>\n<\/div><\/div><\/div><div id=\"pgc-3123-0-3\"  class=\"panel-grid-cell\" ><div id=\"panel-3123-0-3-0\" class=\"so-panel widget widget_black-studio-tinymce widget_black_studio_tinymce panel-first-child panel-last-child\" data-index=\"3\" ><div class=\"textwidget\"><p><a href=\"https:\/\/akurats.com\/wp-content\/uploads\/2018\/09\/32083644_2443272335698229_8045080199085162496_o.jpg\"><img src=\"https:\/\/akurats.com\/wp-content\/uploads\/2018\/09\/32083644_2443272335698229_8045080199085162496_o-300x200.jpg\" alt=\"\" width=\"300\" height=\"200\" class=\"aligncenter size-thumbnail wp-image-1287\" \/><\/a><\/p>\n<\/div><\/div><\/div><\/div><div id=\"pg-3123-1\"  class=\"panel-grid panel-no-style\" ><div id=\"pgc-3123-1-0\"  class=\"panel-grid-cell\" ><div id=\"panel-3123-1-0-0\" class=\"so-panel widget widget_black-studio-tinymce widget_black_studio_tinymce panel-first-child panel-last-child\" data-index=\"4\" ><div class=\"textwidget\"><table class=\"table\">\n<thead>\n<tr class=\"active\">\n<th colspan=\"2\"><center>Tehniskie parametri<\/center><\/th>\n<\/tr>\n<\/thead>\n<tbody>\n<tr>\n<td>Kr\u0101sa<\/td>\n<td>melna<\/td>\n<\/tr>\n<tr>\n<td>R\u0101mis<\/td>\n<td>gai\u0161i pel\u0113ks met\u0101la r\u0101mis<\/td>\n<\/tr>\n<\/tbody>\n<\/table>\n<h3>Mont\u0101\u017ea:<\/h3>\n<p>Akur\u0101ts pas\u0101kumu serviss pied\u0101v\u0101 \u0113rtus un skaistus kr\u0113slus banketam, konferencei vai citam pas\u0101kumam. Kr\u0113sls sast\u0101v no met\u0101la r\u0101mja un m\u012bkst\u0101m polster\u0113t\u0101m virsm\u0101m. Kr\u0113sla r\u0101mis ir tum\u0161i pel\u0113k\u0101 kr\u0101s\u0101, polster\u0113t\u0101s auduma da\u013cas ir melnas ar dzelteniem punkti\u0146iem. Kr\u0113sls ir 45centimetrus plats, tas ir \u0113rts, ar\u012b tad ja uz t\u0101 j\u0101s\u0113\u017e ilgsto\u0161i. Kr\u0113sla izskats ir elegants un vienk\u0101r\u0161s, tas labi iederas da\u017e\u0101da dizaina telp\u0101s. Kr\u0113slus var lietot ar\u012b \u0101ra apst\u0101k\u013cos, m\u016bsu pied\u0101v\u0101taj\u0101 telt\u012b. Banketu kresli ir stabili um iztur\u012bgi. SIA Akur\u0101ts var nodro\u0161in\u0101t kr\u0113slus vair\u0101kiem simtiem viesu. K\u0101z\u0101m vai \u012bpa\u0161i svin\u012bgiem banketiem pied\u0101v\u0101jam ar\u012b kr\u0113slu p\u0101rvalkus. Banketu kr\u0113slu p\u0101rvalki izskat\u0101s svin\u012bgi un pie\u0161\u0137ir pas\u0101kumam \u012bpa\u0161u noska\u0146u. SIA Akur\u0101ts banketu kr\u0113slu k\u0101j\u0101m ir speci\u0101li palikt\u0146i, lai neskr\u0101p\u0113tu gr\u012bdu.<\/p>\n<p>Lai pas\u016bt\u012btu banketu kr\u0113slus ir j\u0101zin nepiecie\u0161amais skaits, pieg\u0101des vieta, \u0113kas st\u0101vs, pieg\u0101des laiks, demont\u0101\u017eas laiks, k\u0101 ar\u012b t\u0113lru\u0146a numurs kontaktpersonai pas\u0101kuma viet\u0101. Pas\u016btot banketa kr\u0113slus ir j\u0101inform\u0113 par nepiecie\u0161am\u012bbu izk\u0101rtot kr\u0113slus, lai iepl\u0101notu laiku un darbasp\u0113ka resursus uzdevuma veik\u0161anai. Banketa kr\u0113slu k\u0101rto\u0161ana aiz\u0146em zin\u0101mu laiku, ta\u010du SIA Akur\u0101ts speci\u0101listi to izdar\u012bs \u0101tri un kvalitat\u012bvi.<\/p>\n<p>Izvietojot banketa kr\u0113slus telp\u0101 b\u016btu j\u0101r\u0113\u0137ina viens kvadr\u0101tmetrs uz div\u0101m s\u0113dviet\u0101m, k\u0101 ar\u012b j\u0101paredz vair\u0101kas ejas, lai apmekl\u0113t\u0101ji \u0113rti nok\u013c\u016btu l\u012bdz savai kr\u0113slu rindai. Banketa kr\u0113slus var izk\u0101rtot ar\u012b apl\u012b ap m\u016bsu pieg\u0101d\u0101tajiem apa\u013cajiem banketu galdiem vai ap apa\u013cajiem galdiem.Ja telp\u0101, kur\u0101 ir izvietoti banketu kr\u0113sli, v\u0113l\u0101k paredz\u0113tas citas aktivit\u0101tes, kr\u0113slus iesp\u0113jams operat\u012bvi salikt vienu virs otra, t\u0101d\u0101 veid\u0101 atbr\u012bvojot telpu. Ja v\u0113laties kr\u0113slu izvietot telt\u012b ir ieteicams izv\u0113l\u0113ties koka gr\u012bdu ,lai kr\u0113slu k\u0101jas neduras zem\u0113. Kr\u0113slus piegad\u0101jam jebkur\u0101 viet\u0101 Latvij\u0101 un Eiropas savien\u012bb\u0101.<\/p>\n<p>Lai pas\u016bt\u012btu banketu kr\u0113slus svin\u012bb\u0101m zvaniet mums pa t\u0101lruni: +37126338888 vai rakstiet uz e-pastu: <a href=\"mailto:akurats@akurats.lv\">akurats@akurats.lv<\/a>, vai ar\u012b aizpildiet pas\u016bt\u012bjuma formu.<\/p>\n<p style=\"text-align: center;\"><a class=\"order-ru btn btn-primary\"><i class=\"fa fa-book pr-5\"><\/i>\u0417\u0410\u041f\u041e\u041b\u041d\u0418\u0422\u042c \u0417\u0410\u042f\u0412\u041a\u0423<\/a><\/p>\n<\/div><\/div><\/div><\/div><\/div>","protected":false},"excerpt":{"rendered":"<p>Tehniskie parametri Kr\u0101sa melna R\u0101mis gai\u0161i pel\u0113ks met\u0101la r\u0101mis Mont\u0101\u017ea: Akur\u0101ts pas\u0101kumu serviss pied\u0101v\u0101 \u0113rtus un skaistus kr\u0113slus banketam, konferencei vai citam pas\u0101kumam. Kr\u0113sls sast\u0101v no met\u0101la r\u0101mja un m\u012bkst\u0101m polster\u0113t\u0101m virsm\u0101m. Kr\u0113sla r\u0101mis ir tum\u0161i pel\u0113k\u0101 kr\u0101s\u0101, polster\u0113t\u0101s auduma da\u013cas ir melnas ar dzelteniem punkti\u0146iem. Kr\u0113sls ir 45centimetrus plats, tas ir \u0113rts, ar\u012b tad &hellip;<\/p>\n","protected":false},"author":1,"featured_media":3535,"parent":2155,"menu_order":0,"comment_status":"closed","ping_status":"closed","template":"","meta":[],"acf":[],"yoast_head":"<!-- This site is optimized with the Yoast SEO plugin v19.9 - https:\/\/yoast.com\/wordpress\/plugins\/seo\/ -->\n<title>\u0410\u0440\u0435\u043d\u0434\u0430 \u0431\u0430\u043d\u043a\u0435\u0442\u043d\u044b\u0445 \u0441\u0442\u0443\u043b\u044c\u0435\u0432 | Akurats<\/title>\n<meta name=\"description\" content=\"\u0418\u0449\u0435\u0442\u0435, \u0433\u0434\u0435 \u0430\u0440\u0435\u043d\u0434\u043e\u0432\u0430\u0442\u044c \u0431\u0430\u0440\u043d\u044b\u0435 \u0441\u0442\u0443\u043b\u044c\u044f? \u0422\u043e\u0433\u0434\u0430 \u0432\u044b\u0431\u0438\u0440\u0430\u0439\u0442\u0435 Akur\u0101ts! \u0411\u0435\u0441\u043f\u0440\u0435\u0446\u0435\u0434\u0435\u043d\u0442\u043d\u043e \u043d\u0438\u0437\u043a\u0438\u0435 \u0446\u0435\u043d\u044b \u0438 \u043e\u0442\u043b\u0438\u0447\u043d\u043e\u0435 \u043a\u0430\u0447\u0435\u0441\u0442\u0432\u043e. \u041d\u0430\u0436\u043c\u0438\u0442\u0435 \u0437\u0434\u0435\u0441\u044c, \u0447\u0442\u043e\u0431\u044b \u0443\u0437\u043d\u0430\u0442\u044c \u0431\u043e\u043b\u044c\u0448\u0435!\" \/>\n<meta name=\"robots\" content=\"index, follow, max-snippet:-1, max-image-preview:large, max-video-preview:-1\" \/>\n<link rel=\"canonical\" href=\"https:\/\/akurats.com\/ru\/oborudovanie\/banket-stulya-v-arendu\/\" \/>\n<meta name=\"twitter:label1\" content=\"\u041f\u0440\u0438\u043c\u0435\u0440\u043d\u043e\u0435 \u0432\u0440\u0435\u043c\u044f \u0434\u043b\u044f \u0447\u0442\u0435\u043d\u0438\u044f\" \/>\n\t<meta name=\"twitter:data1\" content=\"3 \u043c\u0438\u043d\u0443\u0442\u044b\" \/>\n<script type=\"application\/ld+json\" class=\"yoast-schema-graph\">{\"@context\":\"https:\/\/schema.org\",\"@graph\":[{\"@type\":\"WebPage\",\"@id\":\"https:\/\/akurats.com\/ru\/oborudovanie\/banket-stulya-v-arendu\/\",\"url\":\"https:\/\/akurats.com\/ru\/oborudovanie\/banket-stulya-v-arendu\/\",\"name\":\"\u0410\u0440\u0435\u043d\u0434\u0430 \u0431\u0430\u043d\u043a\u0435\u0442\u043d\u044b\u0445 \u0441\u0442\u0443\u043b\u044c\u0435\u0432 | Akurats\",\"isPartOf\":{\"@id\":\"https:\/\/akurats.com\/en\/#website\"},\"datePublished\":\"2015-07-15T08:08:50+00:00\",\"dateModified\":\"2025-06-28T19:19:48+00:00\",\"description\":\"\u0418\u0449\u0435\u0442\u0435, \u0433\u0434\u0435 \u0430\u0440\u0435\u043d\u0434\u043e\u0432\u0430\u0442\u044c \u0431\u0430\u0440\u043d\u044b\u0435 \u0441\u0442\u0443\u043b\u044c\u044f? \u0422\u043e\u0433\u0434\u0430 \u0432\u044b\u0431\u0438\u0440\u0430\u0439\u0442\u0435 Akur\u0101ts! \u0411\u0435\u0441\u043f\u0440\u0435\u0446\u0435\u0434\u0435\u043d\u0442\u043d\u043e \u043d\u0438\u0437\u043a\u0438\u0435 \u0446\u0435\u043d\u044b \u0438 \u043e\u0442\u043b\u0438\u0447\u043d\u043e\u0435 \u043a\u0430\u0447\u0435\u0441\u0442\u0432\u043e. \u041d\u0430\u0436\u043c\u0438\u0442\u0435 \u0437\u0434\u0435\u0441\u044c, \u0447\u0442\u043e\u0431\u044b \u0443\u0437\u043d\u0430\u0442\u044c \u0431\u043e\u043b\u044c\u0448\u0435!\",\"breadcrumb\":{\"@id\":\"https:\/\/akurats.com\/ru\/oborudovanie\/banket-stulya-v-arendu\/#breadcrumb\"},\"inLanguage\":\"ru-RU\",\"potentialAction\":[{\"@type\":\"ReadAction\",\"target\":[\"https:\/\/akurats.com\/ru\/oborudovanie\/banket-stulya-v-arendu\/\"]}]},{\"@type\":\"BreadcrumbList\",\"@id\":\"https:\/\/akurats.com\/ru\/oborudovanie\/banket-stulya-v-arendu\/#breadcrumb\",\"itemListElement\":[{\"@type\":\"ListItem\",\"position\":1,\"name\":\"Home\",\"item\":\"https:\/\/akurats.com\/ru\/\"},{\"@type\":\"ListItem\",\"position\":2,\"name\":\"\u041e\u0431\u043e\u0440\u0443\u0434\u043e\u0432\u0430\u043d\u0438\u0435\",\"item\":\"https:\/\/akurats.com\/ru\/oborudovanie\/\"},{\"@type\":\"ListItem\",\"position\":3,\"name\":\"\u0411\u0430\u043d\u043a\u0435\u0442 \u0441\u0442\u0443\u043b\u044c\u044f \u0432 \u0430\u0440\u0435\u043d\u0434\u0443\"}]},{\"@type\":\"WebSite\",\"@id\":\"https:\/\/akurats.com\/en\/#website\",\"url\":\"https:\/\/akurats.com\/en\/\",\"name\":\"Akur\u0101ts\",\"description\":\"\u0441\u0435\u0440\u0432\u0438\u0441 \u043e\u0431\u043e\u0440\u0443\u0434\u043e\u0432\u0430\u043d\u0438\u044f \u0434\u043b\u044f \u043c\u0435\u0440\u043e\u043f\u0440\u0438\u044f\u0442\u0438\u0439\",\"publisher\":{\"@id\":\"https:\/\/akurats.com\/en\/#organization\"},\"alternateName\":\"Event equipment service\",\"potentialAction\":[{\"@type\":\"SearchAction\",\"target\":{\"@type\":\"EntryPoint\",\"urlTemplate\":\"https:\/\/akurats.com\/en\/?s={search_term_string}\"},\"query-input\":\"required name=search_term_string\"}],\"inLanguage\":\"ru-RU\"},{\"@type\":\"Organization\",\"@id\":\"https:\/\/akurats.com\/en\/#organization\",\"name\":\"Akur\u0101ts\",\"alternateName\":\"Event equipment service\",\"url\":\"https:\/\/akurats.com\/en\/\",\"logo\":{\"@type\":\"ImageObject\",\"inLanguage\":\"ru-RU\",\"@id\":\"https:\/\/akurats.com\/en\/#\/schema\/logo\/image\/\",\"url\":\"https:\/\/akurats.com\/wp-content\/uploads\/2015\/06\/A_logo.png\",\"contentUrl\":\"https:\/\/akurats.com\/wp-content\/uploads\/2015\/06\/A_logo.png\",\"width\":77,\"height\":70,\"caption\":\"Akur\u0101ts\"},\"image\":{\"@id\":\"https:\/\/akurats.com\/en\/#\/schema\/logo\/image\/\"},\"sameAs\":[\"https:\/\/www.facebook.com\/AkuratsSIA\"]}]}<\/script>\n<!-- \/ Yoast SEO plugin. -->","yoast_head_json":{"title":"\u0410\u0440\u0435\u043d\u0434\u0430 \u0431\u0430\u043d\u043a\u0435\u0442\u043d\u044b\u0445 \u0441\u0442\u0443\u043b\u044c\u0435\u0432 | Akurats","description":"\u0418\u0449\u0435\u0442\u0435, \u0433\u0434\u0435 \u0430\u0440\u0435\u043d\u0434\u043e\u0432\u0430\u0442\u044c \u0431\u0430\u0440\u043d\u044b\u0435 \u0441\u0442\u0443\u043b\u044c\u044f? \u0422\u043e\u0433\u0434\u0430 \u0432\u044b\u0431\u0438\u0440\u0430\u0439\u0442\u0435 Akur\u0101ts! \u0411\u0435\u0441\u043f\u0440\u0435\u0446\u0435\u0434\u0435\u043d\u0442\u043d\u043e \u043d\u0438\u0437\u043a\u0438\u0435 \u0446\u0435\u043d\u044b \u0438 \u043e\u0442\u043b\u0438\u0447\u043d\u043e\u0435 \u043a\u0430\u0447\u0435\u0441\u0442\u0432\u043e. \u041d\u0430\u0436\u043c\u0438\u0442\u0435 \u0437\u0434\u0435\u0441\u044c, \u0447\u0442\u043e\u0431\u044b \u0443\u0437\u043d\u0430\u0442\u044c \u0431\u043e\u043b\u044c\u0448\u0435!","robots":{"index":"index","follow":"follow","max-snippet":"max-snippet:-1","max-image-preview":"max-image-preview:large","max-video-preview":"max-video-preview:-1"},"canonical":"https:\/\/akurats.com\/ru\/oborudovanie\/banket-stulya-v-arendu\/","twitter_misc":{"\u041f\u0440\u0438\u043c\u0435\u0440\u043d\u043e\u0435 \u0432\u0440\u0435\u043c\u044f \u0434\u043b\u044f \u0447\u0442\u0435\u043d\u0438\u044f":"3 \u043c\u0438\u043d\u0443\u0442\u044b"},"schema":{"@context":"https:\/\/schema.org","@graph":[{"@type":"WebPage","@id":"https:\/\/akurats.com\/ru\/oborudovanie\/banket-stulya-v-arendu\/","url":"https:\/\/akurats.com\/ru\/oborudovanie\/banket-stulya-v-arendu\/","name":"\u0410\u0440\u0435\u043d\u0434\u0430 \u0431\u0430\u043d\u043a\u0435\u0442\u043d\u044b\u0445 \u0441\u0442\u0443\u043b\u044c\u0435\u0432 | Akurats","isPartOf":{"@id":"https:\/\/akurats.com\/en\/#website"},"datePublished":"2015-07-15T08:08:50+00:00","dateModified":"2025-06-28T19:19:48+00:00","description":"\u0418\u0449\u0435\u0442\u0435, \u0433\u0434\u0435 \u0430\u0440\u0435\u043d\u0434\u043e\u0432\u0430\u0442\u044c \u0431\u0430\u0440\u043d\u044b\u0435 \u0441\u0442\u0443\u043b\u044c\u044f? \u0422\u043e\u0433\u0434\u0430 \u0432\u044b\u0431\u0438\u0440\u0430\u0439\u0442\u0435 Akur\u0101ts! \u0411\u0435\u0441\u043f\u0440\u0435\u0446\u0435\u0434\u0435\u043d\u0442\u043d\u043e \u043d\u0438\u0437\u043a\u0438\u0435 \u0446\u0435\u043d\u044b \u0438 \u043e\u0442\u043b\u0438\u0447\u043d\u043e\u0435 \u043a\u0430\u0447\u0435\u0441\u0442\u0432\u043e. \u041d\u0430\u0436\u043c\u0438\u0442\u0435 \u0437\u0434\u0435\u0441\u044c, \u0447\u0442\u043e\u0431\u044b \u0443\u0437\u043d\u0430\u0442\u044c \u0431\u043e\u043b\u044c\u0448\u0435!","breadcrumb":{"@id":"https:\/\/akurats.com\/ru\/oborudovanie\/banket-stulya-v-arendu\/#breadcrumb"},"inLanguage":"ru-RU","potentialAction":[{"@type":"ReadAction","target":["https:\/\/akurats.com\/ru\/oborudovanie\/banket-stulya-v-arendu\/"]}]},{"@type":"BreadcrumbList","@id":"https:\/\/akurats.com\/ru\/oborudovanie\/banket-stulya-v-arendu\/#breadcrumb","itemListElement":[{"@type":"ListItem","position":1,"name":"Home","item":"https:\/\/akurats.com\/ru\/"},{"@type":"ListItem","position":2,"name":"\u041e\u0431\u043e\u0440\u0443\u0434\u043e\u0432\u0430\u043d\u0438\u0435","item":"https:\/\/akurats.com\/ru\/oborudovanie\/"},{"@type":"ListItem","position":3,"name":"\u0411\u0430\u043d\u043a\u0435\u0442 \u0441\u0442\u0443\u043b\u044c\u044f \u0432 \u0430\u0440\u0435\u043d\u0434\u0443"}]},{"@type":"WebSite","@id":"https:\/\/akurats.com\/en\/#website","url":"https:\/\/akurats.com\/en\/","name":"Akur\u0101ts","description":"\u0441\u0435\u0440\u0432\u0438\u0441 \u043e\u0431\u043e\u0440\u0443\u0434\u043e\u0432\u0430\u043d\u0438\u044f \u0434\u043b\u044f \u043c\u0435\u0440\u043e\u043f\u0440\u0438\u044f\u0442\u0438\u0439","publisher":{"@id":"https:\/\/akurats.com\/en\/#organization"},"alternateName":"Event equipment service","potentialAction":[{"@type":"SearchAction","target":{"@type":"EntryPoint","urlTemplate":"https:\/\/akurats.com\/en\/?s={search_term_string}"},"query-input":"required name=search_term_string"}],"inLanguage":"ru-RU"},{"@type":"Organization","@id":"https:\/\/akurats.com\/en\/#organization","name":"Akur\u0101ts","alternateName":"Event equipment service","url":"https:\/\/akurats.com\/en\/","logo":{"@type":"ImageObject","inLanguage":"ru-RU","@id":"https:\/\/akurats.com\/en\/#\/schema\/logo\/image\/","url":"https:\/\/akurats.com\/wp-content\/uploads\/2015\/06\/A_logo.png","contentUrl":"https:\/\/akurats.com\/wp-content\/uploads\/2015\/06\/A_logo.png","width":77,"height":70,"caption":"Akur\u0101ts"},"image":{"@id":"https:\/\/akurats.com\/en\/#\/schema\/logo\/image\/"},"sameAs":["https:\/\/www.facebook.com\/AkuratsSIA"]}]}},"_links":{"self":[{"href":"https:\/\/akurats.com\/ru\/wp-json\/wp\/v2\/pages\/3123"}],"collection":[{"href":"https:\/\/akurats.com\/ru\/wp-json\/wp\/v2\/pages"}],"about":[{"href":"https:\/\/akurats.com\/ru\/wp-json\/wp\/v2\/types\/page"}],"author":[{"embeddable":true,"href":"https:\/\/akurats.com\/ru\/wp-json\/wp\/v2\/users\/1"}],"replies":[{"embeddable":true,"href":"https:\/\/akurats.com\/ru\/wp-json\/wp\/v2\/comments?post=3123"}],"version-history":[{"count":8,"href":"https:\/\/akurats.com\/ru\/wp-json\/wp\/v2\/pages\/3123\/revisions"}],"predecessor-version":[{"id":4350,"href":"https:\/\/akurats.com\/ru\/wp-json\/wp\/v2\/pages\/3123\/revisions\/4350"}],"up":[{"embeddable":true,"href":"https:\/\/akurats.com\/ru\/wp-json\/wp\/v2\/pages\/2155"}],"wp:featuredmedia":[{"embeddable":true,"href":"https:\/\/akurats.com\/ru\/wp-json\/wp\/v2\/media\/3535"}],"wp:attachment":[{"href":"https:\/\/akurats.com\/ru\/wp-json\/wp\/v2\/media?parent=3123"}],"curies":[{"name":"wp","href":"https:\/\/api.w.org\/{rel}","templated":true}]}}