{"id":3118,"date":"2015-07-14T15:14:53","date_gmt":"2015-07-14T15:14:53","guid":{"rendered":"https:\/\/akurats.com\/oborudovanie\/apalie-galdi\/"},"modified":"2021-10-12T13:54:10","modified_gmt":"2021-10-12T13:54:10","slug":"%d0%ba%d1%80%d1%83%d0%b3%d0%bb%d1%8b%d0%b5-%d1%81%d1%82%d0%be%d0%bb%d1%8b-%d0%b4%d0%bb%d1%8f-%d0%b2%d0%b5%d1%87%d0%b5%d1%80%d0%b8%d0%bd%d0%be%d0%ba","status":"publish","type":"page","link":"https:\/\/akurats.com\/ru\/oborudovanie\/%d0%ba%d1%80%d1%83%d0%b3%d0%bb%d1%8b%d0%b5-%d1%81%d1%82%d0%be%d0%bb%d1%8b-%d0%b4%d0%bb%d1%8f-%d0%b2%d0%b5%d1%87%d0%b5%d1%80%d0%b8%d0%bd%d0%be%d0%ba\/","title":{"rendered":"\u041a\u0440\u0443\u0433\u043b\u044b\u0435 \u0441\u0442\u043e\u043b\u044b 2"},"content":{"rendered":"<div id=\"pl-3118\"  class=\"panel-layout\" ><div id=\"pg-3118-0\"  class=\"panel-grid panel-no-style\" ><div id=\"pgc-3118-0-0\"  class=\"panel-grid-cell\" ><div id=\"panel-3118-0-0-0\" class=\"so-panel widget widget_black-studio-tinymce widget_black_studio_tinymce panel-first-child panel-last-child\" data-index=\"0\" ><div class=\"textwidget\"><p><img src=\"https:\/\/akurats.com\/wp-content\/uploads\/2015\/07\/galds-1-300x225.jpg\" alt=\"galds-1-300x225\" width=\"300\" height=\"225\" class=\"aligncenter size-full wp-image-1124\" \/><\/p>\n<\/div><\/div><\/div><div id=\"pgc-3118-0-1\"  class=\"panel-grid-cell\" ><div id=\"panel-3118-0-1-0\" class=\"so-panel widget widget_black-studio-tinymce widget_black_studio_tinymce panel-first-child panel-last-child\" data-index=\"1\" ><div class=\"textwidget\"><p><img src=\"https:\/\/akurats.com\/wp-content\/uploads\/2015\/07\/galds-2-300x225.jpg\" alt=\"galds-2-300x225\" width=\"300\" height=\"225\" class=\"aligncenter size-full wp-image-1129\" \/><\/p>\n<\/div><\/div><\/div><div id=\"pgc-3118-0-2\"  class=\"panel-grid-cell\" ><div id=\"panel-3118-0-2-0\" class=\"so-panel widget widget_black-studio-tinymce widget_black_studio_tinymce panel-first-child panel-last-child\" data-index=\"2\" ><div class=\"textwidget\"><p><img class=\"aligncenter size-full wp-image-1134\" src=\"https:\/\/akurats.com\/wp-content\/uploads\/2015\/07\/galds-3-300x225.jpg\" alt=\"galds-3-300x225\" width=\"300\" height=\"225\" \/><\/p>\n<\/div><\/div><\/div><\/div><div id=\"pg-3118-1\"  class=\"panel-grid panel-no-style\" ><div id=\"pgc-3118-1-0\"  class=\"panel-grid-cell\" ><div id=\"panel-3118-1-0-0\" class=\"so-panel widget widget_black-studio-tinymce widget_black_studio_tinymce panel-first-child panel-last-child\" data-index=\"3\" ><div class=\"textwidget\"><p>V\u0113lies sapulcin\u0101t savus viesus un sar\u012bkot neaizmirstamus sv\u0113tkus, bet nav pieejams nepiecie\u0161amais invent\u0101rs?<\/p>\n<p>Jaunums \u0161aj\u0101 sezon\u0101 \u2013 papla\u0161inot un atjaunojot Akur\u0101ts.lv nomas invent\u0101ru, komp\u0101nija saviem klientiem pied\u0101v\u0101 \u010detrviet\u012bgus, zemos apa\u013cos galdus, kas ir moderni un \u012bpa\u0161i \u0113rti lietojami.<\/p>\n<p>Vizu\u0101li jaunie galdi ir identiski komp\u0101nijas pied\u0101v\u0101tajiem, kvalitat\u012bvajiem\u00a0st\u0101vgaldiem. Svar\u012bgi min\u0113t, ka apa\u013cajiem galdiem ir regul\u0113jamas k\u0101jas, lai tie b\u016btu stabili un v\u0113l \u0113rt\u0101k lietojami. Pie jaun\u0101 galda \u0113rti var\u0113s sas\u0113sties \u010detri cilv\u0113ki. T\u0101pat j\u0101piemin, ka pie \u0161iem galdiem \u0113rti s\u0113d\u0113t uz m\u016bsu pied\u0101v\u0101tajiem banketu kr\u0113sliem.<\/p>\n<h3><strong>Apa\u013cie galdi ir m\u016bsdien\u012bgi, jo -<\/strong><\/h3>\n<ul>\n<li>to virsma ir pel\u0113k\u0101 kr\u0101s\u0101 un p\u0101rkl\u0101ta melnu pvh malu;<\/li>\n<li>viena \u0161\u0101da galda virsmas diametrs ir 83cm, bet augstums 77cm. Pie \u0161\u012b galda vis\u0113rt\u0101k \u00a0s\u0113d\u0113t uz banketu kr\u0113sliem, ko par lab\u0101m cen\u0101m pied\u0101v\u0101 Akur\u0101ts.lv;<\/li>\n<li>Komp\u0101nija \u0161os galdus un, protams, ar\u012b citu Jums vajadz\u012bgo apr\u012bkojumu pieg\u0101d\u0101s vajadz\u012bgaj\u0101 viet\u0101 un laik\u0101. Protams, komp\u0101nija aicina savus klientus savlaic\u012bgi rezerv\u0113t invent\u0101ru.<\/li>\n<\/ul>\n<p>Ja iepriek\u0161 v\u0113l neesat izmantojis Akur\u0101ts.lv pakalpojumus \u2013 Jums galdi un cits nepiecie\u0161amais invent\u0101rs tiks pieg\u0101d\u0101ts un uzst\u0101d\u012bts par \u012bpa\u0161u iepaz\u012b\u0161an\u0101s cenu! Net\u0113r\u0113 laiku un l\u012bdzek\u013cus invent\u0101ra ieg\u0101dei un uzglab\u0101\u0161anai- ar Akur\u0101ts.lv pied\u0101v\u0101to apa\u013co galdu nomu var\u0113si sa\u0146emt tie\u0161i konkr\u0113tajam pas\u0101kumam nepiecie\u0161amos galdus, k\u0101 ar\u012b citu invent\u0101ru.<\/p>\n<p>Akur\u0101ts.lv darbinieki ir zino\u0161i un pieredz\u0113ju\u0161i speci\u0101listi, kuri konsult\u0113s un pal\u012bdz\u0113s gan izv\u0113l\u0113ties piem\u0113rot\u0101k\u0101s preces pl\u0101notajam pas\u0101kumam, gan t\u0101s nog\u0101d\u0101s v\u0113lamaj\u0101 viet\u0101 un laik\u0101, gan uzst\u0101d\u012bs, k\u0101 ar\u012b demont\u0113s invent\u0101ru p\u0113c pas\u0101kuma beig\u0101m.<\/p>\n<p>Akur\u0101ts.lv Latvij\u0101 str\u0101d\u0101 jau kop\u0161 2005.gad\u0101 un sal\u012bdzino\u0161i \u012bs\u0101 laik\u0101 ir k\u013cuvis par vado\u0161o tel\u0161u un to apr\u012bkojuma iznom\u0101t\u0101ju vis\u0101 Latvij\u0101. Kop\u0161 2007.gada firma savus \u00a0nomas pakalpojumus pied\u0101v\u0101 ar\u012b ab\u0101s p\u0101r\u0113j\u0101s Baltijas valst\u012bs.<\/p>\n<p>Akur\u0101ts.lv ir viens no liel\u0101kajiem un popul\u0101r\u0101kajiem tel\u0161u un to apr\u012bkojuma iznom\u0101t\u0101jiem Baltijas valst\u012bs, kas saviem klientiem par \u012bpa\u0161i izdev\u012bg\u0101m cen\u0101m pied\u0101v\u0101 da\u017e\u0101da veida galdus, kr\u0113slus, lampas u.c., lai klienta pl\u0101notais pas\u0101kums b\u016btu izdevies godam.<\/p>\n<p style=\"text-align: center;\">\n<a class=\"order-ru btn btn-primary\"><i class=\"fa fa-book pr-5\"><\/i>\u0417\u0410\u041f\u041e\u041b\u041d\u0418\u0422\u042c \u0417\u0410\u042f\u0412\u041a\u0423<\/a><\/p>\n<\/div><\/div><\/div><\/div><\/div>","protected":false},"excerpt":{"rendered":"<p>V\u0113lies sapulcin\u0101t savus viesus un sar\u012bkot neaizmirstamus sv\u0113tkus, bet nav pieejams nepiecie\u0161amais invent\u0101rs? Jaunums \u0161aj\u0101 sezon\u0101 \u2013 papla\u0161inot un atjaunojot Akur\u0101ts.lv nomas invent\u0101ru, komp\u0101nija saviem klientiem pied\u0101v\u0101 \u010detrviet\u012bgus, zemos apa\u013cos galdus, kas ir moderni un \u012bpa\u0161i \u0113rti lietojami. Vizu\u0101li jaunie galdi ir identiski komp\u0101nijas pied\u0101v\u0101tajiem, kvalitat\u012bvajiem\u00a0st\u0101vgaldiem. Svar\u012bgi min\u0113t, ka apa\u013cajiem galdiem ir regul\u0113jamas k\u0101jas, lai &hellip;<\/p>\n","protected":false},"author":1,"featured_media":3896,"parent":2155,"menu_order":0,"comment_status":"closed","ping_status":"closed","template":"","meta":[],"acf":[],"yoast_head":"<!-- This site is optimized with the Yoast SEO plugin v19.9 - https:\/\/yoast.com\/wordpress\/plugins\/seo\/ -->\n<title>Apa\u013cie galdi vies\u012bb\u0101m| Akurats<\/title>\n<meta name=\"description\" content=\"\u043a\u0440\u0443\u0433\u043b\u044b\u0435 \u0441\u0442\u043e\u043b\u044b \u0434\u043b\u044f \u0432\u0435\u0447\u0435\u0440\u0438\u043d\u043e\u043a\" \/>\n<meta name=\"robots\" content=\"index, follow, max-snippet:-1, max-image-preview:large, max-video-preview:-1\" \/>\n<link rel=\"canonical\" href=\"https:\/\/akurats.com\/ru\/oborudovanie\/\u043a\u0440\u0443\u0433\u043b\u044b\u0435-\u0441\u0442\u043e\u043b\u044b-\u0434\u043b\u044f-\u0432\u0435\u0447\u0435\u0440\u0438\u043d\u043e\u043a\/\" \/>\n<meta name=\"twitter:label1\" content=\"\u041f\u0440\u0438\u043c\u0435\u0440\u043d\u043e\u0435 \u0432\u0440\u0435\u043c\u044f \u0434\u043b\u044f \u0447\u0442\u0435\u043d\u0438\u044f\" \/>\n\t<meta name=\"twitter:data1\" content=\"2 \u043c\u0438\u043d\u0443\u0442\u044b\" \/>\n<script type=\"application\/ld+json\" class=\"yoast-schema-graph\">{\"@context\":\"https:\/\/schema.org\",\"@graph\":[{\"@type\":\"WebPage\",\"@id\":\"https:\/\/akurats.com\/ru\/oborudovanie\/%d0%ba%d1%80%d1%83%d0%b3%d0%bb%d1%8b%d0%b5-%d1%81%d1%82%d0%be%d0%bb%d1%8b-%d0%b4%d0%bb%d1%8f-%d0%b2%d0%b5%d1%87%d0%b5%d1%80%d0%b8%d0%bd%d0%be%d0%ba\/\",\"url\":\"https:\/\/akurats.com\/ru\/oborudovanie\/%d0%ba%d1%80%d1%83%d0%b3%d0%bb%d1%8b%d0%b5-%d1%81%d1%82%d0%be%d0%bb%d1%8b-%d0%b4%d0%bb%d1%8f-%d0%b2%d0%b5%d1%87%d0%b5%d1%80%d0%b8%d0%bd%d0%be%d0%ba\/\",\"name\":\"Apa\u013cie galdi vies\u012bb\u0101m| Akurats\",\"isPartOf\":{\"@id\":\"https:\/\/akurats.com\/en\/#website\"},\"datePublished\":\"2015-07-14T15:14:53+00:00\",\"dateModified\":\"2021-10-12T13:54:10+00:00\",\"description\":\"\u043a\u0440\u0443\u0433\u043b\u044b\u0435 \u0441\u0442\u043e\u043b\u044b \u0434\u043b\u044f \u0432\u0435\u0447\u0435\u0440\u0438\u043d\u043e\u043a\",\"breadcrumb\":{\"@id\":\"https:\/\/akurats.com\/ru\/oborudovanie\/%d0%ba%d1%80%d1%83%d0%b3%d0%bb%d1%8b%d0%b5-%d1%81%d1%82%d0%be%d0%bb%d1%8b-%d0%b4%d0%bb%d1%8f-%d0%b2%d0%b5%d1%87%d0%b5%d1%80%d0%b8%d0%bd%d0%be%d0%ba\/#breadcrumb\"},\"inLanguage\":\"ru-RU\",\"potentialAction\":[{\"@type\":\"ReadAction\",\"target\":[\"https:\/\/akurats.com\/ru\/oborudovanie\/%d0%ba%d1%80%d1%83%d0%b3%d0%bb%d1%8b%d0%b5-%d1%81%d1%82%d0%be%d0%bb%d1%8b-%d0%b4%d0%bb%d1%8f-%d0%b2%d0%b5%d1%87%d0%b5%d1%80%d0%b8%d0%bd%d0%be%d0%ba\/\"]}]},{\"@type\":\"BreadcrumbList\",\"@id\":\"https:\/\/akurats.com\/ru\/oborudovanie\/%d0%ba%d1%80%d1%83%d0%b3%d0%bb%d1%8b%d0%b5-%d1%81%d1%82%d0%be%d0%bb%d1%8b-%d0%b4%d0%bb%d1%8f-%d0%b2%d0%b5%d1%87%d0%b5%d1%80%d0%b8%d0%bd%d0%be%d0%ba\/#breadcrumb\",\"itemListElement\":[{\"@type\":\"ListItem\",\"position\":1,\"name\":\"Home\",\"item\":\"https:\/\/akurats.com\/ru\/\"},{\"@type\":\"ListItem\",\"position\":2,\"name\":\"\u041e\u0431\u043e\u0440\u0443\u0434\u043e\u0432\u0430\u043d\u0438\u0435\",\"item\":\"https:\/\/akurats.com\/ru\/oborudovanie\/\"},{\"@type\":\"ListItem\",\"position\":3,\"name\":\"\u041a\u0440\u0443\u0433\u043b\u044b\u0435 \u0441\u0442\u043e\u043b\u044b 2\"}]},{\"@type\":\"WebSite\",\"@id\":\"https:\/\/akurats.com\/en\/#website\",\"url\":\"https:\/\/akurats.com\/en\/\",\"name\":\"Akur\u0101ts\",\"description\":\"\u0441\u0435\u0440\u0432\u0438\u0441 \u043e\u0431\u043e\u0440\u0443\u0434\u043e\u0432\u0430\u043d\u0438\u044f \u0434\u043b\u044f \u043c\u0435\u0440\u043e\u043f\u0440\u0438\u044f\u0442\u0438\u0439\",\"publisher\":{\"@id\":\"https:\/\/akurats.com\/en\/#organization\"},\"alternateName\":\"Event equipment service\",\"potentialAction\":[{\"@type\":\"SearchAction\",\"target\":{\"@type\":\"EntryPoint\",\"urlTemplate\":\"https:\/\/akurats.com\/en\/?s={search_term_string}\"},\"query-input\":\"required name=search_term_string\"}],\"inLanguage\":\"ru-RU\"},{\"@type\":\"Organization\",\"@id\":\"https:\/\/akurats.com\/en\/#organization\",\"name\":\"Akur\u0101ts\",\"alternateName\":\"Event equipment service\",\"url\":\"https:\/\/akurats.com\/en\/\",\"logo\":{\"@type\":\"ImageObject\",\"inLanguage\":\"ru-RU\",\"@id\":\"https:\/\/akurats.com\/en\/#\/schema\/logo\/image\/\",\"url\":\"https:\/\/akurats.com\/wp-content\/uploads\/2015\/06\/A_logo.png\",\"contentUrl\":\"https:\/\/akurats.com\/wp-content\/uploads\/2015\/06\/A_logo.png\",\"width\":77,\"height\":70,\"caption\":\"Akur\u0101ts\"},\"image\":{\"@id\":\"https:\/\/akurats.com\/en\/#\/schema\/logo\/image\/\"},\"sameAs\":[\"https:\/\/www.facebook.com\/AkuratsSIA\"]}]}<\/script>\n<!-- \/ Yoast SEO plugin. -->","yoast_head_json":{"title":"Apa\u013cie galdi vies\u012bb\u0101m| Akurats","description":"\u043a\u0440\u0443\u0433\u043b\u044b\u0435 \u0441\u0442\u043e\u043b\u044b \u0434\u043b\u044f \u0432\u0435\u0447\u0435\u0440\u0438\u043d\u043e\u043a","robots":{"index":"index","follow":"follow","max-snippet":"max-snippet:-1","max-image-preview":"max-image-preview:large","max-video-preview":"max-video-preview:-1"},"canonical":"https:\/\/akurats.com\/ru\/oborudovanie\/\u043a\u0440\u0443\u0433\u043b\u044b\u0435-\u0441\u0442\u043e\u043b\u044b-\u0434\u043b\u044f-\u0432\u0435\u0447\u0435\u0440\u0438\u043d\u043e\u043a\/","twitter_misc":{"\u041f\u0440\u0438\u043c\u0435\u0440\u043d\u043e\u0435 \u0432\u0440\u0435\u043c\u044f \u0434\u043b\u044f \u0447\u0442\u0435\u043d\u0438\u044f":"2 \u043c\u0438\u043d\u0443\u0442\u044b"},"schema":{"@context":"https:\/\/schema.org","@graph":[{"@type":"WebPage","@id":"https:\/\/akurats.com\/ru\/oborudovanie\/%d0%ba%d1%80%d1%83%d0%b3%d0%bb%d1%8b%d0%b5-%d1%81%d1%82%d0%be%d0%bb%d1%8b-%d0%b4%d0%bb%d1%8f-%d0%b2%d0%b5%d1%87%d0%b5%d1%80%d0%b8%d0%bd%d0%be%d0%ba\/","url":"https:\/\/akurats.com\/ru\/oborudovanie\/%d0%ba%d1%80%d1%83%d0%b3%d0%bb%d1%8b%d0%b5-%d1%81%d1%82%d0%be%d0%bb%d1%8b-%d0%b4%d0%bb%d1%8f-%d0%b2%d0%b5%d1%87%d0%b5%d1%80%d0%b8%d0%bd%d0%be%d0%ba\/","name":"Apa\u013cie galdi vies\u012bb\u0101m| Akurats","isPartOf":{"@id":"https:\/\/akurats.com\/en\/#website"},"datePublished":"2015-07-14T15:14:53+00:00","dateModified":"2021-10-12T13:54:10+00:00","description":"\u043a\u0440\u0443\u0433\u043b\u044b\u0435 \u0441\u0442\u043e\u043b\u044b \u0434\u043b\u044f \u0432\u0435\u0447\u0435\u0440\u0438\u043d\u043e\u043a","breadcrumb":{"@id":"https:\/\/akurats.com\/ru\/oborudovanie\/%d0%ba%d1%80%d1%83%d0%b3%d0%bb%d1%8b%d0%b5-%d1%81%d1%82%d0%be%d0%bb%d1%8b-%d0%b4%d0%bb%d1%8f-%d0%b2%d0%b5%d1%87%d0%b5%d1%80%d0%b8%d0%bd%d0%be%d0%ba\/#breadcrumb"},"inLanguage":"ru-RU","potentialAction":[{"@type":"ReadAction","target":["https:\/\/akurats.com\/ru\/oborudovanie\/%d0%ba%d1%80%d1%83%d0%b3%d0%bb%d1%8b%d0%b5-%d1%81%d1%82%d0%be%d0%bb%d1%8b-%d0%b4%d0%bb%d1%8f-%d0%b2%d0%b5%d1%87%d0%b5%d1%80%d0%b8%d0%bd%d0%be%d0%ba\/"]}]},{"@type":"BreadcrumbList","@id":"https:\/\/akurats.com\/ru\/oborudovanie\/%d0%ba%d1%80%d1%83%d0%b3%d0%bb%d1%8b%d0%b5-%d1%81%d1%82%d0%be%d0%bb%d1%8b-%d0%b4%d0%bb%d1%8f-%d0%b2%d0%b5%d1%87%d0%b5%d1%80%d0%b8%d0%bd%d0%be%d0%ba\/#breadcrumb","itemListElement":[{"@type":"ListItem","position":1,"name":"Home","item":"https:\/\/akurats.com\/ru\/"},{"@type":"ListItem","position":2,"name":"\u041e\u0431\u043e\u0440\u0443\u0434\u043e\u0432\u0430\u043d\u0438\u0435","item":"https:\/\/akurats.com\/ru\/oborudovanie\/"},{"@type":"ListItem","position":3,"name":"\u041a\u0440\u0443\u0433\u043b\u044b\u0435 \u0441\u0442\u043e\u043b\u044b 2"}]},{"@type":"WebSite","@id":"https:\/\/akurats.com\/en\/#website","url":"https:\/\/akurats.com\/en\/","name":"Akur\u0101ts","description":"\u0441\u0435\u0440\u0432\u0438\u0441 \u043e\u0431\u043e\u0440\u0443\u0434\u043e\u0432\u0430\u043d\u0438\u044f \u0434\u043b\u044f \u043c\u0435\u0440\u043e\u043f\u0440\u0438\u044f\u0442\u0438\u0439","publisher":{"@id":"https:\/\/akurats.com\/en\/#organization"},"alternateName":"Event equipment service","potentialAction":[{"@type":"SearchAction","target":{"@type":"EntryPoint","urlTemplate":"https:\/\/akurats.com\/en\/?s={search_term_string}"},"query-input":"required name=search_term_string"}],"inLanguage":"ru-RU"},{"@type":"Organization","@id":"https:\/\/akurats.com\/en\/#organization","name":"Akur\u0101ts","alternateName":"Event equipment service","url":"https:\/\/akurats.com\/en\/","logo":{"@type":"ImageObject","inLanguage":"ru-RU","@id":"https:\/\/akurats.com\/en\/#\/schema\/logo\/image\/","url":"https:\/\/akurats.com\/wp-content\/uploads\/2015\/06\/A_logo.png","contentUrl":"https:\/\/akurats.com\/wp-content\/uploads\/2015\/06\/A_logo.png","width":77,"height":70,"caption":"Akur\u0101ts"},"image":{"@id":"https:\/\/akurats.com\/en\/#\/schema\/logo\/image\/"},"sameAs":["https:\/\/www.facebook.com\/AkuratsSIA"]}]}},"_links":{"self":[{"href":"https:\/\/akurats.com\/ru\/wp-json\/wp\/v2\/pages\/3118"}],"collection":[{"href":"https:\/\/akurats.com\/ru\/wp-json\/wp\/v2\/pages"}],"about":[{"href":"https:\/\/akurats.com\/ru\/wp-json\/wp\/v2\/types\/page"}],"author":[{"embeddable":true,"href":"https:\/\/akurats.com\/ru\/wp-json\/wp\/v2\/users\/1"}],"replies":[{"embeddable":true,"href":"https:\/\/akurats.com\/ru\/wp-json\/wp\/v2\/comments?post=3118"}],"version-history":[{"count":4,"href":"https:\/\/akurats.com\/ru\/wp-json\/wp\/v2\/pages\/3118\/revisions"}],"predecessor-version":[{"id":4337,"href":"https:\/\/akurats.com\/ru\/wp-json\/wp\/v2\/pages\/3118\/revisions\/4337"}],"up":[{"embeddable":true,"href":"https:\/\/akurats.com\/ru\/wp-json\/wp\/v2\/pages\/2155"}],"wp:featuredmedia":[{"embeddable":true,"href":"https:\/\/akurats.com\/ru\/wp-json\/wp\/v2\/media\/3896"}],"wp:attachment":[{"href":"https:\/\/akurats.com\/ru\/wp-json\/wp\/v2\/media?parent=3118"}],"curies":[{"name":"wp","href":"https:\/\/api.w.org\/{rel}","templated":true}]}}