{"id":3105,"date":"2015-07-14T15:56:36","date_gmt":"2015-07-14T15:56:36","guid":{"rendered":"https:\/\/akurats.com\/oborudovanie\/apalie-banketa-galdi\/"},"modified":"2021-10-12T13:38:39","modified_gmt":"2021-10-12T13:38:39","slug":"apalie-banketa-galdi","status":"publish","type":"page","link":"https:\/\/akurats.com\/ru\/oborudovanie\/apalie-banketa-galdi\/","title":{"rendered":"K\u0440\u0443\u0433\u043b\u044b\u0435 \u0441\u0442\u043e\u043b\u044b"},"content":{"rendered":"<div id=\"pl-3105\"  class=\"panel-layout\" ><div id=\"pg-3105-0\"  class=\"panel-grid panel-no-style\" ><div id=\"pgc-3105-0-0\"  class=\"panel-grid-cell\" ><div id=\"panel-3105-0-0-0\" class=\"so-panel widget widget_black-studio-tinymce widget_black_studio_tinymce panel-first-child panel-last-child\" data-index=\"0\" ><div class=\"textwidget\"><table class=\"table\">\n<thead>\n<tr class=\"active\">\n<th colspan=\"2\"><center>Tehniskie parametri<\/center><\/th>\n<\/tr>\n<\/thead>\n<tbody>\n<tr>\n<td>Diametrs<\/td>\n<td>1,83m un 1.53m<\/td>\n<\/tr>\n<tr>\n<td>Augstums<\/td>\n<td>0,76m<\/td>\n<\/tr>\n<tr>\n<td>R\u0101mis<\/td>\n<td>tum\u0161i pel\u0113ks met\u0101la saliekams r\u0101mis<\/td>\n<\/tr>\n<tr>\n<td>Virsma<\/td>\n<td>koka<\/td>\n<\/tr>\n<\/tbody>\n<\/table>\n<\/div><\/div><\/div><\/div><div id=\"pg-3105-1\"  class=\"panel-grid panel-no-style\" ><div id=\"pgc-3105-1-0\"  class=\"panel-grid-cell\" ><div id=\"panel-3105-1-0-0\" class=\"so-panel widget widget_black-studio-tinymce widget_black_studio_tinymce panel-first-child panel-last-child\" data-index=\"1\" ><div class=\"textwidget\"><p><b>Mont\u0101\u017ea:<\/b><\/p>\n<p>Apa\u013cie banketu galdi ir lieliski piem\u0113roti jebkura veida banketam, jo to vienk\u0101r\u0161ais dizains ieder\u0113sies da\u017e\u0101dos interjeros.<\/p>\n<p>Akur\u0101ts pied\u0101v\u0101<b> apa\u013co banketu galdu nomu, pieg\u0101di un mont\u0101\u017eu,<\/b> sniedzot iesp\u0113ju sar\u012bkot banketu ar\u012b telp\u0101s, kur tr\u016bkst apr\u012bkojuma t\u0101 organiz\u0113\u0161anai. Tas noz\u012bm\u0113, ka \u0101tri un vienk\u0101r\u0161i ir iesp\u0113jams dab\u016bt visu nepiecie\u0161amo apr\u012bkojumu banketiem.<\/p>\n<p>Apa\u013co banketu galdu noma ir viens no daudzajiem Akur\u0101ts pakalpojumiem, ko uz\u0146\u0113mums pied\u0101v\u0101 saviem klientiem. Tas patie\u0161\u0101m ir vienk\u0101r\u0161s veids k\u0101 noorganiz\u0113t banketu ar atbilsto\u0161u apr\u012bkojumu \u2013 visi nepiecie\u0161amie galdi b\u016bs vien\u0101da izm\u0113ra un izskata un tie pat nav j\u0101ieg\u0101d\u0101jas. Izv\u0113loties apa\u013co banketu galdu noma, j\u016bs maks\u0101siet tikai par laiku, uz kuru galdi jums ir nepiecie\u0161ami. Tas ir \u012bpa\u0161i izdev\u012bgi gad\u012bjumos, kad pl\u0101nots \u013coti liels bankets un telp\u0101s galdu nepietiek vai tie nav vien\u0101das kr\u0101sas un izm\u0113ra un t\u0101p\u0113c neizskat\u0101s pietiekami labi.<\/p>\n<\/div><\/div><\/div><div id=\"pgc-3105-1-1\"  class=\"panel-grid-cell\" ><div id=\"panel-3105-1-1-0\" class=\"so-panel widget widget_black-studio-tinymce widget_black_studio_tinymce panel-first-child panel-last-child\" data-index=\"2\" ><div class=\"textwidget\"><p><img src=\"https:\/\/akurats.com\/wp-content\/uploads\/2015\/07\/apalie-galdi.jpg\" alt=\"apalie-galdi\" width=\"323\" height=\"294\" class=\"aligncenter size-full wp-image-1207\" \/><\/p>\n<\/div><\/div><\/div><\/div><div id=\"pg-3105-2\"  class=\"panel-grid panel-no-style\" ><div id=\"pgc-3105-2-0\"  class=\"panel-grid-cell\" ><div id=\"panel-3105-2-0-0\" class=\"so-panel widget widget_black-studio-tinymce widget_black_studio_tinymce panel-first-child panel-last-child\" data-index=\"3\" ><div class=\"textwidget\"><p><b>Apa\u013co banketa galdu izm\u0113ri<\/b><\/p>\n<p>Akur\u0101ts pied\u0101v\u0101 divu izm\u0113ru apa\u013cos banketu galdus \u2013 ar 1,83 metrus un 1,53 metrus lielu diametru.<\/p>\n<ul>\n<li>Tie ir 76 centimetrus augsti galdi ar apa\u013cu gai\u0161as kr\u0101sas koka virsmu un tum\u0161i pel\u0113ku saliekamu met\u0101la r\u0101mi.<\/li>\n<li>To vienk\u0101r\u0161ais, neuzkr\u012bto\u0161ais, un pat\u012bkamais dizains lieliski ieder\u0113sies jebkur\u0101 interjer\u0101.<\/li>\n<\/ul>\n<p>Akur\u0101ts pied\u0101v\u0101t\u0101 banketu galdu noma patie\u0161\u0101m ir \u0113rta un vienk\u0101r\u0161a. Viss, kas j\u0101dara, lai no\u012br\u0113tu apa\u013cos banketu galdus uz noteiktu laiku, ir j\u0101sazin\u0101s ar uz\u0146\u0113muma darbiniekiem pa t\u0101lruni 26338888 vai e-pastu info@akurats.lv un uz\u0146\u0113muma darbinieki pal\u012bdz\u0113s izv\u0113l\u0113ties atbilsto\u0161\u0101ko galdu izm\u0113ru un skaitu.<\/p>\n<p>J\u0101piebilst, ka uz\u0146\u0113mums Akur\u0101ts <b>ne tikai iznom\u0101 apa\u013cos banketu galdus, bet ar\u012b veic to pieg\u0101di un mont\u0101\u017eu,<\/b> patie\u0161\u0101m atvieglojot banketa r\u012bko\u0161anu, jo, uzticot r\u016bpes speci\u0101listiem pas\u0101kuma apr\u012bkojuma zi\u0146\u0101, atliek vair\u0101k laika, ko velt\u012bt citiem ar pas\u0101kuma organiz\u0113\u0161anu saist\u012btiem jaut\u0101jumiem.<\/p>\n<p>Papildus apa\u013co banketu galdu nomai, mont\u0101\u017eai un pieg\u0101dei, Akur\u0101ts pied\u0101v\u0101 ar\u012b <b>banketu kr\u0113slu nomu.<\/b> \u0160ie divi pas\u0101kuma apr\u012bkojuma elementi lieliski papildina viens otru. Banketa kr\u0113sli ir melni, m\u012bksti un \u0113rti kr\u0113sli ar gai\u0161i pel\u0113ku met\u0101la r\u0101mi. Banketu kr\u0113slu mont\u0101\u017eu, t\u0101pat k\u0101 apa\u013co banketu galdu pieg\u0101di un mont\u0101\u017eu, veic, uz\u0146\u0113muma darbinieki.<\/p>\n<p style=\"text-align: center;\"><a class=\"order-ru btn btn-primary\"><i class=\"fa fa-book pr-5\"><\/i>\u0417\u0410\u041f\u041e\u041b\u041d\u0418\u0422\u042c \u0417\u0410\u042f\u0412\u041a\u0423<\/a><\/p>\n<\/div><\/div><\/div><\/div><\/div>","protected":false},"excerpt":{"rendered":"<p>Tehniskie parametri Diametrs 1,83m un 1.53m Augstums 0,76m R\u0101mis tum\u0161i pel\u0113ks met\u0101la saliekams r\u0101mis Virsma koka Mont\u0101\u017ea:Apa\u013cie banketu galdi ir lieliski piem\u0113roti jebkura veida banketam, jo to vienk\u0101r\u0161ais dizains ieder\u0113sies da\u017e\u0101dos interjeros.Akur\u0101ts pied\u0101v\u0101 apa\u013co banketu galdu nomu, pieg\u0101di un mont\u0101\u017eu, sniedzot iesp\u0113ju sar\u012bkot banketu ar\u012b telp\u0101s, kur tr\u016bkst apr\u012bkojuma t\u0101 organiz\u0113\u0161anai. Tas noz\u012bm\u0113, ka \u0101tri &hellip;<\/p>\n","protected":false},"author":1,"featured_media":1960,"parent":2155,"menu_order":1,"comment_status":"closed","ping_status":"closed","template":"","meta":[],"acf":[],"yoast_head":"<!-- This site is optimized with the Yoast SEO plugin v19.9 - https:\/\/yoast.com\/wordpress\/plugins\/seo\/ -->\n<title>Apa\u013co Banketu Galdu Noma \/ \u012are | Akurats<\/title>\n<meta name=\"description\" content=\"Mekl\u0113, kur iznom\u0101t apa\u013cos banketa galdus? Tad izv\u0113lies Akur\u0101ts! Zemas cenas un izcila kvalit\u0101te. Spied \u0161eit, lai uzzin\u0101tu vair\u0101k!\" \/>\n<meta name=\"robots\" content=\"index, follow, max-snippet:-1, max-image-preview:large, max-video-preview:-1\" \/>\n<link rel=\"canonical\" href=\"https:\/\/akurats.com\/ru\/oborudovanie\/apalie-banketa-galdi\/\" \/>\n<meta name=\"twitter:label1\" content=\"\u041f\u0440\u0438\u043c\u0435\u0440\u043d\u043e\u0435 \u0432\u0440\u0435\u043c\u044f \u0434\u043b\u044f \u0447\u0442\u0435\u043d\u0438\u044f\" \/>\n\t<meta name=\"twitter:data1\" content=\"2 \u043c\u0438\u043d\u0443\u0442\u044b\" \/>\n<script type=\"application\/ld+json\" class=\"yoast-schema-graph\">{\"@context\":\"https:\/\/schema.org\",\"@graph\":[{\"@type\":\"WebPage\",\"@id\":\"https:\/\/akurats.com\/ru\/oborudovanie\/apalie-banketa-galdi\/\",\"url\":\"https:\/\/akurats.com\/ru\/oborudovanie\/apalie-banketa-galdi\/\",\"name\":\"Apa\u013co Banketu Galdu Noma \/ \u012are | Akurats\",\"isPartOf\":{\"@id\":\"https:\/\/akurats.com\/en\/#website\"},\"datePublished\":\"2015-07-14T15:56:36+00:00\",\"dateModified\":\"2021-10-12T13:38:39+00:00\",\"description\":\"Mekl\u0113, kur iznom\u0101t apa\u013cos banketa galdus? Tad izv\u0113lies Akur\u0101ts! Zemas cenas un izcila kvalit\u0101te. Spied \u0161eit, lai uzzin\u0101tu vair\u0101k!\",\"breadcrumb\":{\"@id\":\"https:\/\/akurats.com\/ru\/oborudovanie\/apalie-banketa-galdi\/#breadcrumb\"},\"inLanguage\":\"ru-RU\",\"potentialAction\":[{\"@type\":\"ReadAction\",\"target\":[\"https:\/\/akurats.com\/ru\/oborudovanie\/apalie-banketa-galdi\/\"]}]},{\"@type\":\"BreadcrumbList\",\"@id\":\"https:\/\/akurats.com\/ru\/oborudovanie\/apalie-banketa-galdi\/#breadcrumb\",\"itemListElement\":[{\"@type\":\"ListItem\",\"position\":1,\"name\":\"Home\",\"item\":\"https:\/\/akurats.com\/ru\/\"},{\"@type\":\"ListItem\",\"position\":2,\"name\":\"\u041e\u0431\u043e\u0440\u0443\u0434\u043e\u0432\u0430\u043d\u0438\u0435\",\"item\":\"https:\/\/akurats.com\/ru\/oborudovanie\/\"},{\"@type\":\"ListItem\",\"position\":3,\"name\":\"K\u0440\u0443\u0433\u043b\u044b\u0435 \u0441\u0442\u043e\u043b\u044b\"}]},{\"@type\":\"WebSite\",\"@id\":\"https:\/\/akurats.com\/en\/#website\",\"url\":\"https:\/\/akurats.com\/en\/\",\"name\":\"Akur\u0101ts\",\"description\":\"\u0441\u0435\u0440\u0432\u0438\u0441 \u043e\u0431\u043e\u0440\u0443\u0434\u043e\u0432\u0430\u043d\u0438\u044f \u0434\u043b\u044f \u043c\u0435\u0440\u043e\u043f\u0440\u0438\u044f\u0442\u0438\u0439\",\"publisher\":{\"@id\":\"https:\/\/akurats.com\/en\/#organization\"},\"alternateName\":\"Event equipment service\",\"potentialAction\":[{\"@type\":\"SearchAction\",\"target\":{\"@type\":\"EntryPoint\",\"urlTemplate\":\"https:\/\/akurats.com\/en\/?s={search_term_string}\"},\"query-input\":\"required name=search_term_string\"}],\"inLanguage\":\"ru-RU\"},{\"@type\":\"Organization\",\"@id\":\"https:\/\/akurats.com\/en\/#organization\",\"name\":\"Akur\u0101ts\",\"alternateName\":\"Event equipment service\",\"url\":\"https:\/\/akurats.com\/en\/\",\"logo\":{\"@type\":\"ImageObject\",\"inLanguage\":\"ru-RU\",\"@id\":\"https:\/\/akurats.com\/en\/#\/schema\/logo\/image\/\",\"url\":\"https:\/\/akurats.com\/wp-content\/uploads\/2015\/06\/A_logo.png\",\"contentUrl\":\"https:\/\/akurats.com\/wp-content\/uploads\/2015\/06\/A_logo.png\",\"width\":77,\"height\":70,\"caption\":\"Akur\u0101ts\"},\"image\":{\"@id\":\"https:\/\/akurats.com\/en\/#\/schema\/logo\/image\/\"},\"sameAs\":[\"https:\/\/www.facebook.com\/AkuratsSIA\"]}]}<\/script>\n<!-- \/ Yoast SEO plugin. -->","yoast_head_json":{"title":"Apa\u013co Banketu Galdu Noma \/ \u012are | Akurats","description":"Mekl\u0113, kur iznom\u0101t apa\u013cos banketa galdus? Tad izv\u0113lies Akur\u0101ts! Zemas cenas un izcila kvalit\u0101te. Spied \u0161eit, lai uzzin\u0101tu vair\u0101k!","robots":{"index":"index","follow":"follow","max-snippet":"max-snippet:-1","max-image-preview":"max-image-preview:large","max-video-preview":"max-video-preview:-1"},"canonical":"https:\/\/akurats.com\/ru\/oborudovanie\/apalie-banketa-galdi\/","twitter_misc":{"\u041f\u0440\u0438\u043c\u0435\u0440\u043d\u043e\u0435 \u0432\u0440\u0435\u043c\u044f \u0434\u043b\u044f \u0447\u0442\u0435\u043d\u0438\u044f":"2 \u043c\u0438\u043d\u0443\u0442\u044b"},"schema":{"@context":"https:\/\/schema.org","@graph":[{"@type":"WebPage","@id":"https:\/\/akurats.com\/ru\/oborudovanie\/apalie-banketa-galdi\/","url":"https:\/\/akurats.com\/ru\/oborudovanie\/apalie-banketa-galdi\/","name":"Apa\u013co Banketu Galdu Noma \/ \u012are | Akurats","isPartOf":{"@id":"https:\/\/akurats.com\/en\/#website"},"datePublished":"2015-07-14T15:56:36+00:00","dateModified":"2021-10-12T13:38:39+00:00","description":"Mekl\u0113, kur iznom\u0101t apa\u013cos banketa galdus? Tad izv\u0113lies Akur\u0101ts! Zemas cenas un izcila kvalit\u0101te. Spied \u0161eit, lai uzzin\u0101tu vair\u0101k!","breadcrumb":{"@id":"https:\/\/akurats.com\/ru\/oborudovanie\/apalie-banketa-galdi\/#breadcrumb"},"inLanguage":"ru-RU","potentialAction":[{"@type":"ReadAction","target":["https:\/\/akurats.com\/ru\/oborudovanie\/apalie-banketa-galdi\/"]}]},{"@type":"BreadcrumbList","@id":"https:\/\/akurats.com\/ru\/oborudovanie\/apalie-banketa-galdi\/#breadcrumb","itemListElement":[{"@type":"ListItem","position":1,"name":"Home","item":"https:\/\/akurats.com\/ru\/"},{"@type":"ListItem","position":2,"name":"\u041e\u0431\u043e\u0440\u0443\u0434\u043e\u0432\u0430\u043d\u0438\u0435","item":"https:\/\/akurats.com\/ru\/oborudovanie\/"},{"@type":"ListItem","position":3,"name":"K\u0440\u0443\u0433\u043b\u044b\u0435 \u0441\u0442\u043e\u043b\u044b"}]},{"@type":"WebSite","@id":"https:\/\/akurats.com\/en\/#website","url":"https:\/\/akurats.com\/en\/","name":"Akur\u0101ts","description":"\u0441\u0435\u0440\u0432\u0438\u0441 \u043e\u0431\u043e\u0440\u0443\u0434\u043e\u0432\u0430\u043d\u0438\u044f \u0434\u043b\u044f \u043c\u0435\u0440\u043e\u043f\u0440\u0438\u044f\u0442\u0438\u0439","publisher":{"@id":"https:\/\/akurats.com\/en\/#organization"},"alternateName":"Event equipment service","potentialAction":[{"@type":"SearchAction","target":{"@type":"EntryPoint","urlTemplate":"https:\/\/akurats.com\/en\/?s={search_term_string}"},"query-input":"required name=search_term_string"}],"inLanguage":"ru-RU"},{"@type":"Organization","@id":"https:\/\/akurats.com\/en\/#organization","name":"Akur\u0101ts","alternateName":"Event equipment service","url":"https:\/\/akurats.com\/en\/","logo":{"@type":"ImageObject","inLanguage":"ru-RU","@id":"https:\/\/akurats.com\/en\/#\/schema\/logo\/image\/","url":"https:\/\/akurats.com\/wp-content\/uploads\/2015\/06\/A_logo.png","contentUrl":"https:\/\/akurats.com\/wp-content\/uploads\/2015\/06\/A_logo.png","width":77,"height":70,"caption":"Akur\u0101ts"},"image":{"@id":"https:\/\/akurats.com\/en\/#\/schema\/logo\/image\/"},"sameAs":["https:\/\/www.facebook.com\/AkuratsSIA"]}]}},"_links":{"self":[{"href":"https:\/\/akurats.com\/ru\/wp-json\/wp\/v2\/pages\/3105"}],"collection":[{"href":"https:\/\/akurats.com\/ru\/wp-json\/wp\/v2\/pages"}],"about":[{"href":"https:\/\/akurats.com\/ru\/wp-json\/wp\/v2\/types\/page"}],"author":[{"embeddable":true,"href":"https:\/\/akurats.com\/ru\/wp-json\/wp\/v2\/users\/1"}],"replies":[{"embeddable":true,"href":"https:\/\/akurats.com\/ru\/wp-json\/wp\/v2\/comments?post=3105"}],"version-history":[{"count":5,"href":"https:\/\/akurats.com\/ru\/wp-json\/wp\/v2\/pages\/3105\/revisions"}],"predecessor-version":[{"id":4335,"href":"https:\/\/akurats.com\/ru\/wp-json\/wp\/v2\/pages\/3105\/revisions\/4335"}],"up":[{"embeddable":true,"href":"https:\/\/akurats.com\/ru\/wp-json\/wp\/v2\/pages\/2155"}],"wp:featuredmedia":[{"embeddable":true,"href":"https:\/\/akurats.com\/ru\/wp-json\/wp\/v2\/media\/1960"}],"wp:attachment":[{"href":"https:\/\/akurats.com\/ru\/wp-json\/wp\/v2\/media?parent=3105"}],"curies":[{"name":"wp","href":"https:\/\/api.w.org\/{rel}","templated":true}]}}