{"id":3407,"date":"2015-07-21T11:18:57","date_gmt":"2015-07-21T11:18:57","guid":{"rendered":"https:\/\/akurats.com\/iranga\/%d1%82%d0%b0%d0%bd%d1%86%d0%bf%d0%be%d0%bb\/"},"modified":"2021-10-12T19:19:11","modified_gmt":"2021-10-12T19:19:11","slug":"%d1%82%d0%b0%d0%bd%d1%86%d0%bf%d0%be%d0%bb","status":"publish","type":"page","link":"https:\/\/akurats.com\/lt\/iranga\/%d1%82%d0%b0%d0%bd%d1%86%d0%bf%d0%be%d0%bb\/","title":{"rendered":"\u0422\u0430\u043d\u0446\u043f\u043e\u043b"},"content":{"rendered":"<div id=\"pl-3407\"  class=\"panel-layout\" ><div id=\"pg-3407-0\"  class=\"panel-grid panel-no-style\" ><div id=\"pgc-3407-0-0\"  class=\"panel-grid-cell\" ><div id=\"panel-3407-0-0-0\" class=\"so-panel widget widget_black-studio-tinymce widget_black_studio_tinymce panel-first-child panel-last-child\" data-index=\"0\" ><div class=\"textwidget\"><p><a href=\"https:\/\/akurats.com\/wp-content\/uploads\/2015\/07\/deju-grida-1.jpg\"><img src=\"https:\/\/akurats.com\/wp-content\/uploads\/2015\/07\/deju-grida-1-300x200.jpg\" alt=\"deju-grida-1\" width=\"300\" height=\"200\" class=\"aligncenter size-thumbnail wp-image-1394\" \/><\/a><\/p>\n<\/div><\/div><\/div><div id=\"pgc-3407-0-1\"  class=\"panel-grid-cell\" ><div id=\"panel-3407-0-1-0\" class=\"so-panel widget widget_black-studio-tinymce widget_black_studio_tinymce panel-first-child panel-last-child\" data-index=\"1\" ><div class=\"textwidget\"><p><a href=\"https:\/\/akurats.com\/wp-content\/uploads\/2015\/07\/deju-grida-2.jpg\"><img src=\"https:\/\/akurats.com\/wp-content\/uploads\/2015\/07\/deju-grida-2-300x200.jpg\" alt=\"deju-grida-2\" width=\"300\" height=\"200\" class=\"aligncenter size-thumbnail wp-image-1399\" \/><\/a><\/p>\n<\/div><\/div><\/div><div id=\"pgc-3407-0-2\"  class=\"panel-grid-cell\" ><div id=\"panel-3407-0-2-0\" class=\"so-panel widget widget_black-studio-tinymce widget_black_studio_tinymce panel-first-child panel-last-child\" data-index=\"2\" ><div class=\"textwidget\"><p><a href=\"https:\/\/akurats.com\/wp-content\/uploads\/2015\/07\/deju-grida-3.jpg\"><img src=\"https:\/\/akurats.com\/wp-content\/uploads\/2015\/07\/deju-grida-3-300x200.jpg\" alt=\"deju-grida-3\" width=\"300\" height=\"200\" class=\"aligncenter size-thumbnail wp-image-1404\" \/><\/a><\/p>\n<\/div><\/div><\/div><div id=\"pgc-3407-0-3\"  class=\"panel-grid-cell\" ><div id=\"panel-3407-0-3-0\" class=\"so-panel widget widget_black-studio-tinymce widget_black_studio_tinymce panel-first-child panel-last-child\" data-index=\"3\" ><div class=\"textwidget\"><p><a href=\"https:\/\/akurats.com\/wp-content\/uploads\/2015\/07\/deju-grida-4.jpg\"><img src=\"https:\/\/akurats.com\/wp-content\/uploads\/2015\/07\/deju-grida-4-300x200.jpg\" alt=\"deju-grida-4\" width=\"300\" height=\"200\" class=\"aligncenter size-thumbnail wp-image-1409\" \/><\/a><\/p>\n<\/div><\/div><\/div><\/div><div id=\"pg-3407-1\"  class=\"panel-grid panel-no-style\" ><div id=\"pgc-3407-1-0\"  class=\"panel-grid-cell\" ><div id=\"panel-3407-1-0-0\" class=\"so-panel widget widget_black-studio-tinymce widget_black_studio_tinymce panel-first-child panel-last-child\" data-index=\"4\" ><div class=\"textwidget\"><p>Akur\u0101ts pas\u0101kumu apr\u012bkojuma serviss pied\u0101v\u0101 iznom\u0101t profesion\u0101lo deju gr\u012bdu. Deju gr\u012bdas virsma ir no lakota dab\u012bg\u0101 koka. Deju gr\u012bdai pa perimetru ir dekorat\u012bva nosegl\u012bste, kura veido pak\u0101penisku p\u0101reju no pamata seguma uz deju gr\u012bdu. Deju gr\u012bdas izm\u0113ri un konfigur\u0101cija ir main\u0101mi atkar\u012bb\u0101 no telpas, kur\u0101 t\u0101 j\u0101uzst\u0101da. Deju gr\u012bda sast\u0101v no 31x31cm liel\u0101m pl\u0101ksn\u0113m, kas \u013cauj izm\u0113rus main\u012bt gan platum\u0101, gan garum\u0101 ik pa 31cm. Deju gr\u012bdu j\u0101uzst\u0101da telp\u0101s un telt\u012b uz cieta pamata seguma \u2013 asfalta, bru\u0123a vai telts koka gr\u012bdas. Deju gr\u012bda ir nepiecie\u0161ama ar\u012b telp\u0101s ar pakl\u0101ja gr\u012bdas segumu, lai dejojot ne\u0137ertos k\u0101jas. Deju gr\u012bdu iesp\u0113jams ar\u012b uzst\u0101d\u012bt uz saliekam\u0101s skatuves. Deju gr\u012bdu Jums pieg\u0101d\u0101s un uzst\u0101d\u012bs Akur\u0101ts pas\u0101kumu servisa profesion\u0101lie darbinieki nepiecie\u0161amaj\u0101 viet\u0101 un laik\u0101. Lai pas\u016bt\u012btu deju gr\u012bdu savam pas\u0101kumam, zvaniet pa t\u0101lruni: 26338888 vai rakstiet uz e-pastu: akurats@akurats.lv.<\/p>\n<p style=\"text-align: center;\"><a class=\"order-lt btn btn-primary\"><i class=\"fa fa-book pr-5\"><\/i>PILDYTI PARAI\u0160K\u0104<\/a><\/p>\n<\/div><\/div><\/div><\/div><\/div>","protected":false},"excerpt":{"rendered":"<p>Akur\u0101ts pas\u0101kumu apr\u012bkojuma serviss pied\u0101v\u0101 iznom\u0101t profesion\u0101lo deju gr\u012bdu. Deju gr\u012bdas virsma ir no lakota dab\u012bg\u0101 koka. Deju gr\u012bdai pa perimetru ir dekorat\u012bva nosegl\u012bste, kura veido pak\u0101penisku p\u0101reju no pamata seguma uz deju gr\u012bdu. Deju gr\u012bdas izm\u0113ri un konfigur\u0101cija ir main\u0101mi atkar\u012bb\u0101 no telpas, kur\u0101 t\u0101 j\u0101uzst\u0101da. Deju gr\u012bda sast\u0101v no 31x31cm liel\u0101m pl\u0101ksn\u0113m, kas &hellip;<\/p>\n","protected":false},"author":1,"featured_media":1413,"parent":2159,"menu_order":0,"comment_status":"closed","ping_status":"closed","template":"","meta":[],"acf":[],"yoast_head":"<!-- This site is optimized with the Yoast SEO plugin v19.9 - https:\/\/yoast.com\/wordpress\/plugins\/seo\/ -->\n<title>Deju gr\u012bda | Akurats.lv<\/title>\n<meta name=\"robots\" content=\"index, follow, max-snippet:-1, max-image-preview:large, max-video-preview:-1\" \/>\n<link rel=\"canonical\" href=\"https:\/\/akurats.com\/lt\/iranga\/\u0442\u0430\u043d\u0446\u043f\u043e\u043b\/\" \/>\n<meta name=\"twitter:label1\" content=\"Est. reading time\" \/>\n\t<meta name=\"twitter:data1\" content=\"1 minute\" \/>\n<script type=\"application\/ld+json\" class=\"yoast-schema-graph\">{\"@context\":\"https:\/\/schema.org\",\"@graph\":[{\"@type\":\"WebPage\",\"@id\":\"https:\/\/akurats.com\/lt\/iranga\/%d1%82%d0%b0%d0%bd%d1%86%d0%bf%d0%be%d0%bb\/\",\"url\":\"https:\/\/akurats.com\/lt\/iranga\/%d1%82%d0%b0%d0%bd%d1%86%d0%bf%d0%be%d0%bb\/\",\"name\":\"Deju gr\u012bda | Akurats.lv\",\"isPartOf\":{\"@id\":\"https:\/\/akurats.com\/en\/#website\"},\"datePublished\":\"2015-07-21T11:18:57+00:00\",\"dateModified\":\"2021-10-12T19:19:11+00:00\",\"breadcrumb\":{\"@id\":\"https:\/\/akurats.com\/lt\/iranga\/%d1%82%d0%b0%d0%bd%d1%86%d0%bf%d0%be%d0%bb\/#breadcrumb\"},\"inLanguage\":\"lt\",\"potentialAction\":[{\"@type\":\"ReadAction\",\"target\":[\"https:\/\/akurats.com\/lt\/iranga\/%d1%82%d0%b0%d0%bd%d1%86%d0%bf%d0%be%d0%bb\/\"]}]},{\"@type\":\"BreadcrumbList\",\"@id\":\"https:\/\/akurats.com\/lt\/iranga\/%d1%82%d0%b0%d0%bd%d1%86%d0%bf%d0%be%d0%bb\/#breadcrumb\",\"itemListElement\":[{\"@type\":\"ListItem\",\"position\":1,\"name\":\"Home\",\"item\":\"https:\/\/akurats.com\/lt\/\"},{\"@type\":\"ListItem\",\"position\":2,\"name\":\"\u012eranga\",\"item\":\"https:\/\/akurats.com\/lt\/iranga\/\"},{\"@type\":\"ListItem\",\"position\":3,\"name\":\"\u0422\u0430\u043d\u0446\u043f\u043e\u043b\"}]},{\"@type\":\"WebSite\",\"@id\":\"https:\/\/akurats.com\/en\/#website\",\"url\":\"https:\/\/akurats.com\/en\/\",\"name\":\"Akur\u0101ts\",\"description\":\"rengini\u0173 \u012frangos paslaugos\",\"publisher\":{\"@id\":\"https:\/\/akurats.com\/en\/#organization\"},\"alternateName\":\"Event equipment service\",\"potentialAction\":[{\"@type\":\"SearchAction\",\"target\":{\"@type\":\"EntryPoint\",\"urlTemplate\":\"https:\/\/akurats.com\/en\/?s={search_term_string}\"},\"query-input\":\"required name=search_term_string\"}],\"inLanguage\":\"lt\"},{\"@type\":\"Organization\",\"@id\":\"https:\/\/akurats.com\/en\/#organization\",\"name\":\"Akur\u0101ts\",\"alternateName\":\"Event equipment service\",\"url\":\"https:\/\/akurats.com\/en\/\",\"logo\":{\"@type\":\"ImageObject\",\"inLanguage\":\"lt\",\"@id\":\"https:\/\/akurats.com\/en\/#\/schema\/logo\/image\/\",\"url\":\"https:\/\/akurats.com\/wp-content\/uploads\/2015\/06\/A_logo.png\",\"contentUrl\":\"https:\/\/akurats.com\/wp-content\/uploads\/2015\/06\/A_logo.png\",\"width\":77,\"height\":70,\"caption\":\"Akur\u0101ts\"},\"image\":{\"@id\":\"https:\/\/akurats.com\/en\/#\/schema\/logo\/image\/\"},\"sameAs\":[\"https:\/\/www.facebook.com\/AkuratsSIA\"]}]}<\/script>\n<!-- \/ Yoast SEO plugin. -->","yoast_head_json":{"title":"Deju gr\u012bda | Akurats.lv","robots":{"index":"index","follow":"follow","max-snippet":"max-snippet:-1","max-image-preview":"max-image-preview:large","max-video-preview":"max-video-preview:-1"},"canonical":"https:\/\/akurats.com\/lt\/iranga\/\u0442\u0430\u043d\u0446\u043f\u043e\u043b\/","twitter_misc":{"Est. reading time":"1 minute"},"schema":{"@context":"https:\/\/schema.org","@graph":[{"@type":"WebPage","@id":"https:\/\/akurats.com\/lt\/iranga\/%d1%82%d0%b0%d0%bd%d1%86%d0%bf%d0%be%d0%bb\/","url":"https:\/\/akurats.com\/lt\/iranga\/%d1%82%d0%b0%d0%bd%d1%86%d0%bf%d0%be%d0%bb\/","name":"Deju gr\u012bda | Akurats.lv","isPartOf":{"@id":"https:\/\/akurats.com\/en\/#website"},"datePublished":"2015-07-21T11:18:57+00:00","dateModified":"2021-10-12T19:19:11+00:00","breadcrumb":{"@id":"https:\/\/akurats.com\/lt\/iranga\/%d1%82%d0%b0%d0%bd%d1%86%d0%bf%d0%be%d0%bb\/#breadcrumb"},"inLanguage":"lt","potentialAction":[{"@type":"ReadAction","target":["https:\/\/akurats.com\/lt\/iranga\/%d1%82%d0%b0%d0%bd%d1%86%d0%bf%d0%be%d0%bb\/"]}]},{"@type":"BreadcrumbList","@id":"https:\/\/akurats.com\/lt\/iranga\/%d1%82%d0%b0%d0%bd%d1%86%d0%bf%d0%be%d0%bb\/#breadcrumb","itemListElement":[{"@type":"ListItem","position":1,"name":"Home","item":"https:\/\/akurats.com\/lt\/"},{"@type":"ListItem","position":2,"name":"\u012eranga","item":"https:\/\/akurats.com\/lt\/iranga\/"},{"@type":"ListItem","position":3,"name":"\u0422\u0430\u043d\u0446\u043f\u043e\u043b"}]},{"@type":"WebSite","@id":"https:\/\/akurats.com\/en\/#website","url":"https:\/\/akurats.com\/en\/","name":"Akur\u0101ts","description":"rengini\u0173 \u012frangos paslaugos","publisher":{"@id":"https:\/\/akurats.com\/en\/#organization"},"alternateName":"Event equipment service","potentialAction":[{"@type":"SearchAction","target":{"@type":"EntryPoint","urlTemplate":"https:\/\/akurats.com\/en\/?s={search_term_string}"},"query-input":"required name=search_term_string"}],"inLanguage":"lt"},{"@type":"Organization","@id":"https:\/\/akurats.com\/en\/#organization","name":"Akur\u0101ts","alternateName":"Event equipment service","url":"https:\/\/akurats.com\/en\/","logo":{"@type":"ImageObject","inLanguage":"lt","@id":"https:\/\/akurats.com\/en\/#\/schema\/logo\/image\/","url":"https:\/\/akurats.com\/wp-content\/uploads\/2015\/06\/A_logo.png","contentUrl":"https:\/\/akurats.com\/wp-content\/uploads\/2015\/06\/A_logo.png","width":77,"height":70,"caption":"Akur\u0101ts"},"image":{"@id":"https:\/\/akurats.com\/en\/#\/schema\/logo\/image\/"},"sameAs":["https:\/\/www.facebook.com\/AkuratsSIA"]}]}},"_links":{"self":[{"href":"https:\/\/akurats.com\/lt\/wp-json\/wp\/v2\/pages\/3407"}],"collection":[{"href":"https:\/\/akurats.com\/lt\/wp-json\/wp\/v2\/pages"}],"about":[{"href":"https:\/\/akurats.com\/lt\/wp-json\/wp\/v2\/types\/page"}],"author":[{"embeddable":true,"href":"https:\/\/akurats.com\/lt\/wp-json\/wp\/v2\/users\/1"}],"replies":[{"embeddable":true,"href":"https:\/\/akurats.com\/lt\/wp-json\/wp\/v2\/comments?post=3407"}],"version-history":[{"count":3,"href":"https:\/\/akurats.com\/lt\/wp-json\/wp\/v2\/pages\/3407\/revisions"}],"predecessor-version":[{"id":4581,"href":"https:\/\/akurats.com\/lt\/wp-json\/wp\/v2\/pages\/3407\/revisions\/4581"}],"up":[{"embeddable":true,"href":"https:\/\/akurats.com\/lt\/wp-json\/wp\/v2\/pages\/2159"}],"wp:featuredmedia":[{"embeddable":true,"href":"https:\/\/akurats.com\/lt\/wp-json\/wp\/v2\/media\/1413"}],"wp:attachment":[{"href":"https:\/\/akurats.com\/lt\/wp-json\/wp\/v2\/media?parent=3407"}],"curies":[{"name":"wp","href":"https:\/\/api.w.org\/{rel}","templated":true}]}}