{"id":3405,"date":"2015-10-15T07:39:56","date_gmt":"2015-10-15T07:39:56","guid":{"rendered":"https:\/\/akurats.com\/iranga\/stekljannie-dveri\/"},"modified":"2025-06-28T19:30:23","modified_gmt":"2025-06-28T19:30:23","slug":"stekljannie-dveri","status":"publish","type":"page","link":"https:\/\/akurats.com\/lt\/iranga\/stekljannie-dveri\/","title":{"rendered":"\u0421\u0442\u0435\u043a\u043b\u044f\u043d\u043d\u044b\u0435 \u0434\u0432\u0435\u0440\u0438"},"content":{"rendered":"<div id=\"pl-3405\"  class=\"panel-layout\" ><div id=\"pg-3405-0\"  class=\"panel-grid panel-no-style\" ><div id=\"pgc-3405-0-0\"  class=\"panel-grid-cell\" ><div id=\"panel-3405-0-0-0\" class=\"so-panel widget widget_black-studio-tinymce widget_black_studio_tinymce panel-first-child panel-last-child\" data-index=\"0\" ><div class=\"textwidget\"><p><img src=\"https:\/\/akurats.com\/wp-content\/uploads\/2015\/07\/stikla-durvis.jpg\" alt=\"stikla-durvis\" width=\"500\" height=\"488\" class=\"aligncenter size-full wp-image-1379\" \/><\/p>\n<\/div><\/div><\/div><div id=\"pgc-3405-0-1\"  class=\"panel-grid-cell\" ><div id=\"panel-3405-0-1-0\" class=\"so-panel widget widget_black-studio-tinymce widget_black_studio_tinymce panel-first-child panel-last-child\" data-index=\"1\" ><div class=\"textwidget\"><table class=\"table\">\n<thead>\n<tr class=\"active\">\n<th colspan=\"3\"><center>\u0422\u0435\u0445\u043d\u0438\u0447\u0435\u0441\u043a\u0438\u0435 \u043f\u0430\u0440\u0430\u043c\u0435\u0442\u0440\u044b<\/center><\/th>\n<\/tr>\n<\/thead>\n<tbody>\n<tr>\n<td><\/td>\n<td>\u041e\u0434\u043d\u043e\u0441\u0442\u0432\u043e\u0440\u0447\u0430\u0442\u044b\u0435 \u0434\u0432\u0435\u0440\u0438<\/td>\n<td>\u0414\u0432\u0443\u0441\u0442\u0432\u043e\u0440\u0447\u0430\u0442\u044b\u0435 \u0434\u0432\u0435\u0440\u0438<\/td>\n<\/tr>\n<tr>\n<td>\u0428\u0438\u0440\u0438\u043d\u0430<\/td>\n<td>128,5cm<\/td>\n<td>257cm<\/td>\n<\/tr>\n<tr>\n<td>\u0412\u044b\u0441\u043e\u0442\u0430<\/td>\n<td>280cm<\/td>\n<td>280cm<\/td>\n<\/tr>\n<tr>\n<td>\u0420\u0430\u043c\u0430<\/td>\n<td>PVH<\/td>\n<td>PVH<\/td>\n<\/tr>\n<tr>\n<td>\u0426\u0432\u0435\u0442<\/td>\n<td>\u0431\u0435\u043b\u044b\u0439<\/td>\n<td>\u0431\u0435\u043b\u044b\u0439<\/td>\n<\/tr>\n<\/tbody>\n<\/table>\n<p>\u0421\u0442\u0435\u043a\u043b\u044f\u043d\u043d\u044b\u0435 \u0434\u0432\u0435\u0440\u0438 \u043c\u043e\u0436\u043d\u043e \u0438\u0441\u043f\u043e\u043b\u044c\u0437\u043e\u0432\u0430\u0442\u044c \u0442\u043e\u043b\u044c\u043a\u043e \u0434\u043b\u044f \u0448\u0430\u0442\u0440\u0430 \u0432\u044b\u0441\u043e\u0442\u043e\u0439 3 \u043c.<\/p>\n<\/div><\/div><\/div><\/div><\/div>","protected":false},"excerpt":{"rendered":"<p>\u0422\u0435\u0445\u043d\u0438\u0447\u0435\u0441\u043a\u0438\u0435 \u043f\u0430\u0440\u0430\u043c\u0435\u0442\u0440\u044b \u041e\u0434\u043d\u043e\u0441\u0442\u0432\u043e\u0440\u0447\u0430\u0442\u044b\u0435 \u0434\u0432\u0435\u0440\u0438 \u0414\u0432\u0443\u0441\u0442\u0432\u043e\u0440\u0447\u0430\u0442\u044b\u0435 \u0434\u0432\u0435\u0440\u0438 \u0428\u0438\u0440\u0438\u043d\u0430 128,5cm 257cm \u0412\u044b\u0441\u043e\u0442\u0430 280cm 280cm \u0420\u0430\u043c\u0430 PVH PVH \u0426\u0432\u0435\u0442 \u0431\u0435\u043b\u044b\u0439 \u0431\u0435\u043b\u044b\u0439 \u0421\u0442\u0435\u043a\u043b\u044f\u043d\u043d\u044b\u0435 \u0434\u0432\u0435\u0440\u0438 \u043c\u043e\u0436\u043d\u043e \u0438\u0441\u043f\u043e\u043b\u044c\u0437\u043e\u0432\u0430\u0442\u044c \u0442\u043e\u043b\u044c\u043a\u043e \u0434\u043b\u044f \u0448\u0430\u0442\u0440\u0430 \u0432\u044b\u0441\u043e\u0442\u043e\u0439 3 \u043c.<\/p>\n","protected":false},"author":1,"featured_media":1383,"parent":2159,"menu_order":0,"comment_status":"closed","ping_status":"closed","template":"","meta":[],"acf":[],"yoast_head":"<!-- This site is optimized with the Yoast SEO plugin v19.9 - https:\/\/yoast.com\/wordpress\/plugins\/seo\/ -->\n<title>\u0421\u0442\u0435\u043a\u043b\u044f\u043d\u043d\u044b\u0435 \u0434\u0432\u0435\u0440\u0438 - Akurats<\/title>\n<meta name=\"description\" content=\"\u0421\u0442\u0435\u043a\u043b\u044f\u043d\u043d\u044b\u0435 \u0434\u0432\u0435\u0440\u0438 \u0432 \u0430\u0440\u0435\u043d\u0434\u0443 \u0434\u043b\u044f \u0448\u0430\u0442\u0440\u043e\u0432. \u042d\u043b\u0435\u0433\u0430\u043d\u0442\u043d\u044b\u0439 \u0432\u043d\u0435\u0448\u043d\u0438\u0439 \u0432\u0438\u0434 \u0438 \u0443\u0434\u043e\u0431\u043d\u044b\u0439 \u0434\u043e\u0441\u0442\u0443\u043f \u0434\u043b\u044f \u0433\u043e\u0441\u0442\u0435\u0439.\" \/>\n<meta name=\"robots\" content=\"index, follow, max-snippet:-1, max-image-preview:large, max-video-preview:-1\" \/>\n<link rel=\"canonical\" href=\"https:\/\/akurats.com\/lt\/iranga\/stekljannie-dveri\/\" \/>\n<meta name=\"twitter:label1\" content=\"Est. reading time\" \/>\n\t<meta name=\"twitter:data1\" content=\"1 minute\" \/>\n<script type=\"application\/ld+json\" class=\"yoast-schema-graph\">{\"@context\":\"https:\/\/schema.org\",\"@graph\":[{\"@type\":\"WebPage\",\"@id\":\"https:\/\/akurats.com\/lt\/iranga\/stekljannie-dveri\/\",\"url\":\"https:\/\/akurats.com\/lt\/iranga\/stekljannie-dveri\/\",\"name\":\"\u0421\u0442\u0435\u043a\u043b\u044f\u043d\u043d\u044b\u0435 \u0434\u0432\u0435\u0440\u0438 - Akurats\",\"isPartOf\":{\"@id\":\"https:\/\/akurats.com\/en\/#website\"},\"datePublished\":\"2015-10-15T07:39:56+00:00\",\"dateModified\":\"2025-06-28T19:30:23+00:00\",\"description\":\"\u0421\u0442\u0435\u043a\u043b\u044f\u043d\u043d\u044b\u0435 \u0434\u0432\u0435\u0440\u0438 \u0432 \u0430\u0440\u0435\u043d\u0434\u0443 \u0434\u043b\u044f \u0448\u0430\u0442\u0440\u043e\u0432. \u042d\u043b\u0435\u0433\u0430\u043d\u0442\u043d\u044b\u0439 \u0432\u043d\u0435\u0448\u043d\u0438\u0439 \u0432\u0438\u0434 \u0438 \u0443\u0434\u043e\u0431\u043d\u044b\u0439 \u0434\u043e\u0441\u0442\u0443\u043f \u0434\u043b\u044f \u0433\u043e\u0441\u0442\u0435\u0439.\",\"breadcrumb\":{\"@id\":\"https:\/\/akurats.com\/lt\/iranga\/stekljannie-dveri\/#breadcrumb\"},\"inLanguage\":\"lt\",\"potentialAction\":[{\"@type\":\"ReadAction\",\"target\":[\"https:\/\/akurats.com\/lt\/iranga\/stekljannie-dveri\/\"]}]},{\"@type\":\"BreadcrumbList\",\"@id\":\"https:\/\/akurats.com\/lt\/iranga\/stekljannie-dveri\/#breadcrumb\",\"itemListElement\":[{\"@type\":\"ListItem\",\"position\":1,\"name\":\"Home\",\"item\":\"https:\/\/akurats.com\/lt\/\"},{\"@type\":\"ListItem\",\"position\":2,\"name\":\"\u012eranga\",\"item\":\"https:\/\/akurats.com\/lt\/iranga\/\"},{\"@type\":\"ListItem\",\"position\":3,\"name\":\"\u0421\u0442\u0435\u043a\u043b\u044f\u043d\u043d\u044b\u0435 \u0434\u0432\u0435\u0440\u0438\"}]},{\"@type\":\"WebSite\",\"@id\":\"https:\/\/akurats.com\/en\/#website\",\"url\":\"https:\/\/akurats.com\/en\/\",\"name\":\"Akur\u0101ts\",\"description\":\"rengini\u0173 \u012frangos paslaugos\",\"publisher\":{\"@id\":\"https:\/\/akurats.com\/en\/#organization\"},\"alternateName\":\"Event equipment service\",\"potentialAction\":[{\"@type\":\"SearchAction\",\"target\":{\"@type\":\"EntryPoint\",\"urlTemplate\":\"https:\/\/akurats.com\/en\/?s={search_term_string}\"},\"query-input\":\"required name=search_term_string\"}],\"inLanguage\":\"lt\"},{\"@type\":\"Organization\",\"@id\":\"https:\/\/akurats.com\/en\/#organization\",\"name\":\"Akur\u0101ts\",\"alternateName\":\"Event equipment service\",\"url\":\"https:\/\/akurats.com\/en\/\",\"logo\":{\"@type\":\"ImageObject\",\"inLanguage\":\"lt\",\"@id\":\"https:\/\/akurats.com\/en\/#\/schema\/logo\/image\/\",\"url\":\"https:\/\/akurats.com\/wp-content\/uploads\/2015\/06\/A_logo.png\",\"contentUrl\":\"https:\/\/akurats.com\/wp-content\/uploads\/2015\/06\/A_logo.png\",\"width\":77,\"height\":70,\"caption\":\"Akur\u0101ts\"},\"image\":{\"@id\":\"https:\/\/akurats.com\/en\/#\/schema\/logo\/image\/\"},\"sameAs\":[\"https:\/\/www.facebook.com\/AkuratsSIA\"]}]}<\/script>\n<!-- \/ Yoast SEO plugin. -->","yoast_head_json":{"title":"\u0421\u0442\u0435\u043a\u043b\u044f\u043d\u043d\u044b\u0435 \u0434\u0432\u0435\u0440\u0438 - Akurats","description":"\u0421\u0442\u0435\u043a\u043b\u044f\u043d\u043d\u044b\u0435 \u0434\u0432\u0435\u0440\u0438 \u0432 \u0430\u0440\u0435\u043d\u0434\u0443 \u0434\u043b\u044f \u0448\u0430\u0442\u0440\u043e\u0432. \u042d\u043b\u0435\u0433\u0430\u043d\u0442\u043d\u044b\u0439 \u0432\u043d\u0435\u0448\u043d\u0438\u0439 \u0432\u0438\u0434 \u0438 \u0443\u0434\u043e\u0431\u043d\u044b\u0439 \u0434\u043e\u0441\u0442\u0443\u043f \u0434\u043b\u044f \u0433\u043e\u0441\u0442\u0435\u0439.","robots":{"index":"index","follow":"follow","max-snippet":"max-snippet:-1","max-image-preview":"max-image-preview:large","max-video-preview":"max-video-preview:-1"},"canonical":"https:\/\/akurats.com\/lt\/iranga\/stekljannie-dveri\/","twitter_misc":{"Est. reading time":"1 minute"},"schema":{"@context":"https:\/\/schema.org","@graph":[{"@type":"WebPage","@id":"https:\/\/akurats.com\/lt\/iranga\/stekljannie-dveri\/","url":"https:\/\/akurats.com\/lt\/iranga\/stekljannie-dveri\/","name":"\u0421\u0442\u0435\u043a\u043b\u044f\u043d\u043d\u044b\u0435 \u0434\u0432\u0435\u0440\u0438 - Akurats","isPartOf":{"@id":"https:\/\/akurats.com\/en\/#website"},"datePublished":"2015-10-15T07:39:56+00:00","dateModified":"2025-06-28T19:30:23+00:00","description":"\u0421\u0442\u0435\u043a\u043b\u044f\u043d\u043d\u044b\u0435 \u0434\u0432\u0435\u0440\u0438 \u0432 \u0430\u0440\u0435\u043d\u0434\u0443 \u0434\u043b\u044f \u0448\u0430\u0442\u0440\u043e\u0432. \u042d\u043b\u0435\u0433\u0430\u043d\u0442\u043d\u044b\u0439 \u0432\u043d\u0435\u0448\u043d\u0438\u0439 \u0432\u0438\u0434 \u0438 \u0443\u0434\u043e\u0431\u043d\u044b\u0439 \u0434\u043e\u0441\u0442\u0443\u043f \u0434\u043b\u044f \u0433\u043e\u0441\u0442\u0435\u0439.","breadcrumb":{"@id":"https:\/\/akurats.com\/lt\/iranga\/stekljannie-dveri\/#breadcrumb"},"inLanguage":"lt","potentialAction":[{"@type":"ReadAction","target":["https:\/\/akurats.com\/lt\/iranga\/stekljannie-dveri\/"]}]},{"@type":"BreadcrumbList","@id":"https:\/\/akurats.com\/lt\/iranga\/stekljannie-dveri\/#breadcrumb","itemListElement":[{"@type":"ListItem","position":1,"name":"Home","item":"https:\/\/akurats.com\/lt\/"},{"@type":"ListItem","position":2,"name":"\u012eranga","item":"https:\/\/akurats.com\/lt\/iranga\/"},{"@type":"ListItem","position":3,"name":"\u0421\u0442\u0435\u043a\u043b\u044f\u043d\u043d\u044b\u0435 \u0434\u0432\u0435\u0440\u0438"}]},{"@type":"WebSite","@id":"https:\/\/akurats.com\/en\/#website","url":"https:\/\/akurats.com\/en\/","name":"Akur\u0101ts","description":"rengini\u0173 \u012frangos paslaugos","publisher":{"@id":"https:\/\/akurats.com\/en\/#organization"},"alternateName":"Event equipment service","potentialAction":[{"@type":"SearchAction","target":{"@type":"EntryPoint","urlTemplate":"https:\/\/akurats.com\/en\/?s={search_term_string}"},"query-input":"required name=search_term_string"}],"inLanguage":"lt"},{"@type":"Organization","@id":"https:\/\/akurats.com\/en\/#organization","name":"Akur\u0101ts","alternateName":"Event equipment service","url":"https:\/\/akurats.com\/en\/","logo":{"@type":"ImageObject","inLanguage":"lt","@id":"https:\/\/akurats.com\/en\/#\/schema\/logo\/image\/","url":"https:\/\/akurats.com\/wp-content\/uploads\/2015\/06\/A_logo.png","contentUrl":"https:\/\/akurats.com\/wp-content\/uploads\/2015\/06\/A_logo.png","width":77,"height":70,"caption":"Akur\u0101ts"},"image":{"@id":"https:\/\/akurats.com\/en\/#\/schema\/logo\/image\/"},"sameAs":["https:\/\/www.facebook.com\/AkuratsSIA"]}]}},"_links":{"self":[{"href":"https:\/\/akurats.com\/lt\/wp-json\/wp\/v2\/pages\/3405"}],"collection":[{"href":"https:\/\/akurats.com\/lt\/wp-json\/wp\/v2\/pages"}],"about":[{"href":"https:\/\/akurats.com\/lt\/wp-json\/wp\/v2\/types\/page"}],"author":[{"embeddable":true,"href":"https:\/\/akurats.com\/lt\/wp-json\/wp\/v2\/users\/1"}],"replies":[{"embeddable":true,"href":"https:\/\/akurats.com\/lt\/wp-json\/wp\/v2\/comments?post=3405"}],"version-history":[{"count":2,"href":"https:\/\/akurats.com\/lt\/wp-json\/wp\/v2\/pages\/3405\/revisions"}],"predecessor-version":[{"id":28938,"href":"https:\/\/akurats.com\/lt\/wp-json\/wp\/v2\/pages\/3405\/revisions\/28938"}],"up":[{"embeddable":true,"href":"https:\/\/akurats.com\/lt\/wp-json\/wp\/v2\/pages\/2159"}],"wp:featuredmedia":[{"embeddable":true,"href":"https:\/\/akurats.com\/lt\/wp-json\/wp\/v2\/media\/1383"}],"wp:attachment":[{"href":"https:\/\/akurats.com\/lt\/wp-json\/wp\/v2\/media?parent=3405"}],"curies":[{"name":"wp","href":"https:\/\/api.w.org\/{rel}","templated":true}]}}