{"id":3404,"date":"2015-07-21T12:59:48","date_gmt":"2015-07-21T12:59:48","guid":{"rendered":"https:\/\/akurats.com\/iranga\/dzerienu-dzesesanas-trauks-ledus-trauks\/"},"modified":"2021-10-12T18:17:50","modified_gmt":"2021-10-12T18:17:50","slug":"dzerienu-dzesesanas-trauks-ledus-trauks","status":"publish","type":"page","link":"https:\/\/akurats.com\/lt\/iranga\/dzerienu-dzesesanas-trauks-ledus-trauks\/","title":{"rendered":"\u0420\u0435\u0444\u0440\u0438\u0436\u0435\u0440\u0430\u0442\u043e\u0440\u043d\u0430\u044f \u0447\u0430\u0448\u0430 \u0434\u043b\u044f \u043d\u0430\u043f\u0438\u0442\u043a\u043e\u0432"},"content":{"rendered":"<div id=\"pl-3404\"  class=\"panel-layout\" ><div id=\"pg-3404-0\"  class=\"panel-grid panel-no-style\" ><div id=\"pgc-3404-0-0\"  class=\"panel-grid-cell\" ><div id=\"panel-3404-0-0-0\" class=\"so-panel widget widget_black-studio-tinymce widget_black_studio_tinymce panel-first-child panel-last-child\" data-index=\"0\" ><div class=\"textwidget\"><p><a href=\"https:\/\/akurats.com\/wp-content\/uploads\/2015\/07\/ledus-trauks-1.png\"><img src=\"https:\/\/akurats.com\/wp-content\/uploads\/2015\/07\/ledus-trauks-1-300x200.png\" alt=\"ledus-trauks-1\" width=\"300\" height=\"200\" class=\"aligncenter size-thumbnail wp-image-1606\" \/><\/a><\/p>\n<\/div><\/div><\/div><div id=\"pgc-3404-0-1\"  class=\"panel-grid-cell\" ><div id=\"panel-3404-0-1-0\" class=\"so-panel widget widget_black-studio-tinymce widget_black_studio_tinymce panel-first-child panel-last-child\" data-index=\"1\" ><div class=\"textwidget\"><p><a href=\"https:\/\/akurats.com\/wp-content\/uploads\/2015\/07\/ledus-trauks-2.png\"><img src=\"https:\/\/akurats.com\/wp-content\/uploads\/2015\/07\/ledus-trauks-2-300x200.png\" alt=\"ledus-trauks-2\" width=\"300\" height=\"200\" class=\"aligncenter size-thumbnail wp-image-1611\" \/><\/a><\/p>\n<\/div><\/div><\/div><div id=\"pgc-3404-0-2\"  class=\"panel-grid-cell\" ><div id=\"panel-3404-0-2-0\" class=\"so-panel widget widget_black-studio-tinymce widget_black_studio_tinymce panel-first-child panel-last-child\" data-index=\"2\" ><div class=\"textwidget\"><p><a href=\"https:\/\/akurats.com\/wp-content\/uploads\/2015\/07\/ledus-trauks-3.png\"><img src=\"https:\/\/akurats.com\/wp-content\/uploads\/2015\/07\/ledus-trauks-3-300x200.png\" alt=\"ledus-trauks-3\" width=\"300\" height=\"200\" class=\"aligncenter size-thumbnail wp-image-1616\" \/><\/a><\/p>\n<\/div><\/div><\/div><\/div><div id=\"pg-3404-1\"  class=\"panel-grid panel-no-style\" ><div id=\"pgc-3404-1-0\"  class=\"panel-grid-cell\" ><div id=\"panel-3404-1-0-0\" class=\"so-panel widget widget_black-studio-tinymce widget_black_studio_tinymce panel-first-child panel-last-child\" data-index=\"3\" ><div class=\"textwidget\"><p>Akur\u0101ts pas\u0101kumu apr\u012bkojuma serviss 2014. gada sezon\u0101 saviem klientiem pied\u0101v\u0101 dz\u0113rienu dzes\u0113\u0161anas traukus. Ledus trauka diametrs ir 60cm un dzi\u013cums 22cm. Taj\u0101 ietilpst aptuveni 6-12Kg ledus, kur\u0101 efekt\u012bvi tiks atdzes\u0113ti dz\u0113rieni vai aug\u013ci 6-8 stundu garum\u0101. Ledus trauks stabili novietojas uz visiem labi zin\u0101m\u0101 gaismas galda, kur\u0101 ievietojas gaismas \u0137ermenis da\u017e\u0101d\u0101s kr\u0101s\u0101s un izgaismo cilindrisko galda korpusu, k\u0101 ar\u012b ledu un dz\u0113rienus, kuri ievietoti trauk\u0101. Uz galda var uzl\u012bm\u0113t logo, dz\u0113riena nosaukumu vai citu mot\u012bvu (gadskaitli, gadu skaitu). Dz\u0113rienu dzes\u0113\u0161anas trauki uz gaismas galda \u013cauj veiksm\u012bgi savienot dekora un praktiskas lietas funkcijas. \u012apa\u0161i grezni ledus trauki ar gaismas galdiem izskat\u012bsies tums\u0101 vai da\u013c\u0113ji apgaismot\u0101 telp\u0101. Gaismas galds ar ledus trauku ir piem\u0113rots ar\u012b \u0101ra apst\u0101k\u013ciem. <\/p>\n<p>Dz\u0113rienu dzes\u0113\u0161anas trauki labi noder\u0113s jauna dz\u0113riena prezent\u0101cij\u0101, pas\u0101kum\u0101 ar lielu viesu skaitu vai pas\u0101kum\u0101, kur nav pieejams ledusskapis dz\u0113rienu dzes\u0113\u0161anai. Ledus trauks, kur\u0161 novietots uz gaismas galda, ir pieejams no vis\u0101m pus\u0113m, t\u0101d\u0113j\u0101di \u0113rti apkalpot lielu cilv\u0113ku skaitu. Pas\u0101kuma viet\u0101 labi ieder\u0113sies ar\u012b st\u0101vgaldi ar elast\u012bgajiem galdautiem, pie kuriem viesiem baud\u012bt atdzes\u0113tos dz\u0113rienus, ats\u0113\u017eoties uz b\u0101ra kr\u0113sliem. P\u0113c klientu v\u0113l\u0113\u0161an\u0101s Akur\u0101ts pas\u0101kumu apr\u012bkojuma serviss pieg\u0101d\u0101s ar\u012b ledu dz\u0113rienu atdzes\u0113\u0161anai. Lai pas\u016bt\u012btu dz\u0113rienu dzes\u0113\u0161anas traukus l\u016bdzam sazin\u0101ties ar mums pa t\u0101lruni 26338888 vai e-pastu: akurats@akurats.lv.<\/p>\n<p style=\"text-align: center;\"><a class=\"order-lt btn btn-primary\"><i class=\"fa fa-book pr-5\"><\/i>PILDYTI PARAI\u0160K\u0104<\/a><\/p>\n<\/div><\/div><\/div><\/div><\/div>","protected":false},"excerpt":{"rendered":"<p>Akur\u0101ts pas\u0101kumu apr\u012bkojuma serviss 2014. gada sezon\u0101 saviem klientiem pied\u0101v\u0101 dz\u0113rienu dzes\u0113\u0161anas traukus. Ledus trauka diametrs ir 60cm un dzi\u013cums 22cm. Taj\u0101 ietilpst aptuveni 6-12Kg ledus, kur\u0101 efekt\u012bvi tiks atdzes\u0113ti dz\u0113rieni vai aug\u013ci 6-8 stundu garum\u0101. Ledus trauks stabili novietojas uz visiem labi zin\u0101m\u0101 gaismas galda, kur\u0101 ievietojas gaismas \u0137ermenis da\u017e\u0101d\u0101s kr\u0101s\u0101s un izgaismo cilindrisko &hellip;<\/p>\n","protected":false},"author":1,"featured_media":1610,"parent":2159,"menu_order":0,"comment_status":"closed","ping_status":"closed","template":"","meta":[],"acf":[],"yoast_head":"<!-- This site is optimized with the Yoast SEO plugin v19.9 - https:\/\/yoast.com\/wordpress\/plugins\/seo\/ -->\n<title>Dz\u0113rienu dzes\u0113\u0161anas trauks, ledus trauks | Akurats<\/title>\n<meta name=\"description\" content=\"Akur\u0101ts pas\u0101kumu apr\u012bkojuma serviss saviem klientiem pied\u0101v\u0101 dz\u0113rienu dzes\u0113\u0161anas traukus. Ledus trauka diametrs ir 60cm un dzi\u013cums 22cm.\" \/>\n<meta name=\"robots\" content=\"index, follow, max-snippet:-1, max-image-preview:large, max-video-preview:-1\" \/>\n<link rel=\"canonical\" href=\"https:\/\/akurats.com\/lt\/iranga\/dzerienu-dzesesanas-trauks-ledus-trauks\/\" \/>\n<meta name=\"twitter:label1\" content=\"Est. reading time\" \/>\n\t<meta name=\"twitter:data1\" content=\"2 minutes\" \/>\n<script type=\"application\/ld+json\" class=\"yoast-schema-graph\">{\"@context\":\"https:\/\/schema.org\",\"@graph\":[{\"@type\":\"WebPage\",\"@id\":\"https:\/\/akurats.com\/lt\/iranga\/dzerienu-dzesesanas-trauks-ledus-trauks\/\",\"url\":\"https:\/\/akurats.com\/lt\/iranga\/dzerienu-dzesesanas-trauks-ledus-trauks\/\",\"name\":\"Dz\u0113rienu dzes\u0113\u0161anas trauks, ledus trauks | Akurats\",\"isPartOf\":{\"@id\":\"https:\/\/akurats.com\/en\/#website\"},\"datePublished\":\"2015-07-21T12:59:48+00:00\",\"dateModified\":\"2021-10-12T18:17:50+00:00\",\"description\":\"Akur\u0101ts pas\u0101kumu apr\u012bkojuma serviss saviem klientiem pied\u0101v\u0101 dz\u0113rienu dzes\u0113\u0161anas traukus. Ledus trauka diametrs ir 60cm un dzi\u013cums 22cm.\",\"breadcrumb\":{\"@id\":\"https:\/\/akurats.com\/lt\/iranga\/dzerienu-dzesesanas-trauks-ledus-trauks\/#breadcrumb\"},\"inLanguage\":\"lt\",\"potentialAction\":[{\"@type\":\"ReadAction\",\"target\":[\"https:\/\/akurats.com\/lt\/iranga\/dzerienu-dzesesanas-trauks-ledus-trauks\/\"]}]},{\"@type\":\"BreadcrumbList\",\"@id\":\"https:\/\/akurats.com\/lt\/iranga\/dzerienu-dzesesanas-trauks-ledus-trauks\/#breadcrumb\",\"itemListElement\":[{\"@type\":\"ListItem\",\"position\":1,\"name\":\"Home\",\"item\":\"https:\/\/akurats.com\/lt\/\"},{\"@type\":\"ListItem\",\"position\":2,\"name\":\"\u012eranga\",\"item\":\"https:\/\/akurats.com\/lt\/iranga\/\"},{\"@type\":\"ListItem\",\"position\":3,\"name\":\"\u0420\u0435\u0444\u0440\u0438\u0436\u0435\u0440\u0430\u0442\u043e\u0440\u043d\u0430\u044f \u0447\u0430\u0448\u0430 \u0434\u043b\u044f \u043d\u0430\u043f\u0438\u0442\u043a\u043e\u0432\"}]},{\"@type\":\"WebSite\",\"@id\":\"https:\/\/akurats.com\/en\/#website\",\"url\":\"https:\/\/akurats.com\/en\/\",\"name\":\"Akur\u0101ts\",\"description\":\"rengini\u0173 \u012frangos paslaugos\",\"publisher\":{\"@id\":\"https:\/\/akurats.com\/en\/#organization\"},\"alternateName\":\"Event equipment service\",\"potentialAction\":[{\"@type\":\"SearchAction\",\"target\":{\"@type\":\"EntryPoint\",\"urlTemplate\":\"https:\/\/akurats.com\/en\/?s={search_term_string}\"},\"query-input\":\"required name=search_term_string\"}],\"inLanguage\":\"lt\"},{\"@type\":\"Organization\",\"@id\":\"https:\/\/akurats.com\/en\/#organization\",\"name\":\"Akur\u0101ts\",\"alternateName\":\"Event equipment service\",\"url\":\"https:\/\/akurats.com\/en\/\",\"logo\":{\"@type\":\"ImageObject\",\"inLanguage\":\"lt\",\"@id\":\"https:\/\/akurats.com\/en\/#\/schema\/logo\/image\/\",\"url\":\"https:\/\/akurats.com\/wp-content\/uploads\/2015\/06\/A_logo.png\",\"contentUrl\":\"https:\/\/akurats.com\/wp-content\/uploads\/2015\/06\/A_logo.png\",\"width\":77,\"height\":70,\"caption\":\"Akur\u0101ts\"},\"image\":{\"@id\":\"https:\/\/akurats.com\/en\/#\/schema\/logo\/image\/\"},\"sameAs\":[\"https:\/\/www.facebook.com\/AkuratsSIA\"]}]}<\/script>\n<!-- \/ Yoast SEO plugin. -->","yoast_head_json":{"title":"Dz\u0113rienu dzes\u0113\u0161anas trauks, ledus trauks | Akurats","description":"Akur\u0101ts pas\u0101kumu apr\u012bkojuma serviss saviem klientiem pied\u0101v\u0101 dz\u0113rienu dzes\u0113\u0161anas traukus. Ledus trauka diametrs ir 60cm un dzi\u013cums 22cm.","robots":{"index":"index","follow":"follow","max-snippet":"max-snippet:-1","max-image-preview":"max-image-preview:large","max-video-preview":"max-video-preview:-1"},"canonical":"https:\/\/akurats.com\/lt\/iranga\/dzerienu-dzesesanas-trauks-ledus-trauks\/","twitter_misc":{"Est. reading time":"2 minutes"},"schema":{"@context":"https:\/\/schema.org","@graph":[{"@type":"WebPage","@id":"https:\/\/akurats.com\/lt\/iranga\/dzerienu-dzesesanas-trauks-ledus-trauks\/","url":"https:\/\/akurats.com\/lt\/iranga\/dzerienu-dzesesanas-trauks-ledus-trauks\/","name":"Dz\u0113rienu dzes\u0113\u0161anas trauks, ledus trauks | Akurats","isPartOf":{"@id":"https:\/\/akurats.com\/en\/#website"},"datePublished":"2015-07-21T12:59:48+00:00","dateModified":"2021-10-12T18:17:50+00:00","description":"Akur\u0101ts pas\u0101kumu apr\u012bkojuma serviss saviem klientiem pied\u0101v\u0101 dz\u0113rienu dzes\u0113\u0161anas traukus. Ledus trauka diametrs ir 60cm un dzi\u013cums 22cm.","breadcrumb":{"@id":"https:\/\/akurats.com\/lt\/iranga\/dzerienu-dzesesanas-trauks-ledus-trauks\/#breadcrumb"},"inLanguage":"lt","potentialAction":[{"@type":"ReadAction","target":["https:\/\/akurats.com\/lt\/iranga\/dzerienu-dzesesanas-trauks-ledus-trauks\/"]}]},{"@type":"BreadcrumbList","@id":"https:\/\/akurats.com\/lt\/iranga\/dzerienu-dzesesanas-trauks-ledus-trauks\/#breadcrumb","itemListElement":[{"@type":"ListItem","position":1,"name":"Home","item":"https:\/\/akurats.com\/lt\/"},{"@type":"ListItem","position":2,"name":"\u012eranga","item":"https:\/\/akurats.com\/lt\/iranga\/"},{"@type":"ListItem","position":3,"name":"\u0420\u0435\u0444\u0440\u0438\u0436\u0435\u0440\u0430\u0442\u043e\u0440\u043d\u0430\u044f \u0447\u0430\u0448\u0430 \u0434\u043b\u044f \u043d\u0430\u043f\u0438\u0442\u043a\u043e\u0432"}]},{"@type":"WebSite","@id":"https:\/\/akurats.com\/en\/#website","url":"https:\/\/akurats.com\/en\/","name":"Akur\u0101ts","description":"rengini\u0173 \u012frangos paslaugos","publisher":{"@id":"https:\/\/akurats.com\/en\/#organization"},"alternateName":"Event equipment service","potentialAction":[{"@type":"SearchAction","target":{"@type":"EntryPoint","urlTemplate":"https:\/\/akurats.com\/en\/?s={search_term_string}"},"query-input":"required name=search_term_string"}],"inLanguage":"lt"},{"@type":"Organization","@id":"https:\/\/akurats.com\/en\/#organization","name":"Akur\u0101ts","alternateName":"Event equipment service","url":"https:\/\/akurats.com\/en\/","logo":{"@type":"ImageObject","inLanguage":"lt","@id":"https:\/\/akurats.com\/en\/#\/schema\/logo\/image\/","url":"https:\/\/akurats.com\/wp-content\/uploads\/2015\/06\/A_logo.png","contentUrl":"https:\/\/akurats.com\/wp-content\/uploads\/2015\/06\/A_logo.png","width":77,"height":70,"caption":"Akur\u0101ts"},"image":{"@id":"https:\/\/akurats.com\/en\/#\/schema\/logo\/image\/"},"sameAs":["https:\/\/www.facebook.com\/AkuratsSIA"]}]}},"_links":{"self":[{"href":"https:\/\/akurats.com\/lt\/wp-json\/wp\/v2\/pages\/3404"}],"collection":[{"href":"https:\/\/akurats.com\/lt\/wp-json\/wp\/v2\/pages"}],"about":[{"href":"https:\/\/akurats.com\/lt\/wp-json\/wp\/v2\/types\/page"}],"author":[{"embeddable":true,"href":"https:\/\/akurats.com\/lt\/wp-json\/wp\/v2\/users\/1"}],"replies":[{"embeddable":true,"href":"https:\/\/akurats.com\/lt\/wp-json\/wp\/v2\/comments?post=3404"}],"version-history":[{"count":4,"href":"https:\/\/akurats.com\/lt\/wp-json\/wp\/v2\/pages\/3404\/revisions"}],"predecessor-version":[{"id":4507,"href":"https:\/\/akurats.com\/lt\/wp-json\/wp\/v2\/pages\/3404\/revisions\/4507"}],"up":[{"embeddable":true,"href":"https:\/\/akurats.com\/lt\/wp-json\/wp\/v2\/pages\/2159"}],"wp:featuredmedia":[{"embeddable":true,"href":"https:\/\/akurats.com\/lt\/wp-json\/wp\/v2\/media\/1610"}],"wp:attachment":[{"href":"https:\/\/akurats.com\/lt\/wp-json\/wp\/v2\/media?parent=3404"}],"curies":[{"name":"wp","href":"https:\/\/api.w.org\/{rel}","templated":true}]}}