{"id":3401,"date":"2015-07-21T08:58:28","date_gmt":"2015-07-21T08:58:28","guid":{"rendered":"https:\/\/akurats.com\/iranga\/klubkresli\/"},"modified":"2021-10-12T18:35:02","modified_gmt":"2021-10-12T18:35:02","slug":"klubkresli","status":"publish","type":"page","link":"https:\/\/akurats.com\/lt\/iranga\/klubkresli\/","title":{"rendered":"\u041c\u044f\u0433\u043a\u043e\u0439e \u043a\u0440\u0435\u0441\u043b\u043e"},"content":{"rendered":"<div id=\"pl-3401\"  class=\"panel-layout\" ><div id=\"pg-3401-0\"  class=\"panel-grid panel-no-style\" ><div id=\"pgc-3401-0-0\"  class=\"panel-grid-cell\" ><div id=\"panel-3401-0-0-0\" class=\"so-panel widget widget_black-studio-tinymce widget_black_studio_tinymce panel-first-child panel-last-child\" data-index=\"0\" ><div class=\"textwidget\"><p><a href=\"https:\/\/akurats.com\/wp-content\/uploads\/2015\/07\/klubkresli-teltim-1.jpg\"><img src=\"https:\/\/akurats.com\/wp-content\/uploads\/2015\/07\/klubkresli-teltim-1-300x200.jpg\" alt=\"klubkresli-teltim-1\" width=\"300\" height=\"200\" class=\"aligncenter size-thumbnail wp-image-1296\" \/><\/a><\/p>\n<\/div><\/div><\/div><div id=\"pgc-3401-0-1\"  class=\"panel-grid-cell\" ><div id=\"panel-3401-0-1-0\" class=\"so-panel widget widget_black-studio-tinymce widget_black_studio_tinymce panel-first-child panel-last-child\" data-index=\"1\" ><div class=\"textwidget\"><p><a href=\"https:\/\/akurats.com\/wp-content\/uploads\/2015\/07\/klubkresli-teltim-2.jpg\"><img src=\"https:\/\/akurats.com\/wp-content\/uploads\/2015\/07\/klubkresli-teltim-2-300x200.jpg\" alt=\"klubkresli-teltim-2\" width=\"300\" height=\"200\" class=\"aligncenter size-thumbnail wp-image-1301\" \/><\/a><\/p>\n<\/div><\/div><\/div><div id=\"pgc-3401-0-2\"  class=\"panel-grid-cell\" ><div id=\"panel-3401-0-2-0\" class=\"so-panel widget widget_black-studio-tinymce widget_black_studio_tinymce panel-first-child panel-last-child\" data-index=\"2\" ><div class=\"textwidget\"><p><a href=\"https:\/\/akurats.com\/wp-content\/uploads\/2015\/07\/klubkresli-teltim-3.jpg\"><img src=\"https:\/\/akurats.com\/wp-content\/uploads\/2015\/07\/klubkresli-teltim-3-300x200.jpg\" alt=\"klubkresli-teltim-3\" width=\"300\" height=\"200\" class=\"aligncenter size-thumbnail wp-image-1306\" \/><\/a><\/p>\n<\/div><\/div><\/div><div id=\"pgc-3401-0-3\"  class=\"panel-grid-cell\" ><div id=\"panel-3401-0-3-0\" class=\"so-panel widget widget_black-studio-tinymce widget_black_studio_tinymce panel-first-child panel-last-child\" data-index=\"3\" ><div class=\"textwidget\"><p><a href=\"https:\/\/akurats.com\/wp-content\/uploads\/2015\/07\/klubkresli-teltim-4.jpg\"><img src=\"https:\/\/akurats.com\/wp-content\/uploads\/2015\/07\/klubkresli-teltim-4-300x200.jpg\" alt=\"klubkresli-teltim-4\" width=\"300\" height=\"200\" class=\"aligncenter size-thumbnail wp-image-1311\" \/><\/a><\/p>\n<\/div><\/div><\/div><\/div><div id=\"pg-3401-1\"  class=\"panel-grid panel-no-style\" ><div id=\"pgc-3401-1-0\"  class=\"panel-grid-cell\" ><div id=\"panel-3401-1-0-0\" class=\"so-panel widget widget_black-studio-tinymce widget_black_studio_tinymce panel-first-child panel-last-child\" data-index=\"4\" ><div class=\"textwidget\"><p>Akur\u0101ts pas\u0101kumu apr\u012bkojuma serviss pied\u0101v\u0101 iznom\u0101t klubkr\u0113slus. Kr\u0113sli pieejami b\u0113\u0161\u012bg\u0101 un tum\u0161i br\u016bn\u0101 kr\u0101s\u0101. Tie ir polster\u0113ti un apvilkti ar eko\u0101du. Kr\u0113sla platums ir 67cm un s\u0113dvirsmas augstums 42cm. Kr\u0113sli ir stabili un \u0113rti ilgsto\u0161ai s\u0113d\u0113\u0161anai. Tos var izmantot iek\u0161telp\u0101s, zem nojumes vai teltis, Klubkr\u0113slus var izmantot atsevi\u0161\u0137i, k\u0101 ar\u012b pie Akur\u0101ts pied\u0101v\u0101tajiem galdiem. Klubkr\u0113sli ir \u0113rti kombin\u0113jami ar Akur\u0101ts pied\u0101v\u0101tajiem apa\u013cajiem galdiem un lounge galdiem. Klubkr\u0113slus Jums pieg\u0101d\u0101s Akur\u0101ts pas\u0101kumu servisa profesion\u0101lie darbinieki nepiecie\u0161amaj\u0101 viet\u0101 un laik\u0101. Lai pas\u016bt\u012btu klubkr\u0113slus savam pas\u0101kumam, zvaniet pa t\u0101lruni: 26338888 vai rakstiet uz e-pastu: akurats@akurats.lv.<\/p>\n<p style=\"text-align: center;\"><a class=\"order-lt btn btn-primary\"><i class=\"fa fa-book pr-5\"><\/i>PILDYTI PARAI\u0160K\u0104<\/a><\/p>\n<\/div><\/div><\/div><\/div><\/div>","protected":false},"excerpt":{"rendered":"<p>Akur\u0101ts pas\u0101kumu apr\u012bkojuma serviss pied\u0101v\u0101 iznom\u0101t klubkr\u0113slus. Kr\u0113sli pieejami b\u0113\u0161\u012bg\u0101 un tum\u0161i br\u016bn\u0101 kr\u0101s\u0101. Tie ir polster\u0113ti un apvilkti ar eko\u0101du. Kr\u0113sla platums ir 67cm un s\u0113dvirsmas augstums 42cm. Kr\u0113sli ir stabili un \u0113rti ilgsto\u0161ai s\u0113d\u0113\u0161anai. Tos var izmantot iek\u0161telp\u0101s, zem nojumes vai teltis, Klubkr\u0113slus var izmantot atsevi\u0161\u0137i, k\u0101 ar\u012b pie Akur\u0101ts pied\u0101v\u0101tajiem galdiem. Klubkr\u0113sli &hellip;<\/p>\n","protected":false},"author":1,"featured_media":1310,"parent":2159,"menu_order":0,"comment_status":"closed","ping_status":"closed","template":"","meta":[],"acf":[],"yoast_head":"<!-- This site is optimized with the Yoast SEO plugin v19.9 - https:\/\/yoast.com\/wordpress\/plugins\/seo\/ -->\n<title>Klubkr\u0113sli | Akurats.lv<\/title>\n<meta name=\"robots\" content=\"index, follow, max-snippet:-1, max-image-preview:large, max-video-preview:-1\" \/>\n<link rel=\"canonical\" href=\"https:\/\/akurats.com\/lt\/iranga\/klubkresli\/\" \/>\n<meta name=\"twitter:label1\" content=\"Est. reading time\" \/>\n\t<meta name=\"twitter:data1\" content=\"1 minute\" \/>\n<script type=\"application\/ld+json\" class=\"yoast-schema-graph\">{\"@context\":\"https:\/\/schema.org\",\"@graph\":[{\"@type\":\"WebPage\",\"@id\":\"https:\/\/akurats.com\/lt\/iranga\/klubkresli\/\",\"url\":\"https:\/\/akurats.com\/lt\/iranga\/klubkresli\/\",\"name\":\"Klubkr\u0113sli | Akurats.lv\",\"isPartOf\":{\"@id\":\"https:\/\/akurats.com\/en\/#website\"},\"datePublished\":\"2015-07-21T08:58:28+00:00\",\"dateModified\":\"2021-10-12T18:35:02+00:00\",\"breadcrumb\":{\"@id\":\"https:\/\/akurats.com\/lt\/iranga\/klubkresli\/#breadcrumb\"},\"inLanguage\":\"lt\",\"potentialAction\":[{\"@type\":\"ReadAction\",\"target\":[\"https:\/\/akurats.com\/lt\/iranga\/klubkresli\/\"]}]},{\"@type\":\"BreadcrumbList\",\"@id\":\"https:\/\/akurats.com\/lt\/iranga\/klubkresli\/#breadcrumb\",\"itemListElement\":[{\"@type\":\"ListItem\",\"position\":1,\"name\":\"Home\",\"item\":\"https:\/\/akurats.com\/lt\/\"},{\"@type\":\"ListItem\",\"position\":2,\"name\":\"\u012eranga\",\"item\":\"https:\/\/akurats.com\/lt\/iranga\/\"},{\"@type\":\"ListItem\",\"position\":3,\"name\":\"\u041c\u044f\u0433\u043a\u043e\u0439e \u043a\u0440\u0435\u0441\u043b\u043e\"}]},{\"@type\":\"WebSite\",\"@id\":\"https:\/\/akurats.com\/en\/#website\",\"url\":\"https:\/\/akurats.com\/en\/\",\"name\":\"Akur\u0101ts\",\"description\":\"rengini\u0173 \u012frangos paslaugos\",\"publisher\":{\"@id\":\"https:\/\/akurats.com\/en\/#organization\"},\"alternateName\":\"Event equipment service\",\"potentialAction\":[{\"@type\":\"SearchAction\",\"target\":{\"@type\":\"EntryPoint\",\"urlTemplate\":\"https:\/\/akurats.com\/en\/?s={search_term_string}\"},\"query-input\":\"required name=search_term_string\"}],\"inLanguage\":\"lt\"},{\"@type\":\"Organization\",\"@id\":\"https:\/\/akurats.com\/en\/#organization\",\"name\":\"Akur\u0101ts\",\"alternateName\":\"Event equipment service\",\"url\":\"https:\/\/akurats.com\/en\/\",\"logo\":{\"@type\":\"ImageObject\",\"inLanguage\":\"lt\",\"@id\":\"https:\/\/akurats.com\/en\/#\/schema\/logo\/image\/\",\"url\":\"https:\/\/akurats.com\/wp-content\/uploads\/2015\/06\/A_logo.png\",\"contentUrl\":\"https:\/\/akurats.com\/wp-content\/uploads\/2015\/06\/A_logo.png\",\"width\":77,\"height\":70,\"caption\":\"Akur\u0101ts\"},\"image\":{\"@id\":\"https:\/\/akurats.com\/en\/#\/schema\/logo\/image\/\"},\"sameAs\":[\"https:\/\/www.facebook.com\/AkuratsSIA\"]}]}<\/script>\n<!-- \/ Yoast SEO plugin. -->","yoast_head_json":{"title":"Klubkr\u0113sli | Akurats.lv","robots":{"index":"index","follow":"follow","max-snippet":"max-snippet:-1","max-image-preview":"max-image-preview:large","max-video-preview":"max-video-preview:-1"},"canonical":"https:\/\/akurats.com\/lt\/iranga\/klubkresli\/","twitter_misc":{"Est. reading time":"1 minute"},"schema":{"@context":"https:\/\/schema.org","@graph":[{"@type":"WebPage","@id":"https:\/\/akurats.com\/lt\/iranga\/klubkresli\/","url":"https:\/\/akurats.com\/lt\/iranga\/klubkresli\/","name":"Klubkr\u0113sli | Akurats.lv","isPartOf":{"@id":"https:\/\/akurats.com\/en\/#website"},"datePublished":"2015-07-21T08:58:28+00:00","dateModified":"2021-10-12T18:35:02+00:00","breadcrumb":{"@id":"https:\/\/akurats.com\/lt\/iranga\/klubkresli\/#breadcrumb"},"inLanguage":"lt","potentialAction":[{"@type":"ReadAction","target":["https:\/\/akurats.com\/lt\/iranga\/klubkresli\/"]}]},{"@type":"BreadcrumbList","@id":"https:\/\/akurats.com\/lt\/iranga\/klubkresli\/#breadcrumb","itemListElement":[{"@type":"ListItem","position":1,"name":"Home","item":"https:\/\/akurats.com\/lt\/"},{"@type":"ListItem","position":2,"name":"\u012eranga","item":"https:\/\/akurats.com\/lt\/iranga\/"},{"@type":"ListItem","position":3,"name":"\u041c\u044f\u0433\u043a\u043e\u0439e \u043a\u0440\u0435\u0441\u043b\u043e"}]},{"@type":"WebSite","@id":"https:\/\/akurats.com\/en\/#website","url":"https:\/\/akurats.com\/en\/","name":"Akur\u0101ts","description":"rengini\u0173 \u012frangos paslaugos","publisher":{"@id":"https:\/\/akurats.com\/en\/#organization"},"alternateName":"Event equipment service","potentialAction":[{"@type":"SearchAction","target":{"@type":"EntryPoint","urlTemplate":"https:\/\/akurats.com\/en\/?s={search_term_string}"},"query-input":"required name=search_term_string"}],"inLanguage":"lt"},{"@type":"Organization","@id":"https:\/\/akurats.com\/en\/#organization","name":"Akur\u0101ts","alternateName":"Event equipment service","url":"https:\/\/akurats.com\/en\/","logo":{"@type":"ImageObject","inLanguage":"lt","@id":"https:\/\/akurats.com\/en\/#\/schema\/logo\/image\/","url":"https:\/\/akurats.com\/wp-content\/uploads\/2015\/06\/A_logo.png","contentUrl":"https:\/\/akurats.com\/wp-content\/uploads\/2015\/06\/A_logo.png","width":77,"height":70,"caption":"Akur\u0101ts"},"image":{"@id":"https:\/\/akurats.com\/en\/#\/schema\/logo\/image\/"},"sameAs":["https:\/\/www.facebook.com\/AkuratsSIA"]}]}},"_links":{"self":[{"href":"https:\/\/akurats.com\/lt\/wp-json\/wp\/v2\/pages\/3401"}],"collection":[{"href":"https:\/\/akurats.com\/lt\/wp-json\/wp\/v2\/pages"}],"about":[{"href":"https:\/\/akurats.com\/lt\/wp-json\/wp\/v2\/types\/page"}],"author":[{"embeddable":true,"href":"https:\/\/akurats.com\/lt\/wp-json\/wp\/v2\/users\/1"}],"replies":[{"embeddable":true,"href":"https:\/\/akurats.com\/lt\/wp-json\/wp\/v2\/comments?post=3401"}],"version-history":[{"count":3,"href":"https:\/\/akurats.com\/lt\/wp-json\/wp\/v2\/pages\/3401\/revisions"}],"predecessor-version":[{"id":4525,"href":"https:\/\/akurats.com\/lt\/wp-json\/wp\/v2\/pages\/3401\/revisions\/4525"}],"up":[{"embeddable":true,"href":"https:\/\/akurats.com\/lt\/wp-json\/wp\/v2\/pages\/2159"}],"wp:featuredmedia":[{"embeddable":true,"href":"https:\/\/akurats.com\/lt\/wp-json\/wp\/v2\/media\/1310"}],"wp:attachment":[{"href":"https:\/\/akurats.com\/lt\/wp-json\/wp\/v2\/media?parent=3401"}],"curies":[{"name":"wp","href":"https:\/\/api.w.org\/{rel}","templated":true}]}}