{"id":3399,"date":"2015-07-21T12:25:45","date_gmt":"2015-07-21T12:25:45","guid":{"rendered":"https:\/\/akurats.com\/iranga\/%d0%ba%d0%be%d0%bd%d1%81%d0%be%d0%bb%d1%8c-%d0%be%d1%80%d0%b0%d1%82%d0%be%d1%80%d0%b0-%d1%82%d1%80%d0%b8%d0%b1%d1%83%d0%bda\/"},"modified":"2021-10-12T18:54:00","modified_gmt":"2021-10-12T18:54:00","slug":"%d0%ba%d0%be%d0%bd%d1%81%d0%be%d0%bb%d1%8c-%d0%be%d1%80%d0%b0%d1%82%d0%be%d1%80%d0%b0-%d1%82%d1%80%d0%b8%d0%b1%d1%83%d0%bda","status":"publish","type":"page","link":"https:\/\/akurats.com\/lt\/iranga\/%d0%ba%d0%be%d0%bd%d1%81%d0%be%d0%bb%d1%8c-%d0%be%d1%80%d0%b0%d1%82%d0%be%d1%80%d0%b0-%d1%82%d1%80%d0%b8%d0%b1%d1%83%d0%bda\/","title":{"rendered":"\u041a\u043e\u043d\u0441\u043e\u043b\u044c \u043e\u0440\u0430\u0442\u043e\u0440\u0430 \/ \u0442\u0440\u0438\u0431\u0443\u043da"},"content":{"rendered":"<div id=\"pl-3399\"  class=\"panel-layout\" ><div id=\"pg-3399-0\"  class=\"panel-grid panel-no-style\" ><div id=\"pgc-3399-0-0\"  class=\"panel-grid-cell\" ><div id=\"panel-3399-0-0-0\" class=\"so-panel widget widget_black-studio-tinymce widget_black_studio_tinymce panel-first-child panel-last-child\" data-index=\"0\" ><div class=\"textwidget\"><p><a href=\"https:\/\/akurats.com\/wp-content\/uploads\/2015\/07\/tribine-1.jpg\"><img src=\"https:\/\/akurats.com\/wp-content\/uploads\/2015\/07\/tribine-1-300x200.jpg\" alt=\"tribine-1\" width=\"300\" height=\"200\" class=\"aligncenter size-thumbnail wp-image-1520\" \/><\/a><\/p>\n<\/div><\/div><\/div><div id=\"pgc-3399-0-1\"  class=\"panel-grid-cell\" ><div id=\"panel-3399-0-1-0\" class=\"so-panel widget widget_black-studio-tinymce widget_black_studio_tinymce panel-first-child panel-last-child\" data-index=\"1\" ><div class=\"textwidget\"><p><a href=\"https:\/\/akurats.com\/wp-content\/uploads\/2015\/07\/tribine-2.jpg\"><img src=\"https:\/\/akurats.com\/wp-content\/uploads\/2015\/07\/tribine-2-300x200.jpg\" alt=\"tribine-2\" width=\"300\" height=\"200\" class=\"aligncenter size-thumbnail wp-image-1525\" \/><\/a><\/p>\n<\/div><\/div><\/div><div id=\"pgc-3399-0-2\"  class=\"panel-grid-cell\" ><div id=\"panel-3399-0-2-0\" class=\"so-panel widget widget_black-studio-tinymce widget_black_studio_tinymce panel-first-child panel-last-child\" data-index=\"2\" ><div class=\"textwidget\"><table class=\"table\">\n<thead>\n<tr class=\"active\">\n<th colspan=\"2\"><center>Trib\u012bnes tehniskie parametri<\/center><\/th>\n<\/tr>\n<\/thead>\n<tbody>\n<tr>\n<td>Materi\u0101ls<\/td>\n<td>lakots b\u0113rza sapl\u0101ksnis<\/td>\n<\/tr>\n<tr>\n<td>Platums<\/td>\n<td>70cm<\/td>\n<\/tr>\n<tr>\n<td>Augstums<\/td>\n<td>120cm<\/td>\n<\/tr>\n<tr>\n<td>Dzi\u013cums<\/td>\n<td>60cm<\/td>\n<\/tr>\n<tr>\n<td colspan=\"2\">Uz priek\u0161\u0113j\u0101s plaknes iesp\u0113jams izvietot rekl\u0101mu.<\/td>\n<\/tr>\n<\/tbody>\n<\/table>\n<p style=\"text-align: center;\"><a class=\"order-lt btn btn-primary\"><i class=\"fa fa-book pr-5\"><\/i>PILDYTI PARAI\u0160K\u0104<\/a><\/p>\n<\/div><\/div><\/div><\/div><\/div>","protected":false},"excerpt":{"rendered":"<p>Trib\u012bnes tehniskie parametri Materi\u0101ls lakots b\u0113rza sapl\u0101ksnis Platums 70cm Augstums 120cm Dzi\u013cums 60cm Uz priek\u0161\u0113j\u0101s plaknes iesp\u0113jams izvietot rekl\u0101mu. PILDYTI PARAI\u0160K\u0104<\/p>\n","protected":false},"author":1,"featured_media":1529,"parent":2159,"menu_order":0,"comment_status":"closed","ping_status":"closed","template":"","meta":[],"acf":[],"yoast_head":"<!-- This site is optimized with the Yoast SEO plugin v19.9 - https:\/\/yoast.com\/wordpress\/plugins\/seo\/ -->\n<title>Trib\u012bne \/ Oratora pults | Akurats.lv<\/title>\n<meta name=\"robots\" content=\"index, follow, max-snippet:-1, max-image-preview:large, max-video-preview:-1\" \/>\n<link rel=\"canonical\" href=\"https:\/\/akurats.com\/lt\/iranga\/\u043a\u043e\u043d\u0441\u043e\u043b\u044c-\u043e\u0440\u0430\u0442\u043e\u0440\u0430-\u0442\u0440\u0438\u0431\u0443\u043da\/\" \/>\n<script type=\"application\/ld+json\" class=\"yoast-schema-graph\">{\"@context\":\"https:\/\/schema.org\",\"@graph\":[{\"@type\":\"WebPage\",\"@id\":\"https:\/\/akurats.com\/lt\/iranga\/%d0%ba%d0%be%d0%bd%d1%81%d0%be%d0%bb%d1%8c-%d0%be%d1%80%d0%b0%d1%82%d0%be%d1%80%d0%b0-%d1%82%d1%80%d0%b8%d0%b1%d1%83%d0%bda\/\",\"url\":\"https:\/\/akurats.com\/lt\/iranga\/%d0%ba%d0%be%d0%bd%d1%81%d0%be%d0%bb%d1%8c-%d0%be%d1%80%d0%b0%d1%82%d0%be%d1%80%d0%b0-%d1%82%d1%80%d0%b8%d0%b1%d1%83%d0%bda\/\",\"name\":\"Trib\u012bne \/ Oratora pults | Akurats.lv\",\"isPartOf\":{\"@id\":\"https:\/\/akurats.com\/en\/#website\"},\"datePublished\":\"2015-07-21T12:25:45+00:00\",\"dateModified\":\"2021-10-12T18:54:00+00:00\",\"breadcrumb\":{\"@id\":\"https:\/\/akurats.com\/lt\/iranga\/%d0%ba%d0%be%d0%bd%d1%81%d0%be%d0%bb%d1%8c-%d0%be%d1%80%d0%b0%d1%82%d0%be%d1%80%d0%b0-%d1%82%d1%80%d0%b8%d0%b1%d1%83%d0%bda\/#breadcrumb\"},\"inLanguage\":\"lt\",\"potentialAction\":[{\"@type\":\"ReadAction\",\"target\":[\"https:\/\/akurats.com\/lt\/iranga\/%d0%ba%d0%be%d0%bd%d1%81%d0%be%d0%bb%d1%8c-%d0%be%d1%80%d0%b0%d1%82%d0%be%d1%80%d0%b0-%d1%82%d1%80%d0%b8%d0%b1%d1%83%d0%bda\/\"]}]},{\"@type\":\"BreadcrumbList\",\"@id\":\"https:\/\/akurats.com\/lt\/iranga\/%d0%ba%d0%be%d0%bd%d1%81%d0%be%d0%bb%d1%8c-%d0%be%d1%80%d0%b0%d1%82%d0%be%d1%80%d0%b0-%d1%82%d1%80%d0%b8%d0%b1%d1%83%d0%bda\/#breadcrumb\",\"itemListElement\":[{\"@type\":\"ListItem\",\"position\":1,\"name\":\"Home\",\"item\":\"https:\/\/akurats.com\/lt\/\"},{\"@type\":\"ListItem\",\"position\":2,\"name\":\"\u012eranga\",\"item\":\"https:\/\/akurats.com\/lt\/iranga\/\"},{\"@type\":\"ListItem\",\"position\":3,\"name\":\"\u041a\u043e\u043d\u0441\u043e\u043b\u044c \u043e\u0440\u0430\u0442\u043e\u0440\u0430 \/ \u0442\u0440\u0438\u0431\u0443\u043da\"}]},{\"@type\":\"WebSite\",\"@id\":\"https:\/\/akurats.com\/en\/#website\",\"url\":\"https:\/\/akurats.com\/en\/\",\"name\":\"Akur\u0101ts\",\"description\":\"rengini\u0173 \u012frangos paslaugos\",\"publisher\":{\"@id\":\"https:\/\/akurats.com\/en\/#organization\"},\"alternateName\":\"Event equipment service\",\"potentialAction\":[{\"@type\":\"SearchAction\",\"target\":{\"@type\":\"EntryPoint\",\"urlTemplate\":\"https:\/\/akurats.com\/en\/?s={search_term_string}\"},\"query-input\":\"required name=search_term_string\"}],\"inLanguage\":\"lt\"},{\"@type\":\"Organization\",\"@id\":\"https:\/\/akurats.com\/en\/#organization\",\"name\":\"Akur\u0101ts\",\"alternateName\":\"Event equipment service\",\"url\":\"https:\/\/akurats.com\/en\/\",\"logo\":{\"@type\":\"ImageObject\",\"inLanguage\":\"lt\",\"@id\":\"https:\/\/akurats.com\/en\/#\/schema\/logo\/image\/\",\"url\":\"https:\/\/akurats.com\/wp-content\/uploads\/2015\/06\/A_logo.png\",\"contentUrl\":\"https:\/\/akurats.com\/wp-content\/uploads\/2015\/06\/A_logo.png\",\"width\":77,\"height\":70,\"caption\":\"Akur\u0101ts\"},\"image\":{\"@id\":\"https:\/\/akurats.com\/en\/#\/schema\/logo\/image\/\"},\"sameAs\":[\"https:\/\/www.facebook.com\/AkuratsSIA\"]}]}<\/script>\n<!-- \/ Yoast SEO plugin. -->","yoast_head_json":{"title":"Trib\u012bne \/ Oratora pults | Akurats.lv","robots":{"index":"index","follow":"follow","max-snippet":"max-snippet:-1","max-image-preview":"max-image-preview:large","max-video-preview":"max-video-preview:-1"},"canonical":"https:\/\/akurats.com\/lt\/iranga\/\u043a\u043e\u043d\u0441\u043e\u043b\u044c-\u043e\u0440\u0430\u0442\u043e\u0440\u0430-\u0442\u0440\u0438\u0431\u0443\u043da\/","schema":{"@context":"https:\/\/schema.org","@graph":[{"@type":"WebPage","@id":"https:\/\/akurats.com\/lt\/iranga\/%d0%ba%d0%be%d0%bd%d1%81%d0%be%d0%bb%d1%8c-%d0%be%d1%80%d0%b0%d1%82%d0%be%d1%80%d0%b0-%d1%82%d1%80%d0%b8%d0%b1%d1%83%d0%bda\/","url":"https:\/\/akurats.com\/lt\/iranga\/%d0%ba%d0%be%d0%bd%d1%81%d0%be%d0%bb%d1%8c-%d0%be%d1%80%d0%b0%d1%82%d0%be%d1%80%d0%b0-%d1%82%d1%80%d0%b8%d0%b1%d1%83%d0%bda\/","name":"Trib\u012bne \/ Oratora pults | Akurats.lv","isPartOf":{"@id":"https:\/\/akurats.com\/en\/#website"},"datePublished":"2015-07-21T12:25:45+00:00","dateModified":"2021-10-12T18:54:00+00:00","breadcrumb":{"@id":"https:\/\/akurats.com\/lt\/iranga\/%d0%ba%d0%be%d0%bd%d1%81%d0%be%d0%bb%d1%8c-%d0%be%d1%80%d0%b0%d1%82%d0%be%d1%80%d0%b0-%d1%82%d1%80%d0%b8%d0%b1%d1%83%d0%bda\/#breadcrumb"},"inLanguage":"lt","potentialAction":[{"@type":"ReadAction","target":["https:\/\/akurats.com\/lt\/iranga\/%d0%ba%d0%be%d0%bd%d1%81%d0%be%d0%bb%d1%8c-%d0%be%d1%80%d0%b0%d1%82%d0%be%d1%80%d0%b0-%d1%82%d1%80%d0%b8%d0%b1%d1%83%d0%bda\/"]}]},{"@type":"BreadcrumbList","@id":"https:\/\/akurats.com\/lt\/iranga\/%d0%ba%d0%be%d0%bd%d1%81%d0%be%d0%bb%d1%8c-%d0%be%d1%80%d0%b0%d1%82%d0%be%d1%80%d0%b0-%d1%82%d1%80%d0%b8%d0%b1%d1%83%d0%bda\/#breadcrumb","itemListElement":[{"@type":"ListItem","position":1,"name":"Home","item":"https:\/\/akurats.com\/lt\/"},{"@type":"ListItem","position":2,"name":"\u012eranga","item":"https:\/\/akurats.com\/lt\/iranga\/"},{"@type":"ListItem","position":3,"name":"\u041a\u043e\u043d\u0441\u043e\u043b\u044c \u043e\u0440\u0430\u0442\u043e\u0440\u0430 \/ \u0442\u0440\u0438\u0431\u0443\u043da"}]},{"@type":"WebSite","@id":"https:\/\/akurats.com\/en\/#website","url":"https:\/\/akurats.com\/en\/","name":"Akur\u0101ts","description":"rengini\u0173 \u012frangos paslaugos","publisher":{"@id":"https:\/\/akurats.com\/en\/#organization"},"alternateName":"Event equipment service","potentialAction":[{"@type":"SearchAction","target":{"@type":"EntryPoint","urlTemplate":"https:\/\/akurats.com\/en\/?s={search_term_string}"},"query-input":"required name=search_term_string"}],"inLanguage":"lt"},{"@type":"Organization","@id":"https:\/\/akurats.com\/en\/#organization","name":"Akur\u0101ts","alternateName":"Event equipment service","url":"https:\/\/akurats.com\/en\/","logo":{"@type":"ImageObject","inLanguage":"lt","@id":"https:\/\/akurats.com\/en\/#\/schema\/logo\/image\/","url":"https:\/\/akurats.com\/wp-content\/uploads\/2015\/06\/A_logo.png","contentUrl":"https:\/\/akurats.com\/wp-content\/uploads\/2015\/06\/A_logo.png","width":77,"height":70,"caption":"Akur\u0101ts"},"image":{"@id":"https:\/\/akurats.com\/en\/#\/schema\/logo\/image\/"},"sameAs":["https:\/\/www.facebook.com\/AkuratsSIA"]}]}},"_links":{"self":[{"href":"https:\/\/akurats.com\/lt\/wp-json\/wp\/v2\/pages\/3399"}],"collection":[{"href":"https:\/\/akurats.com\/lt\/wp-json\/wp\/v2\/pages"}],"about":[{"href":"https:\/\/akurats.com\/lt\/wp-json\/wp\/v2\/types\/page"}],"author":[{"embeddable":true,"href":"https:\/\/akurats.com\/lt\/wp-json\/wp\/v2\/users\/1"}],"replies":[{"embeddable":true,"href":"https:\/\/akurats.com\/lt\/wp-json\/wp\/v2\/comments?post=3399"}],"version-history":[{"count":5,"href":"https:\/\/akurats.com\/lt\/wp-json\/wp\/v2\/pages\/3399\/revisions"}],"predecessor-version":[{"id":4553,"href":"https:\/\/akurats.com\/lt\/wp-json\/wp\/v2\/pages\/3399\/revisions\/4553"}],"up":[{"embeddable":true,"href":"https:\/\/akurats.com\/lt\/wp-json\/wp\/v2\/pages\/2159"}],"wp:featuredmedia":[{"embeddable":true,"href":"https:\/\/akurats.com\/lt\/wp-json\/wp\/v2\/media\/1529"}],"wp:attachment":[{"href":"https:\/\/akurats.com\/lt\/wp-json\/wp\/v2\/media?parent=3399"}],"curies":[{"name":"wp","href":"https:\/\/api.w.org\/{rel}","templated":true}]}}