{"id":3397,"date":"2015-07-21T10:02:58","date_gmt":"2015-07-21T10:02:58","guid":{"rendered":"https:\/\/akurats.com\/iranga\/%d0%b3%d0%b0%d1%80%d0%b4%d0%b5%d1%80%d0%be%d0%b1\/"},"modified":"2021-10-12T18:48:26","modified_gmt":"2021-10-12T18:48:26","slug":"%d0%b3%d0%b0%d1%80%d0%b4%d0%b5%d1%80%d0%be%d0%b1","status":"publish","type":"page","link":"https:\/\/akurats.com\/lt\/iranga\/%d0%b3%d0%b0%d1%80%d0%b4%d0%b5%d1%80%d0%be%d0%b1\/","title":{"rendered":"\u0433\u0430\u0440\u0434\u0435\u0440\u043e\u0431"},"content":{"rendered":"<div id=\"pl-3397\"  class=\"panel-layout\" ><div id=\"pg-3397-0\"  class=\"panel-grid panel-no-style\" ><div id=\"pgc-3397-0-0\"  class=\"panel-grid-cell\" ><div id=\"panel-3397-0-0-0\" class=\"so-panel widget widget_black-studio-tinymce widget_black_studio_tinymce panel-first-child panel-last-child\" data-index=\"0\" ><div class=\"textwidget\"><p><a href=\"https:\/\/akurats.com\/wp-content\/uploads\/2015\/07\/garderobe.jpg\"><img src=\"https:\/\/akurats.com\/wp-content\/uploads\/2015\/07\/garderobe-300x200.jpg\" alt=\"garderobe\" width=\"300\" height=\"200\" class=\"aligncenter size-thumbnail wp-image-1326\" \/><\/a><\/p>\n<\/div><\/div><\/div><div id=\"pgc-3397-0-1\"  class=\"panel-grid-cell\" ><div id=\"panel-3397-0-1-0\" class=\"so-panel widget widget_black-studio-tinymce widget_black_studio_tinymce panel-first-child panel-last-child\" data-index=\"1\" ><div class=\"textwidget\"><p><a href=\"https:\/\/akurats.com\/wp-content\/uploads\/2021\/10\/starpsiena.jpg\"><img class=\"aligncenter size-thumbnail wp-image-4412\" src=\"https:\/\/akurats.com\/wp-content\/uploads\/2021\/10\/starpsiena-300x200.jpg\" alt=\"\" width=\"300\" height=\"200\" \/><\/a><\/p>\n<\/div><\/div><\/div><div id=\"pgc-3397-0-2\"  class=\"panel-grid-cell\" ><div id=\"panel-3397-0-2-0\" class=\"so-panel widget widget_black-studio-tinymce widget_black_studio_tinymce panel-first-child panel-last-child\" data-index=\"2\" ><div class=\"textwidget\"><p><a href=\"https:\/\/akurats.com\/wp-content\/uploads\/2015\/07\/spogulis.jpg\"><img class=\"aligncenter size-thumbnail wp-image-1336\" src=\"https:\/\/akurats.com\/wp-content\/uploads\/2015\/07\/spogulis-300x200.jpg\" alt=\"spogulis\" width=\"300\" height=\"200\" \/><\/a><\/p>\n<\/div><\/div><\/div><\/div><div id=\"pg-3397-1\"  class=\"panel-grid panel-no-style\" ><div id=\"pgc-3397-1-0\"  class=\"panel-grid-cell\" ><div id=\"panel-3397-1-0-0\" class=\"so-panel widget widget_black-studio-tinymce widget_black_studio_tinymce panel-first-child panel-last-child\" data-index=\"3\" ><div class=\"textwidget\"><h3>Garderobe<\/h3>\n<p>Akur\u0101ts pas\u0101kumu apr\u012bkojuma serviss pied\u0101v\u0101 garderobi jebkur\u0101 viet\u0101, laik\u0101 un telp\u0101. Neat\u0146emama garderobes sast\u0101vda\u013ca ir dr\u0113bju pakaramais, spogulis un necaursp\u012bd\u012bgas starpsienas.<\/p>\n<h3>Dr\u0113bju pakaramais<\/h3>\n<p>Vienk\u0101r\u0161s, stabils un taj\u0101 pa\u0161\u0101 laik\u0101 funkcion\u0101ls dr\u0113bju pakaramais stat\u012bvs. Pateicoties ritenti\u0146iem, viegli p\u0101rvietojams telp\u0101. R\u0101mis no kr\u0101sota t\u0113rauda. Komplekt\u0101 pleci\u0146i 400-480person\u0101m. Pleci\u0146u skaits uz viena stat\u012bva ap 25-30 gab. Dr\u0113bju pakaramais stat\u012bvs ir 2.05m gar\u0161 un 1,60m augsts.<\/p>\n<h3>Spogulis<\/h3>\n<p>Spogulim ir gai\u0161i pel\u0113ks, stabils met\u0101la r\u0101mis ar regul\u0113jam\u0101m k\u0101j\u0101m. Spogu\u013ca k\u0101jas iesp\u0113jams noregul\u0113t, lai uz nel\u012bdzenas gr\u012bdas tas ne\u0161\u016bpotos. Spogulis paredz\u0113ts novieto\u0161anai telp\u0101s un ar\u012b \u0101rpus t\u0101m. Spogulis ir 1,50m augsts un 0,40m plats. \u0160aj\u0101 spogul\u012b viesi un m\u0101kslinieki ieraudz\u012bs cik labi izskat\u0101s pirms pas\u0101kuma vai uzst\u0101\u0161an\u0101s.<\/p>\n<h3>Starpsiena<\/h3>\n<p>Lai nodal\u012btu \u0123\u0113rbtuvi no p\u0101r\u0113j\u0101s telpas vai sadal\u012btu to da\u013c\u0101s labi noder\u0113s necaursp\u012bd\u012bg\u0101s starpsienas. Starpsienas ir 1,60m augstas un 2,05m garas. T\u0101s var izvietot p\u0113c vajadz\u012bbas un viegli p\u0101rb\u012bd\u012bt, jo ir uz riten\u012b\u0161iem. Starpsienas ir melnas un necaursp\u012bd\u012bgas.T\u0101s iesp\u0113jams izmantot ar\u012b, piem\u0113ram, k\u0101 fotogr\u0101f\u0113\u0161an\u0101s fonu, vai aizsegu k\u0101dam objektam, kuru atkl\u0101j tikai pas\u0101kuma kulmin\u0101cijas br\u012bd\u012b.<\/p>\n<p style=\"text-align: center;\"><a class=\"order-lt btn btn-primary\"><i class=\"fa fa-book pr-5\"><\/i>PILDYTI PARAI\u0160K\u0104<\/a><\/p>\n<\/div><\/div><\/div><\/div><\/div>","protected":false},"excerpt":{"rendered":"<p>Garderobe Akur\u0101ts pas\u0101kumu apr\u012bkojuma serviss pied\u0101v\u0101 garderobi jebkur\u0101 viet\u0101, laik\u0101 un telp\u0101. Neat\u0146emama garderobes sast\u0101vda\u013ca ir dr\u0113bju pakaramais, spogulis un necaursp\u012bd\u012bgas starpsienas. Dr\u0113bju pakaramais Vienk\u0101r\u0161s, stabils un taj\u0101 pa\u0161\u0101 laik\u0101 funkcion\u0101ls dr\u0113bju pakaramais stat\u012bvs. Pateicoties ritenti\u0146iem, viegli p\u0101rvietojams telp\u0101. R\u0101mis no kr\u0101sota t\u0113rauda. Komplekt\u0101 pleci\u0146i 400-480person\u0101m. Pleci\u0146u skaits uz viena stat\u012bva ap 25-30 gab. Dr\u0113bju &hellip;<\/p>\n","protected":false},"author":1,"featured_media":1330,"parent":2159,"menu_order":0,"comment_status":"closed","ping_status":"closed","template":"","meta":[],"acf":[],"yoast_head":"<!-- This site is optimized with the Yoast SEO plugin v19.9 - https:\/\/yoast.com\/wordpress\/plugins\/seo\/ -->\n<title>Garderobe | Akurats.lv<\/title>\n<meta name=\"robots\" content=\"index, follow, max-snippet:-1, max-image-preview:large, max-video-preview:-1\" \/>\n<link rel=\"canonical\" href=\"https:\/\/akurats.com\/lt\/iranga\/\u0433\u0430\u0440\u0434\u0435\u0440\u043e\u0431\/\" \/>\n<meta name=\"twitter:label1\" content=\"Est. reading time\" \/>\n\t<meta name=\"twitter:data1\" content=\"2 minutes\" \/>\n<script type=\"application\/ld+json\" class=\"yoast-schema-graph\">{\"@context\":\"https:\/\/schema.org\",\"@graph\":[{\"@type\":\"WebPage\",\"@id\":\"https:\/\/akurats.com\/lt\/iranga\/%d0%b3%d0%b0%d1%80%d0%b4%d0%b5%d1%80%d0%be%d0%b1\/\",\"url\":\"https:\/\/akurats.com\/lt\/iranga\/%d0%b3%d0%b0%d1%80%d0%b4%d0%b5%d1%80%d0%be%d0%b1\/\",\"name\":\"Garderobe | Akurats.lv\",\"isPartOf\":{\"@id\":\"https:\/\/akurats.com\/en\/#website\"},\"datePublished\":\"2015-07-21T10:02:58+00:00\",\"dateModified\":\"2021-10-12T18:48:26+00:00\",\"breadcrumb\":{\"@id\":\"https:\/\/akurats.com\/lt\/iranga\/%d0%b3%d0%b0%d1%80%d0%b4%d0%b5%d1%80%d0%be%d0%b1\/#breadcrumb\"},\"inLanguage\":\"lt\",\"potentialAction\":[{\"@type\":\"ReadAction\",\"target\":[\"https:\/\/akurats.com\/lt\/iranga\/%d0%b3%d0%b0%d1%80%d0%b4%d0%b5%d1%80%d0%be%d0%b1\/\"]}]},{\"@type\":\"BreadcrumbList\",\"@id\":\"https:\/\/akurats.com\/lt\/iranga\/%d0%b3%d0%b0%d1%80%d0%b4%d0%b5%d1%80%d0%be%d0%b1\/#breadcrumb\",\"itemListElement\":[{\"@type\":\"ListItem\",\"position\":1,\"name\":\"Home\",\"item\":\"https:\/\/akurats.com\/lt\/\"},{\"@type\":\"ListItem\",\"position\":2,\"name\":\"\u012eranga\",\"item\":\"https:\/\/akurats.com\/lt\/iranga\/\"},{\"@type\":\"ListItem\",\"position\":3,\"name\":\"\u0433\u0430\u0440\u0434\u0435\u0440\u043e\u0431\"}]},{\"@type\":\"WebSite\",\"@id\":\"https:\/\/akurats.com\/en\/#website\",\"url\":\"https:\/\/akurats.com\/en\/\",\"name\":\"Akur\u0101ts\",\"description\":\"rengini\u0173 \u012frangos paslaugos\",\"publisher\":{\"@id\":\"https:\/\/akurats.com\/en\/#organization\"},\"alternateName\":\"Event equipment service\",\"potentialAction\":[{\"@type\":\"SearchAction\",\"target\":{\"@type\":\"EntryPoint\",\"urlTemplate\":\"https:\/\/akurats.com\/en\/?s={search_term_string}\"},\"query-input\":\"required name=search_term_string\"}],\"inLanguage\":\"lt\"},{\"@type\":\"Organization\",\"@id\":\"https:\/\/akurats.com\/en\/#organization\",\"name\":\"Akur\u0101ts\",\"alternateName\":\"Event equipment service\",\"url\":\"https:\/\/akurats.com\/en\/\",\"logo\":{\"@type\":\"ImageObject\",\"inLanguage\":\"lt\",\"@id\":\"https:\/\/akurats.com\/en\/#\/schema\/logo\/image\/\",\"url\":\"https:\/\/akurats.com\/wp-content\/uploads\/2015\/06\/A_logo.png\",\"contentUrl\":\"https:\/\/akurats.com\/wp-content\/uploads\/2015\/06\/A_logo.png\",\"width\":77,\"height\":70,\"caption\":\"Akur\u0101ts\"},\"image\":{\"@id\":\"https:\/\/akurats.com\/en\/#\/schema\/logo\/image\/\"},\"sameAs\":[\"https:\/\/www.facebook.com\/AkuratsSIA\"]}]}<\/script>\n<!-- \/ Yoast SEO plugin. -->","yoast_head_json":{"title":"Garderobe | Akurats.lv","robots":{"index":"index","follow":"follow","max-snippet":"max-snippet:-1","max-image-preview":"max-image-preview:large","max-video-preview":"max-video-preview:-1"},"canonical":"https:\/\/akurats.com\/lt\/iranga\/\u0433\u0430\u0440\u0434\u0435\u0440\u043e\u0431\/","twitter_misc":{"Est. reading time":"2 minutes"},"schema":{"@context":"https:\/\/schema.org","@graph":[{"@type":"WebPage","@id":"https:\/\/akurats.com\/lt\/iranga\/%d0%b3%d0%b0%d1%80%d0%b4%d0%b5%d1%80%d0%be%d0%b1\/","url":"https:\/\/akurats.com\/lt\/iranga\/%d0%b3%d0%b0%d1%80%d0%b4%d0%b5%d1%80%d0%be%d0%b1\/","name":"Garderobe | Akurats.lv","isPartOf":{"@id":"https:\/\/akurats.com\/en\/#website"},"datePublished":"2015-07-21T10:02:58+00:00","dateModified":"2021-10-12T18:48:26+00:00","breadcrumb":{"@id":"https:\/\/akurats.com\/lt\/iranga\/%d0%b3%d0%b0%d1%80%d0%b4%d0%b5%d1%80%d0%be%d0%b1\/#breadcrumb"},"inLanguage":"lt","potentialAction":[{"@type":"ReadAction","target":["https:\/\/akurats.com\/lt\/iranga\/%d0%b3%d0%b0%d1%80%d0%b4%d0%b5%d1%80%d0%be%d0%b1\/"]}]},{"@type":"BreadcrumbList","@id":"https:\/\/akurats.com\/lt\/iranga\/%d0%b3%d0%b0%d1%80%d0%b4%d0%b5%d1%80%d0%be%d0%b1\/#breadcrumb","itemListElement":[{"@type":"ListItem","position":1,"name":"Home","item":"https:\/\/akurats.com\/lt\/"},{"@type":"ListItem","position":2,"name":"\u012eranga","item":"https:\/\/akurats.com\/lt\/iranga\/"},{"@type":"ListItem","position":3,"name":"\u0433\u0430\u0440\u0434\u0435\u0440\u043e\u0431"}]},{"@type":"WebSite","@id":"https:\/\/akurats.com\/en\/#website","url":"https:\/\/akurats.com\/en\/","name":"Akur\u0101ts","description":"rengini\u0173 \u012frangos paslaugos","publisher":{"@id":"https:\/\/akurats.com\/en\/#organization"},"alternateName":"Event equipment service","potentialAction":[{"@type":"SearchAction","target":{"@type":"EntryPoint","urlTemplate":"https:\/\/akurats.com\/en\/?s={search_term_string}"},"query-input":"required name=search_term_string"}],"inLanguage":"lt"},{"@type":"Organization","@id":"https:\/\/akurats.com\/en\/#organization","name":"Akur\u0101ts","alternateName":"Event equipment service","url":"https:\/\/akurats.com\/en\/","logo":{"@type":"ImageObject","inLanguage":"lt","@id":"https:\/\/akurats.com\/en\/#\/schema\/logo\/image\/","url":"https:\/\/akurats.com\/wp-content\/uploads\/2015\/06\/A_logo.png","contentUrl":"https:\/\/akurats.com\/wp-content\/uploads\/2015\/06\/A_logo.png","width":77,"height":70,"caption":"Akur\u0101ts"},"image":{"@id":"https:\/\/akurats.com\/en\/#\/schema\/logo\/image\/"},"sameAs":["https:\/\/www.facebook.com\/AkuratsSIA"]}]}},"_links":{"self":[{"href":"https:\/\/akurats.com\/lt\/wp-json\/wp\/v2\/pages\/3397"}],"collection":[{"href":"https:\/\/akurats.com\/lt\/wp-json\/wp\/v2\/pages"}],"about":[{"href":"https:\/\/akurats.com\/lt\/wp-json\/wp\/v2\/types\/page"}],"author":[{"embeddable":true,"href":"https:\/\/akurats.com\/lt\/wp-json\/wp\/v2\/users\/1"}],"replies":[{"embeddable":true,"href":"https:\/\/akurats.com\/lt\/wp-json\/wp\/v2\/comments?post=3397"}],"version-history":[{"count":5,"href":"https:\/\/akurats.com\/lt\/wp-json\/wp\/v2\/pages\/3397\/revisions"}],"predecessor-version":[{"id":4543,"href":"https:\/\/akurats.com\/lt\/wp-json\/wp\/v2\/pages\/3397\/revisions\/4543"}],"up":[{"embeddable":true,"href":"https:\/\/akurats.com\/lt\/wp-json\/wp\/v2\/pages\/2159"}],"wp:featuredmedia":[{"embeddable":true,"href":"https:\/\/akurats.com\/lt\/wp-json\/wp\/v2\/media\/1330"}],"wp:attachment":[{"href":"https:\/\/akurats.com\/lt\/wp-json\/wp\/v2\/media?parent=3397"}],"curies":[{"name":"wp","href":"https:\/\/api.w.org\/{rel}","templated":true}]}}