{"id":3392,"date":"2015-07-14T15:38:58","date_gmt":"2015-07-14T15:38:58","guid":{"rendered":"https:\/\/akurats.com\/iranga\/gaismas-galdu-noma\/"},"modified":"2021-10-12T13:56:35","modified_gmt":"2021-10-12T13:56:35","slug":"gaismas-galdu-noma","status":"publish","type":"page","link":"https:\/\/akurats.com\/lt\/iranga\/gaismas-galdu-noma\/","title":{"rendered":"O\u0441\u0432\u0435\u0449\u0435\u043d\u043d\u044b\u0435 \u0441\u0442\u043e\u043b\u044b"},"content":{"rendered":"<div id=\"pl-3392\"  class=\"panel-layout\" ><div id=\"pg-3392-0\"  class=\"panel-grid panel-no-style\" ><div id=\"pgc-3392-0-0\"  class=\"panel-grid-cell\" ><div id=\"panel-3392-0-0-0\" class=\"so-panel widget widget_black-studio-tinymce widget_black_studio_tinymce panel-first-child panel-last-child\" data-index=\"0\" ><div class=\"textwidget\"><p><a href=\"https:\/\/akurats.com\/wp-content\/uploads\/2015\/07\/gaismasgalds_big5.jpg\"><img src=\"https:\/\/akurats.com\/wp-content\/uploads\/2015\/07\/gaismasgalds_big5-300x223.jpg\" alt=\"gaismasgalds_big5\" width=\"300\" height=\"223\" class=\"aligncenter size-medium wp-image-1169\" \/><\/a><\/p>\n<\/div><\/div><\/div><div id=\"pgc-3392-0-1\"  class=\"panel-grid-cell\" ><div id=\"panel-3392-0-1-0\" class=\"so-panel widget widget_black-studio-tinymce widget_black_studio_tinymce panel-first-child panel-last-child\" data-index=\"1\" ><div class=\"textwidget\"><p><a href=\"https:\/\/akurats.com\/wp-content\/uploads\/2015\/07\/gaismasgalds_big4.jpg\"><img src=\"https:\/\/akurats.com\/wp-content\/uploads\/2015\/07\/gaismasgalds_big4-300x223.jpg\" alt=\"gaismasgalds_big4\" width=\"300\" height=\"223\" class=\"aligncenter size-medium wp-image-1164\" \/><\/a><\/p>\n<\/div><\/div><\/div><div id=\"pgc-3392-0-2\"  class=\"panel-grid-cell\" ><div id=\"panel-3392-0-2-0\" class=\"so-panel widget widget_black-studio-tinymce widget_black_studio_tinymce panel-first-child panel-last-child\" data-index=\"2\" ><div class=\"textwidget\"><p><a href=\"https:\/\/akurats.com\/wp-content\/uploads\/2015\/07\/gaismasgalds_big3.jpg\"><img src=\"https:\/\/akurats.com\/wp-content\/uploads\/2015\/07\/gaismasgalds_big3-300x223.jpg\" alt=\"gaismasgalds_big3\" width=\"300\" height=\"223\" class=\"aligncenter size-medium wp-image-1159\" \/><\/a><\/p>\n<\/div><\/div><\/div><\/div><div id=\"pg-3392-1\"  class=\"panel-grid panel-no-style\" ><div id=\"pgc-3392-1-0\"  class=\"panel-grid-cell\" ><div id=\"panel-3392-1-0-0\" class=\"so-panel widget widget_black-studio-tinymce widget_black_studio_tinymce panel-first-child panel-last-child\" data-index=\"3\" ><div class=\"textwidget\"><p><strong>Nom\u0101 izdev\u012bgi stil\u012bgus dekorat\u012bvos gaismas galdus<\/strong><br \/>\nIr s\u0101cies tum\u0161ais laiks, kad bie\u017ei vien ir nepiecie\u0161ami da\u017e\u0101di papildus gaismas risin\u0101jumi, \u012bpa\u0161i, ja tiek organiz\u0113ti k\u0101di sv\u0113tki vai liel\u0101ki pas\u0101kumi. Komp\u0101nija Akur\u0101ts.lv pied\u0101v\u0101 iznom\u0101t m\u016bsdien\u012bgus gaismas galdus izdev\u012bg\u0101k nek\u0101 cit\u0101s komp\u0101nij\u0101s. Pieejama ne tikai gaismas galdu \u012bre, bet ar\u012b galdu uzst\u0101d\u012b\u0161ana un demont\u0101\u017ea p\u0113c pas\u0101kuma norises beig\u0101m. Svar\u012bgi min\u0113t, ka viena gaismas galda diametrs ir 0.60m, bet augstums \u2013 1.10m.<\/p>\n<p>Daudzfunkcion\u0101lie un m\u016bsdien\u012bgie gaismas galdi pal\u012bdz\u0113s rad\u012bt \u012bpa\u0161u atmosf\u0113ru un noska\u0146u jebkuram pas\u0101kumam neatkar\u012bgi no t\u0101, vai tas notiks smalk\u0101 viesn\u012bcas vestibil\u0101, pamest\u0101 fabrikas \u0113k\u0101 vai \u0101ra vid\u0113. Tuvojas sv\u0113tku laiks \u2013 nodro\u0161iniet pas\u0101kuma norises vietu ar ori\u0123in\u0101lu gaismas risin\u0101jumu. J\u0101uzsver, ka galda korpuss ir veidots caursp\u012bd\u012bga sint\u0113tisk\u0101 materi\u0101la, kas galdam pie\u0161\u0137irs silta gaismas avota formu. J\u0101piebilst, ka komp\u0101nijas pied\u0101v\u0101 vair\u0101kus gaismas galdu kr\u0101su to\u0146us, ko var\u0113siet piem\u0113rot tie\u0161i savam pas\u0101kumam. Gaismas galdu noma- lielisks risin\u0101jums, ja \u0161is invent\u0101rs nepiecie\u0161ams tikai uz \u012bpa\u0161a pas\u0101kuma laiku.<\/p>\n<\/div><\/div><\/div><\/div><div id=\"pg-3392-2\"  class=\"panel-grid panel-no-style\" ><div id=\"pgc-3392-2-0\"  class=\"panel-grid-cell\" ><div id=\"panel-3392-2-0-0\" class=\"so-panel widget widget_black-studio-tinymce widget_black_studio_tinymce panel-first-child panel-last-child\" data-index=\"4\" ><div class=\"textwidget\"><p><a href=\"https:\/\/akurats.com\/wp-content\/uploads\/2015\/07\/gaismas-galds-11.jpg\"><img src=\"https:\/\/akurats.com\/wp-content\/uploads\/2015\/07\/gaismas-galds-11-200x300.jpg\" alt=\"gaismas-galds-11\" width=\"200\" height=\"300\" class=\"aligncenter size-medium wp-image-1176\" \/><\/a><\/p>\n<\/div><\/div><\/div><div id=\"pgc-3392-2-1\"  class=\"panel-grid-cell\" ><div id=\"panel-3392-2-1-0\" class=\"so-panel widget widget_black-studio-tinymce widget_black_studio_tinymce panel-first-child panel-last-child\" data-index=\"5\" ><div class=\"textwidget\"><p><a href=\"https:\/\/akurats.com\/wp-content\/uploads\/2015\/07\/gaismas-galds-12.jpg\"><img src=\"https:\/\/akurats.com\/wp-content\/uploads\/2015\/07\/gaismas-galds-12-200x300.jpg\" alt=\"gaismas-galds-12\" width=\"200\" height=\"300\" class=\"aligncenter size-medium wp-image-1181\" \/><\/a><\/p>\n<\/div><\/div><\/div><div id=\"pgc-3392-2-2\"  class=\"panel-grid-cell\" ><div id=\"panel-3392-2-2-0\" class=\"so-panel widget widget_black-studio-tinymce widget_black_studio_tinymce panel-first-child panel-last-child\" data-index=\"6\" ><div class=\"textwidget\"><p><a href=\"https:\/\/akurats.com\/wp-content\/uploads\/2015\/07\/gaismas-galds-13.jpg\"><img src=\"https:\/\/akurats.com\/wp-content\/uploads\/2015\/07\/gaismas-galds-13-200x300.jpg\" alt=\"gaismas-galds-13\" width=\"200\" height=\"300\" class=\"aligncenter size-medium wp-image-1186\" \/><\/a><\/p>\n<\/div><\/div><\/div><div id=\"pgc-3392-2-3\"  class=\"panel-grid-cell\" ><div id=\"panel-3392-2-3-0\" class=\"so-panel widget widget_black-studio-tinymce widget_black_studio_tinymce panel-first-child panel-last-child\" data-index=\"7\" ><div class=\"textwidget\"><p><a href=\"https:\/\/akurats.com\/wp-content\/uploads\/2015\/07\/gaismas-galds-14.jpg\"><img src=\"https:\/\/akurats.com\/wp-content\/uploads\/2015\/07\/gaismas-galds-14-200x300.jpg\" alt=\"gaismas-galds-14\" width=\"200\" height=\"300\" class=\"aligncenter size-medium wp-image-1191\" \/><\/a><\/p>\n<\/div><\/div><\/div><div id=\"pgc-3392-2-4\"  class=\"panel-grid-cell\" ><div id=\"panel-3392-2-4-0\" class=\"so-panel widget widget_black-studio-tinymce widget_black_studio_tinymce panel-first-child panel-last-child\" data-index=\"8\" ><div class=\"textwidget\"><p><a href=\"https:\/\/akurats.com\/wp-content\/uploads\/2015\/07\/gaismas-galds-15.jpg\"><img src=\"https:\/\/akurats.com\/wp-content\/uploads\/2015\/07\/gaismas-galds-15-200x300.jpg\" alt=\"gaismas-galds-15\" width=\"200\" height=\"300\" class=\"aligncenter size-medium wp-image-1196\" \/><\/a><\/p>\n<\/div><\/div><\/div><\/div><div id=\"pg-3392-3\"  class=\"panel-grid panel-no-style\" ><div id=\"pgc-3392-3-0\"  class=\"panel-grid-cell\" ><div id=\"panel-3392-3-0-0\" class=\"so-panel widget widget_black-studio-tinymce widget_black_studio_tinymce panel-first-child panel-last-child\" data-index=\"9\" ><div class=\"textwidget\"><p><strong>Akur\u0101ts.lv pied\u0101va ne tikai gaismas galdus, bet ar\u012b tel\u0161u u.c. pre\u010du nomu \u2013 <\/strong><br \/>\nAkur\u0101ts.lv Latvij\u0101 str\u0101d\u0101 jau kop\u0161 2005.gad\u0101 un sal\u012bdzino\u0161i \u012bs\u0101 laik\u0101 ir k\u013cuvis par vado\u0161o tel\u0161u un to apr\u012bkojuma iznom\u0101t\u0101ju vis\u0101 Latvij\u0101. Komp\u0101nijas pakalpojumus izv\u0113las gan liel\u0101ki, gan maz\u0101ki uz\u0146\u0113mumu, pas\u0101kumu a\u0123ent\u016bras gan Latvij\u0101, gan Lietuv\u0101, gan Igaunij\u0101.<\/p>\n<p>Pl\u0101nojot pas\u0101kumu un gaismas galdu vai cita apr\u012bkojuma uzst\u0101d\u012b\u0161anu, iepriek\u0161 ir oblig\u0101ti j\u0101vienojas par prec\u012bzu j\u016bsu pas\u0101kuma norises laiku un vietas adresi, v\u0113lamo telts vai cita apr\u012bkojuma mont\u0101\u017eas un demont\u0101\u017eas laiku. Papildus klientam ir v\u0113lams nodro\u0161in\u0101t:<\/p>\n<ul>\n<li>Piebraucam\u0101 ce\u013ca esam\u012bbu un atbilst\u012bbu pas\u016bt\u012bt\u0101 apr\u012bkojuma nog\u0101d\u0101\u0161anai velamaj\u0101 viet\u0101 viet\u0101;<\/li>\n<li>Skaidri j\u0101b\u016bt zin\u0101mam vietas att\u0101lumam no R\u012bgas;<\/li>\n<li>J\u0101nosaka apr\u012bkojuma mont\u0101\u017eas un demont\u0101\u017eas laiks;<\/li>\n<li>Uzst\u0101d\u0101m\u0101s vietas atbilst\u012bba apr\u012bkojuma izm\u0113riem.<\/li>\n<\/ul>\n<p>Akur\u0101ts.lv darbinieki ir zino\u0161i un pieredz\u0113ju\u0161i speci\u0101listi, kuri vajadz\u012bbas gad\u012bjum\u0101 sniegs nepiecie\u0161am\u0101s konsult\u0101cijas un pal\u012bdz\u0113s klientam izv\u0113l\u0113ties piem\u0113rot\u0101k\u0101s preces pl\u0101notajam pas\u0101kumam. Iz\u012br\u0113t\u0101s preces tiks nog\u0101d\u0101tas v\u0113lamaj\u0101 viet\u0101 un laik\u0101, k\u0101 ar\u012b uzst\u0101d\u012btas un demont\u0113tas p\u0113c pas\u0101kuma beig\u0101m.<\/p>\n<p>Akur\u0101ts.lv ir pla\u0161i zin\u0101ms un piepras\u012bts uz\u0146\u0113mums, kas klientiem izdev\u012bgi pied\u0101v\u0101 gaismas galdu, da\u017e\u0101da izm\u0113ra tel\u0161u nomu, k\u0101 ar\u012b citus m\u016bsdien\u012bgus invent\u0101ra pied\u0101v\u0101jumus, lai iecer\u0113tais pas\u0101kums izdotos godam. Iznom\u0101jiet gaismas galdus u.c. invent\u0101ra risin\u0101jumus no Akur\u0101ts.lv un radiet neaizmirstamu noska\u0146u ikvien\u0101 pas\u0101kum\u0101.<\/p>\n<p style=\"text-align: center;\"><a class=\"order-ru btn btn-primary\"><i class=\"fa fa-book pr-5\"><\/i>\u0417\u0410\u041f\u041e\u041b\u041d\u0418\u0422\u042c \u0417\u0410\u042f\u0412\u041a\u0423<\/a><\/p>\n<\/div><\/div><\/div><\/div><\/div>","protected":false},"excerpt":{"rendered":"<p>Nom\u0101 izdev\u012bgi stil\u012bgus dekorat\u012bvos gaismas galdus Ir s\u0101cies tum\u0161ais laiks, kad bie\u017ei vien ir nepiecie\u0161ami da\u017e\u0101di papildus gaismas risin\u0101jumi, \u012bpa\u0161i, ja tiek organiz\u0113ti k\u0101di sv\u0113tki vai liel\u0101ki pas\u0101kumi. Komp\u0101nija Akur\u0101ts.lv pied\u0101v\u0101 iznom\u0101t m\u016bsdien\u012bgus gaismas galdus izdev\u012bg\u0101k nek\u0101 cit\u0101s komp\u0101nij\u0101s. Pieejama ne tikai gaismas galdu \u012bre, bet ar\u012b galdu uzst\u0101d\u012b\u0161ana un demont\u0101\u017ea p\u0113c pas\u0101kuma norises beig\u0101m. &hellip;<\/p>\n","protected":false},"author":1,"featured_media":2652,"parent":2159,"menu_order":0,"comment_status":"closed","ping_status":"closed","template":"","meta":[],"acf":[],"yoast_head":"<!-- This site is optimized with the Yoast SEO plugin v19.9 - https:\/\/yoast.com\/wordpress\/plugins\/seo\/ -->\n<title>Gaismas \/ LED Galdu Noma un \u012are | Akurats<\/title>\n<meta name=\"description\" content=\"Mekl\u0113, kur iznom\u0101t dekorat\u012bvos gaismas \/ led galdus? Tad izv\u0113lies Akur\u0101ts! Izcila kvalit\u0101te un zem\u0101k\u0101s cenas tikai pie mums. Piesaki \u0161eit!\" \/>\n<meta name=\"robots\" content=\"index, follow, max-snippet:-1, max-image-preview:large, max-video-preview:-1\" \/>\n<link rel=\"canonical\" href=\"https:\/\/akurats.com\/lt\/iranga\/gaismas-galdu-noma\/\" \/>\n<meta name=\"twitter:label1\" content=\"Est. reading time\" \/>\n\t<meta name=\"twitter:data1\" content=\"3 minutes\" \/>\n<script type=\"application\/ld+json\" class=\"yoast-schema-graph\">{\"@context\":\"https:\/\/schema.org\",\"@graph\":[{\"@type\":\"WebPage\",\"@id\":\"https:\/\/akurats.com\/lt\/iranga\/gaismas-galdu-noma\/\",\"url\":\"https:\/\/akurats.com\/lt\/iranga\/gaismas-galdu-noma\/\",\"name\":\"Gaismas \/ LED Galdu Noma un \u012are | Akurats\",\"isPartOf\":{\"@id\":\"https:\/\/akurats.com\/en\/#website\"},\"datePublished\":\"2015-07-14T15:38:58+00:00\",\"dateModified\":\"2021-10-12T13:56:35+00:00\",\"description\":\"Mekl\u0113, kur iznom\u0101t dekorat\u012bvos gaismas \/ led galdus? Tad izv\u0113lies Akur\u0101ts! Izcila kvalit\u0101te un zem\u0101k\u0101s cenas tikai pie mums. Piesaki \u0161eit!\",\"breadcrumb\":{\"@id\":\"https:\/\/akurats.com\/lt\/iranga\/gaismas-galdu-noma\/#breadcrumb\"},\"inLanguage\":\"lt\",\"potentialAction\":[{\"@type\":\"ReadAction\",\"target\":[\"https:\/\/akurats.com\/lt\/iranga\/gaismas-galdu-noma\/\"]}]},{\"@type\":\"BreadcrumbList\",\"@id\":\"https:\/\/akurats.com\/lt\/iranga\/gaismas-galdu-noma\/#breadcrumb\",\"itemListElement\":[{\"@type\":\"ListItem\",\"position\":1,\"name\":\"Home\",\"item\":\"https:\/\/akurats.com\/lt\/\"},{\"@type\":\"ListItem\",\"position\":2,\"name\":\"\u012eranga\",\"item\":\"https:\/\/akurats.com\/lt\/iranga\/\"},{\"@type\":\"ListItem\",\"position\":3,\"name\":\"O\u0441\u0432\u0435\u0449\u0435\u043d\u043d\u044b\u0435 \u0441\u0442\u043e\u043b\u044b\"}]},{\"@type\":\"WebSite\",\"@id\":\"https:\/\/akurats.com\/en\/#website\",\"url\":\"https:\/\/akurats.com\/en\/\",\"name\":\"Akur\u0101ts\",\"description\":\"rengini\u0173 \u012frangos paslaugos\",\"publisher\":{\"@id\":\"https:\/\/akurats.com\/en\/#organization\"},\"alternateName\":\"Event equipment service\",\"potentialAction\":[{\"@type\":\"SearchAction\",\"target\":{\"@type\":\"EntryPoint\",\"urlTemplate\":\"https:\/\/akurats.com\/en\/?s={search_term_string}\"},\"query-input\":\"required name=search_term_string\"}],\"inLanguage\":\"lt\"},{\"@type\":\"Organization\",\"@id\":\"https:\/\/akurats.com\/en\/#organization\",\"name\":\"Akur\u0101ts\",\"alternateName\":\"Event equipment service\",\"url\":\"https:\/\/akurats.com\/en\/\",\"logo\":{\"@type\":\"ImageObject\",\"inLanguage\":\"lt\",\"@id\":\"https:\/\/akurats.com\/en\/#\/schema\/logo\/image\/\",\"url\":\"https:\/\/akurats.com\/wp-content\/uploads\/2015\/06\/A_logo.png\",\"contentUrl\":\"https:\/\/akurats.com\/wp-content\/uploads\/2015\/06\/A_logo.png\",\"width\":77,\"height\":70,\"caption\":\"Akur\u0101ts\"},\"image\":{\"@id\":\"https:\/\/akurats.com\/en\/#\/schema\/logo\/image\/\"},\"sameAs\":[\"https:\/\/www.facebook.com\/AkuratsSIA\"]}]}<\/script>\n<!-- \/ Yoast SEO plugin. -->","yoast_head_json":{"title":"Gaismas \/ LED Galdu Noma un \u012are | Akurats","description":"Mekl\u0113, kur iznom\u0101t dekorat\u012bvos gaismas \/ led galdus? Tad izv\u0113lies Akur\u0101ts! Izcila kvalit\u0101te un zem\u0101k\u0101s cenas tikai pie mums. Piesaki \u0161eit!","robots":{"index":"index","follow":"follow","max-snippet":"max-snippet:-1","max-image-preview":"max-image-preview:large","max-video-preview":"max-video-preview:-1"},"canonical":"https:\/\/akurats.com\/lt\/iranga\/gaismas-galdu-noma\/","twitter_misc":{"Est. reading time":"3 minutes"},"schema":{"@context":"https:\/\/schema.org","@graph":[{"@type":"WebPage","@id":"https:\/\/akurats.com\/lt\/iranga\/gaismas-galdu-noma\/","url":"https:\/\/akurats.com\/lt\/iranga\/gaismas-galdu-noma\/","name":"Gaismas \/ LED Galdu Noma un \u012are | Akurats","isPartOf":{"@id":"https:\/\/akurats.com\/en\/#website"},"datePublished":"2015-07-14T15:38:58+00:00","dateModified":"2021-10-12T13:56:35+00:00","description":"Mekl\u0113, kur iznom\u0101t dekorat\u012bvos gaismas \/ led galdus? Tad izv\u0113lies Akur\u0101ts! Izcila kvalit\u0101te un zem\u0101k\u0101s cenas tikai pie mums. Piesaki \u0161eit!","breadcrumb":{"@id":"https:\/\/akurats.com\/lt\/iranga\/gaismas-galdu-noma\/#breadcrumb"},"inLanguage":"lt","potentialAction":[{"@type":"ReadAction","target":["https:\/\/akurats.com\/lt\/iranga\/gaismas-galdu-noma\/"]}]},{"@type":"BreadcrumbList","@id":"https:\/\/akurats.com\/lt\/iranga\/gaismas-galdu-noma\/#breadcrumb","itemListElement":[{"@type":"ListItem","position":1,"name":"Home","item":"https:\/\/akurats.com\/lt\/"},{"@type":"ListItem","position":2,"name":"\u012eranga","item":"https:\/\/akurats.com\/lt\/iranga\/"},{"@type":"ListItem","position":3,"name":"O\u0441\u0432\u0435\u0449\u0435\u043d\u043d\u044b\u0435 \u0441\u0442\u043e\u043b\u044b"}]},{"@type":"WebSite","@id":"https:\/\/akurats.com\/en\/#website","url":"https:\/\/akurats.com\/en\/","name":"Akur\u0101ts","description":"rengini\u0173 \u012frangos paslaugos","publisher":{"@id":"https:\/\/akurats.com\/en\/#organization"},"alternateName":"Event equipment service","potentialAction":[{"@type":"SearchAction","target":{"@type":"EntryPoint","urlTemplate":"https:\/\/akurats.com\/en\/?s={search_term_string}"},"query-input":"required name=search_term_string"}],"inLanguage":"lt"},{"@type":"Organization","@id":"https:\/\/akurats.com\/en\/#organization","name":"Akur\u0101ts","alternateName":"Event equipment service","url":"https:\/\/akurats.com\/en\/","logo":{"@type":"ImageObject","inLanguage":"lt","@id":"https:\/\/akurats.com\/en\/#\/schema\/logo\/image\/","url":"https:\/\/akurats.com\/wp-content\/uploads\/2015\/06\/A_logo.png","contentUrl":"https:\/\/akurats.com\/wp-content\/uploads\/2015\/06\/A_logo.png","width":77,"height":70,"caption":"Akur\u0101ts"},"image":{"@id":"https:\/\/akurats.com\/en\/#\/schema\/logo\/image\/"},"sameAs":["https:\/\/www.facebook.com\/AkuratsSIA"]}]}},"_links":{"self":[{"href":"https:\/\/akurats.com\/lt\/wp-json\/wp\/v2\/pages\/3392"}],"collection":[{"href":"https:\/\/akurats.com\/lt\/wp-json\/wp\/v2\/pages"}],"about":[{"href":"https:\/\/akurats.com\/lt\/wp-json\/wp\/v2\/types\/page"}],"author":[{"embeddable":true,"href":"https:\/\/akurats.com\/lt\/wp-json\/wp\/v2\/users\/1"}],"replies":[{"embeddable":true,"href":"https:\/\/akurats.com\/lt\/wp-json\/wp\/v2\/comments?post=3392"}],"version-history":[{"count":2,"href":"https:\/\/akurats.com\/lt\/wp-json\/wp\/v2\/pages\/3392\/revisions"}],"predecessor-version":[{"id":4343,"href":"https:\/\/akurats.com\/lt\/wp-json\/wp\/v2\/pages\/3392\/revisions\/4343"}],"up":[{"embeddable":true,"href":"https:\/\/akurats.com\/lt\/wp-json\/wp\/v2\/pages\/2159"}],"wp:featuredmedia":[{"embeddable":true,"href":"https:\/\/akurats.com\/lt\/wp-json\/wp\/v2\/media\/2652"}],"wp:attachment":[{"href":"https:\/\/akurats.com\/lt\/wp-json\/wp\/v2\/media?parent=3392"}],"curies":[{"name":"wp","href":"https:\/\/api.w.org\/{rel}","templated":true}]}}