{"id":3390,"date":"2015-07-21T12:20:06","date_gmt":"2015-07-21T12:20:06","guid":{"rendered":"https:\/\/akurats.com\/iranga\/k%d0%be%d0%b2%d1%80%d0%be%d0%b2%d0%be%d0%b5-%d0%bf%d0%be%d0%ba%d1%80%d1%8b%d1%82%d0%b8%d0%b5\/"},"modified":"2021-10-12T19:12:09","modified_gmt":"2021-10-12T19:12:09","slug":"k%d0%be%d0%b2%d1%80%d0%be%d0%b2%d0%be%d0%b5-%d0%bf%d0%be%d0%ba%d1%80%d1%8b%d1%82%d0%b8%d0%b5","status":"publish","type":"page","link":"https:\/\/akurats.com\/lt\/iranga\/k%d0%be%d0%b2%d1%80%d0%be%d0%b2%d0%be%d0%b5-%d0%bf%d0%be%d0%ba%d1%80%d1%8b%d1%82%d0%b8%d0%b5\/","title":{"rendered":"K\u043e\u0432\u0440\u043e\u0432\u043e\u0435 \u043f\u043e\u043a\u0440\u044b\u0442\u0438\u0435"},"content":{"rendered":"<div id=\"pl-3390\"  class=\"panel-layout\" ><div id=\"pg-3390-0\"  class=\"panel-grid panel-no-style\" ><div id=\"pgc-3390-0-0\"  class=\"panel-grid-cell\" ><div id=\"panel-3390-0-0-0\" class=\"so-panel widget widget_black-studio-tinymce widget_black_studio_tinymce panel-first-child panel-last-child\" data-index=\"0\" ><div class=\"textwidget\"><p><a href=\"https:\/\/akurats.com\/wp-content\/uploads\/2015\/07\/paklaji-1.jpg\"><img src=\"https:\/\/akurats.com\/wp-content\/uploads\/2015\/07\/paklaji-1-300x200.jpg\" alt=\"paklaji-1\" width=\"300\" height=\"200\" class=\"aligncenter size-thumbnail wp-image-1481\" \/><\/a><\/p>\n<\/div><\/div><\/div><div id=\"pgc-3390-0-1\"  class=\"panel-grid-cell\" ><div id=\"panel-3390-0-1-0\" class=\"so-panel widget widget_black-studio-tinymce widget_black_studio_tinymce panel-first-child panel-last-child\" data-index=\"1\" ><div class=\"textwidget\"><p><a href=\"https:\/\/akurats.com\/wp-content\/uploads\/2015\/07\/paklaji-2.jpg\"><img src=\"https:\/\/akurats.com\/wp-content\/uploads\/2015\/07\/paklaji-2-300x200.jpg\" alt=\"paklaji-2\" width=\"300\" height=\"200\" class=\"aligncenter size-thumbnail wp-image-1486\" \/><\/a><\/p>\n<\/div><\/div><\/div><div id=\"pgc-3390-0-2\"  class=\"panel-grid-cell\" ><div id=\"panel-3390-0-2-0\" class=\"so-panel widget widget_black-studio-tinymce widget_black_studio_tinymce panel-first-child panel-last-child\" data-index=\"2\" ><div class=\"textwidget\"><p><a href=\"https:\/\/akurats.com\/wp-content\/uploads\/2015\/07\/paklaji-3.jpg\"><img src=\"https:\/\/akurats.com\/wp-content\/uploads\/2015\/07\/paklaji-3-300x200.jpg\" alt=\"paklaji-3\" width=\"300\" height=\"200\" class=\"aligncenter size-thumbnail wp-image-1491\" \/><\/a><\/p>\n<\/div><\/div><\/div><div id=\"pgc-3390-0-3\"  class=\"panel-grid-cell\" ><div id=\"panel-3390-0-3-0\" class=\"so-panel widget widget_black-studio-tinymce widget_black_studio_tinymce panel-first-child panel-last-child\" data-index=\"3\" ><div class=\"textwidget\"><p><a href=\"https:\/\/akurats.com\/wp-content\/uploads\/2015\/07\/paklaji-4.jpg\"><img src=\"https:\/\/akurats.com\/wp-content\/uploads\/2015\/07\/paklaji-4-300x200.jpg\" alt=\"paklaji-4\" width=\"300\" height=\"200\" class=\"aligncenter size-thumbnail wp-image-1496\" \/><\/a><\/p>\n<\/div><\/div><\/div><\/div><div id=\"pg-3390-1\"  class=\"panel-grid panel-no-style\" ><div id=\"pgc-3390-1-0\"  class=\"panel-grid-cell\" ><div id=\"panel-3390-1-0-0\" class=\"so-panel widget widget_black-studio-tinymce widget_black_studio_tinymce panel-first-child panel-last-child\" data-index=\"4\" ><div class=\"textwidget\"><p>J\u016bsu r\u012bkotajos pas\u0101kumos pied\u0101v\u0101jam iekl\u0101t pakl\u0101jus. Pakl\u0101jus iesp\u0113jams izmantot ne tikai dz\u012bvojam\u0101s telp\u0101s, bet ar\u012b sabiedrisk\u0101s viet\u0101s \u2013 prezent\u0101cij\u0101s, izst\u0101d\u0113s, vies\u012bb\u0101s un da\u017e\u0101dos izklaides pas\u0101kumos.<br \/>\nIzv\u0113loties pareizo pakl\u0101ja kr\u0101su, tas J\u016bs pas\u0101kumam pie\u0161\u0137irs iecer\u0113to noska\u0146u- svin\u012bgumu, lieti\u0161\u0137umu vai romantismu. Izv\u0113lieties Jums piem\u0113roto kr\u0101su!<\/p>\n<p style=\"text-align: center;\"><a class=\"order-lt btn btn-primary\"><i class=\"fa fa-book pr-5\"><\/i>PILDYTI PARAI\u0160K\u0104<\/a><\/p>\n<p style=\"text-align: center;\"><a href=\"https:\/\/akurats.com\/wp-content\/uploads\/2015\/07\/paklajs.jpg\"><img class=\"alignnone size-large wp-image-3432\" src=\"https:\/\/akurats.com\/wp-content\/uploads\/2015\/07\/paklajs-1024x731.jpg\" alt=\"paklajs\" width=\"1024\" height=\"731\" \/><\/a><\/p>\n<\/div><\/div><\/div><\/div><\/div>","protected":false},"excerpt":{"rendered":"<p>J\u016bsu r\u012bkotajos pas\u0101kumos pied\u0101v\u0101jam iekl\u0101t pakl\u0101jus. Pakl\u0101jus iesp\u0113jams izmantot ne tikai dz\u012bvojam\u0101s telp\u0101s, bet ar\u012b sabiedrisk\u0101s viet\u0101s \u2013 prezent\u0101cij\u0101s, izst\u0101d\u0113s, vies\u012bb\u0101s un da\u017e\u0101dos izklaides pas\u0101kumos. Izv\u0113loties pareizo pakl\u0101ja kr\u0101su, tas J\u016bs pas\u0101kumam pie\u0161\u0137irs iecer\u0113to noska\u0146u- svin\u012bgumu, lieti\u0161\u0137umu vai romantismu. Izv\u0113lieties Jums piem\u0113roto kr\u0101su! PILDYTI PARAI\u0160K\u0104<\/p>\n","protected":false},"author":1,"featured_media":3434,"parent":2159,"menu_order":0,"comment_status":"closed","ping_status":"closed","template":"","meta":[],"acf":[],"yoast_head":"<!-- This site is optimized with the Yoast SEO plugin v19.9 - https:\/\/yoast.com\/wordpress\/plugins\/seo\/ -->\n<title>Pakl\u0101ji | Akurats<\/title>\n<meta name=\"description\" content=\"Mekl\u0113 pakl\u0101jus par izdev\u012bg\u0101m cen\u0101m? Tad izv\u0113lies Akur\u0101ts! Da\u017e\u0101da lieluma pakl\u0101ju noma par izdev\u012bg\u0101m cen\u0101m. Piesaki \u0161eit!\" \/>\n<meta name=\"robots\" content=\"index, follow, max-snippet:-1, max-image-preview:large, max-video-preview:-1\" \/>\n<link rel=\"canonical\" href=\"https:\/\/akurats.com\/lt\/iranga\/k\u043e\u0432\u0440\u043e\u0432\u043e\u0435-\u043f\u043e\u043a\u0440\u044b\u0442\u0438\u0435\/\" \/>\n<script type=\"application\/ld+json\" class=\"yoast-schema-graph\">{\"@context\":\"https:\/\/schema.org\",\"@graph\":[{\"@type\":\"WebPage\",\"@id\":\"https:\/\/akurats.com\/lt\/iranga\/k%d0%be%d0%b2%d1%80%d0%be%d0%b2%d0%be%d0%b5-%d0%bf%d0%be%d0%ba%d1%80%d1%8b%d1%82%d0%b8%d0%b5\/\",\"url\":\"https:\/\/akurats.com\/lt\/iranga\/k%d0%be%d0%b2%d1%80%d0%be%d0%b2%d0%be%d0%b5-%d0%bf%d0%be%d0%ba%d1%80%d1%8b%d1%82%d0%b8%d0%b5\/\",\"name\":\"Pakl\u0101ji | Akurats\",\"isPartOf\":{\"@id\":\"https:\/\/akurats.com\/en\/#website\"},\"datePublished\":\"2015-07-21T12:20:06+00:00\",\"dateModified\":\"2021-10-12T19:12:09+00:00\",\"description\":\"Mekl\u0113 pakl\u0101jus par izdev\u012bg\u0101m cen\u0101m? Tad izv\u0113lies Akur\u0101ts! Da\u017e\u0101da lieluma pakl\u0101ju noma par izdev\u012bg\u0101m cen\u0101m. Piesaki \u0161eit!\",\"breadcrumb\":{\"@id\":\"https:\/\/akurats.com\/lt\/iranga\/k%d0%be%d0%b2%d1%80%d0%be%d0%b2%d0%be%d0%b5-%d0%bf%d0%be%d0%ba%d1%80%d1%8b%d1%82%d0%b8%d0%b5\/#breadcrumb\"},\"inLanguage\":\"lt\",\"potentialAction\":[{\"@type\":\"ReadAction\",\"target\":[\"https:\/\/akurats.com\/lt\/iranga\/k%d0%be%d0%b2%d1%80%d0%be%d0%b2%d0%be%d0%b5-%d0%bf%d0%be%d0%ba%d1%80%d1%8b%d1%82%d0%b8%d0%b5\/\"]}]},{\"@type\":\"BreadcrumbList\",\"@id\":\"https:\/\/akurats.com\/lt\/iranga\/k%d0%be%d0%b2%d1%80%d0%be%d0%b2%d0%be%d0%b5-%d0%bf%d0%be%d0%ba%d1%80%d1%8b%d1%82%d0%b8%d0%b5\/#breadcrumb\",\"itemListElement\":[{\"@type\":\"ListItem\",\"position\":1,\"name\":\"Home\",\"item\":\"https:\/\/akurats.com\/lt\/\"},{\"@type\":\"ListItem\",\"position\":2,\"name\":\"\u012eranga\",\"item\":\"https:\/\/akurats.com\/lt\/iranga\/\"},{\"@type\":\"ListItem\",\"position\":3,\"name\":\"K\u043e\u0432\u0440\u043e\u0432\u043e\u0435 \u043f\u043e\u043a\u0440\u044b\u0442\u0438\u0435\"}]},{\"@type\":\"WebSite\",\"@id\":\"https:\/\/akurats.com\/en\/#website\",\"url\":\"https:\/\/akurats.com\/en\/\",\"name\":\"Akur\u0101ts\",\"description\":\"rengini\u0173 \u012frangos paslaugos\",\"publisher\":{\"@id\":\"https:\/\/akurats.com\/en\/#organization\"},\"alternateName\":\"Event equipment service\",\"potentialAction\":[{\"@type\":\"SearchAction\",\"target\":{\"@type\":\"EntryPoint\",\"urlTemplate\":\"https:\/\/akurats.com\/en\/?s={search_term_string}\"},\"query-input\":\"required name=search_term_string\"}],\"inLanguage\":\"lt\"},{\"@type\":\"Organization\",\"@id\":\"https:\/\/akurats.com\/en\/#organization\",\"name\":\"Akur\u0101ts\",\"alternateName\":\"Event equipment service\",\"url\":\"https:\/\/akurats.com\/en\/\",\"logo\":{\"@type\":\"ImageObject\",\"inLanguage\":\"lt\",\"@id\":\"https:\/\/akurats.com\/en\/#\/schema\/logo\/image\/\",\"url\":\"https:\/\/akurats.com\/wp-content\/uploads\/2015\/06\/A_logo.png\",\"contentUrl\":\"https:\/\/akurats.com\/wp-content\/uploads\/2015\/06\/A_logo.png\",\"width\":77,\"height\":70,\"caption\":\"Akur\u0101ts\"},\"image\":{\"@id\":\"https:\/\/akurats.com\/en\/#\/schema\/logo\/image\/\"},\"sameAs\":[\"https:\/\/www.facebook.com\/AkuratsSIA\"]}]}<\/script>\n<!-- \/ Yoast SEO plugin. -->","yoast_head_json":{"title":"Pakl\u0101ji | Akurats","description":"Mekl\u0113 pakl\u0101jus par izdev\u012bg\u0101m cen\u0101m? Tad izv\u0113lies Akur\u0101ts! Da\u017e\u0101da lieluma pakl\u0101ju noma par izdev\u012bg\u0101m cen\u0101m. Piesaki \u0161eit!","robots":{"index":"index","follow":"follow","max-snippet":"max-snippet:-1","max-image-preview":"max-image-preview:large","max-video-preview":"max-video-preview:-1"},"canonical":"https:\/\/akurats.com\/lt\/iranga\/k\u043e\u0432\u0440\u043e\u0432\u043e\u0435-\u043f\u043e\u043a\u0440\u044b\u0442\u0438\u0435\/","schema":{"@context":"https:\/\/schema.org","@graph":[{"@type":"WebPage","@id":"https:\/\/akurats.com\/lt\/iranga\/k%d0%be%d0%b2%d1%80%d0%be%d0%b2%d0%be%d0%b5-%d0%bf%d0%be%d0%ba%d1%80%d1%8b%d1%82%d0%b8%d0%b5\/","url":"https:\/\/akurats.com\/lt\/iranga\/k%d0%be%d0%b2%d1%80%d0%be%d0%b2%d0%be%d0%b5-%d0%bf%d0%be%d0%ba%d1%80%d1%8b%d1%82%d0%b8%d0%b5\/","name":"Pakl\u0101ji | Akurats","isPartOf":{"@id":"https:\/\/akurats.com\/en\/#website"},"datePublished":"2015-07-21T12:20:06+00:00","dateModified":"2021-10-12T19:12:09+00:00","description":"Mekl\u0113 pakl\u0101jus par izdev\u012bg\u0101m cen\u0101m? Tad izv\u0113lies Akur\u0101ts! Da\u017e\u0101da lieluma pakl\u0101ju noma par izdev\u012bg\u0101m cen\u0101m. Piesaki \u0161eit!","breadcrumb":{"@id":"https:\/\/akurats.com\/lt\/iranga\/k%d0%be%d0%b2%d1%80%d0%be%d0%b2%d0%be%d0%b5-%d0%bf%d0%be%d0%ba%d1%80%d1%8b%d1%82%d0%b8%d0%b5\/#breadcrumb"},"inLanguage":"lt","potentialAction":[{"@type":"ReadAction","target":["https:\/\/akurats.com\/lt\/iranga\/k%d0%be%d0%b2%d1%80%d0%be%d0%b2%d0%be%d0%b5-%d0%bf%d0%be%d0%ba%d1%80%d1%8b%d1%82%d0%b8%d0%b5\/"]}]},{"@type":"BreadcrumbList","@id":"https:\/\/akurats.com\/lt\/iranga\/k%d0%be%d0%b2%d1%80%d0%be%d0%b2%d0%be%d0%b5-%d0%bf%d0%be%d0%ba%d1%80%d1%8b%d1%82%d0%b8%d0%b5\/#breadcrumb","itemListElement":[{"@type":"ListItem","position":1,"name":"Home","item":"https:\/\/akurats.com\/lt\/"},{"@type":"ListItem","position":2,"name":"\u012eranga","item":"https:\/\/akurats.com\/lt\/iranga\/"},{"@type":"ListItem","position":3,"name":"K\u043e\u0432\u0440\u043e\u0432\u043e\u0435 \u043f\u043e\u043a\u0440\u044b\u0442\u0438\u0435"}]},{"@type":"WebSite","@id":"https:\/\/akurats.com\/en\/#website","url":"https:\/\/akurats.com\/en\/","name":"Akur\u0101ts","description":"rengini\u0173 \u012frangos paslaugos","publisher":{"@id":"https:\/\/akurats.com\/en\/#organization"},"alternateName":"Event equipment service","potentialAction":[{"@type":"SearchAction","target":{"@type":"EntryPoint","urlTemplate":"https:\/\/akurats.com\/en\/?s={search_term_string}"},"query-input":"required name=search_term_string"}],"inLanguage":"lt"},{"@type":"Organization","@id":"https:\/\/akurats.com\/en\/#organization","name":"Akur\u0101ts","alternateName":"Event equipment service","url":"https:\/\/akurats.com\/en\/","logo":{"@type":"ImageObject","inLanguage":"lt","@id":"https:\/\/akurats.com\/en\/#\/schema\/logo\/image\/","url":"https:\/\/akurats.com\/wp-content\/uploads\/2015\/06\/A_logo.png","contentUrl":"https:\/\/akurats.com\/wp-content\/uploads\/2015\/06\/A_logo.png","width":77,"height":70,"caption":"Akur\u0101ts"},"image":{"@id":"https:\/\/akurats.com\/en\/#\/schema\/logo\/image\/"},"sameAs":["https:\/\/www.facebook.com\/AkuratsSIA"]}]}},"_links":{"self":[{"href":"https:\/\/akurats.com\/lt\/wp-json\/wp\/v2\/pages\/3390"}],"collection":[{"href":"https:\/\/akurats.com\/lt\/wp-json\/wp\/v2\/pages"}],"about":[{"href":"https:\/\/akurats.com\/lt\/wp-json\/wp\/v2\/types\/page"}],"author":[{"embeddable":true,"href":"https:\/\/akurats.com\/lt\/wp-json\/wp\/v2\/users\/1"}],"replies":[{"embeddable":true,"href":"https:\/\/akurats.com\/lt\/wp-json\/wp\/v2\/comments?post=3390"}],"version-history":[{"count":2,"href":"https:\/\/akurats.com\/lt\/wp-json\/wp\/v2\/pages\/3390\/revisions"}],"predecessor-version":[{"id":4571,"href":"https:\/\/akurats.com\/lt\/wp-json\/wp\/v2\/pages\/3390\/revisions\/4571"}],"up":[{"embeddable":true,"href":"https:\/\/akurats.com\/lt\/wp-json\/wp\/v2\/pages\/2159"}],"wp:featuredmedia":[{"embeddable":true,"href":"https:\/\/akurats.com\/lt\/wp-json\/wp\/v2\/media\/3434"}],"wp:attachment":[{"href":"https:\/\/akurats.com\/lt\/wp-json\/wp\/v2\/media?parent=3390"}],"curies":[{"name":"wp","href":"https:\/\/api.w.org\/{rel}","templated":true}]}}