{"id":2369,"date":"2015-10-15T08:14:40","date_gmt":"2015-10-15T08:14:40","guid":{"rendered":"https:\/\/akurats.com\/lt\/?page_id=2369"},"modified":"2015-10-15T08:14:40","modified_gmt":"2015-10-15T08:14:40","slug":"tikroji-muziejus-po-atviru-dangumi","status":"publish","type":"page","link":"https:\/\/akurats.com\/lt\/galerija\/tikroji-muziejus-po-atviru-dangumi\/","title":{"rendered":"Tikroji muziejus po atviru dangumi"},"content":{"rendered":"<div id=\"pl-2369\"  class=\"panel-layout\" ><div id=\"pg-2369-0\"  class=\"panel-grid panel-no-style\" ><div id=\"pgc-2369-0-0\"  class=\"panel-grid-cell\" ><div id=\"panel-2369-0-0-0\" class=\"so-panel widget widget_black-studio-tinymce widget_black_studio_tinymce panel-first-child panel-last-child\" data-index=\"0\" ><div class=\"textwidget\"><p><a href=\"https:\/\/akurats.com\/wp-content\/uploads\/2015\/07\/brivdabas-muzejs-1.jpg\"><img src=\"https:\/\/akurats.com\/wp-content\/uploads\/2015\/07\/brivdabas-muzejs-1-300x200.jpg\" alt=\"brivdabas-muzejs-1\" width=\"300\" height=\"200\" class=\"aligncenter size-thumbnail wp-image-1796\" \/><\/a><\/p>\n<\/div><\/div><\/div><div id=\"pgc-2369-0-1\"  class=\"panel-grid-cell\" ><div id=\"panel-2369-0-1-0\" class=\"so-panel widget widget_black-studio-tinymce widget_black_studio_tinymce panel-first-child panel-last-child\" data-index=\"1\" ><div class=\"textwidget\"><p><a href=\"https:\/\/akurats.com\/wp-content\/uploads\/2015\/07\/brivdabas-muzejs-2.jpg\"><img src=\"https:\/\/akurats.com\/wp-content\/uploads\/2015\/07\/brivdabas-muzejs-2-300x200.jpg\" alt=\"brivdabas-muzejs-2\" width=\"300\" height=\"200\" class=\"aligncenter size-thumbnail wp-image-1801\" \/><\/a><\/p>\n<\/div><\/div><\/div><div id=\"pgc-2369-0-2\"  class=\"panel-grid-cell\" ><div id=\"panel-2369-0-2-0\" class=\"so-panel widget widget_black-studio-tinymce widget_black_studio_tinymce panel-first-child panel-last-child\" data-index=\"2\" ><div class=\"textwidget\"><p><a href=\"https:\/\/akurats.com\/wp-content\/uploads\/2015\/07\/brivdabas-muzejs-3.jpg\"><img src=\"https:\/\/akurats.com\/wp-content\/uploads\/2015\/07\/brivdabas-muzejs-3-300x200.jpg\" alt=\"brivdabas-muzejs-3\" width=\"300\" height=\"200\" class=\"aligncenter size-thumbnail wp-image-1806\" \/><\/a><\/p>\n<\/div><\/div><\/div><div id=\"pgc-2369-0-3\"  class=\"panel-grid-cell\" ><div id=\"panel-2369-0-3-0\" class=\"so-panel widget widget_black-studio-tinymce widget_black_studio_tinymce panel-first-child panel-last-child\" data-index=\"3\" ><div class=\"textwidget\"><p><a href=\"https:\/\/akurats.com\/wp-content\/uploads\/2015\/07\/brivdabas-muzejs-4.jpg\"><img src=\"https:\/\/akurats.com\/wp-content\/uploads\/2015\/07\/brivdabas-muzejs-4-300x200.jpg\" alt=\"brivdabas-muzejs-4\" width=\"300\" height=\"200\" class=\"aligncenter size-thumbnail wp-image-1811\" \/><\/a><\/p>\n<\/div><\/div><\/div><\/div><\/div>","protected":false},"excerpt":{"rendered":"","protected":false},"author":1,"featured_media":1810,"parent":2345,"menu_order":0,"comment_status":"closed","ping_status":"closed","template":"","meta":[],"acf":[],"yoast_head":"<!-- This site is optimized with the Yoast SEO plugin v19.9 - https:\/\/yoast.com\/wordpress\/plugins\/seo\/ -->\n<title>Tikroji muziejus po atviru dangumi - Ak\u016brats<\/title>\n<meta name=\"robots\" content=\"index, follow, max-snippet:-1, max-image-preview:large, max-video-preview:-1\" \/>\n<link rel=\"canonical\" href=\"https:\/\/akurats.com\/lt\/galerija\/tikroji-muziejus-po-atviru-dangumi\/\" \/>\n<script type=\"application\/ld+json\" class=\"yoast-schema-graph\">{\"@context\":\"https:\/\/schema.org\",\"@graph\":[{\"@type\":\"WebPage\",\"@id\":\"https:\/\/akurats.com\/lt\/galerija\/tikroji-muziejus-po-atviru-dangumi\/\",\"url\":\"https:\/\/akurats.com\/lt\/galerija\/tikroji-muziejus-po-atviru-dangumi\/\",\"name\":\"Tikroji muziejus po atviru dangumi - Ak\u016brats\",\"isPartOf\":{\"@id\":\"https:\/\/akurats.com\/en\/#website\"},\"datePublished\":\"2015-10-15T08:14:40+00:00\",\"dateModified\":\"2015-10-15T08:14:40+00:00\",\"breadcrumb\":{\"@id\":\"https:\/\/akurats.com\/lt\/galerija\/tikroji-muziejus-po-atviru-dangumi\/#breadcrumb\"},\"inLanguage\":\"lt\",\"potentialAction\":[{\"@type\":\"ReadAction\",\"target\":[\"https:\/\/akurats.com\/lt\/galerija\/tikroji-muziejus-po-atviru-dangumi\/\"]}]},{\"@type\":\"BreadcrumbList\",\"@id\":\"https:\/\/akurats.com\/lt\/galerija\/tikroji-muziejus-po-atviru-dangumi\/#breadcrumb\",\"itemListElement\":[{\"@type\":\"ListItem\",\"position\":1,\"name\":\"Home\",\"item\":\"https:\/\/akurats.com\/lt\/\"},{\"@type\":\"ListItem\",\"position\":2,\"name\":\"Galerija\",\"item\":\"https:\/\/akurats.com\/lt\/galerija\/\"},{\"@type\":\"ListItem\",\"position\":3,\"name\":\"Tikroji muziejus po atviru dangumi\"}]},{\"@type\":\"WebSite\",\"@id\":\"https:\/\/akurats.com\/en\/#website\",\"url\":\"https:\/\/akurats.com\/en\/\",\"name\":\"Akur\u0101ts\",\"description\":\"rengini\u0173 \u012frangos paslaugos\",\"publisher\":{\"@id\":\"https:\/\/akurats.com\/en\/#organization\"},\"alternateName\":\"Event equipment service\",\"potentialAction\":[{\"@type\":\"SearchAction\",\"target\":{\"@type\":\"EntryPoint\",\"urlTemplate\":\"https:\/\/akurats.com\/en\/?s={search_term_string}\"},\"query-input\":\"required name=search_term_string\"}],\"inLanguage\":\"lt\"},{\"@type\":\"Organization\",\"@id\":\"https:\/\/akurats.com\/en\/#organization\",\"name\":\"Akur\u0101ts\",\"alternateName\":\"Event equipment service\",\"url\":\"https:\/\/akurats.com\/en\/\",\"logo\":{\"@type\":\"ImageObject\",\"inLanguage\":\"lt\",\"@id\":\"https:\/\/akurats.com\/en\/#\/schema\/logo\/image\/\",\"url\":\"https:\/\/akurats.com\/wp-content\/uploads\/2015\/06\/A_logo.png\",\"contentUrl\":\"https:\/\/akurats.com\/wp-content\/uploads\/2015\/06\/A_logo.png\",\"width\":77,\"height\":70,\"caption\":\"Akur\u0101ts\"},\"image\":{\"@id\":\"https:\/\/akurats.com\/en\/#\/schema\/logo\/image\/\"},\"sameAs\":[\"https:\/\/www.facebook.com\/AkuratsSIA\"]}]}<\/script>\n<!-- \/ Yoast SEO plugin. -->","yoast_head_json":{"title":"Tikroji muziejus po atviru dangumi - Ak\u016brats","robots":{"index":"index","follow":"follow","max-snippet":"max-snippet:-1","max-image-preview":"max-image-preview:large","max-video-preview":"max-video-preview:-1"},"canonical":"https:\/\/akurats.com\/lt\/galerija\/tikroji-muziejus-po-atviru-dangumi\/","schema":{"@context":"https:\/\/schema.org","@graph":[{"@type":"WebPage","@id":"https:\/\/akurats.com\/lt\/galerija\/tikroji-muziejus-po-atviru-dangumi\/","url":"https:\/\/akurats.com\/lt\/galerija\/tikroji-muziejus-po-atviru-dangumi\/","name":"Tikroji muziejus po atviru dangumi - Ak\u016brats","isPartOf":{"@id":"https:\/\/akurats.com\/en\/#website"},"datePublished":"2015-10-15T08:14:40+00:00","dateModified":"2015-10-15T08:14:40+00:00","breadcrumb":{"@id":"https:\/\/akurats.com\/lt\/galerija\/tikroji-muziejus-po-atviru-dangumi\/#breadcrumb"},"inLanguage":"lt","potentialAction":[{"@type":"ReadAction","target":["https:\/\/akurats.com\/lt\/galerija\/tikroji-muziejus-po-atviru-dangumi\/"]}]},{"@type":"BreadcrumbList","@id":"https:\/\/akurats.com\/lt\/galerija\/tikroji-muziejus-po-atviru-dangumi\/#breadcrumb","itemListElement":[{"@type":"ListItem","position":1,"name":"Home","item":"https:\/\/akurats.com\/lt\/"},{"@type":"ListItem","position":2,"name":"Galerija","item":"https:\/\/akurats.com\/lt\/galerija\/"},{"@type":"ListItem","position":3,"name":"Tikroji muziejus po atviru dangumi"}]},{"@type":"WebSite","@id":"https:\/\/akurats.com\/en\/#website","url":"https:\/\/akurats.com\/en\/","name":"Akur\u0101ts","description":"rengini\u0173 \u012frangos paslaugos","publisher":{"@id":"https:\/\/akurats.com\/en\/#organization"},"alternateName":"Event equipment service","potentialAction":[{"@type":"SearchAction","target":{"@type":"EntryPoint","urlTemplate":"https:\/\/akurats.com\/en\/?s={search_term_string}"},"query-input":"required name=search_term_string"}],"inLanguage":"lt"},{"@type":"Organization","@id":"https:\/\/akurats.com\/en\/#organization","name":"Akur\u0101ts","alternateName":"Event equipment service","url":"https:\/\/akurats.com\/en\/","logo":{"@type":"ImageObject","inLanguage":"lt","@id":"https:\/\/akurats.com\/en\/#\/schema\/logo\/image\/","url":"https:\/\/akurats.com\/wp-content\/uploads\/2015\/06\/A_logo.png","contentUrl":"https:\/\/akurats.com\/wp-content\/uploads\/2015\/06\/A_logo.png","width":77,"height":70,"caption":"Akur\u0101ts"},"image":{"@id":"https:\/\/akurats.com\/en\/#\/schema\/logo\/image\/"},"sameAs":["https:\/\/www.facebook.com\/AkuratsSIA"]}]}},"_links":{"self":[{"href":"https:\/\/akurats.com\/lt\/wp-json\/wp\/v2\/pages\/2369"}],"collection":[{"href":"https:\/\/akurats.com\/lt\/wp-json\/wp\/v2\/pages"}],"about":[{"href":"https:\/\/akurats.com\/lt\/wp-json\/wp\/v2\/types\/page"}],"author":[{"embeddable":true,"href":"https:\/\/akurats.com\/lt\/wp-json\/wp\/v2\/users\/1"}],"replies":[{"embeddable":true,"href":"https:\/\/akurats.com\/lt\/wp-json\/wp\/v2\/comments?post=2369"}],"version-history":[{"count":1,"href":"https:\/\/akurats.com\/lt\/wp-json\/wp\/v2\/pages\/2369\/revisions"}],"predecessor-version":[{"id":2370,"href":"https:\/\/akurats.com\/lt\/wp-json\/wp\/v2\/pages\/2369\/revisions\/2370"}],"up":[{"embeddable":true,"href":"https:\/\/akurats.com\/lt\/wp-json\/wp\/v2\/pages\/2345"}],"wp:featuredmedia":[{"embeddable":true,"href":"https:\/\/akurats.com\/lt\/wp-json\/wp\/v2\/media\/1810"}],"wp:attachment":[{"href":"https:\/\/akurats.com\/lt\/wp-json\/wp\/v2\/media?parent=2369"}],"curies":[{"name":"wp","href":"https:\/\/api.w.org\/{rel}","templated":true}]}}