{"id":2345,"date":"2015-10-15T07:59:20","date_gmt":"2015-10-15T07:59:20","guid":{"rendered":"https:\/\/akurats.com\/lt\/?page_id=2345"},"modified":"2015-10-15T08:15:42","modified_gmt":"2015-10-15T08:15:42","slug":"galerija","status":"publish","type":"page","link":"https:\/\/akurats.com\/lt\/galerija\/","title":{"rendered":"Galerija"},"content":{"rendered":"<div id=\"pl-2345\"  class=\"panel-layout\" ><div id=\"pg-2345-0\"  class=\"panel-grid panel-no-style\" ><div id=\"pgc-2345-0-0\"  class=\"panel-grid-cell\" ><div id=\"panel-2345-0-0-0\" class=\"so-panel widget widget_pw_featured_page widget-featured-page panel-first-child panel-last-child\" data-index=\"0\" >\n\n\t<div class=\"page-box  page-box--block\">\n\t\t\t<a class=\"page-box__picture\" href=\"https:\/\/akurats.com\/lt\/galerija\/galerija-ryga-8-aukste-terasa\/\"><img src=\"https:\/\/akurats.com\/wp-content\/uploads\/2015\/07\/galerijas-riga-terase-2-320x240.jpg\" width=\"320\" height=\"240\" sizes=\"(min-width: 992px) 360px, calc(100vw - 30px)\" class=\"wp-post-image\" alt=\"Galerija Ryga 8 auk\u0161te terasa\"><\/a>\n\t\t<div class=\"page-box__content\">\n\t\t\t<h5 class=\"page-box__title  text-uppercase\"><a href=\"https:\/\/akurats.com\/lt\/galerija\/galerija-ryga-8-aukste-terasa\/\">Galerija Ryga 8 auk\u0161te terasa<\/a><\/h5>\n\t\t\t<p><\/p>\n\t\t\t\t<p><a href=\"https:\/\/akurats.com\/lt\/galerija\/galerija-ryga-8-aukste-terasa\/\" class=\"read-more  read-more--page-box\">Read more<\/a><\/p>\n\t\t<\/div>\n\t<\/div>\n\n<\/div><\/div><div id=\"pgc-2345-0-1\"  class=\"panel-grid-cell\" ><div id=\"panel-2345-0-1-0\" class=\"so-panel widget widget_pw_featured_page widget-featured-page panel-first-child panel-last-child\" data-index=\"1\" >\n\n\t<div class=\"page-box  page-box--block\">\n\t\t\t<a class=\"page-box__picture\" href=\"https:\/\/akurats.com\/lt\/galerija\/tikroji-muziejus-po-atviru-dangumi\/\"><img src=\"https:\/\/akurats.com\/wp-content\/uploads\/2015\/07\/brivdabas-muzejs-3-320x240.jpg\" width=\"320\" height=\"240\" sizes=\"(min-width: 992px) 360px, calc(100vw - 30px)\" class=\"wp-post-image\" alt=\"Tikroji muziejus po atviru dangumi\"><\/a>\n\t\t<div class=\"page-box__content\">\n\t\t\t<h5 class=\"page-box__title  text-uppercase\"><a href=\"https:\/\/akurats.com\/lt\/galerija\/tikroji-muziejus-po-atviru-dangumi\/\">Tikroji muziejus po atviru dangumi<\/a><\/h5>\n\t\t\t<p><\/p>\n\t\t\t\t<p><a href=\"https:\/\/akurats.com\/lt\/galerija\/tikroji-muziejus-po-atviru-dangumi\/\" class=\"read-more  read-more--page-box\">Read more<\/a><\/p>\n\t\t<\/div>\n\t<\/div>\n\n<\/div><\/div><div id=\"pgc-2345-0-2\"  class=\"panel-grid-cell\" ><div id=\"panel-2345-0-2-0\" class=\"so-panel widget widget_pw_featured_page widget-featured-page panel-first-child panel-last-child\" data-index=\"2\" >\n\n\t<div class=\"page-box  page-box--block\">\n\t\t\t<a class=\"page-box__picture\" href=\"https:\/\/akurats.com\/lt\/galerija\/universitetas-turiba\/\"><img src=\"https:\/\/akurats.com\/wp-content\/uploads\/2015\/07\/biznesa-augstskola-turiba-3-320x240.jpg\" width=\"320\" height=\"240\" sizes=\"(min-width: 992px) 360px, calc(100vw - 30px)\" class=\"wp-post-image\" alt=\"Universitetas Tur\u012bba\"><\/a>\n\t\t<div class=\"page-box__content\">\n\t\t\t<h5 class=\"page-box__title  text-uppercase\"><a href=\"https:\/\/akurats.com\/lt\/galerija\/universitetas-turiba\/\">Universitetas Tur\u012bba<\/a><\/h5>\n\t\t\t<p><\/p>\n\t\t\t\t<p><a href=\"https:\/\/akurats.com\/lt\/galerija\/universitetas-turiba\/\" class=\"read-more  read-more--page-box\">Read more<\/a><\/p>\n\t\t<\/div>\n\t<\/div>\n\n<\/div><\/div><div id=\"pgc-2345-0-3\"  class=\"panel-grid-cell panel-grid-cell-empty\" ><\/div><div id=\"pgc-2345-0-4\"  class=\"panel-grid-cell panel-grid-cell-empty panel-grid-cell-mobile-last\" ><\/div><div id=\"pgc-2345-0-5\"  class=\"panel-grid-cell panel-grid-cell-empty\" ><\/div><\/div><\/div>","protected":false},"excerpt":{"rendered":"<p>Galerija Ryga 8 auk\u0161te terasa Read more Tikroji muziejus po atviru dangumi Read more Universitetas Tur\u012bba Read more<\/p>\n","protected":false},"author":1,"featured_media":0,"parent":0,"menu_order":0,"comment_status":"closed","ping_status":"closed","template":"","meta":[],"acf":[],"yoast_head":"<!-- This site is optimized with the Yoast SEO plugin v19.9 - https:\/\/yoast.com\/wordpress\/plugins\/seo\/ -->\n<title>Galerija - Ak\u016brats<\/title>\n<meta name=\"robots\" content=\"index, follow, max-snippet:-1, max-image-preview:large, max-video-preview:-1\" \/>\n<link rel=\"canonical\" href=\"https:\/\/akurats.com\/lt\/galerija\/\" \/>\n<script type=\"application\/ld+json\" class=\"yoast-schema-graph\">{\"@context\":\"https:\/\/schema.org\",\"@graph\":[{\"@type\":\"WebPage\",\"@id\":\"https:\/\/akurats.com\/lt\/galerija\/\",\"url\":\"https:\/\/akurats.com\/lt\/galerija\/\",\"name\":\"Galerija - Ak\u016brats\",\"isPartOf\":{\"@id\":\"https:\/\/akurats.com\/en\/#website\"},\"datePublished\":\"2015-10-15T07:59:20+00:00\",\"dateModified\":\"2015-10-15T08:15:42+00:00\",\"breadcrumb\":{\"@id\":\"https:\/\/akurats.com\/lt\/galerija\/#breadcrumb\"},\"inLanguage\":\"lt\",\"potentialAction\":[{\"@type\":\"ReadAction\",\"target\":[\"https:\/\/akurats.com\/lt\/galerija\/\"]}]},{\"@type\":\"BreadcrumbList\",\"@id\":\"https:\/\/akurats.com\/lt\/galerija\/#breadcrumb\",\"itemListElement\":[{\"@type\":\"ListItem\",\"position\":1,\"name\":\"Home\",\"item\":\"https:\/\/akurats.com\/lt\/\"},{\"@type\":\"ListItem\",\"position\":2,\"name\":\"Galerija\"}]},{\"@type\":\"WebSite\",\"@id\":\"https:\/\/akurats.com\/en\/#website\",\"url\":\"https:\/\/akurats.com\/en\/\",\"name\":\"Akur\u0101ts\",\"description\":\"rengini\u0173 \u012frangos paslaugos\",\"publisher\":{\"@id\":\"https:\/\/akurats.com\/en\/#organization\"},\"alternateName\":\"Event equipment service\",\"potentialAction\":[{\"@type\":\"SearchAction\",\"target\":{\"@type\":\"EntryPoint\",\"urlTemplate\":\"https:\/\/akurats.com\/en\/?s={search_term_string}\"},\"query-input\":\"required name=search_term_string\"}],\"inLanguage\":\"lt\"},{\"@type\":\"Organization\",\"@id\":\"https:\/\/akurats.com\/en\/#organization\",\"name\":\"Akur\u0101ts\",\"alternateName\":\"Event equipment service\",\"url\":\"https:\/\/akurats.com\/en\/\",\"logo\":{\"@type\":\"ImageObject\",\"inLanguage\":\"lt\",\"@id\":\"https:\/\/akurats.com\/en\/#\/schema\/logo\/image\/\",\"url\":\"https:\/\/akurats.com\/wp-content\/uploads\/2015\/06\/A_logo.png\",\"contentUrl\":\"https:\/\/akurats.com\/wp-content\/uploads\/2015\/06\/A_logo.png\",\"width\":77,\"height\":70,\"caption\":\"Akur\u0101ts\"},\"image\":{\"@id\":\"https:\/\/akurats.com\/en\/#\/schema\/logo\/image\/\"},\"sameAs\":[\"https:\/\/www.facebook.com\/AkuratsSIA\"]}]}<\/script>\n<!-- \/ Yoast SEO plugin. -->","yoast_head_json":{"title":"Galerija - Ak\u016brats","robots":{"index":"index","follow":"follow","max-snippet":"max-snippet:-1","max-image-preview":"max-image-preview:large","max-video-preview":"max-video-preview:-1"},"canonical":"https:\/\/akurats.com\/lt\/galerija\/","schema":{"@context":"https:\/\/schema.org","@graph":[{"@type":"WebPage","@id":"https:\/\/akurats.com\/lt\/galerija\/","url":"https:\/\/akurats.com\/lt\/galerija\/","name":"Galerija - Ak\u016brats","isPartOf":{"@id":"https:\/\/akurats.com\/en\/#website"},"datePublished":"2015-10-15T07:59:20+00:00","dateModified":"2015-10-15T08:15:42+00:00","breadcrumb":{"@id":"https:\/\/akurats.com\/lt\/galerija\/#breadcrumb"},"inLanguage":"lt","potentialAction":[{"@type":"ReadAction","target":["https:\/\/akurats.com\/lt\/galerija\/"]}]},{"@type":"BreadcrumbList","@id":"https:\/\/akurats.com\/lt\/galerija\/#breadcrumb","itemListElement":[{"@type":"ListItem","position":1,"name":"Home","item":"https:\/\/akurats.com\/lt\/"},{"@type":"ListItem","position":2,"name":"Galerija"}]},{"@type":"WebSite","@id":"https:\/\/akurats.com\/en\/#website","url":"https:\/\/akurats.com\/en\/","name":"Akur\u0101ts","description":"rengini\u0173 \u012frangos paslaugos","publisher":{"@id":"https:\/\/akurats.com\/en\/#organization"},"alternateName":"Event equipment service","potentialAction":[{"@type":"SearchAction","target":{"@type":"EntryPoint","urlTemplate":"https:\/\/akurats.com\/en\/?s={search_term_string}"},"query-input":"required name=search_term_string"}],"inLanguage":"lt"},{"@type":"Organization","@id":"https:\/\/akurats.com\/en\/#organization","name":"Akur\u0101ts","alternateName":"Event equipment service","url":"https:\/\/akurats.com\/en\/","logo":{"@type":"ImageObject","inLanguage":"lt","@id":"https:\/\/akurats.com\/en\/#\/schema\/logo\/image\/","url":"https:\/\/akurats.com\/wp-content\/uploads\/2015\/06\/A_logo.png","contentUrl":"https:\/\/akurats.com\/wp-content\/uploads\/2015\/06\/A_logo.png","width":77,"height":70,"caption":"Akur\u0101ts"},"image":{"@id":"https:\/\/akurats.com\/en\/#\/schema\/logo\/image\/"},"sameAs":["https:\/\/www.facebook.com\/AkuratsSIA"]}]}},"_links":{"self":[{"href":"https:\/\/akurats.com\/lt\/wp-json\/wp\/v2\/pages\/2345"}],"collection":[{"href":"https:\/\/akurats.com\/lt\/wp-json\/wp\/v2\/pages"}],"about":[{"href":"https:\/\/akurats.com\/lt\/wp-json\/wp\/v2\/types\/page"}],"author":[{"embeddable":true,"href":"https:\/\/akurats.com\/lt\/wp-json\/wp\/v2\/users\/1"}],"replies":[{"embeddable":true,"href":"https:\/\/akurats.com\/lt\/wp-json\/wp\/v2\/comments?post=2345"}],"version-history":[{"count":3,"href":"https:\/\/akurats.com\/lt\/wp-json\/wp\/v2\/pages\/2345\/revisions"}],"predecessor-version":[{"id":2372,"href":"https:\/\/akurats.com\/lt\/wp-json\/wp\/v2\/pages\/2345\/revisions\/2372"}],"wp:attachment":[{"href":"https:\/\/akurats.com\/lt\/wp-json\/wp\/v2\/media?parent=2345"}],"curies":[{"name":"wp","href":"https:\/\/api.w.org\/{rel}","templated":true}]}}