{"id":2332,"date":"2015-10-15T07:45:16","date_gmt":"2015-10-15T07:45:16","guid":{"rendered":"https:\/\/akurats.com\/lt\/?page_id=2332"},"modified":"2018-05-23T13:21:03","modified_gmt":"2018-05-23T13:21:03","slug":"sustatoma-scena","status":"publish","type":"page","link":"https:\/\/akurats.com\/lt\/iranga\/sustatoma-scena\/","title":{"rendered":"\u0421\u043a\u043b\u0430\u0434\u043d\u0430\u044f \u0441\u0446\u0435\u043d\u0430"},"content":{"rendered":"<div id=\"pl-2332\"  class=\"panel-layout\" ><div id=\"pg-2332-0\"  class=\"panel-grid panel-no-style\" ><div id=\"pgc-2332-0-0\"  class=\"panel-grid-cell\" ><div id=\"panel-2332-0-0-0\" class=\"so-panel widget widget_black-studio-tinymce widget_black_studio_tinymce panel-first-child panel-last-child\" data-index=\"0\" ><div class=\"textwidget\"><p><img src=\"https:\/\/akurats.com\/wp-content\/uploads\/2015\/07\/saliekama-skatuve.jpg\" alt=\"saliekama-skatuve\" width=\"500\" height=\"302\" class=\"aligncenter size-full wp-image-1386\" \/><\/p>\n<\/div><\/div><\/div><div id=\"pgc-2332-0-1\"  class=\"panel-grid-cell\" ><div id=\"panel-2332-0-1-0\" class=\"so-panel widget widget_black-studio-tinymce widget_black_studio_tinymce panel-first-child panel-last-child\" data-index=\"1\" ><div class=\"textwidget\"><table class=\"table\">\n<thead>\n<tr class=\"active\">\n<th colspan=\"2\"><center>Techniniai parametrai<\/center><\/th>\n<\/tr>\n<\/thead>\n<tbody>\n<tr>\n<td>Matmenys<\/td>\n<td>nuo 3m x 2m iki 7m x 5m<\/td>\n<\/tr>\n<tr>\n<td>Plotas<\/td>\n<td>nuo 6 kv.m iki 35 kv.m<\/td>\n<\/tr>\n<tr>\n<td>Galima konfig\u016bracija<\/td>\n<td>sta\u010diakampis, kvadratas, T, L arba U formos su laipteliais<\/td>\n<\/tr>\n<tr>\n<td>Spalva<\/td>\n<td>tamsiai ruda<\/td>\n<\/tr>\n<tr>\n<td>Keliamoji galia<\/td>\n<td>750 kg\/kv.m.<\/td>\n<\/tr>\n<tr>\n<td>Auk\u0161tis<\/td>\n<td>nuo 63cm iki 83cm<\/td>\n<\/tr>\n<\/tbody>\n<\/table>\n<\/div><\/div><\/div><\/div><div id=\"pg-2332-1\"  class=\"panel-grid panel-no-style\" ><div id=\"pgc-2332-1-0\"  class=\"panel-grid-cell\" ><div id=\"panel-2332-1-0-0\" class=\"so-panel widget widget_black-studio-tinymce widget_black_studio_tinymce panel-first-child panel-last-child\" data-index=\"2\" ><div class=\"textwidget\"><\/div><\/div><\/div><\/div><\/div>","protected":false},"excerpt":{"rendered":"<p>Techniniai parametrai Matmenys nuo 3m x 2m iki 7m x 5m Plotas nuo 6 kv.m iki 35 kv.m Galima konfig\u016bracija sta\u010diakampis, kvadratas, T, L arba U formos su laipteliais Spalva tamsiai ruda Keliamoji galia 750 kg\/kv.m. Auk\u0161tis nuo 63cm iki 83cm<\/p>\n","protected":false},"author":1,"featured_media":1390,"parent":2159,"menu_order":0,"comment_status":"closed","ping_status":"closed","template":"","meta":[],"acf":[],"yoast_head":"<!-- This site is optimized with the Yoast SEO plugin v19.9 - https:\/\/yoast.com\/wordpress\/plugins\/seo\/ -->\n<title>\u0421\u043a\u043b\u0430\u0434\u043d\u0430\u044f \u0441\u0446\u0435\u043d\u0430 - Ak\u016brats<\/title>\n<meta name=\"robots\" content=\"index, follow, max-snippet:-1, max-image-preview:large, max-video-preview:-1\" \/>\n<link rel=\"canonical\" href=\"https:\/\/akurats.com\/lt\/iranga\/sustatoma-scena\/\" \/>\n<script type=\"application\/ld+json\" class=\"yoast-schema-graph\">{\"@context\":\"https:\/\/schema.org\",\"@graph\":[{\"@type\":\"WebPage\",\"@id\":\"https:\/\/akurats.com\/lt\/iranga\/sustatoma-scena\/\",\"url\":\"https:\/\/akurats.com\/lt\/iranga\/sustatoma-scena\/\",\"name\":\"\u0421\u043a\u043b\u0430\u0434\u043d\u0430\u044f \u0441\u0446\u0435\u043d\u0430 - Ak\u016brats\",\"isPartOf\":{\"@id\":\"https:\/\/akurats.com\/en\/#website\"},\"datePublished\":\"2015-10-15T07:45:16+00:00\",\"dateModified\":\"2018-05-23T13:21:03+00:00\",\"breadcrumb\":{\"@id\":\"https:\/\/akurats.com\/lt\/iranga\/sustatoma-scena\/#breadcrumb\"},\"inLanguage\":\"lt\",\"potentialAction\":[{\"@type\":\"ReadAction\",\"target\":[\"https:\/\/akurats.com\/lt\/iranga\/sustatoma-scena\/\"]}]},{\"@type\":\"BreadcrumbList\",\"@id\":\"https:\/\/akurats.com\/lt\/iranga\/sustatoma-scena\/#breadcrumb\",\"itemListElement\":[{\"@type\":\"ListItem\",\"position\":1,\"name\":\"Home\",\"item\":\"https:\/\/akurats.com\/lt\/\"},{\"@type\":\"ListItem\",\"position\":2,\"name\":\"\u012eranga\",\"item\":\"https:\/\/akurats.com\/lt\/iranga\/\"},{\"@type\":\"ListItem\",\"position\":3,\"name\":\"\u0421\u043a\u043b\u0430\u0434\u043d\u0430\u044f \u0441\u0446\u0435\u043d\u0430\"}]},{\"@type\":\"WebSite\",\"@id\":\"https:\/\/akurats.com\/en\/#website\",\"url\":\"https:\/\/akurats.com\/en\/\",\"name\":\"Akur\u0101ts\",\"description\":\"rengini\u0173 \u012frangos paslaugos\",\"publisher\":{\"@id\":\"https:\/\/akurats.com\/en\/#organization\"},\"alternateName\":\"Event equipment service\",\"potentialAction\":[{\"@type\":\"SearchAction\",\"target\":{\"@type\":\"EntryPoint\",\"urlTemplate\":\"https:\/\/akurats.com\/en\/?s={search_term_string}\"},\"query-input\":\"required name=search_term_string\"}],\"inLanguage\":\"lt\"},{\"@type\":\"Organization\",\"@id\":\"https:\/\/akurats.com\/en\/#organization\",\"name\":\"Akur\u0101ts\",\"alternateName\":\"Event equipment service\",\"url\":\"https:\/\/akurats.com\/en\/\",\"logo\":{\"@type\":\"ImageObject\",\"inLanguage\":\"lt\",\"@id\":\"https:\/\/akurats.com\/en\/#\/schema\/logo\/image\/\",\"url\":\"https:\/\/akurats.com\/wp-content\/uploads\/2015\/06\/A_logo.png\",\"contentUrl\":\"https:\/\/akurats.com\/wp-content\/uploads\/2015\/06\/A_logo.png\",\"width\":77,\"height\":70,\"caption\":\"Akur\u0101ts\"},\"image\":{\"@id\":\"https:\/\/akurats.com\/en\/#\/schema\/logo\/image\/\"},\"sameAs\":[\"https:\/\/www.facebook.com\/AkuratsSIA\"]}]}<\/script>\n<!-- \/ Yoast SEO plugin. -->","yoast_head_json":{"title":"\u0421\u043a\u043b\u0430\u0434\u043d\u0430\u044f \u0441\u0446\u0435\u043d\u0430 - Ak\u016brats","robots":{"index":"index","follow":"follow","max-snippet":"max-snippet:-1","max-image-preview":"max-image-preview:large","max-video-preview":"max-video-preview:-1"},"canonical":"https:\/\/akurats.com\/lt\/iranga\/sustatoma-scena\/","schema":{"@context":"https:\/\/schema.org","@graph":[{"@type":"WebPage","@id":"https:\/\/akurats.com\/lt\/iranga\/sustatoma-scena\/","url":"https:\/\/akurats.com\/lt\/iranga\/sustatoma-scena\/","name":"\u0421\u043a\u043b\u0430\u0434\u043d\u0430\u044f \u0441\u0446\u0435\u043d\u0430 - Ak\u016brats","isPartOf":{"@id":"https:\/\/akurats.com\/en\/#website"},"datePublished":"2015-10-15T07:45:16+00:00","dateModified":"2018-05-23T13:21:03+00:00","breadcrumb":{"@id":"https:\/\/akurats.com\/lt\/iranga\/sustatoma-scena\/#breadcrumb"},"inLanguage":"lt","potentialAction":[{"@type":"ReadAction","target":["https:\/\/akurats.com\/lt\/iranga\/sustatoma-scena\/"]}]},{"@type":"BreadcrumbList","@id":"https:\/\/akurats.com\/lt\/iranga\/sustatoma-scena\/#breadcrumb","itemListElement":[{"@type":"ListItem","position":1,"name":"Home","item":"https:\/\/akurats.com\/lt\/"},{"@type":"ListItem","position":2,"name":"\u012eranga","item":"https:\/\/akurats.com\/lt\/iranga\/"},{"@type":"ListItem","position":3,"name":"\u0421\u043a\u043b\u0430\u0434\u043d\u0430\u044f \u0441\u0446\u0435\u043d\u0430"}]},{"@type":"WebSite","@id":"https:\/\/akurats.com\/en\/#website","url":"https:\/\/akurats.com\/en\/","name":"Akur\u0101ts","description":"rengini\u0173 \u012frangos paslaugos","publisher":{"@id":"https:\/\/akurats.com\/en\/#organization"},"alternateName":"Event equipment service","potentialAction":[{"@type":"SearchAction","target":{"@type":"EntryPoint","urlTemplate":"https:\/\/akurats.com\/en\/?s={search_term_string}"},"query-input":"required name=search_term_string"}],"inLanguage":"lt"},{"@type":"Organization","@id":"https:\/\/akurats.com\/en\/#organization","name":"Akur\u0101ts","alternateName":"Event equipment service","url":"https:\/\/akurats.com\/en\/","logo":{"@type":"ImageObject","inLanguage":"lt","@id":"https:\/\/akurats.com\/en\/#\/schema\/logo\/image\/","url":"https:\/\/akurats.com\/wp-content\/uploads\/2015\/06\/A_logo.png","contentUrl":"https:\/\/akurats.com\/wp-content\/uploads\/2015\/06\/A_logo.png","width":77,"height":70,"caption":"Akur\u0101ts"},"image":{"@id":"https:\/\/akurats.com\/en\/#\/schema\/logo\/image\/"},"sameAs":["https:\/\/www.facebook.com\/AkuratsSIA"]}]}},"_links":{"self":[{"href":"https:\/\/akurats.com\/lt\/wp-json\/wp\/v2\/pages\/2332"}],"collection":[{"href":"https:\/\/akurats.com\/lt\/wp-json\/wp\/v2\/pages"}],"about":[{"href":"https:\/\/akurats.com\/lt\/wp-json\/wp\/v2\/types\/page"}],"author":[{"embeddable":true,"href":"https:\/\/akurats.com\/lt\/wp-json\/wp\/v2\/users\/1"}],"replies":[{"embeddable":true,"href":"https:\/\/akurats.com\/lt\/wp-json\/wp\/v2\/comments?post=2332"}],"version-history":[{"count":2,"href":"https:\/\/akurats.com\/lt\/wp-json\/wp\/v2\/pages\/2332\/revisions"}],"predecessor-version":[{"id":3454,"href":"https:\/\/akurats.com\/lt\/wp-json\/wp\/v2\/pages\/2332\/revisions\/3454"}],"up":[{"embeddable":true,"href":"https:\/\/akurats.com\/lt\/wp-json\/wp\/v2\/pages\/2159"}],"wp:featuredmedia":[{"embeddable":true,"href":"https:\/\/akurats.com\/lt\/wp-json\/wp\/v2\/media\/1390"}],"wp:attachment":[{"href":"https:\/\/akurats.com\/lt\/wp-json\/wp\/v2\/media?parent=2332"}],"curies":[{"name":"wp","href":"https:\/\/api.w.org\/{rel}","templated":true}]}}