{"id":2315,"date":"2015-10-15T07:15:15","date_gmt":"2015-10-15T07:15:15","guid":{"rendered":"https:\/\/akurats.com\/lt\/?page_id=2315"},"modified":"2018-05-23T13:16:52","modified_gmt":"2018-05-23T13:16:52","slug":"apsvietimo-lempos","status":"publish","type":"page","link":"https:\/\/akurats.com\/lt\/iranga\/apsvietimo-lempos\/","title":{"rendered":"\u041b\u0430\u043c\u043f\u044b \u043e\u0441\u0432\u0435\u0449\u0435\u043d\u0438\u044f"},"content":{"rendered":"<div id=\"pl-2315\"  class=\"panel-layout\" ><div id=\"pg-2315-0\"  class=\"panel-grid panel-no-style\" ><div id=\"pgc-2315-0-0\"  class=\"panel-grid-cell\" ><div id=\"panel-2315-0-0-0\" class=\"so-panel widget widget_black-studio-tinymce widget_black_studio_tinymce panel-first-child panel-last-child\" data-index=\"0\" ><div class=\"textwidget\"><p><a href=\"https:\/\/akurats.com\/wp-content\/uploads\/2015\/07\/apgaismes_lampas.jpg\"><img src=\"https:\/\/akurats.com\/wp-content\/uploads\/2015\/07\/apgaismes_lampas-300x200.jpg\" alt=\"apgaismes_lampas\" width=\"300\" height=\"200\" class=\"aligncenter size-thumbnail wp-image-1360\" \/><\/a><\/p>\n<\/div><\/div><\/div><div id=\"pgc-2315-0-1\"  class=\"panel-grid-cell\" ><div id=\"panel-2315-0-1-0\" class=\"so-panel widget widget_black-studio-tinymce widget_black_studio_tinymce panel-first-child panel-last-child\" data-index=\"1\" ><div class=\"textwidget\"><p><strong>Montavimas<\/strong><br \/>\nKlientas privalo u\u017etikrinti elektros tiekim\u0105 iki palapin\u0117s. Jei elektros \u0161altinis neprieinamas, si\u016blome i\u0161sinuomoti elektros generatori\u0173. Ap\u0161vietimo lemp\u0173 ir elektros kabeli\u0173 montavim\u0105 ir i\u0161montavim\u0105 atlieka SIA Akur\u0101ts montuotojai.<\/p>\n<\/div><\/div><\/div><\/div><div id=\"pg-2315-1\"  class=\"panel-grid panel-no-style\" ><div id=\"pgc-2315-1-0\"  class=\"panel-grid-cell\" ><div id=\"panel-2315-1-0-0\" class=\"so-panel widget widget_black-studio-tinymce widget_black_studio_tinymce panel-first-child panel-last-child\" data-index=\"2\" ><div class=\"textwidget\"><table class=\"table\">\n<thead>\n<tr class=\"active\">\n<th colspan=\"2\"><center>Techniniai parametrai<\/center><\/th>\n<\/tr>\n<\/thead>\n<tbody>\n<tr>\n<td>Tipas<\/td>\n<td>dienos \u0161viesa<\/td>\n<\/tr>\n<tr>\n<td>Lempos ilgis<\/td>\n<td>1200mm<\/td>\n<\/tr>\n<tr>\n<td>Lempos plotis<\/td>\n<td>100mm<\/td>\n<\/tr>\n<tr>\n<td>Med\u017eiaga<\/td>\n<td>PVH<\/td>\n<\/tr>\n<tr>\n<td>Galingumas<\/td>\n<td>36W<\/td>\n<\/tr>\n<tr>\n<td>Elektrin\u0117 \u012ftampa<\/td>\n<td>220V<\/td>\n<\/tr>\n<tr>\n<td>Spalva<\/td>\n<td>\u0161viesiai pilka<\/td>\n<\/tr>\n<tr>\n<td>Svoris<\/td>\n<td>2800g<\/td>\n<\/tr>\n<\/tbody>\n<\/table>\n<p>I\u0161sirenkant ap\u0161vietim\u0105 palapin\u0117je, reikia tur\u0117ti omenyje, kad viena tokia dienos \u0161viesos tipo lempa u\u017etektinai gerai ap\u0161vies apytikriai 10m2 plot\u0105.<\/p>\n<\/div><\/div><\/div><\/div><\/div>","protected":false},"excerpt":{"rendered":"<p>Montavimas Klientas privalo u\u017etikrinti elektros tiekim\u0105 iki palapin\u0117s. Jei elektros \u0161altinis neprieinamas, si\u016blome i\u0161sinuomoti elektros generatori\u0173. Ap\u0161vietimo lemp\u0173 ir elektros kabeli\u0173 montavim\u0105 ir i\u0161montavim\u0105 atlieka SIA Akur\u0101ts montuotojai. Techniniai parametrai Tipas dienos \u0161viesa Lempos ilgis 1200mm Lempos plotis 100mm Med\u017eiaga PVH Galingumas 36W Elektrin\u0117 \u012ftampa 220V Spalva \u0161viesiai pilka Svoris 2800g I\u0161sirenkant ap\u0161vietim\u0105 palapin\u0117je, reikia &hellip;<\/p>\n","protected":false},"author":1,"featured_media":6701,"parent":2159,"menu_order":0,"comment_status":"closed","ping_status":"closed","template":"","meta":[],"acf":[],"yoast_head":"<!-- This site is optimized with the Yoast SEO plugin v19.9 - https:\/\/yoast.com\/wordpress\/plugins\/seo\/ -->\n<title>\u041b\u0430\u043c\u043f\u044b \u043e\u0441\u0432\u0435\u0449\u0435\u043d\u0438\u044f - Ak\u016brats<\/title>\n<meta name=\"robots\" content=\"index, follow, max-snippet:-1, max-image-preview:large, max-video-preview:-1\" \/>\n<link rel=\"canonical\" href=\"https:\/\/akurats.com\/lt\/iranga\/apsvietimo-lempos\/\" \/>\n<script type=\"application\/ld+json\" class=\"yoast-schema-graph\">{\"@context\":\"https:\/\/schema.org\",\"@graph\":[{\"@type\":\"WebPage\",\"@id\":\"https:\/\/akurats.com\/lt\/iranga\/apsvietimo-lempos\/\",\"url\":\"https:\/\/akurats.com\/lt\/iranga\/apsvietimo-lempos\/\",\"name\":\"\u041b\u0430\u043c\u043f\u044b \u043e\u0441\u0432\u0435\u0449\u0435\u043d\u0438\u044f - Ak\u016brats\",\"isPartOf\":{\"@id\":\"https:\/\/akurats.com\/en\/#website\"},\"datePublished\":\"2015-10-15T07:15:15+00:00\",\"dateModified\":\"2018-05-23T13:16:52+00:00\",\"breadcrumb\":{\"@id\":\"https:\/\/akurats.com\/lt\/iranga\/apsvietimo-lempos\/#breadcrumb\"},\"inLanguage\":\"lt\",\"potentialAction\":[{\"@type\":\"ReadAction\",\"target\":[\"https:\/\/akurats.com\/lt\/iranga\/apsvietimo-lempos\/\"]}]},{\"@type\":\"BreadcrumbList\",\"@id\":\"https:\/\/akurats.com\/lt\/iranga\/apsvietimo-lempos\/#breadcrumb\",\"itemListElement\":[{\"@type\":\"ListItem\",\"position\":1,\"name\":\"Home\",\"item\":\"https:\/\/akurats.com\/lt\/\"},{\"@type\":\"ListItem\",\"position\":2,\"name\":\"\u012eranga\",\"item\":\"https:\/\/akurats.com\/lt\/iranga\/\"},{\"@type\":\"ListItem\",\"position\":3,\"name\":\"\u041b\u0430\u043c\u043f\u044b \u043e\u0441\u0432\u0435\u0449\u0435\u043d\u0438\u044f\"}]},{\"@type\":\"WebSite\",\"@id\":\"https:\/\/akurats.com\/en\/#website\",\"url\":\"https:\/\/akurats.com\/en\/\",\"name\":\"Akur\u0101ts\",\"description\":\"rengini\u0173 \u012frangos paslaugos\",\"publisher\":{\"@id\":\"https:\/\/akurats.com\/en\/#organization\"},\"alternateName\":\"Event equipment service\",\"potentialAction\":[{\"@type\":\"SearchAction\",\"target\":{\"@type\":\"EntryPoint\",\"urlTemplate\":\"https:\/\/akurats.com\/en\/?s={search_term_string}\"},\"query-input\":\"required name=search_term_string\"}],\"inLanguage\":\"lt\"},{\"@type\":\"Organization\",\"@id\":\"https:\/\/akurats.com\/en\/#organization\",\"name\":\"Akur\u0101ts\",\"alternateName\":\"Event equipment service\",\"url\":\"https:\/\/akurats.com\/en\/\",\"logo\":{\"@type\":\"ImageObject\",\"inLanguage\":\"lt\",\"@id\":\"https:\/\/akurats.com\/en\/#\/schema\/logo\/image\/\",\"url\":\"https:\/\/akurats.com\/wp-content\/uploads\/2015\/06\/A_logo.png\",\"contentUrl\":\"https:\/\/akurats.com\/wp-content\/uploads\/2015\/06\/A_logo.png\",\"width\":77,\"height\":70,\"caption\":\"Akur\u0101ts\"},\"image\":{\"@id\":\"https:\/\/akurats.com\/en\/#\/schema\/logo\/image\/\"},\"sameAs\":[\"https:\/\/www.facebook.com\/AkuratsSIA\"]}]}<\/script>\n<!-- \/ Yoast SEO plugin. -->","yoast_head_json":{"title":"\u041b\u0430\u043c\u043f\u044b \u043e\u0441\u0432\u0435\u0449\u0435\u043d\u0438\u044f - Ak\u016brats","robots":{"index":"index","follow":"follow","max-snippet":"max-snippet:-1","max-image-preview":"max-image-preview:large","max-video-preview":"max-video-preview:-1"},"canonical":"https:\/\/akurats.com\/lt\/iranga\/apsvietimo-lempos\/","schema":{"@context":"https:\/\/schema.org","@graph":[{"@type":"WebPage","@id":"https:\/\/akurats.com\/lt\/iranga\/apsvietimo-lempos\/","url":"https:\/\/akurats.com\/lt\/iranga\/apsvietimo-lempos\/","name":"\u041b\u0430\u043c\u043f\u044b \u043e\u0441\u0432\u0435\u0449\u0435\u043d\u0438\u044f - Ak\u016brats","isPartOf":{"@id":"https:\/\/akurats.com\/en\/#website"},"datePublished":"2015-10-15T07:15:15+00:00","dateModified":"2018-05-23T13:16:52+00:00","breadcrumb":{"@id":"https:\/\/akurats.com\/lt\/iranga\/apsvietimo-lempos\/#breadcrumb"},"inLanguage":"lt","potentialAction":[{"@type":"ReadAction","target":["https:\/\/akurats.com\/lt\/iranga\/apsvietimo-lempos\/"]}]},{"@type":"BreadcrumbList","@id":"https:\/\/akurats.com\/lt\/iranga\/apsvietimo-lempos\/#breadcrumb","itemListElement":[{"@type":"ListItem","position":1,"name":"Home","item":"https:\/\/akurats.com\/lt\/"},{"@type":"ListItem","position":2,"name":"\u012eranga","item":"https:\/\/akurats.com\/lt\/iranga\/"},{"@type":"ListItem","position":3,"name":"\u041b\u0430\u043c\u043f\u044b \u043e\u0441\u0432\u0435\u0449\u0435\u043d\u0438\u044f"}]},{"@type":"WebSite","@id":"https:\/\/akurats.com\/en\/#website","url":"https:\/\/akurats.com\/en\/","name":"Akur\u0101ts","description":"rengini\u0173 \u012frangos paslaugos","publisher":{"@id":"https:\/\/akurats.com\/en\/#organization"},"alternateName":"Event equipment service","potentialAction":[{"@type":"SearchAction","target":{"@type":"EntryPoint","urlTemplate":"https:\/\/akurats.com\/en\/?s={search_term_string}"},"query-input":"required name=search_term_string"}],"inLanguage":"lt"},{"@type":"Organization","@id":"https:\/\/akurats.com\/en\/#organization","name":"Akur\u0101ts","alternateName":"Event equipment service","url":"https:\/\/akurats.com\/en\/","logo":{"@type":"ImageObject","inLanguage":"lt","@id":"https:\/\/akurats.com\/en\/#\/schema\/logo\/image\/","url":"https:\/\/akurats.com\/wp-content\/uploads\/2015\/06\/A_logo.png","contentUrl":"https:\/\/akurats.com\/wp-content\/uploads\/2015\/06\/A_logo.png","width":77,"height":70,"caption":"Akur\u0101ts"},"image":{"@id":"https:\/\/akurats.com\/en\/#\/schema\/logo\/image\/"},"sameAs":["https:\/\/www.facebook.com\/AkuratsSIA"]}]}},"_links":{"self":[{"href":"https:\/\/akurats.com\/lt\/wp-json\/wp\/v2\/pages\/2315"}],"collection":[{"href":"https:\/\/akurats.com\/lt\/wp-json\/wp\/v2\/pages"}],"about":[{"href":"https:\/\/akurats.com\/lt\/wp-json\/wp\/v2\/types\/page"}],"author":[{"embeddable":true,"href":"https:\/\/akurats.com\/lt\/wp-json\/wp\/v2\/users\/1"}],"replies":[{"embeddable":true,"href":"https:\/\/akurats.com\/lt\/wp-json\/wp\/v2\/comments?post=2315"}],"version-history":[{"count":2,"href":"https:\/\/akurats.com\/lt\/wp-json\/wp\/v2\/pages\/2315\/revisions"}],"predecessor-version":[{"id":3450,"href":"https:\/\/akurats.com\/lt\/wp-json\/wp\/v2\/pages\/2315\/revisions\/3450"}],"up":[{"embeddable":true,"href":"https:\/\/akurats.com\/lt\/wp-json\/wp\/v2\/pages\/2159"}],"wp:featuredmedia":[{"embeddable":true,"href":"https:\/\/akurats.com\/lt\/wp-json\/wp\/v2\/media\/6701"}],"wp:attachment":[{"href":"https:\/\/akurats.com\/lt\/wp-json\/wp\/v2\/media?parent=2315"}],"curies":[{"name":"wp","href":"https:\/\/api.w.org\/{rel}","templated":true}]}}