{"id":2301,"date":"2015-10-15T06:40:25","date_gmt":"2015-10-15T06:40:25","guid":{"rendered":"https:\/\/akurats.com\/lt\/?page_id=2301"},"modified":"2018-05-23T13:17:48","modified_gmt":"2018-05-23T13:17:48","slug":"sildytuvai-nuoma","status":"publish","type":"page","link":"https:\/\/akurats.com\/lt\/iranga\/sildytuvai-nuoma\/","title":{"rendered":"\u041e\u0431\u043e\u0433\u0440\u0435\u0432\u0430\u0442\u0435\u043b\u0438"},"content":{"rendered":"<div id=\"pl-2301\"  class=\"panel-layout\" ><div id=\"pg-2301-0\"  class=\"panel-grid panel-no-style\" ><div id=\"pgc-2301-0-0\"  class=\"panel-grid-cell\" ><div id=\"panel-2301-0-0-0\" class=\"so-panel widget widget_black-studio-tinymce widget_black_studio_tinymce panel-first-child panel-last-child\" data-index=\"0\" ><div class=\"textwidget\"><p><a href=\"https:\/\/akurats.com\/wp-content\/uploads\/2015\/07\/gazes-silditaji-1.jpg\"><img src=\"https:\/\/akurats.com\/wp-content\/uploads\/2015\/07\/gazes-silditaji-1-300x200.jpg\" alt=\"gazes-silditaji-1\" width=\"300\" height=\"200\" class=\"aligncenter size-thumbnail wp-image-1343\" \/><\/a><\/p>\n<\/div><\/div><\/div><div id=\"pgc-2301-0-1\"  class=\"panel-grid-cell\" ><div id=\"panel-2301-0-1-0\" class=\"so-panel widget widget_black-studio-tinymce widget_black_studio_tinymce panel-first-child panel-last-child\" data-index=\"1\" ><div class=\"textwidget\"><p><a href=\"https:\/\/akurats.com\/wp-content\/uploads\/2015\/07\/gazes-silditaji-2.jpg\"><img src=\"https:\/\/akurats.com\/wp-content\/uploads\/2015\/07\/gazes-silditaji-2-278x200.jpg\" alt=\"gazes-silditaji-2\" width=\"278\" height=\"200\" class=\"aligncenter size-thumbnail wp-image-1348\" \/><\/a><\/p>\n<\/div><\/div><\/div><div id=\"pgc-2301-0-2\"  class=\"panel-grid-cell\" ><div id=\"panel-2301-0-2-0\" class=\"so-panel widget widget_black-studio-tinymce widget_black_studio_tinymce panel-first-child panel-last-child\" data-index=\"2\" ><div class=\"textwidget\"><p><a href=\"https:\/\/akurats.com\/wp-content\/uploads\/2015\/07\/gazes-silditaji-3.jpg\"><img src=\"https:\/\/akurats.com\/wp-content\/uploads\/2015\/07\/gazes-silditaji-3-300x200.jpg\" alt=\"gazes-silditaji-3\" width=\"300\" height=\"200\" class=\"aligncenter size-thumbnail wp-image-1353\" \/><\/a><\/p>\n<\/div><\/div><\/div><\/div><div id=\"pg-2301-1\"  class=\"panel-grid panel-no-style\" ><div id=\"pgc-2301-1-0\"  class=\"panel-grid-cell\" ><div id=\"panel-2301-1-0-0\" class=\"so-panel widget widget_black-studio-tinymce widget_black_studio_tinymce panel-first-child panel-last-child\" data-index=\"3\" ><div class=\"textwidget\"><table class=\"table\">\n<thead>\n<tr class=\"active\">\n<th colspan=\"2\"><center>Techniniai parametrai<\/center><\/th>\n<\/tr>\n<\/thead>\n<tbody>\n<tr>\n<td>Matmenys<\/td>\n<td>78cm diametro x 230cm auk\u0161\u010dio<\/td>\n<\/tr>\n<tr>\n<td>Svoris<\/td>\n<td>13kg (be duj\u0173 balono)<\/td>\n<\/tr>\n<tr>\n<td>Galingumas<\/td>\n<td>13KW<\/td>\n<\/tr>\n<tr>\n<td>Ap\u0161ildomas plotas<\/td>\n<td>20m\u00b2<\/td>\n<\/tr>\n<tr>\n<td>Duj\u0173 s\u0105naudos<\/td>\n<td>10h (maksimalus re\u017eimas)<\/td>\n<\/tr>\n<tr>\n<td>Duj\u0173 balono talpa<\/td>\n<td>27L<\/td>\n<\/tr>\n<tr>\n<td>Duj\u0173 sud\u0117tis<\/td>\n<td>propano dujos<\/td>\n<\/tr>\n<tr>\n<td>Spalva<\/td>\n<td>metalin\u0117<\/td>\n<\/tr>\n<\/tbody>\n<\/table>\n<p>Jei pageidaujate ap\u0161ildyti palapin\u0119, tur\u0117kite omenyje, kad vienas dujinis \u0161ildymo \u017eibintas skirtas apytikriai 20m2 ploto ap\u0161ildymui.<\/p>\n<p><strong>Montavimas ir\u00a0Pristatymas<\/strong><br \/>\nDujini\u0173 terasini\u0173 \u0161ildytuv\u0173 montavim\u0105 ir i\u0161montavim\u0105, o taip pat pirmo balono prijungim\u0105 atlieka SIA Akur\u0101ts darbuotojai. Kiekvieno sekan\u010dio balono keitim\u0105 ir prijungim\u0105 atlieka pats klientas. Propano duj\u0173 balonas \u012fstatomas \u0161ildytuvo pagrinde.<br \/>\nDuj\u0173 balon\u0173 montavimas atliekamas pagal MK 1998 met\u0173 sausio 20 d. taisykles Nr. 23.<\/p>\n<p><strong>Naudojimo taisykl\u0117s<\/strong><\/p>\n<ul>\n<li>\u0160ildytuv\u0105 draud\u017eiama naudoti gyvenamose, biuro arba pana\u0161iose patalpose<\/li>\n<li>\u0160ildytuv\u0105 galima naudoti tik ap\u0161ildymui<\/li>\n<li>\u0160ildytuv\u0105 reikia pastatyti ant lygaus ir stabilaus pavir\u0161iaus<\/li>\n<li>Duj\u0173 balonus reikia saugoti nuo tiesiogini\u0173 saul\u0117s spinduli\u0173<\/li>\n<li>\u0160ildytuv\u0105 reikia pastatyti bent dviej\u0173 metr\u0173 atstumu nuo vis\u0173 r\u016b\u0161i\u0173 degi\u0173 med\u017eiag\u0173<\/li>\n<li>Po duj\u0173 balono keitimo reikia patikrinti sujungimo hermeti\u0161kum\u0105<\/li>\n<li>Hermeti\u0161kumo patikrinim\u0105 kategori\u0161kai draud\u017eiama atlikti atvira liepsna<\/li>\n<li>Draud\u017eiama savavali\u0161kai i\u0161ardyti dujin\u012f \u0161ildytuv\u0105<\/li>\n<li>Nutraukiant naudoti \u0161ildytuv\u0105, o taip pat \u0161ildytuvui sugedus nedelsiant reikia u\u017edaryti duj\u0173 balono ventil\u012f<\/li>\n<li>Prie\u0161 perkeliant \u0161ildytuv\u0105 j\u012f reikia i\u0161jungti ir duj\u0173 balon\u0105 i\u0161imti<\/li>\n<li>Sugedus \u0161ildytuvui b\u016btina informuoti SIA Akur\u0101ts darbuotojus telefonu: 26338888<\/li>\n<li>Esant duj\u0173 balono pa\u017eeidimui informuokite gelb\u0117jimo tarnyb\u0105 telefonu 112<\/li>\n<\/ul>\n<p><strong>Dujini\u0173 \u0161ildytuv\u0173 \u012fjungimas<\/strong><\/p>\n<ul>\n<li>Atsukite duj\u0173 balono ventil\u012f<\/li>\n<li>Reguliavimo mygtuk\u0105 sureguliuokite \u012f minimali\u0105 liepsn\u0105 ir laikykite paspaust\u0105, kartu kelis kartus paspausdami u\u017edegimo mygtuk\u0105<\/li>\n<li>Po u\u017esidegimo 10 sekund\u017ei\u0173 laikykite paspaust\u0105 u\u017edegimo mygtuk\u0105<\/li>\n<li>Jei \u0161ildytuvas neu\u017esideg\u0117 per 3 sekundes, kartotinai degti galima ne grei\u010diau, kaip po 2 minu\u010di\u0173.<\/li>\n<li>Liepsn\u0105 reguliuoti l\u0117tai ir tolygiai<\/li>\n<li>Baig\u0119 \u0161ildytuvo naudojim\u0105 visuomet u\u017esukite duj\u0173 balono ventil\u012f<\/li>\n<\/ul>\n<\/div><\/div><\/div><\/div><\/div>","protected":false},"excerpt":{"rendered":"<p>Techniniai parametrai Matmenys 78cm diametro x 230cm auk\u0161\u010dio Svoris 13kg (be duj\u0173 balono) Galingumas 13KW Ap\u0161ildomas plotas 20m\u00b2 Duj\u0173 s\u0105naudos 10h (maksimalus re\u017eimas) Duj\u0173 balono talpa 27L Duj\u0173 sud\u0117tis propano dujos Spalva metalin\u0117 Jei pageidaujate ap\u0161ildyti palapin\u0119, tur\u0117kite omenyje, kad vienas dujinis \u0161ildymo \u017eibintas skirtas apytikriai 20m2 ploto ap\u0161ildymui. Montavimas ir\u00a0Pristatymas Dujini\u0173 terasini\u0173 \u0161ildytuv\u0173 montavim\u0105 &hellip;<\/p>\n","protected":false},"author":1,"featured_media":1357,"parent":2159,"menu_order":0,"comment_status":"closed","ping_status":"closed","template":"","meta":[],"acf":[],"yoast_head":"<!-- This site is optimized with the Yoast SEO plugin v19.9 - https:\/\/yoast.com\/wordpress\/plugins\/seo\/ -->\n<title>\u041e\u0431\u043e\u0433\u0440\u0435\u0432\u0430\u0442\u0435\u043b\u0438 - Ak\u016brats<\/title>\n<meta name=\"robots\" content=\"index, follow, max-snippet:-1, max-image-preview:large, max-video-preview:-1\" \/>\n<link rel=\"canonical\" href=\"https:\/\/akurats.com\/lt\/iranga\/sildytuvai-nuoma\/\" \/>\n<meta name=\"twitter:label1\" content=\"Est. reading time\" \/>\n\t<meta name=\"twitter:data1\" content=\"1 minute\" \/>\n<script type=\"application\/ld+json\" class=\"yoast-schema-graph\">{\"@context\":\"https:\/\/schema.org\",\"@graph\":[{\"@type\":\"WebPage\",\"@id\":\"https:\/\/akurats.com\/lt\/iranga\/sildytuvai-nuoma\/\",\"url\":\"https:\/\/akurats.com\/lt\/iranga\/sildytuvai-nuoma\/\",\"name\":\"\u041e\u0431\u043e\u0433\u0440\u0435\u0432\u0430\u0442\u0435\u043b\u0438 - Ak\u016brats\",\"isPartOf\":{\"@id\":\"https:\/\/akurats.com\/en\/#website\"},\"datePublished\":\"2015-10-15T06:40:25+00:00\",\"dateModified\":\"2018-05-23T13:17:48+00:00\",\"breadcrumb\":{\"@id\":\"https:\/\/akurats.com\/lt\/iranga\/sildytuvai-nuoma\/#breadcrumb\"},\"inLanguage\":\"lt\",\"potentialAction\":[{\"@type\":\"ReadAction\",\"target\":[\"https:\/\/akurats.com\/lt\/iranga\/sildytuvai-nuoma\/\"]}]},{\"@type\":\"BreadcrumbList\",\"@id\":\"https:\/\/akurats.com\/lt\/iranga\/sildytuvai-nuoma\/#breadcrumb\",\"itemListElement\":[{\"@type\":\"ListItem\",\"position\":1,\"name\":\"Home\",\"item\":\"https:\/\/akurats.com\/lt\/\"},{\"@type\":\"ListItem\",\"position\":2,\"name\":\"\u012eranga\",\"item\":\"https:\/\/akurats.com\/lt\/iranga\/\"},{\"@type\":\"ListItem\",\"position\":3,\"name\":\"\u041e\u0431\u043e\u0433\u0440\u0435\u0432\u0430\u0442\u0435\u043b\u0438\"}]},{\"@type\":\"WebSite\",\"@id\":\"https:\/\/akurats.com\/en\/#website\",\"url\":\"https:\/\/akurats.com\/en\/\",\"name\":\"Akur\u0101ts\",\"description\":\"rengini\u0173 \u012frangos paslaugos\",\"publisher\":{\"@id\":\"https:\/\/akurats.com\/en\/#organization\"},\"alternateName\":\"Event equipment service\",\"potentialAction\":[{\"@type\":\"SearchAction\",\"target\":{\"@type\":\"EntryPoint\",\"urlTemplate\":\"https:\/\/akurats.com\/en\/?s={search_term_string}\"},\"query-input\":\"required name=search_term_string\"}],\"inLanguage\":\"lt\"},{\"@type\":\"Organization\",\"@id\":\"https:\/\/akurats.com\/en\/#organization\",\"name\":\"Akur\u0101ts\",\"alternateName\":\"Event equipment service\",\"url\":\"https:\/\/akurats.com\/en\/\",\"logo\":{\"@type\":\"ImageObject\",\"inLanguage\":\"lt\",\"@id\":\"https:\/\/akurats.com\/en\/#\/schema\/logo\/image\/\",\"url\":\"https:\/\/akurats.com\/wp-content\/uploads\/2015\/06\/A_logo.png\",\"contentUrl\":\"https:\/\/akurats.com\/wp-content\/uploads\/2015\/06\/A_logo.png\",\"width\":77,\"height\":70,\"caption\":\"Akur\u0101ts\"},\"image\":{\"@id\":\"https:\/\/akurats.com\/en\/#\/schema\/logo\/image\/\"},\"sameAs\":[\"https:\/\/www.facebook.com\/AkuratsSIA\"]}]}<\/script>\n<!-- \/ Yoast SEO plugin. -->","yoast_head_json":{"title":"\u041e\u0431\u043e\u0433\u0440\u0435\u0432\u0430\u0442\u0435\u043b\u0438 - Ak\u016brats","robots":{"index":"index","follow":"follow","max-snippet":"max-snippet:-1","max-image-preview":"max-image-preview:large","max-video-preview":"max-video-preview:-1"},"canonical":"https:\/\/akurats.com\/lt\/iranga\/sildytuvai-nuoma\/","twitter_misc":{"Est. reading time":"1 minute"},"schema":{"@context":"https:\/\/schema.org","@graph":[{"@type":"WebPage","@id":"https:\/\/akurats.com\/lt\/iranga\/sildytuvai-nuoma\/","url":"https:\/\/akurats.com\/lt\/iranga\/sildytuvai-nuoma\/","name":"\u041e\u0431\u043e\u0433\u0440\u0435\u0432\u0430\u0442\u0435\u043b\u0438 - Ak\u016brats","isPartOf":{"@id":"https:\/\/akurats.com\/en\/#website"},"datePublished":"2015-10-15T06:40:25+00:00","dateModified":"2018-05-23T13:17:48+00:00","breadcrumb":{"@id":"https:\/\/akurats.com\/lt\/iranga\/sildytuvai-nuoma\/#breadcrumb"},"inLanguage":"lt","potentialAction":[{"@type":"ReadAction","target":["https:\/\/akurats.com\/lt\/iranga\/sildytuvai-nuoma\/"]}]},{"@type":"BreadcrumbList","@id":"https:\/\/akurats.com\/lt\/iranga\/sildytuvai-nuoma\/#breadcrumb","itemListElement":[{"@type":"ListItem","position":1,"name":"Home","item":"https:\/\/akurats.com\/lt\/"},{"@type":"ListItem","position":2,"name":"\u012eranga","item":"https:\/\/akurats.com\/lt\/iranga\/"},{"@type":"ListItem","position":3,"name":"\u041e\u0431\u043e\u0433\u0440\u0435\u0432\u0430\u0442\u0435\u043b\u0438"}]},{"@type":"WebSite","@id":"https:\/\/akurats.com\/en\/#website","url":"https:\/\/akurats.com\/en\/","name":"Akur\u0101ts","description":"rengini\u0173 \u012frangos paslaugos","publisher":{"@id":"https:\/\/akurats.com\/en\/#organization"},"alternateName":"Event equipment service","potentialAction":[{"@type":"SearchAction","target":{"@type":"EntryPoint","urlTemplate":"https:\/\/akurats.com\/en\/?s={search_term_string}"},"query-input":"required name=search_term_string"}],"inLanguage":"lt"},{"@type":"Organization","@id":"https:\/\/akurats.com\/en\/#organization","name":"Akur\u0101ts","alternateName":"Event equipment service","url":"https:\/\/akurats.com\/en\/","logo":{"@type":"ImageObject","inLanguage":"lt","@id":"https:\/\/akurats.com\/en\/#\/schema\/logo\/image\/","url":"https:\/\/akurats.com\/wp-content\/uploads\/2015\/06\/A_logo.png","contentUrl":"https:\/\/akurats.com\/wp-content\/uploads\/2015\/06\/A_logo.png","width":77,"height":70,"caption":"Akur\u0101ts"},"image":{"@id":"https:\/\/akurats.com\/en\/#\/schema\/logo\/image\/"},"sameAs":["https:\/\/www.facebook.com\/AkuratsSIA"]}]}},"_links":{"self":[{"href":"https:\/\/akurats.com\/lt\/wp-json\/wp\/v2\/pages\/2301"}],"collection":[{"href":"https:\/\/akurats.com\/lt\/wp-json\/wp\/v2\/pages"}],"about":[{"href":"https:\/\/akurats.com\/lt\/wp-json\/wp\/v2\/types\/page"}],"author":[{"embeddable":true,"href":"https:\/\/akurats.com\/lt\/wp-json\/wp\/v2\/users\/1"}],"replies":[{"embeddable":true,"href":"https:\/\/akurats.com\/lt\/wp-json\/wp\/v2\/comments?post=2301"}],"version-history":[{"count":2,"href":"https:\/\/akurats.com\/lt\/wp-json\/wp\/v2\/pages\/2301\/revisions"}],"predecessor-version":[{"id":3451,"href":"https:\/\/akurats.com\/lt\/wp-json\/wp\/v2\/pages\/2301\/revisions\/3451"}],"up":[{"embeddable":true,"href":"https:\/\/akurats.com\/lt\/wp-json\/wp\/v2\/pages\/2159"}],"wp:featuredmedia":[{"embeddable":true,"href":"https:\/\/akurats.com\/lt\/wp-json\/wp\/v2\/media\/1357"}],"wp:attachment":[{"href":"https:\/\/akurats.com\/lt\/wp-json\/wp\/v2\/media?parent=2301"}],"curies":[{"name":"wp","href":"https:\/\/api.w.org\/{rel}","templated":true}]}}