{"id":2299,"date":"2015-10-15T06:34:52","date_gmt":"2015-10-15T06:34:52","guid":{"rendered":"https:\/\/akurats.com\/lt\/?page_id=2299"},"modified":"2018-05-23T13:18:49","modified_gmt":"2018-05-23T13:18:49","slug":"stalai-ir-suolai","status":"publish","type":"page","link":"https:\/\/akurats.com\/lt\/iranga\/stalai-ir-suolai\/","title":{"rendered":"\u0421\u0442\u043e\u043b\u044b \u0438 \u0441\u043a\u0430\u043c\u044c\u0438"},"content":{"rendered":"<div id=\"pl-2299\"  class=\"panel-layout\" ><div id=\"pg-2299-0\"  class=\"panel-grid panel-no-style\" ><div id=\"pgc-2299-0-0\"  class=\"panel-grid-cell\" ><div id=\"panel-2299-0-0-0\" class=\"so-panel widget widget_black-studio-tinymce widget_black_studio_tinymce panel-first-child panel-last-child\" data-index=\"0\" ><div class=\"textwidget\"><p><a href=\"https:\/\/akurats.com\/wp-content\/uploads\/2015\/07\/galds_soli1_big.jpg\" class=\"broken_link\"><img src=\"https:\/\/akurats.com\/wp-content\/uploads\/2015\/07\/galds_soli1_big-300x200.jpg\" alt=\"galds_soli1_big\" width=\"300\" height=\"200\" class=\"aligncenter size-thumbnail wp-image-1216\" \/><\/a><\/p>\n<\/div><\/div><\/div><div id=\"pgc-2299-0-1\"  class=\"panel-grid-cell\" ><div id=\"panel-2299-0-1-0\" class=\"so-panel widget widget_black-studio-tinymce widget_black_studio_tinymce panel-first-child panel-last-child\" data-index=\"1\" ><div class=\"textwidget\"><p><a href=\"https:\/\/akurats.com\/wp-content\/uploads\/2015\/07\/galds_soli2_big.jpg\"><img src=\"https:\/\/akurats.com\/wp-content\/uploads\/2015\/07\/galds_soli2_big-300x200.jpg\" alt=\"galds_soli2_big\" width=\"300\" height=\"200\" class=\"aligncenter size-thumbnail wp-image-1221\" \/><\/a><\/p>\n<\/div><\/div><\/div><div id=\"pgc-2299-0-2\"  class=\"panel-grid-cell\" ><div id=\"panel-2299-0-2-0\" class=\"so-panel widget widget_black-studio-tinymce widget_black_studio_tinymce panel-first-child panel-last-child\" data-index=\"2\" ><div class=\"textwidget\"><p><a href=\"https:\/\/akurats.com\/wp-content\/uploads\/2015\/07\/galds_soli3_big.jpg\"><img src=\"https:\/\/akurats.com\/wp-content\/uploads\/2015\/07\/galds_soli3_big-300x200.jpg\" alt=\"galds_soli3_big\" width=\"300\" height=\"200\" class=\"aligncenter size-thumbnail wp-image-1226\" \/><\/a><\/p>\n<\/div><\/div><\/div><div id=\"pgc-2299-0-3\"  class=\"panel-grid-cell\" ><div id=\"panel-2299-0-3-0\" class=\"so-panel widget widget_black-studio-tinymce widget_black_studio_tinymce panel-first-child panel-last-child\" data-index=\"3\" ><div class=\"textwidget\"><p><a href=\"https:\/\/akurats.com\/wp-content\/uploads\/2015\/07\/galds_soli4_big.jpg\"><img src=\"https:\/\/akurats.com\/wp-content\/uploads\/2015\/07\/galds_soli4_big-300x200.jpg\" alt=\"galds_soli4_big\" width=\"300\" height=\"200\" class=\"aligncenter size-thumbnail wp-image-1231\" \/><\/a><\/p>\n<\/div><\/div><\/div><\/div><div id=\"pg-2299-1\"  class=\"panel-grid panel-no-style\" ><div id=\"pgc-2299-1-0\"  class=\"panel-grid-cell\" ><div id=\"panel-2299-1-0-0\" class=\"so-panel widget widget_black-studio-tinymce widget_black_studio_tinymce panel-first-child panel-last-child\" data-index=\"4\" ><div class=\"textwidget\"><table class=\"table\">\n<thead>\n<tr class=\"active\">\n<th colspan=\"2\"><center>Stalai techniniai parametrai<\/center><\/th>\n<\/tr>\n<\/thead>\n<tbody>\n<tr>\n<td>Plotis<\/td>\n<td>80cm<\/td>\n<\/tr>\n<tr>\n<td>Ilgis<\/td>\n<td>222cm<\/td>\n<\/tr>\n<tr>\n<td>Spalva<\/td>\n<td>nat\u016brali pu\u0161in\u0117s medienos spalva<\/td>\n<\/tr>\n<tr>\n<td>R\u0117mas<\/td>\n<td>\u017ealias metalinis sulankstomas r\u0117mas<\/td>\n<\/tr>\n<tr>\n<td>Pavir\u0161ius<\/td>\n<td>lakuotas pu\u0161inis pavir\u0161ius<\/td>\n<\/tr>\n<tr class=\"active\">\n<th colspan=\"2\"><center>Suolai techniniai parametrai<\/center><\/th>\n<\/tr>\n<tr>\n<td>Plotis<\/td>\n<td>27cm<\/td>\n<\/tr>\n<tr>\n<td>Ilgis<\/td>\n<td>222cm<\/td>\n<\/tr>\n<tr>\n<td>Spalva<\/td>\n<td>nat\u016brali pu\u0161in\u0117s medienos spalva<\/td>\n<\/tr>\n<tr>\n<td>R\u0117mas<\/td>\n<td>\u017ealias metalinis sulankstomas r\u0117mas<\/td>\n<\/tr>\n<tr>\n<td>Pavir\u0161ius<\/td>\n<td>lakuotas pu\u0161inis pavir\u0161ius<\/td>\n<\/tr>\n<\/tbody>\n<\/table>\n<p>Jei ruo\u0161iate rengin\u012f su s\u0117d\u0117jimu prie stal\u0173, skai\u010diuokite, kad prie vieno stalo patogiai gali jaustis a\u0161tuoni asmenys, t.y. po keturis \u017emones kiekvienoje stalo pus\u0117je.<\/p>\n<p><b>Montavimas<\/b><br \/>\nStal\u0173 ir suol\u0173 montavim\u0105 pagal susitarim\u0105 gali atlikti tiek SIA Akur\u0101ts darbuotojai, tiek patys klientai. Stal\u0173 ir suol\u0173 sud\u0117jimas atliekamas paprastai ir palyginus greitai, nes metalin\u0117s konstrukcijos tiek stal\u0173 tiek kr\u0117sl\u0173 kojos fiksuojamos segtukais.<\/p>\n<\/div><\/div><\/div><\/div><\/div>","protected":false},"excerpt":{"rendered":"<p>Stalai techniniai parametrai Plotis 80cm Ilgis 222cm Spalva nat\u016brali pu\u0161in\u0117s medienos spalva R\u0117mas \u017ealias metalinis sulankstomas r\u0117mas Pavir\u0161ius lakuotas pu\u0161inis pavir\u0161ius Suolai techniniai parametrai Plotis 27cm Ilgis 222cm Spalva nat\u016brali pu\u0161in\u0117s medienos spalva R\u0117mas \u017ealias metalinis sulankstomas r\u0117mas Pavir\u0161ius lakuotas pu\u0161inis pavir\u0161ius Jei ruo\u0161iate rengin\u012f su s\u0117d\u0117jimu prie stal\u0173, skai\u010diuokite, kad prie vieno stalo patogiai &hellip;<\/p>\n","protected":false},"author":1,"featured_media":2637,"parent":2159,"menu_order":0,"comment_status":"closed","ping_status":"closed","template":"","meta":[],"acf":[],"yoast_head":"<!-- This site is optimized with the Yoast SEO plugin v19.9 - https:\/\/yoast.com\/wordpress\/plugins\/seo\/ -->\n<title>\u0421\u0442\u043e\u043b\u044b \u0438 \u0441\u043a\u0430\u043c\u044c\u0438 - Ak\u016brats<\/title>\n<meta name=\"robots\" content=\"index, follow, max-snippet:-1, max-image-preview:large, max-video-preview:-1\" \/>\n<link rel=\"canonical\" href=\"https:\/\/akurats.com\/lt\/iranga\/stalai-ir-suolai\/\" \/>\n<meta name=\"twitter:label1\" content=\"Est. reading time\" \/>\n\t<meta name=\"twitter:data1\" content=\"1 minute\" \/>\n<script type=\"application\/ld+json\" class=\"yoast-schema-graph\">{\"@context\":\"https:\/\/schema.org\",\"@graph\":[{\"@type\":\"WebPage\",\"@id\":\"https:\/\/akurats.com\/lt\/iranga\/stalai-ir-suolai\/\",\"url\":\"https:\/\/akurats.com\/lt\/iranga\/stalai-ir-suolai\/\",\"name\":\"\u0421\u0442\u043e\u043b\u044b \u0438 \u0441\u043a\u0430\u043c\u044c\u0438 - Ak\u016brats\",\"isPartOf\":{\"@id\":\"https:\/\/akurats.com\/en\/#website\"},\"datePublished\":\"2015-10-15T06:34:52+00:00\",\"dateModified\":\"2018-05-23T13:18:49+00:00\",\"breadcrumb\":{\"@id\":\"https:\/\/akurats.com\/lt\/iranga\/stalai-ir-suolai\/#breadcrumb\"},\"inLanguage\":\"lt\",\"potentialAction\":[{\"@type\":\"ReadAction\",\"target\":[\"https:\/\/akurats.com\/lt\/iranga\/stalai-ir-suolai\/\"]}]},{\"@type\":\"BreadcrumbList\",\"@id\":\"https:\/\/akurats.com\/lt\/iranga\/stalai-ir-suolai\/#breadcrumb\",\"itemListElement\":[{\"@type\":\"ListItem\",\"position\":1,\"name\":\"Home\",\"item\":\"https:\/\/akurats.com\/lt\/\"},{\"@type\":\"ListItem\",\"position\":2,\"name\":\"\u012eranga\",\"item\":\"https:\/\/akurats.com\/lt\/iranga\/\"},{\"@type\":\"ListItem\",\"position\":3,\"name\":\"\u0421\u0442\u043e\u043b\u044b \u0438 \u0441\u043a\u0430\u043c\u044c\u0438\"}]},{\"@type\":\"WebSite\",\"@id\":\"https:\/\/akurats.com\/en\/#website\",\"url\":\"https:\/\/akurats.com\/en\/\",\"name\":\"Akur\u0101ts\",\"description\":\"rengini\u0173 \u012frangos paslaugos\",\"publisher\":{\"@id\":\"https:\/\/akurats.com\/en\/#organization\"},\"alternateName\":\"Event equipment service\",\"potentialAction\":[{\"@type\":\"SearchAction\",\"target\":{\"@type\":\"EntryPoint\",\"urlTemplate\":\"https:\/\/akurats.com\/en\/?s={search_term_string}\"},\"query-input\":\"required name=search_term_string\"}],\"inLanguage\":\"lt\"},{\"@type\":\"Organization\",\"@id\":\"https:\/\/akurats.com\/en\/#organization\",\"name\":\"Akur\u0101ts\",\"alternateName\":\"Event equipment service\",\"url\":\"https:\/\/akurats.com\/en\/\",\"logo\":{\"@type\":\"ImageObject\",\"inLanguage\":\"lt\",\"@id\":\"https:\/\/akurats.com\/en\/#\/schema\/logo\/image\/\",\"url\":\"https:\/\/akurats.com\/wp-content\/uploads\/2015\/06\/A_logo.png\",\"contentUrl\":\"https:\/\/akurats.com\/wp-content\/uploads\/2015\/06\/A_logo.png\",\"width\":77,\"height\":70,\"caption\":\"Akur\u0101ts\"},\"image\":{\"@id\":\"https:\/\/akurats.com\/en\/#\/schema\/logo\/image\/\"},\"sameAs\":[\"https:\/\/www.facebook.com\/AkuratsSIA\"]}]}<\/script>\n<!-- \/ Yoast SEO plugin. -->","yoast_head_json":{"title":"\u0421\u0442\u043e\u043b\u044b \u0438 \u0441\u043a\u0430\u043c\u044c\u0438 - Ak\u016brats","robots":{"index":"index","follow":"follow","max-snippet":"max-snippet:-1","max-image-preview":"max-image-preview:large","max-video-preview":"max-video-preview:-1"},"canonical":"https:\/\/akurats.com\/lt\/iranga\/stalai-ir-suolai\/","twitter_misc":{"Est. reading time":"1 minute"},"schema":{"@context":"https:\/\/schema.org","@graph":[{"@type":"WebPage","@id":"https:\/\/akurats.com\/lt\/iranga\/stalai-ir-suolai\/","url":"https:\/\/akurats.com\/lt\/iranga\/stalai-ir-suolai\/","name":"\u0421\u0442\u043e\u043b\u044b \u0438 \u0441\u043a\u0430\u043c\u044c\u0438 - Ak\u016brats","isPartOf":{"@id":"https:\/\/akurats.com\/en\/#website"},"datePublished":"2015-10-15T06:34:52+00:00","dateModified":"2018-05-23T13:18:49+00:00","breadcrumb":{"@id":"https:\/\/akurats.com\/lt\/iranga\/stalai-ir-suolai\/#breadcrumb"},"inLanguage":"lt","potentialAction":[{"@type":"ReadAction","target":["https:\/\/akurats.com\/lt\/iranga\/stalai-ir-suolai\/"]}]},{"@type":"BreadcrumbList","@id":"https:\/\/akurats.com\/lt\/iranga\/stalai-ir-suolai\/#breadcrumb","itemListElement":[{"@type":"ListItem","position":1,"name":"Home","item":"https:\/\/akurats.com\/lt\/"},{"@type":"ListItem","position":2,"name":"\u012eranga","item":"https:\/\/akurats.com\/lt\/iranga\/"},{"@type":"ListItem","position":3,"name":"\u0421\u0442\u043e\u043b\u044b \u0438 \u0441\u043a\u0430\u043c\u044c\u0438"}]},{"@type":"WebSite","@id":"https:\/\/akurats.com\/en\/#website","url":"https:\/\/akurats.com\/en\/","name":"Akur\u0101ts","description":"rengini\u0173 \u012frangos paslaugos","publisher":{"@id":"https:\/\/akurats.com\/en\/#organization"},"alternateName":"Event equipment service","potentialAction":[{"@type":"SearchAction","target":{"@type":"EntryPoint","urlTemplate":"https:\/\/akurats.com\/en\/?s={search_term_string}"},"query-input":"required name=search_term_string"}],"inLanguage":"lt"},{"@type":"Organization","@id":"https:\/\/akurats.com\/en\/#organization","name":"Akur\u0101ts","alternateName":"Event equipment service","url":"https:\/\/akurats.com\/en\/","logo":{"@type":"ImageObject","inLanguage":"lt","@id":"https:\/\/akurats.com\/en\/#\/schema\/logo\/image\/","url":"https:\/\/akurats.com\/wp-content\/uploads\/2015\/06\/A_logo.png","contentUrl":"https:\/\/akurats.com\/wp-content\/uploads\/2015\/06\/A_logo.png","width":77,"height":70,"caption":"Akur\u0101ts"},"image":{"@id":"https:\/\/akurats.com\/en\/#\/schema\/logo\/image\/"},"sameAs":["https:\/\/www.facebook.com\/AkuratsSIA"]}]}},"_links":{"self":[{"href":"https:\/\/akurats.com\/lt\/wp-json\/wp\/v2\/pages\/2299"}],"collection":[{"href":"https:\/\/akurats.com\/lt\/wp-json\/wp\/v2\/pages"}],"about":[{"href":"https:\/\/akurats.com\/lt\/wp-json\/wp\/v2\/types\/page"}],"author":[{"embeddable":true,"href":"https:\/\/akurats.com\/lt\/wp-json\/wp\/v2\/users\/1"}],"replies":[{"embeddable":true,"href":"https:\/\/akurats.com\/lt\/wp-json\/wp\/v2\/comments?post=2299"}],"version-history":[{"count":2,"href":"https:\/\/akurats.com\/lt\/wp-json\/wp\/v2\/pages\/2299\/revisions"}],"predecessor-version":[{"id":3452,"href":"https:\/\/akurats.com\/lt\/wp-json\/wp\/v2\/pages\/2299\/revisions\/3452"}],"up":[{"embeddable":true,"href":"https:\/\/akurats.com\/lt\/wp-json\/wp\/v2\/pages\/2159"}],"wp:featuredmedia":[{"embeddable":true,"href":"https:\/\/akurats.com\/lt\/wp-json\/wp\/v2\/media\/2637"}],"wp:attachment":[{"href":"https:\/\/akurats.com\/lt\/wp-json\/wp\/v2\/media?parent=2299"}],"curies":[{"name":"wp","href":"https:\/\/api.w.org\/{rel}","templated":true}]}}