{"id":2146,"date":"2015-10-13T07:01:46","date_gmt":"2015-10-13T07:01:46","guid":{"rendered":"https:\/\/akurats.com\/lt\/?page_id=2146"},"modified":"2015-10-13T07:01:46","modified_gmt":"2015-10-13T07:01:46","slug":"montavimas","status":"publish","type":"page","link":"https:\/\/akurats.com\/lt\/apie-mus\/montavimas\/","title":{"rendered":"Montavimas"},"content":{"rendered":"<p>\u201cAkur\u0101ts\u201d montavimo brigada nugabens, pastatys ir i\u0161montuos j\u016bs\u0173 u\u017esakyt\u0105 palapin\u0119 bet kuriame Latvijos mieste, vals\u010diuje arba miestelyje. Akur\u0101ts palapini\u0173 pastatym\u0105 si\u016blo ir Lietuvos ir Estijos teritorijoje.<\/p>\n<p>I\u0161imtis yra palapin\u0117 \u017dVAIG\u017dD\u0116 ir 3m x 3m palapin\u0117 \u2013 \u0161i\u0173 palapini\u0173 montavim\u0105 ir i\u0161montavim\u0105 klientas atlieka pats. \u0160ios palapin\u0117s n\u0117ra pristatomos ir klientui pa\u010diam jas reikia pasiimti \u201cAkur\u0101ts\u201d sand\u0117lyje Rygoje, Jaunm\u012blgr\u0101v\u012b, Aplokciema iel\u0101 2 darbo dienomis nuo 8:00 iki 17:00 val.<\/p>\n<p>Planuojant rengin\u012f ir palapin\u0117s pastatym\u0105, i\u0161 anksto reikia susitarti d\u0117l j\u016bs\u0173 renginio tikslaus vykimo laiko ir vietos adreso, pageidaujamo palapin\u0117s montavimo ir i\u0161montavimo laiko. Papildomai klientai turi atsi\u017evelgti \u012f sekan\u010dias esmines palapin\u0117s pastatymo s\u0105lygas:<\/p>\n<ol>\n<li>Priva\u017eiuojamo kelio esamum\u0105 ir atitikim\u0105 u\u017esakytos palapin\u0117s pristatymui \u012f pageidaujam\u0105 viet\u0105;<\/li>\n<li>Palapin\u0117s pastatymo vietos atstum\u0105 nuo Rygos;<\/li>\n<li>Palapin\u0117s montavimo ir i\u0161montavimo laik\u0105;<\/li>\n<li>Statymo vietos atitikim\u0105 palapin\u0117s matmenims.<\/li>\n<\/ol>\n<p><strong>Priva\u017eiuojamo kelio esamumas ir tinkamumas<br \/>\n<\/strong>Pradedant planuoti savo rengin\u012f, pirma \u012fsitikinkite, kad iki j\u016bs\u0173 numatytos palapin\u0117s pastatymui vietos galima priva\u017eiuoti automobiliu, krovininius autobusu arba sunkve\u017eimiu (priklausomai nuo pristatomos palapin\u0117s dyd\u017eio). Priva\u017eiuojamas kelias yra b\u016btina s\u0105lyga, kad \u201cAkur\u0101ts\u201d montavimo brigada gal\u0117t\u0173 atlikti palapin\u0117s pastatymo darbus. Esant abejonei, \u201cAkur\u0101ts\u201d komanda nuva\u017eiuos \u012f montavimo viet\u0105 ir \u012fvertins priva\u017eiuojamo kelio tinkamum\u0105.<\/p>\n<p>Palapin\u0117s, kuri\u0173 matmenys yra 5m x 5m, 10m x 20m,10m x 50m, 10m x 60m,12m x 50m, pristatomos 3,5t mas\u0117s krovininiu autobusu. Savo ruo\u017etu, palapin\u0117s, kuri\u0173 matmenys yra 20m x 75m, 20m x 25m pristatomos 12t mas\u0117s sunkve\u017eimiu. Tod\u0117l priva\u017eiuojamo kelio danga privalo b\u016bti u\u017etektinai patvari, kad sunkve\u017eimis ja gal\u0117t\u0173 va\u017eiuoti iki palapin\u0117s pastatymo vietos be problem\u0173.<\/p>\n<p><strong>Palapin\u0117s pastatymo vietos atstumas nuo Rygos<\/strong><br \/>\nPalapin\u0117s pastatymo vietos atstumas nuo Rygos turi reik\u0161m\u0119 tiek skai\u010diuojant laik\u0105, kuris reikalingas palapin\u0117s transportavimui, tiek papildomos kelio i\u0161laidos. Pristatant palapines, 100 km vidutini\u0161kai pasiekiami per 1,5 h.<\/p>\n<p><strong>Palapin\u0117s montavimo ir i\u0161montavimo trukm\u0117<\/strong><br \/>\nJei u\u017esisak\u0117te palapin\u0119, \u201cAkur\u0101ts\u201d montavimo brigada j\u0105 nuve\u0161, sumontuos ir i\u0161montuos. Kiekvienos palapin\u0117s pastatymui reikalinga skirtinga trukm\u0117 \u2013 ma\u017eosioms palapin\u0117ms (iki 50m\u00b2) nuo 40 minu\u010di\u0173, bet did\u017eiosioms palapin\u0117ms net iki 8 valand\u0173.<\/p>\n<p>Kad j\u016bs\u0173 renginys vykt\u0173 kaip planuota, i\u0161 anksto numatykite u\u017esakytos palapin\u0117s ir papildomos \u012frangos (grindys, stalai, suolai, \u0161ildytuvai) montavimo trukm\u0119:<\/p>\n<table class=\"table\">\n<tbody>\n<tr class=\"active\">\n<td>\n<p align=\"center\"><strong>Palapin\u0117s (matmenys)<\/strong><\/p>\n<\/td>\n<td>\n<p align=\"center\"><strong>Montavimo trukm\u0117 (viena palapin\u0117)<\/strong><\/p>\n<\/td>\n<\/tr>\n<tr>\n<td>\n<p align=\"center\">3X3<\/p>\n<\/td>\n<td>\n<p align=\"center\">Stato pats klientas<\/p>\n<\/td>\n<\/tr>\n<tr>\n<td>\n<p align=\"center\">\u017dVAIG\u017dD\u0116<\/p>\n<\/td>\n<td align=\"center\">Stato pats klientas<\/td>\n<\/tr>\n<tr>\n<td>\n<p align=\"center\">5\u00d75<\/p>\n<\/td>\n<td>\n<p align=\"center\">40 min.<\/p>\n<\/td>\n<\/tr>\n<tr>\n<td>\n<p align=\"center\">10\u00d75, 10\u00d710<\/p>\n<\/td>\n<td>\n<p align=\"center\">3 valandos<\/p>\n<\/td>\n<\/tr>\n<tr>\n<td>\n<p align=\"center\">10\u00d715, 10\u00d720<\/p>\n<\/td>\n<td>\n<p align=\"center\">4 valandos<\/p>\n<\/td>\n<\/tr>\n<tr>\n<td>\n<p align=\"center\">10\u00d725,10\u00d730, 10\u00d735<\/p>\n<\/td>\n<td>\n<p align=\"center\">5 valandos<\/p>\n<\/td>\n<\/tr>\n<tr>\n<td>\n<p align=\"center\">10\u00d740, 10\u00d745<\/p>\n<\/td>\n<td>\n<p align=\"center\">6 valandos<\/p>\n<\/td>\n<\/tr>\n<tr>\n<td>\n<p align=\"center\">10\u00d750, 10\u00d755, 10\u00d760<\/p>\n<\/td>\n<td>\n<p align=\"center\">7 valandos<\/p>\n<\/td>\n<\/tr>\n<tr>\n<td>\n<p align=\"center\">12\u00d75, 12\u00d710, 12\u00d715, 12\u00d720<\/p>\n<\/td>\n<td>\n<p align=\"center\">3 valandos<\/p>\n<\/td>\n<\/tr>\n<tr>\n<td>\n<p align=\"center\">12\u00d725, 12\u00d730, 12\u00d735<\/p>\n<\/td>\n<td>\n<p align=\"center\">4 valandos<\/p>\n<\/td>\n<\/tr>\n<tr>\n<td>\n<p align=\"center\">12\u00d740, 12\u00d745, 12\u00d750<\/p>\n<\/td>\n<td>\n<p align=\"center\">6 valandos<\/p>\n<\/td>\n<\/tr>\n<tr>\n<td>\n<p align=\"center\">20\u00d75, 20\u00d710, 20\u00d715, 20\u00d720<\/p>\n<\/td>\n<td>\n<p align=\"center\">4 valandos<\/p>\n<\/td>\n<\/tr>\n<tr>\n<td>\n<p align=\"center\">20\u00d725, 20\u00d730, 20\u00d735, 20\u00d740, 20\u00d745, 20\u00d750, 20\u00d775<\/p>\n<\/td>\n<td>\n<p align=\"center\">8 valandos<\/p>\n<\/td>\n<\/tr>\n<tr class=\"active\">\n<td>\n<p align=\"center\"><strong>Grindys<\/strong><\/p>\n<\/td>\n<td>\n<p align=\"center\"><strong>Montavimo trukm\u0117<\/strong><\/p>\n<\/td>\n<\/tr>\n<tr>\n<td>\n<p align=\"center\">Stabilios medin\u0117s grindys 1000m\u00b2<\/p>\n<\/td>\n<td>\n<p align=\"center\">8 valandos<\/p>\n<\/td>\n<\/tr>\n<tr>\n<td>\n<p align=\"center\">Mobilios plastmasin\u0117s grindys 1000m\u00b2<\/p>\n<\/td>\n<td>\n<p align=\"center\">8 valandos<\/p>\n<\/td>\n<\/tr>\n<tr class=\"active\">\n<td>\n<p align=\"center\"><strong>Papildoma \u012franga<\/strong><\/p>\n<\/td>\n<td>\n<p align=\"center\"><strong>Montavimo trukm\u0117<\/strong><\/p>\n<\/td>\n<\/tr>\n<tr>\n<td>\n<p align=\"center\">\u0160ildytuvas 1vien.<\/p>\n<\/td>\n<td>\n<p align=\"center\">10 minu\u010di\u0173<\/p>\n<\/td>\n<\/tr>\n<tr>\n<td>\n<p align=\"center\">Stalas, suolas 1vien.<\/p>\n<\/td>\n<td>\n<p align=\"center\">10 minu\u010di\u0173<\/p>\n<\/td>\n<\/tr>\n<\/tbody>\n<\/table>\n<p>Svarbi ir palapini\u0173 i\u0161montavimo trukm\u0117 \u2013 kad jas nugriauti numatytu laiku ir palaisvinti renginio pravedimo viet\u0105. Tod\u0117l, planuojant rengin\u012f, reikia apskai\u010diuoti, kad atitinkamos palapin\u0117s i\u0161montavimas u\u017eims tiek pat laiko, kiek \u0161ios palapin\u0117s montavimas.<\/p>\n<p>Savaime ai\u0161ku, kad palapin\u0117s montavimo laik\u0105 \u012ftakoja ir oro s\u0105lygos, palapin\u0117s buvimo vieta ir patekimas iki jos, \u012fvairios kli\u016btys kelyje (pavyzd\u017eiui, palapin\u0117s montavimo vietoje sustatyti automobiliai arba reikalingi \u012fva\u017eiavimo leidimai). Tokias aplinkybes u\u017esakovas privalo numatyti arba pa\u0161alinti.<\/p>\n<p><strong>U\u017estatomos vietos atitikimas palapin\u0117s matmenims<\/strong><br \/>\nPrie\u0161 planuodami statyti palapin\u0119 j\u016bs\u0173 i\u0161sirinktoje vietoje, \u012fsitikinkite, ar \u0161ios vietos talpa atitinka u\u017esakomos palapin\u0117s i\u0161matavimus, t.y. \u2013 ar u\u017etektino dyd\u017eio grind\u0173 plotas ir u\u017etektinas auk\u0161tis, kad jame tilpt\u0173 palapin\u0117s kraigas. Pavyzd\u017eiui, kad netrukdyt\u0173 \u0161alimais esan\u010di\u0173 pastat\u0173 konstrukcijos, med\u017ei\u0173 \u0161akos ir pan. Lentel\u0117je apa\u010dioje matomi \u201cAkur\u0101ts\u201d palapini\u0173 kra\u0161t\u0173 plo\u010diai ir auk\u0161\u010diai, o taip pat kraigo auk\u0161tis:<\/p>\n<table class=\"table\">\n<tbody>\n<tr class=\"active\">\n<td>\n<p align=\"center\"><strong>Palapin\u0117<\/strong><\/p>\n<\/td>\n<td>\n<p align=\"center\"><strong>Kra\u0161t\u0173 plotis<\/strong><\/p>\n<\/td>\n<td>\n<p align=\"center\"><strong>Kra\u0161t\u0173 auk\u0161tis<\/strong><\/p>\n<\/td>\n<td>\n<p align=\"center\"><strong>Kraigo auk\u0161tis<\/strong><\/p>\n<\/td>\n<\/tr>\n<tr>\n<td>\n<p align=\"center\">3m x 3m<\/p>\n<\/td>\n<td>\n<p align=\"center\">3m<\/p>\n<\/td>\n<td>\n<p align=\"center\">2,4m<\/p>\n<\/td>\n<td>\n<p align=\"center\">3,2m<\/p>\n<\/td>\n<\/tr>\n<tr>\n<td>\n<p align=\"center\">5m x 5m<\/p>\n<\/td>\n<td>\n<p align=\"center\">5m<\/p>\n<\/td>\n<td>\n<p align=\"center\">2,3m<\/p>\n<\/td>\n<td>\n<p align=\"center\">3,5m<\/p>\n<\/td>\n<\/tr>\n<tr>\n<td>\n<p align=\"center\">5m x 5m k\u016bgin\u0117<\/p>\n<\/td>\n<td>\n<p align=\"center\">5m<\/p>\n<\/td>\n<td>\n<p align=\"center\">2,5m<\/p>\n<\/td>\n<td>\n<p align=\"center\">5m<\/p>\n<\/td>\n<\/tr>\n<tr>\n<td>\n<p align=\"center\">10m x 20m<\/p>\n<\/td>\n<td>\n<p align=\"center\">5m<\/p>\n<\/td>\n<td>\n<p align=\"center\">3m<\/p>\n<\/td>\n<td>\n<p align=\"center\">5m<\/p>\n<\/td>\n<\/tr>\n<tr>\n<td>\n<p align=\"center\">20m x 25m<\/p>\n<\/td>\n<td>\n<p align=\"center\">5m<\/p>\n<\/td>\n<td>\n<p align=\"center\">3m<\/p>\n<\/td>\n<td>\n<p align=\"center\">6m<\/p>\n<\/td>\n<\/tr>\n<tr>\n<td>\n<p align=\"center\">10m x 50m<\/p>\n<\/td>\n<td>\n<p align=\"center\">5m<\/p>\n<\/td>\n<td>\n<p align=\"center\">2,4m<\/p>\n<\/td>\n<td>\n<p align=\"center\">4m<\/p>\n<\/td>\n<\/tr>\n<tr>\n<td>\n<p align=\"center\">10m x 60m<\/p>\n<\/td>\n<td>\n<p align=\"center\">5m<\/p>\n<\/td>\n<td>\n<p align=\"center\">2,5m<\/p>\n<\/td>\n<td>\n<p align=\"center\">4,3m<\/p>\n<\/td>\n<\/tr>\n<tr>\n<td>\n<p align=\"center\">12m x 50m<\/p>\n<\/td>\n<td>\n<p align=\"center\">5m<\/p>\n<\/td>\n<td>\n<p align=\"center\">2,3m<\/p>\n<\/td>\n<td>\n<p align=\"center\">4,3m<\/p>\n<\/td>\n<\/tr>\n<tr>\n<td>\n<p align=\"center\">20m x 75m<\/p>\n<\/td>\n<td>\n<p align=\"center\">5m<\/p>\n<\/td>\n<td>\n<p align=\"center\">3m<\/p>\n<\/td>\n<td>\n<p align=\"center\">6m<\/p>\n<\/td>\n<\/tr>\n<tr>\n<td>\n<p align=\"center\">\u017dVAIG\u017dD\u0116<\/p>\n<\/td>\n<td>\n<p align=\"center\">\u2013<\/p>\n<\/td>\n<td>\n<p align=\"center\">\u2013<\/p>\n<\/td>\n<td>\n<p align=\"center\">5,21m<\/p>\n<\/td>\n<\/tr>\n<\/tbody>\n<\/table>\n","protected":false},"excerpt":{"rendered":"<p>\u201cAkur\u0101ts\u201d montavimo brigada nugabens, pastatys ir i\u0161montuos j\u016bs\u0173 u\u017esakyt\u0105 palapin\u0119 bet kuriame Latvijos mieste, vals\u010diuje arba miestelyje. Akur\u0101ts palapini\u0173 pastatym\u0105 si\u016blo ir Lietuvos ir Estijos teritorijoje. I\u0161imtis yra palapin\u0117 \u017dVAIG\u017dD\u0116 ir 3m x 3m palapin\u0117 \u2013 \u0161i\u0173 palapini\u0173 montavim\u0105 ir i\u0161montavim\u0105 klientas atlieka pats. \u0160ios palapin\u0117s n\u0117ra pristatomos ir klientui pa\u010diam jas reikia pasiimti \u201cAkur\u0101ts\u201d &hellip;<\/p>\n","protected":false},"author":1,"featured_media":0,"parent":1920,"menu_order":0,"comment_status":"closed","ping_status":"closed","template":"","meta":[],"acf":[],"yoast_head":"<!-- This site is optimized with the Yoast SEO plugin v19.9 - https:\/\/yoast.com\/wordpress\/plugins\/seo\/ -->\n<title>Montavimas - Ak\u016brats<\/title>\n<meta name=\"robots\" content=\"index, follow, max-snippet:-1, max-image-preview:large, max-video-preview:-1\" \/>\n<link rel=\"canonical\" href=\"https:\/\/akurats.com\/lt\/apie-mus\/montavimas\/\" \/>\n<meta name=\"twitter:label1\" content=\"Est. reading time\" \/>\n\t<meta name=\"twitter:data1\" content=\"4 minutes\" \/>\n<script type=\"application\/ld+json\" class=\"yoast-schema-graph\">{\"@context\":\"https:\/\/schema.org\",\"@graph\":[{\"@type\":\"WebPage\",\"@id\":\"https:\/\/akurats.com\/lt\/apie-mus\/montavimas\/\",\"url\":\"https:\/\/akurats.com\/lt\/apie-mus\/montavimas\/\",\"name\":\"Montavimas - Ak\u016brats\",\"isPartOf\":{\"@id\":\"https:\/\/akurats.com\/en\/#website\"},\"datePublished\":\"2015-10-13T07:01:46+00:00\",\"dateModified\":\"2015-10-13T07:01:46+00:00\",\"breadcrumb\":{\"@id\":\"https:\/\/akurats.com\/lt\/apie-mus\/montavimas\/#breadcrumb\"},\"inLanguage\":\"lt\",\"potentialAction\":[{\"@type\":\"ReadAction\",\"target\":[\"https:\/\/akurats.com\/lt\/apie-mus\/montavimas\/\"]}]},{\"@type\":\"BreadcrumbList\",\"@id\":\"https:\/\/akurats.com\/lt\/apie-mus\/montavimas\/#breadcrumb\",\"itemListElement\":[{\"@type\":\"ListItem\",\"position\":1,\"name\":\"Home\",\"item\":\"https:\/\/akurats.com\/lt\/\"},{\"@type\":\"ListItem\",\"position\":2,\"name\":\"Apie mus\",\"item\":\"https:\/\/akurats.com\/lt\/apie-mus\/\"},{\"@type\":\"ListItem\",\"position\":3,\"name\":\"Montavimas\"}]},{\"@type\":\"WebSite\",\"@id\":\"https:\/\/akurats.com\/en\/#website\",\"url\":\"https:\/\/akurats.com\/en\/\",\"name\":\"Akur\u0101ts\",\"description\":\"rengini\u0173 \u012frangos paslaugos\",\"publisher\":{\"@id\":\"https:\/\/akurats.com\/en\/#organization\"},\"alternateName\":\"Event equipment service\",\"potentialAction\":[{\"@type\":\"SearchAction\",\"target\":{\"@type\":\"EntryPoint\",\"urlTemplate\":\"https:\/\/akurats.com\/en\/?s={search_term_string}\"},\"query-input\":\"required name=search_term_string\"}],\"inLanguage\":\"lt\"},{\"@type\":\"Organization\",\"@id\":\"https:\/\/akurats.com\/en\/#organization\",\"name\":\"Akur\u0101ts\",\"alternateName\":\"Event equipment service\",\"url\":\"https:\/\/akurats.com\/en\/\",\"logo\":{\"@type\":\"ImageObject\",\"inLanguage\":\"lt\",\"@id\":\"https:\/\/akurats.com\/en\/#\/schema\/logo\/image\/\",\"url\":\"https:\/\/akurats.com\/wp-content\/uploads\/2015\/06\/A_logo.png\",\"contentUrl\":\"https:\/\/akurats.com\/wp-content\/uploads\/2015\/06\/A_logo.png\",\"width\":77,\"height\":70,\"caption\":\"Akur\u0101ts\"},\"image\":{\"@id\":\"https:\/\/akurats.com\/en\/#\/schema\/logo\/image\/\"},\"sameAs\":[\"https:\/\/www.facebook.com\/AkuratsSIA\"]}]}<\/script>\n<!-- \/ Yoast SEO plugin. -->","yoast_head_json":{"title":"Montavimas - Ak\u016brats","robots":{"index":"index","follow":"follow","max-snippet":"max-snippet:-1","max-image-preview":"max-image-preview:large","max-video-preview":"max-video-preview:-1"},"canonical":"https:\/\/akurats.com\/lt\/apie-mus\/montavimas\/","twitter_misc":{"Est. reading time":"4 minutes"},"schema":{"@context":"https:\/\/schema.org","@graph":[{"@type":"WebPage","@id":"https:\/\/akurats.com\/lt\/apie-mus\/montavimas\/","url":"https:\/\/akurats.com\/lt\/apie-mus\/montavimas\/","name":"Montavimas - Ak\u016brats","isPartOf":{"@id":"https:\/\/akurats.com\/en\/#website"},"datePublished":"2015-10-13T07:01:46+00:00","dateModified":"2015-10-13T07:01:46+00:00","breadcrumb":{"@id":"https:\/\/akurats.com\/lt\/apie-mus\/montavimas\/#breadcrumb"},"inLanguage":"lt","potentialAction":[{"@type":"ReadAction","target":["https:\/\/akurats.com\/lt\/apie-mus\/montavimas\/"]}]},{"@type":"BreadcrumbList","@id":"https:\/\/akurats.com\/lt\/apie-mus\/montavimas\/#breadcrumb","itemListElement":[{"@type":"ListItem","position":1,"name":"Home","item":"https:\/\/akurats.com\/lt\/"},{"@type":"ListItem","position":2,"name":"Apie mus","item":"https:\/\/akurats.com\/lt\/apie-mus\/"},{"@type":"ListItem","position":3,"name":"Montavimas"}]},{"@type":"WebSite","@id":"https:\/\/akurats.com\/en\/#website","url":"https:\/\/akurats.com\/en\/","name":"Akur\u0101ts","description":"rengini\u0173 \u012frangos paslaugos","publisher":{"@id":"https:\/\/akurats.com\/en\/#organization"},"alternateName":"Event equipment service","potentialAction":[{"@type":"SearchAction","target":{"@type":"EntryPoint","urlTemplate":"https:\/\/akurats.com\/en\/?s={search_term_string}"},"query-input":"required name=search_term_string"}],"inLanguage":"lt"},{"@type":"Organization","@id":"https:\/\/akurats.com\/en\/#organization","name":"Akur\u0101ts","alternateName":"Event equipment service","url":"https:\/\/akurats.com\/en\/","logo":{"@type":"ImageObject","inLanguage":"lt","@id":"https:\/\/akurats.com\/en\/#\/schema\/logo\/image\/","url":"https:\/\/akurats.com\/wp-content\/uploads\/2015\/06\/A_logo.png","contentUrl":"https:\/\/akurats.com\/wp-content\/uploads\/2015\/06\/A_logo.png","width":77,"height":70,"caption":"Akur\u0101ts"},"image":{"@id":"https:\/\/akurats.com\/en\/#\/schema\/logo\/image\/"},"sameAs":["https:\/\/www.facebook.com\/AkuratsSIA"]}]}},"_links":{"self":[{"href":"https:\/\/akurats.com\/lt\/wp-json\/wp\/v2\/pages\/2146"}],"collection":[{"href":"https:\/\/akurats.com\/lt\/wp-json\/wp\/v2\/pages"}],"about":[{"href":"https:\/\/akurats.com\/lt\/wp-json\/wp\/v2\/types\/page"}],"author":[{"embeddable":true,"href":"https:\/\/akurats.com\/lt\/wp-json\/wp\/v2\/users\/1"}],"replies":[{"embeddable":true,"href":"https:\/\/akurats.com\/lt\/wp-json\/wp\/v2\/comments?post=2146"}],"version-history":[{"count":1,"href":"https:\/\/akurats.com\/lt\/wp-json\/wp\/v2\/pages\/2146\/revisions"}],"predecessor-version":[{"id":2147,"href":"https:\/\/akurats.com\/lt\/wp-json\/wp\/v2\/pages\/2146\/revisions\/2147"}],"up":[{"embeddable":true,"href":"https:\/\/akurats.com\/lt\/wp-json\/wp\/v2\/pages\/1920"}],"wp:attachment":[{"href":"https:\/\/akurats.com\/lt\/wp-json\/wp\/v2\/media?parent=2146"}],"curies":[{"name":"wp","href":"https:\/\/api.w.org\/{rel}","templated":true}]}}