{"id":2129,"date":"2015-10-13T06:32:51","date_gmt":"2015-10-13T06:32:51","guid":{"rendered":"https:\/\/akurats.com\/lt\/?page_id=2129"},"modified":"2015-10-19T07:05:33","modified_gmt":"2015-10-19T07:05:33","slug":"grindys","status":"publish","type":"page","link":"https:\/\/akurats.com\/lt\/grindys\/","title":{"rendered":"Grindys"},"content":{"rendered":"<div id=\"pl-2129\"  class=\"panel-layout\" ><div id=\"pg-2129-0\"  class=\"panel-grid panel-no-style\" ><div id=\"pgc-2129-0-0\"  class=\"panel-grid-cell\" ><div id=\"panel-2129-0-0-0\" class=\"so-panel widget widget_black-studio-tinymce widget_black_studio_tinymce panel-first-child panel-last-child\" data-index=\"0\" ><div class=\"textwidget\"><p><strong>Grind\u0173 nuoma \u2013 puikus pasirinkimas lauko renginiams<\/strong><br \/>\nGrind\u0173 nuoma \u2013 puikus pasirinkimas \u012fvairiems renginiams, vykstantiems lauko palapin\u0117se. Mobilios grindys tinka lauko renginiams, kuriems reikia lygaus ir stabilaus pagrindo. SIA ,,Akur\u0101ts\u201c si\u016blo tiek palapini\u0173, tiek grind\u0173 nuom\u0105. Galite rinktis 2 r\u016b\u0161i\u0173 grindis: medines ir plastmasines. Norint i\u0161sirinkti mobilias grindis, reikia atkreipti d\u0117mes\u012f \u012f j\u0173 specifik\u0105, techninius parametrus, montavim\u0105 ir naudojimosi taisykles. Palapini\u0173 ir grind\u0173 nuoma \u2013 vis labiau populiar\u0117janti paslauga, ypa\u010d tinkanti vasaros sezono \u0161vent\u0117ms ar renginiams.<\/p>\n<p><strong>Grind\u0173 r\u016b\u0161ys<\/strong><br \/>\nKuo skiriasi medin\u0117s ir plastmasin\u0117s mobilios grindys? Jos skiriasi ne tik med\u017eiaga, bet ir paskirtimi. Med\u017eio grindys \u2013 tai itin patvarios lent\u0173 grindys, skirtos \u012fvairiems renginiams: koncertams, vestuv\u0117ms, \u0161okiams ir kitai aktyviai veiklai. Tuo tarpu plastmasin\u0117s grindys \u2013 tai \u017ealios i\u0161vyniojamos plastmasin\u0117s grindys, kurios lengvai u\u017edengia \u017eol\u0119. \u0160ios grindys netinka \u0161okiams, bet labai tinka ramesn\u0117ms \u0161vent\u0117ms, pavyzd\u017eiui, parodoms. Taigi tam tikros r\u016b\u0161ies grind\u0173 nuoma priklauso nuo to, koks bus renginys.<\/p>\n<p><strong>Techniniai medini\u0173 grind\u0173 parametrai:<\/strong><\/p>\n<ul>\n<li>Grind\u0173 plotis \u2013 nuo 5 m iki 20 m;<\/li>\n<li>Grind\u0173 ilgis \u2013 nuo 5 m iki 50 m;<\/li>\n<li>Spalva \u2013 nat\u016bralaus med\u017eio;<\/li>\n<li>Grind\u0173 dang\u0105 sudaro lygios pu\u0161in\u0117s lentos;.<\/li>\n<li>Grind\u0173 r\u0117mas \u2013 cinkuotas metalinis, 10 cm nuo pagrindo;<\/li>\n<li>Medin\u0117ms grindims n\u0117ra svarbus met\u0173 laikas \u2013 jas galima naudoti net \u017eiem\u0105;<\/li>\n<li>Grind\u0173 patvarumas apkrovai \u2013 apie 200 kg\/1 m\u00b2, taigi jos gerai atlaiko didel\u012f svor\u012f.<\/li>\n<\/ul>\n<p><strong>Techniniai plastmasini\u0173 grind\u0173 parametrai:<\/strong><\/p>\n<ul>\n<li>Grind\u0173 plotis \u2013 1,2 m;<\/li>\n<li>Grind\u0173 ilgis \u2013 gali b\u016bti iki 800 m;<\/li>\n<li>Spalva \u2013 \u017ealia;<\/li>\n<li>Med\u017eiaga \u2013 PVC;<\/li>\n<li>Maksimalus plotas \u2013 1000 m\u00b2;<\/li>\n<li>Plastmasines grindis galima naudoti iki -5\u02da C.<\/li>\n<\/ul>\n<p><strong>Montavimas ir pristatymas<\/strong><br \/>\nMedines ir plastmasines mobilias grindis svarbu dengti ten, kur galima atvykti krovininiu transportu. Medines grindis galima dengti ant labai \u012fvairaus pavir\u0161iaus, pavyzd\u017eiui, \u017eol\u0117s ar plyteli\u0173. \u017dalias plastmasines grindis rekomenduojama naudoti \u017eolei u\u017edengti. Svarbu, kad \u017eol\u0117 b\u016bt\u0173 nupjauta iki 5 cm. Norint kokybi\u0161kai atlikti tiek medini\u0173, tiek plastikini\u0173 grind\u0173 montavimo darbus, b\u016btinas lygus pagrindas \u2013 reljefo auk\u0161tis negali vir\u0161yti 10 cm.<\/p>\n<p>Medines ir plastmasines grindis pristato, sumontuoja ir i\u0161montuoja \u012fmon\u0117s ,,Akur\u0101ts\u201c komanda. Montavimas trunka 8 valandas \u2013 per \u0161\u012f laik\u0105 padengiama 1000 m\u00b2. Nors grind\u0173 nuoma kainuoja, bet j\u0173 pristatymas Rygoje yra nemokamas. Vis d\u0117lto pristatant grindis u\u017e Rygos bei \u012f Lietuv\u0105 ir Estij\u0105, reik\u0117t\u0173 mok\u0117ti 0,50 LVL u\u017e 1 km (kaina su PVM). Medines grindis atgabena 7,5 t svorio krovininis transportas. Plastmasines grindis pristato 3,5 t svorio transportas.<\/p>\n<p><strong>Naudojimosi taisykl\u0117s:<\/strong><\/p>\n<ul>\n<li>Mobilias grindis draud\u017eiama perkelti \u012f kit\u0105 viet\u0105;<\/li>\n<li>Ant mobili\u0173 grind\u0173 negalima statyti kar\u0161t\u0173 daikt\u0173, pavyzd\u017eiui, kepsnin\u0117s. \u0160iuo atveju galite nepataisomai sugadinti grindis;<\/li>\n<li>Draud\u017eiama mechaniniu b\u016bdu gadinti grind\u0173 dang\u0105. Reik\u0117t\u0173 \u012fsid\u0117m\u0117ti, kad plastmasin\u0117s grindys netinka aktyvioms pramogoms;<\/li>\n<li>Jei pa\u017eeid\u0117te grindis, privaloma informuoti \u012fmon\u0117s \u201eAkur\u0101ts\u201c darbuotojus.<\/li>\n<\/ul>\n<\/div><\/div><\/div><\/div><div id=\"pg-2129-1\"  class=\"panel-grid panel-no-style\" ><div id=\"pgc-2129-1-0\"  class=\"panel-grid-cell panel-grid-cell-empty\" ><\/div><div id=\"pgc-2129-1-1\"  class=\"panel-grid-cell\" ><div id=\"panel-2129-1-1-0\" class=\"so-panel widget widget_black-studio-tinymce widget_black_studio_tinymce panel-first-child panel-last-child\" data-index=\"1\" ><div class=\"textwidget\"><p><a class=\"btn    btn-primary  fullwidth\" href=\"\/lt\/grindys\/medines-grindys\/\" target=\"_self\">Medin\u0117s grindys<\/a><\/p>\n<\/div><\/div><\/div><div id=\"pgc-2129-1-2\"  class=\"panel-grid-cell panel-grid-cell-mobile-last\" ><div id=\"panel-2129-1-2-0\" class=\"so-panel widget widget_black-studio-tinymce widget_black_studio_tinymce panel-first-child panel-last-child\" data-index=\"2\" ><div class=\"textwidget\"><p><a class=\"btn    btn-primary  fullwidth\" href=\"\/lt\/grindys\/plastmasines-grindys\/\" target=\"_self\">Plastmasin\u0117s grindys<\/a><\/p>\n<\/div><\/div><\/div><div id=\"pgc-2129-1-3\"  class=\"panel-grid-cell panel-grid-cell-empty\" ><\/div><\/div><\/div>","protected":false},"excerpt":{"rendered":"<p>Grind\u0173 nuoma \u2013 puikus pasirinkimas lauko renginiams Grind\u0173 nuoma \u2013 puikus pasirinkimas \u012fvairiems renginiams, vykstantiems lauko palapin\u0117se. Mobilios grindys tinka lauko renginiams, kuriems reikia lygaus ir stabilaus pagrindo. SIA ,,Akur\u0101ts\u201c si\u016blo tiek palapini\u0173, tiek grind\u0173 nuom\u0105. Galite rinktis 2 r\u016b\u0161i\u0173 grindis: medines ir plastmasines. Norint i\u0161sirinkti mobilias grindis, reikia atkreipti d\u0117mes\u012f \u012f j\u0173 specifik\u0105, techninius &hellip;<\/p>\n","protected":false},"author":1,"featured_media":590,"parent":0,"menu_order":0,"comment_status":"closed","ping_status":"closed","template":"","meta":[],"acf":[],"yoast_head":"<!-- This site is optimized with the Yoast SEO plugin v19.9 - https:\/\/yoast.com\/wordpress\/plugins\/seo\/ -->\n<title>Mobilios Grindys | Grind\u0173 Nuoma Lauko Renginiams | Akurats<\/title>\n<meta name=\"description\" content=\"Grind\u0173 nuoma \u2013pasirinkimas renginiams, vykstantiems lauko palapin\u0117se. Mobilios grindys tinka lauko renginiams, kuriems reikia lygaus ir stabilaus pagrindo\" \/>\n<meta name=\"robots\" content=\"index, follow, max-snippet:-1, max-image-preview:large, max-video-preview:-1\" \/>\n<link rel=\"canonical\" href=\"https:\/\/akurats.com\/lt\/grindys\/\" \/>\n<meta name=\"twitter:label1\" content=\"Est. reading time\" \/>\n\t<meta name=\"twitter:data1\" content=\"2 minutes\" \/>\n<script type=\"application\/ld+json\" class=\"yoast-schema-graph\">{\"@context\":\"https:\/\/schema.org\",\"@graph\":[{\"@type\":\"WebPage\",\"@id\":\"https:\/\/akurats.com\/lt\/grindys\/\",\"url\":\"https:\/\/akurats.com\/lt\/grindys\/\",\"name\":\"Mobilios Grindys | Grind\u0173 Nuoma Lauko Renginiams | Akurats\",\"isPartOf\":{\"@id\":\"https:\/\/akurats.com\/en\/#website\"},\"datePublished\":\"2015-10-13T06:32:51+00:00\",\"dateModified\":\"2015-10-19T07:05:33+00:00\",\"description\":\"Grind\u0173 nuoma \u2013pasirinkimas renginiams, vykstantiems lauko palapin\u0117se. Mobilios grindys tinka lauko renginiams, kuriems reikia lygaus ir stabilaus pagrindo\",\"breadcrumb\":{\"@id\":\"https:\/\/akurats.com\/lt\/grindys\/#breadcrumb\"},\"inLanguage\":\"lt\",\"potentialAction\":[{\"@type\":\"ReadAction\",\"target\":[\"https:\/\/akurats.com\/lt\/grindys\/\"]}]},{\"@type\":\"BreadcrumbList\",\"@id\":\"https:\/\/akurats.com\/lt\/grindys\/#breadcrumb\",\"itemListElement\":[{\"@type\":\"ListItem\",\"position\":1,\"name\":\"Home\",\"item\":\"https:\/\/akurats.com\/lt\/\"},{\"@type\":\"ListItem\",\"position\":2,\"name\":\"Grindys\"}]},{\"@type\":\"WebSite\",\"@id\":\"https:\/\/akurats.com\/en\/#website\",\"url\":\"https:\/\/akurats.com\/en\/\",\"name\":\"Akur\u0101ts\",\"description\":\"rengini\u0173 \u012frangos paslaugos\",\"publisher\":{\"@id\":\"https:\/\/akurats.com\/en\/#organization\"},\"alternateName\":\"Event equipment service\",\"potentialAction\":[{\"@type\":\"SearchAction\",\"target\":{\"@type\":\"EntryPoint\",\"urlTemplate\":\"https:\/\/akurats.com\/en\/?s={search_term_string}\"},\"query-input\":\"required name=search_term_string\"}],\"inLanguage\":\"lt\"},{\"@type\":\"Organization\",\"@id\":\"https:\/\/akurats.com\/en\/#organization\",\"name\":\"Akur\u0101ts\",\"alternateName\":\"Event equipment service\",\"url\":\"https:\/\/akurats.com\/en\/\",\"logo\":{\"@type\":\"ImageObject\",\"inLanguage\":\"lt\",\"@id\":\"https:\/\/akurats.com\/en\/#\/schema\/logo\/image\/\",\"url\":\"https:\/\/akurats.com\/wp-content\/uploads\/2015\/06\/A_logo.png\",\"contentUrl\":\"https:\/\/akurats.com\/wp-content\/uploads\/2015\/06\/A_logo.png\",\"width\":77,\"height\":70,\"caption\":\"Akur\u0101ts\"},\"image\":{\"@id\":\"https:\/\/akurats.com\/en\/#\/schema\/logo\/image\/\"},\"sameAs\":[\"https:\/\/www.facebook.com\/AkuratsSIA\"]}]}<\/script>\n<!-- \/ Yoast SEO plugin. -->","yoast_head_json":{"title":"Mobilios Grindys | Grind\u0173 Nuoma Lauko Renginiams | Akurats","description":"Grind\u0173 nuoma \u2013pasirinkimas renginiams, vykstantiems lauko palapin\u0117se. Mobilios grindys tinka lauko renginiams, kuriems reikia lygaus ir stabilaus pagrindo","robots":{"index":"index","follow":"follow","max-snippet":"max-snippet:-1","max-image-preview":"max-image-preview:large","max-video-preview":"max-video-preview:-1"},"canonical":"https:\/\/akurats.com\/lt\/grindys\/","twitter_misc":{"Est. reading time":"2 minutes"},"schema":{"@context":"https:\/\/schema.org","@graph":[{"@type":"WebPage","@id":"https:\/\/akurats.com\/lt\/grindys\/","url":"https:\/\/akurats.com\/lt\/grindys\/","name":"Mobilios Grindys | Grind\u0173 Nuoma Lauko Renginiams | Akurats","isPartOf":{"@id":"https:\/\/akurats.com\/en\/#website"},"datePublished":"2015-10-13T06:32:51+00:00","dateModified":"2015-10-19T07:05:33+00:00","description":"Grind\u0173 nuoma \u2013pasirinkimas renginiams, vykstantiems lauko palapin\u0117se. Mobilios grindys tinka lauko renginiams, kuriems reikia lygaus ir stabilaus pagrindo","breadcrumb":{"@id":"https:\/\/akurats.com\/lt\/grindys\/#breadcrumb"},"inLanguage":"lt","potentialAction":[{"@type":"ReadAction","target":["https:\/\/akurats.com\/lt\/grindys\/"]}]},{"@type":"BreadcrumbList","@id":"https:\/\/akurats.com\/lt\/grindys\/#breadcrumb","itemListElement":[{"@type":"ListItem","position":1,"name":"Home","item":"https:\/\/akurats.com\/lt\/"},{"@type":"ListItem","position":2,"name":"Grindys"}]},{"@type":"WebSite","@id":"https:\/\/akurats.com\/en\/#website","url":"https:\/\/akurats.com\/en\/","name":"Akur\u0101ts","description":"rengini\u0173 \u012frangos paslaugos","publisher":{"@id":"https:\/\/akurats.com\/en\/#organization"},"alternateName":"Event equipment service","potentialAction":[{"@type":"SearchAction","target":{"@type":"EntryPoint","urlTemplate":"https:\/\/akurats.com\/en\/?s={search_term_string}"},"query-input":"required name=search_term_string"}],"inLanguage":"lt"},{"@type":"Organization","@id":"https:\/\/akurats.com\/en\/#organization","name":"Akur\u0101ts","alternateName":"Event equipment service","url":"https:\/\/akurats.com\/en\/","logo":{"@type":"ImageObject","inLanguage":"lt","@id":"https:\/\/akurats.com\/en\/#\/schema\/logo\/image\/","url":"https:\/\/akurats.com\/wp-content\/uploads\/2015\/06\/A_logo.png","contentUrl":"https:\/\/akurats.com\/wp-content\/uploads\/2015\/06\/A_logo.png","width":77,"height":70,"caption":"Akur\u0101ts"},"image":{"@id":"https:\/\/akurats.com\/en\/#\/schema\/logo\/image\/"},"sameAs":["https:\/\/www.facebook.com\/AkuratsSIA"]}]}},"_links":{"self":[{"href":"https:\/\/akurats.com\/lt\/wp-json\/wp\/v2\/pages\/2129"}],"collection":[{"href":"https:\/\/akurats.com\/lt\/wp-json\/wp\/v2\/pages"}],"about":[{"href":"https:\/\/akurats.com\/lt\/wp-json\/wp\/v2\/types\/page"}],"author":[{"embeddable":true,"href":"https:\/\/akurats.com\/lt\/wp-json\/wp\/v2\/users\/1"}],"replies":[{"embeddable":true,"href":"https:\/\/akurats.com\/lt\/wp-json\/wp\/v2\/comments?post=2129"}],"version-history":[{"count":3,"href":"https:\/\/akurats.com\/lt\/wp-json\/wp\/v2\/pages\/2129\/revisions"}],"predecessor-version":[{"id":2431,"href":"https:\/\/akurats.com\/lt\/wp-json\/wp\/v2\/pages\/2129\/revisions\/2431"}],"wp:featuredmedia":[{"embeddable":true,"href":"https:\/\/akurats.com\/lt\/wp-json\/wp\/v2\/media\/590"}],"wp:attachment":[{"href":"https:\/\/akurats.com\/lt\/wp-json\/wp\/v2\/media?parent=2129"}],"curies":[{"name":"wp","href":"https:\/\/api.w.org\/{rel}","templated":true}]}}