{"id":2121,"date":"2015-10-13T06:27:46","date_gmt":"2015-10-13T06:27:46","guid":{"rendered":"https:\/\/akurats.com\/lt\/?page_id=2121"},"modified":"2015-10-13T06:27:46","modified_gmt":"2015-10-13T06:27:46","slug":"mediniu-grindu-rampa","status":"publish","type":"page","link":"https:\/\/akurats.com\/lt\/grindys\/mediniu-grindu-rampa\/","title":{"rendered":"Medini\u0173 grind\u0173 rampa"},"content":{"rendered":"<div id=\"pl-2121\"  class=\"panel-layout\" ><div id=\"pg-2121-0\"  class=\"panel-grid panel-no-style\" ><div id=\"pgc-2121-0-0\"  class=\"panel-grid-cell\" ><div id=\"panel-2121-0-0-0\" class=\"so-panel widget widget_black-studio-tinymce widget_black_studio_tinymce panel-first-child panel-last-child\" data-index=\"0\" ><div class=\"textwidget\"><p><img src=\"https:\/\/akurats.com\/wp-content\/uploads\/2015\/07\/rampa-koka-gridai.jpg\" alt=\"rampa-koka-gridai\" width=\"300\" height=\"225\" class=\"aligncenter size-full wp-image-1112\" \/><\/p>\n<\/div><\/div><\/div><div id=\"pgc-2121-0-1\"  class=\"panel-grid-cell\" ><div id=\"panel-2121-0-1-0\" class=\"so-panel widget widget_black-studio-tinymce widget_black_studio_tinymce panel-first-child panel-last-child\" data-index=\"1\" ><div class=\"textwidget\"><table class=\"table\">\n<thead>\n<tr class=\"active\">\n<th colspan=\"2\"><center>Techniniai parametrai<\/center><\/th>\n<\/tr>\n<\/thead>\n<tbody>\n<tr>\n<td>Plotis<\/td>\n<td>250 cm<\/td>\n<\/tr>\n<tr>\n<td>Ilgis<\/td>\n<td>125 cm<\/td>\n<\/tr>\n<tr>\n<td>Spalva<\/td>\n<td>aliuminin\u0117<\/td>\n<\/tr>\n<\/tbody>\n<\/table>\n<\/div><\/div><\/div><\/div><\/div>","protected":false},"excerpt":{"rendered":"<p>Techniniai parametrai Plotis 250 cm Ilgis 125 cm Spalva aliuminin\u0117<\/p>\n","protected":false},"author":1,"featured_media":0,"parent":2129,"menu_order":0,"comment_status":"closed","ping_status":"closed","template":"","meta":[],"acf":[],"yoast_head":"<!-- This site is optimized with the Yoast SEO plugin v19.9 - https:\/\/yoast.com\/wordpress\/plugins\/seo\/ -->\n<title>Medini\u0173 grind\u0173 rampa - Ak\u016brats<\/title>\n<meta name=\"robots\" content=\"index, follow, max-snippet:-1, max-image-preview:large, max-video-preview:-1\" \/>\n<link rel=\"canonical\" href=\"https:\/\/akurats.com\/lt\/grindys\/mediniu-grindu-rampa\/\" \/>\n<script type=\"application\/ld+json\" class=\"yoast-schema-graph\">{\"@context\":\"https:\/\/schema.org\",\"@graph\":[{\"@type\":\"WebPage\",\"@id\":\"https:\/\/akurats.com\/lt\/grindys\/mediniu-grindu-rampa\/\",\"url\":\"https:\/\/akurats.com\/lt\/grindys\/mediniu-grindu-rampa\/\",\"name\":\"Medini\u0173 grind\u0173 rampa - Ak\u016brats\",\"isPartOf\":{\"@id\":\"https:\/\/akurats.com\/en\/#website\"},\"datePublished\":\"2015-10-13T06:27:46+00:00\",\"dateModified\":\"2015-10-13T06:27:46+00:00\",\"breadcrumb\":{\"@id\":\"https:\/\/akurats.com\/lt\/grindys\/mediniu-grindu-rampa\/#breadcrumb\"},\"inLanguage\":\"lt\",\"potentialAction\":[{\"@type\":\"ReadAction\",\"target\":[\"https:\/\/akurats.com\/lt\/grindys\/mediniu-grindu-rampa\/\"]}]},{\"@type\":\"BreadcrumbList\",\"@id\":\"https:\/\/akurats.com\/lt\/grindys\/mediniu-grindu-rampa\/#breadcrumb\",\"itemListElement\":[{\"@type\":\"ListItem\",\"position\":1,\"name\":\"Home\",\"item\":\"https:\/\/akurats.com\/lt\/\"},{\"@type\":\"ListItem\",\"position\":2,\"name\":\"Grindys\",\"item\":\"https:\/\/akurats.com\/lt\/grindys\/\"},{\"@type\":\"ListItem\",\"position\":3,\"name\":\"Medini\u0173 grind\u0173 rampa\"}]},{\"@type\":\"WebSite\",\"@id\":\"https:\/\/akurats.com\/en\/#website\",\"url\":\"https:\/\/akurats.com\/en\/\",\"name\":\"Akur\u0101ts\",\"description\":\"rengini\u0173 \u012frangos paslaugos\",\"publisher\":{\"@id\":\"https:\/\/akurats.com\/en\/#organization\"},\"alternateName\":\"Event equipment service\",\"potentialAction\":[{\"@type\":\"SearchAction\",\"target\":{\"@type\":\"EntryPoint\",\"urlTemplate\":\"https:\/\/akurats.com\/en\/?s={search_term_string}\"},\"query-input\":\"required name=search_term_string\"}],\"inLanguage\":\"lt\"},{\"@type\":\"Organization\",\"@id\":\"https:\/\/akurats.com\/en\/#organization\",\"name\":\"Akur\u0101ts\",\"alternateName\":\"Event equipment service\",\"url\":\"https:\/\/akurats.com\/en\/\",\"logo\":{\"@type\":\"ImageObject\",\"inLanguage\":\"lt\",\"@id\":\"https:\/\/akurats.com\/en\/#\/schema\/logo\/image\/\",\"url\":\"https:\/\/akurats.com\/wp-content\/uploads\/2015\/06\/A_logo.png\",\"contentUrl\":\"https:\/\/akurats.com\/wp-content\/uploads\/2015\/06\/A_logo.png\",\"width\":77,\"height\":70,\"caption\":\"Akur\u0101ts\"},\"image\":{\"@id\":\"https:\/\/akurats.com\/en\/#\/schema\/logo\/image\/\"},\"sameAs\":[\"https:\/\/www.facebook.com\/AkuratsSIA\"]}]}<\/script>\n<!-- \/ Yoast SEO plugin. -->","yoast_head_json":{"title":"Medini\u0173 grind\u0173 rampa - Ak\u016brats","robots":{"index":"index","follow":"follow","max-snippet":"max-snippet:-1","max-image-preview":"max-image-preview:large","max-video-preview":"max-video-preview:-1"},"canonical":"https:\/\/akurats.com\/lt\/grindys\/mediniu-grindu-rampa\/","schema":{"@context":"https:\/\/schema.org","@graph":[{"@type":"WebPage","@id":"https:\/\/akurats.com\/lt\/grindys\/mediniu-grindu-rampa\/","url":"https:\/\/akurats.com\/lt\/grindys\/mediniu-grindu-rampa\/","name":"Medini\u0173 grind\u0173 rampa - Ak\u016brats","isPartOf":{"@id":"https:\/\/akurats.com\/en\/#website"},"datePublished":"2015-10-13T06:27:46+00:00","dateModified":"2015-10-13T06:27:46+00:00","breadcrumb":{"@id":"https:\/\/akurats.com\/lt\/grindys\/mediniu-grindu-rampa\/#breadcrumb"},"inLanguage":"lt","potentialAction":[{"@type":"ReadAction","target":["https:\/\/akurats.com\/lt\/grindys\/mediniu-grindu-rampa\/"]}]},{"@type":"BreadcrumbList","@id":"https:\/\/akurats.com\/lt\/grindys\/mediniu-grindu-rampa\/#breadcrumb","itemListElement":[{"@type":"ListItem","position":1,"name":"Home","item":"https:\/\/akurats.com\/lt\/"},{"@type":"ListItem","position":2,"name":"Grindys","item":"https:\/\/akurats.com\/lt\/grindys\/"},{"@type":"ListItem","position":3,"name":"Medini\u0173 grind\u0173 rampa"}]},{"@type":"WebSite","@id":"https:\/\/akurats.com\/en\/#website","url":"https:\/\/akurats.com\/en\/","name":"Akur\u0101ts","description":"rengini\u0173 \u012frangos paslaugos","publisher":{"@id":"https:\/\/akurats.com\/en\/#organization"},"alternateName":"Event equipment service","potentialAction":[{"@type":"SearchAction","target":{"@type":"EntryPoint","urlTemplate":"https:\/\/akurats.com\/en\/?s={search_term_string}"},"query-input":"required name=search_term_string"}],"inLanguage":"lt"},{"@type":"Organization","@id":"https:\/\/akurats.com\/en\/#organization","name":"Akur\u0101ts","alternateName":"Event equipment service","url":"https:\/\/akurats.com\/en\/","logo":{"@type":"ImageObject","inLanguage":"lt","@id":"https:\/\/akurats.com\/en\/#\/schema\/logo\/image\/","url":"https:\/\/akurats.com\/wp-content\/uploads\/2015\/06\/A_logo.png","contentUrl":"https:\/\/akurats.com\/wp-content\/uploads\/2015\/06\/A_logo.png","width":77,"height":70,"caption":"Akur\u0101ts"},"image":{"@id":"https:\/\/akurats.com\/en\/#\/schema\/logo\/image\/"},"sameAs":["https:\/\/www.facebook.com\/AkuratsSIA"]}]}},"_links":{"self":[{"href":"https:\/\/akurats.com\/lt\/wp-json\/wp\/v2\/pages\/2121"}],"collection":[{"href":"https:\/\/akurats.com\/lt\/wp-json\/wp\/v2\/pages"}],"about":[{"href":"https:\/\/akurats.com\/lt\/wp-json\/wp\/v2\/types\/page"}],"author":[{"embeddable":true,"href":"https:\/\/akurats.com\/lt\/wp-json\/wp\/v2\/users\/1"}],"replies":[{"embeddable":true,"href":"https:\/\/akurats.com\/lt\/wp-json\/wp\/v2\/comments?post=2121"}],"version-history":[{"count":1,"href":"https:\/\/akurats.com\/lt\/wp-json\/wp\/v2\/pages\/2121\/revisions"}],"predecessor-version":[{"id":2122,"href":"https:\/\/akurats.com\/lt\/wp-json\/wp\/v2\/pages\/2121\/revisions\/2122"}],"up":[{"embeddable":true,"href":"https:\/\/akurats.com\/lt\/wp-json\/wp\/v2\/pages\/2129"}],"wp:attachment":[{"href":"https:\/\/akurats.com\/lt\/wp-json\/wp\/v2\/media?parent=2121"}],"curies":[{"name":"wp","href":"https:\/\/api.w.org\/{rel}","templated":true}]}}