{"id":2092,"date":"2015-10-12T13:02:10","date_gmt":"2015-10-12T13:02:10","guid":{"rendered":"https:\/\/akurats.com\/?page_id=2092"},"modified":"2017-06-19T06:15:05","modified_gmt":"2017-06-19T06:15:05","slug":"10m-x-15m","status":"publish","type":"page","link":"https:\/\/akurats.com\/lt\/palapines\/10m-x-15m\/","title":{"rendered":"10m x 15m"},"content":{"rendered":"<div id=\"pl-2092\"  class=\"panel-layout\" ><div id=\"pg-2092-0\"  class=\"panel-grid panel-no-style\" ><div id=\"pgc-2092-0-0\"  class=\"panel-grid-cell\" ><div id=\"panel-2092-0-0-0\" class=\"so-panel widget widget_black-studio-tinymce widget_black_studio_tinymce panel-first-child panel-last-child\" data-index=\"0\" ><div class=\"textwidget\"><p><a href=\"https:\/\/akurats.com\/wp-content\/uploads\/2015\/07\/telts10x15_1_big.jpg\"><img src=\"https:\/\/akurats.com\/wp-content\/uploads\/2015\/07\/telts10x15_1_big-300x200.jpg\" alt=\"telts10x15_1_big\" width=\"300\" height=\"200\" class=\"aligncenter size-thumbnail wp-image-820\" \/><\/a><\/p>\n<\/div><\/div><\/div><div id=\"pgc-2092-0-1\"  class=\"panel-grid-cell\" ><div id=\"panel-2092-0-1-0\" class=\"so-panel widget widget_black-studio-tinymce widget_black_studio_tinymce panel-first-child panel-last-child\" data-index=\"1\" ><div class=\"textwidget\"><p><a href=\"https:\/\/akurats.com\/wp-content\/uploads\/2015\/07\/telts10x15_2_big.jpg\"><img src=\"https:\/\/akurats.com\/wp-content\/uploads\/2015\/07\/telts10x15_2_big-300x200.jpg\" alt=\"telts10x15_2_big\" width=\"300\" height=\"200\" class=\"aligncenter size-thumbnail wp-image-825\" \/><\/a><\/p>\n<\/div><\/div><\/div><div id=\"pgc-2092-0-2\"  class=\"panel-grid-cell\" ><div id=\"panel-2092-0-2-0\" class=\"so-panel widget widget_black-studio-tinymce widget_black_studio_tinymce panel-first-child panel-last-child\" data-index=\"2\" ><div class=\"textwidget\"><p><a href=\"https:\/\/akurats.com\/wp-content\/uploads\/2015\/07\/telts10x15_3_big.jpg\"><img src=\"https:\/\/akurats.com\/wp-content\/uploads\/2015\/07\/telts10x15_3_big-300x200.jpg\" alt=\"telts10x15_3_big\" width=\"300\" height=\"200\" class=\"aligncenter size-thumbnail wp-image-830\" \/><\/a><\/p>\n<\/div><\/div><\/div><\/div><div id=\"pg-2092-1\"  class=\"panel-grid panel-no-style\" ><div id=\"pgc-2092-1-0\"  class=\"panel-grid-cell\" ><div id=\"panel-2092-1-0-0\" class=\"so-panel widget widget_black-studio-tinymce widget_black_studio_tinymce panel-first-child panel-last-child\" data-index=\"3\" ><div class=\"textwidget\"><table class=\"table\">\n<thead>\n<tr class=\"active\">\n<th colspan=\"2\"><center>Techniniai parametrai<\/center><\/th>\n<\/tr>\n<\/thead>\n<tbody>\n<tr>\n<td>Plotis<\/td>\n<td>10m (plotis padalintas \u012f dvi 5m plo\u010dio dalis)<\/td>\n<\/tr>\n<tr>\n<td>Ilgis<\/td>\n<td>15m (ilgis padalintas \u012f keturias 5m ilgio dalis)<\/td>\n<\/tr>\n<tr>\n<td>Kra\u0161tinis auk\u0161tis<\/td>\n<td>3 m<\/td>\n<\/tr>\n<tr>\n<td>Kraigo auk\u0161tis<\/td>\n<td>5 m<\/td>\n<\/tr>\n<tr>\n<tr>\n<td>Kra\u0161tinis plotis<\/td>\n<td>5 m<\/td>\n<\/tr>\n<tr>\n<td>Tento audeklas<\/td>\n<td>PVC<\/td>\n<\/tr>\n<tr>\n<td>Spalva<\/td>\n<td>balta<\/td>\n<\/tr>\n<tr>\n<td>R\u0117mas<\/td>\n<td>anoduotas alumininis r\u0117mas<\/td>\n<\/tr>\n<tr>\n<td>Langai<\/td>\n<td>palapin\u0117 prieinama su langais<\/td>\n<\/tr>\n<\/tbody>\n<\/table>\n<\/div><\/div><\/div><\/div><\/div>","protected":false},"excerpt":{"rendered":"<p>Techniniai parametrai Plotis 10m (plotis padalintas \u012f dvi 5m plo\u010dio dalis) Ilgis 15m (ilgis padalintas \u012f keturias 5m ilgio dalis) Kra\u0161tinis auk\u0161tis 3 m Kraigo auk\u0161tis 5 m Kra\u0161tinis plotis 5 m Tento audeklas PVC Spalva balta R\u0117mas anoduotas alumininis r\u0117mas Langai palapin\u0117 prieinama su langais<\/p>\n","protected":false},"author":1,"featured_media":2686,"parent":2002,"menu_order":0,"comment_status":"closed","ping_status":"closed","template":"","meta":[],"acf":[],"yoast_head":"<!-- This site is optimized with the Yoast SEO plugin v19.9 - https:\/\/yoast.com\/wordpress\/plugins\/seo\/ -->\n<title>10m x 15m palapin\u0117s | Akurats<\/title>\n<meta name=\"robots\" content=\"index, follow, max-snippet:-1, max-image-preview:large, max-video-preview:-1\" \/>\n<link rel=\"canonical\" href=\"https:\/\/akurats.com\/lt\/palapines\/10m-x-15m\/\" \/>\n<script type=\"application\/ld+json\" class=\"yoast-schema-graph\">{\"@context\":\"https:\/\/schema.org\",\"@graph\":[{\"@type\":\"WebPage\",\"@id\":\"https:\/\/akurats.com\/lt\/palapines\/10m-x-15m\/\",\"url\":\"https:\/\/akurats.com\/lt\/palapines\/10m-x-15m\/\",\"name\":\"10m x 15m palapin\u0117s | Akurats\",\"isPartOf\":{\"@id\":\"https:\/\/akurats.com\/en\/#website\"},\"datePublished\":\"2015-10-12T13:02:10+00:00\",\"dateModified\":\"2017-06-19T06:15:05+00:00\",\"breadcrumb\":{\"@id\":\"https:\/\/akurats.com\/lt\/palapines\/10m-x-15m\/#breadcrumb\"},\"inLanguage\":\"lt\",\"potentialAction\":[{\"@type\":\"ReadAction\",\"target\":[\"https:\/\/akurats.com\/lt\/palapines\/10m-x-15m\/\"]}]},{\"@type\":\"BreadcrumbList\",\"@id\":\"https:\/\/akurats.com\/lt\/palapines\/10m-x-15m\/#breadcrumb\",\"itemListElement\":[{\"@type\":\"ListItem\",\"position\":1,\"name\":\"Home\",\"item\":\"https:\/\/akurats.com\/lt\/\"},{\"@type\":\"ListItem\",\"position\":2,\"name\":\"Palapin\u0117s\",\"item\":\"https:\/\/akurats.com\/lt\/palapines\/\"},{\"@type\":\"ListItem\",\"position\":3,\"name\":\"10m x 15m\"}]},{\"@type\":\"WebSite\",\"@id\":\"https:\/\/akurats.com\/en\/#website\",\"url\":\"https:\/\/akurats.com\/en\/\",\"name\":\"Akur\u0101ts\",\"description\":\"rengini\u0173 \u012frangos paslaugos\",\"publisher\":{\"@id\":\"https:\/\/akurats.com\/en\/#organization\"},\"alternateName\":\"Event equipment service\",\"potentialAction\":[{\"@type\":\"SearchAction\",\"target\":{\"@type\":\"EntryPoint\",\"urlTemplate\":\"https:\/\/akurats.com\/en\/?s={search_term_string}\"},\"query-input\":\"required name=search_term_string\"}],\"inLanguage\":\"lt\"},{\"@type\":\"Organization\",\"@id\":\"https:\/\/akurats.com\/en\/#organization\",\"name\":\"Akur\u0101ts\",\"alternateName\":\"Event equipment service\",\"url\":\"https:\/\/akurats.com\/en\/\",\"logo\":{\"@type\":\"ImageObject\",\"inLanguage\":\"lt\",\"@id\":\"https:\/\/akurats.com\/en\/#\/schema\/logo\/image\/\",\"url\":\"https:\/\/akurats.com\/wp-content\/uploads\/2015\/06\/A_logo.png\",\"contentUrl\":\"https:\/\/akurats.com\/wp-content\/uploads\/2015\/06\/A_logo.png\",\"width\":77,\"height\":70,\"caption\":\"Akur\u0101ts\"},\"image\":{\"@id\":\"https:\/\/akurats.com\/en\/#\/schema\/logo\/image\/\"},\"sameAs\":[\"https:\/\/www.facebook.com\/AkuratsSIA\"]}]}<\/script>\n<!-- \/ Yoast SEO plugin. -->","yoast_head_json":{"title":"10m x 15m palapin\u0117s | Akurats","robots":{"index":"index","follow":"follow","max-snippet":"max-snippet:-1","max-image-preview":"max-image-preview:large","max-video-preview":"max-video-preview:-1"},"canonical":"https:\/\/akurats.com\/lt\/palapines\/10m-x-15m\/","schema":{"@context":"https:\/\/schema.org","@graph":[{"@type":"WebPage","@id":"https:\/\/akurats.com\/lt\/palapines\/10m-x-15m\/","url":"https:\/\/akurats.com\/lt\/palapines\/10m-x-15m\/","name":"10m x 15m palapin\u0117s | Akurats","isPartOf":{"@id":"https:\/\/akurats.com\/en\/#website"},"datePublished":"2015-10-12T13:02:10+00:00","dateModified":"2017-06-19T06:15:05+00:00","breadcrumb":{"@id":"https:\/\/akurats.com\/lt\/palapines\/10m-x-15m\/#breadcrumb"},"inLanguage":"lt","potentialAction":[{"@type":"ReadAction","target":["https:\/\/akurats.com\/lt\/palapines\/10m-x-15m\/"]}]},{"@type":"BreadcrumbList","@id":"https:\/\/akurats.com\/lt\/palapines\/10m-x-15m\/#breadcrumb","itemListElement":[{"@type":"ListItem","position":1,"name":"Home","item":"https:\/\/akurats.com\/lt\/"},{"@type":"ListItem","position":2,"name":"Palapin\u0117s","item":"https:\/\/akurats.com\/lt\/palapines\/"},{"@type":"ListItem","position":3,"name":"10m x 15m"}]},{"@type":"WebSite","@id":"https:\/\/akurats.com\/en\/#website","url":"https:\/\/akurats.com\/en\/","name":"Akur\u0101ts","description":"rengini\u0173 \u012frangos paslaugos","publisher":{"@id":"https:\/\/akurats.com\/en\/#organization"},"alternateName":"Event equipment service","potentialAction":[{"@type":"SearchAction","target":{"@type":"EntryPoint","urlTemplate":"https:\/\/akurats.com\/en\/?s={search_term_string}"},"query-input":"required name=search_term_string"}],"inLanguage":"lt"},{"@type":"Organization","@id":"https:\/\/akurats.com\/en\/#organization","name":"Akur\u0101ts","alternateName":"Event equipment service","url":"https:\/\/akurats.com\/en\/","logo":{"@type":"ImageObject","inLanguage":"lt","@id":"https:\/\/akurats.com\/en\/#\/schema\/logo\/image\/","url":"https:\/\/akurats.com\/wp-content\/uploads\/2015\/06\/A_logo.png","contentUrl":"https:\/\/akurats.com\/wp-content\/uploads\/2015\/06\/A_logo.png","width":77,"height":70,"caption":"Akur\u0101ts"},"image":{"@id":"https:\/\/akurats.com\/en\/#\/schema\/logo\/image\/"},"sameAs":["https:\/\/www.facebook.com\/AkuratsSIA"]}]}},"_links":{"self":[{"href":"https:\/\/akurats.com\/lt\/wp-json\/wp\/v2\/pages\/2092"}],"collection":[{"href":"https:\/\/akurats.com\/lt\/wp-json\/wp\/v2\/pages"}],"about":[{"href":"https:\/\/akurats.com\/lt\/wp-json\/wp\/v2\/types\/page"}],"author":[{"embeddable":true,"href":"https:\/\/akurats.com\/lt\/wp-json\/wp\/v2\/users\/1"}],"replies":[{"embeddable":true,"href":"https:\/\/akurats.com\/lt\/wp-json\/wp\/v2\/comments?post=2092"}],"version-history":[{"count":2,"href":"https:\/\/akurats.com\/lt\/wp-json\/wp\/v2\/pages\/2092\/revisions"}],"predecessor-version":[{"id":2999,"href":"https:\/\/akurats.com\/lt\/wp-json\/wp\/v2\/pages\/2092\/revisions\/2999"}],"up":[{"embeddable":true,"href":"https:\/\/akurats.com\/lt\/wp-json\/wp\/v2\/pages\/2002"}],"wp:featuredmedia":[{"embeddable":true,"href":"https:\/\/akurats.com\/lt\/wp-json\/wp\/v2\/media\/2686"}],"wp:attachment":[{"href":"https:\/\/akurats.com\/lt\/wp-json\/wp\/v2\/media?parent=2092"}],"curies":[{"name":"wp","href":"https:\/\/api.w.org\/{rel}","templated":true}]}}