{"id":2076,"date":"2015-10-12T12:42:06","date_gmt":"2015-10-12T12:42:06","guid":{"rendered":"https:\/\/akurats.com\/?page_id=2076"},"modified":"2017-06-19T06:13:28","modified_gmt":"2017-06-19T06:13:28","slug":"10m-x-50m","status":"publish","type":"page","link":"https:\/\/akurats.com\/lt\/palapines\/10m-x-50m\/","title":{"rendered":"10m x 50m"},"content":{"rendered":"<div id=\"pl-2076\"  class=\"panel-layout\" ><div id=\"pg-2076-0\"  class=\"panel-grid panel-no-style\" ><div id=\"pgc-2076-0-0\"  class=\"panel-grid-cell\" ><div id=\"panel-2076-0-0-0\" class=\"so-panel widget widget_black-studio-tinymce widget_black_studio_tinymce panel-first-child panel-last-child\" data-index=\"0\" ><div class=\"textwidget\"><p><img class=\"aligncenter wp-image-861 size-full\" src=\"https:\/\/akurats.com\/wp-content\/uploads\/2015\/07\/telts10x50_foto2.jpg\" alt=\"telts10x50_foto2\" width=\"500\" height=\"233\" \/><\/p>\n<\/div><\/div><\/div><div id=\"pgc-2076-0-1\"  class=\"panel-grid-cell\" ><div id=\"panel-2076-0-1-0\" class=\"so-panel widget widget_black-studio-tinymce widget_black_studio_tinymce panel-first-child panel-last-child\" data-index=\"1\" ><div class=\"textwidget\"><p><img class=\"aligncenter wp-image-866 size-full\" src=\"https:\/\/akurats.com\/wp-content\/uploads\/2015\/07\/telts10x50_shema2.jpg\" alt=\"telts10x50_shema2\" width=\"400\" height=\"199\" \/><\/p>\n<\/div><\/div><\/div><\/div><div id=\"pg-2076-1\"  class=\"panel-grid panel-no-style\" ><div id=\"pgc-2076-1-0\"  class=\"panel-grid-cell\" ><div id=\"panel-2076-1-0-0\" class=\"so-panel widget widget_black-studio-tinymce widget_black_studio_tinymce panel-first-child panel-last-child\" data-index=\"2\" ><div class=\"textwidget\"><p>Bet koki\u0105 tokios 500m\u00b2 dyd\u017eio palapin\u0117s stogin\u0119 galima pailginti kas penkis metrus, tokiu b\u016bdu palapin\u0117s kvadrat\u016br\u0105 galima pritaikyti J\u016bs\u0173 renginiui reikalingam plotui ir planuotam \u017emoni\u0173 skai\u010diui. Papildomai \u0161ioms palapin\u0117ms prieinamos \u012fvairi\u0173 r\u016b\u0161i\u0173 sienos: klasikin\u0117s, pari\u0161tos ir su langu.<\/p>\n<table class=\"table\">\n<thead>\n<tr class=\"active\">\n<th colspan=\"2\"><center>Techniniai parametrai<\/center><\/th>\n<\/tr>\n<\/thead>\n<tbody>\n<tr>\n<td>Plotis<\/td>\n<td>10m (plotis padalintas \u012f dvi 5m plo\u010dio dalis)<\/td>\n<\/tr>\n<tr>\n<td>Ilgis<\/td>\n<td>50m (ilgis padalintas \u012f de\u0161imt 5m ilgio dal\u0173)<\/td>\n<\/tr>\n<tr>\n<td>Kra\u0161tinis auk\u0161tis<\/td>\n<td>2,4 m<\/td>\n<\/tr>\n<tr>\n<td>Kraigo auk\u0161tis<\/td>\n<td>4 m<\/td>\n<\/tr>\n<tr>\n<td>Kra\u0161tinis plotis<\/td>\n<td>5 m<\/td>\n<\/tr>\n<tr>\n<td>Tento audeklas<\/td>\n<td>PVC<\/td>\n<\/tr>\n<tr>\n<td>Spalva<\/td>\n<td>balta<\/td>\n<\/tr>\n<tr>\n<td>R\u0117mas<\/td>\n<td>anoduotas alumininis r\u0117mas<\/td>\n<\/tr>\n<tr>\n<td>Langai<\/td>\n<td>palapin\u0117 prieinama su langais<\/td>\n<\/tr>\n<\/tbody>\n<\/table>\n<\/div><\/div><\/div><\/div><\/div>","protected":false},"excerpt":{"rendered":"<p>Bet koki\u0105 tokios 500m\u00b2 dyd\u017eio palapin\u0117s stogin\u0119 galima pailginti kas penkis metrus, tokiu b\u016bdu palapin\u0117s kvadrat\u016br\u0105 galima pritaikyti J\u016bs\u0173 renginiui reikalingam plotui ir planuotam \u017emoni\u0173 skai\u010diui. Papildomai \u0161ioms palapin\u0117ms prieinamos \u012fvairi\u0173 r\u016b\u0161i\u0173 sienos: klasikin\u0117s, pari\u0161tos ir su langu. Techniniai parametrai Plotis 10m (plotis padalintas \u012f dvi 5m plo\u010dio dalis) Ilgis 50m (ilgis padalintas \u012f de\u0161imt &hellip;<\/p>\n","protected":false},"author":1,"featured_media":1996,"parent":2002,"menu_order":0,"comment_status":"closed","ping_status":"closed","template":"","meta":[],"acf":[],"yoast_head":"<!-- This site is optimized with the Yoast SEO plugin v19.9 - https:\/\/yoast.com\/wordpress\/plugins\/seo\/ -->\n<title>10m x 50m palapin\u0117s | Akurats<\/title>\n<meta name=\"robots\" content=\"index, follow, max-snippet:-1, max-image-preview:large, max-video-preview:-1\" \/>\n<link rel=\"canonical\" href=\"https:\/\/akurats.com\/lt\/palapines\/10m-x-50m\/\" \/>\n<script type=\"application\/ld+json\" class=\"yoast-schema-graph\">{\"@context\":\"https:\/\/schema.org\",\"@graph\":[{\"@type\":\"WebPage\",\"@id\":\"https:\/\/akurats.com\/lt\/palapines\/10m-x-50m\/\",\"url\":\"https:\/\/akurats.com\/lt\/palapines\/10m-x-50m\/\",\"name\":\"10m x 50m palapin\u0117s | Akurats\",\"isPartOf\":{\"@id\":\"https:\/\/akurats.com\/en\/#website\"},\"datePublished\":\"2015-10-12T12:42:06+00:00\",\"dateModified\":\"2017-06-19T06:13:28+00:00\",\"breadcrumb\":{\"@id\":\"https:\/\/akurats.com\/lt\/palapines\/10m-x-50m\/#breadcrumb\"},\"inLanguage\":\"lt\",\"potentialAction\":[{\"@type\":\"ReadAction\",\"target\":[\"https:\/\/akurats.com\/lt\/palapines\/10m-x-50m\/\"]}]},{\"@type\":\"BreadcrumbList\",\"@id\":\"https:\/\/akurats.com\/lt\/palapines\/10m-x-50m\/#breadcrumb\",\"itemListElement\":[{\"@type\":\"ListItem\",\"position\":1,\"name\":\"Home\",\"item\":\"https:\/\/akurats.com\/lt\/\"},{\"@type\":\"ListItem\",\"position\":2,\"name\":\"Palapin\u0117s\",\"item\":\"https:\/\/akurats.com\/lt\/palapines\/\"},{\"@type\":\"ListItem\",\"position\":3,\"name\":\"10m x 50m\"}]},{\"@type\":\"WebSite\",\"@id\":\"https:\/\/akurats.com\/en\/#website\",\"url\":\"https:\/\/akurats.com\/en\/\",\"name\":\"Akur\u0101ts\",\"description\":\"rengini\u0173 \u012frangos paslaugos\",\"publisher\":{\"@id\":\"https:\/\/akurats.com\/en\/#organization\"},\"alternateName\":\"Event equipment service\",\"potentialAction\":[{\"@type\":\"SearchAction\",\"target\":{\"@type\":\"EntryPoint\",\"urlTemplate\":\"https:\/\/akurats.com\/en\/?s={search_term_string}\"},\"query-input\":\"required name=search_term_string\"}],\"inLanguage\":\"lt\"},{\"@type\":\"Organization\",\"@id\":\"https:\/\/akurats.com\/en\/#organization\",\"name\":\"Akur\u0101ts\",\"alternateName\":\"Event equipment service\",\"url\":\"https:\/\/akurats.com\/en\/\",\"logo\":{\"@type\":\"ImageObject\",\"inLanguage\":\"lt\",\"@id\":\"https:\/\/akurats.com\/en\/#\/schema\/logo\/image\/\",\"url\":\"https:\/\/akurats.com\/wp-content\/uploads\/2015\/06\/A_logo.png\",\"contentUrl\":\"https:\/\/akurats.com\/wp-content\/uploads\/2015\/06\/A_logo.png\",\"width\":77,\"height\":70,\"caption\":\"Akur\u0101ts\"},\"image\":{\"@id\":\"https:\/\/akurats.com\/en\/#\/schema\/logo\/image\/\"},\"sameAs\":[\"https:\/\/www.facebook.com\/AkuratsSIA\"]}]}<\/script>\n<!-- \/ Yoast SEO plugin. -->","yoast_head_json":{"title":"10m x 50m palapin\u0117s | Akurats","robots":{"index":"index","follow":"follow","max-snippet":"max-snippet:-1","max-image-preview":"max-image-preview:large","max-video-preview":"max-video-preview:-1"},"canonical":"https:\/\/akurats.com\/lt\/palapines\/10m-x-50m\/","schema":{"@context":"https:\/\/schema.org","@graph":[{"@type":"WebPage","@id":"https:\/\/akurats.com\/lt\/palapines\/10m-x-50m\/","url":"https:\/\/akurats.com\/lt\/palapines\/10m-x-50m\/","name":"10m x 50m palapin\u0117s | Akurats","isPartOf":{"@id":"https:\/\/akurats.com\/en\/#website"},"datePublished":"2015-10-12T12:42:06+00:00","dateModified":"2017-06-19T06:13:28+00:00","breadcrumb":{"@id":"https:\/\/akurats.com\/lt\/palapines\/10m-x-50m\/#breadcrumb"},"inLanguage":"lt","potentialAction":[{"@type":"ReadAction","target":["https:\/\/akurats.com\/lt\/palapines\/10m-x-50m\/"]}]},{"@type":"BreadcrumbList","@id":"https:\/\/akurats.com\/lt\/palapines\/10m-x-50m\/#breadcrumb","itemListElement":[{"@type":"ListItem","position":1,"name":"Home","item":"https:\/\/akurats.com\/lt\/"},{"@type":"ListItem","position":2,"name":"Palapin\u0117s","item":"https:\/\/akurats.com\/lt\/palapines\/"},{"@type":"ListItem","position":3,"name":"10m x 50m"}]},{"@type":"WebSite","@id":"https:\/\/akurats.com\/en\/#website","url":"https:\/\/akurats.com\/en\/","name":"Akur\u0101ts","description":"rengini\u0173 \u012frangos paslaugos","publisher":{"@id":"https:\/\/akurats.com\/en\/#organization"},"alternateName":"Event equipment service","potentialAction":[{"@type":"SearchAction","target":{"@type":"EntryPoint","urlTemplate":"https:\/\/akurats.com\/en\/?s={search_term_string}"},"query-input":"required name=search_term_string"}],"inLanguage":"lt"},{"@type":"Organization","@id":"https:\/\/akurats.com\/en\/#organization","name":"Akur\u0101ts","alternateName":"Event equipment service","url":"https:\/\/akurats.com\/en\/","logo":{"@type":"ImageObject","inLanguage":"lt","@id":"https:\/\/akurats.com\/en\/#\/schema\/logo\/image\/","url":"https:\/\/akurats.com\/wp-content\/uploads\/2015\/06\/A_logo.png","contentUrl":"https:\/\/akurats.com\/wp-content\/uploads\/2015\/06\/A_logo.png","width":77,"height":70,"caption":"Akur\u0101ts"},"image":{"@id":"https:\/\/akurats.com\/en\/#\/schema\/logo\/image\/"},"sameAs":["https:\/\/www.facebook.com\/AkuratsSIA"]}]}},"_links":{"self":[{"href":"https:\/\/akurats.com\/lt\/wp-json\/wp\/v2\/pages\/2076"}],"collection":[{"href":"https:\/\/akurats.com\/lt\/wp-json\/wp\/v2\/pages"}],"about":[{"href":"https:\/\/akurats.com\/lt\/wp-json\/wp\/v2\/types\/page"}],"author":[{"embeddable":true,"href":"https:\/\/akurats.com\/lt\/wp-json\/wp\/v2\/users\/1"}],"replies":[{"embeddable":true,"href":"https:\/\/akurats.com\/lt\/wp-json\/wp\/v2\/comments?post=2076"}],"version-history":[{"count":2,"href":"https:\/\/akurats.com\/lt\/wp-json\/wp\/v2\/pages\/2076\/revisions"}],"predecessor-version":[{"id":2996,"href":"https:\/\/akurats.com\/lt\/wp-json\/wp\/v2\/pages\/2076\/revisions\/2996"}],"up":[{"embeddable":true,"href":"https:\/\/akurats.com\/lt\/wp-json\/wp\/v2\/pages\/2002"}],"wp:featuredmedia":[{"embeddable":true,"href":"https:\/\/akurats.com\/lt\/wp-json\/wp\/v2\/media\/1996"}],"wp:attachment":[{"href":"https:\/\/akurats.com\/lt\/wp-json\/wp\/v2\/media?parent=2076"}],"curies":[{"name":"wp","href":"https:\/\/api.w.org\/{rel}","templated":true}]}}