{"id":2062,"date":"2015-10-12T12:11:11","date_gmt":"2015-10-12T12:11:11","guid":{"rendered":"https:\/\/akurats.com\/?page_id=2062"},"modified":"2017-06-19T06:18:02","modified_gmt":"2017-06-19T06:18:02","slug":"12m-x-50m","status":"publish","type":"page","link":"https:\/\/akurats.com\/lt\/palapines\/12m-x-50m\/","title":{"rendered":"12m x 50m"},"content":{"rendered":"<div id=\"pl-2062\"  class=\"panel-layout\" ><div id=\"pg-2062-0\"  class=\"panel-grid panel-no-style\" ><div id=\"pgc-2062-0-0\"  class=\"panel-grid-cell\" ><div id=\"panel-2062-0-0-0\" class=\"so-panel widget widget_black-studio-tinymce widget_black_studio_tinymce panel-first-child panel-last-child\" data-index=\"0\" ><div class=\"textwidget\"><p><a href=\"https:\/\/akurats.com\/wp-content\/uploads\/2015\/07\/telts_12x50_1_big.jpg\"><img src=\"https:\/\/akurats.com\/wp-content\/uploads\/2015\/07\/telts_12x50_1_big-300x200.jpg\" alt=\"telts_12x50_1_big\" width=\"300\" height=\"200\" class=\"aligncenter size-thumbnail wp-image-917\" \/><\/a><\/p>\n<\/div><\/div><\/div><div id=\"pgc-2062-0-1\"  class=\"panel-grid-cell\" ><div id=\"panel-2062-0-1-0\" class=\"so-panel widget widget_black-studio-tinymce widget_black_studio_tinymce panel-first-child panel-last-child\" data-index=\"1\" ><div class=\"textwidget\"><p><a href=\"https:\/\/akurats.com\/wp-content\/uploads\/2015\/07\/telts_12x50_5_big.jpg\"><img src=\"https:\/\/akurats.com\/wp-content\/uploads\/2015\/07\/telts_12x50_5_big-300x200.jpg\" alt=\"telts_12x50_5_big\" width=\"300\" height=\"200\" class=\"aligncenter size-thumbnail wp-image-922\" \/><\/a><\/p>\n<\/div><\/div><\/div><div id=\"pgc-2062-0-2\"  class=\"panel-grid-cell\" ><div id=\"panel-2062-0-2-0\" class=\"so-panel widget widget_black-studio-tinymce widget_black_studio_tinymce panel-first-child panel-last-child\" data-index=\"2\" ><div class=\"textwidget\"><p><a href=\"https:\/\/akurats.com\/wp-content\/uploads\/2015\/07\/telts_12x50_6_big.jpg\"><img src=\"https:\/\/akurats.com\/wp-content\/uploads\/2015\/07\/telts_12x50_6_big-300x200.jpg\" alt=\"telts_12x50_6_big\" width=\"300\" height=\"200\" class=\"aligncenter size-thumbnail wp-image-927\" \/><\/a><\/p>\n<\/div><\/div><\/div><div id=\"pgc-2062-0-3\"  class=\"panel-grid-cell\" ><div id=\"panel-2062-0-3-0\" class=\"so-panel widget widget_black-studio-tinymce widget_black_studio_tinymce panel-first-child panel-last-child\" data-index=\"3\" ><div class=\"textwidget\"><p><a href=\"https:\/\/akurats.com\/wp-content\/uploads\/2015\/07\/telts_12x50_8_big.jpg\"><img src=\"https:\/\/akurats.com\/wp-content\/uploads\/2015\/07\/telts_12x50_8_big-300x200.jpg\" alt=\"telts_12x50_8_big\" width=\"300\" height=\"200\" class=\"aligncenter size-thumbnail wp-image-932\" \/><\/a><\/p>\n<\/div><\/div><\/div><\/div><div id=\"pg-2062-1\"  class=\"panel-grid panel-no-style\" ><div id=\"pgc-2062-1-0\"  class=\"panel-grid-cell\" ><div id=\"panel-2062-1-0-0\" class=\"so-panel widget widget_black-studio-tinymce widget_black_studio_tinymce panel-first-child panel-last-child\" data-index=\"4\" ><div class=\"textwidget\"><p><a href=\"https:\/\/akurats.com\/wp-content\/uploads\/2015\/07\/telts_12x50_9_big.jpg\"><img src=\"https:\/\/akurats.com\/wp-content\/uploads\/2015\/07\/telts_12x50_9_big-300x200.jpg\" alt=\"telts_12x50_9_big\" width=\"300\" height=\"200\" class=\"aligncenter size-thumbnail wp-image-937\" \/><\/a><\/p>\n<\/div><\/div><\/div><div id=\"pgc-2062-1-1\"  class=\"panel-grid-cell\" ><div id=\"panel-2062-1-1-0\" class=\"so-panel widget widget_black-studio-tinymce widget_black_studio_tinymce panel-first-child panel-last-child\" data-index=\"5\" ><div class=\"textwidget\"><p><a href=\"https:\/\/akurats.com\/wp-content\/uploads\/2015\/07\/telts_12x50_21_big.jpg\"><img src=\"https:\/\/akurats.com\/wp-content\/uploads\/2015\/07\/telts_12x50_21_big-300x200.jpg\" alt=\"telts_12x50_21_big\" width=\"300\" height=\"200\" class=\"aligncenter size-thumbnail wp-image-942\" \/><\/a><\/p>\n<\/div><\/div><\/div><div id=\"pgc-2062-1-2\"  class=\"panel-grid-cell\" ><div id=\"panel-2062-1-2-0\" class=\"so-panel widget widget_black-studio-tinymce widget_black_studio_tinymce panel-first-child panel-last-child\" data-index=\"6\" ><div class=\"textwidget\"><p><a href=\"https:\/\/akurats.com\/wp-content\/uploads\/2015\/07\/telts_12x50_29_big.jpg\"><img src=\"https:\/\/akurats.com\/wp-content\/uploads\/2015\/07\/telts_12x50_29_big-300x200.jpg\" alt=\"telts_12x50_29_big\" width=\"300\" height=\"200\" class=\"aligncenter size-thumbnail wp-image-947\" \/><\/a><\/p>\n<\/div><\/div><\/div><div id=\"pgc-2062-1-3\"  class=\"panel-grid-cell\" ><div id=\"panel-2062-1-3-0\" class=\"so-panel widget widget_black-studio-tinymce widget_black_studio_tinymce panel-first-child panel-last-child\" data-index=\"7\" ><div class=\"textwidget\"><p><a href=\"https:\/\/akurats.com\/wp-content\/uploads\/2015\/07\/telts_12x50_30_big.jpg\"><img src=\"https:\/\/akurats.com\/wp-content\/uploads\/2015\/07\/telts_12x50_30_big-300x200.jpg\" alt=\"telts_12x50_30_big\" width=\"300\" height=\"200\" class=\"aligncenter size-thumbnail wp-image-952\" \/><\/a><\/p>\n<\/div><\/div><\/div><\/div><div id=\"pg-2062-2\"  class=\"panel-grid panel-no-style\" ><div id=\"pgc-2062-2-0\"  class=\"panel-grid-cell\" ><div id=\"panel-2062-2-0-0\" class=\"so-panel widget widget_black-studio-tinymce widget_black_studio_tinymce panel-first-child panel-last-child\" data-index=\"8\" ><div class=\"textwidget\"><p>Bet koki\u0105 tokios 600m\u00b2 dyd\u017eio palapin\u0117s stogin\u0119 galima pailginti kas penkis metrus, tokiu b\u016bdu palapin\u0117s kvadrat\u016br\u0105 galima pritaikyti J\u016bs\u0173 renginiui reikalingam plotui ir planuotam \u017emoni\u0173 skai\u010diui. Papildomai \u0161ioms palapin\u0117ms prieinamos \u012fvairi\u0173 r\u016b\u0161i\u0173 sienos: klasikin\u0117s, pari\u0161tos ir su langu.<\/p>\n<p>&nbsp;<\/p>\n<table class=\"table\">\n<thead>\n<tr class=\"active\">\n<th colspan=\"2\"><center>Technniai parametrai<\/center><\/th>\n<\/tr>\n<\/thead>\n<tbody>\n<tr>\n<td>Plotis<\/td>\n<td>12m (plotis padalintas \u012f dvi 6m plo\u010dio dalis)<\/td>\n<\/tr>\n<tr>\n<td>Ilgis<\/td>\n<td>50m (ilgis padalintas \u012f de\u0161imt 5m ilgio dali\u0173)<\/td>\n<\/tr>\n<tr>\n<td>Kra\u0161tinis auk\u0161tis<\/td>\n<td>2,3 m<\/td>\n<\/tr>\n<tr>\n<td>Kraigo auk\u0161tis<\/td>\n<td>4,3 m<\/td>\n<\/tr>\n<tr>\n<td>Kra\u0161tinis plotis<\/td>\n<td>5 m<\/td>\n<\/tr>\n<tr>\n<tr>\n<td>Gal\u0173 plotis<\/td>\n<td>12 m<\/td>\n<\/tr>\n<tr>\n<td>Tento audeklas<\/td>\n<td>PVC<\/td>\n<\/tr>\n<tr>\n<td>Spalva<\/td>\n<td>balta<\/td>\n<\/tr>\n<tr>\n<td>R\u0117mas<\/td>\n<td>anoduotas alumininis r\u0117mas<\/td>\n<\/tr>\n<tr>\n<td>Langai<\/td>\n<td>palapin\u0117 prieinama su langais<\/td>\n<\/tr>\n<\/tbody>\n<\/table>\n<\/div><\/div><\/div><\/div><\/div>","protected":false},"excerpt":{"rendered":"<p>Bet koki\u0105 tokios 600m\u00b2 dyd\u017eio palapin\u0117s stogin\u0119 galima pailginti kas penkis metrus, tokiu b\u016bdu palapin\u0117s kvadrat\u016br\u0105 galima pritaikyti J\u016bs\u0173 renginiui reikalingam plotui ir planuotam \u017emoni\u0173 skai\u010diui. Papildomai \u0161ioms palapin\u0117ms prieinamos \u012fvairi\u0173 r\u016b\u0161i\u0173 sienos: klasikin\u0117s, pari\u0161tos ir su langu. &nbsp; Technniai parametrai Plotis 12m (plotis padalintas \u012f dvi 6m plo\u010dio dalis) Ilgis 50m (ilgis padalintas \u012f &hellip;<\/p>\n","protected":false},"author":1,"featured_media":956,"parent":2002,"menu_order":0,"comment_status":"closed","ping_status":"closed","template":"","meta":[],"acf":[],"yoast_head":"<!-- This site is optimized with the Yoast SEO plugin v19.9 - https:\/\/yoast.com\/wordpress\/plugins\/seo\/ -->\n<title>12m x 50m palapin\u0117s | Akurats<\/title>\n<meta name=\"robots\" content=\"index, follow, max-snippet:-1, max-image-preview:large, max-video-preview:-1\" \/>\n<link rel=\"canonical\" href=\"https:\/\/akurats.com\/lt\/palapines\/12m-x-50m\/\" \/>\n<meta name=\"twitter:label1\" content=\"Est. reading time\" \/>\n\t<meta name=\"twitter:data1\" content=\"1 minute\" \/>\n<script type=\"application\/ld+json\" class=\"yoast-schema-graph\">{\"@context\":\"https:\/\/schema.org\",\"@graph\":[{\"@type\":\"WebPage\",\"@id\":\"https:\/\/akurats.com\/lt\/palapines\/12m-x-50m\/\",\"url\":\"https:\/\/akurats.com\/lt\/palapines\/12m-x-50m\/\",\"name\":\"12m x 50m palapin\u0117s | Akurats\",\"isPartOf\":{\"@id\":\"https:\/\/akurats.com\/en\/#website\"},\"datePublished\":\"2015-10-12T12:11:11+00:00\",\"dateModified\":\"2017-06-19T06:18:02+00:00\",\"breadcrumb\":{\"@id\":\"https:\/\/akurats.com\/lt\/palapines\/12m-x-50m\/#breadcrumb\"},\"inLanguage\":\"lt\",\"potentialAction\":[{\"@type\":\"ReadAction\",\"target\":[\"https:\/\/akurats.com\/lt\/palapines\/12m-x-50m\/\"]}]},{\"@type\":\"BreadcrumbList\",\"@id\":\"https:\/\/akurats.com\/lt\/palapines\/12m-x-50m\/#breadcrumb\",\"itemListElement\":[{\"@type\":\"ListItem\",\"position\":1,\"name\":\"Home\",\"item\":\"https:\/\/akurats.com\/lt\/\"},{\"@type\":\"ListItem\",\"position\":2,\"name\":\"Palapin\u0117s\",\"item\":\"https:\/\/akurats.com\/lt\/palapines\/\"},{\"@type\":\"ListItem\",\"position\":3,\"name\":\"12m x 50m\"}]},{\"@type\":\"WebSite\",\"@id\":\"https:\/\/akurats.com\/en\/#website\",\"url\":\"https:\/\/akurats.com\/en\/\",\"name\":\"Akur\u0101ts\",\"description\":\"rengini\u0173 \u012frangos paslaugos\",\"publisher\":{\"@id\":\"https:\/\/akurats.com\/en\/#organization\"},\"alternateName\":\"Event equipment service\",\"potentialAction\":[{\"@type\":\"SearchAction\",\"target\":{\"@type\":\"EntryPoint\",\"urlTemplate\":\"https:\/\/akurats.com\/en\/?s={search_term_string}\"},\"query-input\":\"required name=search_term_string\"}],\"inLanguage\":\"lt\"},{\"@type\":\"Organization\",\"@id\":\"https:\/\/akurats.com\/en\/#organization\",\"name\":\"Akur\u0101ts\",\"alternateName\":\"Event equipment service\",\"url\":\"https:\/\/akurats.com\/en\/\",\"logo\":{\"@type\":\"ImageObject\",\"inLanguage\":\"lt\",\"@id\":\"https:\/\/akurats.com\/en\/#\/schema\/logo\/image\/\",\"url\":\"https:\/\/akurats.com\/wp-content\/uploads\/2015\/06\/A_logo.png\",\"contentUrl\":\"https:\/\/akurats.com\/wp-content\/uploads\/2015\/06\/A_logo.png\",\"width\":77,\"height\":70,\"caption\":\"Akur\u0101ts\"},\"image\":{\"@id\":\"https:\/\/akurats.com\/en\/#\/schema\/logo\/image\/\"},\"sameAs\":[\"https:\/\/www.facebook.com\/AkuratsSIA\"]}]}<\/script>\n<!-- \/ Yoast SEO plugin. -->","yoast_head_json":{"title":"12m x 50m palapin\u0117s | Akurats","robots":{"index":"index","follow":"follow","max-snippet":"max-snippet:-1","max-image-preview":"max-image-preview:large","max-video-preview":"max-video-preview:-1"},"canonical":"https:\/\/akurats.com\/lt\/palapines\/12m-x-50m\/","twitter_misc":{"Est. reading time":"1 minute"},"schema":{"@context":"https:\/\/schema.org","@graph":[{"@type":"WebPage","@id":"https:\/\/akurats.com\/lt\/palapines\/12m-x-50m\/","url":"https:\/\/akurats.com\/lt\/palapines\/12m-x-50m\/","name":"12m x 50m palapin\u0117s | Akurats","isPartOf":{"@id":"https:\/\/akurats.com\/en\/#website"},"datePublished":"2015-10-12T12:11:11+00:00","dateModified":"2017-06-19T06:18:02+00:00","breadcrumb":{"@id":"https:\/\/akurats.com\/lt\/palapines\/12m-x-50m\/#breadcrumb"},"inLanguage":"lt","potentialAction":[{"@type":"ReadAction","target":["https:\/\/akurats.com\/lt\/palapines\/12m-x-50m\/"]}]},{"@type":"BreadcrumbList","@id":"https:\/\/akurats.com\/lt\/palapines\/12m-x-50m\/#breadcrumb","itemListElement":[{"@type":"ListItem","position":1,"name":"Home","item":"https:\/\/akurats.com\/lt\/"},{"@type":"ListItem","position":2,"name":"Palapin\u0117s","item":"https:\/\/akurats.com\/lt\/palapines\/"},{"@type":"ListItem","position":3,"name":"12m x 50m"}]},{"@type":"WebSite","@id":"https:\/\/akurats.com\/en\/#website","url":"https:\/\/akurats.com\/en\/","name":"Akur\u0101ts","description":"rengini\u0173 \u012frangos paslaugos","publisher":{"@id":"https:\/\/akurats.com\/en\/#organization"},"alternateName":"Event equipment service","potentialAction":[{"@type":"SearchAction","target":{"@type":"EntryPoint","urlTemplate":"https:\/\/akurats.com\/en\/?s={search_term_string}"},"query-input":"required name=search_term_string"}],"inLanguage":"lt"},{"@type":"Organization","@id":"https:\/\/akurats.com\/en\/#organization","name":"Akur\u0101ts","alternateName":"Event equipment service","url":"https:\/\/akurats.com\/en\/","logo":{"@type":"ImageObject","inLanguage":"lt","@id":"https:\/\/akurats.com\/en\/#\/schema\/logo\/image\/","url":"https:\/\/akurats.com\/wp-content\/uploads\/2015\/06\/A_logo.png","contentUrl":"https:\/\/akurats.com\/wp-content\/uploads\/2015\/06\/A_logo.png","width":77,"height":70,"caption":"Akur\u0101ts"},"image":{"@id":"https:\/\/akurats.com\/en\/#\/schema\/logo\/image\/"},"sameAs":["https:\/\/www.facebook.com\/AkuratsSIA"]}]}},"_links":{"self":[{"href":"https:\/\/akurats.com\/lt\/wp-json\/wp\/v2\/pages\/2062"}],"collection":[{"href":"https:\/\/akurats.com\/lt\/wp-json\/wp\/v2\/pages"}],"about":[{"href":"https:\/\/akurats.com\/lt\/wp-json\/wp\/v2\/types\/page"}],"author":[{"embeddable":true,"href":"https:\/\/akurats.com\/lt\/wp-json\/wp\/v2\/users\/1"}],"replies":[{"embeddable":true,"href":"https:\/\/akurats.com\/lt\/wp-json\/wp\/v2\/comments?post=2062"}],"version-history":[{"count":2,"href":"https:\/\/akurats.com\/lt\/wp-json\/wp\/v2\/pages\/2062\/revisions"}],"predecessor-version":[{"id":3005,"href":"https:\/\/akurats.com\/lt\/wp-json\/wp\/v2\/pages\/2062\/revisions\/3005"}],"up":[{"embeddable":true,"href":"https:\/\/akurats.com\/lt\/wp-json\/wp\/v2\/pages\/2002"}],"wp:featuredmedia":[{"embeddable":true,"href":"https:\/\/akurats.com\/lt\/wp-json\/wp\/v2\/media\/956"}],"wp:attachment":[{"href":"https:\/\/akurats.com\/lt\/wp-json\/wp\/v2\/media?parent=2062"}],"curies":[{"name":"wp","href":"https:\/\/api.w.org\/{rel}","templated":true}]}}