{"id":2052,"date":"2015-10-12T11:55:07","date_gmt":"2015-10-12T11:55:07","guid":{"rendered":"https:\/\/akurats.com\/?page_id=2052"},"modified":"2017-06-19T06:20:33","modified_gmt":"2017-06-19T06:20:33","slug":"20m-x-25m","status":"publish","type":"page","link":"https:\/\/akurats.com\/lt\/palapines\/20m-x-25m\/","title":{"rendered":"20m x 25m"},"content":{"rendered":"<div id=\"pl-2052\"  class=\"panel-layout\" ><div id=\"pg-2052-0\"  class=\"panel-grid panel-no-style\" ><div id=\"pgc-2052-0-0\"  class=\"panel-grid-cell\" ><div id=\"panel-2052-0-0-0\" class=\"so-panel widget widget_black-studio-tinymce widget_black_studio_tinymce panel-first-child panel-last-child\" data-index=\"0\" ><div class=\"textwidget\"><p><a href=\"https:\/\/akurats.com\/wp-content\/uploads\/2015\/07\/telts_20x25_01_big.jpg\"><img src=\"https:\/\/akurats.com\/wp-content\/uploads\/2015\/07\/telts_20x25_01_big-300x200.jpg\" alt=\"telts_20x25_01_big\" width=\"300\" height=\"200\" class=\"aligncenter size-thumbnail wp-image-959\" \/><\/a><\/p>\n<\/div><\/div><\/div><div id=\"pgc-2052-0-1\"  class=\"panel-grid-cell\" ><div id=\"panel-2052-0-1-0\" class=\"so-panel widget widget_black-studio-tinymce widget_black_studio_tinymce panel-first-child panel-last-child\" data-index=\"1\" ><div class=\"textwidget\"><p><a href=\"https:\/\/akurats.com\/wp-content\/uploads\/2015\/07\/telts_20x25_02_big.jpg\"><img src=\"https:\/\/akurats.com\/wp-content\/uploads\/2015\/07\/telts_20x25_02_big-300x200.jpg\" alt=\"telts_20x25_02_big\" width=\"300\" height=\"200\" class=\"aligncenter size-thumbnail wp-image-964\" \/><\/a><\/p>\n<\/div><\/div><\/div><div id=\"pgc-2052-0-2\"  class=\"panel-grid-cell\" ><div id=\"panel-2052-0-2-0\" class=\"so-panel widget widget_black-studio-tinymce widget_black_studio_tinymce panel-first-child panel-last-child\" data-index=\"2\" ><div class=\"textwidget\"><p><a href=\"https:\/\/akurats.com\/wp-content\/uploads\/2015\/07\/telts_20x25_04_big.jpg\"><img src=\"https:\/\/akurats.com\/wp-content\/uploads\/2015\/07\/telts_20x25_04_big-300x200.jpg\" alt=\"telts_20x25_04_big\" width=\"300\" height=\"200\" class=\"aligncenter size-thumbnail wp-image-974\" \/><\/a><\/p>\n<\/div><\/div><\/div><div id=\"pgc-2052-0-3\"  class=\"panel-grid-cell\" ><div id=\"panel-2052-0-3-0\" class=\"so-panel widget widget_black-studio-tinymce widget_black_studio_tinymce panel-first-child panel-last-child\" data-index=\"3\" ><div class=\"textwidget\"><p><a href=\"https:\/\/akurats.com\/wp-content\/uploads\/2015\/07\/telts_20x25_05_big.jpg\"><img src=\"https:\/\/akurats.com\/wp-content\/uploads\/2015\/07\/telts_20x25_05_big-300x200.jpg\" alt=\"telts_20x25_05_big\" width=\"300\" height=\"200\" class=\"aligncenter size-thumbnail wp-image-979\" \/><\/a><\/p>\n<\/div><\/div><\/div><\/div><div id=\"pg-2052-1\"  class=\"panel-grid panel-no-style\" ><div id=\"pgc-2052-1-0\"  class=\"panel-grid-cell\" ><div id=\"panel-2052-1-0-0\" class=\"so-panel widget widget_black-studio-tinymce widget_black_studio_tinymce panel-first-child panel-last-child\" data-index=\"4\" ><div class=\"textwidget\"><p><a href=\"https:\/\/akurats.com\/wp-content\/uploads\/2015\/07\/telts_20x25_06_big.jpg\"><img src=\"https:\/\/akurats.com\/wp-content\/uploads\/2015\/07\/telts_20x25_06_big-300x200.jpg\" alt=\"telts_20x25_06_big\" width=\"300\" height=\"200\" class=\"aligncenter size-thumbnail wp-image-984\" \/><\/a><\/p>\n<\/div><\/div><\/div><div id=\"pgc-2052-1-1\"  class=\"panel-grid-cell\" ><div id=\"panel-2052-1-1-0\" class=\"so-panel widget widget_black-studio-tinymce widget_black_studio_tinymce panel-first-child panel-last-child\" data-index=\"5\" ><div class=\"textwidget\"><p><a href=\"https:\/\/akurats.com\/wp-content\/uploads\/2015\/07\/telts_20x25_07_big.jpg\"><img src=\"https:\/\/akurats.com\/wp-content\/uploads\/2015\/07\/telts_20x25_07_big-300x200.jpg\" alt=\"telts_20x25_07_big\" width=\"300\" height=\"200\" class=\"aligncenter size-thumbnail wp-image-989\" \/><\/a><\/p>\n<\/div><\/div><\/div><div id=\"pgc-2052-1-2\"  class=\"panel-grid-cell\" ><div id=\"panel-2052-1-2-0\" class=\"so-panel widget widget_black-studio-tinymce widget_black_studio_tinymce panel-first-child panel-last-child\" data-index=\"6\" ><div class=\"textwidget\"><p><a href=\"https:\/\/akurats.com\/wp-content\/uploads\/2015\/07\/telts_20x25_08_big.jpg\"><img src=\"https:\/\/akurats.com\/wp-content\/uploads\/2015\/07\/telts_20x25_08_big-300x200.jpg\" alt=\"telts_20x25_08_big\" width=\"300\" height=\"200\" class=\"aligncenter size-thumbnail wp-image-994\" \/><\/a><\/p>\n<\/div><\/div><\/div><div id=\"pgc-2052-1-3\"  class=\"panel-grid-cell\" ><div id=\"panel-2052-1-3-0\" class=\"so-panel widget widget_black-studio-tinymce widget_black_studio_tinymce panel-first-child panel-last-child\" data-index=\"7\" ><div class=\"textwidget\"><p><a href=\"https:\/\/akurats.com\/wp-content\/uploads\/2015\/07\/telts_20x25_03_big.jpg\"><img src=\"https:\/\/akurats.com\/wp-content\/uploads\/2015\/07\/telts_20x25_03_big-300x200.jpg\" alt=\"telts_20x25_03_big\" width=\"300\" height=\"200\" class=\"aligncenter size-thumbnail wp-image-969\" \/><\/a><\/p>\n<\/div><\/div><\/div><\/div><div id=\"pg-2052-2\"  class=\"panel-grid panel-no-style\" ><div id=\"pgc-2052-2-0\"  class=\"panel-grid-cell\" ><div id=\"panel-2052-2-0-0\" class=\"so-panel widget widget_black-studio-tinymce widget_black_studio_tinymce panel-first-child panel-last-child\" data-index=\"8\" ><div class=\"textwidget\"><table class=\"table\">\n<thead>\n<tr class=\"active\">\n<th colspan=\"2\"><center>Techniniai parametrai<\/center><\/th>\n<\/tr>\n<\/thead>\n<tbody>\n<tr>\n<td>Plotis<\/td>\n<td>20m (plotis padalintas \u012f keturias 5m plo\u010dio dalis)<\/td>\n<\/tr>\n<tr>\n<td>Ilgis<\/td>\n<td>25m (ilgis padalintas \u012f 5m ilgio dalis)<\/td>\n<\/tr>\n<tr>\n<td>Kra\u0161tinis auk\u0161tis<\/td>\n<td>3 m<\/td>\n<\/tr>\n<tr>\n<td>Kraigo auk\u0161tis<\/td>\n<td>6 m<\/td>\n<\/tr>\n<tr>\n<td>Kra\u0161tinis plotis<\/td>\n<td>5 m<\/td>\n<\/tr>\n<tr>\n<td>Spalva<\/td>\n<td>balta<\/td>\n<\/tr>\n<tr>\n<td>R\u0117mas<\/td>\n<td>anoduotas alumininis r\u0117mas<\/td>\n<\/tr>\n<tr>\n<td>Plastmasiniai paneliai<\/td>\n<td>125cm x 280cm<\/td>\n<\/tr>\n<tr>\n<td>Stikliniai paneliai<\/td>\n<td>125cm x 280cm<\/td>\n<\/tr>\n<tr class=\"active\">\n<td colspan=\"2\"><center>Prieinamos dviej\u0173 r\u016b\u0161i\u0173 durys<\/center><\/td>\n<\/tr>\n<tr>\n<td colspan=\"2\">vienv\u0117r\u0117s durys<\/td>\n<\/tr>\n<tr>\n<td colspan=\"2\">pla\u010dios suveriamos durys<\/td>\n<\/tr>\n<\/tbody>\n<\/table>\n<\/div><\/div><\/div><\/div><\/div>","protected":false},"excerpt":{"rendered":"<p>Techniniai parametrai Plotis 20m (plotis padalintas \u012f keturias 5m plo\u010dio dalis) Ilgis 25m (ilgis padalintas \u012f 5m ilgio dalis) Kra\u0161tinis auk\u0161tis 3 m Kraigo auk\u0161tis 6 m Kra\u0161tinis plotis 5 m Spalva balta R\u0117mas anoduotas alumininis r\u0117mas Plastmasiniai paneliai 125cm x 280cm Stikliniai paneliai 125cm x 280cm Prieinamos dviej\u0173 r\u016b\u0161i\u0173 durys vienv\u0117r\u0117s durys pla\u010dios suveriamos &hellip;<\/p>\n","protected":false},"author":1,"featured_media":1376,"parent":2002,"menu_order":0,"comment_status":"closed","ping_status":"closed","template":"","meta":[],"acf":[],"yoast_head":"<!-- This site is optimized with the Yoast SEO plugin v19.9 - https:\/\/yoast.com\/wordpress\/plugins\/seo\/ -->\n<title>20m x 25m palapin\u0117s | Akurats<\/title>\n<meta name=\"robots\" content=\"index, follow, max-snippet:-1, max-image-preview:large, max-video-preview:-1\" \/>\n<link rel=\"canonical\" href=\"https:\/\/akurats.com\/lt\/palapines\/20m-x-25m\/\" \/>\n<script type=\"application\/ld+json\" class=\"yoast-schema-graph\">{\"@context\":\"https:\/\/schema.org\",\"@graph\":[{\"@type\":\"WebPage\",\"@id\":\"https:\/\/akurats.com\/lt\/palapines\/20m-x-25m\/\",\"url\":\"https:\/\/akurats.com\/lt\/palapines\/20m-x-25m\/\",\"name\":\"20m x 25m palapin\u0117s | Akurats\",\"isPartOf\":{\"@id\":\"https:\/\/akurats.com\/en\/#website\"},\"datePublished\":\"2015-10-12T11:55:07+00:00\",\"dateModified\":\"2017-06-19T06:20:33+00:00\",\"breadcrumb\":{\"@id\":\"https:\/\/akurats.com\/lt\/palapines\/20m-x-25m\/#breadcrumb\"},\"inLanguage\":\"lt\",\"potentialAction\":[{\"@type\":\"ReadAction\",\"target\":[\"https:\/\/akurats.com\/lt\/palapines\/20m-x-25m\/\"]}]},{\"@type\":\"BreadcrumbList\",\"@id\":\"https:\/\/akurats.com\/lt\/palapines\/20m-x-25m\/#breadcrumb\",\"itemListElement\":[{\"@type\":\"ListItem\",\"position\":1,\"name\":\"Home\",\"item\":\"https:\/\/akurats.com\/lt\/\"},{\"@type\":\"ListItem\",\"position\":2,\"name\":\"Palapin\u0117s\",\"item\":\"https:\/\/akurats.com\/lt\/palapines\/\"},{\"@type\":\"ListItem\",\"position\":3,\"name\":\"20m x 25m\"}]},{\"@type\":\"WebSite\",\"@id\":\"https:\/\/akurats.com\/en\/#website\",\"url\":\"https:\/\/akurats.com\/en\/\",\"name\":\"Akur\u0101ts\",\"description\":\"rengini\u0173 \u012frangos paslaugos\",\"publisher\":{\"@id\":\"https:\/\/akurats.com\/en\/#organization\"},\"alternateName\":\"Event equipment service\",\"potentialAction\":[{\"@type\":\"SearchAction\",\"target\":{\"@type\":\"EntryPoint\",\"urlTemplate\":\"https:\/\/akurats.com\/en\/?s={search_term_string}\"},\"query-input\":\"required name=search_term_string\"}],\"inLanguage\":\"lt\"},{\"@type\":\"Organization\",\"@id\":\"https:\/\/akurats.com\/en\/#organization\",\"name\":\"Akur\u0101ts\",\"alternateName\":\"Event equipment service\",\"url\":\"https:\/\/akurats.com\/en\/\",\"logo\":{\"@type\":\"ImageObject\",\"inLanguage\":\"lt\",\"@id\":\"https:\/\/akurats.com\/en\/#\/schema\/logo\/image\/\",\"url\":\"https:\/\/akurats.com\/wp-content\/uploads\/2015\/06\/A_logo.png\",\"contentUrl\":\"https:\/\/akurats.com\/wp-content\/uploads\/2015\/06\/A_logo.png\",\"width\":77,\"height\":70,\"caption\":\"Akur\u0101ts\"},\"image\":{\"@id\":\"https:\/\/akurats.com\/en\/#\/schema\/logo\/image\/\"},\"sameAs\":[\"https:\/\/www.facebook.com\/AkuratsSIA\"]}]}<\/script>\n<!-- \/ Yoast SEO plugin. -->","yoast_head_json":{"title":"20m x 25m palapin\u0117s | Akurats","robots":{"index":"index","follow":"follow","max-snippet":"max-snippet:-1","max-image-preview":"max-image-preview:large","max-video-preview":"max-video-preview:-1"},"canonical":"https:\/\/akurats.com\/lt\/palapines\/20m-x-25m\/","schema":{"@context":"https:\/\/schema.org","@graph":[{"@type":"WebPage","@id":"https:\/\/akurats.com\/lt\/palapines\/20m-x-25m\/","url":"https:\/\/akurats.com\/lt\/palapines\/20m-x-25m\/","name":"20m x 25m palapin\u0117s | Akurats","isPartOf":{"@id":"https:\/\/akurats.com\/en\/#website"},"datePublished":"2015-10-12T11:55:07+00:00","dateModified":"2017-06-19T06:20:33+00:00","breadcrumb":{"@id":"https:\/\/akurats.com\/lt\/palapines\/20m-x-25m\/#breadcrumb"},"inLanguage":"lt","potentialAction":[{"@type":"ReadAction","target":["https:\/\/akurats.com\/lt\/palapines\/20m-x-25m\/"]}]},{"@type":"BreadcrumbList","@id":"https:\/\/akurats.com\/lt\/palapines\/20m-x-25m\/#breadcrumb","itemListElement":[{"@type":"ListItem","position":1,"name":"Home","item":"https:\/\/akurats.com\/lt\/"},{"@type":"ListItem","position":2,"name":"Palapin\u0117s","item":"https:\/\/akurats.com\/lt\/palapines\/"},{"@type":"ListItem","position":3,"name":"20m x 25m"}]},{"@type":"WebSite","@id":"https:\/\/akurats.com\/en\/#website","url":"https:\/\/akurats.com\/en\/","name":"Akur\u0101ts","description":"rengini\u0173 \u012frangos paslaugos","publisher":{"@id":"https:\/\/akurats.com\/en\/#organization"},"alternateName":"Event equipment service","potentialAction":[{"@type":"SearchAction","target":{"@type":"EntryPoint","urlTemplate":"https:\/\/akurats.com\/en\/?s={search_term_string}"},"query-input":"required name=search_term_string"}],"inLanguage":"lt"},{"@type":"Organization","@id":"https:\/\/akurats.com\/en\/#organization","name":"Akur\u0101ts","alternateName":"Event equipment service","url":"https:\/\/akurats.com\/en\/","logo":{"@type":"ImageObject","inLanguage":"lt","@id":"https:\/\/akurats.com\/en\/#\/schema\/logo\/image\/","url":"https:\/\/akurats.com\/wp-content\/uploads\/2015\/06\/A_logo.png","contentUrl":"https:\/\/akurats.com\/wp-content\/uploads\/2015\/06\/A_logo.png","width":77,"height":70,"caption":"Akur\u0101ts"},"image":{"@id":"https:\/\/akurats.com\/en\/#\/schema\/logo\/image\/"},"sameAs":["https:\/\/www.facebook.com\/AkuratsSIA"]}]}},"_links":{"self":[{"href":"https:\/\/akurats.com\/lt\/wp-json\/wp\/v2\/pages\/2052"}],"collection":[{"href":"https:\/\/akurats.com\/lt\/wp-json\/wp\/v2\/pages"}],"about":[{"href":"https:\/\/akurats.com\/lt\/wp-json\/wp\/v2\/types\/page"}],"author":[{"embeddable":true,"href":"https:\/\/akurats.com\/lt\/wp-json\/wp\/v2\/users\/1"}],"replies":[{"embeddable":true,"href":"https:\/\/akurats.com\/lt\/wp-json\/wp\/v2\/comments?post=2052"}],"version-history":[{"count":2,"href":"https:\/\/akurats.com\/lt\/wp-json\/wp\/v2\/pages\/2052\/revisions"}],"predecessor-version":[{"id":3010,"href":"https:\/\/akurats.com\/lt\/wp-json\/wp\/v2\/pages\/2052\/revisions\/3010"}],"up":[{"embeddable":true,"href":"https:\/\/akurats.com\/lt\/wp-json\/wp\/v2\/pages\/2002"}],"wp:featuredmedia":[{"embeddable":true,"href":"https:\/\/akurats.com\/lt\/wp-json\/wp\/v2\/media\/1376"}],"wp:attachment":[{"href":"https:\/\/akurats.com\/lt\/wp-json\/wp\/v2\/media?parent=2052"}],"curies":[{"name":"wp","href":"https:\/\/api.w.org\/{rel}","templated":true}]}}