{"id":2046,"date":"2015-10-12T11:42:59","date_gmt":"2015-10-12T11:42:59","guid":{"rendered":"https:\/\/akurats.com\/?page_id=2046"},"modified":"2017-06-19T06:16:15","modified_gmt":"2017-06-19T06:16:15","slug":"20m-x-75m","status":"publish","type":"page","link":"https:\/\/akurats.com\/lt\/palapines\/20m-x-75m\/","title":{"rendered":"20m x 75m"},"content":{"rendered":"<div id=\"pl-2046\"  class=\"panel-layout\" ><div id=\"pg-2046-0\"  class=\"panel-grid panel-no-style\" ><div id=\"pgc-2046-0-0\"  class=\"panel-grid-cell\" ><div id=\"panel-2046-0-0-0\" class=\"so-panel widget widget_black-studio-tinymce widget_black_studio_tinymce panel-first-child panel-last-child\" data-index=\"0\" ><div class=\"textwidget\"><p><a href=\"https:\/\/akurats.com\/wp-content\/uploads\/2015\/07\/telts20x75_10_big.jpg\"><img src=\"https:\/\/akurats.com\/wp-content\/uploads\/2015\/07\/telts20x75_10_big-300x200.jpg\" alt=\"telts20x75_10_big\" width=\"300\" height=\"200\" class=\"aligncenter size-thumbnail wp-image-1006\" \/><\/a><\/p>\n<\/div><\/div><\/div><div id=\"pgc-2046-0-1\"  class=\"panel-grid-cell\" ><div id=\"panel-2046-0-1-0\" class=\"so-panel widget widget_black-studio-tinymce widget_black_studio_tinymce panel-first-child panel-last-child\" data-index=\"1\" ><div class=\"textwidget\"><p><a href=\"https:\/\/akurats.com\/wp-content\/uploads\/2015\/07\/telts20x75_7_big.jpg\"><img src=\"https:\/\/akurats.com\/wp-content\/uploads\/2015\/07\/telts20x75_7_big-300x200.jpg\" alt=\"telts20x75_7_big\" width=\"300\" height=\"200\" class=\"aligncenter size-thumbnail wp-image-1001\" \/><\/a><\/p>\n<\/div><\/div><\/div><div id=\"pgc-2046-0-2\"  class=\"panel-grid-cell\" ><div id=\"panel-2046-0-2-0\" class=\"so-panel widget widget_black-studio-tinymce widget_black_studio_tinymce panel-first-child panel-last-child\" data-index=\"2\" ><div class=\"textwidget\"><p><a href=\"https:\/\/akurats.com\/wp-content\/uploads\/2015\/07\/telts20x75_12_big.jpg\"><img src=\"https:\/\/akurats.com\/wp-content\/uploads\/2015\/07\/telts20x75_12_big-300x200.jpg\" alt=\"telts20x75_12_big\" width=\"300\" height=\"200\" class=\"aligncenter size-thumbnail wp-image-1011\" \/><\/a><\/p>\n<\/div><\/div><\/div><div id=\"pgc-2046-0-3\"  class=\"panel-grid-cell\" ><div id=\"panel-2046-0-3-0\" class=\"so-panel widget widget_black-studio-tinymce widget_black_studio_tinymce panel-first-child panel-last-child\" data-index=\"3\" ><div class=\"textwidget\"><p><a href=\"https:\/\/akurats.com\/wp-content\/uploads\/2015\/07\/telts20x75_14_big.jpg\"><img src=\"https:\/\/akurats.com\/wp-content\/uploads\/2015\/07\/telts20x75_14_big-300x200.jpg\" alt=\"telts20x75_14_big\" width=\"300\" height=\"200\" class=\"aligncenter size-thumbnail wp-image-1016\" \/><\/a><\/p>\n<\/div><\/div><\/div><\/div><div id=\"pg-2046-1\"  class=\"panel-grid panel-no-style\" ><div id=\"pgc-2046-1-0\"  class=\"panel-grid-cell\" ><div id=\"panel-2046-1-0-0\" class=\"so-panel widget widget_black-studio-tinymce widget_black_studio_tinymce panel-first-child panel-last-child\" data-index=\"4\" ><div class=\"textwidget\"><p><a href=\"https:\/\/akurats.com\/wp-content\/uploads\/2015\/07\/telts20x75_15_big.jpg\"><img src=\"https:\/\/akurats.com\/wp-content\/uploads\/2015\/07\/telts20x75_15_big-300x200.jpg\" alt=\"telts20x75_15_big\" width=\"300\" height=\"200\" class=\"aligncenter size-thumbnail wp-image-1021\" \/><\/a><\/p>\n<\/div><\/div><\/div><div id=\"pgc-2046-1-1\"  class=\"panel-grid-cell\" ><div id=\"panel-2046-1-1-0\" class=\"so-panel widget widget_black-studio-tinymce widget_black_studio_tinymce panel-first-child panel-last-child\" data-index=\"5\" ><div class=\"textwidget\"><p><a href=\"https:\/\/akurats.com\/wp-content\/uploads\/2015\/07\/telts20x75_19_big.jpg\"><img src=\"https:\/\/akurats.com\/wp-content\/uploads\/2015\/07\/telts20x75_19_big-300x200.jpg\" alt=\"telts20x75_19_big\" width=\"300\" height=\"200\" class=\"aligncenter size-thumbnail wp-image-1026\" \/><\/a><\/p>\n<\/div><\/div><\/div><div id=\"pgc-2046-1-2\"  class=\"panel-grid-cell\" ><div id=\"panel-2046-1-2-0\" class=\"so-panel widget widget_black-studio-tinymce widget_black_studio_tinymce panel-first-child panel-last-child\" data-index=\"6\" ><div class=\"textwidget\"><p><a href=\"https:\/\/akurats.com\/wp-content\/uploads\/2015\/07\/telts20x75_20_big.jpg\"><img src=\"https:\/\/akurats.com\/wp-content\/uploads\/2015\/07\/telts20x75_20_big-300x200.jpg\" alt=\"telts20x75_20_big\" width=\"300\" height=\"200\" class=\"aligncenter size-thumbnail wp-image-1031\" \/><\/a><\/p>\n<\/div><\/div><\/div><div id=\"pgc-2046-1-3\"  class=\"panel-grid-cell\" ><div id=\"panel-2046-1-3-0\" class=\"so-panel widget widget_black-studio-tinymce widget_black_studio_tinymce panel-first-child panel-last-child\" data-index=\"7\" ><div class=\"textwidget\"><p><a href=\"https:\/\/akurats.com\/wp-content\/uploads\/2015\/07\/telts20x75_23_big.jpg\"><img src=\"https:\/\/akurats.com\/wp-content\/uploads\/2015\/07\/telts20x75_23_big-300x200.jpg\" alt=\"telts20x75_23_big\" width=\"300\" height=\"200\" class=\"aligncenter size-thumbnail wp-image-1036\" \/><\/a><\/p>\n<\/div><\/div><\/div><\/div><div id=\"pg-2046-2\"  class=\"panel-grid panel-no-style\" ><div id=\"pgc-2046-2-0\"  class=\"panel-grid-cell\" ><div id=\"panel-2046-2-0-0\" class=\"so-panel widget widget_black-studio-tinymce widget_black_studio_tinymce panel-first-child panel-last-child\" data-index=\"8\" ><div class=\"textwidget\"><p>Bet kuri\u0105 tokios 1500m\u00b2 dyd\u017eio palapin\u0117s stogin\u0119 galima pailginti kas penkis metrus, tokiu b\u016bdu palapin\u0117s kvadrat\u016br\u0105 galima pritaikyti J\u016bs\u0173 renginiui reikalingam plotui ir planuotam \u017emoni\u0173 skai\u010diui. Papildomai \u0161ioms palapin\u0117ms prieinamos \u012fvairi\u0173 r\u016b\u0161i\u0173 sienos: klasikin\u0117s, pari\u0161tos ir su langu.<\/p>\n<p>&nbsp;<\/p>\n<table class=\"table\">\n<thead>\n<tr class=\"active\">\n<th colspan=\"2\"><center>Techniniai parametrai<\/center><\/th>\n<\/tr>\n<\/thead>\n<tbody>\n<tr>\n<td>Plotis<\/td>\n<td>20m (plotis padalintas \u012f keturias 5m plo\u010dio dalis)<\/td>\n<\/tr>\n<tr>\n<td>Ilgis<\/td>\n<td>75m (ilgis padalintas \u012f 5m ilgio dalis)<\/td>\n<\/tr>\n<tr>\n<td>Kra\u0161tinis auk\u0161tis<\/td>\n<td>3 m<\/td>\n<\/tr>\n<tr>\n<td>Kraigo auk\u0161tis<\/td>\n<td>6 m<\/td>\n<\/tr>\n<tr>\n<td>Kra\u0161tinis plotis<\/td>\n<td>5 m<\/td>\n<\/tr>\n<tr>\n<td>Tento audeklas<\/td>\n<td>PVC<\/td>\n<\/tr>\n<tr>\n<td>Spalva<\/td>\n<td>balta<\/td>\n<\/tr>\n<tr>\n<td>R\u0117mas<\/td>\n<td>anoduotas alumininis r\u0117mas<\/td>\n<\/tr>\n<\/tbody>\n<\/table>\n<\/div><\/div><\/div><\/div><\/div>","protected":false},"excerpt":{"rendered":"<p>Bet kuri\u0105 tokios 1500m\u00b2 dyd\u017eio palapin\u0117s stogin\u0119 galima pailginti kas penkis metrus, tokiu b\u016bdu palapin\u0117s kvadrat\u016br\u0105 galima pritaikyti J\u016bs\u0173 renginiui reikalingam plotui ir planuotam \u017emoni\u0173 skai\u010diui. Papildomai \u0161ioms palapin\u0117ms prieinamos \u012fvairi\u0173 r\u016b\u0161i\u0173 sienos: klasikin\u0117s, pari\u0161tos ir su langu. &nbsp; Techniniai parametrai Plotis 20m (plotis padalintas \u012f keturias 5m plo\u010dio dalis) Ilgis 75m (ilgis padalintas \u012f &hellip;<\/p>\n","protected":false},"author":1,"featured_media":1035,"parent":2002,"menu_order":0,"comment_status":"closed","ping_status":"closed","template":"","meta":[],"acf":[],"yoast_head":"<!-- This site is optimized with the Yoast SEO plugin v19.9 - https:\/\/yoast.com\/wordpress\/plugins\/seo\/ -->\n<title>20m x 75m palapin\u0117s | Akurats<\/title>\n<meta name=\"robots\" content=\"index, follow, max-snippet:-1, max-image-preview:large, max-video-preview:-1\" \/>\n<link rel=\"canonical\" href=\"https:\/\/akurats.com\/lt\/palapines\/20m-x-75m\/\" \/>\n<script type=\"application\/ld+json\" class=\"yoast-schema-graph\">{\"@context\":\"https:\/\/schema.org\",\"@graph\":[{\"@type\":\"WebPage\",\"@id\":\"https:\/\/akurats.com\/lt\/palapines\/20m-x-75m\/\",\"url\":\"https:\/\/akurats.com\/lt\/palapines\/20m-x-75m\/\",\"name\":\"20m x 75m palapin\u0117s | Akurats\",\"isPartOf\":{\"@id\":\"https:\/\/akurats.com\/en\/#website\"},\"datePublished\":\"2015-10-12T11:42:59+00:00\",\"dateModified\":\"2017-06-19T06:16:15+00:00\",\"breadcrumb\":{\"@id\":\"https:\/\/akurats.com\/lt\/palapines\/20m-x-75m\/#breadcrumb\"},\"inLanguage\":\"lt\",\"potentialAction\":[{\"@type\":\"ReadAction\",\"target\":[\"https:\/\/akurats.com\/lt\/palapines\/20m-x-75m\/\"]}]},{\"@type\":\"BreadcrumbList\",\"@id\":\"https:\/\/akurats.com\/lt\/palapines\/20m-x-75m\/#breadcrumb\",\"itemListElement\":[{\"@type\":\"ListItem\",\"position\":1,\"name\":\"Home\",\"item\":\"https:\/\/akurats.com\/lt\/\"},{\"@type\":\"ListItem\",\"position\":2,\"name\":\"Palapin\u0117s\",\"item\":\"https:\/\/akurats.com\/lt\/palapines\/\"},{\"@type\":\"ListItem\",\"position\":3,\"name\":\"20m x 75m\"}]},{\"@type\":\"WebSite\",\"@id\":\"https:\/\/akurats.com\/en\/#website\",\"url\":\"https:\/\/akurats.com\/en\/\",\"name\":\"Akur\u0101ts\",\"description\":\"rengini\u0173 \u012frangos paslaugos\",\"publisher\":{\"@id\":\"https:\/\/akurats.com\/en\/#organization\"},\"alternateName\":\"Event equipment service\",\"potentialAction\":[{\"@type\":\"SearchAction\",\"target\":{\"@type\":\"EntryPoint\",\"urlTemplate\":\"https:\/\/akurats.com\/en\/?s={search_term_string}\"},\"query-input\":\"required name=search_term_string\"}],\"inLanguage\":\"lt\"},{\"@type\":\"Organization\",\"@id\":\"https:\/\/akurats.com\/en\/#organization\",\"name\":\"Akur\u0101ts\",\"alternateName\":\"Event equipment service\",\"url\":\"https:\/\/akurats.com\/en\/\",\"logo\":{\"@type\":\"ImageObject\",\"inLanguage\":\"lt\",\"@id\":\"https:\/\/akurats.com\/en\/#\/schema\/logo\/image\/\",\"url\":\"https:\/\/akurats.com\/wp-content\/uploads\/2015\/06\/A_logo.png\",\"contentUrl\":\"https:\/\/akurats.com\/wp-content\/uploads\/2015\/06\/A_logo.png\",\"width\":77,\"height\":70,\"caption\":\"Akur\u0101ts\"},\"image\":{\"@id\":\"https:\/\/akurats.com\/en\/#\/schema\/logo\/image\/\"},\"sameAs\":[\"https:\/\/www.facebook.com\/AkuratsSIA\"]}]}<\/script>\n<!-- \/ Yoast SEO plugin. -->","yoast_head_json":{"title":"20m x 75m palapin\u0117s | Akurats","robots":{"index":"index","follow":"follow","max-snippet":"max-snippet:-1","max-image-preview":"max-image-preview:large","max-video-preview":"max-video-preview:-1"},"canonical":"https:\/\/akurats.com\/lt\/palapines\/20m-x-75m\/","schema":{"@context":"https:\/\/schema.org","@graph":[{"@type":"WebPage","@id":"https:\/\/akurats.com\/lt\/palapines\/20m-x-75m\/","url":"https:\/\/akurats.com\/lt\/palapines\/20m-x-75m\/","name":"20m x 75m palapin\u0117s | Akurats","isPartOf":{"@id":"https:\/\/akurats.com\/en\/#website"},"datePublished":"2015-10-12T11:42:59+00:00","dateModified":"2017-06-19T06:16:15+00:00","breadcrumb":{"@id":"https:\/\/akurats.com\/lt\/palapines\/20m-x-75m\/#breadcrumb"},"inLanguage":"lt","potentialAction":[{"@type":"ReadAction","target":["https:\/\/akurats.com\/lt\/palapines\/20m-x-75m\/"]}]},{"@type":"BreadcrumbList","@id":"https:\/\/akurats.com\/lt\/palapines\/20m-x-75m\/#breadcrumb","itemListElement":[{"@type":"ListItem","position":1,"name":"Home","item":"https:\/\/akurats.com\/lt\/"},{"@type":"ListItem","position":2,"name":"Palapin\u0117s","item":"https:\/\/akurats.com\/lt\/palapines\/"},{"@type":"ListItem","position":3,"name":"20m x 75m"}]},{"@type":"WebSite","@id":"https:\/\/akurats.com\/en\/#website","url":"https:\/\/akurats.com\/en\/","name":"Akur\u0101ts","description":"rengini\u0173 \u012frangos paslaugos","publisher":{"@id":"https:\/\/akurats.com\/en\/#organization"},"alternateName":"Event equipment service","potentialAction":[{"@type":"SearchAction","target":{"@type":"EntryPoint","urlTemplate":"https:\/\/akurats.com\/en\/?s={search_term_string}"},"query-input":"required name=search_term_string"}],"inLanguage":"lt"},{"@type":"Organization","@id":"https:\/\/akurats.com\/en\/#organization","name":"Akur\u0101ts","alternateName":"Event equipment service","url":"https:\/\/akurats.com\/en\/","logo":{"@type":"ImageObject","inLanguage":"lt","@id":"https:\/\/akurats.com\/en\/#\/schema\/logo\/image\/","url":"https:\/\/akurats.com\/wp-content\/uploads\/2015\/06\/A_logo.png","contentUrl":"https:\/\/akurats.com\/wp-content\/uploads\/2015\/06\/A_logo.png","width":77,"height":70,"caption":"Akur\u0101ts"},"image":{"@id":"https:\/\/akurats.com\/en\/#\/schema\/logo\/image\/"},"sameAs":["https:\/\/www.facebook.com\/AkuratsSIA"]}]}},"_links":{"self":[{"href":"https:\/\/akurats.com\/lt\/wp-json\/wp\/v2\/pages\/2046"}],"collection":[{"href":"https:\/\/akurats.com\/lt\/wp-json\/wp\/v2\/pages"}],"about":[{"href":"https:\/\/akurats.com\/lt\/wp-json\/wp\/v2\/types\/page"}],"author":[{"embeddable":true,"href":"https:\/\/akurats.com\/lt\/wp-json\/wp\/v2\/users\/1"}],"replies":[{"embeddable":true,"href":"https:\/\/akurats.com\/lt\/wp-json\/wp\/v2\/comments?post=2046"}],"version-history":[{"count":2,"href":"https:\/\/akurats.com\/lt\/wp-json\/wp\/v2\/pages\/2046\/revisions"}],"predecessor-version":[{"id":3001,"href":"https:\/\/akurats.com\/lt\/wp-json\/wp\/v2\/pages\/2046\/revisions\/3001"}],"up":[{"embeddable":true,"href":"https:\/\/akurats.com\/lt\/wp-json\/wp\/v2\/pages\/2002"}],"wp:featuredmedia":[{"embeddable":true,"href":"https:\/\/akurats.com\/lt\/wp-json\/wp\/v2\/media\/1035"}],"wp:attachment":[{"href":"https:\/\/akurats.com\/lt\/wp-json\/wp\/v2\/media?parent=2046"}],"curies":[{"name":"wp","href":"https:\/\/api.w.org\/{rel}","templated":true}]}}