{"id":2026,"date":"2015-10-12T11:11:57","date_gmt":"2015-10-12T11:11:57","guid":{"rendered":"https:\/\/akurats.com\/?page_id=2026"},"modified":"2018-09-10T07:06:25","modified_gmt":"2018-09-10T07:06:25","slug":"5m-x-5m","status":"publish","type":"page","link":"https:\/\/akurats.com\/lt\/palapines\/5m-x-5m\/","title":{"rendered":"5m x 5m"},"content":{"rendered":"<div id=\"pl-2026\"  class=\"panel-layout\" ><div id=\"pg-2026-0\"  class=\"panel-grid panel-no-style\" ><div id=\"pgc-2026-0-0\"  class=\"panel-grid-cell\" ><div id=\"panel-2026-0-0-0\" class=\"so-panel widget widget_black-studio-tinymce widget_black_studio_tinymce panel-first-child panel-last-child\" data-index=\"0\" ><div class=\"textwidget\"><p><a href=\"https:\/\/akurats.com\/wp-content\/uploads\/2015\/07\/5x5m-klasika-1.jpg\"><img src=\"https:\/\/akurats.com\/wp-content\/uploads\/2015\/07\/5x5m-klasika-1-300x200.jpg\" alt=\"5x5m-klasika-1\" width=\"300\" height=\"200\" class=\"aligncenter size-thumbnail wp-image-2764\" \/><\/a><\/p>\n<\/div><\/div><\/div><div id=\"pgc-2026-0-1\"  class=\"panel-grid-cell\" ><div id=\"panel-2026-0-1-0\" class=\"so-panel widget widget_black-studio-tinymce widget_black_studio_tinymce panel-first-child panel-last-child\" data-index=\"1\" ><div class=\"textwidget\"><p><a href=\"https:\/\/akurats.com\/wp-content\/uploads\/2015\/07\/5x5m-klasika-2.jpg\"><img src=\"https:\/\/akurats.com\/wp-content\/uploads\/2015\/07\/5x5m-klasika-2-300x200.jpg\" alt=\"5x5m-klasika-2\" width=\"300\" height=\"200\" class=\"aligncenter size-thumbnail wp-image-2769\" \/><\/a><\/p>\n<\/div><\/div><\/div><div id=\"pgc-2026-0-2\"  class=\"panel-grid-cell\" ><div id=\"panel-2026-0-2-0\" class=\"so-panel widget widget_black-studio-tinymce widget_black_studio_tinymce panel-first-child panel-last-child\" data-index=\"2\" ><div class=\"textwidget\"><p><a href=\"https:\/\/akurats.com\/wp-content\/uploads\/2015\/07\/5x5m-klasika-3.jpg\"><img src=\"https:\/\/akurats.com\/wp-content\/uploads\/2015\/07\/5x5m-klasika-3-300x200.jpg\" alt=\"5x5m-klasika-3\" width=\"300\" height=\"200\" class=\"aligncenter size-thumbnail wp-image-2774\" \/><\/a><\/p>\n<\/div><\/div><\/div><div id=\"pgc-2026-0-3\"  class=\"panel-grid-cell\" ><div id=\"panel-2026-0-3-0\" class=\"so-panel widget widget_black-studio-tinymce widget_black_studio_tinymce panel-first-child panel-last-child\" data-index=\"3\" ><div class=\"textwidget\"><p><a href=\"https:\/\/akurats.com\/wp-content\/uploads\/2015\/07\/5x5m-klasika-4.jpg\"><img src=\"https:\/\/akurats.com\/wp-content\/uploads\/2015\/07\/5x5m-klasika-4-300x200.jpg\" alt=\"5x5m-klasika-4\" width=\"300\" height=\"200\" class=\"aligncenter size-thumbnail wp-image-2779\" \/><\/a><\/p>\n<\/div><\/div><\/div><\/div><div id=\"pg-2026-1\"  class=\"panel-grid panel-no-style\" ><div id=\"pgc-2026-1-0\"  class=\"panel-grid-cell\" ><div id=\"panel-2026-1-0-0\" class=\"so-panel widget widget_black-studio-tinymce widget_black_studio_tinymce panel-first-child panel-last-child\" data-index=\"4\" ><div class=\"textwidget\"><p><a href=\"https:\/\/akurats.com\/wp-content\/uploads\/2015\/07\/5x5m-klasika-5.jpg\"><img src=\"https:\/\/akurats.com\/wp-content\/uploads\/2015\/07\/5x5m-klasika-5-300x200.jpg\" alt=\"5x5m-klasika-5\" width=\"300\" height=\"200\" class=\"aligncenter size-thumbnail wp-image-2785\" \/><\/a><\/p>\n<\/div><\/div><\/div><div id=\"pgc-2026-1-1\"  class=\"panel-grid-cell\" ><div id=\"panel-2026-1-1-0\" class=\"so-panel widget widget_black-studio-tinymce widget_black_studio_tinymce panel-first-child panel-last-child\" data-index=\"5\" ><div class=\"textwidget\"><p><a href=\"https:\/\/akurats.com\/wp-content\/uploads\/2015\/07\/5x5m-klasika-6.jpg\"><img src=\"https:\/\/akurats.com\/wp-content\/uploads\/2015\/07\/5x5m-klasika-6-300x200.jpg\" alt=\"5x5m-klasika-6\" width=\"300\" height=\"200\" class=\"aligncenter size-thumbnail wp-image-2790\" \/><\/a><\/p>\n<\/div><\/div><\/div><div id=\"pgc-2026-1-2\"  class=\"panel-grid-cell\" ><div id=\"panel-2026-1-2-0\" class=\"so-panel widget widget_black-studio-tinymce widget_black_studio_tinymce panel-first-child panel-last-child\" data-index=\"6\" ><div class=\"textwidget\"><p><a href=\"https:\/\/akurats.com\/wp-content\/uploads\/2015\/07\/5x5m-klasika-7.jpg\"><img src=\"https:\/\/akurats.com\/wp-content\/uploads\/2015\/07\/5x5m-klasika-7-300x200.jpg\" alt=\"5x5m-klasika-7\" width=\"300\" height=\"200\" class=\"aligncenter size-thumbnail wp-image-2795\" \/><\/a><\/p>\n<\/div><\/div><\/div><div id=\"pgc-2026-1-3\"  class=\"panel-grid-cell\" ><div id=\"panel-2026-1-3-0\" class=\"so-panel widget widget_black-studio-tinymce widget_black_studio_tinymce panel-first-child panel-last-child\" data-index=\"7\" ><div class=\"textwidget\"><p><a href=\"https:\/\/akurats.com\/wp-content\/uploads\/2015\/07\/5x5m-klasika-8.jpg\"><img src=\"https:\/\/akurats.com\/wp-content\/uploads\/2015\/07\/5x5m-klasika-8-300x200.jpg\" alt=\"5x5m-klasika-8\" width=\"300\" height=\"200\" class=\"aligncenter size-thumbnail wp-image-2800\" \/><\/a><\/p>\n<\/div><\/div><\/div><\/div><div id=\"pg-2026-2\"  class=\"panel-grid panel-no-style\" ><div id=\"pgc-2026-2-0\"  class=\"panel-grid-cell\" ><div id=\"panel-2026-2-0-0\" class=\"so-panel widget widget_black-studio-tinymce widget_black_studio_tinymce panel-first-child panel-last-child\" data-index=\"8\" ><div class=\"textwidget\"><table class=\"table\">\n<thead>\n<tr class=\"active\">\n<th colspan=\"2\"><center>Techniniai parametrai<\/center><\/th>\n<\/tr>\n<\/thead>\n<tbody>\n<tr>\n<td>Plotis<\/td>\n<td>5m<\/td>\n<\/tr>\n<tr>\n<td>Ilgis<\/td>\n<td>5m<\/td>\n<\/tr>\n<tr>\n<td>Kra\u0161tinis auk\u0161tis<\/td>\n<td>2,3 m<\/td>\n<\/tr>\n<tr>\n<td>Smailiaus auk\u0161tis<\/td>\n<td>3,5 m<\/td>\n<\/tr>\n<tr>\n<td>Kra\u0161tinis plotis<\/td>\n<td>5 m<\/td>\n<\/tr>\n<tr>\n<td>Tento audeklas<\/td>\n<td>PVC<\/td>\n<\/tr>\n<tr>\n<td>Spalva<\/td>\n<td>balta<\/td>\n<\/tr>\n<tr>\n<td>R\u0117mas<\/td>\n<td>anoduotas alumininis r\u0117mas<\/td>\n<\/tr>\n<\/tbody>\n<\/table>\n<\/div><\/div><\/div><\/div><\/div>","protected":false},"excerpt":{"rendered":"<p>Techniniai parametrai Plotis 5m Ilgis 5m Kra\u0161tinis auk\u0161tis 2,3 m Smailiaus auk\u0161tis 3,5 m Kra\u0161tinis plotis 5 m Tento audeklas PVC Spalva balta R\u0117mas anoduotas alumininis r\u0117mas<\/p>\n","protected":false},"author":1,"featured_media":2794,"parent":2002,"menu_order":0,"comment_status":"closed","ping_status":"closed","template":"","meta":[],"acf":[],"yoast_head":"<!-- This site is optimized with the Yoast SEO plugin v19.9 - https:\/\/yoast.com\/wordpress\/plugins\/seo\/ -->\n<title>5m x 5m palapin\u0117s | Akurats<\/title>\n<meta name=\"robots\" content=\"index, follow, max-snippet:-1, max-image-preview:large, max-video-preview:-1\" \/>\n<link rel=\"canonical\" href=\"https:\/\/akurats.com\/lt\/palapines\/5m-x-5m\/\" \/>\n<script type=\"application\/ld+json\" class=\"yoast-schema-graph\">{\"@context\":\"https:\/\/schema.org\",\"@graph\":[{\"@type\":\"WebPage\",\"@id\":\"https:\/\/akurats.com\/lt\/palapines\/5m-x-5m\/\",\"url\":\"https:\/\/akurats.com\/lt\/palapines\/5m-x-5m\/\",\"name\":\"5m x 5m palapin\u0117s | Akurats\",\"isPartOf\":{\"@id\":\"https:\/\/akurats.com\/en\/#website\"},\"datePublished\":\"2015-10-12T11:11:57+00:00\",\"dateModified\":\"2018-09-10T07:06:25+00:00\",\"breadcrumb\":{\"@id\":\"https:\/\/akurats.com\/lt\/palapines\/5m-x-5m\/#breadcrumb\"},\"inLanguage\":\"lt\",\"potentialAction\":[{\"@type\":\"ReadAction\",\"target\":[\"https:\/\/akurats.com\/lt\/palapines\/5m-x-5m\/\"]}]},{\"@type\":\"BreadcrumbList\",\"@id\":\"https:\/\/akurats.com\/lt\/palapines\/5m-x-5m\/#breadcrumb\",\"itemListElement\":[{\"@type\":\"ListItem\",\"position\":1,\"name\":\"Home\",\"item\":\"https:\/\/akurats.com\/lt\/\"},{\"@type\":\"ListItem\",\"position\":2,\"name\":\"Palapin\u0117s\",\"item\":\"https:\/\/akurats.com\/lt\/palapines\/\"},{\"@type\":\"ListItem\",\"position\":3,\"name\":\"5m x 5m\"}]},{\"@type\":\"WebSite\",\"@id\":\"https:\/\/akurats.com\/en\/#website\",\"url\":\"https:\/\/akurats.com\/en\/\",\"name\":\"Akur\u0101ts\",\"description\":\"rengini\u0173 \u012frangos paslaugos\",\"publisher\":{\"@id\":\"https:\/\/akurats.com\/en\/#organization\"},\"alternateName\":\"Event equipment service\",\"potentialAction\":[{\"@type\":\"SearchAction\",\"target\":{\"@type\":\"EntryPoint\",\"urlTemplate\":\"https:\/\/akurats.com\/en\/?s={search_term_string}\"},\"query-input\":\"required name=search_term_string\"}],\"inLanguage\":\"lt\"},{\"@type\":\"Organization\",\"@id\":\"https:\/\/akurats.com\/en\/#organization\",\"name\":\"Akur\u0101ts\",\"alternateName\":\"Event equipment service\",\"url\":\"https:\/\/akurats.com\/en\/\",\"logo\":{\"@type\":\"ImageObject\",\"inLanguage\":\"lt\",\"@id\":\"https:\/\/akurats.com\/en\/#\/schema\/logo\/image\/\",\"url\":\"https:\/\/akurats.com\/wp-content\/uploads\/2015\/06\/A_logo.png\",\"contentUrl\":\"https:\/\/akurats.com\/wp-content\/uploads\/2015\/06\/A_logo.png\",\"width\":77,\"height\":70,\"caption\":\"Akur\u0101ts\"},\"image\":{\"@id\":\"https:\/\/akurats.com\/en\/#\/schema\/logo\/image\/\"},\"sameAs\":[\"https:\/\/www.facebook.com\/AkuratsSIA\"]}]}<\/script>\n<!-- \/ Yoast SEO plugin. -->","yoast_head_json":{"title":"5m x 5m palapin\u0117s | Akurats","robots":{"index":"index","follow":"follow","max-snippet":"max-snippet:-1","max-image-preview":"max-image-preview:large","max-video-preview":"max-video-preview:-1"},"canonical":"https:\/\/akurats.com\/lt\/palapines\/5m-x-5m\/","schema":{"@context":"https:\/\/schema.org","@graph":[{"@type":"WebPage","@id":"https:\/\/akurats.com\/lt\/palapines\/5m-x-5m\/","url":"https:\/\/akurats.com\/lt\/palapines\/5m-x-5m\/","name":"5m x 5m palapin\u0117s | Akurats","isPartOf":{"@id":"https:\/\/akurats.com\/en\/#website"},"datePublished":"2015-10-12T11:11:57+00:00","dateModified":"2018-09-10T07:06:25+00:00","breadcrumb":{"@id":"https:\/\/akurats.com\/lt\/palapines\/5m-x-5m\/#breadcrumb"},"inLanguage":"lt","potentialAction":[{"@type":"ReadAction","target":["https:\/\/akurats.com\/lt\/palapines\/5m-x-5m\/"]}]},{"@type":"BreadcrumbList","@id":"https:\/\/akurats.com\/lt\/palapines\/5m-x-5m\/#breadcrumb","itemListElement":[{"@type":"ListItem","position":1,"name":"Home","item":"https:\/\/akurats.com\/lt\/"},{"@type":"ListItem","position":2,"name":"Palapin\u0117s","item":"https:\/\/akurats.com\/lt\/palapines\/"},{"@type":"ListItem","position":3,"name":"5m x 5m"}]},{"@type":"WebSite","@id":"https:\/\/akurats.com\/en\/#website","url":"https:\/\/akurats.com\/en\/","name":"Akur\u0101ts","description":"rengini\u0173 \u012frangos paslaugos","publisher":{"@id":"https:\/\/akurats.com\/en\/#organization"},"alternateName":"Event equipment service","potentialAction":[{"@type":"SearchAction","target":{"@type":"EntryPoint","urlTemplate":"https:\/\/akurats.com\/en\/?s={search_term_string}"},"query-input":"required name=search_term_string"}],"inLanguage":"lt"},{"@type":"Organization","@id":"https:\/\/akurats.com\/en\/#organization","name":"Akur\u0101ts","alternateName":"Event equipment service","url":"https:\/\/akurats.com\/en\/","logo":{"@type":"ImageObject","inLanguage":"lt","@id":"https:\/\/akurats.com\/en\/#\/schema\/logo\/image\/","url":"https:\/\/akurats.com\/wp-content\/uploads\/2015\/06\/A_logo.png","contentUrl":"https:\/\/akurats.com\/wp-content\/uploads\/2015\/06\/A_logo.png","width":77,"height":70,"caption":"Akur\u0101ts"},"image":{"@id":"https:\/\/akurats.com\/en\/#\/schema\/logo\/image\/"},"sameAs":["https:\/\/www.facebook.com\/AkuratsSIA"]}]}},"_links":{"self":[{"href":"https:\/\/akurats.com\/lt\/wp-json\/wp\/v2\/pages\/2026"}],"collection":[{"href":"https:\/\/akurats.com\/lt\/wp-json\/wp\/v2\/pages"}],"about":[{"href":"https:\/\/akurats.com\/lt\/wp-json\/wp\/v2\/types\/page"}],"author":[{"embeddable":true,"href":"https:\/\/akurats.com\/lt\/wp-json\/wp\/v2\/users\/1"}],"replies":[{"embeddable":true,"href":"https:\/\/akurats.com\/lt\/wp-json\/wp\/v2\/comments?post=2026"}],"version-history":[{"count":10,"href":"https:\/\/akurats.com\/lt\/wp-json\/wp\/v2\/pages\/2026\/revisions"}],"predecessor-version":[{"id":3497,"href":"https:\/\/akurats.com\/lt\/wp-json\/wp\/v2\/pages\/2026\/revisions\/3497"}],"up":[{"embeddable":true,"href":"https:\/\/akurats.com\/lt\/wp-json\/wp\/v2\/pages\/2002"}],"wp:featuredmedia":[{"embeddable":true,"href":"https:\/\/akurats.com\/lt\/wp-json\/wp\/v2\/media\/2794"}],"wp:attachment":[{"href":"https:\/\/akurats.com\/lt\/wp-json\/wp\/v2\/media?parent=2026"}],"curies":[{"name":"wp","href":"https:\/\/api.w.org\/{rel}","templated":true}]}}