{"id":2020,"date":"2015-10-12T11:02:04","date_gmt":"2015-10-12T11:02:04","guid":{"rendered":"https:\/\/akurats.com\/?page_id=2020"},"modified":"2015-10-13T08:56:24","modified_gmt":"2015-10-13T08:56:24","slug":"5m-x-5m-kugines","status":"publish","type":"page","link":"https:\/\/akurats.com\/lt\/palapines\/5m-x-5m-kugines\/","title":{"rendered":"5m x 5m k\u016bgin\u0117s"},"content":{"rendered":"<div id=\"pl-2020\"  class=\"panel-layout\" ><div id=\"pg-2020-0\"  class=\"panel-grid panel-no-style\" ><div id=\"pgc-2020-0-0\"  class=\"panel-grid-cell\" ><div id=\"panel-2020-0-0-0\" class=\"so-panel widget widget_black-studio-tinymce widget_black_studio_tinymce panel-first-child panel-last-child\" data-index=\"0\" ><div class=\"textwidget\"><p><a href=\"https:\/\/akurats.com\/wp-content\/uploads\/2015\/07\/telsts5x5konusveida_1_big.jpg\"><img src=\"https:\/\/akurats.com\/wp-content\/uploads\/2015\/07\/telsts5x5konusveida_1_big-300x200.jpg\" alt=\"telsts5x5konusveida_1_big\" width=\"300\" height=\"200\" class=\"aligncenter size-thumbnail wp-image-759\" \/><\/a><\/p>\n<\/div><\/div><\/div><div id=\"pgc-2020-0-1\"  class=\"panel-grid-cell\" ><div id=\"panel-2020-0-1-0\" class=\"so-panel widget widget_black-studio-tinymce widget_black_studio_tinymce panel-first-child panel-last-child\" data-index=\"1\" ><div class=\"textwidget\"><p><a href=\"https:\/\/akurats.com\/wp-content\/uploads\/2015\/07\/telsts5x5konusveida_2_big.jpg\"><img src=\"https:\/\/akurats.com\/wp-content\/uploads\/2015\/07\/telsts5x5konusveida_2_big-300x200.jpg\" alt=\"telsts5x5konusveida_2_big\" width=\"300\" height=\"200\" class=\"aligncenter size-thumbnail wp-image-764\" \/><\/a><\/p>\n<\/div><\/div><\/div><div id=\"pgc-2020-0-2\"  class=\"panel-grid-cell\" ><div id=\"panel-2020-0-2-0\" class=\"so-panel widget widget_black-studio-tinymce widget_black_studio_tinymce panel-first-child panel-last-child\" data-index=\"2\" ><div class=\"textwidget\"><p><a href=\"https:\/\/akurats.com\/wp-content\/uploads\/2015\/07\/telsts5x5konusveida_3_big.jpg\"><img src=\"https:\/\/akurats.com\/wp-content\/uploads\/2015\/07\/telsts5x5konusveida_3_big-300x200.jpg\" alt=\"telsts5x5konusveida_3_big\" width=\"300\" height=\"200\" class=\"aligncenter size-thumbnail wp-image-769\" \/><\/a><\/p>\n<\/div><\/div><\/div><div id=\"pgc-2020-0-3\"  class=\"panel-grid-cell\" ><div id=\"panel-2020-0-3-0\" class=\"so-panel widget widget_black-studio-tinymce widget_black_studio_tinymce panel-first-child panel-last-child\" data-index=\"3\" ><div class=\"textwidget\"><p><a href=\"https:\/\/akurats.com\/wp-content\/uploads\/2015\/07\/telsts5x5konusveida_4_big.jpg\"><img src=\"https:\/\/akurats.com\/wp-content\/uploads\/2015\/07\/telsts5x5konusveida_4_big-300x200.jpg\" alt=\"telsts5x5konusveida_4_big\" width=\"300\" height=\"200\" class=\"aligncenter size-thumbnail wp-image-774\" \/><\/a><\/p>\n<\/div><\/div><\/div><\/div><div id=\"pg-2020-1\"  class=\"panel-grid panel-no-style\" ><div id=\"pgc-2020-1-0\"  class=\"panel-grid-cell\" ><div id=\"panel-2020-1-0-0\" class=\"so-panel widget widget_black-studio-tinymce widget_black_studio_tinymce panel-first-child panel-last-child\" data-index=\"4\" ><div class=\"textwidget\"><p><a href=\"https:\/\/akurats.com\/wp-content\/uploads\/2015\/07\/telsts5x5konusveida_5_big.jpg\"><img src=\"https:\/\/akurats.com\/wp-content\/uploads\/2015\/07\/telsts5x5konusveida_5_big-300x200.jpg\" alt=\"telsts5x5konusveida_5_big\" width=\"300\" height=\"200\" class=\"aligncenter size-thumbnail wp-image-779\" \/><\/a><\/p>\n<\/div><\/div><\/div><div id=\"pgc-2020-1-1\"  class=\"panel-grid-cell\" ><div id=\"panel-2020-1-1-0\" class=\"so-panel widget widget_black-studio-tinymce widget_black_studio_tinymce panel-first-child panel-last-child\" data-index=\"5\" ><div class=\"textwidget\"><p><a href=\"https:\/\/akurats.com\/wp-content\/uploads\/2015\/07\/telsts5x5konusveida_6_big.jpg\"><img src=\"https:\/\/akurats.com\/wp-content\/uploads\/2015\/07\/telsts5x5konusveida_6_big-300x200.jpg\" alt=\"telsts5x5konusveida_6_big\" width=\"300\" height=\"200\" class=\"aligncenter size-thumbnail wp-image-784\" \/><\/a><\/p>\n<\/div><\/div><\/div><div id=\"pgc-2020-1-2\"  class=\"panel-grid-cell\" ><div id=\"panel-2020-1-2-0\" class=\"so-panel widget widget_black-studio-tinymce widget_black_studio_tinymce panel-first-child panel-last-child\" data-index=\"6\" ><div class=\"textwidget\"><p><a href=\"https:\/\/akurats.com\/wp-content\/uploads\/2015\/07\/telts5x5konusveida_7_big.jpg\"><img src=\"https:\/\/akurats.com\/wp-content\/uploads\/2015\/07\/telts5x5konusveida_7_big-300x200.jpg\" alt=\"telts5x5konusveida_7_big\" width=\"300\" height=\"200\" class=\"aligncenter size-thumbnail wp-image-789\" \/><\/a><\/p>\n<\/div><\/div><\/div><div id=\"pgc-2020-1-3\"  class=\"panel-grid-cell\" ><div id=\"panel-2020-1-3-0\" class=\"so-panel widget widget_black-studio-tinymce widget_black_studio_tinymce panel-first-child panel-last-child\" data-index=\"7\" ><div class=\"textwidget\"><p><a href=\"https:\/\/akurats.com\/wp-content\/uploads\/2015\/07\/telts5x5konusveida_8_big.jpg\"><img src=\"https:\/\/akurats.com\/wp-content\/uploads\/2015\/07\/telts5x5konusveida_8_big-300x200.jpg\" alt=\"telts5x5konusveida_8_big\" width=\"300\" height=\"200\" class=\"aligncenter size-thumbnail wp-image-794\" \/><\/a><\/p>\n<\/div><\/div><\/div><\/div><div id=\"pg-2020-2\"  class=\"panel-grid panel-no-style\" ><div id=\"pgc-2020-2-0\"  class=\"panel-grid-cell\" ><div id=\"panel-2020-2-0-0\" class=\"so-panel widget widget_black-studio-tinymce widget_black_studio_tinymce panel-first-child panel-last-child\" data-index=\"8\" ><div class=\"textwidget\"><p>\u0160ios palapin\u0117s prieinamos su \u0161iuo metu populiariais pagodos k\u016bginiais stogais. Jos puikiai tinka tokiems \u012fpatingiems renginiams kaip vestuv\u0117ms, \u012fvairioms i\u0161kilmingoms ceremonijoms, o taip pat puikiai atrodys \u0161vent\u0117je sode. \u0160i palapin\u0117 prieinama su arkiniais langais, kurie taip pat puikiai papildys j\u016bs\u0173 renginio i\u0161kilming\u0105 atmosfer\u0105. <\/p>\n<table class=\"table\">\n<thead>\n<tr class=\"active\">\n<th colspan=\"2\"><center>Techniniai parametrai<\/center><\/th>\n<\/tr>\n<\/thead>\n<tbody>\n<tr>\n<td>Plotis<\/td>\n<td>5m<\/td>\n<\/tr>\n<tr>\n<td>Ilgis<\/td>\n<td>5m<\/td>\n<\/tr>\n<tr>\n<td>Kra\u0161tinis auk\u0161tis<\/td>\n<td>2,5 m<\/td>\n<\/tr>\n<tr>\n<td>Smail\u0117s auk\u0161tis<\/td>\n<td>5 m<\/td>\n<\/tr>\n<tr>\n<td>Kra\u0161tinis plotis<\/td>\n<td>5 m<\/td>\n<\/tr>\n<tr>\n<td>Tento audeklas<\/td>\n<td>PVC<\/td>\n<\/tr>\n<tr>\n<td>Spalva<\/td>\n<td>balta<\/td>\n<\/tr>\n<tr>\n<td>R\u0117mas<\/td>\n<td>anoduotas alumininis r\u0117mas<\/td>\n<\/tr>\n<tr>\n<td>Langai<\/td>\n<td>palapin\u0117 prieinama su arkiniais langais<\/td>\n<\/tr>\n<\/tbody>\n<\/table>\n<\/div><\/div><\/div><\/div><\/div>","protected":false},"excerpt":{"rendered":"<p>\u0160ios palapin\u0117s prieinamos su \u0161iuo metu populiariais pagodos k\u016bginiais stogais. Jos puikiai tinka tokiems \u012fpatingiems renginiams kaip vestuv\u0117ms, \u012fvairioms i\u0161kilmingoms ceremonijoms, o taip pat puikiai atrodys \u0161vent\u0117je sode. \u0160i palapin\u0117 prieinama su arkiniais langais, kurie taip pat puikiai papildys j\u016bs\u0173 renginio i\u0161kilming\u0105 atmosfer\u0105. Techniniai parametrai Plotis 5m Ilgis 5m Kra\u0161tinis auk\u0161tis 2,5 m Smail\u0117s auk\u0161tis &hellip;<\/p>\n","protected":false},"author":1,"featured_media":778,"parent":2002,"menu_order":0,"comment_status":"closed","ping_status":"closed","template":"","meta":[],"acf":[],"yoast_head":"<!-- This site is optimized with the Yoast SEO plugin v19.9 - https:\/\/yoast.com\/wordpress\/plugins\/seo\/ -->\n<title>5m x 5m k\u016bgin\u0117s - Ak\u016brats<\/title>\n<meta name=\"robots\" content=\"index, follow, max-snippet:-1, max-image-preview:large, max-video-preview:-1\" \/>\n<link rel=\"canonical\" href=\"https:\/\/akurats.com\/lt\/palapines\/5m-x-5m-kugines\/\" \/>\n<script type=\"application\/ld+json\" class=\"yoast-schema-graph\">{\"@context\":\"https:\/\/schema.org\",\"@graph\":[{\"@type\":\"WebPage\",\"@id\":\"https:\/\/akurats.com\/lt\/palapines\/5m-x-5m-kugines\/\",\"url\":\"https:\/\/akurats.com\/lt\/palapines\/5m-x-5m-kugines\/\",\"name\":\"5m x 5m k\u016bgin\u0117s - Ak\u016brats\",\"isPartOf\":{\"@id\":\"https:\/\/akurats.com\/en\/#website\"},\"datePublished\":\"2015-10-12T11:02:04+00:00\",\"dateModified\":\"2015-10-13T08:56:24+00:00\",\"breadcrumb\":{\"@id\":\"https:\/\/akurats.com\/lt\/palapines\/5m-x-5m-kugines\/#breadcrumb\"},\"inLanguage\":\"lt\",\"potentialAction\":[{\"@type\":\"ReadAction\",\"target\":[\"https:\/\/akurats.com\/lt\/palapines\/5m-x-5m-kugines\/\"]}]},{\"@type\":\"BreadcrumbList\",\"@id\":\"https:\/\/akurats.com\/lt\/palapines\/5m-x-5m-kugines\/#breadcrumb\",\"itemListElement\":[{\"@type\":\"ListItem\",\"position\":1,\"name\":\"Home\",\"item\":\"https:\/\/akurats.com\/lt\/\"},{\"@type\":\"ListItem\",\"position\":2,\"name\":\"Palapin\u0117s\",\"item\":\"https:\/\/akurats.com\/lt\/palapines\/\"},{\"@type\":\"ListItem\",\"position\":3,\"name\":\"5m x 5m k\u016bgin\u0117s\"}]},{\"@type\":\"WebSite\",\"@id\":\"https:\/\/akurats.com\/en\/#website\",\"url\":\"https:\/\/akurats.com\/en\/\",\"name\":\"Akur\u0101ts\",\"description\":\"rengini\u0173 \u012frangos paslaugos\",\"publisher\":{\"@id\":\"https:\/\/akurats.com\/en\/#organization\"},\"alternateName\":\"Event equipment service\",\"potentialAction\":[{\"@type\":\"SearchAction\",\"target\":{\"@type\":\"EntryPoint\",\"urlTemplate\":\"https:\/\/akurats.com\/en\/?s={search_term_string}\"},\"query-input\":\"required name=search_term_string\"}],\"inLanguage\":\"lt\"},{\"@type\":\"Organization\",\"@id\":\"https:\/\/akurats.com\/en\/#organization\",\"name\":\"Akur\u0101ts\",\"alternateName\":\"Event equipment service\",\"url\":\"https:\/\/akurats.com\/en\/\",\"logo\":{\"@type\":\"ImageObject\",\"inLanguage\":\"lt\",\"@id\":\"https:\/\/akurats.com\/en\/#\/schema\/logo\/image\/\",\"url\":\"https:\/\/akurats.com\/wp-content\/uploads\/2015\/06\/A_logo.png\",\"contentUrl\":\"https:\/\/akurats.com\/wp-content\/uploads\/2015\/06\/A_logo.png\",\"width\":77,\"height\":70,\"caption\":\"Akur\u0101ts\"},\"image\":{\"@id\":\"https:\/\/akurats.com\/en\/#\/schema\/logo\/image\/\"},\"sameAs\":[\"https:\/\/www.facebook.com\/AkuratsSIA\"]}]}<\/script>\n<!-- \/ Yoast SEO plugin. -->","yoast_head_json":{"title":"5m x 5m k\u016bgin\u0117s - Ak\u016brats","robots":{"index":"index","follow":"follow","max-snippet":"max-snippet:-1","max-image-preview":"max-image-preview:large","max-video-preview":"max-video-preview:-1"},"canonical":"https:\/\/akurats.com\/lt\/palapines\/5m-x-5m-kugines\/","schema":{"@context":"https:\/\/schema.org","@graph":[{"@type":"WebPage","@id":"https:\/\/akurats.com\/lt\/palapines\/5m-x-5m-kugines\/","url":"https:\/\/akurats.com\/lt\/palapines\/5m-x-5m-kugines\/","name":"5m x 5m k\u016bgin\u0117s - Ak\u016brats","isPartOf":{"@id":"https:\/\/akurats.com\/en\/#website"},"datePublished":"2015-10-12T11:02:04+00:00","dateModified":"2015-10-13T08:56:24+00:00","breadcrumb":{"@id":"https:\/\/akurats.com\/lt\/palapines\/5m-x-5m-kugines\/#breadcrumb"},"inLanguage":"lt","potentialAction":[{"@type":"ReadAction","target":["https:\/\/akurats.com\/lt\/palapines\/5m-x-5m-kugines\/"]}]},{"@type":"BreadcrumbList","@id":"https:\/\/akurats.com\/lt\/palapines\/5m-x-5m-kugines\/#breadcrumb","itemListElement":[{"@type":"ListItem","position":1,"name":"Home","item":"https:\/\/akurats.com\/lt\/"},{"@type":"ListItem","position":2,"name":"Palapin\u0117s","item":"https:\/\/akurats.com\/lt\/palapines\/"},{"@type":"ListItem","position":3,"name":"5m x 5m k\u016bgin\u0117s"}]},{"@type":"WebSite","@id":"https:\/\/akurats.com\/en\/#website","url":"https:\/\/akurats.com\/en\/","name":"Akur\u0101ts","description":"rengini\u0173 \u012frangos paslaugos","publisher":{"@id":"https:\/\/akurats.com\/en\/#organization"},"alternateName":"Event equipment service","potentialAction":[{"@type":"SearchAction","target":{"@type":"EntryPoint","urlTemplate":"https:\/\/akurats.com\/en\/?s={search_term_string}"},"query-input":"required name=search_term_string"}],"inLanguage":"lt"},{"@type":"Organization","@id":"https:\/\/akurats.com\/en\/#organization","name":"Akur\u0101ts","alternateName":"Event equipment service","url":"https:\/\/akurats.com\/en\/","logo":{"@type":"ImageObject","inLanguage":"lt","@id":"https:\/\/akurats.com\/en\/#\/schema\/logo\/image\/","url":"https:\/\/akurats.com\/wp-content\/uploads\/2015\/06\/A_logo.png","contentUrl":"https:\/\/akurats.com\/wp-content\/uploads\/2015\/06\/A_logo.png","width":77,"height":70,"caption":"Akur\u0101ts"},"image":{"@id":"https:\/\/akurats.com\/en\/#\/schema\/logo\/image\/"},"sameAs":["https:\/\/www.facebook.com\/AkuratsSIA"]}]}},"_links":{"self":[{"href":"https:\/\/akurats.com\/lt\/wp-json\/wp\/v2\/pages\/2020"}],"collection":[{"href":"https:\/\/akurats.com\/lt\/wp-json\/wp\/v2\/pages"}],"about":[{"href":"https:\/\/akurats.com\/lt\/wp-json\/wp\/v2\/types\/page"}],"author":[{"embeddable":true,"href":"https:\/\/akurats.com\/lt\/wp-json\/wp\/v2\/users\/1"}],"replies":[{"embeddable":true,"href":"https:\/\/akurats.com\/lt\/wp-json\/wp\/v2\/comments?post=2020"}],"version-history":[{"count":1,"href":"https:\/\/akurats.com\/lt\/wp-json\/wp\/v2\/pages\/2020\/revisions"}],"predecessor-version":[{"id":2021,"href":"https:\/\/akurats.com\/lt\/wp-json\/wp\/v2\/pages\/2020\/revisions\/2021"}],"up":[{"embeddable":true,"href":"https:\/\/akurats.com\/lt\/wp-json\/wp\/v2\/pages\/2002"}],"wp:featuredmedia":[{"embeddable":true,"href":"https:\/\/akurats.com\/lt\/wp-json\/wp\/v2\/media\/778"}],"wp:attachment":[{"href":"https:\/\/akurats.com\/lt\/wp-json\/wp\/v2\/media?parent=2020"}],"curies":[{"name":"wp","href":"https:\/\/api.w.org\/{rel}","templated":true}]}}