{"id":2002,"date":"2015-10-12T10:31:29","date_gmt":"2015-10-12T10:31:29","guid":{"rendered":"https:\/\/akurats.com\/?page_id=2002"},"modified":"2018-09-11T07:39:36","modified_gmt":"2018-09-11T07:39:36","slug":"palapines","status":"publish","type":"page","link":"https:\/\/akurats.com\/lt\/palapines\/","title":{"rendered":"Palapin\u0117s"},"content":{"rendered":"<div id=\"pl-2002\"  class=\"panel-layout\" ><div id=\"pg-2002-0\"  class=\"panel-grid panel-no-style\" ><div id=\"pgc-2002-0-0\"  class=\"panel-grid-cell\" ><div id=\"panel-2002-0-0-0\" class=\"so-panel widget widget_black-studio-tinymce widget_black_studio_tinymce panel-first-child panel-last-child\" data-index=\"0\" ><div class=\"textwidget\"><div id=\"content_text\">\n<p><strong>Palapin\u0117s \u2013 renginiams ir \u0161vent\u0117ms lauke<\/strong><\/p>\n<p>Palapin\u0117s nuoma \u2013 geras pasirinkimas tiems, kurie nori \u0161vent\u0117s lauke. Gal\u0117site nesijaudinti, kad j\u016bs\u0173 \u0161vent\u0119 ar rengin\u012f lauke sugadins prastos oro s\u0105lygos. Be to, tokios palapin\u0117s pav\u0117sin\u0117s gelb\u0117ja nuo kaitri\u0173 saul\u0117s spinduli\u0173. Palapini\u0173 ir j\u0173 \u012frangos nuom\u0105 si\u016blo SIA ,,Akur\u0101ts\u201c. Svarbu tai, kad kiekvien\u0105 palapin\u0119 galima pritaikyti j\u016bs\u0173 reikm\u0117ms, pavyzd\u017eiui, \u012fkloti grindis, pastatyti sienas su langais ar be j\u0173, pastatyti stalus ir k\u0117des, \u012frengti ap\u0161ildymo \u017eibintus ir ap\u0161vietimo lempas. Palapin\u0117s nuoma priklauso nuo to, koks bus renginys. I\u0161sirinkus palapin\u0119, galite pasidom\u0117ti ir grind\u0173 nuoma. Tiek palapin\u0117s, tiek grindys pristatomos Latvijoje, Lietuvoje ir Estijoje.<\/p>\n<p><strong>Palapini\u0173 r\u016b\u0161ys<\/strong><\/p>\n<p>Palapini\u0173 nuoma priklauso nuo to, kokio dyd\u017eio ir formos palapin\u0117s jums reikia. \u012emon\u0117 ,,Akur\u0101ts\u201c si\u016blo \u012fvairi\u0173 r\u016b\u0161i\u0173 palapines:<\/p>\n<ul>\n<li>10 x 15 m<\/li>\n<li>10 x 20 m<\/li>\n<li>10 x 50 m<\/li>\n<li>10 x 60 m<\/li>\n<li>12 x 50 m<\/li>\n<li>20 x 25 m<\/li>\n<li>20 x 75 m<\/li>\n<li>3 x 3 m<\/li>\n<li>5 x 5 m<\/li>\n<li>5 x 5 m k\u016bgin\u0117 palapin\u0117. \u00a0\u0160ios palapin\u0117s i\u0161siskiria puo\u0161niais k\u016bginiais stogais. K\u016bgini\u0173 palapini\u0173 nuoma labai tinka vestuv\u0117ms ir kitoms i\u0161kilmingoms progoms, taip pat \u0161vent\u0117ms sode;<\/li>\n<li>50 m\u00b2 palapin\u0117 ,,\u017dvaig\u017ed\u0117\u201c. Ry\u0161kios spalvos ir \u012fdomios formos palapin\u0117s pav\u0117sin\u0117s geriausiai tinka sodo \u0161vent\u0117ms, muzikos ir sporto renginiams.<\/li>\n<\/ul>\n<p><strong>Palapini\u0173 montavimas<\/strong><\/p>\n<ul>\n<li>20 x 25 m ir 20 x 75 m palapin\u0117s sumontuojamos per 8 valandas;<\/li>\n<li>10 x 50 m ir 10 x 60 m palapin\u0117s sumontuojamos per 7 valandas;<\/li>\n<li>12 x 50 m palapin\u0117 sumontuojama per 6 valandas;<\/li>\n<li>10 x 15 m ir 10 x 20 m palapini\u0173 sumontavimo trukm\u0117 \u2013 4 valandos;<\/li>\n<li>5 x 5 m palapin\u0117s ir 5 x 5 m k\u016bgin\u0117s palapin\u0117s sumontavimo trukm\u0117 \u2013 40 minu\u010di\u0173;<\/li>\n<li>3 x 3 m palapin\u0117s ir palapin\u0117s ,,\u017dvaig\u017ed\u0117\u201c sumontavim\u0105 ir i\u0161montavim\u0105 gali atlikti pats klientas. \u0160ios palapin\u0117s nepristatomos \u2013 klientas pasirinkt\u0105 palapin\u0119 turi pasiimti Rygoje, \u012fmon\u0117s ,,Akur\u0101ts\u201c sand\u0117lyje.<\/li>\n<\/ul>\n<p>Svarbu tai, kad palapin\u0119 b\u016btina montuoti vietose, kur galima atva\u017eiuoti krovininiu transportu. Palapin\u0117 sutvirtinama 80 cm vinimis, kurias reikia \u012fkalti \u012f \u017eem\u0119. Jei danga yra asfaltuota, gr\u0119\u017eiamos 19 mm skyl\u0117s. Kad palapin\u0117 b\u016bt\u0173 stabili, jos galuose visuomet tvirtinami lynai. Norint, kad montavimas pasisekt\u0173, reikia i\u0161 anksto paruo\u0161ti ir suderinti palapin\u0117s viet\u0105. Palapines sumontuoja ir i\u0161montuoja \u012fmon\u0117s ,,Akur\u0101ts\u201c darbuotojai. Pristatymas Rygoje nekainuoja, o u\u017e Rygos reik\u0117t\u0173 mok\u0117ti 0,50 LVL u\u017e 1 km (kaina su PVM).<\/p>\n<p>Jei norite dar s\u0117kmingesnio renginio, si\u016bloma grind\u0173 nuoma. \u012emon\u0117 ,,Akur\u0101ts\u201c si\u016blo tiek medines, tiek plastmasines grindis. \u0160ias grindis taip pat sumontuoja ir i\u0161montuoja \u012fmon\u0117s komanda.<\/p>\n<p><strong>Kaip tinkamai naudotis palapin\u0117mis<\/strong><\/p>\n<ul>\n<li>Draud\u017eiama savaranki\u0161kai sumontuoti ir i\u0161montuoti palapin\u0119, i\u0161skyrus k\u016bgin\u0119 palapin\u0119 ir palapin\u0119 ,,\u017dvaig\u017ed\u0117\u201c ;<\/li>\n<li>Negalima i\u0161montuoti palapin\u0117s dali\u0173, pavyzd\u017eiui, kai\u0161\u010di\u0173 ar lyn\u0173;<\/li>\n<li>Reikia u\u017etikrinti, kad tento audeklas neb\u016bt\u0173 pa\u017eeistas a\u0161triais ir kar\u0161tais daiktais bei chemin\u0117mis med\u017eiagomis. Svarbu, kad neb\u016bt\u0173 joki\u0173 mechanini\u0173 pa\u017eeidim\u0173;<\/li>\n<li>Dekoracij\u0173 ir reklam\u0173 i\u0161d\u0117stym\u0105, daikt\u0173 kabinim\u0105 prie palapin\u0117s aliuminio konstrukcijos reikia suderinti su \u012fmon\u0117s \u201eAkur\u0101ts\u201c darbuotojais;<\/li>\n<li>Jei pa\u017eeid\u0117te palapin\u0119, b\u016btina kuo skubiau informuoti \u012fmon\u0117s darbuotojus.<\/li>\n<\/ul>\n<\/div>\n<\/div><\/div><\/div><\/div><div id=\"pg-2002-1\"  class=\"panel-grid panel-no-style\" ><div id=\"pgc-2002-1-0\"  class=\"panel-grid-cell\" ><div id=\"panel-2002-1-0-0\" class=\"so-panel widget widget_pw_featured_page widget-featured-page panel-first-child\" data-index=\"1\" >\n\n\t<div class=\"page-box  page-box--block\">\n\t\t\t<a class=\"page-box__picture\" href=\"https:\/\/akurats.com\/lt\/palapines\/3m-x-3m\/\"><img src=\"https:\/\/akurats.com\/wp-content\/uploads\/2018\/09\/3x3-sarkana-4-320x240.jpeg\" width=\"320\" height=\"240\" sizes=\"(min-width: 992px) 360px, calc(100vw - 30px)\" class=\"wp-post-image\" alt=\"3m x 3m\"><\/a>\n\t\t<div class=\"page-box__content\">\n\t\t\t<h5 class=\"page-box__title  text-uppercase\"><a href=\"https:\/\/akurats.com\/lt\/palapines\/3m-x-3m\/\">3m x 3m<\/a><\/h5>\n\t\t\t<p><\/p>\n\t\t\t\t<p><a href=\"https:\/\/akurats.com\/lt\/palapines\/3m-x-3m\/\" class=\"read-more  read-more--page-box\">Read more<\/a><\/p>\n\t\t<\/div>\n\t<\/div>\n\n<\/div><div id=\"panel-2002-1-0-1\" class=\"so-panel widget widget_pw_featured_page widget-featured-page\" data-index=\"2\" >\n\n\t<div class=\"page-box  page-box--block\">\n\t\t\t<a class=\"page-box__picture\" href=\"https:\/\/akurats.com\/lt\/palapines\/5m-x-5m\/\"><img src=\"https:\/\/akurats.com\/wp-content\/uploads\/2015\/07\/5x5m-klasika-6-320x240.jpg\" width=\"320\" height=\"240\" sizes=\"(min-width: 992px) 360px, calc(100vw - 30px)\" class=\"wp-post-image\" alt=\"5m x 5m\"><\/a>\n\t\t<div class=\"page-box__content\">\n\t\t\t<h5 class=\"page-box__title  text-uppercase\"><a href=\"https:\/\/akurats.com\/lt\/palapines\/5m-x-5m\/\">5m x 5m<\/a><\/h5>\n\t\t\t<p><\/p>\n\t\t\t\t<p><a href=\"https:\/\/akurats.com\/lt\/palapines\/5m-x-5m\/\" class=\"read-more  read-more--page-box\">Read more<\/a><\/p>\n\t\t<\/div>\n\t<\/div>\n\n<\/div><div id=\"panel-2002-1-0-2\" class=\"so-panel widget widget_pw_featured_page widget-featured-page panel-last-child\" data-index=\"3\" >\n\n\t<div class=\"page-box  page-box--block\">\n\t\t\t<a class=\"page-box__picture\" href=\"https:\/\/akurats.com\/lt\/palapines\/5m-x-5m-kugines\/\"><img src=\"https:\/\/akurats.com\/wp-content\/uploads\/2015\/07\/telsts5x5konusveida_4_big.jpg\" width=\"250\" height=\"160\" sizes=\"(min-width: 992px) 360px, calc(100vw - 30px)\" class=\"wp-post-image\" alt=\"5m x 5m k\u016bgin\u0117s\"><\/a>\n\t\t<div class=\"page-box__content\">\n\t\t\t<h5 class=\"page-box__title  text-uppercase\"><a href=\"https:\/\/akurats.com\/lt\/palapines\/5m-x-5m-kugines\/\">5m x 5m k\u016bgin\u0117s<\/a><\/h5>\n\t\t\t<p><\/p>\n\t\t\t\t<p><a href=\"https:\/\/akurats.com\/lt\/palapines\/5m-x-5m-kugines\/\" class=\"read-more  read-more--page-box\">Read more<\/a><\/p>\n\t\t<\/div>\n\t<\/div>\n\n<\/div><\/div><div id=\"pgc-2002-1-1\"  class=\"panel-grid-cell\" ><div id=\"panel-2002-1-1-0\" class=\"so-panel widget widget_pw_featured_page widget-featured-page panel-first-child\" data-index=\"4\" >\n\n\t<div class=\"page-box  page-box--block\">\n\t\t\t<a class=\"page-box__picture\" href=\"https:\/\/akurats.com\/lt\/palapines\/10m-x-15m\/\"><img src=\"https:\/\/akurats.com\/wp-content\/uploads\/2015\/07\/10x10m_3m-1-320x240.jpg\" width=\"320\" height=\"240\" sizes=\"(min-width: 992px) 360px, calc(100vw - 30px)\" class=\"wp-post-image\" alt=\"10m x 15m\"><\/a>\n\t\t<div class=\"page-box__content\">\n\t\t\t<h5 class=\"page-box__title  text-uppercase\"><a href=\"https:\/\/akurats.com\/lt\/palapines\/10m-x-15m\/\">10m x 15m<\/a><\/h5>\n\t\t\t<p><\/p>\n\t\t\t\t<p><a href=\"https:\/\/akurats.com\/lt\/palapines\/10m-x-15m\/\" class=\"read-more  read-more--page-box\">Read more<\/a><\/p>\n\t\t<\/div>\n\t<\/div>\n\n<\/div><div id=\"panel-2002-1-1-1\" class=\"so-panel widget widget_pw_featured_page widget-featured-page\" data-index=\"5\" >\n\n\t<div class=\"page-box  page-box--block\">\n\t\t\t<a class=\"page-box__picture\" href=\"https:\/\/akurats.com\/lt\/palapines\/10m-x-20m\/\"><img src=\"https:\/\/akurats.com\/wp-content\/uploads\/2015\/07\/telts10x20_2_big-320x240.jpg\" width=\"320\" height=\"240\" sizes=\"(min-width: 992px) 360px, calc(100vw - 30px)\" class=\"wp-post-image\" alt=\"10m x 20m\"><\/a>\n\t\t<div class=\"page-box__content\">\n\t\t\t<h5 class=\"page-box__title  text-uppercase\"><a href=\"https:\/\/akurats.com\/lt\/palapines\/10m-x-20m\/\">10m x 20m<\/a><\/h5>\n\t\t\t<p><\/p>\n\t\t\t\t<p><a href=\"https:\/\/akurats.com\/lt\/palapines\/10m-x-20m\/\" class=\"read-more  read-more--page-box\">Read more<\/a><\/p>\n\t\t<\/div>\n\t<\/div>\n\n<\/div><div id=\"panel-2002-1-1-2\" class=\"so-panel widget widget_pw_featured_page widget-featured-page panel-last-child\" data-index=\"6\" >\n\n\t<div class=\"page-box  page-box--block\">\n\t\t\t<a class=\"page-box__picture\" href=\"https:\/\/akurats.com\/lt\/palapines\/10m-x-50m\/\"><img src=\"https:\/\/akurats.com\/wp-content\/uploads\/2015\/07\/telts10x50_sm-320x240.jpg\" width=\"320\" height=\"240\" sizes=\"(min-width: 992px) 360px, calc(100vw - 30px)\" class=\"wp-post-image\" alt=\"10m x 50m\"><\/a>\n\t\t<div class=\"page-box__content\">\n\t\t\t<h5 class=\"page-box__title  text-uppercase\"><a href=\"https:\/\/akurats.com\/lt\/palapines\/10m-x-50m\/\">10m x 50m<\/a><\/h5>\n\t\t\t<p><\/p>\n\t\t\t\t<p><a href=\"https:\/\/akurats.com\/lt\/palapines\/10m-x-50m\/\" class=\"read-more  read-more--page-box\">Read more<\/a><\/p>\n\t\t<\/div>\n\t<\/div>\n\n<\/div><\/div><div id=\"pgc-2002-1-2\"  class=\"panel-grid-cell\" ><div id=\"panel-2002-1-2-0\" class=\"so-panel widget widget_pw_featured_page widget-featured-page panel-first-child\" data-index=\"7\" >\n\n\t<div class=\"page-box  page-box--block\">\n\t\t\t<a class=\"page-box__picture\" href=\"https:\/\/akurats.com\/lt\/palapines\/10m-x-60m\/\"><img src=\"https:\/\/akurats.com\/wp-content\/uploads\/2015\/07\/telts10x60_17_big-320x240.jpg\" width=\"320\" height=\"240\" sizes=\"(min-width: 992px) 360px, calc(100vw - 30px)\" class=\"wp-post-image\" alt=\"10m x 60m\"><\/a>\n\t\t<div class=\"page-box__content\">\n\t\t\t<h5 class=\"page-box__title  text-uppercase\"><a href=\"https:\/\/akurats.com\/lt\/palapines\/10m-x-60m\/\">10m x 60m<\/a><\/h5>\n\t\t\t<p><\/p>\n\t\t\t\t<p><a href=\"https:\/\/akurats.com\/lt\/palapines\/10m-x-60m\/\" class=\"read-more  read-more--page-box\">Read more<\/a><\/p>\n\t\t<\/div>\n\t<\/div>\n\n<\/div><div id=\"panel-2002-1-2-1\" class=\"so-panel widget widget_pw_featured_page widget-featured-page\" data-index=\"8\" >\n\n\t<div class=\"page-box  page-box--block\">\n\t\t\t<a class=\"page-box__picture\" href=\"https:\/\/akurats.com\/lt\/palapines\/12m-x-50m\/\"><img src=\"https:\/\/akurats.com\/wp-content\/uploads\/2015\/07\/telts_12x50_30_big-320x240.jpg\" width=\"320\" height=\"240\" sizes=\"(min-width: 992px) 360px, calc(100vw - 30px)\" class=\"wp-post-image\" alt=\"12m x 50m\"><\/a>\n\t\t<div class=\"page-box__content\">\n\t\t\t<h5 class=\"page-box__title  text-uppercase\"><a href=\"https:\/\/akurats.com\/lt\/palapines\/12m-x-50m\/\">12m x 50m<\/a><\/h5>\n\t\t\t<p><\/p>\n\t\t\t\t<p><a href=\"https:\/\/akurats.com\/lt\/palapines\/12m-x-50m\/\" class=\"read-more  read-more--page-box\">Read more<\/a><\/p>\n\t\t<\/div>\n\t<\/div>\n\n<\/div><div id=\"panel-2002-1-2-2\" class=\"so-panel widget widget_pw_featured_page widget-featured-page panel-last-child\" data-index=\"9\" >\n\n\t<div class=\"page-box  page-box--block\">\n\t\t\t<a class=\"page-box__picture\" href=\"https:\/\/akurats.com\/lt\/palapines\/20m-x-25m\/\"><img src=\"https:\/\/akurats.com\/wp-content\/uploads\/2015\/07\/stikla-paneli-320x240.jpg\" width=\"320\" height=\"240\" sizes=\"(min-width: 992px) 360px, calc(100vw - 30px)\" class=\"wp-post-image\" alt=\"20m x 25m\"><\/a>\n\t\t<div class=\"page-box__content\">\n\t\t\t<h5 class=\"page-box__title  text-uppercase\"><a href=\"https:\/\/akurats.com\/lt\/palapines\/20m-x-25m\/\">20m x 25m<\/a><\/h5>\n\t\t\t<p><\/p>\n\t\t\t\t<p><a href=\"https:\/\/akurats.com\/lt\/palapines\/20m-x-25m\/\" class=\"read-more  read-more--page-box\">Read more<\/a><\/p>\n\t\t<\/div>\n\t<\/div>\n\n<\/div><\/div><div id=\"pgc-2002-1-3\"  class=\"panel-grid-cell\" ><div id=\"panel-2002-1-3-0\" class=\"so-panel widget widget_pw_featured_page widget-featured-page panel-first-child\" data-index=\"10\" >\n\n\t<div class=\"page-box  page-box--block\">\n\t\t\t<a class=\"page-box__picture\" href=\"https:\/\/akurats.com\/lt\/palapines\/20m-x-75m\/\"><img src=\"https:\/\/akurats.com\/wp-content\/uploads\/2015\/07\/telts20x75_20_big-320x240.jpg\" width=\"320\" height=\"240\" sizes=\"(min-width: 992px) 360px, calc(100vw - 30px)\" class=\"wp-post-image\" alt=\"20m x 75m\"><\/a>\n\t\t<div class=\"page-box__content\">\n\t\t\t<h5 class=\"page-box__title  text-uppercase\"><a href=\"https:\/\/akurats.com\/lt\/palapines\/20m-x-75m\/\">20m x 75m<\/a><\/h5>\n\t\t\t<p><\/p>\n\t\t\t\t<p><a href=\"https:\/\/akurats.com\/lt\/palapines\/20m-x-75m\/\" class=\"read-more  read-more--page-box\">Read more<\/a><\/p>\n\t\t<\/div>\n\t<\/div>\n\n<\/div><div id=\"panel-2002-1-3-1\" class=\"so-panel widget widget_pw_featured_page widget-featured-page panel-last-child\" data-index=\"11\" >\n\n\t<div class=\"page-box  page-box--block\">\n\t\t\t<a class=\"page-box__picture\" href=\"https:\/\/akurats.com\/lt\/palapines\/palapine-zvaigzde\/\"><img src=\"https:\/\/akurats.com\/wp-content\/uploads\/2018\/09\/zvaigzne-dzeltena-peleka-320x240.jpeg\" width=\"320\" height=\"240\" sizes=\"(min-width: 992px) 360px, calc(100vw - 30px)\" class=\"wp-post-image\" alt=\"Palapin\u0117 \u017dVAIG\u017dD\u0116\"><\/a>\n\t\t<div class=\"page-box__content\">\n\t\t\t<h5 class=\"page-box__title  text-uppercase\"><a href=\"https:\/\/akurats.com\/lt\/palapines\/palapine-zvaigzde\/\">Palapin\u0117 \u017dVAIG\u017dD\u0116<\/a><\/h5>\n\t\t\t<p><\/p>\n\t\t\t\t<p><a href=\"https:\/\/akurats.com\/lt\/palapines\/palapine-zvaigzde\/\" class=\"read-more  read-more--page-box\">Read more<\/a><\/p>\n\t\t<\/div>\n\t<\/div>\n\n<\/div><\/div><\/div><\/div>","protected":false},"excerpt":{"rendered":"<p>Palapin\u0117s \u2013 renginiams ir \u0161vent\u0117ms laukePalapin\u0117s nuoma \u2013 geras pasirinkimas tiems, kurie nori \u0161vent\u0117s lauke. Gal\u0117site nesijaudinti, kad j\u016bs\u0173 \u0161vent\u0119 ar rengin\u012f lauke sugadins prastos oro s\u0105lygos. Be to, tokios palapin\u0117s pav\u0117sin\u0117s gelb\u0117ja nuo kaitri\u0173 saul\u0117s spinduli\u0173. Palapini\u0173 ir j\u0173 \u012frangos nuom\u0105 si\u016blo SIA ,,Akur\u0101ts\u201c. Svarbu tai, kad kiekvien\u0105 palapin\u0119 galima pritaikyti j\u016bs\u0173 reikm\u0117ms, pavyzd\u017eiui, &hellip;<\/p>\n","protected":false},"author":1,"featured_media":579,"parent":0,"menu_order":0,"comment_status":"closed","ping_status":"closed","template":"","meta":[],"acf":[],"yoast_head":"<!-- This site is optimized with the Yoast SEO plugin v19.9 - https:\/\/yoast.com\/wordpress\/plugins\/seo\/ -->\n<title>Palapin\u0117s \u2013 renginiams ir \u0161vent\u0117ms lauke | Palapini\u0173 Nuoma<\/title>\n<meta name=\"description\" content=\"Palapin\u0117s nuoma \u2013 geras pasirinkimas tiems, kurie nori \u0161vent\u0117s lauke. Gal\u0117site nesijaudinti, kad j\u016bs\u0173 \u0161vent\u0119 ar rengin\u012f lauke sugadins prastos oro s\u0105lygos.\" \/>\n<meta name=\"robots\" content=\"index, follow, max-snippet:-1, max-image-preview:large, max-video-preview:-1\" \/>\n<link rel=\"canonical\" href=\"https:\/\/akurats.com\/lt\/palapines\/\" \/>\n<meta name=\"twitter:label1\" content=\"Est. reading time\" \/>\n\t<meta name=\"twitter:data1\" content=\"4 minutes\" \/>\n<script type=\"application\/ld+json\" class=\"yoast-schema-graph\">{\"@context\":\"https:\/\/schema.org\",\"@graph\":[{\"@type\":\"WebPage\",\"@id\":\"https:\/\/akurats.com\/lt\/palapines\/\",\"url\":\"https:\/\/akurats.com\/lt\/palapines\/\",\"name\":\"Palapin\u0117s \u2013 renginiams ir \u0161vent\u0117ms lauke | Palapini\u0173 Nuoma\",\"isPartOf\":{\"@id\":\"https:\/\/akurats.com\/en\/#website\"},\"datePublished\":\"2015-10-12T10:31:29+00:00\",\"dateModified\":\"2018-09-11T07:39:36+00:00\",\"description\":\"Palapin\u0117s nuoma \u2013 geras pasirinkimas tiems, kurie nori \u0161vent\u0117s lauke. Gal\u0117site nesijaudinti, kad j\u016bs\u0173 \u0161vent\u0119 ar rengin\u012f lauke sugadins prastos oro s\u0105lygos.\",\"breadcrumb\":{\"@id\":\"https:\/\/akurats.com\/lt\/palapines\/#breadcrumb\"},\"inLanguage\":\"lt\",\"potentialAction\":[{\"@type\":\"ReadAction\",\"target\":[\"https:\/\/akurats.com\/lt\/palapines\/\"]}]},{\"@type\":\"BreadcrumbList\",\"@id\":\"https:\/\/akurats.com\/lt\/palapines\/#breadcrumb\",\"itemListElement\":[{\"@type\":\"ListItem\",\"position\":1,\"name\":\"Home\",\"item\":\"https:\/\/akurats.com\/lt\/\"},{\"@type\":\"ListItem\",\"position\":2,\"name\":\"Palapin\u0117s\"}]},{\"@type\":\"WebSite\",\"@id\":\"https:\/\/akurats.com\/en\/#website\",\"url\":\"https:\/\/akurats.com\/en\/\",\"name\":\"Akur\u0101ts\",\"description\":\"rengini\u0173 \u012frangos paslaugos\",\"publisher\":{\"@id\":\"https:\/\/akurats.com\/en\/#organization\"},\"alternateName\":\"Event equipment service\",\"potentialAction\":[{\"@type\":\"SearchAction\",\"target\":{\"@type\":\"EntryPoint\",\"urlTemplate\":\"https:\/\/akurats.com\/en\/?s={search_term_string}\"},\"query-input\":\"required name=search_term_string\"}],\"inLanguage\":\"lt\"},{\"@type\":\"Organization\",\"@id\":\"https:\/\/akurats.com\/en\/#organization\",\"name\":\"Akur\u0101ts\",\"alternateName\":\"Event equipment service\",\"url\":\"https:\/\/akurats.com\/en\/\",\"logo\":{\"@type\":\"ImageObject\",\"inLanguage\":\"lt\",\"@id\":\"https:\/\/akurats.com\/en\/#\/schema\/logo\/image\/\",\"url\":\"https:\/\/akurats.com\/wp-content\/uploads\/2015\/06\/A_logo.png\",\"contentUrl\":\"https:\/\/akurats.com\/wp-content\/uploads\/2015\/06\/A_logo.png\",\"width\":77,\"height\":70,\"caption\":\"Akur\u0101ts\"},\"image\":{\"@id\":\"https:\/\/akurats.com\/en\/#\/schema\/logo\/image\/\"},\"sameAs\":[\"https:\/\/www.facebook.com\/AkuratsSIA\"]}]}<\/script>\n<!-- \/ Yoast SEO plugin. -->","yoast_head_json":{"title":"Palapin\u0117s \u2013 renginiams ir \u0161vent\u0117ms lauke | Palapini\u0173 Nuoma","description":"Palapin\u0117s nuoma \u2013 geras pasirinkimas tiems, kurie nori \u0161vent\u0117s lauke. Gal\u0117site nesijaudinti, kad j\u016bs\u0173 \u0161vent\u0119 ar rengin\u012f lauke sugadins prastos oro s\u0105lygos.","robots":{"index":"index","follow":"follow","max-snippet":"max-snippet:-1","max-image-preview":"max-image-preview:large","max-video-preview":"max-video-preview:-1"},"canonical":"https:\/\/akurats.com\/lt\/palapines\/","twitter_misc":{"Est. reading time":"4 minutes"},"schema":{"@context":"https:\/\/schema.org","@graph":[{"@type":"WebPage","@id":"https:\/\/akurats.com\/lt\/palapines\/","url":"https:\/\/akurats.com\/lt\/palapines\/","name":"Palapin\u0117s \u2013 renginiams ir \u0161vent\u0117ms lauke | Palapini\u0173 Nuoma","isPartOf":{"@id":"https:\/\/akurats.com\/en\/#website"},"datePublished":"2015-10-12T10:31:29+00:00","dateModified":"2018-09-11T07:39:36+00:00","description":"Palapin\u0117s nuoma \u2013 geras pasirinkimas tiems, kurie nori \u0161vent\u0117s lauke. Gal\u0117site nesijaudinti, kad j\u016bs\u0173 \u0161vent\u0119 ar rengin\u012f lauke sugadins prastos oro s\u0105lygos.","breadcrumb":{"@id":"https:\/\/akurats.com\/lt\/palapines\/#breadcrumb"},"inLanguage":"lt","potentialAction":[{"@type":"ReadAction","target":["https:\/\/akurats.com\/lt\/palapines\/"]}]},{"@type":"BreadcrumbList","@id":"https:\/\/akurats.com\/lt\/palapines\/#breadcrumb","itemListElement":[{"@type":"ListItem","position":1,"name":"Home","item":"https:\/\/akurats.com\/lt\/"},{"@type":"ListItem","position":2,"name":"Palapin\u0117s"}]},{"@type":"WebSite","@id":"https:\/\/akurats.com\/en\/#website","url":"https:\/\/akurats.com\/en\/","name":"Akur\u0101ts","description":"rengini\u0173 \u012frangos paslaugos","publisher":{"@id":"https:\/\/akurats.com\/en\/#organization"},"alternateName":"Event equipment service","potentialAction":[{"@type":"SearchAction","target":{"@type":"EntryPoint","urlTemplate":"https:\/\/akurats.com\/en\/?s={search_term_string}"},"query-input":"required name=search_term_string"}],"inLanguage":"lt"},{"@type":"Organization","@id":"https:\/\/akurats.com\/en\/#organization","name":"Akur\u0101ts","alternateName":"Event equipment service","url":"https:\/\/akurats.com\/en\/","logo":{"@type":"ImageObject","inLanguage":"lt","@id":"https:\/\/akurats.com\/en\/#\/schema\/logo\/image\/","url":"https:\/\/akurats.com\/wp-content\/uploads\/2015\/06\/A_logo.png","contentUrl":"https:\/\/akurats.com\/wp-content\/uploads\/2015\/06\/A_logo.png","width":77,"height":70,"caption":"Akur\u0101ts"},"image":{"@id":"https:\/\/akurats.com\/en\/#\/schema\/logo\/image\/"},"sameAs":["https:\/\/www.facebook.com\/AkuratsSIA"]}]}},"_links":{"self":[{"href":"https:\/\/akurats.com\/lt\/wp-json\/wp\/v2\/pages\/2002"}],"collection":[{"href":"https:\/\/akurats.com\/lt\/wp-json\/wp\/v2\/pages"}],"about":[{"href":"https:\/\/akurats.com\/lt\/wp-json\/wp\/v2\/types\/page"}],"author":[{"embeddable":true,"href":"https:\/\/akurats.com\/lt\/wp-json\/wp\/v2\/users\/1"}],"replies":[{"embeddable":true,"href":"https:\/\/akurats.com\/lt\/wp-json\/wp\/v2\/comments?post=2002"}],"version-history":[{"count":5,"href":"https:\/\/akurats.com\/lt\/wp-json\/wp\/v2\/pages\/2002\/revisions"}],"predecessor-version":[{"id":3670,"href":"https:\/\/akurats.com\/lt\/wp-json\/wp\/v2\/pages\/2002\/revisions\/3670"}],"wp:featuredmedia":[{"embeddable":true,"href":"https:\/\/akurats.com\/lt\/wp-json\/wp\/v2\/media\/579"}],"wp:attachment":[{"href":"https:\/\/akurats.com\/lt\/wp-json\/wp\/v2\/media?parent=2002"}],"curies":[{"name":"wp","href":"https:\/\/api.w.org\/{rel}","templated":true}]}}