{"id":1920,"date":"2015-10-09T12:55:49","date_gmt":"2015-10-09T12:55:49","guid":{"rendered":"https:\/\/akurats.com\/?page_id=1920"},"modified":"2018-04-04T10:42:15","modified_gmt":"2018-04-04T10:42:15","slug":"apie-mus","status":"publish","type":"page","link":"https:\/\/akurats.com\/lt\/apie-mus\/","title":{"rendered":"Apie mus"},"content":{"rendered":"<div id=\"content_text\">\n<div>\n<p style=\"text-align: center;\">Please see our brochure for tents and equipment <a href=\"https:\/\/akurats.com\/wp-content\/uploads\/2015\/06\/Akurats_buklets_web.pdf\" target=\"_blank\">HERE<\/a>.<\/p>\n<p align=\"center\"><iframe loading=\"lazy\" src=\"https:\/\/www.youtube.com\/embed\/2LP0xTEkY8Y?rel=0&amp;showinfo=0\" width=\"920\" height=\"520\" frameborder=\"0\" allowfullscreen=\"allowfullscreen\"><\/iframe><\/p>\n<p>SIA \u201cAkur\u0101ts\u201d \u012fkurta 2005 metais ir per trump\u0105 laik\u0105 tapo vadovaujan\u010diu palapini\u0173 ir j\u0173 \u012frangos i\u0161nuomotoju Latvijoje. Nuo 2007 met\u0173 \u201cAkur\u0101ts\u201d savo palapini\u0173 nuomos patarnavimus si\u016blo taip pat Lietuvos ir Estijos teritorijoje.<\/p>\n<\/div>\n<div>\n<p>\u201cAkur\u0101ts\u201d si\u016blo de\u0161mit r\u016b\u0161i\u0173 palapines nuo 9 m\u00b2 palapini\u0173 net iki 1500 m\u00b2 dyd\u017eio palapini\u0173. Kiekvien\u0105 palapin\u0119 galima komplektuoti ir pritaikyti j\u016bs\u0173 reikm\u0117ms \u2013 \u012fkloti plastmasines arba medines grindis, pastatyti sienas su arba be lang\u0173, pastatyti stalus, k\u0117des, \u012frengti ap\u0161ildymo \u017eibintus ir ap\u0161vietimo lempas.<\/p>\n<p>M\u016bs\u0173 palapin\u0117s buvo naudojamos tokiuose renginiuose kaip Baltic Beach Party Liepojoje, Rygos svent\u0117se, Dain\u0173 svent\u0117se, Dance Summit, o taip pat mug\u0117se, parodose, pristatymuose, koncertuose, miest\u0173 \u0161vent\u0117se, sporto \u017eaidyn\u0117se, vestuv\u0117se ir sodo \u0161vent\u0117se.<\/p>\n<p>Su mumis bendradarbiauja ir daugelis statybos firm\u0173, kurios m\u016bs\u0173 palapines naudoja sand\u0117li\u0173 tikslams, o taip pat blogo oro s\u0105lygomis palapines pastato statybos objektuose, kad neb\u016bt\u0173 pertraukiamas statybos procesas.<\/p>\n<p>M\u016bs\u0173 darbuotojai yra i\u0161manatys ir patyr\u0119 specialistai, kurie konsultuos ir jums pad\u0117s i\u0161sirinkti tinkamiausi\u0105 palapin\u0119 planuojamam renginiui, pristatys, pastatys ir i\u0161mantuos palapin\u0119 j\u016bs\u0173 nurodytu laiku ir vietoje.<\/p>\n<p><strong>\u012emon\u0117s vizija<br \/>\n<\/strong>SIA \u201cAkur\u0101ts\u201d vizija yra tapti did\u017eiausiu ir populiariausiu palapini\u0173 ir j\u0173 \u012frangos i\u0161nuomotoju Baltijos valstyb\u0117se.<\/p>\n<p><strong>\u012emon\u0117s misija<br \/>\n<\/strong>SIA \u201cAkur\u0101ts\u201d misija yra si\u016blyti geriausias palapines ir palapini\u0173 technin\u0119 \u012frang\u0105, o taip pat u\u017etikrinti puik\u0173 palapini\u0173 montavimo servis\u0105, kad kiekvieno kliento renginys b\u016bt\u0173 vyk\u0119s.<\/p>\n<div align=\"center\"><strong>\u201cAkur\u0101ts\u201d si\u016blo geras palapines s\u0117kmingiems renginiams!<\/strong><\/div>\n<\/div>\n<\/div>\n","protected":false},"excerpt":{"rendered":"<p>Please see our brochure for tents and equipment HERE. SIA \u201cAkur\u0101ts\u201d \u012fkurta 2005 metais ir per trump\u0105 laik\u0105 tapo vadovaujan\u010diu palapini\u0173 ir j\u0173 \u012frangos i\u0161nuomotoju Latvijoje. Nuo 2007 met\u0173 \u201cAkur\u0101ts\u201d savo palapini\u0173 nuomos patarnavimus si\u016blo taip pat Lietuvos ir Estijos teritorijoje. \u201cAkur\u0101ts\u201d si\u016blo de\u0161mit r\u016b\u0161i\u0173 palapines nuo 9 m\u00b2 palapini\u0173 net iki 1500 m\u00b2 dyd\u017eio &hellip;<\/p>\n","protected":false},"author":1,"featured_media":0,"parent":0,"menu_order":0,"comment_status":"closed","ping_status":"closed","template":"","meta":[],"acf":[],"yoast_head":"<!-- This site is optimized with the Yoast SEO plugin v19.9 - https:\/\/yoast.com\/wordpress\/plugins\/seo\/ -->\n<title>Apie mus - Ak\u016brats<\/title>\n<meta name=\"robots\" content=\"index, follow, max-snippet:-1, max-image-preview:large, max-video-preview:-1\" \/>\n<link rel=\"canonical\" href=\"https:\/\/akurats.com\/lt\/apie-mus\/\" \/>\n<meta name=\"twitter:label1\" content=\"Est. reading time\" \/>\n\t<meta name=\"twitter:data1\" content=\"1 minute\" \/>\n<script type=\"application\/ld+json\" class=\"yoast-schema-graph\">{\"@context\":\"https:\/\/schema.org\",\"@graph\":[{\"@type\":\"WebPage\",\"@id\":\"https:\/\/akurats.com\/lt\/apie-mus\/\",\"url\":\"https:\/\/akurats.com\/lt\/apie-mus\/\",\"name\":\"Apie mus - Ak\u016brats\",\"isPartOf\":{\"@id\":\"https:\/\/akurats.com\/en\/#website\"},\"datePublished\":\"2015-10-09T12:55:49+00:00\",\"dateModified\":\"2018-04-04T10:42:15+00:00\",\"breadcrumb\":{\"@id\":\"https:\/\/akurats.com\/lt\/apie-mus\/#breadcrumb\"},\"inLanguage\":\"lt\",\"potentialAction\":[{\"@type\":\"ReadAction\",\"target\":[\"https:\/\/akurats.com\/lt\/apie-mus\/\"]}]},{\"@type\":\"BreadcrumbList\",\"@id\":\"https:\/\/akurats.com\/lt\/apie-mus\/#breadcrumb\",\"itemListElement\":[{\"@type\":\"ListItem\",\"position\":1,\"name\":\"Home\",\"item\":\"https:\/\/akurats.com\/lt\/\"},{\"@type\":\"ListItem\",\"position\":2,\"name\":\"Apie mus\"}]},{\"@type\":\"WebSite\",\"@id\":\"https:\/\/akurats.com\/en\/#website\",\"url\":\"https:\/\/akurats.com\/en\/\",\"name\":\"Akur\u0101ts\",\"description\":\"rengini\u0173 \u012frangos paslaugos\",\"publisher\":{\"@id\":\"https:\/\/akurats.com\/en\/#organization\"},\"alternateName\":\"Event equipment service\",\"potentialAction\":[{\"@type\":\"SearchAction\",\"target\":{\"@type\":\"EntryPoint\",\"urlTemplate\":\"https:\/\/akurats.com\/en\/?s={search_term_string}\"},\"query-input\":\"required name=search_term_string\"}],\"inLanguage\":\"lt\"},{\"@type\":\"Organization\",\"@id\":\"https:\/\/akurats.com\/en\/#organization\",\"name\":\"Akur\u0101ts\",\"alternateName\":\"Event equipment service\",\"url\":\"https:\/\/akurats.com\/en\/\",\"logo\":{\"@type\":\"ImageObject\",\"inLanguage\":\"lt\",\"@id\":\"https:\/\/akurats.com\/en\/#\/schema\/logo\/image\/\",\"url\":\"https:\/\/akurats.com\/wp-content\/uploads\/2015\/06\/A_logo.png\",\"contentUrl\":\"https:\/\/akurats.com\/wp-content\/uploads\/2015\/06\/A_logo.png\",\"width\":77,\"height\":70,\"caption\":\"Akur\u0101ts\"},\"image\":{\"@id\":\"https:\/\/akurats.com\/en\/#\/schema\/logo\/image\/\"},\"sameAs\":[\"https:\/\/www.facebook.com\/AkuratsSIA\"]}]}<\/script>\n<!-- \/ Yoast SEO plugin. -->","yoast_head_json":{"title":"Apie mus - Ak\u016brats","robots":{"index":"index","follow":"follow","max-snippet":"max-snippet:-1","max-image-preview":"max-image-preview:large","max-video-preview":"max-video-preview:-1"},"canonical":"https:\/\/akurats.com\/lt\/apie-mus\/","twitter_misc":{"Est. reading time":"1 minute"},"schema":{"@context":"https:\/\/schema.org","@graph":[{"@type":"WebPage","@id":"https:\/\/akurats.com\/lt\/apie-mus\/","url":"https:\/\/akurats.com\/lt\/apie-mus\/","name":"Apie mus - Ak\u016brats","isPartOf":{"@id":"https:\/\/akurats.com\/en\/#website"},"datePublished":"2015-10-09T12:55:49+00:00","dateModified":"2018-04-04T10:42:15+00:00","breadcrumb":{"@id":"https:\/\/akurats.com\/lt\/apie-mus\/#breadcrumb"},"inLanguage":"lt","potentialAction":[{"@type":"ReadAction","target":["https:\/\/akurats.com\/lt\/apie-mus\/"]}]},{"@type":"BreadcrumbList","@id":"https:\/\/akurats.com\/lt\/apie-mus\/#breadcrumb","itemListElement":[{"@type":"ListItem","position":1,"name":"Home","item":"https:\/\/akurats.com\/lt\/"},{"@type":"ListItem","position":2,"name":"Apie mus"}]},{"@type":"WebSite","@id":"https:\/\/akurats.com\/en\/#website","url":"https:\/\/akurats.com\/en\/","name":"Akur\u0101ts","description":"rengini\u0173 \u012frangos paslaugos","publisher":{"@id":"https:\/\/akurats.com\/en\/#organization"},"alternateName":"Event equipment service","potentialAction":[{"@type":"SearchAction","target":{"@type":"EntryPoint","urlTemplate":"https:\/\/akurats.com\/en\/?s={search_term_string}"},"query-input":"required name=search_term_string"}],"inLanguage":"lt"},{"@type":"Organization","@id":"https:\/\/akurats.com\/en\/#organization","name":"Akur\u0101ts","alternateName":"Event equipment service","url":"https:\/\/akurats.com\/en\/","logo":{"@type":"ImageObject","inLanguage":"lt","@id":"https:\/\/akurats.com\/en\/#\/schema\/logo\/image\/","url":"https:\/\/akurats.com\/wp-content\/uploads\/2015\/06\/A_logo.png","contentUrl":"https:\/\/akurats.com\/wp-content\/uploads\/2015\/06\/A_logo.png","width":77,"height":70,"caption":"Akur\u0101ts"},"image":{"@id":"https:\/\/akurats.com\/en\/#\/schema\/logo\/image\/"},"sameAs":["https:\/\/www.facebook.com\/AkuratsSIA"]}]}},"_links":{"self":[{"href":"https:\/\/akurats.com\/lt\/wp-json\/wp\/v2\/pages\/1920"}],"collection":[{"href":"https:\/\/akurats.com\/lt\/wp-json\/wp\/v2\/pages"}],"about":[{"href":"https:\/\/akurats.com\/lt\/wp-json\/wp\/v2\/types\/page"}],"author":[{"embeddable":true,"href":"https:\/\/akurats.com\/lt\/wp-json\/wp\/v2\/users\/1"}],"replies":[{"embeddable":true,"href":"https:\/\/akurats.com\/lt\/wp-json\/wp\/v2\/comments?post=1920"}],"version-history":[{"count":2,"href":"https:\/\/akurats.com\/lt\/wp-json\/wp\/v2\/pages\/1920\/revisions"}],"predecessor-version":[{"id":3100,"href":"https:\/\/akurats.com\/lt\/wp-json\/wp\/v2\/pages\/1920\/revisions\/3100"}],"wp:attachment":[{"href":"https:\/\/akurats.com\/lt\/wp-json\/wp\/v2\/media?parent=1920"}],"curies":[{"name":"wp","href":"https:\/\/api.w.org\/{rel}","templated":true}]}}