{"id":3344,"date":"2015-07-21T09:50:33","date_gmt":"2015-07-21T09:50:33","guid":{"rendered":"https:\/\/akurats.com\/varustus\/ceiling-wall-decors\/"},"modified":"2021-10-12T19:15:10","modified_gmt":"2021-10-12T19:15:10","slug":"ceiling-wall-decors","status":"publish","type":"page","link":"https:\/\/akurats.com\/et\/varustus\/ceiling-wall-decors\/","title":{"rendered":"Ceiling \/ wall decors"},"content":{"rendered":"<div id=\"pl-3344\"  class=\"panel-layout\" ><div id=\"pg-3344-0\"  class=\"panel-grid panel-no-style\" ><div id=\"pgc-3344-0-0\"  class=\"panel-grid-cell\" ><div id=\"panel-3344-0-0-0\" class=\"so-panel widget widget_black-studio-tinymce widget_black_studio_tinymce panel-first-child panel-last-child\" data-index=\"0\" ><div class=\"textwidget\"><p><a href=\"https:\/\/akurats.com\/wp-content\/uploads\/2015\/07\/griestu_sienu_dek_big_1.jpg\"><img src=\"https:\/\/akurats.com\/wp-content\/uploads\/2015\/07\/griestu_sienu_dek_big_1-300x200.jpg\" alt=\"griestu_sienu_dek_big_1\" width=\"300\" height=\"200\" class=\"aligncenter size-thumbnail wp-image-1319\" \/><\/a><\/p>\n<\/div><\/div><\/div><div id=\"pgc-3344-0-1\"  class=\"panel-grid-cell\" ><div id=\"panel-3344-0-1-0\" class=\"so-panel widget widget_black-studio-tinymce widget_black_studio_tinymce panel-first-child panel-last-child\" data-index=\"1\" ><div class=\"textwidget\"><p>Griestu\/sienu dekors. Drap\u0113rijas. Iekaramie auduma griesti.<\/p>\n<p>Katrs tiem pie\u0161\u0137ir savu nosaukumu, ta\u010du viens ir skaidrs \u2013 t\u0101 ir elegance un maigums J\u016bsu notikumam!<\/p>\n<p>Materi\u0101ls: Trevira CS \u2013 uguns dro\u0161s.<br \/>\nIzm\u0113rs: Telts 10m x 10m<br \/>\nKr\u0101sa: Balta<\/p>\n<p style=\"text-align: center;\"><a class=\"order-ee btn btn-primary\"><i class=\"fa fa-book pr-5\"><\/i>T\u00c4ITKE TAOTLUS<\/a><\/p>\n<\/div><\/div><\/div><\/div><\/div>","protected":false},"excerpt":{"rendered":"<p>Griestu\/sienu dekors. Drap\u0113rijas. Iekaramie auduma griesti. Katrs tiem pie\u0161\u0137ir savu nosaukumu, ta\u010du viens ir skaidrs \u2013 t\u0101 ir elegance un maigums J\u016bsu notikumam! Materi\u0101ls: Trevira CS \u2013 uguns dro\u0161s. Izm\u0113rs: Telts 10m x 10m Kr\u0101sa: Balta T\u00c4ITKE TAOTLUS<\/p>\n","protected":false},"author":1,"featured_media":1985,"parent":2157,"menu_order":0,"comment_status":"closed","ping_status":"closed","template":"","meta":[],"acf":[],"yoast_head":"<!-- This site is optimized with the Yoast SEO plugin v19.9 - https:\/\/yoast.com\/wordpress\/plugins\/seo\/ -->\n<title>Griestu \/ Sienu Dekora Noma \/ \u012are | Akurats<\/title>\n<meta name=\"robots\" content=\"index, follow, max-snippet:-1, max-image-preview:large, max-video-preview:-1\" \/>\n<link rel=\"canonical\" href=\"https:\/\/akurats.com\/et\/varustus\/ceiling-wall-decors\/\" \/>\n<script type=\"application\/ld+json\" class=\"yoast-schema-graph\">{\"@context\":\"https:\/\/schema.org\",\"@graph\":[{\"@type\":\"WebPage\",\"@id\":\"https:\/\/akurats.com\/et\/varustus\/ceiling-wall-decors\/\",\"url\":\"https:\/\/akurats.com\/et\/varustus\/ceiling-wall-decors\/\",\"name\":\"Griestu \/ Sienu Dekora Noma \/ \u012are | Akurats\",\"isPartOf\":{\"@id\":\"https:\/\/akurats.com\/en\/#website\"},\"datePublished\":\"2015-07-21T09:50:33+00:00\",\"dateModified\":\"2021-10-12T19:15:10+00:00\",\"breadcrumb\":{\"@id\":\"https:\/\/akurats.com\/et\/varustus\/ceiling-wall-decors\/#breadcrumb\"},\"inLanguage\":\"et\",\"potentialAction\":[{\"@type\":\"ReadAction\",\"target\":[\"https:\/\/akurats.com\/et\/varustus\/ceiling-wall-decors\/\"]}]},{\"@type\":\"BreadcrumbList\",\"@id\":\"https:\/\/akurats.com\/et\/varustus\/ceiling-wall-decors\/#breadcrumb\",\"itemListElement\":[{\"@type\":\"ListItem\",\"position\":1,\"name\":\"Home\",\"item\":\"https:\/\/akurats.com\/et\/\"},{\"@type\":\"ListItem\",\"position\":2,\"name\":\"Varustus\",\"item\":\"https:\/\/akurats.com\/et\/varustus\/\"},{\"@type\":\"ListItem\",\"position\":3,\"name\":\"Ceiling \/ wall decors\"}]},{\"@type\":\"WebSite\",\"@id\":\"https:\/\/akurats.com\/en\/#website\",\"url\":\"https:\/\/akurats.com\/en\/\",\"name\":\"Akur\u0101ts\",\"description\":\"\u00fcrituste varustuse teenus\",\"publisher\":{\"@id\":\"https:\/\/akurats.com\/en\/#organization\"},\"alternateName\":\"Event equipment service\",\"potentialAction\":[{\"@type\":\"SearchAction\",\"target\":{\"@type\":\"EntryPoint\",\"urlTemplate\":\"https:\/\/akurats.com\/en\/?s={search_term_string}\"},\"query-input\":\"required name=search_term_string\"}],\"inLanguage\":\"et\"},{\"@type\":\"Organization\",\"@id\":\"https:\/\/akurats.com\/en\/#organization\",\"name\":\"Akur\u0101ts\",\"alternateName\":\"Event equipment service\",\"url\":\"https:\/\/akurats.com\/en\/\",\"logo\":{\"@type\":\"ImageObject\",\"inLanguage\":\"et\",\"@id\":\"https:\/\/akurats.com\/en\/#\/schema\/logo\/image\/\",\"url\":\"https:\/\/akurats.com\/wp-content\/uploads\/2015\/06\/A_logo.png\",\"contentUrl\":\"https:\/\/akurats.com\/wp-content\/uploads\/2015\/06\/A_logo.png\",\"width\":77,\"height\":70,\"caption\":\"Akur\u0101ts\"},\"image\":{\"@id\":\"https:\/\/akurats.com\/en\/#\/schema\/logo\/image\/\"},\"sameAs\":[\"https:\/\/www.facebook.com\/AkuratsSIA\"]}]}<\/script>\n<!-- \/ Yoast SEO plugin. -->","yoast_head_json":{"title":"Griestu \/ Sienu Dekora Noma \/ \u012are | Akurats","robots":{"index":"index","follow":"follow","max-snippet":"max-snippet:-1","max-image-preview":"max-image-preview:large","max-video-preview":"max-video-preview:-1"},"canonical":"https:\/\/akurats.com\/et\/varustus\/ceiling-wall-decors\/","schema":{"@context":"https:\/\/schema.org","@graph":[{"@type":"WebPage","@id":"https:\/\/akurats.com\/et\/varustus\/ceiling-wall-decors\/","url":"https:\/\/akurats.com\/et\/varustus\/ceiling-wall-decors\/","name":"Griestu \/ Sienu Dekora Noma \/ \u012are | Akurats","isPartOf":{"@id":"https:\/\/akurats.com\/en\/#website"},"datePublished":"2015-07-21T09:50:33+00:00","dateModified":"2021-10-12T19:15:10+00:00","breadcrumb":{"@id":"https:\/\/akurats.com\/et\/varustus\/ceiling-wall-decors\/#breadcrumb"},"inLanguage":"et","potentialAction":[{"@type":"ReadAction","target":["https:\/\/akurats.com\/et\/varustus\/ceiling-wall-decors\/"]}]},{"@type":"BreadcrumbList","@id":"https:\/\/akurats.com\/et\/varustus\/ceiling-wall-decors\/#breadcrumb","itemListElement":[{"@type":"ListItem","position":1,"name":"Home","item":"https:\/\/akurats.com\/et\/"},{"@type":"ListItem","position":2,"name":"Varustus","item":"https:\/\/akurats.com\/et\/varustus\/"},{"@type":"ListItem","position":3,"name":"Ceiling \/ wall decors"}]},{"@type":"WebSite","@id":"https:\/\/akurats.com\/en\/#website","url":"https:\/\/akurats.com\/en\/","name":"Akur\u0101ts","description":"\u00fcrituste varustuse teenus","publisher":{"@id":"https:\/\/akurats.com\/en\/#organization"},"alternateName":"Event equipment service","potentialAction":[{"@type":"SearchAction","target":{"@type":"EntryPoint","urlTemplate":"https:\/\/akurats.com\/en\/?s={search_term_string}"},"query-input":"required name=search_term_string"}],"inLanguage":"et"},{"@type":"Organization","@id":"https:\/\/akurats.com\/en\/#organization","name":"Akur\u0101ts","alternateName":"Event equipment service","url":"https:\/\/akurats.com\/en\/","logo":{"@type":"ImageObject","inLanguage":"et","@id":"https:\/\/akurats.com\/en\/#\/schema\/logo\/image\/","url":"https:\/\/akurats.com\/wp-content\/uploads\/2015\/06\/A_logo.png","contentUrl":"https:\/\/akurats.com\/wp-content\/uploads\/2015\/06\/A_logo.png","width":77,"height":70,"caption":"Akur\u0101ts"},"image":{"@id":"https:\/\/akurats.com\/en\/#\/schema\/logo\/image\/"},"sameAs":["https:\/\/www.facebook.com\/AkuratsSIA"]}]}},"_links":{"self":[{"href":"https:\/\/akurats.com\/et\/wp-json\/wp\/v2\/pages\/3344"}],"collection":[{"href":"https:\/\/akurats.com\/et\/wp-json\/wp\/v2\/pages"}],"about":[{"href":"https:\/\/akurats.com\/et\/wp-json\/wp\/v2\/types\/page"}],"author":[{"embeddable":true,"href":"https:\/\/akurats.com\/et\/wp-json\/wp\/v2\/users\/1"}],"replies":[{"embeddable":true,"href":"https:\/\/akurats.com\/et\/wp-json\/wp\/v2\/comments?post=3344"}],"version-history":[{"count":2,"href":"https:\/\/akurats.com\/et\/wp-json\/wp\/v2\/pages\/3344\/revisions"}],"predecessor-version":[{"id":4576,"href":"https:\/\/akurats.com\/et\/wp-json\/wp\/v2\/pages\/3344\/revisions\/4576"}],"up":[{"embeddable":true,"href":"https:\/\/akurats.com\/et\/wp-json\/wp\/v2\/pages\/2157"}],"wp:featuredmedia":[{"embeddable":true,"href":"https:\/\/akurats.com\/et\/wp-json\/wp\/v2\/media\/1985"}],"wp:attachment":[{"href":"https:\/\/akurats.com\/et\/wp-json\/wp\/v2\/media?parent=3344"}],"curies":[{"name":"wp","href":"https:\/\/api.w.org\/{rel}","templated":true}]}}