{"id":2425,"date":"2015-10-15T09:03:08","date_gmt":"2015-10-15T09:03:08","guid":{"rendered":"https:\/\/akurats.com\/et\/?page_id=2425"},"modified":"2018-05-23T13:27:19","modified_gmt":"2018-05-23T13:27:19","slug":"lava","status":"publish","type":"page","link":"https:\/\/akurats.com\/et\/varustus\/lava\/","title":{"rendered":"Foldable stage"},"content":{"rendered":"<div id=\"pl-2425\"  class=\"panel-layout\" ><div id=\"pg-2425-0\"  class=\"panel-grid panel-no-style\" ><div id=\"pgc-2425-0-0\"  class=\"panel-grid-cell\" ><div id=\"panel-2425-0-0-0\" class=\"so-panel widget widget_black-studio-tinymce widget_black_studio_tinymce panel-first-child panel-last-child\" data-index=\"0\" ><div class=\"textwidget\"><p><img src=\"https:\/\/akurats.com\/wp-content\/uploads\/2015\/07\/saliekama-skatuve.jpg\" alt=\"saliekama-skatuve\" width=\"500\" height=\"302\" class=\"aligncenter size-full wp-image-1386\" \/><\/p>\n<\/div><\/div><\/div><div id=\"pgc-2425-0-1\"  class=\"panel-grid-cell\" ><div id=\"panel-2425-0-1-0\" class=\"so-panel widget widget_black-studio-tinymce widget_black_studio_tinymce panel-first-child panel-last-child\" data-index=\"1\" ><div class=\"textwidget\"><table class=\"table\">\n<thead>\n<tr class=\"active\">\n<th colspan=\"2\"><center>Tehnilised n\u00e4itajad<\/center><\/th>\n<\/tr>\n<\/thead>\n<tbody>\n<tr>\n<td>M\u00f5\u00f5dud<\/td>\n<td>alates 3m x 2m kuni 7m x 5m<\/td>\n<\/tr>\n<tr>\n<td>Pindala<\/td>\n<td>6m2 - 35m2<\/td>\n<\/tr>\n<tr>\n<td>V\u00f5imalik konfiguratsioon<\/td>\n<td>ristk\u00fclikukujuline, ruudukujuline, T, L v\u00f5i U t\u00e4he kujuline, \u00fclest\u00f5usev<\/td>\n<\/tr>\n<tr>\n<td>V\u00e4rv<\/td>\n<td>tumepruun<\/td>\n<\/tr>\n<tr>\n<td>Kandej\u00f5ud<\/td>\n<td>750 kg\/m2<\/td>\n<\/tr>\n<tr>\n<td>K\u00f5rgus<\/td>\n<td>63cm \u2013 83cm<\/td>\n<\/tr>\n<\/tbody>\n<\/table>\n<\/div><\/div><\/div><\/div><div id=\"pg-2425-1\"  class=\"panel-grid panel-no-style\" ><div id=\"pgc-2425-1-0\"  class=\"panel-grid-cell\" ><div id=\"panel-2425-1-0-0\" class=\"so-panel widget widget_black-studio-tinymce widget_black_studio_tinymce panel-first-child panel-last-child\" data-index=\"2\" ><div class=\"textwidget\"><p><strong>Sobiva lava leidmine valmistab peavalu? Meie ettev\u00f5te on Sulle igati abiks!<\/strong><br \/>\nMeie ettev\u00f5te omab pikaajalist kogemust telkide ning lavade rentimise valdkonnas. Tootevalikus on hulk erinevaid telgimudeleid, millest iga\u00fche jaoks on v\u00f5imalik lisavarustusena lavaplatvorm rentida. Meie kvalifitseeritud t\u00f6\u00f6tajad on oma t\u00f6\u00f6s abivalmid ning korrektsed ja panustavad alati tulemusele, milleks on kliendi rahulolu!<\/p>\n<p><strong>Kuhu lavaplatvorm tellida?<\/strong><br \/>\nLava rent on kindel tagala \u00fcrituse \u00f5nnestumisele. Hoolitsedes lava olemasolu eest, ei tule Sul muretseda ei muutlike ilmaolude ega ka n\u00e4htavuse p\u00e4rast. Lavaplatvorm on lausa h\u00e4davajalik erinevatel \u00fcritustel:<\/p>\n<ul>\n<li>S\u00fcnnip\u00e4evapidu kodus v\u00f5i restoranis \u2013 lava rent tagab tellitud ansamblile hea positsiooni k\u00fclaliste suhtes. Samuti parandab see suurel m\u00e4\u00e4ral esineja n\u00e4htavust;<\/li>\n<li>Vaba\u00f5hu\u00fcritus murul v\u00f5i liivarannas \u2013 lava on parim lahendus, kui \u00fcritus toimub m\u00e4rjal, porisel v\u00f5i liivasel pinnasel. Lavaplatvormi paigaldamisel ei ole pinnase suhtes erin\u00f5udeid, saame igasugustes oludes hakkama;<\/li>\n<li>Laat, mess v\u00f5i kontsert suurele rahvahulgale \u2013 antud \u00fcritustel on lava olemasolu h\u00e4davajalik selleks, et esinejad oleksid \u00fcritust nautima tulnud k\u00fclalistele n\u00e4htavad ning rahvamassi suhtes esile t\u00f5stetud. See tagab k\u00fclalistele rahulolu ning esinejatele hea enesetunde.<\/li>\n<\/ul>\n<p><strong>Rentimise protsess<\/strong><br \/>\nMiks rentida lavaplatvorm kogemustega ettev\u00f5ttest? Lava tundub iseenesest olevat lihtsa ehitusega konstruktsioon, mille paigaldamisega saaks iga\u00fcks hakkama. Tegelikult see aga niiv\u00f5rd lihtne ei ole. Lavaplatvormi puhul on v\u00e4ga oluline kvaliteet ning oskus platvormi paigaldamisel, kuna valesti paigaldatud lava v\u00f5ib osutuda selle kasutajatele ohtlikuks. Meie ettev\u00f5te hoolitseb selle eest, et lava rent oleks kliendi jaoks v\u00f5imalikult lihtne protsess:<\/p>\n<ul>\n<li>Abistame klienti parima lavalahenduse valimisel \u2013 platvormi k\u00f5rgus, suurus ja kuju s\u00f5ltub esinejate vajadustest, hulgast ning samuti ka publiku hulgast. M\u00f5elda tuleks ka asukohale \u2013 kas lava tuleb paigaldada siseruumi, \u00f5ue v\u00f5i n\u00e4iteks telki;<\/li>\n<li>Transpordime lava kokkulepitud ajal kokkulepitud kohta \u2013 meie kollektiiv koostab t\u00f6\u00f6plaani ning teostab tellitud t\u00f6\u00f6d korrektselt plaanist kinni pidades;<\/li>\n<li>Paigaldame lavaplatvormi kiirelt ja kvaliteetselt \u2013 paigaldamisel j\u00e4lgime k\u00f5iki ohutusn\u00f5udeid, platvormi monteerimisel kasutame vastupidavaid kinnitusi, mille valikul l\u00e4htume lava kasutava seltskonna ning inventari hulgast;<\/li>\n<li>Demonteerime lava p\u00e4rast \u00fcritust \u2013 meeskond demonteerib platvormi kiirelt, et vabastada pind kokkulepitud ajal;<\/li>\n<li>Transpordime selle tagasi meie lattu.<\/li>\n<\/ul>\n<p><strong>Erinevad kujundid<\/strong><br \/>\nLava rent <em>Akuratsilt <\/em>on pingevaba ka seet\u00f5ttu, et meie platvormil ei ole k\u00f5rguse ja suuruse osas piiranguid. Samuti on lava konstruktsioon seesugune, et seda on v\u00f5imalik kokku panna vastavalt kliendi vajadustele. Meie lavaplatvormi monteerimisel saab tekitada erinevaid kujundeid:<\/p>\n<ul>\n<li>Ristk\u00fclikukujuline platvorm \u2013 sobib k\u00f5ige paremini b\u00e4ndidele, mille koosseisus on rohkem, kui 2 liiget;<\/li>\n<li>Ruudukujuline platvorm \u2013 sobib kenasti juhul, kui esinejaid on korraga \u00fcks;<\/li>\n<li>T-kujuline platvorm \u2013 b\u00e4ndidele, mille koosseisus on solist ja 1-3 instrumenti;<\/li>\n<li>L-kujuline lavaplatvorm;<\/li>\n<li>U-kujuline lavaplatvorm.<\/li>\n<\/ul>\n<p>V\u00f5ta meiega \u00fchendust! Koost\u00f6\u00f6s kogenud spetsialistidega on lava rent kiire ning t\u00e4iesti pingevaba!<\/p>\n<\/div><\/div><\/div><\/div><\/div>","protected":false},"excerpt":{"rendered":"<p>Tehnilised n\u00e4itajad M\u00f5\u00f5dud alates 3m x 2m kuni 7m x 5m Pindala 6m2 &#8211; 35m2 V\u00f5imalik konfiguratsioon ristk\u00fclikukujuline, ruudukujuline, T, L v\u00f5i U t\u00e4he kujuline, \u00fclest\u00f5usev V\u00e4rv tumepruun Kandej\u00f5ud 750 kg\/m2 K\u00f5rgus 63cm \u2013 83cm Sobiva lava leidmine valmistab peavalu? Meie ettev\u00f5te on Sulle igati abiks! Meie ettev\u00f5te omab pikaajalist kogemust telkide ning lavade rentimise &hellip;<\/p>\n","protected":false},"author":1,"featured_media":1389,"parent":2157,"menu_order":0,"comment_status":"closed","ping_status":"closed","template":"","meta":[],"acf":[],"yoast_head":"<!-- This site is optimized with the Yoast SEO plugin v19.9 - https:\/\/yoast.com\/wordpress\/plugins\/seo\/ -->\n<title>Lava rent \u2013 parim hind ja kvaliteet | Akurats<\/title>\n<meta name=\"description\" content=\"Oluline s\u00fcndmus l\u00e4heneb ning vajad lava? Lava rent Akuratsilt garanteerib kvaliteetsed materjalid ning kiire t\u00f6\u00f6. V\u00f5ta \u00fchendust ja leiame parima lahenduse!\" \/>\n<meta name=\"robots\" content=\"index, follow, max-snippet:-1, max-image-preview:large, max-video-preview:-1\" \/>\n<link rel=\"canonical\" href=\"https:\/\/akurats.com\/et\/varustus\/lava\/\" \/>\n<meta name=\"twitter:label1\" content=\"Est. reading time\" \/>\n\t<meta name=\"twitter:data1\" content=\"3 minutes\" \/>\n<script type=\"application\/ld+json\" class=\"yoast-schema-graph\">{\"@context\":\"https:\/\/schema.org\",\"@graph\":[{\"@type\":\"WebPage\",\"@id\":\"https:\/\/akurats.com\/et\/varustus\/lava\/\",\"url\":\"https:\/\/akurats.com\/et\/varustus\/lava\/\",\"name\":\"Lava rent \u2013 parim hind ja kvaliteet | Akurats\",\"isPartOf\":{\"@id\":\"https:\/\/akurats.com\/en\/#website\"},\"datePublished\":\"2015-10-15T09:03:08+00:00\",\"dateModified\":\"2018-05-23T13:27:19+00:00\",\"description\":\"Oluline s\u00fcndmus l\u00e4heneb ning vajad lava? Lava rent Akuratsilt garanteerib kvaliteetsed materjalid ning kiire t\u00f6\u00f6. V\u00f5ta \u00fchendust ja leiame parima lahenduse!\",\"breadcrumb\":{\"@id\":\"https:\/\/akurats.com\/et\/varustus\/lava\/#breadcrumb\"},\"inLanguage\":\"et\",\"potentialAction\":[{\"@type\":\"ReadAction\",\"target\":[\"https:\/\/akurats.com\/et\/varustus\/lava\/\"]}]},{\"@type\":\"BreadcrumbList\",\"@id\":\"https:\/\/akurats.com\/et\/varustus\/lava\/#breadcrumb\",\"itemListElement\":[{\"@type\":\"ListItem\",\"position\":1,\"name\":\"Home\",\"item\":\"https:\/\/akurats.com\/et\/\"},{\"@type\":\"ListItem\",\"position\":2,\"name\":\"Varustus\",\"item\":\"https:\/\/akurats.com\/et\/varustus\/\"},{\"@type\":\"ListItem\",\"position\":3,\"name\":\"Foldable stage\"}]},{\"@type\":\"WebSite\",\"@id\":\"https:\/\/akurats.com\/en\/#website\",\"url\":\"https:\/\/akurats.com\/en\/\",\"name\":\"Akur\u0101ts\",\"description\":\"\u00fcrituste varustuse teenus\",\"publisher\":{\"@id\":\"https:\/\/akurats.com\/en\/#organization\"},\"alternateName\":\"Event equipment service\",\"potentialAction\":[{\"@type\":\"SearchAction\",\"target\":{\"@type\":\"EntryPoint\",\"urlTemplate\":\"https:\/\/akurats.com\/en\/?s={search_term_string}\"},\"query-input\":\"required name=search_term_string\"}],\"inLanguage\":\"et\"},{\"@type\":\"Organization\",\"@id\":\"https:\/\/akurats.com\/en\/#organization\",\"name\":\"Akur\u0101ts\",\"alternateName\":\"Event equipment service\",\"url\":\"https:\/\/akurats.com\/en\/\",\"logo\":{\"@type\":\"ImageObject\",\"inLanguage\":\"et\",\"@id\":\"https:\/\/akurats.com\/en\/#\/schema\/logo\/image\/\",\"url\":\"https:\/\/akurats.com\/wp-content\/uploads\/2015\/06\/A_logo.png\",\"contentUrl\":\"https:\/\/akurats.com\/wp-content\/uploads\/2015\/06\/A_logo.png\",\"width\":77,\"height\":70,\"caption\":\"Akur\u0101ts\"},\"image\":{\"@id\":\"https:\/\/akurats.com\/en\/#\/schema\/logo\/image\/\"},\"sameAs\":[\"https:\/\/www.facebook.com\/AkuratsSIA\"]}]}<\/script>\n<!-- \/ Yoast SEO plugin. -->","yoast_head_json":{"title":"Lava rent \u2013 parim hind ja kvaliteet | Akurats","description":"Oluline s\u00fcndmus l\u00e4heneb ning vajad lava? Lava rent Akuratsilt garanteerib kvaliteetsed materjalid ning kiire t\u00f6\u00f6. V\u00f5ta \u00fchendust ja leiame parima lahenduse!","robots":{"index":"index","follow":"follow","max-snippet":"max-snippet:-1","max-image-preview":"max-image-preview:large","max-video-preview":"max-video-preview:-1"},"canonical":"https:\/\/akurats.com\/et\/varustus\/lava\/","twitter_misc":{"Est. reading time":"3 minutes"},"schema":{"@context":"https:\/\/schema.org","@graph":[{"@type":"WebPage","@id":"https:\/\/akurats.com\/et\/varustus\/lava\/","url":"https:\/\/akurats.com\/et\/varustus\/lava\/","name":"Lava rent \u2013 parim hind ja kvaliteet | Akurats","isPartOf":{"@id":"https:\/\/akurats.com\/en\/#website"},"datePublished":"2015-10-15T09:03:08+00:00","dateModified":"2018-05-23T13:27:19+00:00","description":"Oluline s\u00fcndmus l\u00e4heneb ning vajad lava? Lava rent Akuratsilt garanteerib kvaliteetsed materjalid ning kiire t\u00f6\u00f6. V\u00f5ta \u00fchendust ja leiame parima lahenduse!","breadcrumb":{"@id":"https:\/\/akurats.com\/et\/varustus\/lava\/#breadcrumb"},"inLanguage":"et","potentialAction":[{"@type":"ReadAction","target":["https:\/\/akurats.com\/et\/varustus\/lava\/"]}]},{"@type":"BreadcrumbList","@id":"https:\/\/akurats.com\/et\/varustus\/lava\/#breadcrumb","itemListElement":[{"@type":"ListItem","position":1,"name":"Home","item":"https:\/\/akurats.com\/et\/"},{"@type":"ListItem","position":2,"name":"Varustus","item":"https:\/\/akurats.com\/et\/varustus\/"},{"@type":"ListItem","position":3,"name":"Foldable stage"}]},{"@type":"WebSite","@id":"https:\/\/akurats.com\/en\/#website","url":"https:\/\/akurats.com\/en\/","name":"Akur\u0101ts","description":"\u00fcrituste varustuse teenus","publisher":{"@id":"https:\/\/akurats.com\/en\/#organization"},"alternateName":"Event equipment service","potentialAction":[{"@type":"SearchAction","target":{"@type":"EntryPoint","urlTemplate":"https:\/\/akurats.com\/en\/?s={search_term_string}"},"query-input":"required name=search_term_string"}],"inLanguage":"et"},{"@type":"Organization","@id":"https:\/\/akurats.com\/en\/#organization","name":"Akur\u0101ts","alternateName":"Event equipment service","url":"https:\/\/akurats.com\/en\/","logo":{"@type":"ImageObject","inLanguage":"et","@id":"https:\/\/akurats.com\/en\/#\/schema\/logo\/image\/","url":"https:\/\/akurats.com\/wp-content\/uploads\/2015\/06\/A_logo.png","contentUrl":"https:\/\/akurats.com\/wp-content\/uploads\/2015\/06\/A_logo.png","width":77,"height":70,"caption":"Akur\u0101ts"},"image":{"@id":"https:\/\/akurats.com\/en\/#\/schema\/logo\/image\/"},"sameAs":["https:\/\/www.facebook.com\/AkuratsSIA"]}]}},"_links":{"self":[{"href":"https:\/\/akurats.com\/et\/wp-json\/wp\/v2\/pages\/2425"}],"collection":[{"href":"https:\/\/akurats.com\/et\/wp-json\/wp\/v2\/pages"}],"about":[{"href":"https:\/\/akurats.com\/et\/wp-json\/wp\/v2\/types\/page"}],"author":[{"embeddable":true,"href":"https:\/\/akurats.com\/et\/wp-json\/wp\/v2\/users\/1"}],"replies":[{"embeddable":true,"href":"https:\/\/akurats.com\/et\/wp-json\/wp\/v2\/comments?post=2425"}],"version-history":[{"count":2,"href":"https:\/\/akurats.com\/et\/wp-json\/wp\/v2\/pages\/2425\/revisions"}],"predecessor-version":[{"id":3458,"href":"https:\/\/akurats.com\/et\/wp-json\/wp\/v2\/pages\/2425\/revisions\/3458"}],"up":[{"embeddable":true,"href":"https:\/\/akurats.com\/et\/wp-json\/wp\/v2\/pages\/2157"}],"wp:featuredmedia":[{"embeddable":true,"href":"https:\/\/akurats.com\/et\/wp-json\/wp\/v2\/media\/1389"}],"wp:attachment":[{"href":"https:\/\/akurats.com\/et\/wp-json\/wp\/v2\/media?parent=2425"}],"curies":[{"name":"wp","href":"https:\/\/api.w.org\/{rel}","templated":true}]}}