{"id":2320,"date":"2015-10-15T07:31:13","date_gmt":"2015-10-15T07:31:13","guid":{"rendered":"https:\/\/akurats.com\/et\/?page_id=2320"},"modified":"2018-05-23T13:26:05","modified_gmt":"2018-05-23T13:26:05","slug":"paneelid","status":"publish","type":"page","link":"https:\/\/akurats.com\/et\/varustus\/paneelid\/","title":{"rendered":"Panels"},"content":{"rendered":"<div id=\"pl-2320\"  class=\"panel-layout\" ><div id=\"pg-2320-0\"  class=\"panel-grid panel-no-style\" ><div id=\"pgc-2320-0-0\"  class=\"panel-grid-cell\" ><div id=\"panel-2320-0-0-0\" class=\"so-panel widget widget_black-studio-tinymce widget_black_studio_tinymce panel-first-child panel-last-child\" data-index=\"0\" ><div class=\"textwidget\"><p><a href=\"https:\/\/akurats.com\/wp-content\/uploads\/2015\/07\/plastmasas_paneli.jpg\"><img src=\"https:\/\/akurats.com\/wp-content\/uploads\/2015\/07\/plastmasas_paneli-300x200.jpg\" alt=\"plastmasas_paneli\" width=\"300\" height=\"200\" class=\"aligncenter size-thumbnail wp-image-1367\" \/><\/a><\/p>\n<table class=\"table\">\n<thead>\n<tr class=\"active\">\n<th colspan=\"2\"><center>Plastmasspaneelid tehnilised n\u00e4itajad<\/center><\/th>\n<\/tr>\n<\/thead>\n<tbody>\n<tr>\n<td>Laius<\/td>\n<td>128,5cm<\/td>\n<\/tr>\n<tr>\n<td>K\u00f5rgus<\/td>\n<td>280cm<\/td>\n<\/tr>\n<tr>\n<td>Raam<\/td>\n<td>PVH<\/td>\n<\/tr>\n<tr>\n<td>V\u00e4rv<\/td>\n<td>valge<\/td>\n<\/tr>\n<\/tbody>\n<\/table>\n<p>Plastmasspaneele v\u00f5ib kasutada ainult 3m k\u00f5rguste telkide jaoks.<\/p>\n<\/div><\/div><\/div><div id=\"pgc-2320-0-1\"  class=\"panel-grid-cell\" ><div id=\"panel-2320-0-1-0\" class=\"so-panel widget widget_black-studio-tinymce widget_black_studio_tinymce panel-first-child panel-last-child\" data-index=\"1\" ><div class=\"textwidget\"><p><a href=\"https:\/\/akurats.com\/wp-content\/uploads\/2015\/07\/stikla-paneli.jpg\"><img src=\"https:\/\/akurats.com\/wp-content\/uploads\/2015\/07\/stikla-paneli-300x200.jpg\" alt=\"stikla-paneli\" width=\"300\" height=\"200\" class=\"aligncenter size-thumbnail wp-image-1372\" \/><\/a><\/p>\n<table class=\"table\">\n<thead>\n<tr class=\"active\">\n<th colspan=\"2\"><center>Klaaspaneelid<\/center><\/th>\n<\/tr>\n<\/thead>\n<tbody>\n<tr>\n<td>Laius<\/td>\n<td>128,5cm<\/td>\n<\/tr>\n<tr>\n<td>K\u00f5rgus<\/td>\n<td>280cm<\/td>\n<\/tr>\n<tr>\n<td>Raam<\/td>\n<td>PVH<\/td>\n<\/tr>\n<tr>\n<td>V\u00e4rv<\/td>\n<td>valge<\/td>\n<\/tr>\n<\/tbody>\n<\/table>\n<\/div><\/div><\/div><\/div><\/div>","protected":false},"excerpt":{"rendered":"<p>Plastmasspaneelid tehnilised n\u00e4itajad Laius 128,5cm K\u00f5rgus 280cm Raam PVH V\u00e4rv valge Plastmasspaneele v\u00f5ib kasutada ainult 3m k\u00f5rguste telkide jaoks. Klaaspaneelid Laius 128,5cm K\u00f5rgus 280cm Raam PVH V\u00e4rv valge<\/p>\n","protected":false},"author":1,"featured_media":1375,"parent":2157,"menu_order":0,"comment_status":"closed","ping_status":"closed","template":"","meta":[],"acf":[],"yoast_head":"<!-- This site is optimized with the Yoast SEO plugin v19.9 - https:\/\/yoast.com\/wordpress\/plugins\/seo\/ -->\n<title>Panels - Ak\u016brats<\/title>\n<meta name=\"robots\" content=\"index, follow, max-snippet:-1, max-image-preview:large, max-video-preview:-1\" \/>\n<link rel=\"canonical\" href=\"https:\/\/akurats.com\/et\/varustus\/paneelid\/\" \/>\n<script type=\"application\/ld+json\" class=\"yoast-schema-graph\">{\"@context\":\"https:\/\/schema.org\",\"@graph\":[{\"@type\":\"WebPage\",\"@id\":\"https:\/\/akurats.com\/et\/varustus\/paneelid\/\",\"url\":\"https:\/\/akurats.com\/et\/varustus\/paneelid\/\",\"name\":\"Panels - Ak\u016brats\",\"isPartOf\":{\"@id\":\"https:\/\/akurats.com\/en\/#website\"},\"datePublished\":\"2015-10-15T07:31:13+00:00\",\"dateModified\":\"2018-05-23T13:26:05+00:00\",\"breadcrumb\":{\"@id\":\"https:\/\/akurats.com\/et\/varustus\/paneelid\/#breadcrumb\"},\"inLanguage\":\"et\",\"potentialAction\":[{\"@type\":\"ReadAction\",\"target\":[\"https:\/\/akurats.com\/et\/varustus\/paneelid\/\"]}]},{\"@type\":\"BreadcrumbList\",\"@id\":\"https:\/\/akurats.com\/et\/varustus\/paneelid\/#breadcrumb\",\"itemListElement\":[{\"@type\":\"ListItem\",\"position\":1,\"name\":\"Home\",\"item\":\"https:\/\/akurats.com\/et\/\"},{\"@type\":\"ListItem\",\"position\":2,\"name\":\"Varustus\",\"item\":\"https:\/\/akurats.com\/et\/varustus\/\"},{\"@type\":\"ListItem\",\"position\":3,\"name\":\"Panels\"}]},{\"@type\":\"WebSite\",\"@id\":\"https:\/\/akurats.com\/en\/#website\",\"url\":\"https:\/\/akurats.com\/en\/\",\"name\":\"Akur\u0101ts\",\"description\":\"\u00fcrituste varustuse teenus\",\"publisher\":{\"@id\":\"https:\/\/akurats.com\/en\/#organization\"},\"alternateName\":\"Event equipment service\",\"potentialAction\":[{\"@type\":\"SearchAction\",\"target\":{\"@type\":\"EntryPoint\",\"urlTemplate\":\"https:\/\/akurats.com\/en\/?s={search_term_string}\"},\"query-input\":\"required name=search_term_string\"}],\"inLanguage\":\"et\"},{\"@type\":\"Organization\",\"@id\":\"https:\/\/akurats.com\/en\/#organization\",\"name\":\"Akur\u0101ts\",\"alternateName\":\"Event equipment service\",\"url\":\"https:\/\/akurats.com\/en\/\",\"logo\":{\"@type\":\"ImageObject\",\"inLanguage\":\"et\",\"@id\":\"https:\/\/akurats.com\/en\/#\/schema\/logo\/image\/\",\"url\":\"https:\/\/akurats.com\/wp-content\/uploads\/2015\/06\/A_logo.png\",\"contentUrl\":\"https:\/\/akurats.com\/wp-content\/uploads\/2015\/06\/A_logo.png\",\"width\":77,\"height\":70,\"caption\":\"Akur\u0101ts\"},\"image\":{\"@id\":\"https:\/\/akurats.com\/en\/#\/schema\/logo\/image\/\"},\"sameAs\":[\"https:\/\/www.facebook.com\/AkuratsSIA\"]}]}<\/script>\n<!-- \/ Yoast SEO plugin. -->","yoast_head_json":{"title":"Panels - Ak\u016brats","robots":{"index":"index","follow":"follow","max-snippet":"max-snippet:-1","max-image-preview":"max-image-preview:large","max-video-preview":"max-video-preview:-1"},"canonical":"https:\/\/akurats.com\/et\/varustus\/paneelid\/","schema":{"@context":"https:\/\/schema.org","@graph":[{"@type":"WebPage","@id":"https:\/\/akurats.com\/et\/varustus\/paneelid\/","url":"https:\/\/akurats.com\/et\/varustus\/paneelid\/","name":"Panels - Ak\u016brats","isPartOf":{"@id":"https:\/\/akurats.com\/en\/#website"},"datePublished":"2015-10-15T07:31:13+00:00","dateModified":"2018-05-23T13:26:05+00:00","breadcrumb":{"@id":"https:\/\/akurats.com\/et\/varustus\/paneelid\/#breadcrumb"},"inLanguage":"et","potentialAction":[{"@type":"ReadAction","target":["https:\/\/akurats.com\/et\/varustus\/paneelid\/"]}]},{"@type":"BreadcrumbList","@id":"https:\/\/akurats.com\/et\/varustus\/paneelid\/#breadcrumb","itemListElement":[{"@type":"ListItem","position":1,"name":"Home","item":"https:\/\/akurats.com\/et\/"},{"@type":"ListItem","position":2,"name":"Varustus","item":"https:\/\/akurats.com\/et\/varustus\/"},{"@type":"ListItem","position":3,"name":"Panels"}]},{"@type":"WebSite","@id":"https:\/\/akurats.com\/en\/#website","url":"https:\/\/akurats.com\/en\/","name":"Akur\u0101ts","description":"\u00fcrituste varustuse teenus","publisher":{"@id":"https:\/\/akurats.com\/en\/#organization"},"alternateName":"Event equipment service","potentialAction":[{"@type":"SearchAction","target":{"@type":"EntryPoint","urlTemplate":"https:\/\/akurats.com\/en\/?s={search_term_string}"},"query-input":"required name=search_term_string"}],"inLanguage":"et"},{"@type":"Organization","@id":"https:\/\/akurats.com\/en\/#organization","name":"Akur\u0101ts","alternateName":"Event equipment service","url":"https:\/\/akurats.com\/en\/","logo":{"@type":"ImageObject","inLanguage":"et","@id":"https:\/\/akurats.com\/en\/#\/schema\/logo\/image\/","url":"https:\/\/akurats.com\/wp-content\/uploads\/2015\/06\/A_logo.png","contentUrl":"https:\/\/akurats.com\/wp-content\/uploads\/2015\/06\/A_logo.png","width":77,"height":70,"caption":"Akur\u0101ts"},"image":{"@id":"https:\/\/akurats.com\/en\/#\/schema\/logo\/image\/"},"sameAs":["https:\/\/www.facebook.com\/AkuratsSIA"]}]}},"_links":{"self":[{"href":"https:\/\/akurats.com\/et\/wp-json\/wp\/v2\/pages\/2320"}],"collection":[{"href":"https:\/\/akurats.com\/et\/wp-json\/wp\/v2\/pages"}],"about":[{"href":"https:\/\/akurats.com\/et\/wp-json\/wp\/v2\/types\/page"}],"author":[{"embeddable":true,"href":"https:\/\/akurats.com\/et\/wp-json\/wp\/v2\/users\/1"}],"replies":[{"embeddable":true,"href":"https:\/\/akurats.com\/et\/wp-json\/wp\/v2\/comments?post=2320"}],"version-history":[{"count":2,"href":"https:\/\/akurats.com\/et\/wp-json\/wp\/v2\/pages\/2320\/revisions"}],"predecessor-version":[{"id":3457,"href":"https:\/\/akurats.com\/et\/wp-json\/wp\/v2\/pages\/2320\/revisions\/3457"}],"up":[{"embeddable":true,"href":"https:\/\/akurats.com\/et\/wp-json\/wp\/v2\/pages\/2157"}],"wp:featuredmedia":[{"embeddable":true,"href":"https:\/\/akurats.com\/et\/wp-json\/wp\/v2\/media\/1375"}],"wp:attachment":[{"href":"https:\/\/akurats.com\/et\/wp-json\/wp\/v2\/media?parent=2320"}],"curies":[{"name":"wp","href":"https:\/\/api.w.org\/{rel}","templated":true}]}}