{"id":2303,"date":"2015-10-15T06:44:34","date_gmt":"2015-10-15T06:44:34","guid":{"rendered":"https:\/\/akurats.com\/et\/?page_id=2303"},"modified":"2018-05-23T13:24:56","modified_gmt":"2018-05-23T13:24:56","slug":"soojendid","status":"publish","type":"page","link":"https:\/\/akurats.com\/et\/varustus\/soojendid\/","title":{"rendered":"Heaters"},"content":{"rendered":"<div id=\"pl-2303\"  class=\"panel-layout\" ><div id=\"pg-2303-0\"  class=\"panel-grid panel-no-style\" ><div id=\"pgc-2303-0-0\"  class=\"panel-grid-cell\" ><div id=\"panel-2303-0-0-0\" class=\"so-panel widget widget_black-studio-tinymce widget_black_studio_tinymce panel-first-child panel-last-child\" data-index=\"0\" ><div class=\"textwidget\"><p><a href=\"https:\/\/akurats.com\/wp-content\/uploads\/2015\/07\/gazes-silditaji-1.jpg\"><img src=\"https:\/\/akurats.com\/wp-content\/uploads\/2015\/07\/gazes-silditaji-1-300x200.jpg\" alt=\"gazes-silditaji-1\" width=\"300\" height=\"200\" class=\"aligncenter size-thumbnail wp-image-1343\" \/><\/a><\/p>\n<\/div><\/div><\/div><div id=\"pgc-2303-0-1\"  class=\"panel-grid-cell\" ><div id=\"panel-2303-0-1-0\" class=\"so-panel widget widget_black-studio-tinymce widget_black_studio_tinymce panel-first-child panel-last-child\" data-index=\"1\" ><div class=\"textwidget\"><p><a href=\"https:\/\/akurats.com\/wp-content\/uploads\/2015\/07\/gazes-silditaji-2.jpg\"><img src=\"https:\/\/akurats.com\/wp-content\/uploads\/2015\/07\/gazes-silditaji-2-278x200.jpg\" alt=\"gazes-silditaji-2\" width=\"278\" height=\"200\" class=\"aligncenter size-thumbnail wp-image-1348\" \/><\/a><\/p>\n<\/div><\/div><\/div><div id=\"pgc-2303-0-2\"  class=\"panel-grid-cell\" ><div id=\"panel-2303-0-2-0\" class=\"so-panel widget widget_black-studio-tinymce widget_black_studio_tinymce panel-first-child panel-last-child\" data-index=\"2\" ><div class=\"textwidget\"><p><a href=\"https:\/\/akurats.com\/wp-content\/uploads\/2015\/07\/gazes-silditaji-3.jpg\"><img src=\"https:\/\/akurats.com\/wp-content\/uploads\/2015\/07\/gazes-silditaji-3-300x200.jpg\" alt=\"gazes-silditaji-3\" width=\"300\" height=\"200\" class=\"aligncenter size-thumbnail wp-image-1353\" \/><\/a><\/p>\n<\/div><\/div><\/div><\/div><div id=\"pg-2303-1\"  class=\"panel-grid panel-no-style\" ><div id=\"pgc-2303-1-0\"  class=\"panel-grid-cell\" ><div id=\"panel-2303-1-0-0\" class=\"so-panel widget widget_black-studio-tinymce widget_black_studio_tinymce panel-first-child panel-last-child\" data-index=\"3\" ><div class=\"textwidget\"><table class=\"table\">\n<thead>\n<tr class=\"active\">\n<th colspan=\"2\"><center>Tehnilised n\u00e4itajad<\/center><\/th>\n<\/tr>\n<\/thead>\n<tbody>\n<tr>\n<td>Suurus<\/td>\n<td>78cm \u2013 diameetr x 230cm k\u00f5rgus<\/td>\n<\/tr>\n<tr>\n<td>Kaal<\/td>\n<td>13kg (ilma gaasiballoonita)<\/td>\n<\/tr>\n<tr>\n<td>V\u00f5imsus<\/td>\n<td>13KW<\/td>\n<\/tr>\n<tr>\n<td>K\u00f6etav pind<\/td>\n<td>20m\u00b2<\/td>\n<\/tr>\n<tr>\n<td>Gaasikulu<\/td>\n<td>10h (maks. re\u017eiim)<\/td>\n<\/tr>\n<tr>\n<td>Gaasiballooni mahtuvus<\/td>\n<td>27L<\/td>\n<\/tr>\n<tr>\n<td>Gaasi koostis<\/td>\n<td>propaan<\/td>\n<\/tr>\n<tr>\n<td>V\u00e4rv<\/td>\n<td>metall<\/td>\n<\/tr>\n<\/tbody>\n<\/table>\n<p>Telgi k\u00fctmisel v\u00f5tke arvesse, et \u00fcks gaasisoojendi on ette n\u00e4htud ca 20m2 suuruse pinna soojendamiseks.<\/p>\n<p><strong>Montaa\u017e ja Tarnimine\u00a0:<\/strong><br \/>\nThe\u00a0Gaasisoojendi montaa\u017ei ja demontaa\u017ei, samuti esimese ballooni paigaldamist teostavad Akur\u0101ts O\u00dc t\u00f6\u00f6tajad. Iga j\u00e4rgmise ballooni v\u00e4ljavahetamist ja paigaldamist teostab klient ise. Propaaniballoon paigaldatakse soojendi alusesse.<br \/>\nGaasiballoonide paigaldamine toimub vastavalt Ministrite Kabineti 20.jaanuari 1998.a. m\u00e4\u00e4rusele nr.23.<\/p>\n<p><strong>Kasutustingimused<\/strong><\/p>\n<ul>\n<li>Soojendit ei tohi kasutada eluruumides, b\u00fcroodes ja muudes taolistes ruumides<\/li>\n<li>Soojendit v\u00f5ib kasutada ainult k\u00fctmiseks<\/li>\n<li>Soojendi tuleb paigaldada \u00fchetasasele ja stabiilsele pinnale<\/li>\n<li>Gaasiballoon peab asuma sellises kohas, kuhu p\u00e4ike peale ei paista<\/li>\n<li>Soojendi peab olema paigutatud v\u00e4hemalt 2m kaugusele igasugustest s\u00fcttivatest materjalidest<\/li>\n<li>P\u00e4rast gaasiballooni v\u00e4ljavahetamist tuleb kontrollida \u00fchenduse hermeetilisust<\/li>\n<li>Kategooriliselt on keelatud hermeetilisust kontrollida lahtise tulega<\/li>\n<li>Gaasisoojendit on keelatud iseseisvalt lahti v\u00f5tta<\/li>\n<li>P\u00e4rast soojendi kasutamist, samuti soojendi vigastuste korral, tuleb gaasiballooni ventiil viivitamatult sulgeda.<\/li>\n<li>Enne soojendi teisaldamist tuleb see v\u00e4lja l\u00fclitada ning gaasiballoon v\u00e4lja v\u00f5tta.<\/li>\n<li>Soojendi vigastuste korral tuleb neist telefoniga teavitada Akur\u0101ts O\u00dc t\u00f6\u00f6tajaid telefonil: 26338888<\/li>\n<li>Gaasiballooni vigastuste korral helistada p\u00e4\u00e4steteenistusele h\u00e4daabitelefonil 112.<\/li>\n<\/ul>\n<p><strong>Gaasisoojendi k\u00e4ivitamine<\/strong><\/p>\n<ol>\n<li>Avage gaasiballooni ventiil<\/li>\n<li>Reguleerimisnupp seadistage minimaalse tule peale ning hoidke seda sissevajutatult, seejuures vajutage \u00fcheaegselt mitu korda s\u00fc\u00fctenupu peale.<\/li>\n<li>P\u00e4rast p\u00f5lemas\u00fc\u00fctamist hoidke s\u00fc\u00fctenuppu 10 sekundi jooksul sissevajutatult<\/li>\n<li>Kui soojendi pole 3 sekundi jooksul p\u00f5lema hakkanud, siis v\u00f5ib seda uuesti k\u00e4ivitada mitte varem, kui 2 minuti p\u00e4rast.<\/li>\n<li>Leegi reguleerimist tuleb teostada aeglaselt ja \u00fchtlaselt<\/li>\n<li>P\u00e4rast soojendi kasutamist tuleb gaasiballooni ventiil alati kinni keerata<\/li>\n<\/ol>\n<\/div><\/div><\/div><\/div><\/div>","protected":false},"excerpt":{"rendered":"<p>Tehnilised n\u00e4itajad Suurus 78cm \u2013 diameetr x 230cm k\u00f5rgus Kaal 13kg (ilma gaasiballoonita) V\u00f5imsus 13KW K\u00f6etav pind 20m\u00b2 Gaasikulu 10h (maks. re\u017eiim) Gaasiballooni mahtuvus 27L Gaasi koostis propaan V\u00e4rv metall Telgi k\u00fctmisel v\u00f5tke arvesse, et \u00fcks gaasisoojendi on ette n\u00e4htud ca 20m2 suuruse pinna soojendamiseks. Montaa\u017e ja Tarnimine\u00a0: The\u00a0Gaasisoojendi montaa\u017ei ja demontaa\u017ei, samuti esimese ballooni &hellip;<\/p>\n","protected":false},"author":1,"featured_media":1356,"parent":2157,"menu_order":0,"comment_status":"closed","ping_status":"closed","template":"","meta":[],"acf":[],"yoast_head":"<!-- This site is optimized with the Yoast SEO plugin v19.9 - https:\/\/yoast.com\/wordpress\/plugins\/seo\/ -->\n<title>Heaters - Ak\u016brats<\/title>\n<meta name=\"robots\" content=\"index, follow, max-snippet:-1, max-image-preview:large, max-video-preview:-1\" \/>\n<link rel=\"canonical\" href=\"https:\/\/akurats.com\/et\/varustus\/soojendid\/\" \/>\n<meta name=\"twitter:label1\" content=\"Est. reading time\" \/>\n\t<meta name=\"twitter:data1\" content=\"1 minute\" \/>\n<script type=\"application\/ld+json\" class=\"yoast-schema-graph\">{\"@context\":\"https:\/\/schema.org\",\"@graph\":[{\"@type\":\"WebPage\",\"@id\":\"https:\/\/akurats.com\/et\/varustus\/soojendid\/\",\"url\":\"https:\/\/akurats.com\/et\/varustus\/soojendid\/\",\"name\":\"Heaters - Ak\u016brats\",\"isPartOf\":{\"@id\":\"https:\/\/akurats.com\/en\/#website\"},\"datePublished\":\"2015-10-15T06:44:34+00:00\",\"dateModified\":\"2018-05-23T13:24:56+00:00\",\"breadcrumb\":{\"@id\":\"https:\/\/akurats.com\/et\/varustus\/soojendid\/#breadcrumb\"},\"inLanguage\":\"et\",\"potentialAction\":[{\"@type\":\"ReadAction\",\"target\":[\"https:\/\/akurats.com\/et\/varustus\/soojendid\/\"]}]},{\"@type\":\"BreadcrumbList\",\"@id\":\"https:\/\/akurats.com\/et\/varustus\/soojendid\/#breadcrumb\",\"itemListElement\":[{\"@type\":\"ListItem\",\"position\":1,\"name\":\"Home\",\"item\":\"https:\/\/akurats.com\/et\/\"},{\"@type\":\"ListItem\",\"position\":2,\"name\":\"Varustus\",\"item\":\"https:\/\/akurats.com\/et\/varustus\/\"},{\"@type\":\"ListItem\",\"position\":3,\"name\":\"Heaters\"}]},{\"@type\":\"WebSite\",\"@id\":\"https:\/\/akurats.com\/en\/#website\",\"url\":\"https:\/\/akurats.com\/en\/\",\"name\":\"Akur\u0101ts\",\"description\":\"\u00fcrituste varustuse teenus\",\"publisher\":{\"@id\":\"https:\/\/akurats.com\/en\/#organization\"},\"alternateName\":\"Event equipment service\",\"potentialAction\":[{\"@type\":\"SearchAction\",\"target\":{\"@type\":\"EntryPoint\",\"urlTemplate\":\"https:\/\/akurats.com\/en\/?s={search_term_string}\"},\"query-input\":\"required name=search_term_string\"}],\"inLanguage\":\"et\"},{\"@type\":\"Organization\",\"@id\":\"https:\/\/akurats.com\/en\/#organization\",\"name\":\"Akur\u0101ts\",\"alternateName\":\"Event equipment service\",\"url\":\"https:\/\/akurats.com\/en\/\",\"logo\":{\"@type\":\"ImageObject\",\"inLanguage\":\"et\",\"@id\":\"https:\/\/akurats.com\/en\/#\/schema\/logo\/image\/\",\"url\":\"https:\/\/akurats.com\/wp-content\/uploads\/2015\/06\/A_logo.png\",\"contentUrl\":\"https:\/\/akurats.com\/wp-content\/uploads\/2015\/06\/A_logo.png\",\"width\":77,\"height\":70,\"caption\":\"Akur\u0101ts\"},\"image\":{\"@id\":\"https:\/\/akurats.com\/en\/#\/schema\/logo\/image\/\"},\"sameAs\":[\"https:\/\/www.facebook.com\/AkuratsSIA\"]}]}<\/script>\n<!-- \/ Yoast SEO plugin. -->","yoast_head_json":{"title":"Heaters - Ak\u016brats","robots":{"index":"index","follow":"follow","max-snippet":"max-snippet:-1","max-image-preview":"max-image-preview:large","max-video-preview":"max-video-preview:-1"},"canonical":"https:\/\/akurats.com\/et\/varustus\/soojendid\/","twitter_misc":{"Est. reading time":"1 minute"},"schema":{"@context":"https:\/\/schema.org","@graph":[{"@type":"WebPage","@id":"https:\/\/akurats.com\/et\/varustus\/soojendid\/","url":"https:\/\/akurats.com\/et\/varustus\/soojendid\/","name":"Heaters - Ak\u016brats","isPartOf":{"@id":"https:\/\/akurats.com\/en\/#website"},"datePublished":"2015-10-15T06:44:34+00:00","dateModified":"2018-05-23T13:24:56+00:00","breadcrumb":{"@id":"https:\/\/akurats.com\/et\/varustus\/soojendid\/#breadcrumb"},"inLanguage":"et","potentialAction":[{"@type":"ReadAction","target":["https:\/\/akurats.com\/et\/varustus\/soojendid\/"]}]},{"@type":"BreadcrumbList","@id":"https:\/\/akurats.com\/et\/varustus\/soojendid\/#breadcrumb","itemListElement":[{"@type":"ListItem","position":1,"name":"Home","item":"https:\/\/akurats.com\/et\/"},{"@type":"ListItem","position":2,"name":"Varustus","item":"https:\/\/akurats.com\/et\/varustus\/"},{"@type":"ListItem","position":3,"name":"Heaters"}]},{"@type":"WebSite","@id":"https:\/\/akurats.com\/en\/#website","url":"https:\/\/akurats.com\/en\/","name":"Akur\u0101ts","description":"\u00fcrituste varustuse teenus","publisher":{"@id":"https:\/\/akurats.com\/en\/#organization"},"alternateName":"Event equipment service","potentialAction":[{"@type":"SearchAction","target":{"@type":"EntryPoint","urlTemplate":"https:\/\/akurats.com\/en\/?s={search_term_string}"},"query-input":"required name=search_term_string"}],"inLanguage":"et"},{"@type":"Organization","@id":"https:\/\/akurats.com\/en\/#organization","name":"Akur\u0101ts","alternateName":"Event equipment service","url":"https:\/\/akurats.com\/en\/","logo":{"@type":"ImageObject","inLanguage":"et","@id":"https:\/\/akurats.com\/en\/#\/schema\/logo\/image\/","url":"https:\/\/akurats.com\/wp-content\/uploads\/2015\/06\/A_logo.png","contentUrl":"https:\/\/akurats.com\/wp-content\/uploads\/2015\/06\/A_logo.png","width":77,"height":70,"caption":"Akur\u0101ts"},"image":{"@id":"https:\/\/akurats.com\/en\/#\/schema\/logo\/image\/"},"sameAs":["https:\/\/www.facebook.com\/AkuratsSIA"]}]}},"_links":{"self":[{"href":"https:\/\/akurats.com\/et\/wp-json\/wp\/v2\/pages\/2303"}],"collection":[{"href":"https:\/\/akurats.com\/et\/wp-json\/wp\/v2\/pages"}],"about":[{"href":"https:\/\/akurats.com\/et\/wp-json\/wp\/v2\/types\/page"}],"author":[{"embeddable":true,"href":"https:\/\/akurats.com\/et\/wp-json\/wp\/v2\/users\/1"}],"replies":[{"embeddable":true,"href":"https:\/\/akurats.com\/et\/wp-json\/wp\/v2\/comments?post=2303"}],"version-history":[{"count":2,"href":"https:\/\/akurats.com\/et\/wp-json\/wp\/v2\/pages\/2303\/revisions"}],"predecessor-version":[{"id":3456,"href":"https:\/\/akurats.com\/et\/wp-json\/wp\/v2\/pages\/2303\/revisions\/3456"}],"up":[{"embeddable":true,"href":"https:\/\/akurats.com\/et\/wp-json\/wp\/v2\/pages\/2157"}],"wp:featuredmedia":[{"embeddable":true,"href":"https:\/\/akurats.com\/et\/wp-json\/wp\/v2\/media\/1356"}],"wp:attachment":[{"href":"https:\/\/akurats.com\/et\/wp-json\/wp\/v2\/media?parent=2303"}],"curies":[{"name":"wp","href":"https:\/\/api.w.org\/{rel}","templated":true}]}}