{"id":2148,"date":"2015-10-13T07:10:43","date_gmt":"2015-10-13T07:10:43","guid":{"rendered":"https:\/\/akurats.com\/et\/?page_id=2148"},"modified":"2015-10-13T07:10:43","modified_gmt":"2015-10-13T07:10:43","slug":"montaaz","status":"publish","type":"page","link":"https:\/\/akurats.com\/et\/meist\/montaaz\/","title":{"rendered":"Montaa\u017e"},"content":{"rendered":"<p>\u201cAkur\u0101ts\u201d O\u00dc montaa\u017eibrigaad transpordib Teie poolt tellitud telgi \u00fcksk\u00f5ik millisesse L\u00e4ti linna, valda v\u00f5i k\u00fclla, paneb telgi p\u00fcsti ja v\u00f5tab p\u00e4rast \u00fcrituse l\u00f5ppu maha. Akur\u0101ts O\u00dc pakub telkide paigaldamise teostamist ka Leedu ja Eesti territooriumil.<\/p>\n<p>Erandiks on telk T\u00c4HT ja 3m x 3m telk\u2013 nende telkide montaa\u017ei ja demontaa\u017ei teostab tellija ise. Nimetatud telke tellijale ei tarnita ning klient peab neile ise j\u00e4rgi tulema \u2013 \u201cAkur\u0101ts\u201d O\u00dc lattu Riias, Jaunmilgravis, Aplokciema 2, t\u00f6\u00f6p\u00e4eviti kella 8:00 -17:00.<\/p>\n<p>\u00dcrituse kavandamisel ja telgi paigaldamisel tuleb eelnevalt kokku leppida Teie \u00fcrituse t\u00e4pse toimumisaja-ja koha suhtes, soovitava telkide montaa\u017ei-ja demontaa\u017eiaja suhtes. Peale selle peab klient arvestama j\u00e4rgmiste, telgi paigaldamiseks esitatavate, n\u00f5uetega:<\/p>\n<ol>\n<li>Juurdep\u00e4\u00e4sutee olemasolu ning vastavus tellitud telgi kohaletoimetamiseks ette n\u00e4htud kohta;<\/li>\n<li>Telgi paigalduskoha kaugus Riiast;<\/li>\n<li>Telgi montaa\u017ei-ja demontaa\u017eiaeg;<\/li>\n<li>Paigalduskoha vastavus telgi m\u00f5\u00f5tmetele.<\/li>\n<\/ol>\n<p><strong>Juurdep\u00e4\u00e4sutee olemasolu ja vastavus<\/strong><br \/>\nKui te hakkate oma \u00fcritust ja telgi paigalduskohta planeerima, siis kontrollige eelnevalt, et Teie poolt kavandatud kohta oleks v\u00f5imalik autoga, veoautobussiga v\u00f5i veoautoga (s\u00f5ltuvalt tarnitava telgi suurusest) ligi p\u00e4\u00e4seda. S\u00f5idutee olemasolu on kohustuslik, et \u201cAkur\u0101ts\u201d O\u00dc montaa\u017eibrigaad v\u00f5iks teostada telgi \u00fclespanemisega seotud t\u00f6id. Kui te kahtelete s\u00f5idutee l\u00e4bitavuse suhtes, siis s\u00f5idab \u201cAkur\u0101ts\u201d brigaad telgi \u00fclespanemiseks ette n\u00e4htud kohale, hindab seda ning annab asjasse puutuvat n\u00f5u.<\/p>\n<p align=\"left\">5m x 5m, 10m x 20m,10m x 50m, 10m x 60m,12m x 50m telkide tarnimine toimub 3,5t kandej\u00f5uga veoautobussiga. 20m x 75m, 20m x 25m telkide tarnimine toimub 12t kandej\u00f5uga veoautoga. Seep\u00e4rast peab juurdep\u00e4\u00e4sutee kate olema piisavalt vastupidav, et veoauto saaks telgi paigalduskohale ilma probleemideta kohale s\u00f5ita.<\/p>\n<p><strong>Telgi paigalduskoha kaugus Riia linnast<\/strong><br \/>\nTelgi paigalduskoha kaugus Riiast on t\u00e4htis seep\u00e4rast, et oleks v\u00f5imalik v\u00e4lja arvestada telgi kohaletoimetamiseks vajalikku aega, kui ka muid transportimisega kaasnevaid lkulusid.<\/p>\n<p>Telgi tarnimisel kulub 100km l\u00e4bimiseks keskmiselt 1,5 tundi.<\/p>\n<p><strong>Telgi montaa\u017ei-ja demontaa\u017eiaeg<\/strong><\/p>\n<p align=\"justify\">Kui te olete telgi tellinud, siis toob \u201cAkur\u0101ts\u201d O\u00dc montaa\u017eibrigaad selle kohale, paneb \u00fcles ning v\u00f5tab hiljem maha. Iga telgi \u00fclespanekuks kulub erinev aeg \u2013 v\u00e4ikese telgi (kuni 50m2) jaoks alates 40 minutist, suurte telkide jaoks kuni 8 tundi. Selleks, et Teie \u00fcritus kulgeks plaanip\u00e4raselt ja ilma viivitusteta, peate arvestama tellitud telgi ja lisavarustuse (lauad, p\u00f5randad, pingid, soojendid) paigaldamiseks vajaliku ajaga:<\/p>\n<table class=\"table\">\n<tbody>\n<tr class=\"active\">\n<td>\n<p align=\"center\"><strong>Telgid (suurused)<\/strong><\/p>\n<\/td>\n<td>\n<p align=\"center\"><strong>Montaa\u017eiks kuluv aeg (\u00fcks telk)<\/strong><\/p>\n<\/td>\n<\/tr>\n<tr>\n<td>\n<p align=\"center\">3X3<\/p>\n<\/td>\n<td>\n<p align=\"center\">Klients paigaldab ise<\/p>\n<\/td>\n<\/tr>\n<tr>\n<td>\n<p align=\"center\">T\u00c4HT<\/p>\n<\/td>\n<td align=\"center\">Klients paigaldab ise<\/td>\n<\/tr>\n<tr>\n<td>\n<p align=\"center\">5\u00d75<\/p>\n<\/td>\n<td>\n<p align=\"center\">40 min.<\/p>\n<\/td>\n<\/tr>\n<tr>\n<td>\n<p align=\"center\">10\u00d75, 10\u00d710<\/p>\n<\/td>\n<td>\n<p align=\"center\">3 tundi<\/p>\n<\/td>\n<\/tr>\n<tr>\n<td>\n<p align=\"center\">10\u00d715, 10\u00d720<\/p>\n<\/td>\n<td>\n<p align=\"center\">4 tundi<\/p>\n<\/td>\n<\/tr>\n<tr>\n<td>\n<p align=\"center\">10\u00d725,10\u00d730, 10\u00d735<\/p>\n<\/td>\n<td>\n<p align=\"center\">5 tundi<\/p>\n<\/td>\n<\/tr>\n<tr>\n<td>\n<p align=\"center\">10\u00d740, 10\u00d745<\/p>\n<\/td>\n<td>\n<p align=\"center\">6 tundi<\/p>\n<\/td>\n<\/tr>\n<tr>\n<td>\n<p align=\"center\">10\u00d750, 10\u00d755, 10\u00d760<\/p>\n<\/td>\n<td>\n<p align=\"center\">7 tundi<\/p>\n<\/td>\n<\/tr>\n<tr>\n<td>\n<p align=\"center\">12\u00d75, 12\u00d710, 12\u00d715, 12\u00d720<\/p>\n<\/td>\n<td>\n<p align=\"center\">3 tundi<\/p>\n<\/td>\n<\/tr>\n<tr>\n<td>\n<p align=\"center\">12\u00d725, 12\u00d730, 12\u00d735<\/p>\n<\/td>\n<td>\n<p align=\"center\">4 tundi<\/p>\n<\/td>\n<\/tr>\n<tr>\n<td>\n<p align=\"center\">12\u00d740, 12\u00d745, 12\u00d750<\/p>\n<\/td>\n<td>\n<p align=\"center\">6 tundi<\/p>\n<\/td>\n<\/tr>\n<tr>\n<td>\n<p align=\"center\">20\u00d75, 20\u00d710, 20\u00d715, 20\u00d720<\/p>\n<\/td>\n<td>\n<p align=\"center\">4 tundi<\/p>\n<\/td>\n<\/tr>\n<tr>\n<td>\n<p align=\"center\">20\u00d725, 20\u00d730, 20\u00d735, 20\u00d740, 20\u00d745, 20\u00d750, 20\u00d775<\/p>\n<\/td>\n<td>\n<p align=\"center\">8 tundi<\/p>\n<\/td>\n<\/tr>\n<tr class=\"active\">\n<td>\n<p align=\"center\"><strong>P\u00f5randad<\/strong><\/p>\n<\/td>\n<td>\n<p align=\"center\"><strong>Montaa\u017eiks kuluv aeg<\/strong><\/p>\n<\/td>\n<\/tr>\n<tr>\n<td>\n<p align=\"center\">Stabiilne puup\u00f5rand 1000m\u00b2<\/p>\n<\/td>\n<td>\n<p align=\"center\">8 tundi<\/p>\n<\/td>\n<\/tr>\n<tr>\n<td>\n<p align=\"center\">Mobiilne plastmassp\u00f5rand 1000m\u00b2<\/p>\n<\/td>\n<td>\n<p align=\"center\">8 tundi<\/p>\n<\/td>\n<\/tr>\n<tr class=\"active\">\n<td>\n<p align=\"center\"><strong>Lisavarustus<\/strong><\/p>\n<\/td>\n<td>\n<p align=\"center\"><strong>Montaa\u017eiks kuluv aeg<\/strong><\/p>\n<\/td>\n<\/tr>\n<tr>\n<td>\n<p align=\"center\">Soojendi 1tk.<\/p>\n<\/td>\n<td>\n<p align=\"center\">10 min.<\/p>\n<\/td>\n<\/tr>\n<tr>\n<td>\n<p align=\"center\">Laud, pink 1tk.<\/p>\n<\/td>\n<td>\n<p align=\"center\">10 min.<\/p>\n<\/td>\n<\/tr>\n<\/tbody>\n<\/table>\n<p>Oluline on ka telgi demontaa\u017eiks vajaminev aeg \u2013 et seda oleks v\u00f5imalik maha v\u00f5tta ette n\u00e4htud ajaks, vabastamaks \u00fcrituse korraldamiskohta. Seep\u00e4rast tuleb \u00fcrituse kavandamisel arvestada ka seda, et konkreetse telgi mahav\u00f5tmiseks kulub niisama palju aega, kui ka selle \u00fclespanemiseks.<\/p>\n<p align=\"justify\">Loomulikult v\u00f5ivad telgi montaa\u017eiaega m\u00f5jutada sellised asjaolud nagu ilmastikutingimused, telgi asukoht ja sellele ligip\u00e4\u00e4s, l\u00e4bip\u00e4\u00e4sulubade n\u00f5udmine, samuti sellised juhud, kui telgi asukohta pole korralikku s\u00f5iduteed v\u00f5i s\u00f5iduteel asuvad teised s\u00f5idukid. Taolisi asjaolusid peab tellija arvestama v\u00f5i need k\u00f5rvaldama.<\/p>\n<p><strong>Paigalduskoha vastavus telgi m\u00f5\u00f5tmetele<\/strong><\/p>\n<p>Enne telgi paigaldamist Teie poolt v\u00e4ljavalitud kohta veenduge, et seal oleks piisavalt ruumi tellitava telgi jaoks \u2013 s.t. oleks piisavalt pinda p\u00f5randaplatsi jaoks, samuti piisav k\u00f5rgus telgi katuseharja jaoks. Tuleb samuti kontrollida, et telgi \u00fclespanekut ei takistaks \u00fcmbritsevad hooned, puuoksad jmt. Allpool olevas tabelis on \u00e4ra toodud \u201cAkur\u0101ts\u201d O\u00dc telkide seinte laiused ja k\u00f5rgused, samuti telgi katuseharja k\u00f5rgused:<\/p>\n<table class=\"table\">\n<tbody>\n<tr class=\"active\">\n<td>\n<p align=\"center\"><strong>Telk<\/strong><\/p>\n<\/td>\n<td>\n<p align=\"center\"><strong>K\u00fclgede laius<\/strong><\/p>\n<\/td>\n<td>\n<p align=\"center\"><strong>K\u00fclgede k\u00f5rgus<\/strong><\/p>\n<\/td>\n<td>\n<p align=\"center\"><strong>Katuseharja k\u00f5rgus<\/strong><\/p>\n<\/td>\n<\/tr>\n<tr>\n<td>\n<p align=\"center\">3m x 3m<\/p>\n<\/td>\n<td>\n<p align=\"center\">3m<\/p>\n<\/td>\n<td>\n<p align=\"center\">2,4m<\/p>\n<\/td>\n<td>\n<p align=\"center\">3,2m<\/p>\n<\/td>\n<\/tr>\n<tr>\n<td>\n<p align=\"center\">5m x 5m<\/p>\n<\/td>\n<td>\n<p align=\"center\">5m<\/p>\n<\/td>\n<td>\n<p align=\"center\">2,3m<\/p>\n<\/td>\n<td>\n<p align=\"center\">3,5m<\/p>\n<\/td>\n<\/tr>\n<tr>\n<td>\n<p align=\"center\">5m x 5m koonusekujuline<\/p>\n<\/td>\n<td>\n<p align=\"center\">5m<\/p>\n<\/td>\n<td>\n<p align=\"center\">2,5m<\/p>\n<\/td>\n<td>\n<p align=\"center\">5m<\/p>\n<\/td>\n<\/tr>\n<tr>\n<td>\n<p align=\"center\">10m x 20m<\/p>\n<\/td>\n<td>\n<p align=\"center\">5m<\/p>\n<\/td>\n<td>\n<p align=\"center\">3m<\/p>\n<\/td>\n<td>\n<p align=\"center\">5m<\/p>\n<\/td>\n<\/tr>\n<tr>\n<td>\n<p align=\"center\">20m x 25m<\/p>\n<\/td>\n<td>\n<p align=\"center\">5m<\/p>\n<\/td>\n<td>\n<p align=\"center\">3m<\/p>\n<\/td>\n<td>\n<p align=\"center\">6m<\/p>\n<\/td>\n<\/tr>\n<tr>\n<td>\n<p align=\"center\">10m x 50m<\/p>\n<\/td>\n<td>\n<p align=\"center\">5m<\/p>\n<\/td>\n<td>\n<p align=\"center\">2,4m<\/p>\n<\/td>\n<td>\n<p align=\"center\">4m<\/p>\n<\/td>\n<\/tr>\n<tr>\n<td>\n<p align=\"center\">10m x 60m<\/p>\n<\/td>\n<td>\n<p align=\"center\">5m<\/p>\n<\/td>\n<td>\n<p align=\"center\">2,5m<\/p>\n<\/td>\n<td>\n<p align=\"center\">4,3m<\/p>\n<\/td>\n<\/tr>\n<tr>\n<td>\n<p align=\"center\">12m x 50m<\/p>\n<\/td>\n<td>\n<p align=\"center\">5m<\/p>\n<\/td>\n<td>\n<p align=\"center\">2,3m<\/p>\n<\/td>\n<td>\n<p align=\"center\">4,3m<\/p>\n<\/td>\n<\/tr>\n<tr>\n<td>\n<p align=\"center\">20m x 75m<\/p>\n<\/td>\n<td>\n<p align=\"center\">5m<\/p>\n<\/td>\n<td>\n<p align=\"center\">3m<\/p>\n<\/td>\n<td>\n<p align=\"center\">6m<\/p>\n<\/td>\n<\/tr>\n<tr>\n<td>\n<p align=\"center\">T\u00c4HT<\/p>\n<\/td>\n<td>\n<p align=\"center\">\u2013<\/p>\n<\/td>\n<td>\n<p align=\"center\">\u2013<\/p>\n<\/td>\n<td>\n<p align=\"center\">5,21m<\/p>\n<\/td>\n<\/tr>\n<\/tbody>\n<\/table>\n","protected":false},"excerpt":{"rendered":"<p>\u201cAkur\u0101ts\u201d O\u00dc montaa\u017eibrigaad transpordib Teie poolt tellitud telgi \u00fcksk\u00f5ik millisesse L\u00e4ti linna, valda v\u00f5i k\u00fclla, paneb telgi p\u00fcsti ja v\u00f5tab p\u00e4rast \u00fcrituse l\u00f5ppu maha. Akur\u0101ts O\u00dc pakub telkide paigaldamise teostamist ka Leedu ja Eesti territooriumil. Erandiks on telk T\u00c4HT ja 3m x 3m telk\u2013 nende telkide montaa\u017ei ja demontaa\u017ei teostab tellija ise. Nimetatud telke tellijale &hellip;<\/p>\n","protected":false},"author":1,"featured_media":0,"parent":1917,"menu_order":0,"comment_status":"closed","ping_status":"closed","template":"","meta":[],"acf":[],"yoast_head":"<!-- This site is optimized with the Yoast SEO plugin v19.9 - https:\/\/yoast.com\/wordpress\/plugins\/seo\/ -->\n<title>Montaa\u017e - Ak\u016brats<\/title>\n<meta name=\"robots\" content=\"index, follow, max-snippet:-1, max-image-preview:large, max-video-preview:-1\" \/>\n<link rel=\"canonical\" href=\"https:\/\/akurats.com\/et\/meist\/montaaz\/\" \/>\n<meta name=\"twitter:label1\" content=\"Est. reading time\" \/>\n\t<meta name=\"twitter:data1\" content=\"3 minutes\" \/>\n<script type=\"application\/ld+json\" class=\"yoast-schema-graph\">{\"@context\":\"https:\/\/schema.org\",\"@graph\":[{\"@type\":\"WebPage\",\"@id\":\"https:\/\/akurats.com\/et\/meist\/montaaz\/\",\"url\":\"https:\/\/akurats.com\/et\/meist\/montaaz\/\",\"name\":\"Montaa\u017e - Ak\u016brats\",\"isPartOf\":{\"@id\":\"https:\/\/akurats.com\/en\/#website\"},\"datePublished\":\"2015-10-13T07:10:43+00:00\",\"dateModified\":\"2015-10-13T07:10:43+00:00\",\"breadcrumb\":{\"@id\":\"https:\/\/akurats.com\/et\/meist\/montaaz\/#breadcrumb\"},\"inLanguage\":\"et\",\"potentialAction\":[{\"@type\":\"ReadAction\",\"target\":[\"https:\/\/akurats.com\/et\/meist\/montaaz\/\"]}]},{\"@type\":\"BreadcrumbList\",\"@id\":\"https:\/\/akurats.com\/et\/meist\/montaaz\/#breadcrumb\",\"itemListElement\":[{\"@type\":\"ListItem\",\"position\":1,\"name\":\"Home\",\"item\":\"https:\/\/akurats.com\/et\/\"},{\"@type\":\"ListItem\",\"position\":2,\"name\":\"Meist\",\"item\":\"https:\/\/akurats.com\/et\/meist\/\"},{\"@type\":\"ListItem\",\"position\":3,\"name\":\"Montaa\u017e\"}]},{\"@type\":\"WebSite\",\"@id\":\"https:\/\/akurats.com\/en\/#website\",\"url\":\"https:\/\/akurats.com\/en\/\",\"name\":\"Akur\u0101ts\",\"description\":\"\u00fcrituste varustuse teenus\",\"publisher\":{\"@id\":\"https:\/\/akurats.com\/en\/#organization\"},\"alternateName\":\"Event equipment service\",\"potentialAction\":[{\"@type\":\"SearchAction\",\"target\":{\"@type\":\"EntryPoint\",\"urlTemplate\":\"https:\/\/akurats.com\/en\/?s={search_term_string}\"},\"query-input\":\"required name=search_term_string\"}],\"inLanguage\":\"et\"},{\"@type\":\"Organization\",\"@id\":\"https:\/\/akurats.com\/en\/#organization\",\"name\":\"Akur\u0101ts\",\"alternateName\":\"Event equipment service\",\"url\":\"https:\/\/akurats.com\/en\/\",\"logo\":{\"@type\":\"ImageObject\",\"inLanguage\":\"et\",\"@id\":\"https:\/\/akurats.com\/en\/#\/schema\/logo\/image\/\",\"url\":\"https:\/\/akurats.com\/wp-content\/uploads\/2015\/06\/A_logo.png\",\"contentUrl\":\"https:\/\/akurats.com\/wp-content\/uploads\/2015\/06\/A_logo.png\",\"width\":77,\"height\":70,\"caption\":\"Akur\u0101ts\"},\"image\":{\"@id\":\"https:\/\/akurats.com\/en\/#\/schema\/logo\/image\/\"},\"sameAs\":[\"https:\/\/www.facebook.com\/AkuratsSIA\"]}]}<\/script>\n<!-- \/ Yoast SEO plugin. -->","yoast_head_json":{"title":"Montaa\u017e - Ak\u016brats","robots":{"index":"index","follow":"follow","max-snippet":"max-snippet:-1","max-image-preview":"max-image-preview:large","max-video-preview":"max-video-preview:-1"},"canonical":"https:\/\/akurats.com\/et\/meist\/montaaz\/","twitter_misc":{"Est. reading time":"3 minutes"},"schema":{"@context":"https:\/\/schema.org","@graph":[{"@type":"WebPage","@id":"https:\/\/akurats.com\/et\/meist\/montaaz\/","url":"https:\/\/akurats.com\/et\/meist\/montaaz\/","name":"Montaa\u017e - Ak\u016brats","isPartOf":{"@id":"https:\/\/akurats.com\/en\/#website"},"datePublished":"2015-10-13T07:10:43+00:00","dateModified":"2015-10-13T07:10:43+00:00","breadcrumb":{"@id":"https:\/\/akurats.com\/et\/meist\/montaaz\/#breadcrumb"},"inLanguage":"et","potentialAction":[{"@type":"ReadAction","target":["https:\/\/akurats.com\/et\/meist\/montaaz\/"]}]},{"@type":"BreadcrumbList","@id":"https:\/\/akurats.com\/et\/meist\/montaaz\/#breadcrumb","itemListElement":[{"@type":"ListItem","position":1,"name":"Home","item":"https:\/\/akurats.com\/et\/"},{"@type":"ListItem","position":2,"name":"Meist","item":"https:\/\/akurats.com\/et\/meist\/"},{"@type":"ListItem","position":3,"name":"Montaa\u017e"}]},{"@type":"WebSite","@id":"https:\/\/akurats.com\/en\/#website","url":"https:\/\/akurats.com\/en\/","name":"Akur\u0101ts","description":"\u00fcrituste varustuse teenus","publisher":{"@id":"https:\/\/akurats.com\/en\/#organization"},"alternateName":"Event equipment service","potentialAction":[{"@type":"SearchAction","target":{"@type":"EntryPoint","urlTemplate":"https:\/\/akurats.com\/en\/?s={search_term_string}"},"query-input":"required name=search_term_string"}],"inLanguage":"et"},{"@type":"Organization","@id":"https:\/\/akurats.com\/en\/#organization","name":"Akur\u0101ts","alternateName":"Event equipment service","url":"https:\/\/akurats.com\/en\/","logo":{"@type":"ImageObject","inLanguage":"et","@id":"https:\/\/akurats.com\/en\/#\/schema\/logo\/image\/","url":"https:\/\/akurats.com\/wp-content\/uploads\/2015\/06\/A_logo.png","contentUrl":"https:\/\/akurats.com\/wp-content\/uploads\/2015\/06\/A_logo.png","width":77,"height":70,"caption":"Akur\u0101ts"},"image":{"@id":"https:\/\/akurats.com\/en\/#\/schema\/logo\/image\/"},"sameAs":["https:\/\/www.facebook.com\/AkuratsSIA"]}]}},"_links":{"self":[{"href":"https:\/\/akurats.com\/et\/wp-json\/wp\/v2\/pages\/2148"}],"collection":[{"href":"https:\/\/akurats.com\/et\/wp-json\/wp\/v2\/pages"}],"about":[{"href":"https:\/\/akurats.com\/et\/wp-json\/wp\/v2\/types\/page"}],"author":[{"embeddable":true,"href":"https:\/\/akurats.com\/et\/wp-json\/wp\/v2\/users\/1"}],"replies":[{"embeddable":true,"href":"https:\/\/akurats.com\/et\/wp-json\/wp\/v2\/comments?post=2148"}],"version-history":[{"count":1,"href":"https:\/\/akurats.com\/et\/wp-json\/wp\/v2\/pages\/2148\/revisions"}],"predecessor-version":[{"id":2149,"href":"https:\/\/akurats.com\/et\/wp-json\/wp\/v2\/pages\/2148\/revisions\/2149"}],"up":[{"embeddable":true,"href":"https:\/\/akurats.com\/et\/wp-json\/wp\/v2\/pages\/1917"}],"wp:attachment":[{"href":"https:\/\/akurats.com\/et\/wp-json\/wp\/v2\/media?parent=2148"}],"curies":[{"name":"wp","href":"https:\/\/api.w.org\/{rel}","templated":true}]}}