{"id":2111,"date":"2015-10-13T06:17:38","date_gmt":"2015-10-13T06:17:38","guid":{"rendered":"https:\/\/akurats.com\/et\/?page_id=2111"},"modified":"2018-09-19T12:15:27","modified_gmt":"2018-09-19T12:15:27","slug":"plastmassporandad","status":"publish","type":"page","link":"https:\/\/akurats.com\/et\/porandad\/plastmassporandad\/","title":{"rendered":"Plastic floor"},"content":{"rendered":"<div id=\"pl-2111\"  class=\"panel-layout\" ><div id=\"pg-2111-0\"  class=\"panel-grid panel-no-style\" ><div id=\"pgc-2111-0-0\"  class=\"panel-grid-cell\" ><div id=\"panel-2111-0-0-0\" class=\"so-panel widget widget_black-studio-tinymce widget_black_studio_tinymce panel-first-child panel-last-child\" data-index=\"0\" ><div class=\"textwidget\"><p><a href=\"https:\/\/akurats.com\/wp-content\/uploads\/2018\/09\/zala-grida.jpg\"><img src=\"https:\/\/akurats.com\/wp-content\/uploads\/2018\/09\/zala-grida-300x200.jpg\" alt=\"plastmasas-gridas-1\" width=\"300\" height=\"200\" class=\"aligncenter size-thumbnail wp-image-1105\" \/><\/a><\/p>\n<\/div><\/div><\/div><div id=\"pgc-2111-0-1\"  class=\"panel-grid-cell\" ><div id=\"panel-2111-0-1-0\" class=\"so-panel widget widget_black-studio-tinymce widget_black_studio_tinymce panel-first-child panel-last-child\" data-index=\"1\" ><div class=\"textwidget\"><p><a href=\"https:\/\/akurats.com\/wp-content\/uploads\/2015\/07\/plastmasas-gridas-1.jpg\"><img src=\"https:\/\/akurats.com\/wp-content\/uploads\/2015\/07\/plastmasas-gridas-1-300x200.jpg\" alt=\"plastmasas-gridas-1\" width=\"300\" height=\"200\" class=\"aligncenter size-thumbnail wp-image-1105\" \/><\/a><\/p>\n<\/div><\/div><\/div><div id=\"pgc-2111-0-2\"  class=\"panel-grid-cell\" ><div id=\"panel-2111-0-2-0\" class=\"so-panel widget widget_black-studio-tinymce widget_black_studio_tinymce panel-first-child panel-last-child\" data-index=\"2\" ><div class=\"textwidget\"><p><a href=\"https:\/\/akurats.com\/wp-content\/uploads\/2015\/07\/plastmasas_gridas3_big.jpg\"><img src=\"https:\/\/akurats.com\/wp-content\/uploads\/2015\/07\/plastmasas_gridas3_big-300x200.jpg\" alt=\"plastmasas_gridas3_big\" width=\"300\" height=\"200\" class=\"aligncenter size-thumbnail wp-image-1100\" \/><\/a><\/p>\n<\/div><\/div><\/div><\/div><div id=\"pg-2111-1\"  class=\"panel-grid panel-no-style\" ><div id=\"pgc-2111-1-0\"  class=\"panel-grid-cell\" ><div id=\"panel-2111-1-0-0\" class=\"so-panel widget widget_black-studio-tinymce widget_black_studio_tinymce panel-first-child panel-last-child\" data-index=\"3\" ><div class=\"textwidget\"><p>Plastmassp\u00f5rand on muru katmiseks ette n\u00e4htud roheline lahtirullitav plastmassp\u00f5rand. Antud p\u00f5rand pole ette n\u00e4htud tantsimiseks, vaid n\u00e4itusteks, tooteesitlusteks v\u00f5i rahulikuks laua \u00e4\u00e4res istumiseks.<\/p>\n<table class=\"table\">\n<thead>\n<tr class=\"active\">\n<th colspan=\"2\"><center>Tehnilised n\u00e4itajad<\/center><\/th>\n<\/tr>\n<\/thead>\n<tbody>\n<tr>\n<td>P\u00f5randa laius<\/td>\n<td>1,2 m<\/td>\n<\/tr>\n<tr>\n<td>P\u00f5randa pikkus<\/td>\n<td>kuni 800m (rulli pikkus 10m)<\/td>\n<\/tr>\n<tr>\n<td>V\u00e4rv<\/td>\n<td>roheline<\/td>\n<\/tr>\n<tr>\n<td>Materjal<\/td>\n<td>PVC<\/td>\n<\/tr>\n<tr>\n<td>Maksimaalne laius<\/td>\n<td>1000 m2<\/td>\n<\/tr>\n<tr>\n<td colspan=\"2\">P\u00f5randat v\u00f5ib kasutada temperatuuril kuni -5\u02daC<\/td>\n<\/tr>\n<\/tbody>\n<\/table>\n<p><strong>Montaa\u017e:<\/strong><br \/>\nRoheline plastmassp\u00f5rand on ette n\u00e4htud muru peale paigutamiseks. P\u00f5randa v\u00f5ib maha panna neis kohtades, kuhu on v\u00f5imalik autoga ligi p\u00e4\u00e4seda. Selleks, et p\u00f5randa mahapanemist\u00f6id kvaliteetselt teostada, peab aluspind olema \u00fchetasane, s.t. reljeefi k\u00f5rguste vahe ei tohi olla suurem, kui 10 cm. Muru korral peab see olema niidetud kuni 5cm k\u00f5rguseni. Mobiilse plastmassip\u00f5randa paigaldamist v\u00f5ib teostada siis, kui \u00f5hutemperatuur ei ole madalam, kui -5\u02daC. P\u00f5randa kohaletoimetamist, montaa\u017ei\/demontaa\u017ei teostab Akur\u0101ts O\u00dc monteerijate brigaad. Montaa\u017ei kestvus \u2013 1000m\u00b2 paigaldatakse 8 tunniga.<\/p>\n<p><strong>Tarnimine:<\/strong><br \/>\nP\u00f5randa tarnimine Riia linna piires tasuta, v\u00e4ljas poole Riia linna 0,50LVL\/1km(hinnad sisaldavad k\u00e4ibemaksu). Tarne toimub 3,5t kandej\u00f5uga veoautobussiga.<\/p>\n<p><strong>Kasutustingimused:<\/strong><\/p>\n<ul>\n<li>Mobiilset plastmassp\u00f5randat ei tohi teisaldada<\/li>\n<li>P\u00f5randale ei tohi panna kuumi esemeid (n\u00e4iteks grilliaparaate)<\/li>\n<li>P\u00f5randakatet ei tohi mehhaaniliselt vigastada (plastmassp\u00f5rand pole ette n\u00e4htud tantsimiseks ega spordiharrastusteks)<\/li>\n<li>P\u00f5randa kahjustustest tuleb telefonisti teavitada Akur\u0101ts O\u00dc t\u00f6\u00f6tajaid \u2013 telefonil 26338888<\/li>\n<\/ul>\n<\/div><\/div><\/div><\/div><\/div>","protected":false},"excerpt":{"rendered":"<p>Plastmassp\u00f5rand on muru katmiseks ette n\u00e4htud roheline lahtirullitav plastmassp\u00f5rand. Antud p\u00f5rand pole ette n\u00e4htud tantsimiseks, vaid n\u00e4itusteks, tooteesitlusteks v\u00f5i rahulikuks laua \u00e4\u00e4res istumiseks. Tehnilised n\u00e4itajad P\u00f5randa laius 1,2 m P\u00f5randa pikkus kuni 800m (rulli pikkus 10m) V\u00e4rv roheline Materjal PVC Maksimaalne laius 1000 m2 P\u00f5randat v\u00f5ib kasutada temperatuuril kuni -5\u02daC Montaa\u017e: Roheline plastmassp\u00f5rand on ette &hellip;<\/p>\n","protected":false},"author":1,"featured_media":0,"parent":2131,"menu_order":0,"comment_status":"closed","ping_status":"closed","template":"","meta":[],"acf":[],"yoast_head":"<!-- This site is optimized with the Yoast SEO plugin v19.9 - https:\/\/yoast.com\/wordpress\/plugins\/seo\/ -->\n<title>Plastic floor - Ak\u016brats<\/title>\n<meta name=\"robots\" content=\"index, follow, max-snippet:-1, max-image-preview:large, max-video-preview:-1\" \/>\n<link rel=\"canonical\" href=\"https:\/\/akurats.com\/et\/porandad\/plastmassporandad\/\" \/>\n<meta name=\"twitter:label1\" content=\"Est. reading time\" \/>\n\t<meta name=\"twitter:data1\" content=\"1 minute\" \/>\n<script type=\"application\/ld+json\" class=\"yoast-schema-graph\">{\"@context\":\"https:\/\/schema.org\",\"@graph\":[{\"@type\":\"WebPage\",\"@id\":\"https:\/\/akurats.com\/et\/porandad\/plastmassporandad\/\",\"url\":\"https:\/\/akurats.com\/et\/porandad\/plastmassporandad\/\",\"name\":\"Plastic floor - Ak\u016brats\",\"isPartOf\":{\"@id\":\"https:\/\/akurats.com\/en\/#website\"},\"datePublished\":\"2015-10-13T06:17:38+00:00\",\"dateModified\":\"2018-09-19T12:15:27+00:00\",\"breadcrumb\":{\"@id\":\"https:\/\/akurats.com\/et\/porandad\/plastmassporandad\/#breadcrumb\"},\"inLanguage\":\"et\",\"potentialAction\":[{\"@type\":\"ReadAction\",\"target\":[\"https:\/\/akurats.com\/et\/porandad\/plastmassporandad\/\"]}]},{\"@type\":\"BreadcrumbList\",\"@id\":\"https:\/\/akurats.com\/et\/porandad\/plastmassporandad\/#breadcrumb\",\"itemListElement\":[{\"@type\":\"ListItem\",\"position\":1,\"name\":\"Home\",\"item\":\"https:\/\/akurats.com\/et\/\"},{\"@type\":\"ListItem\",\"position\":2,\"name\":\"P\u00f5randad\",\"item\":\"https:\/\/akurats.com\/et\/porandad\/\"},{\"@type\":\"ListItem\",\"position\":3,\"name\":\"Plastic floor\"}]},{\"@type\":\"WebSite\",\"@id\":\"https:\/\/akurats.com\/en\/#website\",\"url\":\"https:\/\/akurats.com\/en\/\",\"name\":\"Akur\u0101ts\",\"description\":\"\u00fcrituste varustuse teenus\",\"publisher\":{\"@id\":\"https:\/\/akurats.com\/en\/#organization\"},\"alternateName\":\"Event equipment service\",\"potentialAction\":[{\"@type\":\"SearchAction\",\"target\":{\"@type\":\"EntryPoint\",\"urlTemplate\":\"https:\/\/akurats.com\/en\/?s={search_term_string}\"},\"query-input\":\"required name=search_term_string\"}],\"inLanguage\":\"et\"},{\"@type\":\"Organization\",\"@id\":\"https:\/\/akurats.com\/en\/#organization\",\"name\":\"Akur\u0101ts\",\"alternateName\":\"Event equipment service\",\"url\":\"https:\/\/akurats.com\/en\/\",\"logo\":{\"@type\":\"ImageObject\",\"inLanguage\":\"et\",\"@id\":\"https:\/\/akurats.com\/en\/#\/schema\/logo\/image\/\",\"url\":\"https:\/\/akurats.com\/wp-content\/uploads\/2015\/06\/A_logo.png\",\"contentUrl\":\"https:\/\/akurats.com\/wp-content\/uploads\/2015\/06\/A_logo.png\",\"width\":77,\"height\":70,\"caption\":\"Akur\u0101ts\"},\"image\":{\"@id\":\"https:\/\/akurats.com\/en\/#\/schema\/logo\/image\/\"},\"sameAs\":[\"https:\/\/www.facebook.com\/AkuratsSIA\"]}]}<\/script>\n<!-- \/ Yoast SEO plugin. -->","yoast_head_json":{"title":"Plastic floor - Ak\u016brats","robots":{"index":"index","follow":"follow","max-snippet":"max-snippet:-1","max-image-preview":"max-image-preview:large","max-video-preview":"max-video-preview:-1"},"canonical":"https:\/\/akurats.com\/et\/porandad\/plastmassporandad\/","twitter_misc":{"Est. reading time":"1 minute"},"schema":{"@context":"https:\/\/schema.org","@graph":[{"@type":"WebPage","@id":"https:\/\/akurats.com\/et\/porandad\/plastmassporandad\/","url":"https:\/\/akurats.com\/et\/porandad\/plastmassporandad\/","name":"Plastic floor - Ak\u016brats","isPartOf":{"@id":"https:\/\/akurats.com\/en\/#website"},"datePublished":"2015-10-13T06:17:38+00:00","dateModified":"2018-09-19T12:15:27+00:00","breadcrumb":{"@id":"https:\/\/akurats.com\/et\/porandad\/plastmassporandad\/#breadcrumb"},"inLanguage":"et","potentialAction":[{"@type":"ReadAction","target":["https:\/\/akurats.com\/et\/porandad\/plastmassporandad\/"]}]},{"@type":"BreadcrumbList","@id":"https:\/\/akurats.com\/et\/porandad\/plastmassporandad\/#breadcrumb","itemListElement":[{"@type":"ListItem","position":1,"name":"Home","item":"https:\/\/akurats.com\/et\/"},{"@type":"ListItem","position":2,"name":"P\u00f5randad","item":"https:\/\/akurats.com\/et\/porandad\/"},{"@type":"ListItem","position":3,"name":"Plastic floor"}]},{"@type":"WebSite","@id":"https:\/\/akurats.com\/en\/#website","url":"https:\/\/akurats.com\/en\/","name":"Akur\u0101ts","description":"\u00fcrituste varustuse teenus","publisher":{"@id":"https:\/\/akurats.com\/en\/#organization"},"alternateName":"Event equipment service","potentialAction":[{"@type":"SearchAction","target":{"@type":"EntryPoint","urlTemplate":"https:\/\/akurats.com\/en\/?s={search_term_string}"},"query-input":"required name=search_term_string"}],"inLanguage":"et"},{"@type":"Organization","@id":"https:\/\/akurats.com\/en\/#organization","name":"Akur\u0101ts","alternateName":"Event equipment service","url":"https:\/\/akurats.com\/en\/","logo":{"@type":"ImageObject","inLanguage":"et","@id":"https:\/\/akurats.com\/en\/#\/schema\/logo\/image\/","url":"https:\/\/akurats.com\/wp-content\/uploads\/2015\/06\/A_logo.png","contentUrl":"https:\/\/akurats.com\/wp-content\/uploads\/2015\/06\/A_logo.png","width":77,"height":70,"caption":"Akur\u0101ts"},"image":{"@id":"https:\/\/akurats.com\/en\/#\/schema\/logo\/image\/"},"sameAs":["https:\/\/www.facebook.com\/AkuratsSIA"]}]}},"_links":{"self":[{"href":"https:\/\/akurats.com\/et\/wp-json\/wp\/v2\/pages\/2111"}],"collection":[{"href":"https:\/\/akurats.com\/et\/wp-json\/wp\/v2\/pages"}],"about":[{"href":"https:\/\/akurats.com\/et\/wp-json\/wp\/v2\/types\/page"}],"author":[{"embeddable":true,"href":"https:\/\/akurats.com\/et\/wp-json\/wp\/v2\/users\/1"}],"replies":[{"embeddable":true,"href":"https:\/\/akurats.com\/et\/wp-json\/wp\/v2\/comments?post=2111"}],"version-history":[{"count":3,"href":"https:\/\/akurats.com\/et\/wp-json\/wp\/v2\/pages\/2111\/revisions"}],"predecessor-version":[{"id":3722,"href":"https:\/\/akurats.com\/et\/wp-json\/wp\/v2\/pages\/2111\/revisions\/3722"}],"up":[{"embeddable":true,"href":"https:\/\/akurats.com\/et\/wp-json\/wp\/v2\/pages\/2131"}],"wp:attachment":[{"href":"https:\/\/akurats.com\/et\/wp-json\/wp\/v2\/media?parent=2111"}],"curies":[{"name":"wp","href":"https:\/\/api.w.org\/{rel}","templated":true}]}}