{"id":2094,"date":"2015-10-12T13:04:33","date_gmt":"2015-10-12T13:04:33","guid":{"rendered":"https:\/\/akurats.com\/?page_id=2094"},"modified":"2017-06-19T06:15:33","modified_gmt":"2017-06-19T06:15:33","slug":"10m-x-15m","status":"publish","type":"page","link":"https:\/\/akurats.com\/et\/telgid\/10m-x-15m\/","title":{"rendered":"10m x 15m"},"content":{"rendered":"<div id=\"pl-2094\"  class=\"panel-layout\" ><div id=\"pg-2094-0\"  class=\"panel-grid panel-no-style\" ><div id=\"pgc-2094-0-0\"  class=\"panel-grid-cell\" ><div id=\"panel-2094-0-0-0\" class=\"so-panel widget widget_black-studio-tinymce widget_black_studio_tinymce panel-first-child panel-last-child\" data-index=\"0\" ><div class=\"textwidget\"><p><a href=\"https:\/\/akurats.com\/wp-content\/uploads\/2015\/07\/telts10x15_1_big.jpg\"><img src=\"https:\/\/akurats.com\/wp-content\/uploads\/2015\/07\/telts10x15_1_big-300x200.jpg\" alt=\"telts10x15_1_big\" width=\"300\" height=\"200\" class=\"aligncenter size-thumbnail wp-image-820\" \/><\/a><\/p>\n<\/div><\/div><\/div><div id=\"pgc-2094-0-1\"  class=\"panel-grid-cell\" ><div id=\"panel-2094-0-1-0\" class=\"so-panel widget widget_black-studio-tinymce widget_black_studio_tinymce panel-first-child panel-last-child\" data-index=\"1\" ><div class=\"textwidget\"><p><a href=\"https:\/\/akurats.com\/wp-content\/uploads\/2015\/07\/telts10x15_2_big.jpg\"><img src=\"https:\/\/akurats.com\/wp-content\/uploads\/2015\/07\/telts10x15_2_big-300x200.jpg\" alt=\"telts10x15_2_big\" width=\"300\" height=\"200\" class=\"aligncenter size-thumbnail wp-image-825\" \/><\/a><\/p>\n<\/div><\/div><\/div><div id=\"pgc-2094-0-2\"  class=\"panel-grid-cell\" ><div id=\"panel-2094-0-2-0\" class=\"so-panel widget widget_black-studio-tinymce widget_black_studio_tinymce panel-first-child panel-last-child\" data-index=\"2\" ><div class=\"textwidget\"><p><a href=\"https:\/\/akurats.com\/wp-content\/uploads\/2015\/07\/telts10x15_3_big.jpg\"><img src=\"https:\/\/akurats.com\/wp-content\/uploads\/2015\/07\/telts10x15_3_big-300x200.jpg\" alt=\"telts10x15_3_big\" width=\"300\" height=\"200\" class=\"aligncenter size-thumbnail wp-image-830\" \/><\/a><\/p>\n<\/div><\/div><\/div><\/div><div id=\"pg-2094-1\"  class=\"panel-grid panel-no-style\" ><div id=\"pgc-2094-1-0\"  class=\"panel-grid-cell\" ><div id=\"panel-2094-1-0-0\" class=\"so-panel widget widget_black-studio-tinymce widget_black_studio_tinymce panel-first-child panel-last-child\" data-index=\"3\" ><div class=\"textwidget\"><table class=\"table\">\n<thead>\n<tr class=\"active\">\n<th colspan=\"2\"><center>Tehnilised n\u00e4itajad<\/center><\/th>\n<\/tr>\n<\/thead>\n<tbody>\n<tr>\n<td>Laius<\/td>\n<td>10m (telgi laius jaguneb kaheks 5m laiuseks osaks)<\/td>\n<\/tr>\n<tr>\n<td>Pikkus<\/td>\n<td>15m (telgi pikkus jaguneb neljaks 5m pikkuseks osaks)<\/td>\n<\/tr>\n<tr>\n<td>\u00c4\u00e4re k\u00f5rgus<\/td>\n<td>3 m<\/td>\n<\/tr>\n<tr>\n<td>Katuseharja k\u00f5rgus<\/td>\n<td>5 m<\/td>\n<\/tr>\n<tr>\n<td>\u00c4\u00e4re laius<\/td>\n<td>5 m<\/td>\n<\/tr>\n<tr>\n<td>Katte kangas<\/td>\n<td>PVC<\/td>\n<\/tr>\n<tr>\n<td>V\u00e4rv<\/td>\n<td>valge<\/td>\n<\/tr>\n<tr>\n<td>Raam<\/td>\n<td>anooditud alumiiniumraam<\/td>\n<\/tr>\n<tr>\n<td>Aknad<\/td>\n<td>telk on saadaval koos akendega<\/td>\n<\/tr>\n<\/tbody>\n<\/table>\n<\/div><\/div><\/div><\/div><\/div>","protected":false},"excerpt":{"rendered":"<p>Tehnilised n\u00e4itajad Laius 10m (telgi laius jaguneb kaheks 5m laiuseks osaks) Pikkus 15m (telgi pikkus jaguneb neljaks 5m pikkuseks osaks) \u00c4\u00e4re k\u00f5rgus 3 m Katuseharja k\u00f5rgus 5 m \u00c4\u00e4re laius 5 m Katte kangas PVC V\u00e4rv valge Raam anooditud alumiiniumraam Aknad telk on saadaval koos akendega<\/p>\n","protected":false},"author":1,"featured_media":2685,"parent":2004,"menu_order":0,"comment_status":"closed","ping_status":"closed","template":"","meta":[],"acf":[],"yoast_head":"<!-- This site is optimized with the Yoast SEO plugin v19.9 - https:\/\/yoast.com\/wordpress\/plugins\/seo\/ -->\n<title>10m x 15m telgid | Akurats<\/title>\n<meta name=\"robots\" content=\"index, follow, max-snippet:-1, max-image-preview:large, max-video-preview:-1\" \/>\n<link rel=\"canonical\" href=\"https:\/\/akurats.com\/et\/telgid\/10m-x-15m\/\" \/>\n<script type=\"application\/ld+json\" class=\"yoast-schema-graph\">{\"@context\":\"https:\/\/schema.org\",\"@graph\":[{\"@type\":\"WebPage\",\"@id\":\"https:\/\/akurats.com\/et\/telgid\/10m-x-15m\/\",\"url\":\"https:\/\/akurats.com\/et\/telgid\/10m-x-15m\/\",\"name\":\"10m x 15m telgid | Akurats\",\"isPartOf\":{\"@id\":\"https:\/\/akurats.com\/en\/#website\"},\"datePublished\":\"2015-10-12T13:04:33+00:00\",\"dateModified\":\"2017-06-19T06:15:33+00:00\",\"breadcrumb\":{\"@id\":\"https:\/\/akurats.com\/et\/telgid\/10m-x-15m\/#breadcrumb\"},\"inLanguage\":\"et\",\"potentialAction\":[{\"@type\":\"ReadAction\",\"target\":[\"https:\/\/akurats.com\/et\/telgid\/10m-x-15m\/\"]}]},{\"@type\":\"BreadcrumbList\",\"@id\":\"https:\/\/akurats.com\/et\/telgid\/10m-x-15m\/#breadcrumb\",\"itemListElement\":[{\"@type\":\"ListItem\",\"position\":1,\"name\":\"Home\",\"item\":\"https:\/\/akurats.com\/et\/\"},{\"@type\":\"ListItem\",\"position\":2,\"name\":\"Telgid\",\"item\":\"https:\/\/akurats.com\/et\/telgid\/\"},{\"@type\":\"ListItem\",\"position\":3,\"name\":\"10m x 15m\"}]},{\"@type\":\"WebSite\",\"@id\":\"https:\/\/akurats.com\/en\/#website\",\"url\":\"https:\/\/akurats.com\/en\/\",\"name\":\"Akur\u0101ts\",\"description\":\"\u00fcrituste varustuse teenus\",\"publisher\":{\"@id\":\"https:\/\/akurats.com\/en\/#organization\"},\"alternateName\":\"Event equipment service\",\"potentialAction\":[{\"@type\":\"SearchAction\",\"target\":{\"@type\":\"EntryPoint\",\"urlTemplate\":\"https:\/\/akurats.com\/en\/?s={search_term_string}\"},\"query-input\":\"required name=search_term_string\"}],\"inLanguage\":\"et\"},{\"@type\":\"Organization\",\"@id\":\"https:\/\/akurats.com\/en\/#organization\",\"name\":\"Akur\u0101ts\",\"alternateName\":\"Event equipment service\",\"url\":\"https:\/\/akurats.com\/en\/\",\"logo\":{\"@type\":\"ImageObject\",\"inLanguage\":\"et\",\"@id\":\"https:\/\/akurats.com\/en\/#\/schema\/logo\/image\/\",\"url\":\"https:\/\/akurats.com\/wp-content\/uploads\/2015\/06\/A_logo.png\",\"contentUrl\":\"https:\/\/akurats.com\/wp-content\/uploads\/2015\/06\/A_logo.png\",\"width\":77,\"height\":70,\"caption\":\"Akur\u0101ts\"},\"image\":{\"@id\":\"https:\/\/akurats.com\/en\/#\/schema\/logo\/image\/\"},\"sameAs\":[\"https:\/\/www.facebook.com\/AkuratsSIA\"]}]}<\/script>\n<!-- \/ Yoast SEO plugin. -->","yoast_head_json":{"title":"10m x 15m telgid | Akurats","robots":{"index":"index","follow":"follow","max-snippet":"max-snippet:-1","max-image-preview":"max-image-preview:large","max-video-preview":"max-video-preview:-1"},"canonical":"https:\/\/akurats.com\/et\/telgid\/10m-x-15m\/","schema":{"@context":"https:\/\/schema.org","@graph":[{"@type":"WebPage","@id":"https:\/\/akurats.com\/et\/telgid\/10m-x-15m\/","url":"https:\/\/akurats.com\/et\/telgid\/10m-x-15m\/","name":"10m x 15m telgid | Akurats","isPartOf":{"@id":"https:\/\/akurats.com\/en\/#website"},"datePublished":"2015-10-12T13:04:33+00:00","dateModified":"2017-06-19T06:15:33+00:00","breadcrumb":{"@id":"https:\/\/akurats.com\/et\/telgid\/10m-x-15m\/#breadcrumb"},"inLanguage":"et","potentialAction":[{"@type":"ReadAction","target":["https:\/\/akurats.com\/et\/telgid\/10m-x-15m\/"]}]},{"@type":"BreadcrumbList","@id":"https:\/\/akurats.com\/et\/telgid\/10m-x-15m\/#breadcrumb","itemListElement":[{"@type":"ListItem","position":1,"name":"Home","item":"https:\/\/akurats.com\/et\/"},{"@type":"ListItem","position":2,"name":"Telgid","item":"https:\/\/akurats.com\/et\/telgid\/"},{"@type":"ListItem","position":3,"name":"10m x 15m"}]},{"@type":"WebSite","@id":"https:\/\/akurats.com\/en\/#website","url":"https:\/\/akurats.com\/en\/","name":"Akur\u0101ts","description":"\u00fcrituste varustuse teenus","publisher":{"@id":"https:\/\/akurats.com\/en\/#organization"},"alternateName":"Event equipment service","potentialAction":[{"@type":"SearchAction","target":{"@type":"EntryPoint","urlTemplate":"https:\/\/akurats.com\/en\/?s={search_term_string}"},"query-input":"required name=search_term_string"}],"inLanguage":"et"},{"@type":"Organization","@id":"https:\/\/akurats.com\/en\/#organization","name":"Akur\u0101ts","alternateName":"Event equipment service","url":"https:\/\/akurats.com\/en\/","logo":{"@type":"ImageObject","inLanguage":"et","@id":"https:\/\/akurats.com\/en\/#\/schema\/logo\/image\/","url":"https:\/\/akurats.com\/wp-content\/uploads\/2015\/06\/A_logo.png","contentUrl":"https:\/\/akurats.com\/wp-content\/uploads\/2015\/06\/A_logo.png","width":77,"height":70,"caption":"Akur\u0101ts"},"image":{"@id":"https:\/\/akurats.com\/en\/#\/schema\/logo\/image\/"},"sameAs":["https:\/\/www.facebook.com\/AkuratsSIA"]}]}},"_links":{"self":[{"href":"https:\/\/akurats.com\/et\/wp-json\/wp\/v2\/pages\/2094"}],"collection":[{"href":"https:\/\/akurats.com\/et\/wp-json\/wp\/v2\/pages"}],"about":[{"href":"https:\/\/akurats.com\/et\/wp-json\/wp\/v2\/types\/page"}],"author":[{"embeddable":true,"href":"https:\/\/akurats.com\/et\/wp-json\/wp\/v2\/users\/1"}],"replies":[{"embeddable":true,"href":"https:\/\/akurats.com\/et\/wp-json\/wp\/v2\/comments?post=2094"}],"version-history":[{"count":2,"href":"https:\/\/akurats.com\/et\/wp-json\/wp\/v2\/pages\/2094\/revisions"}],"predecessor-version":[{"id":3000,"href":"https:\/\/akurats.com\/et\/wp-json\/wp\/v2\/pages\/2094\/revisions\/3000"}],"up":[{"embeddable":true,"href":"https:\/\/akurats.com\/et\/wp-json\/wp\/v2\/pages\/2004"}],"wp:featuredmedia":[{"embeddable":true,"href":"https:\/\/akurats.com\/et\/wp-json\/wp\/v2\/media\/2685"}],"wp:attachment":[{"href":"https:\/\/akurats.com\/et\/wp-json\/wp\/v2\/media?parent=2094"}],"curies":[{"name":"wp","href":"https:\/\/api.w.org\/{rel}","templated":true}]}}