{"id":2074,"date":"2015-10-12T12:39:31","date_gmt":"2015-10-12T12:39:31","guid":{"rendered":"https:\/\/akurats.com\/?page_id=2074"},"modified":"2017-06-19T06:13:57","modified_gmt":"2017-06-19T06:13:57","slug":"10m-x-50m","status":"publish","type":"page","link":"https:\/\/akurats.com\/et\/telgid\/10m-x-50m\/","title":{"rendered":"10m x 50m"},"content":{"rendered":"<div id=\"pl-2074\"  class=\"panel-layout\" ><div id=\"pg-2074-0\"  class=\"panel-grid panel-no-style\" ><div id=\"pgc-2074-0-0\"  class=\"panel-grid-cell\" ><div id=\"panel-2074-0-0-0\" class=\"so-panel widget widget_black-studio-tinymce widget_black_studio_tinymce panel-first-child panel-last-child\" data-index=\"0\" ><div class=\"textwidget\"><p><img class=\"aligncenter wp-image-861 size-full\" src=\"https:\/\/akurats.com\/wp-content\/uploads\/2015\/07\/telts10x50_foto2.jpg\" alt=\"telts10x50_foto2\" width=\"500\" height=\"233\" \/><\/p>\n<\/div><\/div><\/div><div id=\"pgc-2074-0-1\"  class=\"panel-grid-cell\" ><div id=\"panel-2074-0-1-0\" class=\"so-panel widget widget_black-studio-tinymce widget_black_studio_tinymce panel-first-child panel-last-child\" data-index=\"1\" ><div class=\"textwidget\"><p><img class=\"aligncenter wp-image-866 size-full\" src=\"https:\/\/akurats.com\/wp-content\/uploads\/2015\/07\/telts10x50_shema2.jpg\" alt=\"telts10x50_shema2\" width=\"400\" height=\"199\" \/><\/p>\n<\/div><\/div><\/div><\/div><div id=\"pg-2074-1\"  class=\"panel-grid panel-no-style\" ><div id=\"pgc-2074-1-0\"  class=\"panel-grid-cell\" ><div id=\"panel-2074-1-0-0\" class=\"so-panel widget widget_black-studio-tinymce widget_black_studio_tinymce panel-first-child panel-last-child\" data-index=\"2\" ><div class=\"textwidget\"><p>Igat taolist 500m\u00b2 suurust telk-lehtlat on v\u00f5imalik pikendada 5m v\u00f5rra, seep\u00e4rast v\u00f5ib telgi pindala sobitada Teie \u00fcrituse vajaduste jaoks ning eeldatavale osav\u00f5tjate arvule. Lisaks antud telgile on saadavad erinevat t\u00fc\u00fcpi seinad: klassikalised, aknaga ja eemaldatavad.<\/p>\n<table class=\"table\">\n<thead>\n<tr class=\"active\">\n<th colspan=\"2\"><center>Tehnilised n\u00e4itajad<\/center><\/th>\n<\/tr>\n<\/thead>\n<tbody>\n<tr>\n<td>Laius<\/td>\n<td>10m (telgi laius jaguneb kaheks 5m laiuseks osaks)<\/td>\n<\/tr>\n<tr>\n<td>Pikkus<\/td>\n<td>50m (telgi pikkus jaguneb k\u00fcmneks 5m pikkuseks osaks)<\/td>\n<\/tr>\n<tr>\n<td>\u00c4\u00e4re k\u00f5rgus<\/td>\n<td>2,4 m<\/td>\n<\/tr>\n<tr>\n<td>Katuseharja k\u00f5rgus<\/td>\n<td>4 m<\/td>\n<\/tr>\n<tr>\n<td>\u00c4\u00e4re laius<\/td>\n<td>5 m<\/td>\n<\/tr>\n<tr>\n<td>Katte kangas<\/td>\n<td>PVC<\/td>\n<\/tr>\n<tr>\n<td>V\u00e4rv<\/td>\n<td>valge<\/td>\n<\/tr>\n<tr>\n<td>Raam<\/td>\n<td>anooditud alumiiniumraam<\/td>\n<\/tr>\n<tr>\n<td>Aknad<\/td>\n<td>telk on saadaval koos akendega<\/td>\n<\/tr>\n<\/tbody>\n<\/table>\n<\/div><\/div><\/div><\/div><\/div>","protected":false},"excerpt":{"rendered":"<p>Igat taolist 500m\u00b2 suurust telk-lehtlat on v\u00f5imalik pikendada 5m v\u00f5rra, seep\u00e4rast v\u00f5ib telgi pindala sobitada Teie \u00fcrituse vajaduste jaoks ning eeldatavale osav\u00f5tjate arvule. Lisaks antud telgile on saadavad erinevat t\u00fc\u00fcpi seinad: klassikalised, aknaga ja eemaldatavad. Tehnilised n\u00e4itajad Laius 10m (telgi laius jaguneb kaheks 5m laiuseks osaks) Pikkus 50m (telgi pikkus jaguneb k\u00fcmneks 5m pikkuseks osaks) &hellip;<\/p>\n","protected":false},"author":1,"featured_media":1995,"parent":2004,"menu_order":0,"comment_status":"closed","ping_status":"closed","template":"","meta":[],"acf":[],"yoast_head":"<!-- This site is optimized with the Yoast SEO plugin v19.9 - https:\/\/yoast.com\/wordpress\/plugins\/seo\/ -->\n<title>10m x 50m telgid | Akurats<\/title>\n<meta name=\"robots\" content=\"index, follow, max-snippet:-1, max-image-preview:large, max-video-preview:-1\" \/>\n<link rel=\"canonical\" href=\"https:\/\/akurats.com\/et\/telgid\/10m-x-50m\/\" \/>\n<script type=\"application\/ld+json\" class=\"yoast-schema-graph\">{\"@context\":\"https:\/\/schema.org\",\"@graph\":[{\"@type\":\"WebPage\",\"@id\":\"https:\/\/akurats.com\/et\/telgid\/10m-x-50m\/\",\"url\":\"https:\/\/akurats.com\/et\/telgid\/10m-x-50m\/\",\"name\":\"10m x 50m telgid | Akurats\",\"isPartOf\":{\"@id\":\"https:\/\/akurats.com\/en\/#website\"},\"datePublished\":\"2015-10-12T12:39:31+00:00\",\"dateModified\":\"2017-06-19T06:13:57+00:00\",\"breadcrumb\":{\"@id\":\"https:\/\/akurats.com\/et\/telgid\/10m-x-50m\/#breadcrumb\"},\"inLanguage\":\"et\",\"potentialAction\":[{\"@type\":\"ReadAction\",\"target\":[\"https:\/\/akurats.com\/et\/telgid\/10m-x-50m\/\"]}]},{\"@type\":\"BreadcrumbList\",\"@id\":\"https:\/\/akurats.com\/et\/telgid\/10m-x-50m\/#breadcrumb\",\"itemListElement\":[{\"@type\":\"ListItem\",\"position\":1,\"name\":\"Home\",\"item\":\"https:\/\/akurats.com\/et\/\"},{\"@type\":\"ListItem\",\"position\":2,\"name\":\"Telgid\",\"item\":\"https:\/\/akurats.com\/et\/telgid\/\"},{\"@type\":\"ListItem\",\"position\":3,\"name\":\"10m x 50m\"}]},{\"@type\":\"WebSite\",\"@id\":\"https:\/\/akurats.com\/en\/#website\",\"url\":\"https:\/\/akurats.com\/en\/\",\"name\":\"Akur\u0101ts\",\"description\":\"\u00fcrituste varustuse teenus\",\"publisher\":{\"@id\":\"https:\/\/akurats.com\/en\/#organization\"},\"alternateName\":\"Event equipment service\",\"potentialAction\":[{\"@type\":\"SearchAction\",\"target\":{\"@type\":\"EntryPoint\",\"urlTemplate\":\"https:\/\/akurats.com\/en\/?s={search_term_string}\"},\"query-input\":\"required name=search_term_string\"}],\"inLanguage\":\"et\"},{\"@type\":\"Organization\",\"@id\":\"https:\/\/akurats.com\/en\/#organization\",\"name\":\"Akur\u0101ts\",\"alternateName\":\"Event equipment service\",\"url\":\"https:\/\/akurats.com\/en\/\",\"logo\":{\"@type\":\"ImageObject\",\"inLanguage\":\"et\",\"@id\":\"https:\/\/akurats.com\/en\/#\/schema\/logo\/image\/\",\"url\":\"https:\/\/akurats.com\/wp-content\/uploads\/2015\/06\/A_logo.png\",\"contentUrl\":\"https:\/\/akurats.com\/wp-content\/uploads\/2015\/06\/A_logo.png\",\"width\":77,\"height\":70,\"caption\":\"Akur\u0101ts\"},\"image\":{\"@id\":\"https:\/\/akurats.com\/en\/#\/schema\/logo\/image\/\"},\"sameAs\":[\"https:\/\/www.facebook.com\/AkuratsSIA\"]}]}<\/script>\n<!-- \/ Yoast SEO plugin. -->","yoast_head_json":{"title":"10m x 50m telgid | Akurats","robots":{"index":"index","follow":"follow","max-snippet":"max-snippet:-1","max-image-preview":"max-image-preview:large","max-video-preview":"max-video-preview:-1"},"canonical":"https:\/\/akurats.com\/et\/telgid\/10m-x-50m\/","schema":{"@context":"https:\/\/schema.org","@graph":[{"@type":"WebPage","@id":"https:\/\/akurats.com\/et\/telgid\/10m-x-50m\/","url":"https:\/\/akurats.com\/et\/telgid\/10m-x-50m\/","name":"10m x 50m telgid | Akurats","isPartOf":{"@id":"https:\/\/akurats.com\/en\/#website"},"datePublished":"2015-10-12T12:39:31+00:00","dateModified":"2017-06-19T06:13:57+00:00","breadcrumb":{"@id":"https:\/\/akurats.com\/et\/telgid\/10m-x-50m\/#breadcrumb"},"inLanguage":"et","potentialAction":[{"@type":"ReadAction","target":["https:\/\/akurats.com\/et\/telgid\/10m-x-50m\/"]}]},{"@type":"BreadcrumbList","@id":"https:\/\/akurats.com\/et\/telgid\/10m-x-50m\/#breadcrumb","itemListElement":[{"@type":"ListItem","position":1,"name":"Home","item":"https:\/\/akurats.com\/et\/"},{"@type":"ListItem","position":2,"name":"Telgid","item":"https:\/\/akurats.com\/et\/telgid\/"},{"@type":"ListItem","position":3,"name":"10m x 50m"}]},{"@type":"WebSite","@id":"https:\/\/akurats.com\/en\/#website","url":"https:\/\/akurats.com\/en\/","name":"Akur\u0101ts","description":"\u00fcrituste varustuse teenus","publisher":{"@id":"https:\/\/akurats.com\/en\/#organization"},"alternateName":"Event equipment service","potentialAction":[{"@type":"SearchAction","target":{"@type":"EntryPoint","urlTemplate":"https:\/\/akurats.com\/en\/?s={search_term_string}"},"query-input":"required name=search_term_string"}],"inLanguage":"et"},{"@type":"Organization","@id":"https:\/\/akurats.com\/en\/#organization","name":"Akur\u0101ts","alternateName":"Event equipment service","url":"https:\/\/akurats.com\/en\/","logo":{"@type":"ImageObject","inLanguage":"et","@id":"https:\/\/akurats.com\/en\/#\/schema\/logo\/image\/","url":"https:\/\/akurats.com\/wp-content\/uploads\/2015\/06\/A_logo.png","contentUrl":"https:\/\/akurats.com\/wp-content\/uploads\/2015\/06\/A_logo.png","width":77,"height":70,"caption":"Akur\u0101ts"},"image":{"@id":"https:\/\/akurats.com\/en\/#\/schema\/logo\/image\/"},"sameAs":["https:\/\/www.facebook.com\/AkuratsSIA"]}]}},"_links":{"self":[{"href":"https:\/\/akurats.com\/et\/wp-json\/wp\/v2\/pages\/2074"}],"collection":[{"href":"https:\/\/akurats.com\/et\/wp-json\/wp\/v2\/pages"}],"about":[{"href":"https:\/\/akurats.com\/et\/wp-json\/wp\/v2\/types\/page"}],"author":[{"embeddable":true,"href":"https:\/\/akurats.com\/et\/wp-json\/wp\/v2\/users\/1"}],"replies":[{"embeddable":true,"href":"https:\/\/akurats.com\/et\/wp-json\/wp\/v2\/comments?post=2074"}],"version-history":[{"count":2,"href":"https:\/\/akurats.com\/et\/wp-json\/wp\/v2\/pages\/2074\/revisions"}],"predecessor-version":[{"id":2997,"href":"https:\/\/akurats.com\/et\/wp-json\/wp\/v2\/pages\/2074\/revisions\/2997"}],"up":[{"embeddable":true,"href":"https:\/\/akurats.com\/et\/wp-json\/wp\/v2\/pages\/2004"}],"wp:featuredmedia":[{"embeddable":true,"href":"https:\/\/akurats.com\/et\/wp-json\/wp\/v2\/media\/1995"}],"wp:attachment":[{"href":"https:\/\/akurats.com\/et\/wp-json\/wp\/v2\/media?parent=2074"}],"curies":[{"name":"wp","href":"https:\/\/api.w.org\/{rel}","templated":true}]}}