{"id":2048,"date":"2015-10-12T11:45:45","date_gmt":"2015-10-12T11:45:45","guid":{"rendered":"https:\/\/akurats.com\/?page_id=2048"},"modified":"2017-06-19T06:16:39","modified_gmt":"2017-06-19T06:16:39","slug":"20m-x-75m","status":"publish","type":"page","link":"https:\/\/akurats.com\/et\/telgid\/20m-x-75m\/","title":{"rendered":"20m x 75m"},"content":{"rendered":"<div id=\"pl-2048\"  class=\"panel-layout\" ><div id=\"pg-2048-0\"  class=\"panel-grid panel-no-style\" ><div id=\"pgc-2048-0-0\"  class=\"panel-grid-cell\" ><div id=\"panel-2048-0-0-0\" class=\"so-panel widget widget_black-studio-tinymce widget_black_studio_tinymce panel-first-child panel-last-child\" data-index=\"0\" ><div class=\"textwidget\"><p><a href=\"https:\/\/akurats.com\/wp-content\/uploads\/2015\/07\/telts20x75_10_big.jpg\"><img src=\"https:\/\/akurats.com\/wp-content\/uploads\/2015\/07\/telts20x75_10_big-300x200.jpg\" alt=\"telts20x75_10_big\" width=\"300\" height=\"200\" class=\"aligncenter size-thumbnail wp-image-1006\" \/><\/a><\/p>\n<\/div><\/div><\/div><div id=\"pgc-2048-0-1\"  class=\"panel-grid-cell\" ><div id=\"panel-2048-0-1-0\" class=\"so-panel widget widget_black-studio-tinymce widget_black_studio_tinymce panel-first-child panel-last-child\" data-index=\"1\" ><div class=\"textwidget\"><p><a href=\"https:\/\/akurats.com\/wp-content\/uploads\/2015\/07\/telts20x75_7_big.jpg\"><img src=\"https:\/\/akurats.com\/wp-content\/uploads\/2015\/07\/telts20x75_7_big-300x200.jpg\" alt=\"telts20x75_7_big\" width=\"300\" height=\"200\" class=\"aligncenter size-thumbnail wp-image-1001\" \/><\/a><\/p>\n<\/div><\/div><\/div><div id=\"pgc-2048-0-2\"  class=\"panel-grid-cell\" ><div id=\"panel-2048-0-2-0\" class=\"so-panel widget widget_black-studio-tinymce widget_black_studio_tinymce panel-first-child panel-last-child\" data-index=\"2\" ><div class=\"textwidget\"><p><a href=\"https:\/\/akurats.com\/wp-content\/uploads\/2015\/07\/telts20x75_12_big.jpg\"><img src=\"https:\/\/akurats.com\/wp-content\/uploads\/2015\/07\/telts20x75_12_big-300x200.jpg\" alt=\"telts20x75_12_big\" width=\"300\" height=\"200\" class=\"aligncenter size-thumbnail wp-image-1011\" \/><\/a><\/p>\n<\/div><\/div><\/div><div id=\"pgc-2048-0-3\"  class=\"panel-grid-cell\" ><div id=\"panel-2048-0-3-0\" class=\"so-panel widget widget_black-studio-tinymce widget_black_studio_tinymce panel-first-child panel-last-child\" data-index=\"3\" ><div class=\"textwidget\"><p><a href=\"https:\/\/akurats.com\/wp-content\/uploads\/2015\/07\/telts20x75_14_big.jpg\"><img src=\"https:\/\/akurats.com\/wp-content\/uploads\/2015\/07\/telts20x75_14_big-300x200.jpg\" alt=\"telts20x75_14_big\" width=\"300\" height=\"200\" class=\"aligncenter size-thumbnail wp-image-1016\" \/><\/a><\/p>\n<\/div><\/div><\/div><\/div><div id=\"pg-2048-1\"  class=\"panel-grid panel-no-style\" ><div id=\"pgc-2048-1-0\"  class=\"panel-grid-cell\" ><div id=\"panel-2048-1-0-0\" class=\"so-panel widget widget_black-studio-tinymce widget_black_studio_tinymce panel-first-child panel-last-child\" data-index=\"4\" ><div class=\"textwidget\"><p><a href=\"https:\/\/akurats.com\/wp-content\/uploads\/2015\/07\/telts20x75_15_big.jpg\"><img src=\"https:\/\/akurats.com\/wp-content\/uploads\/2015\/07\/telts20x75_15_big-300x200.jpg\" alt=\"telts20x75_15_big\" width=\"300\" height=\"200\" class=\"aligncenter size-thumbnail wp-image-1021\" \/><\/a><\/p>\n<\/div><\/div><\/div><div id=\"pgc-2048-1-1\"  class=\"panel-grid-cell\" ><div id=\"panel-2048-1-1-0\" class=\"so-panel widget widget_black-studio-tinymce widget_black_studio_tinymce panel-first-child panel-last-child\" data-index=\"5\" ><div class=\"textwidget\"><p><a href=\"https:\/\/akurats.com\/wp-content\/uploads\/2015\/07\/telts20x75_19_big.jpg\"><img src=\"https:\/\/akurats.com\/wp-content\/uploads\/2015\/07\/telts20x75_19_big-300x200.jpg\" alt=\"telts20x75_19_big\" width=\"300\" height=\"200\" class=\"aligncenter size-thumbnail wp-image-1026\" \/><\/a><\/p>\n<\/div><\/div><\/div><div id=\"pgc-2048-1-2\"  class=\"panel-grid-cell\" ><div id=\"panel-2048-1-2-0\" class=\"so-panel widget widget_black-studio-tinymce widget_black_studio_tinymce panel-first-child panel-last-child\" data-index=\"6\" ><div class=\"textwidget\"><p><a href=\"https:\/\/akurats.com\/wp-content\/uploads\/2015\/07\/telts20x75_20_big.jpg\"><img src=\"https:\/\/akurats.com\/wp-content\/uploads\/2015\/07\/telts20x75_20_big-300x200.jpg\" alt=\"telts20x75_20_big\" width=\"300\" height=\"200\" class=\"aligncenter size-thumbnail wp-image-1031\" \/><\/a><\/p>\n<\/div><\/div><\/div><div id=\"pgc-2048-1-3\"  class=\"panel-grid-cell\" ><div id=\"panel-2048-1-3-0\" class=\"so-panel widget widget_black-studio-tinymce widget_black_studio_tinymce panel-first-child panel-last-child\" data-index=\"7\" ><div class=\"textwidget\"><p><a href=\"https:\/\/akurats.com\/wp-content\/uploads\/2015\/07\/telts20x75_23_big.jpg\"><img src=\"https:\/\/akurats.com\/wp-content\/uploads\/2015\/07\/telts20x75_23_big-300x200.jpg\" alt=\"telts20x75_23_big\" width=\"300\" height=\"200\" class=\"aligncenter size-thumbnail wp-image-1036\" \/><\/a><\/p>\n<\/div><\/div><\/div><\/div><div id=\"pg-2048-2\"  class=\"panel-grid panel-no-style\" ><div id=\"pgc-2048-2-0\"  class=\"panel-grid-cell\" ><div id=\"panel-2048-2-0-0\" class=\"so-panel widget widget_black-studio-tinymce widget_black_studio_tinymce panel-first-child panel-last-child\" data-index=\"8\" ><div class=\"textwidget\"><p>Igat taolist 1500m\u00b2 suurust telk-lehtlat on v\u00f5imalik pikendada 5m v\u00f5rra, seep\u00e4rast v\u00f5ib telgi pindala sobitada Teie \u00fcrituse vajaduste jaoks ning eeldatavale osav\u00f5tjate arvule. Lisaks antud telgile on saadavad erinevat t\u00fc\u00fcpi seinad: klassikalised, aknaga ja eemaldatavad.<\/p>\n<p>&nbsp;<\/p>\n<table class=\"table\">\n<thead>\n<tr class=\"active\">\n<th colspan=\"2\"><center>Tehnilised n\u00e4itajad<\/center><\/th>\n<\/tr>\n<\/thead>\n<tbody>\n<tr>\n<td>Laius<\/td>\n<td>20m (telgi laius jaguneb neljaks 5m laiuseks osaks)<\/td>\n<\/tr>\n<tr>\n<td>Pikkus<\/td>\n<td>75m (telgi pikkus jaguneb 5m pikkusteks osadeks)<\/td>\n<\/tr>\n<tr>\n<td>\u00c4\u00e4re k\u00f5rgus<\/td>\n<td>3 m<\/td>\n<\/tr>\n<tr>\n<td>Katuseharja k\u00f5rgus<\/td>\n<td>6 m<\/td>\n<\/tr>\n<tr>\n<td>\u00c4\u00e4re laius<\/td>\n<td>5 m<\/td>\n<\/tr>\n<tr>\n<td>Katte kangas<\/td>\n<td>PVC<\/td>\n<\/tr>\n<tr>\n<td>V\u00e4rv<\/td>\n<td>laius<\/td>\n<\/tr>\n<tr>\n<td>Raam<\/td>\n<td>anooditud alumiiniumraam<\/td>\n<\/tr>\n<tr>\n<td>Aknad<\/td>\n<td>telk on saadaval koos akendega<\/td>\n<\/tr>\n<\/tbody>\n<\/table>\n<\/div><\/div><\/div><\/div><\/div>","protected":false},"excerpt":{"rendered":"<p>Igat taolist 1500m\u00b2 suurust telk-lehtlat on v\u00f5imalik pikendada 5m v\u00f5rra, seep\u00e4rast v\u00f5ib telgi pindala sobitada Teie \u00fcrituse vajaduste jaoks ning eeldatavale osav\u00f5tjate arvule. Lisaks antud telgile on saadavad erinevat t\u00fc\u00fcpi seinad: klassikalised, aknaga ja eemaldatavad. &nbsp; Tehnilised n\u00e4itajad Laius 20m (telgi laius jaguneb neljaks 5m laiuseks osaks) Pikkus 75m (telgi pikkus jaguneb 5m pikkusteks osadeks) &hellip;<\/p>\n","protected":false},"author":1,"featured_media":1034,"parent":2004,"menu_order":0,"comment_status":"closed","ping_status":"closed","template":"","meta":[],"acf":[],"yoast_head":"<!-- This site is optimized with the Yoast SEO plugin v19.9 - https:\/\/yoast.com\/wordpress\/plugins\/seo\/ -->\n<title>20m x 75m telgid | Akurats<\/title>\n<meta name=\"robots\" content=\"index, follow, max-snippet:-1, max-image-preview:large, max-video-preview:-1\" \/>\n<link rel=\"canonical\" href=\"https:\/\/akurats.com\/et\/telgid\/20m-x-75m\/\" \/>\n<script type=\"application\/ld+json\" class=\"yoast-schema-graph\">{\"@context\":\"https:\/\/schema.org\",\"@graph\":[{\"@type\":\"WebPage\",\"@id\":\"https:\/\/akurats.com\/et\/telgid\/20m-x-75m\/\",\"url\":\"https:\/\/akurats.com\/et\/telgid\/20m-x-75m\/\",\"name\":\"20m x 75m telgid | Akurats\",\"isPartOf\":{\"@id\":\"https:\/\/akurats.com\/en\/#website\"},\"datePublished\":\"2015-10-12T11:45:45+00:00\",\"dateModified\":\"2017-06-19T06:16:39+00:00\",\"breadcrumb\":{\"@id\":\"https:\/\/akurats.com\/et\/telgid\/20m-x-75m\/#breadcrumb\"},\"inLanguage\":\"et\",\"potentialAction\":[{\"@type\":\"ReadAction\",\"target\":[\"https:\/\/akurats.com\/et\/telgid\/20m-x-75m\/\"]}]},{\"@type\":\"BreadcrumbList\",\"@id\":\"https:\/\/akurats.com\/et\/telgid\/20m-x-75m\/#breadcrumb\",\"itemListElement\":[{\"@type\":\"ListItem\",\"position\":1,\"name\":\"Home\",\"item\":\"https:\/\/akurats.com\/et\/\"},{\"@type\":\"ListItem\",\"position\":2,\"name\":\"Telgid\",\"item\":\"https:\/\/akurats.com\/et\/telgid\/\"},{\"@type\":\"ListItem\",\"position\":3,\"name\":\"20m x 75m\"}]},{\"@type\":\"WebSite\",\"@id\":\"https:\/\/akurats.com\/en\/#website\",\"url\":\"https:\/\/akurats.com\/en\/\",\"name\":\"Akur\u0101ts\",\"description\":\"\u00fcrituste varustuse teenus\",\"publisher\":{\"@id\":\"https:\/\/akurats.com\/en\/#organization\"},\"alternateName\":\"Event equipment service\",\"potentialAction\":[{\"@type\":\"SearchAction\",\"target\":{\"@type\":\"EntryPoint\",\"urlTemplate\":\"https:\/\/akurats.com\/en\/?s={search_term_string}\"},\"query-input\":\"required name=search_term_string\"}],\"inLanguage\":\"et\"},{\"@type\":\"Organization\",\"@id\":\"https:\/\/akurats.com\/en\/#organization\",\"name\":\"Akur\u0101ts\",\"alternateName\":\"Event equipment service\",\"url\":\"https:\/\/akurats.com\/en\/\",\"logo\":{\"@type\":\"ImageObject\",\"inLanguage\":\"et\",\"@id\":\"https:\/\/akurats.com\/en\/#\/schema\/logo\/image\/\",\"url\":\"https:\/\/akurats.com\/wp-content\/uploads\/2015\/06\/A_logo.png\",\"contentUrl\":\"https:\/\/akurats.com\/wp-content\/uploads\/2015\/06\/A_logo.png\",\"width\":77,\"height\":70,\"caption\":\"Akur\u0101ts\"},\"image\":{\"@id\":\"https:\/\/akurats.com\/en\/#\/schema\/logo\/image\/\"},\"sameAs\":[\"https:\/\/www.facebook.com\/AkuratsSIA\"]}]}<\/script>\n<!-- \/ Yoast SEO plugin. -->","yoast_head_json":{"title":"20m x 75m telgid | Akurats","robots":{"index":"index","follow":"follow","max-snippet":"max-snippet:-1","max-image-preview":"max-image-preview:large","max-video-preview":"max-video-preview:-1"},"canonical":"https:\/\/akurats.com\/et\/telgid\/20m-x-75m\/","schema":{"@context":"https:\/\/schema.org","@graph":[{"@type":"WebPage","@id":"https:\/\/akurats.com\/et\/telgid\/20m-x-75m\/","url":"https:\/\/akurats.com\/et\/telgid\/20m-x-75m\/","name":"20m x 75m telgid | Akurats","isPartOf":{"@id":"https:\/\/akurats.com\/en\/#website"},"datePublished":"2015-10-12T11:45:45+00:00","dateModified":"2017-06-19T06:16:39+00:00","breadcrumb":{"@id":"https:\/\/akurats.com\/et\/telgid\/20m-x-75m\/#breadcrumb"},"inLanguage":"et","potentialAction":[{"@type":"ReadAction","target":["https:\/\/akurats.com\/et\/telgid\/20m-x-75m\/"]}]},{"@type":"BreadcrumbList","@id":"https:\/\/akurats.com\/et\/telgid\/20m-x-75m\/#breadcrumb","itemListElement":[{"@type":"ListItem","position":1,"name":"Home","item":"https:\/\/akurats.com\/et\/"},{"@type":"ListItem","position":2,"name":"Telgid","item":"https:\/\/akurats.com\/et\/telgid\/"},{"@type":"ListItem","position":3,"name":"20m x 75m"}]},{"@type":"WebSite","@id":"https:\/\/akurats.com\/en\/#website","url":"https:\/\/akurats.com\/en\/","name":"Akur\u0101ts","description":"\u00fcrituste varustuse teenus","publisher":{"@id":"https:\/\/akurats.com\/en\/#organization"},"alternateName":"Event equipment service","potentialAction":[{"@type":"SearchAction","target":{"@type":"EntryPoint","urlTemplate":"https:\/\/akurats.com\/en\/?s={search_term_string}"},"query-input":"required name=search_term_string"}],"inLanguage":"et"},{"@type":"Organization","@id":"https:\/\/akurats.com\/en\/#organization","name":"Akur\u0101ts","alternateName":"Event equipment service","url":"https:\/\/akurats.com\/en\/","logo":{"@type":"ImageObject","inLanguage":"et","@id":"https:\/\/akurats.com\/en\/#\/schema\/logo\/image\/","url":"https:\/\/akurats.com\/wp-content\/uploads\/2015\/06\/A_logo.png","contentUrl":"https:\/\/akurats.com\/wp-content\/uploads\/2015\/06\/A_logo.png","width":77,"height":70,"caption":"Akur\u0101ts"},"image":{"@id":"https:\/\/akurats.com\/en\/#\/schema\/logo\/image\/"},"sameAs":["https:\/\/www.facebook.com\/AkuratsSIA"]}]}},"_links":{"self":[{"href":"https:\/\/akurats.com\/et\/wp-json\/wp\/v2\/pages\/2048"}],"collection":[{"href":"https:\/\/akurats.com\/et\/wp-json\/wp\/v2\/pages"}],"about":[{"href":"https:\/\/akurats.com\/et\/wp-json\/wp\/v2\/types\/page"}],"author":[{"embeddable":true,"href":"https:\/\/akurats.com\/et\/wp-json\/wp\/v2\/users\/1"}],"replies":[{"embeddable":true,"href":"https:\/\/akurats.com\/et\/wp-json\/wp\/v2\/comments?post=2048"}],"version-history":[{"count":2,"href":"https:\/\/akurats.com\/et\/wp-json\/wp\/v2\/pages\/2048\/revisions"}],"predecessor-version":[{"id":3002,"href":"https:\/\/akurats.com\/et\/wp-json\/wp\/v2\/pages\/2048\/revisions\/3002"}],"up":[{"embeddable":true,"href":"https:\/\/akurats.com\/et\/wp-json\/wp\/v2\/pages\/2004"}],"wp:featuredmedia":[{"embeddable":true,"href":"https:\/\/akurats.com\/et\/wp-json\/wp\/v2\/media\/1034"}],"wp:attachment":[{"href":"https:\/\/akurats.com\/et\/wp-json\/wp\/v2\/media?parent=2048"}],"curies":[{"name":"wp","href":"https:\/\/api.w.org\/{rel}","templated":true}]}}