{"id":2024,"date":"2015-10-12T11:09:15","date_gmt":"2015-10-12T11:09:15","guid":{"rendered":"https:\/\/akurats.com\/?page_id=2024"},"modified":"2018-09-10T06:28:08","modified_gmt":"2018-09-10T06:28:08","slug":"5m-x-5m","status":"publish","type":"page","link":"https:\/\/akurats.com\/et\/telgid\/5m-x-5m\/","title":{"rendered":"5m x 5m"},"content":{"rendered":"<div id=\"pl-2024\"  class=\"panel-layout\" ><div id=\"pg-2024-0\"  class=\"panel-grid panel-no-style\" ><div id=\"pgc-2024-0-0\"  class=\"panel-grid-cell\" ><div id=\"panel-2024-0-0-0\" class=\"so-panel widget widget_black-studio-tinymce widget_black_studio_tinymce panel-first-child panel-last-child\" data-index=\"0\" ><div class=\"textwidget\"><p><a href=\"https:\/\/akurats.com\/wp-content\/uploads\/2015\/07\/5x5m-klasika-1.jpg\"><img src=\"https:\/\/akurats.com\/wp-content\/uploads\/2015\/07\/5x5m-klasika-1-300x200.jpg\" alt=\"5x5m-klasika-1\" width=\"300\" height=\"200\" class=\"aligncenter size-thumbnail wp-image-2764\" \/><\/a><\/p>\n<\/div><\/div><\/div><div id=\"pgc-2024-0-1\"  class=\"panel-grid-cell\" ><div id=\"panel-2024-0-1-0\" class=\"so-panel widget widget_black-studio-tinymce widget_black_studio_tinymce panel-first-child panel-last-child\" data-index=\"1\" ><div class=\"textwidget\"><p><a href=\"https:\/\/akurats.com\/wp-content\/uploads\/2015\/07\/5x5m-klasika-2.jpg\"><img src=\"https:\/\/akurats.com\/wp-content\/uploads\/2015\/07\/5x5m-klasika-2-300x200.jpg\" alt=\"5x5m-klasika-2\" width=\"300\" height=\"200\" class=\"aligncenter size-thumbnail wp-image-2769\" \/><\/a><\/p>\n<\/div><\/div><\/div><div id=\"pgc-2024-0-2\"  class=\"panel-grid-cell\" ><div id=\"panel-2024-0-2-0\" class=\"so-panel widget widget_black-studio-tinymce widget_black_studio_tinymce panel-first-child panel-last-child\" data-index=\"2\" ><div class=\"textwidget\"><p><a href=\"https:\/\/akurats.com\/wp-content\/uploads\/2015\/07\/5x5m-klasika-3.jpg\"><img src=\"https:\/\/akurats.com\/wp-content\/uploads\/2015\/07\/5x5m-klasika-3-300x200.jpg\" alt=\"5x5m-klasika-3\" width=\"300\" height=\"200\" class=\"aligncenter size-thumbnail wp-image-2774\" \/><\/a><\/p>\n<\/div><\/div><\/div><div id=\"pgc-2024-0-3\"  class=\"panel-grid-cell\" ><div id=\"panel-2024-0-3-0\" class=\"so-panel widget widget_black-studio-tinymce widget_black_studio_tinymce panel-first-child panel-last-child\" data-index=\"3\" ><div class=\"textwidget\"><p><a href=\"https:\/\/akurats.com\/wp-content\/uploads\/2015\/07\/5x5m-klasika-4.jpg\"><img src=\"https:\/\/akurats.com\/wp-content\/uploads\/2015\/07\/5x5m-klasika-4-300x200.jpg\" alt=\"5x5m-klasika-4\" width=\"300\" height=\"200\" class=\"aligncenter size-thumbnail wp-image-2779\" \/><\/a><\/p>\n<\/div><\/div><\/div><\/div><div id=\"pg-2024-1\"  class=\"panel-grid panel-no-style\" ><div id=\"pgc-2024-1-0\"  class=\"panel-grid-cell\" ><div id=\"panel-2024-1-0-0\" class=\"so-panel widget widget_black-studio-tinymce widget_black_studio_tinymce panel-first-child panel-last-child\" data-index=\"4\" ><div class=\"textwidget\"><p><a href=\"https:\/\/akurats.com\/wp-content\/uploads\/2015\/07\/5x5m-klasika-5.jpg\"><img src=\"https:\/\/akurats.com\/wp-content\/uploads\/2015\/07\/5x5m-klasika-5-300x200.jpg\" alt=\"5x5m-klasika-5\" width=\"300\" height=\"200\" class=\"aligncenter size-thumbnail wp-image-2785\" \/><\/a><\/p>\n<\/div><\/div><\/div><div id=\"pgc-2024-1-1\"  class=\"panel-grid-cell\" ><div id=\"panel-2024-1-1-0\" class=\"so-panel widget widget_black-studio-tinymce widget_black_studio_tinymce panel-first-child panel-last-child\" data-index=\"5\" ><div class=\"textwidget\"><p><a href=\"https:\/\/akurats.com\/wp-content\/uploads\/2015\/07\/5x5m-klasika-6.jpg\"><img src=\"https:\/\/akurats.com\/wp-content\/uploads\/2015\/07\/5x5m-klasika-6-300x200.jpg\" alt=\"5x5m-klasika-6\" width=\"300\" height=\"200\" class=\"aligncenter size-thumbnail wp-image-2790\" \/><\/a><\/p>\n<\/div><\/div><\/div><div id=\"pgc-2024-1-2\"  class=\"panel-grid-cell\" ><div id=\"panel-2024-1-2-0\" class=\"so-panel widget widget_black-studio-tinymce widget_black_studio_tinymce panel-first-child panel-last-child\" data-index=\"6\" ><div class=\"textwidget\"><p><a href=\"https:\/\/akurats.com\/wp-content\/uploads\/2015\/07\/5x5m-klasika-7.jpg\"><img src=\"https:\/\/akurats.com\/wp-content\/uploads\/2015\/07\/5x5m-klasika-7-300x200.jpg\" alt=\"5x5m-klasika-7\" width=\"300\" height=\"200\" class=\"aligncenter size-thumbnail wp-image-2795\" \/><\/a><\/p>\n<\/div><\/div><\/div><div id=\"pgc-2024-1-3\"  class=\"panel-grid-cell\" ><div id=\"panel-2024-1-3-0\" class=\"so-panel widget widget_black-studio-tinymce widget_black_studio_tinymce panel-first-child panel-last-child\" data-index=\"7\" ><div class=\"textwidget\"><p><a href=\"https:\/\/akurats.com\/wp-content\/uploads\/2015\/07\/5x5m-klasika-8.jpg\"><img src=\"https:\/\/akurats.com\/wp-content\/uploads\/2015\/07\/5x5m-klasika-8-300x200.jpg\" alt=\"5x5m-klasika-8\" width=\"300\" height=\"200\" class=\"aligncenter size-thumbnail wp-image-2800\" \/><\/a><\/p>\n<\/div><\/div><\/div><\/div><div id=\"pg-2024-2\"  class=\"panel-grid panel-no-style\" ><div id=\"pgc-2024-2-0\"  class=\"panel-grid-cell\" ><div id=\"panel-2024-2-0-0\" class=\"so-panel widget widget_black-studio-tinymce widget_black_studio_tinymce panel-first-child panel-last-child\" data-index=\"8\" ><div class=\"textwidget\"><table class=\"table\">\n<thead>\n<tr class=\"active\">\n<th colspan=\"2\"><center>Tehnilised n\u00e4itajad<\/center><\/th>\n<\/tr>\n<\/thead>\n<tbody>\n<tr>\n<td>Laius<\/td>\n<td>5m<\/td>\n<\/tr>\n<tr>\n<td>Pikkus<\/td>\n<td>5m<\/td>\n<\/tr>\n<tr>\n<td>\u00c4\u00e4re k\u00f5rgus<\/td>\n<td>2,3 m<\/td>\n<\/tr>\n<tr>\n<td>Tipu k\u00f5rgus<\/td>\n<td>3,5 m<\/td>\n<\/tr>\n<tr>\n<td>\u00c4\u00e4re laius<\/td>\n<td>5 m<\/td>\n<\/tr>\n<tr>\n<td>Katte kangas<\/td>\n<td>PVC<\/td>\n<\/tr>\n<tr>\n<td>V\u00e4rv<\/td>\n<td>valge<\/td>\n<\/tr>\n<tr>\n<td>Raam<\/td>\n<td>anooditud alumiiniumraam<\/td>\n<\/tr>\n<\/tbody>\n<\/table>\n<\/div><\/div><\/div><\/div><\/div>","protected":false},"excerpt":{"rendered":"<p>Tehnilised n\u00e4itajad Laius 5m Pikkus 5m \u00c4\u00e4re k\u00f5rgus 2,3 m Tipu k\u00f5rgus 3,5 m \u00c4\u00e4re laius 5 m Katte kangas PVC V\u00e4rv valge Raam anooditud alumiiniumraam<\/p>\n","protected":false},"author":1,"featured_media":2793,"parent":2004,"menu_order":0,"comment_status":"closed","ping_status":"closed","template":"","meta":[],"acf":[],"yoast_head":"<!-- This site is optimized with the Yoast SEO plugin v19.9 - https:\/\/yoast.com\/wordpress\/plugins\/seo\/ -->\n<title>5m x 5m telgid | Akurats<\/title>\n<meta name=\"robots\" content=\"index, follow, max-snippet:-1, max-image-preview:large, max-video-preview:-1\" \/>\n<link rel=\"canonical\" href=\"https:\/\/akurats.com\/et\/telgid\/5m-x-5m\/\" \/>\n<script type=\"application\/ld+json\" class=\"yoast-schema-graph\">{\"@context\":\"https:\/\/schema.org\",\"@graph\":[{\"@type\":\"WebPage\",\"@id\":\"https:\/\/akurats.com\/et\/telgid\/5m-x-5m\/\",\"url\":\"https:\/\/akurats.com\/et\/telgid\/5m-x-5m\/\",\"name\":\"5m x 5m telgid | Akurats\",\"isPartOf\":{\"@id\":\"https:\/\/akurats.com\/en\/#website\"},\"datePublished\":\"2015-10-12T11:09:15+00:00\",\"dateModified\":\"2018-09-10T06:28:08+00:00\",\"breadcrumb\":{\"@id\":\"https:\/\/akurats.com\/et\/telgid\/5m-x-5m\/#breadcrumb\"},\"inLanguage\":\"et\",\"potentialAction\":[{\"@type\":\"ReadAction\",\"target\":[\"https:\/\/akurats.com\/et\/telgid\/5m-x-5m\/\"]}]},{\"@type\":\"BreadcrumbList\",\"@id\":\"https:\/\/akurats.com\/et\/telgid\/5m-x-5m\/#breadcrumb\",\"itemListElement\":[{\"@type\":\"ListItem\",\"position\":1,\"name\":\"Home\",\"item\":\"https:\/\/akurats.com\/et\/\"},{\"@type\":\"ListItem\",\"position\":2,\"name\":\"Telgid\",\"item\":\"https:\/\/akurats.com\/et\/telgid\/\"},{\"@type\":\"ListItem\",\"position\":3,\"name\":\"5m x 5m\"}]},{\"@type\":\"WebSite\",\"@id\":\"https:\/\/akurats.com\/en\/#website\",\"url\":\"https:\/\/akurats.com\/en\/\",\"name\":\"Akur\u0101ts\",\"description\":\"\u00fcrituste varustuse teenus\",\"publisher\":{\"@id\":\"https:\/\/akurats.com\/en\/#organization\"},\"alternateName\":\"Event equipment service\",\"potentialAction\":[{\"@type\":\"SearchAction\",\"target\":{\"@type\":\"EntryPoint\",\"urlTemplate\":\"https:\/\/akurats.com\/en\/?s={search_term_string}\"},\"query-input\":\"required name=search_term_string\"}],\"inLanguage\":\"et\"},{\"@type\":\"Organization\",\"@id\":\"https:\/\/akurats.com\/en\/#organization\",\"name\":\"Akur\u0101ts\",\"alternateName\":\"Event equipment service\",\"url\":\"https:\/\/akurats.com\/en\/\",\"logo\":{\"@type\":\"ImageObject\",\"inLanguage\":\"et\",\"@id\":\"https:\/\/akurats.com\/en\/#\/schema\/logo\/image\/\",\"url\":\"https:\/\/akurats.com\/wp-content\/uploads\/2015\/06\/A_logo.png\",\"contentUrl\":\"https:\/\/akurats.com\/wp-content\/uploads\/2015\/06\/A_logo.png\",\"width\":77,\"height\":70,\"caption\":\"Akur\u0101ts\"},\"image\":{\"@id\":\"https:\/\/akurats.com\/en\/#\/schema\/logo\/image\/\"},\"sameAs\":[\"https:\/\/www.facebook.com\/AkuratsSIA\"]}]}<\/script>\n<!-- \/ Yoast SEO plugin. -->","yoast_head_json":{"title":"5m x 5m telgid | Akurats","robots":{"index":"index","follow":"follow","max-snippet":"max-snippet:-1","max-image-preview":"max-image-preview:large","max-video-preview":"max-video-preview:-1"},"canonical":"https:\/\/akurats.com\/et\/telgid\/5m-x-5m\/","schema":{"@context":"https:\/\/schema.org","@graph":[{"@type":"WebPage","@id":"https:\/\/akurats.com\/et\/telgid\/5m-x-5m\/","url":"https:\/\/akurats.com\/et\/telgid\/5m-x-5m\/","name":"5m x 5m telgid | Akurats","isPartOf":{"@id":"https:\/\/akurats.com\/en\/#website"},"datePublished":"2015-10-12T11:09:15+00:00","dateModified":"2018-09-10T06:28:08+00:00","breadcrumb":{"@id":"https:\/\/akurats.com\/et\/telgid\/5m-x-5m\/#breadcrumb"},"inLanguage":"et","potentialAction":[{"@type":"ReadAction","target":["https:\/\/akurats.com\/et\/telgid\/5m-x-5m\/"]}]},{"@type":"BreadcrumbList","@id":"https:\/\/akurats.com\/et\/telgid\/5m-x-5m\/#breadcrumb","itemListElement":[{"@type":"ListItem","position":1,"name":"Home","item":"https:\/\/akurats.com\/et\/"},{"@type":"ListItem","position":2,"name":"Telgid","item":"https:\/\/akurats.com\/et\/telgid\/"},{"@type":"ListItem","position":3,"name":"5m x 5m"}]},{"@type":"WebSite","@id":"https:\/\/akurats.com\/en\/#website","url":"https:\/\/akurats.com\/en\/","name":"Akur\u0101ts","description":"\u00fcrituste varustuse teenus","publisher":{"@id":"https:\/\/akurats.com\/en\/#organization"},"alternateName":"Event equipment service","potentialAction":[{"@type":"SearchAction","target":{"@type":"EntryPoint","urlTemplate":"https:\/\/akurats.com\/en\/?s={search_term_string}"},"query-input":"required name=search_term_string"}],"inLanguage":"et"},{"@type":"Organization","@id":"https:\/\/akurats.com\/en\/#organization","name":"Akur\u0101ts","alternateName":"Event equipment service","url":"https:\/\/akurats.com\/en\/","logo":{"@type":"ImageObject","inLanguage":"et","@id":"https:\/\/akurats.com\/en\/#\/schema\/logo\/image\/","url":"https:\/\/akurats.com\/wp-content\/uploads\/2015\/06\/A_logo.png","contentUrl":"https:\/\/akurats.com\/wp-content\/uploads\/2015\/06\/A_logo.png","width":77,"height":70,"caption":"Akur\u0101ts"},"image":{"@id":"https:\/\/akurats.com\/en\/#\/schema\/logo\/image\/"},"sameAs":["https:\/\/www.facebook.com\/AkuratsSIA"]}]}},"_links":{"self":[{"href":"https:\/\/akurats.com\/et\/wp-json\/wp\/v2\/pages\/2024"}],"collection":[{"href":"https:\/\/akurats.com\/et\/wp-json\/wp\/v2\/pages"}],"about":[{"href":"https:\/\/akurats.com\/et\/wp-json\/wp\/v2\/types\/page"}],"author":[{"embeddable":true,"href":"https:\/\/akurats.com\/et\/wp-json\/wp\/v2\/users\/1"}],"replies":[{"embeddable":true,"href":"https:\/\/akurats.com\/et\/wp-json\/wp\/v2\/comments?post=2024"}],"version-history":[{"count":11,"href":"https:\/\/akurats.com\/et\/wp-json\/wp\/v2\/pages\/2024\/revisions"}],"predecessor-version":[{"id":3481,"href":"https:\/\/akurats.com\/et\/wp-json\/wp\/v2\/pages\/2024\/revisions\/3481"}],"up":[{"embeddable":true,"href":"https:\/\/akurats.com\/et\/wp-json\/wp\/v2\/pages\/2004"}],"wp:featuredmedia":[{"embeddable":true,"href":"https:\/\/akurats.com\/et\/wp-json\/wp\/v2\/media\/2793"}],"wp:attachment":[{"href":"https:\/\/akurats.com\/et\/wp-json\/wp\/v2\/media?parent=2024"}],"curies":[{"name":"wp","href":"https:\/\/api.w.org\/{rel}","templated":true}]}}